{"id":13685,"date":"2025-07-18T17:48:55","date_gmt":"2025-07-18T20:48:55","guid":{"rendered":"https:\/\/deputadotaveirajr.com.br\/index.php\/dois-suspeitos-morrem-em-confronto-com-a-policia-em-natal\/"},"modified":"2025-07-18T17:48:55","modified_gmt":"2025-07-18T20:48:55","slug":"dois-suspeitos-morrem-em-confronto-com-a-policia-em-natal","status":"publish","type":"page","link":"https:\/\/deputadotaveirajr.com.br\/index.php\/dois-suspeitos-morrem-em-confronto-com-a-policia-em-natal\/","title":{"rendered":"Dois suspeitos morrem em confronto com a pol\u00edcia em Natal"},"content":{"rendered":"<p><img decoding=\"async\" src=\"https:\/\/s2-g1.glbimg.com\/XVTmR_n6cX9FTnpaTSXK4pDg_ck=\/i.s3.glbimg.com\/v1\/AUTH_59edd422c0c84a879bd37670ae4f538a\/internal_photos\/bs\/2025\/A\/V\/NajhVgStAIC2QB1tvsPg\/caso-pm.png\" \/><br \/>     Helic\u00f3peto da Secretaria de Seguran\u00e7a deu apoio \u00e0 opera\u00e7\u00e3o em M\u00e3e Luiza<br \/>\nDois suspeitos de tr\u00e1fico de drogas morreram nesta quinta-feira (18) em um confronto com policiais militares no bairro M\u00e3e Luiza, na Zona Leste de Natal, segundo a corpora\u00e7\u00e3o.<br \/>\nNo in\u00edcio da tarde, o bairro foi cercado por equipes da PM, cena que foi registrada em v\u00eddeos por moradores da regi\u00e3o e do entorno (veja v\u00eddeo acima).<br \/>\n\ud83d\udcf3 Clique aqui para seguir o canal do g1 RN no WhatsApp<br \/>\nO helic\u00f3ptero da Secretaria de Seguran\u00e7a e Defesa Social (Sesed) tamb\u00e9m deu apoio \u00e0 opera\u00e7\u00e3o. Os homens mortos n\u00e3o haviam sido identificados pelas autoridades at\u00e9 a atualiza\u00e7\u00e3o mais recente desta reportagem.<br \/>\nSegundo a PM, o confronto come\u00e7ou quando policiais abordaram um grupo em uma escadaria do bairro.<br \/>\nA PM informou que dois suspeitos foram feridos e levados para o Hospital Monsenhor Walfredo Gurgel. Eles n\u00e3o resistiram aos ferimentos e morreram na unidade. Outros quatro suspeitos conseguiram fugir.<br \/>\nCom os suspeitos, os policiais apreenderam armas e muni\u00e7\u00f5es, al\u00e9m de drogas, balan\u00e7as e sacos pl\u00e1sticos que seriam usados para embalar os entorpecentes.<br \/>\nSegundo a PM, o local \u00e9 um ponto conhecido de venda de drogas. A corpora\u00e7\u00e3o informou que um dos mortos era foragido da Justi\u00e7a e que costumava postar fotos em redes sociais segurando armas de fogo.<br \/>\nOs corpos foram levados pelas equipes do Instituto T\u00e9cnico-Cient\u00edfico de Per\u00edcia (Itep) para passar pela necropsia como parte da investiga\u00e7\u00e3o do caso.<br \/>\nHelic\u00f3ptero da Sesed foi acionado; suspeitos baleados chegaram a ser levados para o Walfredo Gurgel, mas morreram<br \/>\nFoto 1: Redes sociais | Foto 2: Kleber Teixeira\/Inter TV Cabugi<br \/>\nV\u00eddeos mais assistidos do g1 RN<\/p>","protected":false},"excerpt":{"rendered":"<p>Helic\u00f3peto da Secretaria de Seguran\u00e7a deu apoio \u00e0 opera\u00e7\u00e3o em M\u00e3e Luiza Dois suspeitos de tr\u00e1fico de drogas morreram nesta quinta-feira (18) em um confronto com policiais militares no bairro &#8230;<\/p>\n","protected":false},"author":0,"featured_media":13686,"parent":0,"menu_order":0,"comment_status":"closed","ping_status":"closed","template":"","meta":{"footnotes":""},"class_list":["post-13685","page","type-page","status-publish","has-post-thumbnail","hentry"],"yoast_head":"<!-- This site is optimized with the Yoast SEO plugin v27.1.1 - https:\/\/yoast.com\/product\/yoast-seo-wordpress\/ -->\n<title>Dois suspeitos morrem em confronto com a pol\u00edcia em Natal - Taveira Jr<\/title>\n<meta name=\"robots\" content=\"index, follow, max-snippet:-1, max-image-preview:large, max-video-preview:-1\" \/>\n<link rel=\"canonical\" href=\"https:\/\/deputadotaveirajr.com.br\/index.php\/dois-suspeitos-morrem-em-confronto-com-a-policia-em-natal\/\" \/>\n<meta property=\"og:locale\" content=\"pt_BR\" \/>\n<meta property=\"og:type\" content=\"article\" \/>\n<meta property=\"og:title\" content=\"Dois suspeitos morrem em confronto com a pol\u00edcia em Natal - Taveira Jr\" \/>\n<meta property=\"og:description\" content=\"Helic\u00f3peto da Secretaria de Seguran\u00e7a deu apoio \u00e0 opera\u00e7\u00e3o em M\u00e3e Luiza Dois suspeitos de tr\u00e1fico de drogas morreram nesta quinta-feira (18) em um confronto com policiais militares no bairro ...\" \/>\n<meta property=\"og:url\" content=\"https:\/\/deputadotaveirajr.com.br\/index.php\/dois-suspeitos-morrem-em-confronto-com-a-policia-em-natal\/\" \/>\n<meta property=\"og:site_name\" content=\"Taveira Jr\" \/>\n<meta property=\"og:image\" content=\"https:\/\/s2-g1.glbimg.com\/XVTmR_n6cX9FTnpaTSXK4pDg_ck=\/i.s3.glbimg.com\/v1\/AUTH_59edd422c0c84a879bd37670ae4f538a\/internal_photos\/bs\/2025\/A\/V\/NajhVgStAIC2QB1tvsPg\/caso-pm.png\" \/>\n<meta name=\"twitter:card\" content=\"summary_large_image\" \/>\n<meta name=\"twitter:label1\" content=\"Est. tempo de leitura\" \/>\n\t<meta name=\"twitter:data1\" content=\"1 minuto\" \/>\n<script type=\"application\/ld+json\" class=\"yoast-schema-graph\">{\"@context\":\"https:\/\/schema.org\",\"@graph\":[{\"@type\":\"WebPage\",\"@id\":\"https:\/\/deputadotaveirajr.com.br\/index.php\/dois-suspeitos-morrem-em-confronto-com-a-policia-em-natal\/\",\"url\":\"https:\/\/deputadotaveirajr.com.br\/index.php\/dois-suspeitos-morrem-em-confronto-com-a-policia-em-natal\/\",\"name\":\"Dois suspeitos morrem em confronto com a pol\u00edcia em Natal - Taveira Jr\",\"isPartOf\":{\"@id\":\"https:\/\/deputadotaveirajr.com.br\/#website\"},\"primaryImageOfPage\":{\"@id\":\"https:\/\/deputadotaveirajr.com.br\/index.php\/dois-suspeitos-morrem-em-confronto-com-a-policia-em-natal\/#primaryimage\"},\"image\":{\"@id\":\"https:\/\/deputadotaveirajr.com.br\/index.php\/dois-suspeitos-morrem-em-confronto-com-a-policia-em-natal\/#primaryimage\"},\"thumbnailUrl\":\"https:\/\/deputadotaveirajr.com.br\/wp-content\/uploads\/2025\/07\/caso-pm-Dz5rQZ.jpg\",\"datePublished\":\"2025-07-18T20:48:55+00:00\",\"breadcrumb\":{\"@id\":\"https:\/\/deputadotaveirajr.com.br\/index.php\/dois-suspeitos-morrem-em-confronto-com-a-policia-em-natal\/#breadcrumb\"},\"inLanguage\":\"pt-BR\",\"potentialAction\":[{\"@type\":\"ReadAction\",\"target\":[\"https:\/\/deputadotaveirajr.com.br\/index.php\/dois-suspeitos-morrem-em-confronto-com-a-policia-em-natal\/\"]}]},{\"@type\":\"ImageObject\",\"inLanguage\":\"pt-BR\",\"@id\":\"https:\/\/deputadotaveirajr.com.br\/index.php\/dois-suspeitos-morrem-em-confronto-com-a-policia-em-natal\/#primaryimage\",\"url\":\"https:\/\/deputadotaveirajr.com.br\/wp-content\/uploads\/2025\/07\/caso-pm-Dz5rQZ.jpg\",\"contentUrl\":\"https:\/\/deputadotaveirajr.com.br\/wp-content\/uploads\/2025\/07\/caso-pm-Dz5rQZ.jpg\",\"width\":2000,\"height\":2000},{\"@type\":\"BreadcrumbList\",\"@id\":\"https:\/\/deputadotaveirajr.com.br\/index.php\/dois-suspeitos-morrem-em-confronto-com-a-policia-em-natal\/#breadcrumb\",\"itemListElement\":[{\"@type\":\"ListItem\",\"position\":1,\"name\":\"In\u00edcio\",\"item\":\"https:\/\/deputadotaveirajr.com.br\/\"},{\"@type\":\"ListItem\",\"position\":2,\"name\":\"Dois suspeitos morrem em confronto com a pol\u00edcia em Natal\"}]},{\"@type\":\"WebSite\",\"@id\":\"https:\/\/deputadotaveirajr.com.br\/#website\",\"url\":\"https:\/\/deputadotaveirajr.com.br\/\",\"name\":\"Taveira Jr\",\"description\":\"Deputado Estadual\",\"publisher\":{\"@id\":\"https:\/\/deputadotaveirajr.com.br\/#organization\"},\"potentialAction\":[{\"@type\":\"SearchAction\",\"target\":{\"@type\":\"EntryPoint\",\"urlTemplate\":\"https:\/\/deputadotaveirajr.com.br\/?s={search_term_string}\"},\"query-input\":{\"@type\":\"PropertyValueSpecification\",\"valueRequired\":true,\"valueName\":\"search_term_string\"}}],\"inLanguage\":\"pt-BR\"},{\"@type\":\"Organization\",\"@id\":\"https:\/\/deputadotaveirajr.com.br\/#organization\",\"name\":\"Taveira Jr\",\"url\":\"https:\/\/deputadotaveirajr.com.br\/\",\"logo\":{\"@type\":\"ImageObject\",\"inLanguage\":\"pt-BR\",\"@id\":\"https:\/\/deputadotaveirajr.com.br\/#\/schema\/logo\/image\/\",\"url\":\"https:\/\/deputadotaveirajr.com.br\/wp-content\/uploads\/2026\/01\/logolow2a.png\",\"contentUrl\":\"https:\/\/deputadotaveirajr.com.br\/wp-content\/uploads\/2026\/01\/logolow2a.png\",\"width\":290,\"height\":80,\"caption\":\"Taveira Jr\"},\"image\":{\"@id\":\"https:\/\/deputadotaveirajr.com.br\/#\/schema\/logo\/image\/\"}}]}<\/script>\n<!-- \/ Yoast SEO plugin. -->","yoast_head_json":{"title":"Dois suspeitos morrem em confronto com a pol\u00edcia em Natal - Taveira Jr","robots":{"index":"index","follow":"follow","max-snippet":"max-snippet:-1","max-image-preview":"max-image-preview:large","max-video-preview":"max-video-preview:-1"},"canonical":"https:\/\/deputadotaveirajr.com.br\/index.php\/dois-suspeitos-morrem-em-confronto-com-a-policia-em-natal\/","og_locale":"pt_BR","og_type":"article","og_title":"Dois suspeitos morrem em confronto com a pol\u00edcia em Natal - Taveira Jr","og_description":"Helic\u00f3peto da Secretaria de Seguran\u00e7a deu apoio \u00e0 opera\u00e7\u00e3o em M\u00e3e Luiza Dois suspeitos de tr\u00e1fico de drogas morreram nesta quinta-feira (18) em um confronto com policiais militares no bairro ...","og_url":"https:\/\/deputadotaveirajr.com.br\/index.php\/dois-suspeitos-morrem-em-confronto-com-a-policia-em-natal\/","og_site_name":"Taveira Jr","og_image":[{"url":"https:\/\/s2-g1.glbimg.com\/XVTmR_n6cX9FTnpaTSXK4pDg_ck=\/i.s3.glbimg.com\/v1\/AUTH_59edd422c0c84a879bd37670ae4f538a\/internal_photos\/bs\/2025\/A\/V\/NajhVgStAIC2QB1tvsPg\/caso-pm.png","type":"","width":"","height":""}],"twitter_card":"summary_large_image","twitter_misc":{"Est. tempo de leitura":"1 minuto"},"schema":{"@context":"https:\/\/schema.org","@graph":[{"@type":"WebPage","@id":"https:\/\/deputadotaveirajr.com.br\/index.php\/dois-suspeitos-morrem-em-confronto-com-a-policia-em-natal\/","url":"https:\/\/deputadotaveirajr.com.br\/index.php\/dois-suspeitos-morrem-em-confronto-com-a-policia-em-natal\/","name":"Dois suspeitos morrem em confronto com a pol\u00edcia em Natal - Taveira Jr","isPartOf":{"@id":"https:\/\/deputadotaveirajr.com.br\/#website"},"primaryImageOfPage":{"@id":"https:\/\/deputadotaveirajr.com.br\/index.php\/dois-suspeitos-morrem-em-confronto-com-a-policia-em-natal\/#primaryimage"},"image":{"@id":"https:\/\/deputadotaveirajr.com.br\/index.php\/dois-suspeitos-morrem-em-confronto-com-a-policia-em-natal\/#primaryimage"},"thumbnailUrl":"https:\/\/deputadotaveirajr.com.br\/wp-content\/uploads\/2025\/07\/caso-pm-Dz5rQZ.jpg","datePublished":"2025-07-18T20:48:55+00:00","breadcrumb":{"@id":"https:\/\/deputadotaveirajr.com.br\/index.php\/dois-suspeitos-morrem-em-confronto-com-a-policia-em-natal\/#breadcrumb"},"inLanguage":"pt-BR","potentialAction":[{"@type":"ReadAction","target":["https:\/\/deputadotaveirajr.com.br\/index.php\/dois-suspeitos-morrem-em-confronto-com-a-policia-em-natal\/"]}]},{"@type":"ImageObject","inLanguage":"pt-BR","@id":"https:\/\/deputadotaveirajr.com.br\/index.php\/dois-suspeitos-morrem-em-confronto-com-a-policia-em-natal\/#primaryimage","url":"https:\/\/deputadotaveirajr.com.br\/wp-content\/uploads\/2025\/07\/caso-pm-Dz5rQZ.jpg","contentUrl":"https:\/\/deputadotaveirajr.com.br\/wp-content\/uploads\/2025\/07\/caso-pm-Dz5rQZ.jpg","width":2000,"height":2000},{"@type":"BreadcrumbList","@id":"https:\/\/deputadotaveirajr.com.br\/index.php\/dois-suspeitos-morrem-em-confronto-com-a-policia-em-natal\/#breadcrumb","itemListElement":[{"@type":"ListItem","position":1,"name":"In\u00edcio","item":"https:\/\/deputadotaveirajr.com.br\/"},{"@type":"ListItem","position":2,"name":"Dois suspeitos morrem em confronto com a pol\u00edcia em Natal"}]},{"@type":"WebSite","@id":"https:\/\/deputadotaveirajr.com.br\/#website","url":"https:\/\/deputadotaveirajr.com.br\/","name":"Taveira Jr","description":"Deputado Estadual","publisher":{"@id":"https:\/\/deputadotaveirajr.com.br\/#organization"},"potentialAction":[{"@type":"SearchAction","target":{"@type":"EntryPoint","urlTemplate":"https:\/\/deputadotaveirajr.com.br\/?s={search_term_string}"},"query-input":{"@type":"PropertyValueSpecification","valueRequired":true,"valueName":"search_term_string"}}],"inLanguage":"pt-BR"},{"@type":"Organization","@id":"https:\/\/deputadotaveirajr.com.br\/#organization","name":"Taveira Jr","url":"https:\/\/deputadotaveirajr.com.br\/","logo":{"@type":"ImageObject","inLanguage":"pt-BR","@id":"https:\/\/deputadotaveirajr.com.br\/#\/schema\/logo\/image\/","url":"https:\/\/deputadotaveirajr.com.br\/wp-content\/uploads\/2026\/01\/logolow2a.png","contentUrl":"https:\/\/deputadotaveirajr.com.br\/wp-content\/uploads\/2026\/01\/logolow2a.png","width":290,"height":80,"caption":"Taveira Jr"},"image":{"@id":"https:\/\/deputadotaveirajr.com.br\/#\/schema\/logo\/image\/"}}]}},"_links":{"self":[{"href":"https:\/\/deputadotaveirajr.com.br\/index.php\/wp-json\/wp\/v2\/pages\/13685","targetHints":{"allow":["GET"]}}],"collection":[{"href":"https:\/\/deputadotaveirajr.com.br\/index.php\/wp-json\/wp\/v2\/pages"}],"about":[{"href":"https:\/\/deputadotaveirajr.com.br\/index.php\/wp-json\/wp\/v2\/types\/page"}],"replies":[{"embeddable":true,"href":"https:\/\/deputadotaveirajr.com.br\/index.php\/wp-json\/wp\/v2\/comments?post=13685"}],"version-history":[{"count":0,"href":"https:\/\/deputadotaveirajr.com.br\/index.php\/wp-json\/wp\/v2\/pages\/13685\/revisions"}],"wp:featuredmedia":[{"embeddable":true,"href":"https:\/\/deputadotaveirajr.com.br\/index.php\/wp-json\/wp\/v2\/media\/13686"}],"wp:attachment":[{"href":"https:\/\/deputadotaveirajr.com.br\/index.php\/wp-json\/wp\/v2\/media?parent=13685"}],"curies":[{"name":"wp","href":"https:\/\/api.w.org\/{rel}","templated":true}]}}