{"id":13691,"date":"2025-07-22T16:17:42","date_gmt":"2025-07-22T19:17:42","guid":{"rendered":"https:\/\/deputadotaveirajr.com.br\/index.php\/donos-de-postos-de-combustiveis-sao-investigados-por-estelionato-no-rn-golpes-podem-chegar-a-r-2-milhoes\/"},"modified":"2025-07-22T16:17:42","modified_gmt":"2025-07-22T19:17:42","slug":"donos-de-postos-de-combustiveis-sao-investigados-por-estelionato-no-rn-golpes-podem-chegar-a-r-2-milhoes","status":"publish","type":"page","link":"https:\/\/deputadotaveirajr.com.br\/index.php\/donos-de-postos-de-combustiveis-sao-investigados-por-estelionato-no-rn-golpes-podem-chegar-a-r-2-milhoes\/","title":{"rendered":"Donos de postos de combust\u00edveis s\u00e3o investigados por estelionato no RN; golpes podem chegar a R$ 2 milh\u00f5es"},"content":{"rendered":"<p><img decoding=\"async\" src=\"https:\/\/s2-g1.glbimg.com\/D6-EtckzPYGNYZXK3_UMHpO_2ck=\/i.s3.glbimg.com\/v1\/AUTH_59edd422c0c84a879bd37670ae4f538a\/internal_photos\/bs\/2025\/I\/P\/A3FEmzRfaam4DbtBFuGg\/captura-de-tela-2025-07-22-154529.png\" \/><br \/>     Pol\u00edcia cumpriu mandados de busca e apreens\u00e3o contra donos de postos de combust\u00edveis no RN<br \/>\nDois irm\u00e3os, donos de uma rede de postos de combust\u00edveis com atua\u00e7\u00e3o no Rio Grande do Norte e em Pernambuco, foram alvos nesta ter\u00e7a-feira (22) de uma opera\u00e7\u00e3o da Pol\u00edcia Civil suspeitos de crimes como estelionato e falsifica\u00e7\u00e3o de documento particular. Eles n\u00e3o foram presos.<br \/>\nO preju\u00edzo causado \u00e0s v\u00edtimas pelos crimes pode chegar a R$ 2 milh\u00f5es, segundo a pol\u00edcia (veja detalhes mais abaixo).<br \/>\n\ud83d\udcf3 Clique aqui para seguir o canal do g1 RN no WhatsApp<br \/>\nSegundo a Pol\u00edcia Civil, as investiga\u00e7\u00f5es tiveram in\u00edcio em maio, ap\u00f3s uma negocia\u00e7\u00e3o fraudulenta da dupla para adquirir um caminh\u00e3o de tanque de combust\u00edveis avaliado em mais de R$ 500 mil, em Cear\u00e1-Mirim, na Grande Natal.<br \/>\n&#8220;Ele [a v\u00edtima] contou que negociou a venda de um caminh\u00e3ode  tanque de combust\u00edveis, avaliado em cerca de R$ 500 mil e entregou aos supostos compradores, que n\u00e3o efetuaram o pagamento. De posse do registro do boletim de ocorr\u00eancia, o inqu\u00e9rito foi instaurado por essa unidade e as investiga\u00e7\u00f5es foram iniciadas&#8221;, explicou o delegado de Cear\u00e1-Mirim, Flilpe C\u00e2mara.<br \/>\nOs mandados de pris\u00e3o foram cumpridos em Natal, em um condom\u00ednio luxuoso, e em Mossor\u00f3, na Regi\u00e3o Oeste do Rio Grande do Norte.<br \/>\nOs suspeitos, de acordo com a Pol\u00edcia Civil, possuem seis postos de combust\u00edveis.<br \/>\nA dupla \u00e9 investigada em pelo menos sete procedimentos criminosos, de acordo com a pol\u00edcia, tendo atuado em diversas regi\u00f5es do RN.<br \/>\nApreens\u00f5es em Natal, no Rio Grande do Norte, em caso envolvendo donos de postos de combust\u00edveis<br \/>\nDivulga\u00e7\u00e3o\/Pol\u00edcia Civil<br \/>\nPreju\u00edzo de R$ 2 milh\u00f5es<br \/>\nAl\u00e9m do estelionato e da falsifica\u00e7\u00e3o de documentos, os suspeitos respondem por crimes de  falsidade ideol\u00f3gica e apropria\u00e7\u00e3o ind\u00e9bita.<br \/>\nSegundo a Pol\u00edcia Civil, os preju\u00edzos causados a terceiros j\u00e1 ultrapassam R$ 2 milh\u00f5es.<br \/>\n&#8220;Os dois irm\u00e3os, de acordo com as investiga\u00e7\u00f5es, utilizavam-se de artif\u00edcios para ludibriar as pessoas com as quais estabeleciam rela\u00e7\u00f5es comerciais, como, por exemplo, sustar cheques, alegar que tiveram tal\u00f5es de cheque roubado e at\u00e9 mesmo alterar cl\u00e1usulas contratuais sem consentimento da outra parte&#8221;, disse.<br \/>\nOs mandados foram cumpridos simultaneamente em um condom\u00ednio de alto padr\u00e3o em Natal e na cidade de Mossor\u00f3. Durante a a\u00e7\u00e3o, foram apreendidos celulares, cart\u00f5es de cr\u00e9dito, moeda estrangeira, dinheiro falsificado e o caminh\u00e3o objeto da negocia\u00e7\u00e3o fraudulenta.<br \/>\n&#8216;Vida luxuosa&#8217;<br \/>\nAl\u00e9m da pr\u00e1tica reiterada de crimes patrimoniais, a Pol\u00edcia Civil informou que a investiga\u00e7\u00e3o apontou que os suspeitos ostentavam uma rotina de alto padr\u00e3o, incompat\u00edvel com a renda declarada.<br \/>\nIsso ficava evidenciado pelo estilo de vida luxuoso e por transa\u00e7\u00f5es de valores expressivos no setor imobili\u00e1rio.<br \/>\n&#8220;A dupla \u00e9 conhecida por um perfil de ostenta\u00e7\u00e3o em redes sociais&#8221;, disse o delegado Filipe C\u00e2mara.<br \/>\nPara a pol\u00edcia,  a ostenta\u00e7\u00e3o seria alimentada diretamente por recursos obtidos de forma il\u00edcita, por meio da explora\u00e7\u00e3o de esquemas fraudulentos e do convencimento das v\u00edtimas para facilitar negocia\u00e7\u00f5es.<br \/>\nA Pol\u00edcia Civil informou que as investiga\u00e7\u00f5es foram mantidas para identificar outros envolvidos na atua\u00e7\u00e3o do grupo, bem como apurar a poss\u00edvel participa\u00e7\u00e3o da dupla em novos crimes patrimoniais.<br \/>\nV\u00eddeos mais assistidos do g1 RN<\/p>","protected":false},"excerpt":{"rendered":"<p>Pol\u00edcia cumpriu mandados de busca e apreens\u00e3o contra donos de postos de combust\u00edveis no RN Dois irm\u00e3os, donos de uma rede de postos de combust\u00edveis com atua\u00e7\u00e3o no Rio Grande &#8230;<\/p>\n","protected":false},"author":0,"featured_media":13692,"parent":0,"menu_order":0,"comment_status":"closed","ping_status":"closed","template":"","meta":{"footnotes":""},"class_list":["post-13691","page","type-page","status-publish","has-post-thumbnail","hentry"],"yoast_head":"<!-- This site is optimized with the Yoast SEO plugin v27.1.1 - https:\/\/yoast.com\/product\/yoast-seo-wordpress\/ -->\n<title>Donos de postos de combust\u00edveis s\u00e3o investigados por estelionato no RN; golpes podem chegar a R$ 2 milh\u00f5es - Taveira Jr<\/title>\n<meta name=\"robots\" content=\"index, follow, max-snippet:-1, max-image-preview:large, max-video-preview:-1\" \/>\n<link rel=\"canonical\" href=\"https:\/\/deputadotaveirajr.com.br\/index.php\/donos-de-postos-de-combustiveis-sao-investigados-por-estelionato-no-rn-golpes-podem-chegar-a-r-2-milhoes\/\" \/>\n<meta property=\"og:locale\" content=\"pt_BR\" \/>\n<meta property=\"og:type\" content=\"article\" \/>\n<meta property=\"og:title\" content=\"Donos de postos de combust\u00edveis s\u00e3o investigados por estelionato no RN; golpes podem chegar a R$ 2 milh\u00f5es - Taveira Jr\" \/>\n<meta property=\"og:description\" content=\"Pol\u00edcia cumpriu mandados de busca e apreens\u00e3o contra donos de postos de combust\u00edveis no RN Dois irm\u00e3os, donos de uma rede de postos de combust\u00edveis com atua\u00e7\u00e3o no Rio Grande ...\" \/>\n<meta property=\"og:url\" content=\"https:\/\/deputadotaveirajr.com.br\/index.php\/donos-de-postos-de-combustiveis-sao-investigados-por-estelionato-no-rn-golpes-podem-chegar-a-r-2-milhoes\/\" \/>\n<meta property=\"og:site_name\" content=\"Taveira Jr\" \/>\n<meta property=\"og:image\" content=\"https:\/\/s2-g1.glbimg.com\/D6-EtckzPYGNYZXK3_UMHpO_2ck=\/i.s3.glbimg.com\/v1\/AUTH_59edd422c0c84a879bd37670ae4f538a\/internal_photos\/bs\/2025\/I\/P\/A3FEmzRfaam4DbtBFuGg\/captura-de-tela-2025-07-22-154529.png\" \/>\n<meta name=\"twitter:card\" content=\"summary_large_image\" \/>\n<meta name=\"twitter:label1\" content=\"Est. tempo de leitura\" \/>\n\t<meta name=\"twitter:data1\" content=\"3 minutos\" \/>\n<script type=\"application\/ld+json\" class=\"yoast-schema-graph\">{\"@context\":\"https:\/\/schema.org\",\"@graph\":[{\"@type\":\"WebPage\",\"@id\":\"https:\/\/deputadotaveirajr.com.br\/index.php\/donos-de-postos-de-combustiveis-sao-investigados-por-estelionato-no-rn-golpes-podem-chegar-a-r-2-milhoes\/\",\"url\":\"https:\/\/deputadotaveirajr.com.br\/index.php\/donos-de-postos-de-combustiveis-sao-investigados-por-estelionato-no-rn-golpes-podem-chegar-a-r-2-milhoes\/\",\"name\":\"Donos de postos de combust\u00edveis s\u00e3o investigados por estelionato no RN; golpes podem chegar a R$ 2 milh\u00f5es - Taveira Jr\",\"isPartOf\":{\"@id\":\"https:\/\/deputadotaveirajr.com.br\/#website\"},\"primaryImageOfPage\":{\"@id\":\"https:\/\/deputadotaveirajr.com.br\/index.php\/donos-de-postos-de-combustiveis-sao-investigados-por-estelionato-no-rn-golpes-podem-chegar-a-r-2-milhoes\/#primaryimage\"},\"image\":{\"@id\":\"https:\/\/deputadotaveirajr.com.br\/index.php\/donos-de-postos-de-combustiveis-sao-investigados-por-estelionato-no-rn-golpes-podem-chegar-a-r-2-milhoes\/#primaryimage\"},\"thumbnailUrl\":\"https:\/\/deputadotaveirajr.com.br\/wp-content\/uploads\/2025\/07\/captura-de-tela-2025-07-22-154529-SJe9nK.jpg\",\"datePublished\":\"2025-07-22T19:17:42+00:00\",\"breadcrumb\":{\"@id\":\"https:\/\/deputadotaveirajr.com.br\/index.php\/donos-de-postos-de-combustiveis-sao-investigados-por-estelionato-no-rn-golpes-podem-chegar-a-r-2-milhoes\/#breadcrumb\"},\"inLanguage\":\"pt-BR\",\"potentialAction\":[{\"@type\":\"ReadAction\",\"target\":[\"https:\/\/deputadotaveirajr.com.br\/index.php\/donos-de-postos-de-combustiveis-sao-investigados-por-estelionato-no-rn-golpes-podem-chegar-a-r-2-milhoes\/\"]}]},{\"@type\":\"ImageObject\",\"inLanguage\":\"pt-BR\",\"@id\":\"https:\/\/deputadotaveirajr.com.br\/index.php\/donos-de-postos-de-combustiveis-sao-investigados-por-estelionato-no-rn-golpes-podem-chegar-a-r-2-milhoes\/#primaryimage\",\"url\":\"https:\/\/deputadotaveirajr.com.br\/wp-content\/uploads\/2025\/07\/captura-de-tela-2025-07-22-154529-SJe9nK.jpg\",\"contentUrl\":\"https:\/\/deputadotaveirajr.com.br\/wp-content\/uploads\/2025\/07\/captura-de-tela-2025-07-22-154529-SJe9nK.jpg\",\"width\":1658,\"height\":827},{\"@type\":\"BreadcrumbList\",\"@id\":\"https:\/\/deputadotaveirajr.com.br\/index.php\/donos-de-postos-de-combustiveis-sao-investigados-por-estelionato-no-rn-golpes-podem-chegar-a-r-2-milhoes\/#breadcrumb\",\"itemListElement\":[{\"@type\":\"ListItem\",\"position\":1,\"name\":\"In\u00edcio\",\"item\":\"https:\/\/deputadotaveirajr.com.br\/\"},{\"@type\":\"ListItem\",\"position\":2,\"name\":\"Donos de postos de combust\u00edveis s\u00e3o investigados por estelionato no RN; golpes podem chegar a R$ 2 milh\u00f5es\"}]},{\"@type\":\"WebSite\",\"@id\":\"https:\/\/deputadotaveirajr.com.br\/#website\",\"url\":\"https:\/\/deputadotaveirajr.com.br\/\",\"name\":\"Taveira Jr\",\"description\":\"Deputado Estadual\",\"publisher\":{\"@id\":\"https:\/\/deputadotaveirajr.com.br\/#organization\"},\"potentialAction\":[{\"@type\":\"SearchAction\",\"target\":{\"@type\":\"EntryPoint\",\"urlTemplate\":\"https:\/\/deputadotaveirajr.com.br\/?s={search_term_string}\"},\"query-input\":{\"@type\":\"PropertyValueSpecification\",\"valueRequired\":true,\"valueName\":\"search_term_string\"}}],\"inLanguage\":\"pt-BR\"},{\"@type\":\"Organization\",\"@id\":\"https:\/\/deputadotaveirajr.com.br\/#organization\",\"name\":\"Taveira Jr\",\"url\":\"https:\/\/deputadotaveirajr.com.br\/\",\"logo\":{\"@type\":\"ImageObject\",\"inLanguage\":\"pt-BR\",\"@id\":\"https:\/\/deputadotaveirajr.com.br\/#\/schema\/logo\/image\/\",\"url\":\"https:\/\/deputadotaveirajr.com.br\/wp-content\/uploads\/2026\/01\/logolow2a.png\",\"contentUrl\":\"https:\/\/deputadotaveirajr.com.br\/wp-content\/uploads\/2026\/01\/logolow2a.png\",\"width\":290,\"height\":80,\"caption\":\"Taveira Jr\"},\"image\":{\"@id\":\"https:\/\/deputadotaveirajr.com.br\/#\/schema\/logo\/image\/\"}}]}<\/script>\n<!-- \/ Yoast SEO plugin. -->","yoast_head_json":{"title":"Donos de postos de combust\u00edveis s\u00e3o investigados por estelionato no RN; golpes podem chegar a R$ 2 milh\u00f5es - Taveira Jr","robots":{"index":"index","follow":"follow","max-snippet":"max-snippet:-1","max-image-preview":"max-image-preview:large","max-video-preview":"max-video-preview:-1"},"canonical":"https:\/\/deputadotaveirajr.com.br\/index.php\/donos-de-postos-de-combustiveis-sao-investigados-por-estelionato-no-rn-golpes-podem-chegar-a-r-2-milhoes\/","og_locale":"pt_BR","og_type":"article","og_title":"Donos de postos de combust\u00edveis s\u00e3o investigados por estelionato no RN; golpes podem chegar a R$ 2 milh\u00f5es - Taveira Jr","og_description":"Pol\u00edcia cumpriu mandados de busca e apreens\u00e3o contra donos de postos de combust\u00edveis no RN Dois irm\u00e3os, donos de uma rede de postos de combust\u00edveis com atua\u00e7\u00e3o no Rio Grande ...","og_url":"https:\/\/deputadotaveirajr.com.br\/index.php\/donos-de-postos-de-combustiveis-sao-investigados-por-estelionato-no-rn-golpes-podem-chegar-a-r-2-milhoes\/","og_site_name":"Taveira Jr","og_image":[{"url":"https:\/\/s2-g1.glbimg.com\/D6-EtckzPYGNYZXK3_UMHpO_2ck=\/i.s3.glbimg.com\/v1\/AUTH_59edd422c0c84a879bd37670ae4f538a\/internal_photos\/bs\/2025\/I\/P\/A3FEmzRfaam4DbtBFuGg\/captura-de-tela-2025-07-22-154529.png","type":"","width":"","height":""}],"twitter_card":"summary_large_image","twitter_misc":{"Est. tempo de leitura":"3 minutos"},"schema":{"@context":"https:\/\/schema.org","@graph":[{"@type":"WebPage","@id":"https:\/\/deputadotaveirajr.com.br\/index.php\/donos-de-postos-de-combustiveis-sao-investigados-por-estelionato-no-rn-golpes-podem-chegar-a-r-2-milhoes\/","url":"https:\/\/deputadotaveirajr.com.br\/index.php\/donos-de-postos-de-combustiveis-sao-investigados-por-estelionato-no-rn-golpes-podem-chegar-a-r-2-milhoes\/","name":"Donos de postos de combust\u00edveis s\u00e3o investigados por estelionato no RN; golpes podem chegar a R$ 2 milh\u00f5es - Taveira Jr","isPartOf":{"@id":"https:\/\/deputadotaveirajr.com.br\/#website"},"primaryImageOfPage":{"@id":"https:\/\/deputadotaveirajr.com.br\/index.php\/donos-de-postos-de-combustiveis-sao-investigados-por-estelionato-no-rn-golpes-podem-chegar-a-r-2-milhoes\/#primaryimage"},"image":{"@id":"https:\/\/deputadotaveirajr.com.br\/index.php\/donos-de-postos-de-combustiveis-sao-investigados-por-estelionato-no-rn-golpes-podem-chegar-a-r-2-milhoes\/#primaryimage"},"thumbnailUrl":"https:\/\/deputadotaveirajr.com.br\/wp-content\/uploads\/2025\/07\/captura-de-tela-2025-07-22-154529-SJe9nK.jpg","datePublished":"2025-07-22T19:17:42+00:00","breadcrumb":{"@id":"https:\/\/deputadotaveirajr.com.br\/index.php\/donos-de-postos-de-combustiveis-sao-investigados-por-estelionato-no-rn-golpes-podem-chegar-a-r-2-milhoes\/#breadcrumb"},"inLanguage":"pt-BR","potentialAction":[{"@type":"ReadAction","target":["https:\/\/deputadotaveirajr.com.br\/index.php\/donos-de-postos-de-combustiveis-sao-investigados-por-estelionato-no-rn-golpes-podem-chegar-a-r-2-milhoes\/"]}]},{"@type":"ImageObject","inLanguage":"pt-BR","@id":"https:\/\/deputadotaveirajr.com.br\/index.php\/donos-de-postos-de-combustiveis-sao-investigados-por-estelionato-no-rn-golpes-podem-chegar-a-r-2-milhoes\/#primaryimage","url":"https:\/\/deputadotaveirajr.com.br\/wp-content\/uploads\/2025\/07\/captura-de-tela-2025-07-22-154529-SJe9nK.jpg","contentUrl":"https:\/\/deputadotaveirajr.com.br\/wp-content\/uploads\/2025\/07\/captura-de-tela-2025-07-22-154529-SJe9nK.jpg","width":1658,"height":827},{"@type":"BreadcrumbList","@id":"https:\/\/deputadotaveirajr.com.br\/index.php\/donos-de-postos-de-combustiveis-sao-investigados-por-estelionato-no-rn-golpes-podem-chegar-a-r-2-milhoes\/#breadcrumb","itemListElement":[{"@type":"ListItem","position":1,"name":"In\u00edcio","item":"https:\/\/deputadotaveirajr.com.br\/"},{"@type":"ListItem","position":2,"name":"Donos de postos de combust\u00edveis s\u00e3o investigados por estelionato no RN; golpes podem chegar a R$ 2 milh\u00f5es"}]},{"@type":"WebSite","@id":"https:\/\/deputadotaveirajr.com.br\/#website","url":"https:\/\/deputadotaveirajr.com.br\/","name":"Taveira Jr","description":"Deputado Estadual","publisher":{"@id":"https:\/\/deputadotaveirajr.com.br\/#organization"},"potentialAction":[{"@type":"SearchAction","target":{"@type":"EntryPoint","urlTemplate":"https:\/\/deputadotaveirajr.com.br\/?s={search_term_string}"},"query-input":{"@type":"PropertyValueSpecification","valueRequired":true,"valueName":"search_term_string"}}],"inLanguage":"pt-BR"},{"@type":"Organization","@id":"https:\/\/deputadotaveirajr.com.br\/#organization","name":"Taveira Jr","url":"https:\/\/deputadotaveirajr.com.br\/","logo":{"@type":"ImageObject","inLanguage":"pt-BR","@id":"https:\/\/deputadotaveirajr.com.br\/#\/schema\/logo\/image\/","url":"https:\/\/deputadotaveirajr.com.br\/wp-content\/uploads\/2026\/01\/logolow2a.png","contentUrl":"https:\/\/deputadotaveirajr.com.br\/wp-content\/uploads\/2026\/01\/logolow2a.png","width":290,"height":80,"caption":"Taveira Jr"},"image":{"@id":"https:\/\/deputadotaveirajr.com.br\/#\/schema\/logo\/image\/"}}]}},"_links":{"self":[{"href":"https:\/\/deputadotaveirajr.com.br\/index.php\/wp-json\/wp\/v2\/pages\/13691","targetHints":{"allow":["GET"]}}],"collection":[{"href":"https:\/\/deputadotaveirajr.com.br\/index.php\/wp-json\/wp\/v2\/pages"}],"about":[{"href":"https:\/\/deputadotaveirajr.com.br\/index.php\/wp-json\/wp\/v2\/types\/page"}],"replies":[{"embeddable":true,"href":"https:\/\/deputadotaveirajr.com.br\/index.php\/wp-json\/wp\/v2\/comments?post=13691"}],"version-history":[{"count":0,"href":"https:\/\/deputadotaveirajr.com.br\/index.php\/wp-json\/wp\/v2\/pages\/13691\/revisions"}],"wp:featuredmedia":[{"embeddable":true,"href":"https:\/\/deputadotaveirajr.com.br\/index.php\/wp-json\/wp\/v2\/media\/13692"}],"wp:attachment":[{"href":"https:\/\/deputadotaveirajr.com.br\/index.php\/wp-json\/wp\/v2\/media?parent=13691"}],"curies":[{"name":"wp","href":"https:\/\/api.w.org\/{rel}","templated":true}]}}