{"id":13693,"date":"2025-07-22T16:04:28","date_gmt":"2025-07-22T19:04:28","guid":{"rendered":"https:\/\/deputadotaveirajr.com.br\/index.php\/receita-do-morango-do-amor-aprenda-a-fazer-o-doce-que-viralizou-nas-redes-sociais\/"},"modified":"2025-07-22T16:04:28","modified_gmt":"2025-07-22T19:04:28","slug":"receita-do-morango-do-amor-aprenda-a-fazer-o-doce-que-viralizou-nas-redes-sociais","status":"publish","type":"page","link":"https:\/\/deputadotaveirajr.com.br\/index.php\/receita-do-morango-do-amor-aprenda-a-fazer-o-doce-que-viralizou-nas-redes-sociais\/","title":{"rendered":"Receita do morango do amor: aprenda a fazer o doce que viralizou nas redes sociais"},"content":{"rendered":"<p><img decoding=\"async\" src=\"https:\/\/s2-g1.glbimg.com\/1Oliia2QlNPnOC3-O3yJDoEA1r0=\/i.s3.glbimg.com\/v1\/AUTH_59edd422c0c84a879bd37670ae4f538a\/internal_photos\/bs\/2025\/k\/a\/EH3InATBGCysXuBqKZiw\/morangocaroli.jpg\" \/><br \/>     Aprenda a receita do morango do amor<br \/>\nO novo doce do momento \u00e9 o morango do amor. A iguaria est\u00e1 bombando nas redes sociais e a receita, inspirada na tradicional ma\u00e7\u00e3 do amor, combina morango fresco, brigadeiro e uma calda vermelha de a\u00e7\u00facar que endurece e forma uma casquinha crocante.<br \/>\nO doce viralizou e j\u00e1 tomou conta das docerias do Rio Grande do Norte. Tem doceria faturando R$ 13 mil por dia com a venda do morango do amor.<br \/>\nPra quem quiser se arriscar e tentar fazer em casa, o g1 traz a receita:<br \/>\nIngredientes brigadeiro branco:<br \/>\n1 lata de leite condensado<br \/>\n1 caixinha de creme de leite<br \/>\n1\/2 x\u00edcara de leite em p\u00f3<br \/>\n1 colher de sopa rasa de manteiga sem sal<br \/>\nEm uma panela, misture todos os ingredientes. Cozinhe em fogo baixo, mexendo sempre, at\u00e9 levantar fervura. Ap\u00f3s ferver, cozinhe por mais 10 minutos ou at\u00e9 atingir ponto de brigadeiro mole. Transfira para um refrat\u00e1rio e deixe descansar por pelo menos 4 horas at\u00e9 esfriar completamente.<br \/>\nLave e seque os morangos e enrole os morangos no brigadeiro.<br \/>\nIngredientes da calda<br \/>\n2 x\u00edcaras (ch\u00e1) e meia de a\u00e7\u00facar<br \/>\n1 x\u00edcara (ch\u00e1) e meia de \u00e1gua<br \/>\n2 colheres (sopa) de vinagre<br \/>\n10 gotas de corante aliment\u00edcio em gel vermelho<br \/>\nMisture o a\u00e7\u00facar, a \u00e1gua, o vinagre e o corante vermelho em uma panela. Misture tudo antes de ligar o fogo e cozinhe sem mexer at\u00e9 atingir o ponto de bala dura (cerca de 20 minutos).<br \/>\nCom a calda pronta, mergulhe cuidadosamente cada morango revestido de brigadeiro, escorra o excesso e coloque em uma superf\u00edcie untada ou antiaderente para secar.<br \/>\nLEIA TAMB\u00c9M:<br \/>\nAprenda a fazer um doce de batata-doce com coco para a sobremesa<br \/>\nConhe\u00e7a receita de bolo de milho com requeij\u00e3o e calda de goiabada<br \/>\nCocada de castanha: aprenda receita de iguaria para as festas juninas<br \/>\nCarol produz at\u00e9 750 morangos por dia<br \/>\nCedida<br \/>\nMorango do Amor movimenta redes sociais e confeitarias no RN<br \/>\nMorango do Amor movimenta redes sociais e confeitarias no RN<\/p>","protected":false},"excerpt":{"rendered":"<p>Aprenda a receita do morango do amor O novo doce do momento \u00e9 o morango do amor. A iguaria est\u00e1 bombando nas redes sociais e a receita, inspirada na tradicional &#8230;<\/p>\n","protected":false},"author":0,"featured_media":13694,"parent":0,"menu_order":0,"comment_status":"closed","ping_status":"closed","template":"","meta":{"footnotes":""},"class_list":["post-13693","page","type-page","status-publish","has-post-thumbnail","hentry"],"yoast_head":"<!-- This site is optimized with the Yoast SEO plugin v27.1.1 - https:\/\/yoast.com\/product\/yoast-seo-wordpress\/ -->\n<title>Receita do morango do amor: aprenda a fazer o doce que viralizou nas redes sociais - Taveira Jr<\/title>\n<meta name=\"robots\" content=\"index, follow, max-snippet:-1, max-image-preview:large, max-video-preview:-1\" \/>\n<link rel=\"canonical\" href=\"https:\/\/deputadotaveirajr.com.br\/index.php\/receita-do-morango-do-amor-aprenda-a-fazer-o-doce-que-viralizou-nas-redes-sociais\/\" \/>\n<meta property=\"og:locale\" content=\"pt_BR\" \/>\n<meta property=\"og:type\" content=\"article\" \/>\n<meta property=\"og:title\" content=\"Receita do morango do amor: aprenda a fazer o doce que viralizou nas redes sociais - Taveira Jr\" \/>\n<meta property=\"og:description\" content=\"Aprenda a receita do morango do amor O novo doce do momento \u00e9 o morango do amor. A iguaria est\u00e1 bombando nas redes sociais e a receita, inspirada na tradicional ...\" \/>\n<meta property=\"og:url\" content=\"https:\/\/deputadotaveirajr.com.br\/index.php\/receita-do-morango-do-amor-aprenda-a-fazer-o-doce-que-viralizou-nas-redes-sociais\/\" \/>\n<meta property=\"og:site_name\" content=\"Taveira Jr\" \/>\n<meta property=\"og:image\" content=\"https:\/\/s2-g1.glbimg.com\/1Oliia2QlNPnOC3-O3yJDoEA1r0=\/i.s3.glbimg.com\/v1\/AUTH_59edd422c0c84a879bd37670ae4f538a\/internal_photos\/bs\/2025\/k\/a\/EH3InATBGCysXuBqKZiw\/morangocaroli.jpg\" \/>\n<meta name=\"twitter:card\" content=\"summary_large_image\" \/>\n<meta name=\"twitter:label1\" content=\"Est. tempo de leitura\" \/>\n\t<meta name=\"twitter:data1\" content=\"2 minutos\" \/>\n<script type=\"application\/ld+json\" class=\"yoast-schema-graph\">{\"@context\":\"https:\/\/schema.org\",\"@graph\":[{\"@type\":\"WebPage\",\"@id\":\"https:\/\/deputadotaveirajr.com.br\/index.php\/receita-do-morango-do-amor-aprenda-a-fazer-o-doce-que-viralizou-nas-redes-sociais\/\",\"url\":\"https:\/\/deputadotaveirajr.com.br\/index.php\/receita-do-morango-do-amor-aprenda-a-fazer-o-doce-que-viralizou-nas-redes-sociais\/\",\"name\":\"Receita do morango do amor: aprenda a fazer o doce que viralizou nas redes sociais - Taveira Jr\",\"isPartOf\":{\"@id\":\"https:\/\/deputadotaveirajr.com.br\/#website\"},\"primaryImageOfPage\":{\"@id\":\"https:\/\/deputadotaveirajr.com.br\/index.php\/receita-do-morango-do-amor-aprenda-a-fazer-o-doce-que-viralizou-nas-redes-sociais\/#primaryimage\"},\"image\":{\"@id\":\"https:\/\/deputadotaveirajr.com.br\/index.php\/receita-do-morango-do-amor-aprenda-a-fazer-o-doce-que-viralizou-nas-redes-sociais\/#primaryimage\"},\"thumbnailUrl\":\"https:\/\/deputadotaveirajr.com.br\/wp-content\/uploads\/2025\/07\/morangocaroli-1Q9A9u.jpg\",\"datePublished\":\"2025-07-22T19:04:28+00:00\",\"breadcrumb\":{\"@id\":\"https:\/\/deputadotaveirajr.com.br\/index.php\/receita-do-morango-do-amor-aprenda-a-fazer-o-doce-que-viralizou-nas-redes-sociais\/#breadcrumb\"},\"inLanguage\":\"pt-BR\",\"potentialAction\":[{\"@type\":\"ReadAction\",\"target\":[\"https:\/\/deputadotaveirajr.com.br\/index.php\/receita-do-morango-do-amor-aprenda-a-fazer-o-doce-que-viralizou-nas-redes-sociais\/\"]}]},{\"@type\":\"ImageObject\",\"inLanguage\":\"pt-BR\",\"@id\":\"https:\/\/deputadotaveirajr.com.br\/index.php\/receita-do-morango-do-amor-aprenda-a-fazer-o-doce-que-viralizou-nas-redes-sociais\/#primaryimage\",\"url\":\"https:\/\/deputadotaveirajr.com.br\/wp-content\/uploads\/2025\/07\/morangocaroli-1Q9A9u.jpg\",\"contentUrl\":\"https:\/\/deputadotaveirajr.com.br\/wp-content\/uploads\/2025\/07\/morangocaroli-1Q9A9u.jpg\",\"width\":1200,\"height\":2131},{\"@type\":\"BreadcrumbList\",\"@id\":\"https:\/\/deputadotaveirajr.com.br\/index.php\/receita-do-morango-do-amor-aprenda-a-fazer-o-doce-que-viralizou-nas-redes-sociais\/#breadcrumb\",\"itemListElement\":[{\"@type\":\"ListItem\",\"position\":1,\"name\":\"In\u00edcio\",\"item\":\"https:\/\/deputadotaveirajr.com.br\/\"},{\"@type\":\"ListItem\",\"position\":2,\"name\":\"Receita do morango do amor: aprenda a fazer o doce que viralizou nas redes sociais\"}]},{\"@type\":\"WebSite\",\"@id\":\"https:\/\/deputadotaveirajr.com.br\/#website\",\"url\":\"https:\/\/deputadotaveirajr.com.br\/\",\"name\":\"Taveira Jr\",\"description\":\"Deputado Estadual\",\"publisher\":{\"@id\":\"https:\/\/deputadotaveirajr.com.br\/#organization\"},\"potentialAction\":[{\"@type\":\"SearchAction\",\"target\":{\"@type\":\"EntryPoint\",\"urlTemplate\":\"https:\/\/deputadotaveirajr.com.br\/?s={search_term_string}\"},\"query-input\":{\"@type\":\"PropertyValueSpecification\",\"valueRequired\":true,\"valueName\":\"search_term_string\"}}],\"inLanguage\":\"pt-BR\"},{\"@type\":\"Organization\",\"@id\":\"https:\/\/deputadotaveirajr.com.br\/#organization\",\"name\":\"Taveira Jr\",\"url\":\"https:\/\/deputadotaveirajr.com.br\/\",\"logo\":{\"@type\":\"ImageObject\",\"inLanguage\":\"pt-BR\",\"@id\":\"https:\/\/deputadotaveirajr.com.br\/#\/schema\/logo\/image\/\",\"url\":\"https:\/\/deputadotaveirajr.com.br\/wp-content\/uploads\/2026\/01\/logolow2a.png\",\"contentUrl\":\"https:\/\/deputadotaveirajr.com.br\/wp-content\/uploads\/2026\/01\/logolow2a.png\",\"width\":290,\"height\":80,\"caption\":\"Taveira Jr\"},\"image\":{\"@id\":\"https:\/\/deputadotaveirajr.com.br\/#\/schema\/logo\/image\/\"}}]}<\/script>\n<!-- \/ Yoast SEO plugin. -->","yoast_head_json":{"title":"Receita do morango do amor: aprenda a fazer o doce que viralizou nas redes sociais - Taveira Jr","robots":{"index":"index","follow":"follow","max-snippet":"max-snippet:-1","max-image-preview":"max-image-preview:large","max-video-preview":"max-video-preview:-1"},"canonical":"https:\/\/deputadotaveirajr.com.br\/index.php\/receita-do-morango-do-amor-aprenda-a-fazer-o-doce-que-viralizou-nas-redes-sociais\/","og_locale":"pt_BR","og_type":"article","og_title":"Receita do morango do amor: aprenda a fazer o doce que viralizou nas redes sociais - Taveira Jr","og_description":"Aprenda a receita do morango do amor O novo doce do momento \u00e9 o morango do amor. A iguaria est\u00e1 bombando nas redes sociais e a receita, inspirada na tradicional ...","og_url":"https:\/\/deputadotaveirajr.com.br\/index.php\/receita-do-morango-do-amor-aprenda-a-fazer-o-doce-que-viralizou-nas-redes-sociais\/","og_site_name":"Taveira Jr","og_image":[{"url":"https:\/\/s2-g1.glbimg.com\/1Oliia2QlNPnOC3-O3yJDoEA1r0=\/i.s3.glbimg.com\/v1\/AUTH_59edd422c0c84a879bd37670ae4f538a\/internal_photos\/bs\/2025\/k\/a\/EH3InATBGCysXuBqKZiw\/morangocaroli.jpg","type":"","width":"","height":""}],"twitter_card":"summary_large_image","twitter_misc":{"Est. tempo de leitura":"2 minutos"},"schema":{"@context":"https:\/\/schema.org","@graph":[{"@type":"WebPage","@id":"https:\/\/deputadotaveirajr.com.br\/index.php\/receita-do-morango-do-amor-aprenda-a-fazer-o-doce-que-viralizou-nas-redes-sociais\/","url":"https:\/\/deputadotaveirajr.com.br\/index.php\/receita-do-morango-do-amor-aprenda-a-fazer-o-doce-que-viralizou-nas-redes-sociais\/","name":"Receita do morango do amor: aprenda a fazer o doce que viralizou nas redes sociais - Taveira Jr","isPartOf":{"@id":"https:\/\/deputadotaveirajr.com.br\/#website"},"primaryImageOfPage":{"@id":"https:\/\/deputadotaveirajr.com.br\/index.php\/receita-do-morango-do-amor-aprenda-a-fazer-o-doce-que-viralizou-nas-redes-sociais\/#primaryimage"},"image":{"@id":"https:\/\/deputadotaveirajr.com.br\/index.php\/receita-do-morango-do-amor-aprenda-a-fazer-o-doce-que-viralizou-nas-redes-sociais\/#primaryimage"},"thumbnailUrl":"https:\/\/deputadotaveirajr.com.br\/wp-content\/uploads\/2025\/07\/morangocaroli-1Q9A9u.jpg","datePublished":"2025-07-22T19:04:28+00:00","breadcrumb":{"@id":"https:\/\/deputadotaveirajr.com.br\/index.php\/receita-do-morango-do-amor-aprenda-a-fazer-o-doce-que-viralizou-nas-redes-sociais\/#breadcrumb"},"inLanguage":"pt-BR","potentialAction":[{"@type":"ReadAction","target":["https:\/\/deputadotaveirajr.com.br\/index.php\/receita-do-morango-do-amor-aprenda-a-fazer-o-doce-que-viralizou-nas-redes-sociais\/"]}]},{"@type":"ImageObject","inLanguage":"pt-BR","@id":"https:\/\/deputadotaveirajr.com.br\/index.php\/receita-do-morango-do-amor-aprenda-a-fazer-o-doce-que-viralizou-nas-redes-sociais\/#primaryimage","url":"https:\/\/deputadotaveirajr.com.br\/wp-content\/uploads\/2025\/07\/morangocaroli-1Q9A9u.jpg","contentUrl":"https:\/\/deputadotaveirajr.com.br\/wp-content\/uploads\/2025\/07\/morangocaroli-1Q9A9u.jpg","width":1200,"height":2131},{"@type":"BreadcrumbList","@id":"https:\/\/deputadotaveirajr.com.br\/index.php\/receita-do-morango-do-amor-aprenda-a-fazer-o-doce-que-viralizou-nas-redes-sociais\/#breadcrumb","itemListElement":[{"@type":"ListItem","position":1,"name":"In\u00edcio","item":"https:\/\/deputadotaveirajr.com.br\/"},{"@type":"ListItem","position":2,"name":"Receita do morango do amor: aprenda a fazer o doce que viralizou nas redes sociais"}]},{"@type":"WebSite","@id":"https:\/\/deputadotaveirajr.com.br\/#website","url":"https:\/\/deputadotaveirajr.com.br\/","name":"Taveira Jr","description":"Deputado Estadual","publisher":{"@id":"https:\/\/deputadotaveirajr.com.br\/#organization"},"potentialAction":[{"@type":"SearchAction","target":{"@type":"EntryPoint","urlTemplate":"https:\/\/deputadotaveirajr.com.br\/?s={search_term_string}"},"query-input":{"@type":"PropertyValueSpecification","valueRequired":true,"valueName":"search_term_string"}}],"inLanguage":"pt-BR"},{"@type":"Organization","@id":"https:\/\/deputadotaveirajr.com.br\/#organization","name":"Taveira Jr","url":"https:\/\/deputadotaveirajr.com.br\/","logo":{"@type":"ImageObject","inLanguage":"pt-BR","@id":"https:\/\/deputadotaveirajr.com.br\/#\/schema\/logo\/image\/","url":"https:\/\/deputadotaveirajr.com.br\/wp-content\/uploads\/2026\/01\/logolow2a.png","contentUrl":"https:\/\/deputadotaveirajr.com.br\/wp-content\/uploads\/2026\/01\/logolow2a.png","width":290,"height":80,"caption":"Taveira Jr"},"image":{"@id":"https:\/\/deputadotaveirajr.com.br\/#\/schema\/logo\/image\/"}}]}},"_links":{"self":[{"href":"https:\/\/deputadotaveirajr.com.br\/index.php\/wp-json\/wp\/v2\/pages\/13693","targetHints":{"allow":["GET"]}}],"collection":[{"href":"https:\/\/deputadotaveirajr.com.br\/index.php\/wp-json\/wp\/v2\/pages"}],"about":[{"href":"https:\/\/deputadotaveirajr.com.br\/index.php\/wp-json\/wp\/v2\/types\/page"}],"replies":[{"embeddable":true,"href":"https:\/\/deputadotaveirajr.com.br\/index.php\/wp-json\/wp\/v2\/comments?post=13693"}],"version-history":[{"count":0,"href":"https:\/\/deputadotaveirajr.com.br\/index.php\/wp-json\/wp\/v2\/pages\/13693\/revisions"}],"wp:featuredmedia":[{"embeddable":true,"href":"https:\/\/deputadotaveirajr.com.br\/index.php\/wp-json\/wp\/v2\/media\/13694"}],"wp:attachment":[{"href":"https:\/\/deputadotaveirajr.com.br\/index.php\/wp-json\/wp\/v2\/media?parent=13693"}],"curies":[{"name":"wp","href":"https:\/\/api.w.org\/{rel}","templated":true}]}}