{"id":13695,"date":"2025-07-22T13:49:38","date_gmt":"2025-07-22T16:49:38","guid":{"rendered":"https:\/\/deputadotaveirajr.com.br\/index.php\/pode-ou-nao-pode-instalacao-de-placas-para-novo-binario-em-natal-causa-confusao-em-motoristas\/"},"modified":"2025-07-22T13:49:38","modified_gmt":"2025-07-22T16:49:38","slug":"pode-ou-nao-pode-instalacao-de-placas-para-novo-binario-em-natal-causa-confusao-em-motoristas","status":"publish","type":"page","link":"https:\/\/deputadotaveirajr.com.br\/index.php\/pode-ou-nao-pode-instalacao-de-placas-para-novo-binario-em-natal-causa-confusao-em-motoristas\/","title":{"rendered":"Pode ou n\u00e3o pode? Instala\u00e7\u00e3o de placas para novo bin\u00e1rio em Natal causa confus\u00e3o em motoristas"},"content":{"rendered":"<p><img decoding=\"async\" src=\"https:\/\/s2-g1.glbimg.com\/-3KjGNeeT1VohoSqwMlwkiljunY=\/i.s3.glbimg.com\/v1\/AUTH_59edd422c0c84a879bd37670ae4f538a\/internal_photos\/bs\/2025\/U\/5\/AyvVsxTcAPBaw1uZE21Q\/placas.jpg\" \/><br \/>     Instala\u00e7\u00e3o de placas para novo bin\u00e1rio em Natal causa confus\u00e3o em motoristas. Imagem cedida: Nova Parnamirim Not\u00edcias<br \/>\nUma placa diz que o motorista \u00e9 proibido de seguir em frente. Outra diz que n\u00e3o pode entrar \u00e0 direita e uma terceira tamb\u00e9m pro\u00edbe entrar \u00e0 esquerda. O cen\u00e1rio causou confus\u00e3o em motoristas que trafegavam pela Rua Jaguarari em Natal. Veja o v\u00eddeo acima.<br \/>\nEm outro ponto, uma placa dizia que \u00e9 permitido entrar \u00e0 esquerda, mas a outra informava o contr\u00e1rio. Veja a foto abaixo.<br \/>\n\ud83d\udcf3 Clique aqui para seguir o canal do g1 RN no WhatsApp<br \/>\nOs problemas foram constatados por motoristas potiguares nos cruzamentos da Jaguarari com a Avenida Capit\u00e3o Mor Gouveia e com a Avenida Ant\u00f4nio Bas\u00edlio.<br \/>\nPlaca \u00e0 direita permite entrada de ve\u00edculo. Mas a outra, no sem\u00e1foro, pro\u00edbe.<br \/>\nInter TV Cabugi\/Reprodu\u00e7\u00e3o<br \/>\nA Secretaria de Mobilidade Urbana de Natal explicou que o motivo da confus\u00e3o foi a instala\u00e7\u00e3o das placas de um novo bin\u00e1rio que ser\u00e1 implantado na regi\u00e3o.<br \/>\nAp\u00f3s a constata\u00e7\u00e3o do problema, as placas que ainda n\u00e3o est\u00e3o valendo foram cobertas.<br \/>\n&#8220;A STTU informa que est\u00e1 realizando a atualiza\u00e7\u00e3o da sinaliza\u00e7\u00e3o vi\u00e1ria na regi\u00e3o em prepara\u00e7\u00e3o para a reconfigura\u00e7\u00e3o do Bin\u00e1rio Jaguarari\u2013S\u00e3o Jos\u00e9. A interven\u00e7\u00e3o tem como objetivo melhorar a fluidez do tr\u00e1fego e garantir maior seguran\u00e7a vi\u00e1ria para motoristas, ciclistas e pedestres. Contamos com a compreens\u00e3o de todos e refor\u00e7amos a import\u00e2ncia de aten\u00e7\u00e3o \u00e0 nova sinaliza\u00e7\u00e3o durante o per\u00edodo de adapta\u00e7\u00e3o&#8221;, informou a pasta em nota.<br \/>\nAinda de acordo com a STTU, a prefeitura ir\u00e1 iniciar na pr\u00f3xima semana a implanta\u00e7\u00e3o da sinaliza\u00e7\u00e3o horizontal, como pinturas no asfalto. Quando a sinaliza\u00e7\u00e3o for conclu\u00edda, o munic\u00edpio vai informar a data de in\u00edcio do bin\u00e1rio.<br \/>\nPlaca no sem\u00e1foro pro\u00edbe entrar \u00e0 esquerda, enquanto placas nos postes pro\u00edbem seguir em frente e entrar \u00e0 direita<br \/>\nReprodu\u00e7\u00e3o<br \/>\nBin\u00e1rio<br \/>\nNatal j\u00e1 conta com um bin\u00e1rio das Ruas Jaguarari e S\u00e3o Jos\u00e9, que deixaram de ser de m\u00e3o dupla. Cada uma das vias tem m\u00e3o \u00fanica &#8211; uma no sentido ao centro da cidade e outra no sentido aos bairros da Zona Sul.<br \/>\nEm maio, a prefeitura anunciou que iria ampliar o bin\u00e1rio e iniciou obras na regi\u00e3o.<br \/>\nNa avenida Jaguarari, o bin\u00e1rio ser\u00e1 ampliado para o trecho entre o cruzamento da Ant\u00f4nio Bas\u00edlio at\u00e9 o cruzamento com a Avenida Capit\u00e3o Mor Gouveia.<br \/>\n Na Rua S\u00e3o Jos\u00e9, a amplia\u00e7\u00e3o ir\u00e1 do cruzamento com a Avenida Lima e Silva at\u00e9 o cruzamento com a Capit\u00e3o Mor Gouveia.<br \/>\nPlacas que causaram confus\u00e3o foram cobertas, em Natal<br \/>\nStephany Souza\/Inter TV Cabugi<br \/>\nVeja os v\u00eddeos mais assistidos no g1 RN<\/p>","protected":false},"excerpt":{"rendered":"<p>Instala\u00e7\u00e3o de placas para novo bin\u00e1rio em Natal causa confus\u00e3o em motoristas. Imagem cedida: Nova Parnamirim Not\u00edcias Uma placa diz que o motorista \u00e9 proibido de seguir em frente. Outra &#8230;<\/p>\n","protected":false},"author":0,"featured_media":13696,"parent":0,"menu_order":0,"comment_status":"closed","ping_status":"closed","template":"","meta":{"footnotes":""},"class_list":["post-13695","page","type-page","status-publish","has-post-thumbnail","hentry"],"yoast_head":"<!-- This site is optimized with the Yoast SEO plugin v27.1.1 - https:\/\/yoast.com\/product\/yoast-seo-wordpress\/ -->\n<title>Pode ou n\u00e3o pode? Instala\u00e7\u00e3o de placas para novo bin\u00e1rio em Natal causa confus\u00e3o em motoristas - Taveira Jr<\/title>\n<meta name=\"robots\" content=\"index, follow, max-snippet:-1, max-image-preview:large, max-video-preview:-1\" \/>\n<link rel=\"canonical\" href=\"https:\/\/deputadotaveirajr.com.br\/index.php\/pode-ou-nao-pode-instalacao-de-placas-para-novo-binario-em-natal-causa-confusao-em-motoristas\/\" \/>\n<meta property=\"og:locale\" content=\"pt_BR\" \/>\n<meta property=\"og:type\" content=\"article\" \/>\n<meta property=\"og:title\" content=\"Pode ou n\u00e3o pode? Instala\u00e7\u00e3o de placas para novo bin\u00e1rio em Natal causa confus\u00e3o em motoristas - Taveira Jr\" \/>\n<meta property=\"og:description\" content=\"Instala\u00e7\u00e3o de placas para novo bin\u00e1rio em Natal causa confus\u00e3o em motoristas. Imagem cedida: Nova Parnamirim Not\u00edcias Uma placa diz que o motorista \u00e9 proibido de seguir em frente. Outra ...\" \/>\n<meta property=\"og:url\" content=\"https:\/\/deputadotaveirajr.com.br\/index.php\/pode-ou-nao-pode-instalacao-de-placas-para-novo-binario-em-natal-causa-confusao-em-motoristas\/\" \/>\n<meta property=\"og:site_name\" content=\"Taveira Jr\" \/>\n<meta property=\"og:image\" content=\"https:\/\/s2-g1.glbimg.com\/-3KjGNeeT1VohoSqwMlwkiljunY=\/i.s3.glbimg.com\/v1\/AUTH_59edd422c0c84a879bd37670ae4f538a\/internal_photos\/bs\/2025\/U\/5\/AyvVsxTcAPBaw1uZE21Q\/placas.jpg\" \/>\n<meta name=\"twitter:card\" content=\"summary_large_image\" \/>\n<meta name=\"twitter:label1\" content=\"Est. tempo de leitura\" \/>\n\t<meta name=\"twitter:data1\" content=\"2 minutos\" \/>\n<script type=\"application\/ld+json\" class=\"yoast-schema-graph\">{\"@context\":\"https:\/\/schema.org\",\"@graph\":[{\"@type\":\"WebPage\",\"@id\":\"https:\/\/deputadotaveirajr.com.br\/index.php\/pode-ou-nao-pode-instalacao-de-placas-para-novo-binario-em-natal-causa-confusao-em-motoristas\/\",\"url\":\"https:\/\/deputadotaveirajr.com.br\/index.php\/pode-ou-nao-pode-instalacao-de-placas-para-novo-binario-em-natal-causa-confusao-em-motoristas\/\",\"name\":\"Pode ou n\u00e3o pode? Instala\u00e7\u00e3o de placas para novo bin\u00e1rio em Natal causa confus\u00e3o em motoristas - Taveira Jr\",\"isPartOf\":{\"@id\":\"https:\/\/deputadotaveirajr.com.br\/#website\"},\"primaryImageOfPage\":{\"@id\":\"https:\/\/deputadotaveirajr.com.br\/index.php\/pode-ou-nao-pode-instalacao-de-placas-para-novo-binario-em-natal-causa-confusao-em-motoristas\/#primaryimage\"},\"image\":{\"@id\":\"https:\/\/deputadotaveirajr.com.br\/index.php\/pode-ou-nao-pode-instalacao-de-placas-para-novo-binario-em-natal-causa-confusao-em-motoristas\/#primaryimage\"},\"thumbnailUrl\":\"https:\/\/deputadotaveirajr.com.br\/wp-content\/uploads\/2025\/07\/placas-4DhCHh.jpg\",\"datePublished\":\"2025-07-22T16:49:38+00:00\",\"breadcrumb\":{\"@id\":\"https:\/\/deputadotaveirajr.com.br\/index.php\/pode-ou-nao-pode-instalacao-de-placas-para-novo-binario-em-natal-causa-confusao-em-motoristas\/#breadcrumb\"},\"inLanguage\":\"pt-BR\",\"potentialAction\":[{\"@type\":\"ReadAction\",\"target\":[\"https:\/\/deputadotaveirajr.com.br\/index.php\/pode-ou-nao-pode-instalacao-de-placas-para-novo-binario-em-natal-causa-confusao-em-motoristas\/\"]}]},{\"@type\":\"ImageObject\",\"inLanguage\":\"pt-BR\",\"@id\":\"https:\/\/deputadotaveirajr.com.br\/index.php\/pode-ou-nao-pode-instalacao-de-placas-para-novo-binario-em-natal-causa-confusao-em-motoristas\/#primaryimage\",\"url\":\"https:\/\/deputadotaveirajr.com.br\/wp-content\/uploads\/2025\/07\/placas-4DhCHh.jpg\",\"contentUrl\":\"https:\/\/deputadotaveirajr.com.br\/wp-content\/uploads\/2025\/07\/placas-4DhCHh.jpg\",\"width\":1200,\"height\":780},{\"@type\":\"BreadcrumbList\",\"@id\":\"https:\/\/deputadotaveirajr.com.br\/index.php\/pode-ou-nao-pode-instalacao-de-placas-para-novo-binario-em-natal-causa-confusao-em-motoristas\/#breadcrumb\",\"itemListElement\":[{\"@type\":\"ListItem\",\"position\":1,\"name\":\"In\u00edcio\",\"item\":\"https:\/\/deputadotaveirajr.com.br\/\"},{\"@type\":\"ListItem\",\"position\":2,\"name\":\"Pode ou n\u00e3o pode? Instala\u00e7\u00e3o de placas para novo bin\u00e1rio em Natal causa confus\u00e3o em motoristas\"}]},{\"@type\":\"WebSite\",\"@id\":\"https:\/\/deputadotaveirajr.com.br\/#website\",\"url\":\"https:\/\/deputadotaveirajr.com.br\/\",\"name\":\"Taveira Jr\",\"description\":\"Deputado Estadual\",\"publisher\":{\"@id\":\"https:\/\/deputadotaveirajr.com.br\/#organization\"},\"potentialAction\":[{\"@type\":\"SearchAction\",\"target\":{\"@type\":\"EntryPoint\",\"urlTemplate\":\"https:\/\/deputadotaveirajr.com.br\/?s={search_term_string}\"},\"query-input\":{\"@type\":\"PropertyValueSpecification\",\"valueRequired\":true,\"valueName\":\"search_term_string\"}}],\"inLanguage\":\"pt-BR\"},{\"@type\":\"Organization\",\"@id\":\"https:\/\/deputadotaveirajr.com.br\/#organization\",\"name\":\"Taveira Jr\",\"url\":\"https:\/\/deputadotaveirajr.com.br\/\",\"logo\":{\"@type\":\"ImageObject\",\"inLanguage\":\"pt-BR\",\"@id\":\"https:\/\/deputadotaveirajr.com.br\/#\/schema\/logo\/image\/\",\"url\":\"https:\/\/deputadotaveirajr.com.br\/wp-content\/uploads\/2026\/01\/logolow2a.png\",\"contentUrl\":\"https:\/\/deputadotaveirajr.com.br\/wp-content\/uploads\/2026\/01\/logolow2a.png\",\"width\":290,\"height\":80,\"caption\":\"Taveira Jr\"},\"image\":{\"@id\":\"https:\/\/deputadotaveirajr.com.br\/#\/schema\/logo\/image\/\"}}]}<\/script>\n<!-- \/ Yoast SEO plugin. -->","yoast_head_json":{"title":"Pode ou n\u00e3o pode? Instala\u00e7\u00e3o de placas para novo bin\u00e1rio em Natal causa confus\u00e3o em motoristas - Taveira Jr","robots":{"index":"index","follow":"follow","max-snippet":"max-snippet:-1","max-image-preview":"max-image-preview:large","max-video-preview":"max-video-preview:-1"},"canonical":"https:\/\/deputadotaveirajr.com.br\/index.php\/pode-ou-nao-pode-instalacao-de-placas-para-novo-binario-em-natal-causa-confusao-em-motoristas\/","og_locale":"pt_BR","og_type":"article","og_title":"Pode ou n\u00e3o pode? Instala\u00e7\u00e3o de placas para novo bin\u00e1rio em Natal causa confus\u00e3o em motoristas - Taveira Jr","og_description":"Instala\u00e7\u00e3o de placas para novo bin\u00e1rio em Natal causa confus\u00e3o em motoristas. Imagem cedida: Nova Parnamirim Not\u00edcias Uma placa diz que o motorista \u00e9 proibido de seguir em frente. Outra ...","og_url":"https:\/\/deputadotaveirajr.com.br\/index.php\/pode-ou-nao-pode-instalacao-de-placas-para-novo-binario-em-natal-causa-confusao-em-motoristas\/","og_site_name":"Taveira Jr","og_image":[{"url":"https:\/\/s2-g1.glbimg.com\/-3KjGNeeT1VohoSqwMlwkiljunY=\/i.s3.glbimg.com\/v1\/AUTH_59edd422c0c84a879bd37670ae4f538a\/internal_photos\/bs\/2025\/U\/5\/AyvVsxTcAPBaw1uZE21Q\/placas.jpg","type":"","width":"","height":""}],"twitter_card":"summary_large_image","twitter_misc":{"Est. tempo de leitura":"2 minutos"},"schema":{"@context":"https:\/\/schema.org","@graph":[{"@type":"WebPage","@id":"https:\/\/deputadotaveirajr.com.br\/index.php\/pode-ou-nao-pode-instalacao-de-placas-para-novo-binario-em-natal-causa-confusao-em-motoristas\/","url":"https:\/\/deputadotaveirajr.com.br\/index.php\/pode-ou-nao-pode-instalacao-de-placas-para-novo-binario-em-natal-causa-confusao-em-motoristas\/","name":"Pode ou n\u00e3o pode? Instala\u00e7\u00e3o de placas para novo bin\u00e1rio em Natal causa confus\u00e3o em motoristas - Taveira Jr","isPartOf":{"@id":"https:\/\/deputadotaveirajr.com.br\/#website"},"primaryImageOfPage":{"@id":"https:\/\/deputadotaveirajr.com.br\/index.php\/pode-ou-nao-pode-instalacao-de-placas-para-novo-binario-em-natal-causa-confusao-em-motoristas\/#primaryimage"},"image":{"@id":"https:\/\/deputadotaveirajr.com.br\/index.php\/pode-ou-nao-pode-instalacao-de-placas-para-novo-binario-em-natal-causa-confusao-em-motoristas\/#primaryimage"},"thumbnailUrl":"https:\/\/deputadotaveirajr.com.br\/wp-content\/uploads\/2025\/07\/placas-4DhCHh.jpg","datePublished":"2025-07-22T16:49:38+00:00","breadcrumb":{"@id":"https:\/\/deputadotaveirajr.com.br\/index.php\/pode-ou-nao-pode-instalacao-de-placas-para-novo-binario-em-natal-causa-confusao-em-motoristas\/#breadcrumb"},"inLanguage":"pt-BR","potentialAction":[{"@type":"ReadAction","target":["https:\/\/deputadotaveirajr.com.br\/index.php\/pode-ou-nao-pode-instalacao-de-placas-para-novo-binario-em-natal-causa-confusao-em-motoristas\/"]}]},{"@type":"ImageObject","inLanguage":"pt-BR","@id":"https:\/\/deputadotaveirajr.com.br\/index.php\/pode-ou-nao-pode-instalacao-de-placas-para-novo-binario-em-natal-causa-confusao-em-motoristas\/#primaryimage","url":"https:\/\/deputadotaveirajr.com.br\/wp-content\/uploads\/2025\/07\/placas-4DhCHh.jpg","contentUrl":"https:\/\/deputadotaveirajr.com.br\/wp-content\/uploads\/2025\/07\/placas-4DhCHh.jpg","width":1200,"height":780},{"@type":"BreadcrumbList","@id":"https:\/\/deputadotaveirajr.com.br\/index.php\/pode-ou-nao-pode-instalacao-de-placas-para-novo-binario-em-natal-causa-confusao-em-motoristas\/#breadcrumb","itemListElement":[{"@type":"ListItem","position":1,"name":"In\u00edcio","item":"https:\/\/deputadotaveirajr.com.br\/"},{"@type":"ListItem","position":2,"name":"Pode ou n\u00e3o pode? Instala\u00e7\u00e3o de placas para novo bin\u00e1rio em Natal causa confus\u00e3o em motoristas"}]},{"@type":"WebSite","@id":"https:\/\/deputadotaveirajr.com.br\/#website","url":"https:\/\/deputadotaveirajr.com.br\/","name":"Taveira Jr","description":"Deputado Estadual","publisher":{"@id":"https:\/\/deputadotaveirajr.com.br\/#organization"},"potentialAction":[{"@type":"SearchAction","target":{"@type":"EntryPoint","urlTemplate":"https:\/\/deputadotaveirajr.com.br\/?s={search_term_string}"},"query-input":{"@type":"PropertyValueSpecification","valueRequired":true,"valueName":"search_term_string"}}],"inLanguage":"pt-BR"},{"@type":"Organization","@id":"https:\/\/deputadotaveirajr.com.br\/#organization","name":"Taveira Jr","url":"https:\/\/deputadotaveirajr.com.br\/","logo":{"@type":"ImageObject","inLanguage":"pt-BR","@id":"https:\/\/deputadotaveirajr.com.br\/#\/schema\/logo\/image\/","url":"https:\/\/deputadotaveirajr.com.br\/wp-content\/uploads\/2026\/01\/logolow2a.png","contentUrl":"https:\/\/deputadotaveirajr.com.br\/wp-content\/uploads\/2026\/01\/logolow2a.png","width":290,"height":80,"caption":"Taveira Jr"},"image":{"@id":"https:\/\/deputadotaveirajr.com.br\/#\/schema\/logo\/image\/"}}]}},"_links":{"self":[{"href":"https:\/\/deputadotaveirajr.com.br\/index.php\/wp-json\/wp\/v2\/pages\/13695","targetHints":{"allow":["GET"]}}],"collection":[{"href":"https:\/\/deputadotaveirajr.com.br\/index.php\/wp-json\/wp\/v2\/pages"}],"about":[{"href":"https:\/\/deputadotaveirajr.com.br\/index.php\/wp-json\/wp\/v2\/types\/page"}],"replies":[{"embeddable":true,"href":"https:\/\/deputadotaveirajr.com.br\/index.php\/wp-json\/wp\/v2\/comments?post=13695"}],"version-history":[{"count":0,"href":"https:\/\/deputadotaveirajr.com.br\/index.php\/wp-json\/wp\/v2\/pages\/13695\/revisions"}],"wp:featuredmedia":[{"embeddable":true,"href":"https:\/\/deputadotaveirajr.com.br\/index.php\/wp-json\/wp\/v2\/media\/13696"}],"wp:attachment":[{"href":"https:\/\/deputadotaveirajr.com.br\/index.php\/wp-json\/wp\/v2\/media?parent=13695"}],"curies":[{"name":"wp","href":"https:\/\/api.w.org\/{rel}","templated":true}]}}