{"id":13701,"date":"2025-07-25T18:59:46","date_gmt":"2025-07-25T21:59:46","guid":{"rendered":"https:\/\/deputadotaveirajr.com.br\/index.php\/conta-de-energia-mais-cara-rn-tera-bandeira-vermelha-nivel-2-em-agosto\/"},"modified":"2025-07-25T18:59:46","modified_gmt":"2025-07-25T21:59:46","slug":"conta-de-energia-mais-cara-rn-tera-bandeira-vermelha-nivel-2-em-agosto","status":"publish","type":"page","link":"https:\/\/deputadotaveirajr.com.br\/index.php\/conta-de-energia-mais-cara-rn-tera-bandeira-vermelha-nivel-2-em-agosto\/","title":{"rendered":"Conta de energia mais cara: RN ter\u00e1 bandeira vermelha n\u00edvel 2 em agosto"},"content":{"rendered":"<p><img decoding=\"async\" src=\"https:\/\/s2-g1.glbimg.com\/WgGoNbXEUNNDLWAizZG_JC-I6zM=\/i.s3.glbimg.com\/v1\/AUTH_59edd422c0c84a879bd37670ae4f538a\/internal_photos\/bs\/2025\/A\/6\/ZVluPXQjWhc3jNTuQUcA\/lampada.jpg\" \/><br \/>     L\u00e2mpada<br \/>\nrawpixel.com\/Freepik<br \/>\nA Ag\u00eancia Nacional de Energia El\u00e9trica (Aneel) confirmou, nesta sexta-feira (25), que acionou a bandeira vermelha n\u00edvel 2 para o m\u00eas de agosto no Rio Grande do Norte e em todo o Brasil, aumentando o custo da energia para os consumidores.<br \/>\nSegundo a Aneel, as contas de energia el\u00e9trica ter\u00e3o adicional de R$ 7,87 para cada 100 quilowatts-hora (kWh) consumidos.<br \/>\n\ud83d\udcf3Participe do canal do g1 RN no WhatsApp<br \/>\nO motivo da bandeira 2, segundo a Aneel, \u00e9 o baixo n\u00edvel das chuvas, que diminui o reservat\u00f3rio das hidrel\u00e9tricas e leva ao acionamento das termel\u00e9tricas, que s\u00e3o mais caras.<br \/>\nA bandeira tarif\u00e1ria sinaliza ao consumidor os custos reais da gera\u00e7\u00e3o de energia no pa\u00eds. Quando a gera\u00e7\u00e3o fica mais cara, a cobran\u00e7a extra \u00e9 aplicada automaticamente nas contas.<br \/>\nUma resid\u00eancia t\u00edpica no Brasil com quatro pessoas morando consome em m\u00e9dia de 150 kWh a 200kWh por m\u00eas.<br \/>\nComo funciona o sistema de cores<br \/>\n\ud83d\udca1 O sistema de cores da Aneel sinaliza as condi\u00e7\u00f5es de gera\u00e7\u00e3o de energia. Se chove pouco e as hidrel\u00e9tricas geram menos, \u00e9 preciso acionar usinas termel\u00e9tricas, que s\u00e3o mais caras.<br \/>\n\ud83d\udca1 Para pagar por essas usinas, a Aneel aciona as bandeiras amarela, vermelha 1 ou vermelha 2, com taxas extras na conta de luz.<br \/>\nSaiba quanto custa cada bandeira<br \/>\nCada bandeira tarif\u00e1ria acionada pela Aneel pode gerar um custo extra ao consumidor:<br \/>\n\ud83d\udfe9bandeira verde (condi\u00e7\u00f5es favor\u00e1veis de gera\u00e7\u00e3o de energia) \u2013 sem custo extra;<br \/>\n\ud83d\udfe8bandeira amarela (condi\u00e7\u00f5es menos favor\u00e1veis) \u2013 R$ 18,85 por MWh (megawatt-hora) utilizado (ou R$ 1,88 a cada 100kWh);<br \/>\n\ud83d\udfe5bandeira vermelha patamar 1 (condi\u00e7\u00f5es desfavor\u00e1veis) \u2013 R$ 44,63 por MWh utilizado (ou R$ 4,46 a cada 100 kWh);<br \/>\n\ud83d\udfe5bandeira vermelha patamar 2 (condi\u00e7\u00f5es muito desfavor\u00e1veis) \u2013 R$ 78,77 por MWh utilizado (ou R$ 7,87 a cada 100 kWh).<br \/>\nVeja dicas para economizar<br \/>\nA Companhia Energ\u00e9tica do Rio Grande do Norte (Neoenergia Cosern) deu dicas para economizar na conta de energia:<br \/>\nAr-condicionado e ventilador<br \/>\nO recomendado \u00e9 manter a temperatura do aparelho entre 23\u00baC e 25\u00baC e programar o desligamento autom\u00e1tico durante a madrugada. A outra op\u00e7\u00e3o \u00e9 adquirir aparelhos com a tecnologia Inverter, que possuem melhor uso do compressor. Outro detalhe importante \u00e9 conferir se a manuten\u00e7\u00e3o do aparelho est\u00e1 em dia e limpar filtros e sa\u00eddas de ar a cada duas semanas.<br \/>\nAs recomenda\u00e7\u00f5es para quem vai comprar um ar-condicionado s\u00e3o de optar por modelos Split, dotados de tecnologia Inverter. Eles s\u00e3o at\u00e9 60% mais econ\u00f4micos por adotarem um sistema que n\u00e3o desliga completamente o compressor de ar durante o uso, evitando picos de energia. \u00c9 essencial identificar a capacidade mais adequada do aparelho para as caracter\u00edsticas do ambiente. A instala\u00e7\u00e3o deve ser feita, preferencialmente, em paralelo ao lado de maior dimens\u00e3o do c\u00f4modo e no alto.<br \/>\nAp\u00f3s a refrigera\u00e7\u00e3o do espa\u00e7o, o consumidor pode recorrer aos ventiladores de teto, que s\u00e3o mais econ\u00f4micos, para circular o ar e manter o clima agrad\u00e1vel. Quanto maior a velocidade, maior o consumo.<br \/>\nChuveiro el\u00e9trico<br \/>\nDeve ser mantido desligado ou na op\u00e7\u00e3o ver\u00e3o, que consome at\u00e9 30% menos energia. Al\u00e9m disso, deve-se tomar banhos r\u00e1pidos, e desligar a \u00e1gua quando estiver ensaboando. Por seguran\u00e7a, a orienta\u00e7\u00e3o \u00e9 sempre usar resist\u00eancias originais, pois as inadequadas podem elevar o consumo de energia e provocar s\u00e9rios danos \u00e0 instala\u00e7\u00e3o e ao chuveiro, causando risco de acidentes. A troca por aquecedor solar t\u00e9rmico \u00e9 sempre recomendado.<br \/>\nUm minuto de banho com chuveiro de 5.500 W custa R$ 2,49 o minuto considerando o valor de R$ 1,00\/kWh.<br \/>\nGeladeiras<br \/>\nPara evitar o aumento do consumo, deve-se verificar a borracha de veda\u00e7\u00e3o e evitar colocar alimentos quentes. Outra orienta\u00e7\u00e3o \u00e9 manter o aparelho a pelo menos 10 cent\u00edmetros de dist\u00e2ncia da parede, evitando que o calor aumente excessivamente na parte traseira. Deve-se abrir a geladeira o m\u00ednimo de vezes poss\u00edvel.<br \/>\nIlumina\u00e7\u00e3o natural e uso de LED<br \/>\n\u00c9 importante manter janelas e cortinas abertas para utilizar a ilumina\u00e7\u00e3o natural. Utilizar cores claras nas paredes e apagar as l\u00e2mpadas dos c\u00f4modos desocupados, com exce\u00e7\u00e3o daquelas que contribuem com a seguran\u00e7a tamb\u00e9m \u00e9 importante. Quando precisar usar l\u00e2mpadas, escolher as de LED, que s\u00e3o cerca de 40% mais econ\u00f4micas. O uso de l\u00e2mpadas LED traz uma s\u00e9rie de benef\u00edcios, al\u00e9m de gerar economia de energia.<br \/>\nElas possuem maior vida \u00fatil, com dura\u00e7\u00e3o de aproximadamente 25 mil horas, enquanto as l\u00e2mpadas fluorescentes duram 15 mil horas. A tecnologia tamb\u00e9m causa menos impacto ambiental. O LED n\u00e3o possui elementos t\u00f3xicos na sua composi\u00e7\u00e3o, ao contr\u00e1rio das l\u00e2mpadas fluorescentes, que possuem merc\u00fario, gerador de res\u00edduos prejudiciais ao meio ambiente quando essas s\u00e3o descartadas de maneira irregular em rios e aterros.<br \/>\nMedida provis\u00f3ria sobre conta de luz gratuita para baixa renda vai ser enviada ao Congresso Nacional<br \/>\nV\u00eddeos mais assistidos do g1 RN<\/p>","protected":false},"excerpt":{"rendered":"<p>L\u00e2mpada rawpixel.com\/Freepik A Ag\u00eancia Nacional de Energia El\u00e9trica (Aneel) confirmou, nesta sexta-feira (25), que acionou a bandeira vermelha n\u00edvel 2 para o m\u00eas de agosto no Rio Grande do Norte &#8230;<\/p>\n","protected":false},"author":0,"featured_media":13702,"parent":0,"menu_order":0,"comment_status":"closed","ping_status":"closed","template":"","meta":{"footnotes":""},"class_list":["post-13701","page","type-page","status-publish","has-post-thumbnail","hentry"],"yoast_head":"<!-- This site is optimized with the Yoast SEO plugin v27.1.1 - https:\/\/yoast.com\/product\/yoast-seo-wordpress\/ -->\n<title>Conta de energia mais cara: RN ter\u00e1 bandeira vermelha n\u00edvel 2 em agosto - Taveira Jr<\/title>\n<meta name=\"robots\" content=\"index, follow, max-snippet:-1, max-image-preview:large, max-video-preview:-1\" \/>\n<link rel=\"canonical\" href=\"https:\/\/deputadotaveirajr.com.br\/index.php\/conta-de-energia-mais-cara-rn-tera-bandeira-vermelha-nivel-2-em-agosto\/\" \/>\n<meta property=\"og:locale\" content=\"pt_BR\" \/>\n<meta property=\"og:type\" content=\"article\" \/>\n<meta property=\"og:title\" content=\"Conta de energia mais cara: RN ter\u00e1 bandeira vermelha n\u00edvel 2 em agosto - Taveira Jr\" \/>\n<meta property=\"og:description\" content=\"L\u00e2mpada rawpixel.com\/Freepik A Ag\u00eancia Nacional de Energia El\u00e9trica (Aneel) confirmou, nesta sexta-feira (25), que acionou a bandeira vermelha n\u00edvel 2 para o m\u00eas de agosto no Rio Grande do Norte ...\" \/>\n<meta property=\"og:url\" content=\"https:\/\/deputadotaveirajr.com.br\/index.php\/conta-de-energia-mais-cara-rn-tera-bandeira-vermelha-nivel-2-em-agosto\/\" \/>\n<meta property=\"og:site_name\" content=\"Taveira Jr\" \/>\n<meta property=\"og:image\" content=\"https:\/\/s2-g1.glbimg.com\/WgGoNbXEUNNDLWAizZG_JC-I6zM=\/i.s3.glbimg.com\/v1\/AUTH_59edd422c0c84a879bd37670ae4f538a\/internal_photos\/bs\/2025\/A\/6\/ZVluPXQjWhc3jNTuQUcA\/lampada.jpg\" \/>\n<meta name=\"twitter:card\" content=\"summary_large_image\" \/>\n<meta name=\"twitter:label1\" content=\"Est. tempo de leitura\" \/>\n\t<meta name=\"twitter:data1\" content=\"4 minutos\" \/>\n<script type=\"application\/ld+json\" class=\"yoast-schema-graph\">{\"@context\":\"https:\/\/schema.org\",\"@graph\":[{\"@type\":\"WebPage\",\"@id\":\"https:\/\/deputadotaveirajr.com.br\/index.php\/conta-de-energia-mais-cara-rn-tera-bandeira-vermelha-nivel-2-em-agosto\/\",\"url\":\"https:\/\/deputadotaveirajr.com.br\/index.php\/conta-de-energia-mais-cara-rn-tera-bandeira-vermelha-nivel-2-em-agosto\/\",\"name\":\"Conta de energia mais cara: RN ter\u00e1 bandeira vermelha n\u00edvel 2 em agosto - Taveira Jr\",\"isPartOf\":{\"@id\":\"https:\/\/deputadotaveirajr.com.br\/#website\"},\"primaryImageOfPage\":{\"@id\":\"https:\/\/deputadotaveirajr.com.br\/index.php\/conta-de-energia-mais-cara-rn-tera-bandeira-vermelha-nivel-2-em-agosto\/#primaryimage\"},\"image\":{\"@id\":\"https:\/\/deputadotaveirajr.com.br\/index.php\/conta-de-energia-mais-cara-rn-tera-bandeira-vermelha-nivel-2-em-agosto\/#primaryimage\"},\"thumbnailUrl\":\"https:\/\/deputadotaveirajr.com.br\/wp-content\/uploads\/2025\/07\/lampada-clzmNP.jpg\",\"datePublished\":\"2025-07-25T21:59:46+00:00\",\"breadcrumb\":{\"@id\":\"https:\/\/deputadotaveirajr.com.br\/index.php\/conta-de-energia-mais-cara-rn-tera-bandeira-vermelha-nivel-2-em-agosto\/#breadcrumb\"},\"inLanguage\":\"pt-BR\",\"potentialAction\":[{\"@type\":\"ReadAction\",\"target\":[\"https:\/\/deputadotaveirajr.com.br\/index.php\/conta-de-energia-mais-cara-rn-tera-bandeira-vermelha-nivel-2-em-agosto\/\"]}]},{\"@type\":\"ImageObject\",\"inLanguage\":\"pt-BR\",\"@id\":\"https:\/\/deputadotaveirajr.com.br\/index.php\/conta-de-energia-mais-cara-rn-tera-bandeira-vermelha-nivel-2-em-agosto\/#primaryimage\",\"url\":\"https:\/\/deputadotaveirajr.com.br\/wp-content\/uploads\/2025\/07\/lampada-clzmNP.jpg\",\"contentUrl\":\"https:\/\/deputadotaveirajr.com.br\/wp-content\/uploads\/2025\/07\/lampada-clzmNP.jpg\",\"width\":1500,\"height\":1001},{\"@type\":\"BreadcrumbList\",\"@id\":\"https:\/\/deputadotaveirajr.com.br\/index.php\/conta-de-energia-mais-cara-rn-tera-bandeira-vermelha-nivel-2-em-agosto\/#breadcrumb\",\"itemListElement\":[{\"@type\":\"ListItem\",\"position\":1,\"name\":\"In\u00edcio\",\"item\":\"https:\/\/deputadotaveirajr.com.br\/\"},{\"@type\":\"ListItem\",\"position\":2,\"name\":\"Conta de energia mais cara: RN ter\u00e1 bandeira vermelha n\u00edvel 2 em agosto\"}]},{\"@type\":\"WebSite\",\"@id\":\"https:\/\/deputadotaveirajr.com.br\/#website\",\"url\":\"https:\/\/deputadotaveirajr.com.br\/\",\"name\":\"Taveira Jr\",\"description\":\"Deputado Estadual\",\"publisher\":{\"@id\":\"https:\/\/deputadotaveirajr.com.br\/#organization\"},\"potentialAction\":[{\"@type\":\"SearchAction\",\"target\":{\"@type\":\"EntryPoint\",\"urlTemplate\":\"https:\/\/deputadotaveirajr.com.br\/?s={search_term_string}\"},\"query-input\":{\"@type\":\"PropertyValueSpecification\",\"valueRequired\":true,\"valueName\":\"search_term_string\"}}],\"inLanguage\":\"pt-BR\"},{\"@type\":\"Organization\",\"@id\":\"https:\/\/deputadotaveirajr.com.br\/#organization\",\"name\":\"Taveira Jr\",\"url\":\"https:\/\/deputadotaveirajr.com.br\/\",\"logo\":{\"@type\":\"ImageObject\",\"inLanguage\":\"pt-BR\",\"@id\":\"https:\/\/deputadotaveirajr.com.br\/#\/schema\/logo\/image\/\",\"url\":\"https:\/\/deputadotaveirajr.com.br\/wp-content\/uploads\/2026\/01\/logolow2a.png\",\"contentUrl\":\"https:\/\/deputadotaveirajr.com.br\/wp-content\/uploads\/2026\/01\/logolow2a.png\",\"width\":290,\"height\":80,\"caption\":\"Taveira Jr\"},\"image\":{\"@id\":\"https:\/\/deputadotaveirajr.com.br\/#\/schema\/logo\/image\/\"}}]}<\/script>\n<!-- \/ Yoast SEO plugin. -->","yoast_head_json":{"title":"Conta de energia mais cara: RN ter\u00e1 bandeira vermelha n\u00edvel 2 em agosto - Taveira Jr","robots":{"index":"index","follow":"follow","max-snippet":"max-snippet:-1","max-image-preview":"max-image-preview:large","max-video-preview":"max-video-preview:-1"},"canonical":"https:\/\/deputadotaveirajr.com.br\/index.php\/conta-de-energia-mais-cara-rn-tera-bandeira-vermelha-nivel-2-em-agosto\/","og_locale":"pt_BR","og_type":"article","og_title":"Conta de energia mais cara: RN ter\u00e1 bandeira vermelha n\u00edvel 2 em agosto - Taveira Jr","og_description":"L\u00e2mpada rawpixel.com\/Freepik A Ag\u00eancia Nacional de Energia El\u00e9trica (Aneel) confirmou, nesta sexta-feira (25), que acionou a bandeira vermelha n\u00edvel 2 para o m\u00eas de agosto no Rio Grande do Norte ...","og_url":"https:\/\/deputadotaveirajr.com.br\/index.php\/conta-de-energia-mais-cara-rn-tera-bandeira-vermelha-nivel-2-em-agosto\/","og_site_name":"Taveira Jr","og_image":[{"url":"https:\/\/s2-g1.glbimg.com\/WgGoNbXEUNNDLWAizZG_JC-I6zM=\/i.s3.glbimg.com\/v1\/AUTH_59edd422c0c84a879bd37670ae4f538a\/internal_photos\/bs\/2025\/A\/6\/ZVluPXQjWhc3jNTuQUcA\/lampada.jpg","type":"","width":"","height":""}],"twitter_card":"summary_large_image","twitter_misc":{"Est. tempo de leitura":"4 minutos"},"schema":{"@context":"https:\/\/schema.org","@graph":[{"@type":"WebPage","@id":"https:\/\/deputadotaveirajr.com.br\/index.php\/conta-de-energia-mais-cara-rn-tera-bandeira-vermelha-nivel-2-em-agosto\/","url":"https:\/\/deputadotaveirajr.com.br\/index.php\/conta-de-energia-mais-cara-rn-tera-bandeira-vermelha-nivel-2-em-agosto\/","name":"Conta de energia mais cara: RN ter\u00e1 bandeira vermelha n\u00edvel 2 em agosto - Taveira Jr","isPartOf":{"@id":"https:\/\/deputadotaveirajr.com.br\/#website"},"primaryImageOfPage":{"@id":"https:\/\/deputadotaveirajr.com.br\/index.php\/conta-de-energia-mais-cara-rn-tera-bandeira-vermelha-nivel-2-em-agosto\/#primaryimage"},"image":{"@id":"https:\/\/deputadotaveirajr.com.br\/index.php\/conta-de-energia-mais-cara-rn-tera-bandeira-vermelha-nivel-2-em-agosto\/#primaryimage"},"thumbnailUrl":"https:\/\/deputadotaveirajr.com.br\/wp-content\/uploads\/2025\/07\/lampada-clzmNP.jpg","datePublished":"2025-07-25T21:59:46+00:00","breadcrumb":{"@id":"https:\/\/deputadotaveirajr.com.br\/index.php\/conta-de-energia-mais-cara-rn-tera-bandeira-vermelha-nivel-2-em-agosto\/#breadcrumb"},"inLanguage":"pt-BR","potentialAction":[{"@type":"ReadAction","target":["https:\/\/deputadotaveirajr.com.br\/index.php\/conta-de-energia-mais-cara-rn-tera-bandeira-vermelha-nivel-2-em-agosto\/"]}]},{"@type":"ImageObject","inLanguage":"pt-BR","@id":"https:\/\/deputadotaveirajr.com.br\/index.php\/conta-de-energia-mais-cara-rn-tera-bandeira-vermelha-nivel-2-em-agosto\/#primaryimage","url":"https:\/\/deputadotaveirajr.com.br\/wp-content\/uploads\/2025\/07\/lampada-clzmNP.jpg","contentUrl":"https:\/\/deputadotaveirajr.com.br\/wp-content\/uploads\/2025\/07\/lampada-clzmNP.jpg","width":1500,"height":1001},{"@type":"BreadcrumbList","@id":"https:\/\/deputadotaveirajr.com.br\/index.php\/conta-de-energia-mais-cara-rn-tera-bandeira-vermelha-nivel-2-em-agosto\/#breadcrumb","itemListElement":[{"@type":"ListItem","position":1,"name":"In\u00edcio","item":"https:\/\/deputadotaveirajr.com.br\/"},{"@type":"ListItem","position":2,"name":"Conta de energia mais cara: RN ter\u00e1 bandeira vermelha n\u00edvel 2 em agosto"}]},{"@type":"WebSite","@id":"https:\/\/deputadotaveirajr.com.br\/#website","url":"https:\/\/deputadotaveirajr.com.br\/","name":"Taveira Jr","description":"Deputado Estadual","publisher":{"@id":"https:\/\/deputadotaveirajr.com.br\/#organization"},"potentialAction":[{"@type":"SearchAction","target":{"@type":"EntryPoint","urlTemplate":"https:\/\/deputadotaveirajr.com.br\/?s={search_term_string}"},"query-input":{"@type":"PropertyValueSpecification","valueRequired":true,"valueName":"search_term_string"}}],"inLanguage":"pt-BR"},{"@type":"Organization","@id":"https:\/\/deputadotaveirajr.com.br\/#organization","name":"Taveira Jr","url":"https:\/\/deputadotaveirajr.com.br\/","logo":{"@type":"ImageObject","inLanguage":"pt-BR","@id":"https:\/\/deputadotaveirajr.com.br\/#\/schema\/logo\/image\/","url":"https:\/\/deputadotaveirajr.com.br\/wp-content\/uploads\/2026\/01\/logolow2a.png","contentUrl":"https:\/\/deputadotaveirajr.com.br\/wp-content\/uploads\/2026\/01\/logolow2a.png","width":290,"height":80,"caption":"Taveira Jr"},"image":{"@id":"https:\/\/deputadotaveirajr.com.br\/#\/schema\/logo\/image\/"}}]}},"_links":{"self":[{"href":"https:\/\/deputadotaveirajr.com.br\/index.php\/wp-json\/wp\/v2\/pages\/13701","targetHints":{"allow":["GET"]}}],"collection":[{"href":"https:\/\/deputadotaveirajr.com.br\/index.php\/wp-json\/wp\/v2\/pages"}],"about":[{"href":"https:\/\/deputadotaveirajr.com.br\/index.php\/wp-json\/wp\/v2\/types\/page"}],"replies":[{"embeddable":true,"href":"https:\/\/deputadotaveirajr.com.br\/index.php\/wp-json\/wp\/v2\/comments?post=13701"}],"version-history":[{"count":0,"href":"https:\/\/deputadotaveirajr.com.br\/index.php\/wp-json\/wp\/v2\/pages\/13701\/revisions"}],"wp:featuredmedia":[{"embeddable":true,"href":"https:\/\/deputadotaveirajr.com.br\/index.php\/wp-json\/wp\/v2\/media\/13702"}],"wp:attachment":[{"href":"https:\/\/deputadotaveirajr.com.br\/index.php\/wp-json\/wp\/v2\/media?parent=13701"}],"curies":[{"name":"wp","href":"https:\/\/api.w.org\/{rel}","templated":true}]}}