{"id":13703,"date":"2025-07-25T15:38:22","date_gmt":"2025-07-25T18:38:22","guid":{"rendered":"https:\/\/deputadotaveirajr.com.br\/index.php\/sogro-e-preso-suspeito-de-envolvimento-no-desaparecimento-de-adolescente-de-16-anos\/"},"modified":"2025-07-25T15:38:22","modified_gmt":"2025-07-25T18:38:22","slug":"sogro-e-preso-suspeito-de-envolvimento-no-desaparecimento-de-adolescente-de-16-anos","status":"publish","type":"page","link":"https:\/\/deputadotaveirajr.com.br\/index.php\/sogro-e-preso-suspeito-de-envolvimento-no-desaparecimento-de-adolescente-de-16-anos\/","title":{"rendered":"Sogro \u00e9 preso suspeito de envolvimento no desaparecimento de adolescente de 16 anos"},"content":{"rendered":"<p><img decoding=\"async\" src=\"https:\/\/s2-g1.glbimg.com\/f4OGj1hX5DH-Xh4-mYq4Q8bjPss=\/i.s3.glbimg.com\/v1\/AUTH_59edd422c0c84a879bd37670ae4f538a\/internal_photos\/bs\/2025\/V\/4\/40Ktd9QFaiGn9tXD7zlQ\/ricadison.jpg\" \/><br \/>     Adolescente desapareceu ao sair de casa para encontrar namorada na Grande Natal<br \/>\nCedida<br \/>\nA Pol\u00edcia Civil prendeu nesta sexta-feira (25) o sogro do adolescente de 16 anos de idade que desapareceu no \u00faltimo dia 15 de julho, quando saiu para visitar a namorada, de 13 anos, em S\u00e3o Gon\u00e7alo do Amarante, na Grande Natal. O tio da menina tamb\u00e9m foi detido suspeito de participa\u00e7\u00e3o no desaparecimento do adolescente.<br \/>\nA motiva\u00e7\u00e3o do crime seria a desaprova\u00e7\u00e3o do relacionamento dos dois adolescentes, segundo a pol\u00edcia.<br \/>\n\ud83d\udcf3 Clique aqui para seguir o canal do g1 RN no WhatsApp<br \/>\n\u27a1\ufe0f Ricadison Wiliam Faria, de 16 anos, foi visto pela \u00faltima vez no dia 15 de julho quando combinou com a namorada de encontr\u00e1-la na casa dela. Por volta das 22h40 do mesmo dia, a m\u00e3e tentou contato com o filho, mas sem sucesso. Desde ent\u00e3o, o jovem n\u00e3o foi mais visto e n\u00e3o fez nenhum tipo de contato.<br \/>\nAs investiga\u00e7\u00f5es da Pol\u00edcia Civil apontaram que Ricadison foi atra\u00eddo at\u00e9 o local onde os investigados residem, ap\u00f3s receber mensagens enviadas por meio do perfil da adolescente com quem namorava.<br \/>\nLEIA TAMB\u00c9M<br \/>\nDESAPARECIMENTO: Fam\u00edlia faz protesto e cobra respostas ap\u00f3s sumi\u00e7o de adolescente<br \/>\nSegundo a pol\u00edcia, ele foi at\u00e9 a casa dela &#8211; onde tamb\u00e9m moram o pai e o tio &#8211; em uma corrida por aplicativo solicitada por um dos suspeitos.<br \/>\n&#8220;A v\u00edtima foi abordada de forma violenta assim que chegou ao im\u00f3vel e, desde ent\u00e3o, n\u00e3o foi mais vista&#8221;, informou a pol\u00edcia.<br \/>\nA Pol\u00edcia Civil n\u00e3o confirmou, oficialmente, a morte do jovem, mas informou que &#8220;embora o corpo do adolescente ainda n\u00e3o tenha sido localizado, as buscas continuam de forma ininterrupta&#8221;.<br \/>\n&#8216;A\u00e7\u00e3o planejada&#8217;, diz pol\u00edcia<br \/>\nSegundo a Pol\u00edcia Civil, a investiga\u00e7\u00e3o conseguiu reunir um conjunto probat\u00f3rio robusto, com imagens de c\u00e2meras de seguran\u00e7a, dados extra\u00eddos de aplicativos, depoimentos e confiss\u00e3o parcial de um dos investigados, que relatou ter presenciado a abordagem e indicou o uso de um ve\u00edculo \u2014 j\u00e1 apreendido \u2014 para transportar a v\u00edtima.<br \/>\n&#8220;Os levantamentos indicam que a a\u00e7\u00e3o foi planejada e que houve tentativa de obstru\u00e7\u00e3o das investiga\u00e7\u00f5es, inclusive com destrui\u00e7\u00e3o de provas e apresenta\u00e7\u00e3o de \u00e1libis contradit\u00f3rios&#8221;, informou a pol\u00edcia.<br \/>\nContra os suspeitos, foram emitidos dois mandados de pris\u00e3o tempor\u00e1ria. A investiga\u00e7\u00e3o foi da 9\u00aa Delegacia de Homic\u00eddios e de Prote\u00e7\u00e3o \u00e0 Pessoa (9\u00aa DHPP\/Natal).<br \/>\n A Pol\u00edcia Civil informou que segue com dilig\u00eancias em campo, an\u00e1lise de novos elementos e oitiva de envolvidos, com o objetivo de localizar Ricadison e esclarecer integralmente o caso.<br \/>\nAdolescente de 16 anos segue desaparecido em Natal<br \/>\nDesaparecido desde 15 de julho<br \/>\nSegundo familiares, Ricadison n\u00e3o possui celular pr\u00f3prio. Ele utilizava o telefone da m\u00e3e, a dona de casa Kathiane Farias, para se comunicar com a namorada.<br \/>\nUm print da \u00faltima conversa entre os dois mostra que o encontro na casa da jovem foi combinado entre 18h e 21h.<br \/>\nEm um dos trechos, a adolescente afirma que o pai n\u00e3o estaria em casa. Na sequ\u00eancia, no entanto, ela envia outra mensagem dizendo: &#8220;Pai vai ver o endere\u00e7o, ele que pede pra mim&#8221;.<br \/>\nMais tarde, \u00e0s 22h41, a m\u00e3e de Ricadison tenta entrar em contato com o filho por mensagem e liga\u00e7\u00e3o, sem sucesso. Desde ent\u00e3o, o jovem n\u00e3o foi mais visto e n\u00e3o fez nenhum tipo de contato.<br \/>\n&#8220;At\u00e9 ent\u00e3o eu n\u00e3o tenho nenhuma not\u00edcia, eu n\u00e3o tenho nenhuma pista de onde possa ser que meu filho esteja. Meu filho ele n\u00e3o era envolvido com nada e n\u00e3o tava devendo nada a ningu\u00e9m, ent\u00e3o assim, a gente n\u00e3o tem nenhuma suspeita&#8221;, relatou a mulher.<br \/>\nV\u00eddeos mais assistidos do g1 RN<\/p>","protected":false},"excerpt":{"rendered":"<p>Adolescente desapareceu ao sair de casa para encontrar namorada na Grande Natal Cedida A Pol\u00edcia Civil prendeu nesta sexta-feira (25) o sogro do adolescente de 16 anos de idade que &#8230;<\/p>\n","protected":false},"author":0,"featured_media":13704,"parent":0,"menu_order":0,"comment_status":"closed","ping_status":"closed","template":"","meta":{"footnotes":""},"class_list":["post-13703","page","type-page","status-publish","has-post-thumbnail","hentry"],"yoast_head":"<!-- This site is optimized with the Yoast SEO plugin v27.1.1 - https:\/\/yoast.com\/product\/yoast-seo-wordpress\/ -->\n<title>Sogro \u00e9 preso suspeito de envolvimento no desaparecimento de adolescente de 16 anos - Taveira Jr<\/title>\n<meta name=\"robots\" content=\"index, follow, max-snippet:-1, max-image-preview:large, max-video-preview:-1\" \/>\n<link rel=\"canonical\" href=\"https:\/\/deputadotaveirajr.com.br\/index.php\/sogro-e-preso-suspeito-de-envolvimento-no-desaparecimento-de-adolescente-de-16-anos\/\" \/>\n<meta property=\"og:locale\" content=\"pt_BR\" \/>\n<meta property=\"og:type\" content=\"article\" \/>\n<meta property=\"og:title\" content=\"Sogro \u00e9 preso suspeito de envolvimento no desaparecimento de adolescente de 16 anos - Taveira Jr\" \/>\n<meta property=\"og:description\" content=\"Adolescente desapareceu ao sair de casa para encontrar namorada na Grande Natal Cedida A Pol\u00edcia Civil prendeu nesta sexta-feira (25) o sogro do adolescente de 16 anos de idade que ...\" \/>\n<meta property=\"og:url\" content=\"https:\/\/deputadotaveirajr.com.br\/index.php\/sogro-e-preso-suspeito-de-envolvimento-no-desaparecimento-de-adolescente-de-16-anos\/\" \/>\n<meta property=\"og:site_name\" content=\"Taveira Jr\" \/>\n<meta property=\"og:image\" content=\"https:\/\/s2-g1.glbimg.com\/f4OGj1hX5DH-Xh4-mYq4Q8bjPss=\/i.s3.glbimg.com\/v1\/AUTH_59edd422c0c84a879bd37670ae4f538a\/internal_photos\/bs\/2025\/V\/4\/40Ktd9QFaiGn9tXD7zlQ\/ricadison.jpg\" \/>\n<meta name=\"twitter:card\" content=\"summary_large_image\" \/>\n<meta name=\"twitter:label1\" content=\"Est. tempo de leitura\" \/>\n\t<meta name=\"twitter:data1\" content=\"3 minutos\" \/>\n<script type=\"application\/ld+json\" class=\"yoast-schema-graph\">{\"@context\":\"https:\/\/schema.org\",\"@graph\":[{\"@type\":\"WebPage\",\"@id\":\"https:\/\/deputadotaveirajr.com.br\/index.php\/sogro-e-preso-suspeito-de-envolvimento-no-desaparecimento-de-adolescente-de-16-anos\/\",\"url\":\"https:\/\/deputadotaveirajr.com.br\/index.php\/sogro-e-preso-suspeito-de-envolvimento-no-desaparecimento-de-adolescente-de-16-anos\/\",\"name\":\"Sogro \u00e9 preso suspeito de envolvimento no desaparecimento de adolescente de 16 anos - Taveira Jr\",\"isPartOf\":{\"@id\":\"https:\/\/deputadotaveirajr.com.br\/#website\"},\"primaryImageOfPage\":{\"@id\":\"https:\/\/deputadotaveirajr.com.br\/index.php\/sogro-e-preso-suspeito-de-envolvimento-no-desaparecimento-de-adolescente-de-16-anos\/#primaryimage\"},\"image\":{\"@id\":\"https:\/\/deputadotaveirajr.com.br\/index.php\/sogro-e-preso-suspeito-de-envolvimento-no-desaparecimento-de-adolescente-de-16-anos\/#primaryimage\"},\"thumbnailUrl\":\"https:\/\/deputadotaveirajr.com.br\/wp-content\/uploads\/2025\/07\/ricadison-um9p4o.jpg\",\"datePublished\":\"2025-07-25T18:38:22+00:00\",\"breadcrumb\":{\"@id\":\"https:\/\/deputadotaveirajr.com.br\/index.php\/sogro-e-preso-suspeito-de-envolvimento-no-desaparecimento-de-adolescente-de-16-anos\/#breadcrumb\"},\"inLanguage\":\"pt-BR\",\"potentialAction\":[{\"@type\":\"ReadAction\",\"target\":[\"https:\/\/deputadotaveirajr.com.br\/index.php\/sogro-e-preso-suspeito-de-envolvimento-no-desaparecimento-de-adolescente-de-16-anos\/\"]}]},{\"@type\":\"ImageObject\",\"inLanguage\":\"pt-BR\",\"@id\":\"https:\/\/deputadotaveirajr.com.br\/index.php\/sogro-e-preso-suspeito-de-envolvimento-no-desaparecimento-de-adolescente-de-16-anos\/#primaryimage\",\"url\":\"https:\/\/deputadotaveirajr.com.br\/wp-content\/uploads\/2025\/07\/ricadison-um9p4o.jpg\",\"contentUrl\":\"https:\/\/deputadotaveirajr.com.br\/wp-content\/uploads\/2025\/07\/ricadison-um9p4o.jpg\",\"width\":1200,\"height\":1084},{\"@type\":\"BreadcrumbList\",\"@id\":\"https:\/\/deputadotaveirajr.com.br\/index.php\/sogro-e-preso-suspeito-de-envolvimento-no-desaparecimento-de-adolescente-de-16-anos\/#breadcrumb\",\"itemListElement\":[{\"@type\":\"ListItem\",\"position\":1,\"name\":\"In\u00edcio\",\"item\":\"https:\/\/deputadotaveirajr.com.br\/\"},{\"@type\":\"ListItem\",\"position\":2,\"name\":\"Sogro \u00e9 preso suspeito de envolvimento no desaparecimento de adolescente de 16 anos\"}]},{\"@type\":\"WebSite\",\"@id\":\"https:\/\/deputadotaveirajr.com.br\/#website\",\"url\":\"https:\/\/deputadotaveirajr.com.br\/\",\"name\":\"Taveira Jr\",\"description\":\"Deputado Estadual\",\"publisher\":{\"@id\":\"https:\/\/deputadotaveirajr.com.br\/#organization\"},\"potentialAction\":[{\"@type\":\"SearchAction\",\"target\":{\"@type\":\"EntryPoint\",\"urlTemplate\":\"https:\/\/deputadotaveirajr.com.br\/?s={search_term_string}\"},\"query-input\":{\"@type\":\"PropertyValueSpecification\",\"valueRequired\":true,\"valueName\":\"search_term_string\"}}],\"inLanguage\":\"pt-BR\"},{\"@type\":\"Organization\",\"@id\":\"https:\/\/deputadotaveirajr.com.br\/#organization\",\"name\":\"Taveira Jr\",\"url\":\"https:\/\/deputadotaveirajr.com.br\/\",\"logo\":{\"@type\":\"ImageObject\",\"inLanguage\":\"pt-BR\",\"@id\":\"https:\/\/deputadotaveirajr.com.br\/#\/schema\/logo\/image\/\",\"url\":\"https:\/\/deputadotaveirajr.com.br\/wp-content\/uploads\/2026\/01\/logolow2a.png\",\"contentUrl\":\"https:\/\/deputadotaveirajr.com.br\/wp-content\/uploads\/2026\/01\/logolow2a.png\",\"width\":290,\"height\":80,\"caption\":\"Taveira Jr\"},\"image\":{\"@id\":\"https:\/\/deputadotaveirajr.com.br\/#\/schema\/logo\/image\/\"}}]}<\/script>\n<!-- \/ Yoast SEO plugin. -->","yoast_head_json":{"title":"Sogro \u00e9 preso suspeito de envolvimento no desaparecimento de adolescente de 16 anos - Taveira Jr","robots":{"index":"index","follow":"follow","max-snippet":"max-snippet:-1","max-image-preview":"max-image-preview:large","max-video-preview":"max-video-preview:-1"},"canonical":"https:\/\/deputadotaveirajr.com.br\/index.php\/sogro-e-preso-suspeito-de-envolvimento-no-desaparecimento-de-adolescente-de-16-anos\/","og_locale":"pt_BR","og_type":"article","og_title":"Sogro \u00e9 preso suspeito de envolvimento no desaparecimento de adolescente de 16 anos - Taveira Jr","og_description":"Adolescente desapareceu ao sair de casa para encontrar namorada na Grande Natal Cedida A Pol\u00edcia Civil prendeu nesta sexta-feira (25) o sogro do adolescente de 16 anos de idade que ...","og_url":"https:\/\/deputadotaveirajr.com.br\/index.php\/sogro-e-preso-suspeito-de-envolvimento-no-desaparecimento-de-adolescente-de-16-anos\/","og_site_name":"Taveira Jr","og_image":[{"url":"https:\/\/s2-g1.glbimg.com\/f4OGj1hX5DH-Xh4-mYq4Q8bjPss=\/i.s3.glbimg.com\/v1\/AUTH_59edd422c0c84a879bd37670ae4f538a\/internal_photos\/bs\/2025\/V\/4\/40Ktd9QFaiGn9tXD7zlQ\/ricadison.jpg","type":"","width":"","height":""}],"twitter_card":"summary_large_image","twitter_misc":{"Est. tempo de leitura":"3 minutos"},"schema":{"@context":"https:\/\/schema.org","@graph":[{"@type":"WebPage","@id":"https:\/\/deputadotaveirajr.com.br\/index.php\/sogro-e-preso-suspeito-de-envolvimento-no-desaparecimento-de-adolescente-de-16-anos\/","url":"https:\/\/deputadotaveirajr.com.br\/index.php\/sogro-e-preso-suspeito-de-envolvimento-no-desaparecimento-de-adolescente-de-16-anos\/","name":"Sogro \u00e9 preso suspeito de envolvimento no desaparecimento de adolescente de 16 anos - Taveira Jr","isPartOf":{"@id":"https:\/\/deputadotaveirajr.com.br\/#website"},"primaryImageOfPage":{"@id":"https:\/\/deputadotaveirajr.com.br\/index.php\/sogro-e-preso-suspeito-de-envolvimento-no-desaparecimento-de-adolescente-de-16-anos\/#primaryimage"},"image":{"@id":"https:\/\/deputadotaveirajr.com.br\/index.php\/sogro-e-preso-suspeito-de-envolvimento-no-desaparecimento-de-adolescente-de-16-anos\/#primaryimage"},"thumbnailUrl":"https:\/\/deputadotaveirajr.com.br\/wp-content\/uploads\/2025\/07\/ricadison-um9p4o.jpg","datePublished":"2025-07-25T18:38:22+00:00","breadcrumb":{"@id":"https:\/\/deputadotaveirajr.com.br\/index.php\/sogro-e-preso-suspeito-de-envolvimento-no-desaparecimento-de-adolescente-de-16-anos\/#breadcrumb"},"inLanguage":"pt-BR","potentialAction":[{"@type":"ReadAction","target":["https:\/\/deputadotaveirajr.com.br\/index.php\/sogro-e-preso-suspeito-de-envolvimento-no-desaparecimento-de-adolescente-de-16-anos\/"]}]},{"@type":"ImageObject","inLanguage":"pt-BR","@id":"https:\/\/deputadotaveirajr.com.br\/index.php\/sogro-e-preso-suspeito-de-envolvimento-no-desaparecimento-de-adolescente-de-16-anos\/#primaryimage","url":"https:\/\/deputadotaveirajr.com.br\/wp-content\/uploads\/2025\/07\/ricadison-um9p4o.jpg","contentUrl":"https:\/\/deputadotaveirajr.com.br\/wp-content\/uploads\/2025\/07\/ricadison-um9p4o.jpg","width":1200,"height":1084},{"@type":"BreadcrumbList","@id":"https:\/\/deputadotaveirajr.com.br\/index.php\/sogro-e-preso-suspeito-de-envolvimento-no-desaparecimento-de-adolescente-de-16-anos\/#breadcrumb","itemListElement":[{"@type":"ListItem","position":1,"name":"In\u00edcio","item":"https:\/\/deputadotaveirajr.com.br\/"},{"@type":"ListItem","position":2,"name":"Sogro \u00e9 preso suspeito de envolvimento no desaparecimento de adolescente de 16 anos"}]},{"@type":"WebSite","@id":"https:\/\/deputadotaveirajr.com.br\/#website","url":"https:\/\/deputadotaveirajr.com.br\/","name":"Taveira Jr","description":"Deputado Estadual","publisher":{"@id":"https:\/\/deputadotaveirajr.com.br\/#organization"},"potentialAction":[{"@type":"SearchAction","target":{"@type":"EntryPoint","urlTemplate":"https:\/\/deputadotaveirajr.com.br\/?s={search_term_string}"},"query-input":{"@type":"PropertyValueSpecification","valueRequired":true,"valueName":"search_term_string"}}],"inLanguage":"pt-BR"},{"@type":"Organization","@id":"https:\/\/deputadotaveirajr.com.br\/#organization","name":"Taveira Jr","url":"https:\/\/deputadotaveirajr.com.br\/","logo":{"@type":"ImageObject","inLanguage":"pt-BR","@id":"https:\/\/deputadotaveirajr.com.br\/#\/schema\/logo\/image\/","url":"https:\/\/deputadotaveirajr.com.br\/wp-content\/uploads\/2026\/01\/logolow2a.png","contentUrl":"https:\/\/deputadotaveirajr.com.br\/wp-content\/uploads\/2026\/01\/logolow2a.png","width":290,"height":80,"caption":"Taveira Jr"},"image":{"@id":"https:\/\/deputadotaveirajr.com.br\/#\/schema\/logo\/image\/"}}]}},"_links":{"self":[{"href":"https:\/\/deputadotaveirajr.com.br\/index.php\/wp-json\/wp\/v2\/pages\/13703","targetHints":{"allow":["GET"]}}],"collection":[{"href":"https:\/\/deputadotaveirajr.com.br\/index.php\/wp-json\/wp\/v2\/pages"}],"about":[{"href":"https:\/\/deputadotaveirajr.com.br\/index.php\/wp-json\/wp\/v2\/types\/page"}],"replies":[{"embeddable":true,"href":"https:\/\/deputadotaveirajr.com.br\/index.php\/wp-json\/wp\/v2\/comments?post=13703"}],"version-history":[{"count":0,"href":"https:\/\/deputadotaveirajr.com.br\/index.php\/wp-json\/wp\/v2\/pages\/13703\/revisions"}],"wp:featuredmedia":[{"embeddable":true,"href":"https:\/\/deputadotaveirajr.com.br\/index.php\/wp-json\/wp\/v2\/media\/13704"}],"wp:attachment":[{"href":"https:\/\/deputadotaveirajr.com.br\/index.php\/wp-json\/wp\/v2\/media?parent=13703"}],"curies":[{"name":"wp","href":"https:\/\/api.w.org\/{rel}","templated":true}]}}