{"id":13711,"date":"2025-07-26T09:01:15","date_gmt":"2025-07-26T12:01:15","guid":{"rendered":"https:\/\/deputadotaveirajr.com.br\/index.php\/incendio-atinge-barracas-de-alimentacao-e-deixa-pessoas-feridas-durante-festival-gospel-em-mossoro\/"},"modified":"2025-07-26T09:01:15","modified_gmt":"2025-07-26T12:01:15","slug":"incendio-atinge-barracas-de-alimentacao-e-deixa-pessoas-feridas-durante-festival-gospel-em-mossoro","status":"publish","type":"page","link":"https:\/\/deputadotaveirajr.com.br\/index.php\/incendio-atinge-barracas-de-alimentacao-e-deixa-pessoas-feridas-durante-festival-gospel-em-mossoro\/","title":{"rendered":"Inc\u00eandio atinge barracas de alimenta\u00e7\u00e3o e deixa pessoas feridas durante festival gospel em Mossor\u00f3"},"content":{"rendered":"<p><img decoding=\"async\" src=\"https:\/\/s2-g1.glbimg.com\/UPK7w3eAa8moqg1IqS87TrgeTv4=\/i.s3.glbimg.com\/v1\/AUTH_59edd422c0c84a879bd37670ae4f538a\/internal_photos\/bs\/2025\/I\/5\/F29Lu4Trmj9aBnbrBn9g\/incendio.jpg\" \/><br \/>     Inc\u00eandio atinge barracas de alimenta\u00e7\u00e3o durante festival gospel em Mossor\u00f3<br \/>\nUm inc\u00eandio atingiu duas barracas de venda de lanches e deixou quatro pessoas feridas na noite desta sexta-feira (25) durante o festival gospel Sal e Luz, no centro de Mossor\u00f3, no Oeste potiguar.<br \/>\nO fogo come\u00e7ou por volta das 21h30, ap\u00f3s um vazamento de g\u00e1s em uma barraca de batata frita, e atingiu tamb\u00e9m uma barraca de pipoca ao lado \u2013 ambas pertencentes ao mesmo propriet\u00e1rio.<br \/>\n\ud83d\udcf3 Clique aqui para seguir o canal do g1 RN no WhatsApp<br \/>\nDe acordo com o Corpo de Bombeiros, quando a equipe chegou ao local, o fogo j\u00e1 tinha sido controlado, mas o botij\u00e3o de g\u00e1s ainda apresentava vazamento.<br \/>\n\u201cRemovemos o botij\u00e3o e isolamos a \u00e1rea para evitar novos riscos\u201d, informou a corpora\u00e7\u00e3o.<br \/>\nQuatro pessoas ficaram feridas. Entre elas, uma mulher de 37 anos teve queimaduras de terceiro grau no rosto, bra\u00e7os e pernas. Segundo a dire\u00e7\u00e3o do Hospital Regional Tarc\u00edsio Maia, a v\u00edtima foi levada \u00e0 unidade por familiares e permanece internada.<br \/>\nInc\u00eandio em barracas de alimenta\u00e7\u00e3o durante festival gospel em Mossor\u00f3<br \/>\nReprodu\u00e7\u00e3o<br \/>\nA mulher trabalhava nas barracas com o marido, de 30 anos, e um funcion\u00e1rio, de 28, que tamb\u00e9m ficaram feridos, mas receberam alta durante a madrugada deste s\u00e1bado (26).<br \/>\nOutro ferido foi um homem de 44 anos que estava assistindo ao show e se aproximou da barraca para comprar batata frita. No momento do acidente, ele tentou ajudar uma das v\u00edtimas e tamb\u00e9m se queimou. O peciente est\u00e1 em observa\u00e7\u00e3o no hospital.<br \/>\nA Secretaria Municipal de Cultura, respons\u00e1vel pela organiza\u00e7\u00e3o do evento, informou em nota que o Corpo de Bombeiros foi acionado imediatamente e controlou o fogo rapidamente.<br \/>\nEquipes do Samu, que j\u00e1 estavam no local, prestaram os primeiros atendimentos \u00e0s v\u00edtimas. A Prefeitura de Mossor\u00f3 disse que segue acompanhando o caso.<br \/>\nO Sal e Luz \u00e9 um festival gospel realizado na Esta\u00e7\u00e3o das Artes Eliseu Ventania, no centro da cidade e re\u00fane artistas e fi\u00e9is de diversas igrejas evang\u00e9licas da regi\u00e3o.<br \/>\nVeja os v\u00eddeos mais assistidos no g1 RN<\/p>","protected":false},"excerpt":{"rendered":"<p>Inc\u00eandio atinge barracas de alimenta\u00e7\u00e3o durante festival gospel em Mossor\u00f3 Um inc\u00eandio atingiu duas barracas de venda de lanches e deixou quatro pessoas feridas na noite desta sexta-feira (25) durante &#8230;<\/p>\n","protected":false},"author":0,"featured_media":13712,"parent":0,"menu_order":0,"comment_status":"closed","ping_status":"closed","template":"","meta":{"footnotes":""},"class_list":["post-13711","page","type-page","status-publish","has-post-thumbnail","hentry"],"yoast_head":"<!-- This site is optimized with the Yoast SEO plugin v27.1.1 - https:\/\/yoast.com\/product\/yoast-seo-wordpress\/ -->\n<title>Inc\u00eandio atinge barracas de alimenta\u00e7\u00e3o e deixa pessoas feridas durante festival gospel em Mossor\u00f3 - Taveira Jr<\/title>\n<meta name=\"robots\" content=\"index, follow, max-snippet:-1, max-image-preview:large, max-video-preview:-1\" \/>\n<link rel=\"canonical\" href=\"https:\/\/deputadotaveirajr.com.br\/index.php\/incendio-atinge-barracas-de-alimentacao-e-deixa-pessoas-feridas-durante-festival-gospel-em-mossoro\/\" \/>\n<meta property=\"og:locale\" content=\"pt_BR\" \/>\n<meta property=\"og:type\" content=\"article\" \/>\n<meta property=\"og:title\" content=\"Inc\u00eandio atinge barracas de alimenta\u00e7\u00e3o e deixa pessoas feridas durante festival gospel em Mossor\u00f3 - Taveira Jr\" \/>\n<meta property=\"og:description\" content=\"Inc\u00eandio atinge barracas de alimenta\u00e7\u00e3o durante festival gospel em Mossor\u00f3 Um inc\u00eandio atingiu duas barracas de venda de lanches e deixou quatro pessoas feridas na noite desta sexta-feira (25) durante ...\" \/>\n<meta property=\"og:url\" content=\"https:\/\/deputadotaveirajr.com.br\/index.php\/incendio-atinge-barracas-de-alimentacao-e-deixa-pessoas-feridas-durante-festival-gospel-em-mossoro\/\" \/>\n<meta property=\"og:site_name\" content=\"Taveira Jr\" \/>\n<meta property=\"og:image\" content=\"https:\/\/s2-g1.glbimg.com\/UPK7w3eAa8moqg1IqS87TrgeTv4=\/i.s3.glbimg.com\/v1\/AUTH_59edd422c0c84a879bd37670ae4f538a\/internal_photos\/bs\/2025\/I\/5\/F29Lu4Trmj9aBnbrBn9g\/incendio.jpg\" \/>\n<meta name=\"twitter:card\" content=\"summary_large_image\" \/>\n<meta name=\"twitter:label1\" content=\"Est. tempo de leitura\" \/>\n\t<meta name=\"twitter:data1\" content=\"2 minutos\" \/>\n<script type=\"application\/ld+json\" class=\"yoast-schema-graph\">{\"@context\":\"https:\/\/schema.org\",\"@graph\":[{\"@type\":\"WebPage\",\"@id\":\"https:\/\/deputadotaveirajr.com.br\/index.php\/incendio-atinge-barracas-de-alimentacao-e-deixa-pessoas-feridas-durante-festival-gospel-em-mossoro\/\",\"url\":\"https:\/\/deputadotaveirajr.com.br\/index.php\/incendio-atinge-barracas-de-alimentacao-e-deixa-pessoas-feridas-durante-festival-gospel-em-mossoro\/\",\"name\":\"Inc\u00eandio atinge barracas de alimenta\u00e7\u00e3o e deixa pessoas feridas durante festival gospel em Mossor\u00f3 - Taveira Jr\",\"isPartOf\":{\"@id\":\"https:\/\/deputadotaveirajr.com.br\/#website\"},\"primaryImageOfPage\":{\"@id\":\"https:\/\/deputadotaveirajr.com.br\/index.php\/incendio-atinge-barracas-de-alimentacao-e-deixa-pessoas-feridas-durante-festival-gospel-em-mossoro\/#primaryimage\"},\"image\":{\"@id\":\"https:\/\/deputadotaveirajr.com.br\/index.php\/incendio-atinge-barracas-de-alimentacao-e-deixa-pessoas-feridas-durante-festival-gospel-em-mossoro\/#primaryimage\"},\"thumbnailUrl\":\"https:\/\/deputadotaveirajr.com.br\/wp-content\/uploads\/2025\/07\/incendio-kmHkkp.jpg\",\"datePublished\":\"2025-07-26T12:01:15+00:00\",\"breadcrumb\":{\"@id\":\"https:\/\/deputadotaveirajr.com.br\/index.php\/incendio-atinge-barracas-de-alimentacao-e-deixa-pessoas-feridas-durante-festival-gospel-em-mossoro\/#breadcrumb\"},\"inLanguage\":\"pt-BR\",\"potentialAction\":[{\"@type\":\"ReadAction\",\"target\":[\"https:\/\/deputadotaveirajr.com.br\/index.php\/incendio-atinge-barracas-de-alimentacao-e-deixa-pessoas-feridas-durante-festival-gospel-em-mossoro\/\"]}]},{\"@type\":\"ImageObject\",\"inLanguage\":\"pt-BR\",\"@id\":\"https:\/\/deputadotaveirajr.com.br\/index.php\/incendio-atinge-barracas-de-alimentacao-e-deixa-pessoas-feridas-durante-festival-gospel-em-mossoro\/#primaryimage\",\"url\":\"https:\/\/deputadotaveirajr.com.br\/wp-content\/uploads\/2025\/07\/incendio-kmHkkp.jpg\",\"contentUrl\":\"https:\/\/deputadotaveirajr.com.br\/wp-content\/uploads\/2025\/07\/incendio-kmHkkp.jpg\",\"width\":1200,\"height\":760},{\"@type\":\"BreadcrumbList\",\"@id\":\"https:\/\/deputadotaveirajr.com.br\/index.php\/incendio-atinge-barracas-de-alimentacao-e-deixa-pessoas-feridas-durante-festival-gospel-em-mossoro\/#breadcrumb\",\"itemListElement\":[{\"@type\":\"ListItem\",\"position\":1,\"name\":\"In\u00edcio\",\"item\":\"https:\/\/deputadotaveirajr.com.br\/\"},{\"@type\":\"ListItem\",\"position\":2,\"name\":\"Inc\u00eandio atinge barracas de alimenta\u00e7\u00e3o e deixa pessoas feridas durante festival gospel em Mossor\u00f3\"}]},{\"@type\":\"WebSite\",\"@id\":\"https:\/\/deputadotaveirajr.com.br\/#website\",\"url\":\"https:\/\/deputadotaveirajr.com.br\/\",\"name\":\"Taveira Jr\",\"description\":\"Deputado Estadual\",\"publisher\":{\"@id\":\"https:\/\/deputadotaveirajr.com.br\/#organization\"},\"potentialAction\":[{\"@type\":\"SearchAction\",\"target\":{\"@type\":\"EntryPoint\",\"urlTemplate\":\"https:\/\/deputadotaveirajr.com.br\/?s={search_term_string}\"},\"query-input\":{\"@type\":\"PropertyValueSpecification\",\"valueRequired\":true,\"valueName\":\"search_term_string\"}}],\"inLanguage\":\"pt-BR\"},{\"@type\":\"Organization\",\"@id\":\"https:\/\/deputadotaveirajr.com.br\/#organization\",\"name\":\"Taveira Jr\",\"url\":\"https:\/\/deputadotaveirajr.com.br\/\",\"logo\":{\"@type\":\"ImageObject\",\"inLanguage\":\"pt-BR\",\"@id\":\"https:\/\/deputadotaveirajr.com.br\/#\/schema\/logo\/image\/\",\"url\":\"https:\/\/deputadotaveirajr.com.br\/wp-content\/uploads\/2026\/01\/logolow2a.png\",\"contentUrl\":\"https:\/\/deputadotaveirajr.com.br\/wp-content\/uploads\/2026\/01\/logolow2a.png\",\"width\":290,\"height\":80,\"caption\":\"Taveira Jr\"},\"image\":{\"@id\":\"https:\/\/deputadotaveirajr.com.br\/#\/schema\/logo\/image\/\"}}]}<\/script>\n<!-- \/ Yoast SEO plugin. -->","yoast_head_json":{"title":"Inc\u00eandio atinge barracas de alimenta\u00e7\u00e3o e deixa pessoas feridas durante festival gospel em Mossor\u00f3 - Taveira Jr","robots":{"index":"index","follow":"follow","max-snippet":"max-snippet:-1","max-image-preview":"max-image-preview:large","max-video-preview":"max-video-preview:-1"},"canonical":"https:\/\/deputadotaveirajr.com.br\/index.php\/incendio-atinge-barracas-de-alimentacao-e-deixa-pessoas-feridas-durante-festival-gospel-em-mossoro\/","og_locale":"pt_BR","og_type":"article","og_title":"Inc\u00eandio atinge barracas de alimenta\u00e7\u00e3o e deixa pessoas feridas durante festival gospel em Mossor\u00f3 - Taveira Jr","og_description":"Inc\u00eandio atinge barracas de alimenta\u00e7\u00e3o durante festival gospel em Mossor\u00f3 Um inc\u00eandio atingiu duas barracas de venda de lanches e deixou quatro pessoas feridas na noite desta sexta-feira (25) durante ...","og_url":"https:\/\/deputadotaveirajr.com.br\/index.php\/incendio-atinge-barracas-de-alimentacao-e-deixa-pessoas-feridas-durante-festival-gospel-em-mossoro\/","og_site_name":"Taveira Jr","og_image":[{"url":"https:\/\/s2-g1.glbimg.com\/UPK7w3eAa8moqg1IqS87TrgeTv4=\/i.s3.glbimg.com\/v1\/AUTH_59edd422c0c84a879bd37670ae4f538a\/internal_photos\/bs\/2025\/I\/5\/F29Lu4Trmj9aBnbrBn9g\/incendio.jpg","type":"","width":"","height":""}],"twitter_card":"summary_large_image","twitter_misc":{"Est. tempo de leitura":"2 minutos"},"schema":{"@context":"https:\/\/schema.org","@graph":[{"@type":"WebPage","@id":"https:\/\/deputadotaveirajr.com.br\/index.php\/incendio-atinge-barracas-de-alimentacao-e-deixa-pessoas-feridas-durante-festival-gospel-em-mossoro\/","url":"https:\/\/deputadotaveirajr.com.br\/index.php\/incendio-atinge-barracas-de-alimentacao-e-deixa-pessoas-feridas-durante-festival-gospel-em-mossoro\/","name":"Inc\u00eandio atinge barracas de alimenta\u00e7\u00e3o e deixa pessoas feridas durante festival gospel em Mossor\u00f3 - Taveira Jr","isPartOf":{"@id":"https:\/\/deputadotaveirajr.com.br\/#website"},"primaryImageOfPage":{"@id":"https:\/\/deputadotaveirajr.com.br\/index.php\/incendio-atinge-barracas-de-alimentacao-e-deixa-pessoas-feridas-durante-festival-gospel-em-mossoro\/#primaryimage"},"image":{"@id":"https:\/\/deputadotaveirajr.com.br\/index.php\/incendio-atinge-barracas-de-alimentacao-e-deixa-pessoas-feridas-durante-festival-gospel-em-mossoro\/#primaryimage"},"thumbnailUrl":"https:\/\/deputadotaveirajr.com.br\/wp-content\/uploads\/2025\/07\/incendio-kmHkkp.jpg","datePublished":"2025-07-26T12:01:15+00:00","breadcrumb":{"@id":"https:\/\/deputadotaveirajr.com.br\/index.php\/incendio-atinge-barracas-de-alimentacao-e-deixa-pessoas-feridas-durante-festival-gospel-em-mossoro\/#breadcrumb"},"inLanguage":"pt-BR","potentialAction":[{"@type":"ReadAction","target":["https:\/\/deputadotaveirajr.com.br\/index.php\/incendio-atinge-barracas-de-alimentacao-e-deixa-pessoas-feridas-durante-festival-gospel-em-mossoro\/"]}]},{"@type":"ImageObject","inLanguage":"pt-BR","@id":"https:\/\/deputadotaveirajr.com.br\/index.php\/incendio-atinge-barracas-de-alimentacao-e-deixa-pessoas-feridas-durante-festival-gospel-em-mossoro\/#primaryimage","url":"https:\/\/deputadotaveirajr.com.br\/wp-content\/uploads\/2025\/07\/incendio-kmHkkp.jpg","contentUrl":"https:\/\/deputadotaveirajr.com.br\/wp-content\/uploads\/2025\/07\/incendio-kmHkkp.jpg","width":1200,"height":760},{"@type":"BreadcrumbList","@id":"https:\/\/deputadotaveirajr.com.br\/index.php\/incendio-atinge-barracas-de-alimentacao-e-deixa-pessoas-feridas-durante-festival-gospel-em-mossoro\/#breadcrumb","itemListElement":[{"@type":"ListItem","position":1,"name":"In\u00edcio","item":"https:\/\/deputadotaveirajr.com.br\/"},{"@type":"ListItem","position":2,"name":"Inc\u00eandio atinge barracas de alimenta\u00e7\u00e3o e deixa pessoas feridas durante festival gospel em Mossor\u00f3"}]},{"@type":"WebSite","@id":"https:\/\/deputadotaveirajr.com.br\/#website","url":"https:\/\/deputadotaveirajr.com.br\/","name":"Taveira Jr","description":"Deputado Estadual","publisher":{"@id":"https:\/\/deputadotaveirajr.com.br\/#organization"},"potentialAction":[{"@type":"SearchAction","target":{"@type":"EntryPoint","urlTemplate":"https:\/\/deputadotaveirajr.com.br\/?s={search_term_string}"},"query-input":{"@type":"PropertyValueSpecification","valueRequired":true,"valueName":"search_term_string"}}],"inLanguage":"pt-BR"},{"@type":"Organization","@id":"https:\/\/deputadotaveirajr.com.br\/#organization","name":"Taveira Jr","url":"https:\/\/deputadotaveirajr.com.br\/","logo":{"@type":"ImageObject","inLanguage":"pt-BR","@id":"https:\/\/deputadotaveirajr.com.br\/#\/schema\/logo\/image\/","url":"https:\/\/deputadotaveirajr.com.br\/wp-content\/uploads\/2026\/01\/logolow2a.png","contentUrl":"https:\/\/deputadotaveirajr.com.br\/wp-content\/uploads\/2026\/01\/logolow2a.png","width":290,"height":80,"caption":"Taveira Jr"},"image":{"@id":"https:\/\/deputadotaveirajr.com.br\/#\/schema\/logo\/image\/"}}]}},"_links":{"self":[{"href":"https:\/\/deputadotaveirajr.com.br\/index.php\/wp-json\/wp\/v2\/pages\/13711","targetHints":{"allow":["GET"]}}],"collection":[{"href":"https:\/\/deputadotaveirajr.com.br\/index.php\/wp-json\/wp\/v2\/pages"}],"about":[{"href":"https:\/\/deputadotaveirajr.com.br\/index.php\/wp-json\/wp\/v2\/types\/page"}],"replies":[{"embeddable":true,"href":"https:\/\/deputadotaveirajr.com.br\/index.php\/wp-json\/wp\/v2\/comments?post=13711"}],"version-history":[{"count":0,"href":"https:\/\/deputadotaveirajr.com.br\/index.php\/wp-json\/wp\/v2\/pages\/13711\/revisions"}],"wp:featuredmedia":[{"embeddable":true,"href":"https:\/\/deputadotaveirajr.com.br\/index.php\/wp-json\/wp\/v2\/media\/13712"}],"wp:attachment":[{"href":"https:\/\/deputadotaveirajr.com.br\/index.php\/wp-json\/wp\/v2\/media?parent=13711"}],"curies":[{"name":"wp","href":"https:\/\/api.w.org\/{rel}","templated":true}]}}