{"id":13717,"date":"2025-07-26T13:40:36","date_gmt":"2025-07-26T16:40:36","guid":{"rendered":"https:\/\/deputadotaveirajr.com.br\/index.php\/video-forcas-policiais-e-criminosos-trocam-tiros-durante-operacao-na-grande-natal\/"},"modified":"2025-07-26T13:40:36","modified_gmt":"2025-07-26T16:40:36","slug":"video-forcas-policiais-e-criminosos-trocam-tiros-durante-operacao-na-grande-natal","status":"publish","type":"page","link":"https:\/\/deputadotaveirajr.com.br\/index.php\/video-forcas-policiais-e-criminosos-trocam-tiros-durante-operacao-na-grande-natal\/","title":{"rendered":"V\u00cdDEO: For\u00e7as policiais e criminosos trocam tiros durante opera\u00e7\u00e3o na Grande Natal"},"content":{"rendered":"<p><img decoding=\"async\" src=\"https:\/\/s2-g1.glbimg.com\/Kr83019qD_TPqzZN5U6zUyBJ964=\/i.s3.glbimg.com\/v1\/AUTH_59edd422c0c84a879bd37670ae4f538a\/internal_photos\/bs\/2025\/7\/j\/YYPQiAQSCCyJ1TriVUHA\/operacao1.jpg\" \/><br \/>     Policiais e criminosos trocam tiros durante opera\u00e7\u00e3o na Grande Natal<br \/>\nV\u00eddeos compartilhados por moradores de Extremoz, na Grande Natal, mostram um grande tiroteio envolvendo for\u00e7as policiais e criminosos entre o fim da manh\u00e3 e in\u00edcio da tarde deste s\u00e1bado (26).<br \/>\nA Secretaria de Seguran\u00e7a P\u00fablica do Rio Grande do Norte e a Pol\u00edcia Civil confirmaram ao g1 por volta das 13h15 que uma opera\u00e7\u00e3o estava em andamento no local, mas disseram que mais detalhes s\u00f3 poder\u00e3o ser divulgados ap\u00f3s o fim da a\u00e7\u00e3o.<br \/>\n\ud83d\udcf3 Clique aqui para seguir o canal do g1 RN no WhatsApp<br \/>\nPelo menos dois policiais teriam sido atingidos por estilha\u00e7os, mas passam bem, de acordo com as informa\u00e7\u00f5es iniciais colhidas pela Inter TV Cabugi.<br \/>\nTiroteio ocorreu em Extremoz, na Grande Natal<br \/>\nReprodu\u00e7\u00e3o<br \/>\nO caso aconteceu na localidade conhecida como Portal do Sol. Segundo a Pol\u00edcia Civil, a opera\u00e7\u00e3o comandada pela Divis\u00e3o Especializada em Investiga\u00e7\u00e3o e Combate ao Crime Organizado (Deicor) visa prender assaltantes de bancos foragidos.<br \/>\nOs criminosos estariam escondidos dentro de uma casa. N\u00e3o h\u00e1 informa\u00e7\u00f5es confirmadas sobre a presen\u00e7a de ref\u00e9ns.<br \/>\nMilitares do Bope, Batalh\u00e3o de Choque, policiais da Pol\u00edcia Rodovi\u00e1ria Federal e um helic\u00f3ptero da Secretaria de Seguran\u00e7a P\u00fablica do Rio Grande do Norte d\u00e3o apoio \u00e0 a\u00e7\u00e3o.<br \/>\nVeja os v\u00eddeos mais assistidos no g1 RN<\/p>","protected":false},"excerpt":{"rendered":"<p>Policiais e criminosos trocam tiros durante opera\u00e7\u00e3o na Grande Natal V\u00eddeos compartilhados por moradores de Extremoz, na Grande Natal, mostram um grande tiroteio envolvendo for\u00e7as policiais e criminosos entre o &#8230;<\/p>\n","protected":false},"author":0,"featured_media":13718,"parent":0,"menu_order":0,"comment_status":"closed","ping_status":"closed","template":"","meta":{"footnotes":""},"class_list":["post-13717","page","type-page","status-publish","has-post-thumbnail","hentry"],"yoast_head":"<!-- This site is optimized with the Yoast SEO plugin v27.1.1 - https:\/\/yoast.com\/product\/yoast-seo-wordpress\/ -->\n<title>V\u00cdDEO: For\u00e7as policiais e criminosos trocam tiros durante opera\u00e7\u00e3o na Grande Natal - Taveira Jr<\/title>\n<meta name=\"robots\" content=\"index, follow, max-snippet:-1, max-image-preview:large, max-video-preview:-1\" \/>\n<link rel=\"canonical\" href=\"https:\/\/deputadotaveirajr.com.br\/index.php\/video-forcas-policiais-e-criminosos-trocam-tiros-durante-operacao-na-grande-natal\/\" \/>\n<meta property=\"og:locale\" content=\"pt_BR\" \/>\n<meta property=\"og:type\" content=\"article\" \/>\n<meta property=\"og:title\" content=\"V\u00cdDEO: For\u00e7as policiais e criminosos trocam tiros durante opera\u00e7\u00e3o na Grande Natal - Taveira Jr\" \/>\n<meta property=\"og:description\" content=\"Policiais e criminosos trocam tiros durante opera\u00e7\u00e3o na Grande Natal V\u00eddeos compartilhados por moradores de Extremoz, na Grande Natal, mostram um grande tiroteio envolvendo for\u00e7as policiais e criminosos entre o ...\" \/>\n<meta property=\"og:url\" content=\"https:\/\/deputadotaveirajr.com.br\/index.php\/video-forcas-policiais-e-criminosos-trocam-tiros-durante-operacao-na-grande-natal\/\" \/>\n<meta property=\"og:site_name\" content=\"Taveira Jr\" \/>\n<meta property=\"og:image\" content=\"https:\/\/s2-g1.glbimg.com\/Kr83019qD_TPqzZN5U6zUyBJ964=\/i.s3.glbimg.com\/v1\/AUTH_59edd422c0c84a879bd37670ae4f538a\/internal_photos\/bs\/2025\/7\/j\/YYPQiAQSCCyJ1TriVUHA\/operacao1.jpg\" \/>\n<meta name=\"twitter:card\" content=\"summary_large_image\" \/>\n<meta name=\"twitter:label1\" content=\"Est. tempo de leitura\" \/>\n\t<meta name=\"twitter:data1\" content=\"1 minuto\" \/>\n<script type=\"application\/ld+json\" class=\"yoast-schema-graph\">{\"@context\":\"https:\/\/schema.org\",\"@graph\":[{\"@type\":\"WebPage\",\"@id\":\"https:\/\/deputadotaveirajr.com.br\/index.php\/video-forcas-policiais-e-criminosos-trocam-tiros-durante-operacao-na-grande-natal\/\",\"url\":\"https:\/\/deputadotaveirajr.com.br\/index.php\/video-forcas-policiais-e-criminosos-trocam-tiros-durante-operacao-na-grande-natal\/\",\"name\":\"V\u00cdDEO: For\u00e7as policiais e criminosos trocam tiros durante opera\u00e7\u00e3o na Grande Natal - Taveira Jr\",\"isPartOf\":{\"@id\":\"https:\/\/deputadotaveirajr.com.br\/#website\"},\"primaryImageOfPage\":{\"@id\":\"https:\/\/deputadotaveirajr.com.br\/index.php\/video-forcas-policiais-e-criminosos-trocam-tiros-durante-operacao-na-grande-natal\/#primaryimage\"},\"image\":{\"@id\":\"https:\/\/deputadotaveirajr.com.br\/index.php\/video-forcas-policiais-e-criminosos-trocam-tiros-durante-operacao-na-grande-natal\/#primaryimage\"},\"thumbnailUrl\":\"https:\/\/deputadotaveirajr.com.br\/wp-content\/uploads\/2025\/07\/operacao1-j6WTA7.jpg\",\"datePublished\":\"2025-07-26T16:40:36+00:00\",\"breadcrumb\":{\"@id\":\"https:\/\/deputadotaveirajr.com.br\/index.php\/video-forcas-policiais-e-criminosos-trocam-tiros-durante-operacao-na-grande-natal\/#breadcrumb\"},\"inLanguage\":\"pt-BR\",\"potentialAction\":[{\"@type\":\"ReadAction\",\"target\":[\"https:\/\/deputadotaveirajr.com.br\/index.php\/video-forcas-policiais-e-criminosos-trocam-tiros-durante-operacao-na-grande-natal\/\"]}]},{\"@type\":\"ImageObject\",\"inLanguage\":\"pt-BR\",\"@id\":\"https:\/\/deputadotaveirajr.com.br\/index.php\/video-forcas-policiais-e-criminosos-trocam-tiros-durante-operacao-na-grande-natal\/#primaryimage\",\"url\":\"https:\/\/deputadotaveirajr.com.br\/wp-content\/uploads\/2025\/07\/operacao1-j6WTA7.jpg\",\"contentUrl\":\"https:\/\/deputadotaveirajr.com.br\/wp-content\/uploads\/2025\/07\/operacao1-j6WTA7.jpg\",\"width\":1300,\"height\":700},{\"@type\":\"BreadcrumbList\",\"@id\":\"https:\/\/deputadotaveirajr.com.br\/index.php\/video-forcas-policiais-e-criminosos-trocam-tiros-durante-operacao-na-grande-natal\/#breadcrumb\",\"itemListElement\":[{\"@type\":\"ListItem\",\"position\":1,\"name\":\"In\u00edcio\",\"item\":\"https:\/\/deputadotaveirajr.com.br\/\"},{\"@type\":\"ListItem\",\"position\":2,\"name\":\"V\u00cdDEO: For\u00e7as policiais e criminosos trocam tiros durante opera\u00e7\u00e3o na Grande Natal\"}]},{\"@type\":\"WebSite\",\"@id\":\"https:\/\/deputadotaveirajr.com.br\/#website\",\"url\":\"https:\/\/deputadotaveirajr.com.br\/\",\"name\":\"Taveira Jr\",\"description\":\"Deputado Estadual\",\"publisher\":{\"@id\":\"https:\/\/deputadotaveirajr.com.br\/#organization\"},\"potentialAction\":[{\"@type\":\"SearchAction\",\"target\":{\"@type\":\"EntryPoint\",\"urlTemplate\":\"https:\/\/deputadotaveirajr.com.br\/?s={search_term_string}\"},\"query-input\":{\"@type\":\"PropertyValueSpecification\",\"valueRequired\":true,\"valueName\":\"search_term_string\"}}],\"inLanguage\":\"pt-BR\"},{\"@type\":\"Organization\",\"@id\":\"https:\/\/deputadotaveirajr.com.br\/#organization\",\"name\":\"Taveira Jr\",\"url\":\"https:\/\/deputadotaveirajr.com.br\/\",\"logo\":{\"@type\":\"ImageObject\",\"inLanguage\":\"pt-BR\",\"@id\":\"https:\/\/deputadotaveirajr.com.br\/#\/schema\/logo\/image\/\",\"url\":\"https:\/\/deputadotaveirajr.com.br\/wp-content\/uploads\/2026\/01\/logolow2a.png\",\"contentUrl\":\"https:\/\/deputadotaveirajr.com.br\/wp-content\/uploads\/2026\/01\/logolow2a.png\",\"width\":290,\"height\":80,\"caption\":\"Taveira Jr\"},\"image\":{\"@id\":\"https:\/\/deputadotaveirajr.com.br\/#\/schema\/logo\/image\/\"}}]}<\/script>\n<!-- \/ Yoast SEO plugin. -->","yoast_head_json":{"title":"V\u00cdDEO: For\u00e7as policiais e criminosos trocam tiros durante opera\u00e7\u00e3o na Grande Natal - Taveira Jr","robots":{"index":"index","follow":"follow","max-snippet":"max-snippet:-1","max-image-preview":"max-image-preview:large","max-video-preview":"max-video-preview:-1"},"canonical":"https:\/\/deputadotaveirajr.com.br\/index.php\/video-forcas-policiais-e-criminosos-trocam-tiros-durante-operacao-na-grande-natal\/","og_locale":"pt_BR","og_type":"article","og_title":"V\u00cdDEO: For\u00e7as policiais e criminosos trocam tiros durante opera\u00e7\u00e3o na Grande Natal - Taveira Jr","og_description":"Policiais e criminosos trocam tiros durante opera\u00e7\u00e3o na Grande Natal V\u00eddeos compartilhados por moradores de Extremoz, na Grande Natal, mostram um grande tiroteio envolvendo for\u00e7as policiais e criminosos entre o ...","og_url":"https:\/\/deputadotaveirajr.com.br\/index.php\/video-forcas-policiais-e-criminosos-trocam-tiros-durante-operacao-na-grande-natal\/","og_site_name":"Taveira Jr","og_image":[{"url":"https:\/\/s2-g1.glbimg.com\/Kr83019qD_TPqzZN5U6zUyBJ964=\/i.s3.glbimg.com\/v1\/AUTH_59edd422c0c84a879bd37670ae4f538a\/internal_photos\/bs\/2025\/7\/j\/YYPQiAQSCCyJ1TriVUHA\/operacao1.jpg","type":"","width":"","height":""}],"twitter_card":"summary_large_image","twitter_misc":{"Est. tempo de leitura":"1 minuto"},"schema":{"@context":"https:\/\/schema.org","@graph":[{"@type":"WebPage","@id":"https:\/\/deputadotaveirajr.com.br\/index.php\/video-forcas-policiais-e-criminosos-trocam-tiros-durante-operacao-na-grande-natal\/","url":"https:\/\/deputadotaveirajr.com.br\/index.php\/video-forcas-policiais-e-criminosos-trocam-tiros-durante-operacao-na-grande-natal\/","name":"V\u00cdDEO: For\u00e7as policiais e criminosos trocam tiros durante opera\u00e7\u00e3o na Grande Natal - Taveira Jr","isPartOf":{"@id":"https:\/\/deputadotaveirajr.com.br\/#website"},"primaryImageOfPage":{"@id":"https:\/\/deputadotaveirajr.com.br\/index.php\/video-forcas-policiais-e-criminosos-trocam-tiros-durante-operacao-na-grande-natal\/#primaryimage"},"image":{"@id":"https:\/\/deputadotaveirajr.com.br\/index.php\/video-forcas-policiais-e-criminosos-trocam-tiros-durante-operacao-na-grande-natal\/#primaryimage"},"thumbnailUrl":"https:\/\/deputadotaveirajr.com.br\/wp-content\/uploads\/2025\/07\/operacao1-j6WTA7.jpg","datePublished":"2025-07-26T16:40:36+00:00","breadcrumb":{"@id":"https:\/\/deputadotaveirajr.com.br\/index.php\/video-forcas-policiais-e-criminosos-trocam-tiros-durante-operacao-na-grande-natal\/#breadcrumb"},"inLanguage":"pt-BR","potentialAction":[{"@type":"ReadAction","target":["https:\/\/deputadotaveirajr.com.br\/index.php\/video-forcas-policiais-e-criminosos-trocam-tiros-durante-operacao-na-grande-natal\/"]}]},{"@type":"ImageObject","inLanguage":"pt-BR","@id":"https:\/\/deputadotaveirajr.com.br\/index.php\/video-forcas-policiais-e-criminosos-trocam-tiros-durante-operacao-na-grande-natal\/#primaryimage","url":"https:\/\/deputadotaveirajr.com.br\/wp-content\/uploads\/2025\/07\/operacao1-j6WTA7.jpg","contentUrl":"https:\/\/deputadotaveirajr.com.br\/wp-content\/uploads\/2025\/07\/operacao1-j6WTA7.jpg","width":1300,"height":700},{"@type":"BreadcrumbList","@id":"https:\/\/deputadotaveirajr.com.br\/index.php\/video-forcas-policiais-e-criminosos-trocam-tiros-durante-operacao-na-grande-natal\/#breadcrumb","itemListElement":[{"@type":"ListItem","position":1,"name":"In\u00edcio","item":"https:\/\/deputadotaveirajr.com.br\/"},{"@type":"ListItem","position":2,"name":"V\u00cdDEO: For\u00e7as policiais e criminosos trocam tiros durante opera\u00e7\u00e3o na Grande Natal"}]},{"@type":"WebSite","@id":"https:\/\/deputadotaveirajr.com.br\/#website","url":"https:\/\/deputadotaveirajr.com.br\/","name":"Taveira Jr","description":"Deputado Estadual","publisher":{"@id":"https:\/\/deputadotaveirajr.com.br\/#organization"},"potentialAction":[{"@type":"SearchAction","target":{"@type":"EntryPoint","urlTemplate":"https:\/\/deputadotaveirajr.com.br\/?s={search_term_string}"},"query-input":{"@type":"PropertyValueSpecification","valueRequired":true,"valueName":"search_term_string"}}],"inLanguage":"pt-BR"},{"@type":"Organization","@id":"https:\/\/deputadotaveirajr.com.br\/#organization","name":"Taveira Jr","url":"https:\/\/deputadotaveirajr.com.br\/","logo":{"@type":"ImageObject","inLanguage":"pt-BR","@id":"https:\/\/deputadotaveirajr.com.br\/#\/schema\/logo\/image\/","url":"https:\/\/deputadotaveirajr.com.br\/wp-content\/uploads\/2026\/01\/logolow2a.png","contentUrl":"https:\/\/deputadotaveirajr.com.br\/wp-content\/uploads\/2026\/01\/logolow2a.png","width":290,"height":80,"caption":"Taveira Jr"},"image":{"@id":"https:\/\/deputadotaveirajr.com.br\/#\/schema\/logo\/image\/"}}]}},"_links":{"self":[{"href":"https:\/\/deputadotaveirajr.com.br\/index.php\/wp-json\/wp\/v2\/pages\/13717","targetHints":{"allow":["GET"]}}],"collection":[{"href":"https:\/\/deputadotaveirajr.com.br\/index.php\/wp-json\/wp\/v2\/pages"}],"about":[{"href":"https:\/\/deputadotaveirajr.com.br\/index.php\/wp-json\/wp\/v2\/types\/page"}],"replies":[{"embeddable":true,"href":"https:\/\/deputadotaveirajr.com.br\/index.php\/wp-json\/wp\/v2\/comments?post=13717"}],"version-history":[{"count":0,"href":"https:\/\/deputadotaveirajr.com.br\/index.php\/wp-json\/wp\/v2\/pages\/13717\/revisions"}],"wp:featuredmedia":[{"embeddable":true,"href":"https:\/\/deputadotaveirajr.com.br\/index.php\/wp-json\/wp\/v2\/media\/13718"}],"wp:attachment":[{"href":"https:\/\/deputadotaveirajr.com.br\/index.php\/wp-json\/wp\/v2\/media?parent=13717"}],"curies":[{"name":"wp","href":"https:\/\/api.w.org\/{rel}","templated":true}]}}