{"id":13750,"date":"2025-08-02T08:00:13","date_gmt":"2025-08-02T11:00:13","guid":{"rendered":"https:\/\/deputadotaveirajr.com.br\/index.php\/confeiteiro-aposta-em-toras-de-torta-viraliza-e-faz-sucesso-em-feiras-da-grande-natal\/"},"modified":"2025-08-02T08:00:13","modified_gmt":"2025-08-02T11:00:13","slug":"confeiteiro-aposta-em-toras-de-torta-viraliza-e-faz-sucesso-em-feiras-da-grande-natal","status":"publish","type":"page","link":"https:\/\/deputadotaveirajr.com.br\/index.php\/confeiteiro-aposta-em-toras-de-torta-viraliza-e-faz-sucesso-em-feiras-da-grande-natal\/","title":{"rendered":"Confeiteiro aposta em &#8216;toras&#8217; de torta, viraliza e faz sucesso em feiras da Grande Natal"},"content":{"rendered":"<p><img decoding=\"async\" src=\"https:\/\/s2-g1.glbimg.com\/bFpDsupjsTySS8cm7AOVJyN3HqU=\/i.s3.glbimg.com\/v1\/AUTH_59edd422c0c84a879bd37670ae4f538a\/internal_photos\/bs\/2025\/o\/A\/m8VUUPS9yfTgVHJ36J8g\/tora-de-bolo-3.jpeg\" \/><br \/>     Com \u201ctora de torta\u201d, confeiteiro atrai fila e fatura em feiras de Natal<br \/>\nEm meio \u00e0 movimenta\u00e7\u00e3o tradicional das feiras de Natal, um vendedor tem chamado aten\u00e7\u00e3o nas redes sociais com uma proposta diferente: tortas em fatias generosas, que ele chama de &#8220;toras&#8221;.<br \/>\nBruno Miranda, conhecido como Bruno Cake, largou o emprego com carteira assinada para apostar no neg\u00f3cio que come\u00e7ou em 2024 e hoje atrai clientes de v\u00e1rias cidades.<br \/>\n\ud83d\udcf3 Clique aqui para seguir o canal do g1 RN no WhatsApp<br \/>\nNas feiras do Alecrim, em Natal , e de Cidade das Rosas, em S\u00e3o Gon\u00e7alo do Amarantem, as &#8220;toras&#8221; &#8211; por\u00e7\u00f5es de at\u00e9 600 gramas &#8211; t\u00eam esgotado rapidamente, em menos de duas horas. A estrat\u00e9gia de diferenciar o produto e usar as redes sociais para divulga\u00e7\u00e3o tem sido decisiva para o sucesso do confeiteiro.<br \/>\n&#8220;N\u00e3o \u00e9 fatia, nem peda\u00e7o. \u00c9 &#8216;tora'&#8221;, explica Bruno, que desenvolveu o conceito para fugir do padr\u00e3o do mercado e oferecer um produto generoso, de qualidade e pre\u00e7o acess\u00edvel.<br \/>\nBruno Cake aposta em &#8220;tora&#8221; de torta e esgota estoque em feiras de Natal<br \/>\nReprodu\u00e7\u00e3o<br \/>\nBruno vende em m\u00e9dia entre 10 e 14 tortas por dia nas feiras onde atua, mas afirma que a produ\u00e7\u00e3o ainda n\u00e3o d\u00e1 conta da demanda.<br \/>\n&#8220;Essa quantidade \u00e9 extremamente insuficiente. Eu estou j\u00e1 trabalhando no aumento dessa produ\u00e7\u00e3o. A cada s\u00e1bado, a cada domingo, eu tenho aumentado a quantidade de tortas e cada vez mais muitas pessoas est\u00e3o procurando&#8221;, disse.<br \/>\nO in\u00edcio das vendas foi no bairro Cidade das Rosas, onde mora. Depois, passou a atuar tamb\u00e9m em Cear\u00e1-Mirim e, atualmente, tem banca fixa na tradicional feira do Alecrim, aos s\u00e1bados, e novamente na Cidade das Rosas, aos domingos. &#8220;Eu tenho esse t\u00edtulo de ser o primeiro a vender torta nesse formato nas feiras do estado&#8221;, afirmou.<br \/>\nBruno j\u00e1 conciliava o emprego formal com vendas pontuais de doces desde a adolesc\u00eancia, quando fez cursos de confeitaria e vendia trufas e palha italiana, at\u00e9 que esse ano decidiu se desligar da carteira assinada e se dedicar somente ao neg\u00f3cio.<br \/>\nAs vendas come\u00e7am por volta das 6h da manh\u00e3 e acabam rapidamente. No \u00faltimo s\u00e1bado, o estoque foi totalmente vendido entre 6h e 8h20. &#8220;Tem me chamado muita aten\u00e7\u00e3o porque eu tenho levado cada vez mais bolos e cada vez mais pessoas t\u00eam procurado e o hor\u00e1rio que finaliza o meu estoque tem sido cada vez menor&#8221;, contou.<br \/>\nBruno Cake aposta em &#8220;tora&#8221; de torta e esgota estoque em feiras de Natal<br \/>\nCedida<br \/>\nViralizou nas redes sociais<br \/>\nAs redes sociais foram essenciais para o crescimento do neg\u00f3cio. Bruno posta v\u00eddeos diariamente no Instagram, atraindo clientes n\u00e3o s\u00f3 de Natal, mas de outras cidades e estados.<br \/>\n&#8220;Eu recebo pessoas de Santa Cruz, Parnamirim, Maca\u00edba e at\u00e9 de Jo\u00e3o Pessoa. Atrav\u00e9s da rede social, eu consigo criar aquela expectativa no cliente para que ele possa estar na banca comprando a sua tora de torta&#8221;, explica.<br \/>\nHoje, ele n\u00e3o trabalha com entregas e prioriza a venda presencial na banca. Tamb\u00e9m n\u00e3o tem planos imediatos para abrir loja. &#8220;Hoje eu n\u00e3o penso em ter uma loja f\u00edsica, mas pode ser que seja plano para o futuro. A feira me atende muito bem&#8221;, afirma.<br \/>\nOs sabores oferecidos variam de acordo com os pedidos dos clientes. &#8220;Os clientes v\u00e3o na banca, escolhem o sabor e dizem: &#8216;Ah, por que voc\u00ea n\u00e3o coloca tal sabor?&#8217; A\u00ed eu vejo a possibilidade de tudo, se d\u00e1 certo, se fecha a conta. Tudo precisa ser bem calculado&#8221;.<br \/>\nA inten\u00e7\u00e3o, segundo ele, \u00e9 mostrar que a feira tamb\u00e9m pode ser espa\u00e7o para sobremesa. &#8220;Quero quebrar a ideia de que feira \u00e9 s\u00f3 pra comprar frutas ou pastel&#8221;, disse.<\/p>","protected":false},"excerpt":{"rendered":"<p>Com \u201ctora de torta\u201d, confeiteiro atrai fila e fatura em feiras de Natal Em meio \u00e0 movimenta\u00e7\u00e3o tradicional das feiras de Natal, um vendedor tem chamado aten\u00e7\u00e3o nas redes sociais &#8230;<\/p>\n","protected":false},"author":0,"featured_media":13751,"parent":0,"menu_order":0,"comment_status":"closed","ping_status":"closed","template":"","meta":{"footnotes":""},"class_list":["post-13750","page","type-page","status-publish","has-post-thumbnail","hentry"],"yoast_head":"<!-- This site is optimized with the Yoast SEO plugin v27.1.1 - https:\/\/yoast.com\/product\/yoast-seo-wordpress\/ -->\n<title>Confeiteiro aposta em &#039;toras&#039; de torta, viraliza e faz sucesso em feiras da Grande Natal - Taveira Jr<\/title>\n<meta name=\"robots\" content=\"index, follow, max-snippet:-1, max-image-preview:large, max-video-preview:-1\" \/>\n<link rel=\"canonical\" href=\"https:\/\/deputadotaveirajr.com.br\/index.php\/confeiteiro-aposta-em-toras-de-torta-viraliza-e-faz-sucesso-em-feiras-da-grande-natal\/\" \/>\n<meta property=\"og:locale\" content=\"pt_BR\" \/>\n<meta property=\"og:type\" content=\"article\" \/>\n<meta property=\"og:title\" content=\"Confeiteiro aposta em &#039;toras&#039; de torta, viraliza e faz sucesso em feiras da Grande Natal - Taveira Jr\" \/>\n<meta property=\"og:description\" content=\"Com \u201ctora de torta\u201d, confeiteiro atrai fila e fatura em feiras de Natal Em meio \u00e0 movimenta\u00e7\u00e3o tradicional das feiras de Natal, um vendedor tem chamado aten\u00e7\u00e3o nas redes sociais ...\" \/>\n<meta property=\"og:url\" content=\"https:\/\/deputadotaveirajr.com.br\/index.php\/confeiteiro-aposta-em-toras-de-torta-viraliza-e-faz-sucesso-em-feiras-da-grande-natal\/\" \/>\n<meta property=\"og:site_name\" content=\"Taveira Jr\" \/>\n<meta property=\"og:image\" content=\"https:\/\/s2-g1.glbimg.com\/bFpDsupjsTySS8cm7AOVJyN3HqU=\/i.s3.glbimg.com\/v1\/AUTH_59edd422c0c84a879bd37670ae4f538a\/internal_photos\/bs\/2025\/o\/A\/m8VUUPS9yfTgVHJ36J8g\/tora-de-bolo-3.jpeg\" \/>\n<meta name=\"twitter:card\" content=\"summary_large_image\" \/>\n<meta name=\"twitter:label1\" content=\"Est. tempo de leitura\" \/>\n\t<meta name=\"twitter:data1\" content=\"3 minutos\" \/>\n<script type=\"application\/ld+json\" class=\"yoast-schema-graph\">{\"@context\":\"https:\/\/schema.org\",\"@graph\":[{\"@type\":\"WebPage\",\"@id\":\"https:\/\/deputadotaveirajr.com.br\/index.php\/confeiteiro-aposta-em-toras-de-torta-viraliza-e-faz-sucesso-em-feiras-da-grande-natal\/\",\"url\":\"https:\/\/deputadotaveirajr.com.br\/index.php\/confeiteiro-aposta-em-toras-de-torta-viraliza-e-faz-sucesso-em-feiras-da-grande-natal\/\",\"name\":\"Confeiteiro aposta em 'toras' de torta, viraliza e faz sucesso em feiras da Grande Natal - Taveira Jr\",\"isPartOf\":{\"@id\":\"https:\/\/deputadotaveirajr.com.br\/#website\"},\"primaryImageOfPage\":{\"@id\":\"https:\/\/deputadotaveirajr.com.br\/index.php\/confeiteiro-aposta-em-toras-de-torta-viraliza-e-faz-sucesso-em-feiras-da-grande-natal\/#primaryimage\"},\"image\":{\"@id\":\"https:\/\/deputadotaveirajr.com.br\/index.php\/confeiteiro-aposta-em-toras-de-torta-viraliza-e-faz-sucesso-em-feiras-da-grande-natal\/#primaryimage\"},\"thumbnailUrl\":\"https:\/\/deputadotaveirajr.com.br\/wp-content\/uploads\/2025\/08\/tora-de-bolo-3-mqUHXx-scaled.jpg\",\"datePublished\":\"2025-08-02T11:00:13+00:00\",\"breadcrumb\":{\"@id\":\"https:\/\/deputadotaveirajr.com.br\/index.php\/confeiteiro-aposta-em-toras-de-torta-viraliza-e-faz-sucesso-em-feiras-da-grande-natal\/#breadcrumb\"},\"inLanguage\":\"pt-BR\",\"potentialAction\":[{\"@type\":\"ReadAction\",\"target\":[\"https:\/\/deputadotaveirajr.com.br\/index.php\/confeiteiro-aposta-em-toras-de-torta-viraliza-e-faz-sucesso-em-feiras-da-grande-natal\/\"]}]},{\"@type\":\"ImageObject\",\"inLanguage\":\"pt-BR\",\"@id\":\"https:\/\/deputadotaveirajr.com.br\/index.php\/confeiteiro-aposta-em-toras-de-torta-viraliza-e-faz-sucesso-em-feiras-da-grande-natal\/#primaryimage\",\"url\":\"https:\/\/deputadotaveirajr.com.br\/wp-content\/uploads\/2025\/08\/tora-de-bolo-3-mqUHXx-scaled.jpg\",\"contentUrl\":\"https:\/\/deputadotaveirajr.com.br\/wp-content\/uploads\/2025\/08\/tora-de-bolo-3-mqUHXx-scaled.jpg\",\"width\":2560,\"height\":1280},{\"@type\":\"BreadcrumbList\",\"@id\":\"https:\/\/deputadotaveirajr.com.br\/index.php\/confeiteiro-aposta-em-toras-de-torta-viraliza-e-faz-sucesso-em-feiras-da-grande-natal\/#breadcrumb\",\"itemListElement\":[{\"@type\":\"ListItem\",\"position\":1,\"name\":\"In\u00edcio\",\"item\":\"https:\/\/deputadotaveirajr.com.br\/\"},{\"@type\":\"ListItem\",\"position\":2,\"name\":\"Confeiteiro aposta em &#8216;toras&#8217; de torta, viraliza e faz sucesso em feiras da Grande Natal\"}]},{\"@type\":\"WebSite\",\"@id\":\"https:\/\/deputadotaveirajr.com.br\/#website\",\"url\":\"https:\/\/deputadotaveirajr.com.br\/\",\"name\":\"Taveira Jr\",\"description\":\"Deputado Estadual\",\"publisher\":{\"@id\":\"https:\/\/deputadotaveirajr.com.br\/#organization\"},\"potentialAction\":[{\"@type\":\"SearchAction\",\"target\":{\"@type\":\"EntryPoint\",\"urlTemplate\":\"https:\/\/deputadotaveirajr.com.br\/?s={search_term_string}\"},\"query-input\":{\"@type\":\"PropertyValueSpecification\",\"valueRequired\":true,\"valueName\":\"search_term_string\"}}],\"inLanguage\":\"pt-BR\"},{\"@type\":\"Organization\",\"@id\":\"https:\/\/deputadotaveirajr.com.br\/#organization\",\"name\":\"Taveira Jr\",\"url\":\"https:\/\/deputadotaveirajr.com.br\/\",\"logo\":{\"@type\":\"ImageObject\",\"inLanguage\":\"pt-BR\",\"@id\":\"https:\/\/deputadotaveirajr.com.br\/#\/schema\/logo\/image\/\",\"url\":\"https:\/\/deputadotaveirajr.com.br\/wp-content\/uploads\/2026\/01\/logolow2a.png\",\"contentUrl\":\"https:\/\/deputadotaveirajr.com.br\/wp-content\/uploads\/2026\/01\/logolow2a.png\",\"width\":290,\"height\":80,\"caption\":\"Taveira Jr\"},\"image\":{\"@id\":\"https:\/\/deputadotaveirajr.com.br\/#\/schema\/logo\/image\/\"}}]}<\/script>\n<!-- \/ Yoast SEO plugin. -->","yoast_head_json":{"title":"Confeiteiro aposta em 'toras' de torta, viraliza e faz sucesso em feiras da Grande Natal - Taveira Jr","robots":{"index":"index","follow":"follow","max-snippet":"max-snippet:-1","max-image-preview":"max-image-preview:large","max-video-preview":"max-video-preview:-1"},"canonical":"https:\/\/deputadotaveirajr.com.br\/index.php\/confeiteiro-aposta-em-toras-de-torta-viraliza-e-faz-sucesso-em-feiras-da-grande-natal\/","og_locale":"pt_BR","og_type":"article","og_title":"Confeiteiro aposta em 'toras' de torta, viraliza e faz sucesso em feiras da Grande Natal - Taveira Jr","og_description":"Com \u201ctora de torta\u201d, confeiteiro atrai fila e fatura em feiras de Natal Em meio \u00e0 movimenta\u00e7\u00e3o tradicional das feiras de Natal, um vendedor tem chamado aten\u00e7\u00e3o nas redes sociais ...","og_url":"https:\/\/deputadotaveirajr.com.br\/index.php\/confeiteiro-aposta-em-toras-de-torta-viraliza-e-faz-sucesso-em-feiras-da-grande-natal\/","og_site_name":"Taveira Jr","og_image":[{"url":"https:\/\/s2-g1.glbimg.com\/bFpDsupjsTySS8cm7AOVJyN3HqU=\/i.s3.glbimg.com\/v1\/AUTH_59edd422c0c84a879bd37670ae4f538a\/internal_photos\/bs\/2025\/o\/A\/m8VUUPS9yfTgVHJ36J8g\/tora-de-bolo-3.jpeg","type":"","width":"","height":""}],"twitter_card":"summary_large_image","twitter_misc":{"Est. tempo de leitura":"3 minutos"},"schema":{"@context":"https:\/\/schema.org","@graph":[{"@type":"WebPage","@id":"https:\/\/deputadotaveirajr.com.br\/index.php\/confeiteiro-aposta-em-toras-de-torta-viraliza-e-faz-sucesso-em-feiras-da-grande-natal\/","url":"https:\/\/deputadotaveirajr.com.br\/index.php\/confeiteiro-aposta-em-toras-de-torta-viraliza-e-faz-sucesso-em-feiras-da-grande-natal\/","name":"Confeiteiro aposta em 'toras' de torta, viraliza e faz sucesso em feiras da Grande Natal - Taveira Jr","isPartOf":{"@id":"https:\/\/deputadotaveirajr.com.br\/#website"},"primaryImageOfPage":{"@id":"https:\/\/deputadotaveirajr.com.br\/index.php\/confeiteiro-aposta-em-toras-de-torta-viraliza-e-faz-sucesso-em-feiras-da-grande-natal\/#primaryimage"},"image":{"@id":"https:\/\/deputadotaveirajr.com.br\/index.php\/confeiteiro-aposta-em-toras-de-torta-viraliza-e-faz-sucesso-em-feiras-da-grande-natal\/#primaryimage"},"thumbnailUrl":"https:\/\/deputadotaveirajr.com.br\/wp-content\/uploads\/2025\/08\/tora-de-bolo-3-mqUHXx-scaled.jpg","datePublished":"2025-08-02T11:00:13+00:00","breadcrumb":{"@id":"https:\/\/deputadotaveirajr.com.br\/index.php\/confeiteiro-aposta-em-toras-de-torta-viraliza-e-faz-sucesso-em-feiras-da-grande-natal\/#breadcrumb"},"inLanguage":"pt-BR","potentialAction":[{"@type":"ReadAction","target":["https:\/\/deputadotaveirajr.com.br\/index.php\/confeiteiro-aposta-em-toras-de-torta-viraliza-e-faz-sucesso-em-feiras-da-grande-natal\/"]}]},{"@type":"ImageObject","inLanguage":"pt-BR","@id":"https:\/\/deputadotaveirajr.com.br\/index.php\/confeiteiro-aposta-em-toras-de-torta-viraliza-e-faz-sucesso-em-feiras-da-grande-natal\/#primaryimage","url":"https:\/\/deputadotaveirajr.com.br\/wp-content\/uploads\/2025\/08\/tora-de-bolo-3-mqUHXx-scaled.jpg","contentUrl":"https:\/\/deputadotaveirajr.com.br\/wp-content\/uploads\/2025\/08\/tora-de-bolo-3-mqUHXx-scaled.jpg","width":2560,"height":1280},{"@type":"BreadcrumbList","@id":"https:\/\/deputadotaveirajr.com.br\/index.php\/confeiteiro-aposta-em-toras-de-torta-viraliza-e-faz-sucesso-em-feiras-da-grande-natal\/#breadcrumb","itemListElement":[{"@type":"ListItem","position":1,"name":"In\u00edcio","item":"https:\/\/deputadotaveirajr.com.br\/"},{"@type":"ListItem","position":2,"name":"Confeiteiro aposta em &#8216;toras&#8217; de torta, viraliza e faz sucesso em feiras da Grande Natal"}]},{"@type":"WebSite","@id":"https:\/\/deputadotaveirajr.com.br\/#website","url":"https:\/\/deputadotaveirajr.com.br\/","name":"Taveira Jr","description":"Deputado Estadual","publisher":{"@id":"https:\/\/deputadotaveirajr.com.br\/#organization"},"potentialAction":[{"@type":"SearchAction","target":{"@type":"EntryPoint","urlTemplate":"https:\/\/deputadotaveirajr.com.br\/?s={search_term_string}"},"query-input":{"@type":"PropertyValueSpecification","valueRequired":true,"valueName":"search_term_string"}}],"inLanguage":"pt-BR"},{"@type":"Organization","@id":"https:\/\/deputadotaveirajr.com.br\/#organization","name":"Taveira Jr","url":"https:\/\/deputadotaveirajr.com.br\/","logo":{"@type":"ImageObject","inLanguage":"pt-BR","@id":"https:\/\/deputadotaveirajr.com.br\/#\/schema\/logo\/image\/","url":"https:\/\/deputadotaveirajr.com.br\/wp-content\/uploads\/2026\/01\/logolow2a.png","contentUrl":"https:\/\/deputadotaveirajr.com.br\/wp-content\/uploads\/2026\/01\/logolow2a.png","width":290,"height":80,"caption":"Taveira Jr"},"image":{"@id":"https:\/\/deputadotaveirajr.com.br\/#\/schema\/logo\/image\/"}}]}},"_links":{"self":[{"href":"https:\/\/deputadotaveirajr.com.br\/index.php\/wp-json\/wp\/v2\/pages\/13750","targetHints":{"allow":["GET"]}}],"collection":[{"href":"https:\/\/deputadotaveirajr.com.br\/index.php\/wp-json\/wp\/v2\/pages"}],"about":[{"href":"https:\/\/deputadotaveirajr.com.br\/index.php\/wp-json\/wp\/v2\/types\/page"}],"replies":[{"embeddable":true,"href":"https:\/\/deputadotaveirajr.com.br\/index.php\/wp-json\/wp\/v2\/comments?post=13750"}],"version-history":[{"count":0,"href":"https:\/\/deputadotaveirajr.com.br\/index.php\/wp-json\/wp\/v2\/pages\/13750\/revisions"}],"wp:featuredmedia":[{"embeddable":true,"href":"https:\/\/deputadotaveirajr.com.br\/index.php\/wp-json\/wp\/v2\/media\/13751"}],"wp:attachment":[{"href":"https:\/\/deputadotaveirajr.com.br\/index.php\/wp-json\/wp\/v2\/media?parent=13750"}],"curies":[{"name":"wp","href":"https:\/\/api.w.org\/{rel}","templated":true}]}}