{"id":13772,"date":"2025-08-05T10:31:08","date_gmt":"2025-08-05T13:31:08","guid":{"rendered":"https:\/\/deputadotaveirajr.com.br\/index.php\/sesc-oferece-mais-de-800-exames-gratuitos-de-mamografia-em-natal-veja-como-fazer\/"},"modified":"2025-08-05T10:31:08","modified_gmt":"2025-08-05T13:31:08","slug":"sesc-oferece-mais-de-800-exames-gratuitos-de-mamografia-em-natal-veja-como-fazer","status":"publish","type":"page","link":"https:\/\/deputadotaveirajr.com.br\/index.php\/sesc-oferece-mais-de-800-exames-gratuitos-de-mamografia-em-natal-veja-como-fazer\/","title":{"rendered":"Sesc oferece mais de 800 exames gratuitos de mamografia em Natal; veja como fazer"},"content":{"rendered":"<p><img decoding=\"async\" src=\"https:\/\/s2-g1.glbimg.com\/E-BuIw8xMs5tk3kruAHMzRo8y7M=\/i.s3.glbimg.com\/v1\/AUTH_59edd422c0c84a879bd37670ae4f538a\/internal_photos\/bs\/2025\/L\/t\/HgrkyGSxW7zjZQ4OZPkA\/unidade-movel-saude-mulher-1-1-1024x768-1-.jpg\" \/><br \/>     Unidade M\u00f3vel Sesc Sa\u00fade Mulher ficar\u00e1 em Nova Descoberta<br \/>\nDivulga\u00e7\u00e3o<br \/>\nO Servi\u00e7o Social do Com\u00e9rcio do Rio Grande do Norte (Sesc RN) oferece, a partir desta quarta-feira (6) at\u00e9 o dia 22 de agosto, exames preventivos e de mamografia de forma gratuita em Nova Descoberta, na Zona Leste de Natal.<br \/>\n Os exames ser\u00e3o feitos na unidade m\u00f3vel do Sesc Sa\u00fade Mulher, que ficar\u00e1 nesse per\u00edodo na Rua Dinarte Mariz Neto, ao lado do supermercado RedeMais.<br \/>\n\ud83d\udcf3 Clique aqui para seguir o canal do g1 RN no WhatsApp<br \/>\nSegundo o Sesc RN, a a\u00e7\u00e3o vai disponibilizar 832 exames para a popula\u00e7\u00e3o. Os atendimentos ser\u00e3o realizados de segunda a sexta-feira, das 8h \u00e0s 12h e das 13h \u00e0s 17h.<br \/>\nAs mamografias s\u00e3o destinadas a mulheres com idades entre 40 e 69 anos. No caso das mulheres com idade entre 40 e 49 anos, \u00e9 necess\u00e1rio apresentar requisi\u00e7\u00e3o m\u00e9dica. J\u00e1 os exames preventivos s\u00e3o voltados a mulheres de 25 a 64 anos e n\u00e3o exigem requisi\u00e7\u00e3o. As faixas et\u00e1rias seguem protocolo do Minist\u00e9rio da Sa\u00fade.<br \/>\nAgendamento<br \/>\nOs agendamentos podem ser feitos presencialmente ou por WhatsApp, a partir das 16h do dia 5 de agosto. O n\u00famero para contato \u00e9 (84) 98121-1455.<br \/>\nPara realizar os exames, \u00e9 necess\u00e1rio apresentar c\u00f3pias dos seguintes documentos:<br \/>\nRG<br \/>\nCPF<br \/>\nCart\u00e3o SUS<br \/>\nComprovante de resid\u00eancia<br \/>\nRequisi\u00e7\u00e3o m\u00e9dica (apenas para mamografias de mulheres de 40 a 49 anos)<br \/>\nA unidade m\u00f3vel conta com consult\u00f3rio ginecol\u00f3gico, sala de mamografia com mam\u00f3grafo digital e prote\u00e7\u00e3o radiol\u00f3gica, banheiro, sala de atendimento e \u00e1rea externa para orienta\u00e7\u00f5es em sa\u00fade.<br \/>\nAumenta o n\u00famero de diagn\u00f3sticos de c\u00e2ncer de mama antes do 50 anos<br \/>\n Veja os v\u00eddeos mais assistidos do g1 RN<\/p>","protected":false},"excerpt":{"rendered":"<p>Unidade M\u00f3vel Sesc Sa\u00fade Mulher ficar\u00e1 em Nova Descoberta Divulga\u00e7\u00e3o O Servi\u00e7o Social do Com\u00e9rcio do Rio Grande do Norte (Sesc RN) oferece, a partir desta quarta-feira (6) at\u00e9 o &#8230;<\/p>\n","protected":false},"author":0,"featured_media":13773,"parent":0,"menu_order":0,"comment_status":"closed","ping_status":"closed","template":"","meta":{"footnotes":""},"class_list":["post-13772","page","type-page","status-publish","has-post-thumbnail","hentry"],"yoast_head":"<!-- This site is optimized with the Yoast SEO plugin v27.1.1 - https:\/\/yoast.com\/product\/yoast-seo-wordpress\/ -->\n<title>Sesc oferece mais de 800 exames gratuitos de mamografia em Natal; veja como fazer - Taveira Jr<\/title>\n<meta name=\"robots\" content=\"index, follow, max-snippet:-1, max-image-preview:large, max-video-preview:-1\" \/>\n<link rel=\"canonical\" href=\"https:\/\/deputadotaveirajr.com.br\/index.php\/sesc-oferece-mais-de-800-exames-gratuitos-de-mamografia-em-natal-veja-como-fazer\/\" \/>\n<meta property=\"og:locale\" content=\"pt_BR\" \/>\n<meta property=\"og:type\" content=\"article\" \/>\n<meta property=\"og:title\" content=\"Sesc oferece mais de 800 exames gratuitos de mamografia em Natal; veja como fazer - Taveira Jr\" \/>\n<meta property=\"og:description\" content=\"Unidade M\u00f3vel Sesc Sa\u00fade Mulher ficar\u00e1 em Nova Descoberta Divulga\u00e7\u00e3o O Servi\u00e7o Social do Com\u00e9rcio do Rio Grande do Norte (Sesc RN) oferece, a partir desta quarta-feira (6) at\u00e9 o ...\" \/>\n<meta property=\"og:url\" content=\"https:\/\/deputadotaveirajr.com.br\/index.php\/sesc-oferece-mais-de-800-exames-gratuitos-de-mamografia-em-natal-veja-como-fazer\/\" \/>\n<meta property=\"og:site_name\" content=\"Taveira Jr\" \/>\n<meta property=\"og:image\" content=\"https:\/\/s2-g1.glbimg.com\/E-BuIw8xMs5tk3kruAHMzRo8y7M=\/i.s3.glbimg.com\/v1\/AUTH_59edd422c0c84a879bd37670ae4f538a\/internal_photos\/bs\/2025\/L\/t\/HgrkyGSxW7zjZQ4OZPkA\/unidade-movel-saude-mulher-1-1-1024x768-1-.jpg\" \/>\n<meta name=\"twitter:card\" content=\"summary_large_image\" \/>\n<meta name=\"twitter:label1\" content=\"Est. tempo de leitura\" \/>\n\t<meta name=\"twitter:data1\" content=\"1 minuto\" \/>\n<script type=\"application\/ld+json\" class=\"yoast-schema-graph\">{\"@context\":\"https:\/\/schema.org\",\"@graph\":[{\"@type\":\"WebPage\",\"@id\":\"https:\/\/deputadotaveirajr.com.br\/index.php\/sesc-oferece-mais-de-800-exames-gratuitos-de-mamografia-em-natal-veja-como-fazer\/\",\"url\":\"https:\/\/deputadotaveirajr.com.br\/index.php\/sesc-oferece-mais-de-800-exames-gratuitos-de-mamografia-em-natal-veja-como-fazer\/\",\"name\":\"Sesc oferece mais de 800 exames gratuitos de mamografia em Natal; veja como fazer - Taveira Jr\",\"isPartOf\":{\"@id\":\"https:\/\/deputadotaveirajr.com.br\/#website\"},\"primaryImageOfPage\":{\"@id\":\"https:\/\/deputadotaveirajr.com.br\/index.php\/sesc-oferece-mais-de-800-exames-gratuitos-de-mamografia-em-natal-veja-como-fazer\/#primaryimage\"},\"image\":{\"@id\":\"https:\/\/deputadotaveirajr.com.br\/index.php\/sesc-oferece-mais-de-800-exames-gratuitos-de-mamografia-em-natal-veja-como-fazer\/#primaryimage\"},\"thumbnailUrl\":\"https:\/\/deputadotaveirajr.com.br\/wp-content\/uploads\/2025\/08\/unidade-movel-saude-mulher-1-1-1024x768-1-QloFvG.jpg\",\"datePublished\":\"2025-08-05T13:31:08+00:00\",\"breadcrumb\":{\"@id\":\"https:\/\/deputadotaveirajr.com.br\/index.php\/sesc-oferece-mais-de-800-exames-gratuitos-de-mamografia-em-natal-veja-como-fazer\/#breadcrumb\"},\"inLanguage\":\"pt-BR\",\"potentialAction\":[{\"@type\":\"ReadAction\",\"target\":[\"https:\/\/deputadotaveirajr.com.br\/index.php\/sesc-oferece-mais-de-800-exames-gratuitos-de-mamografia-em-natal-veja-como-fazer\/\"]}]},{\"@type\":\"ImageObject\",\"inLanguage\":\"pt-BR\",\"@id\":\"https:\/\/deputadotaveirajr.com.br\/index.php\/sesc-oferece-mais-de-800-exames-gratuitos-de-mamografia-em-natal-veja-como-fazer\/#primaryimage\",\"url\":\"https:\/\/deputadotaveirajr.com.br\/wp-content\/uploads\/2025\/08\/unidade-movel-saude-mulher-1-1-1024x768-1-QloFvG.jpg\",\"contentUrl\":\"https:\/\/deputadotaveirajr.com.br\/wp-content\/uploads\/2025\/08\/unidade-movel-saude-mulher-1-1-1024x768-1-QloFvG.jpg\",\"width\":1300,\"height\":975},{\"@type\":\"BreadcrumbList\",\"@id\":\"https:\/\/deputadotaveirajr.com.br\/index.php\/sesc-oferece-mais-de-800-exames-gratuitos-de-mamografia-em-natal-veja-como-fazer\/#breadcrumb\",\"itemListElement\":[{\"@type\":\"ListItem\",\"position\":1,\"name\":\"In\u00edcio\",\"item\":\"https:\/\/deputadotaveirajr.com.br\/\"},{\"@type\":\"ListItem\",\"position\":2,\"name\":\"Sesc oferece mais de 800 exames gratuitos de mamografia em Natal; veja como fazer\"}]},{\"@type\":\"WebSite\",\"@id\":\"https:\/\/deputadotaveirajr.com.br\/#website\",\"url\":\"https:\/\/deputadotaveirajr.com.br\/\",\"name\":\"Taveira Jr\",\"description\":\"Deputado Estadual\",\"publisher\":{\"@id\":\"https:\/\/deputadotaveirajr.com.br\/#organization\"},\"potentialAction\":[{\"@type\":\"SearchAction\",\"target\":{\"@type\":\"EntryPoint\",\"urlTemplate\":\"https:\/\/deputadotaveirajr.com.br\/?s={search_term_string}\"},\"query-input\":{\"@type\":\"PropertyValueSpecification\",\"valueRequired\":true,\"valueName\":\"search_term_string\"}}],\"inLanguage\":\"pt-BR\"},{\"@type\":\"Organization\",\"@id\":\"https:\/\/deputadotaveirajr.com.br\/#organization\",\"name\":\"Taveira Jr\",\"url\":\"https:\/\/deputadotaveirajr.com.br\/\",\"logo\":{\"@type\":\"ImageObject\",\"inLanguage\":\"pt-BR\",\"@id\":\"https:\/\/deputadotaveirajr.com.br\/#\/schema\/logo\/image\/\",\"url\":\"https:\/\/deputadotaveirajr.com.br\/wp-content\/uploads\/2026\/01\/logolow2a.png\",\"contentUrl\":\"https:\/\/deputadotaveirajr.com.br\/wp-content\/uploads\/2026\/01\/logolow2a.png\",\"width\":290,\"height\":80,\"caption\":\"Taveira Jr\"},\"image\":{\"@id\":\"https:\/\/deputadotaveirajr.com.br\/#\/schema\/logo\/image\/\"}}]}<\/script>\n<!-- \/ Yoast SEO plugin. -->","yoast_head_json":{"title":"Sesc oferece mais de 800 exames gratuitos de mamografia em Natal; veja como fazer - Taveira Jr","robots":{"index":"index","follow":"follow","max-snippet":"max-snippet:-1","max-image-preview":"max-image-preview:large","max-video-preview":"max-video-preview:-1"},"canonical":"https:\/\/deputadotaveirajr.com.br\/index.php\/sesc-oferece-mais-de-800-exames-gratuitos-de-mamografia-em-natal-veja-como-fazer\/","og_locale":"pt_BR","og_type":"article","og_title":"Sesc oferece mais de 800 exames gratuitos de mamografia em Natal; veja como fazer - Taveira Jr","og_description":"Unidade M\u00f3vel Sesc Sa\u00fade Mulher ficar\u00e1 em Nova Descoberta Divulga\u00e7\u00e3o O Servi\u00e7o Social do Com\u00e9rcio do Rio Grande do Norte (Sesc RN) oferece, a partir desta quarta-feira (6) at\u00e9 o ...","og_url":"https:\/\/deputadotaveirajr.com.br\/index.php\/sesc-oferece-mais-de-800-exames-gratuitos-de-mamografia-em-natal-veja-como-fazer\/","og_site_name":"Taveira Jr","og_image":[{"url":"https:\/\/s2-g1.glbimg.com\/E-BuIw8xMs5tk3kruAHMzRo8y7M=\/i.s3.glbimg.com\/v1\/AUTH_59edd422c0c84a879bd37670ae4f538a\/internal_photos\/bs\/2025\/L\/t\/HgrkyGSxW7zjZQ4OZPkA\/unidade-movel-saude-mulher-1-1-1024x768-1-.jpg","type":"","width":"","height":""}],"twitter_card":"summary_large_image","twitter_misc":{"Est. tempo de leitura":"1 minuto"},"schema":{"@context":"https:\/\/schema.org","@graph":[{"@type":"WebPage","@id":"https:\/\/deputadotaveirajr.com.br\/index.php\/sesc-oferece-mais-de-800-exames-gratuitos-de-mamografia-em-natal-veja-como-fazer\/","url":"https:\/\/deputadotaveirajr.com.br\/index.php\/sesc-oferece-mais-de-800-exames-gratuitos-de-mamografia-em-natal-veja-como-fazer\/","name":"Sesc oferece mais de 800 exames gratuitos de mamografia em Natal; veja como fazer - Taveira Jr","isPartOf":{"@id":"https:\/\/deputadotaveirajr.com.br\/#website"},"primaryImageOfPage":{"@id":"https:\/\/deputadotaveirajr.com.br\/index.php\/sesc-oferece-mais-de-800-exames-gratuitos-de-mamografia-em-natal-veja-como-fazer\/#primaryimage"},"image":{"@id":"https:\/\/deputadotaveirajr.com.br\/index.php\/sesc-oferece-mais-de-800-exames-gratuitos-de-mamografia-em-natal-veja-como-fazer\/#primaryimage"},"thumbnailUrl":"https:\/\/deputadotaveirajr.com.br\/wp-content\/uploads\/2025\/08\/unidade-movel-saude-mulher-1-1-1024x768-1-QloFvG.jpg","datePublished":"2025-08-05T13:31:08+00:00","breadcrumb":{"@id":"https:\/\/deputadotaveirajr.com.br\/index.php\/sesc-oferece-mais-de-800-exames-gratuitos-de-mamografia-em-natal-veja-como-fazer\/#breadcrumb"},"inLanguage":"pt-BR","potentialAction":[{"@type":"ReadAction","target":["https:\/\/deputadotaveirajr.com.br\/index.php\/sesc-oferece-mais-de-800-exames-gratuitos-de-mamografia-em-natal-veja-como-fazer\/"]}]},{"@type":"ImageObject","inLanguage":"pt-BR","@id":"https:\/\/deputadotaveirajr.com.br\/index.php\/sesc-oferece-mais-de-800-exames-gratuitos-de-mamografia-em-natal-veja-como-fazer\/#primaryimage","url":"https:\/\/deputadotaveirajr.com.br\/wp-content\/uploads\/2025\/08\/unidade-movel-saude-mulher-1-1-1024x768-1-QloFvG.jpg","contentUrl":"https:\/\/deputadotaveirajr.com.br\/wp-content\/uploads\/2025\/08\/unidade-movel-saude-mulher-1-1-1024x768-1-QloFvG.jpg","width":1300,"height":975},{"@type":"BreadcrumbList","@id":"https:\/\/deputadotaveirajr.com.br\/index.php\/sesc-oferece-mais-de-800-exames-gratuitos-de-mamografia-em-natal-veja-como-fazer\/#breadcrumb","itemListElement":[{"@type":"ListItem","position":1,"name":"In\u00edcio","item":"https:\/\/deputadotaveirajr.com.br\/"},{"@type":"ListItem","position":2,"name":"Sesc oferece mais de 800 exames gratuitos de mamografia em Natal; veja como fazer"}]},{"@type":"WebSite","@id":"https:\/\/deputadotaveirajr.com.br\/#website","url":"https:\/\/deputadotaveirajr.com.br\/","name":"Taveira Jr","description":"Deputado Estadual","publisher":{"@id":"https:\/\/deputadotaveirajr.com.br\/#organization"},"potentialAction":[{"@type":"SearchAction","target":{"@type":"EntryPoint","urlTemplate":"https:\/\/deputadotaveirajr.com.br\/?s={search_term_string}"},"query-input":{"@type":"PropertyValueSpecification","valueRequired":true,"valueName":"search_term_string"}}],"inLanguage":"pt-BR"},{"@type":"Organization","@id":"https:\/\/deputadotaveirajr.com.br\/#organization","name":"Taveira Jr","url":"https:\/\/deputadotaveirajr.com.br\/","logo":{"@type":"ImageObject","inLanguage":"pt-BR","@id":"https:\/\/deputadotaveirajr.com.br\/#\/schema\/logo\/image\/","url":"https:\/\/deputadotaveirajr.com.br\/wp-content\/uploads\/2026\/01\/logolow2a.png","contentUrl":"https:\/\/deputadotaveirajr.com.br\/wp-content\/uploads\/2026\/01\/logolow2a.png","width":290,"height":80,"caption":"Taveira Jr"},"image":{"@id":"https:\/\/deputadotaveirajr.com.br\/#\/schema\/logo\/image\/"}}]}},"_links":{"self":[{"href":"https:\/\/deputadotaveirajr.com.br\/index.php\/wp-json\/wp\/v2\/pages\/13772","targetHints":{"allow":["GET"]}}],"collection":[{"href":"https:\/\/deputadotaveirajr.com.br\/index.php\/wp-json\/wp\/v2\/pages"}],"about":[{"href":"https:\/\/deputadotaveirajr.com.br\/index.php\/wp-json\/wp\/v2\/types\/page"}],"replies":[{"embeddable":true,"href":"https:\/\/deputadotaveirajr.com.br\/index.php\/wp-json\/wp\/v2\/comments?post=13772"}],"version-history":[{"count":0,"href":"https:\/\/deputadotaveirajr.com.br\/index.php\/wp-json\/wp\/v2\/pages\/13772\/revisions"}],"wp:featuredmedia":[{"embeddable":true,"href":"https:\/\/deputadotaveirajr.com.br\/index.php\/wp-json\/wp\/v2\/media\/13773"}],"wp:attachment":[{"href":"https:\/\/deputadotaveirajr.com.br\/index.php\/wp-json\/wp\/v2\/media?parent=13772"}],"curies":[{"name":"wp","href":"https:\/\/api.w.org\/{rel}","templated":true}]}}