{"id":13776,"date":"2025-08-05T08:39:08","date_gmt":"2025-08-05T11:39:08","guid":{"rendered":"https:\/\/deputadotaveirajr.com.br\/index.php\/dois-pitbulls-sao-mortos-a-tiros-por-policial-militar-na-grande-natal\/"},"modified":"2025-08-05T08:39:08","modified_gmt":"2025-08-05T11:39:08","slug":"dois-pitbulls-sao-mortos-a-tiros-por-policial-militar-na-grande-natal","status":"publish","type":"page","link":"https:\/\/deputadotaveirajr.com.br\/index.php\/dois-pitbulls-sao-mortos-a-tiros-por-policial-militar-na-grande-natal\/","title":{"rendered":"Dois pitbulls s\u00e3o mortos a tiros por policial militar na Grande Natal"},"content":{"rendered":"<p><img decoding=\"async\" src=\"https:\/\/s2-g1.glbimg.com\/HpWFr6HqJcOFueMssOPFUbJQc9o=\/i.s3.glbimg.com\/v1\/AUTH_59edd422c0c84a879bd37670ae4f538a\/internal_photos\/bs\/2022\/v\/V\/Mr1l8YRpKDAlrxcLPlqQ\/whatsapp-image-2022-05-25-at-07.28.01-1-.jpeg\" \/><br \/>     C\u00e3es s\u00e3o mortos a tiros ap\u00f3s ataque em S\u00e3o Gon\u00e7alo do Amarante<br \/>\nDois c\u00e3es da ra\u00e7a pitbull foram mortos a tiros nesta segunda-feira (4) no conjunto Cidade das Rosas, em S\u00e3o Gon\u00e7alo do Amarante, na Grande Natal.<br \/>\nO caso envolveu um policial militar, que passeava com a filha e dois c\u00e3es da fam\u00edlia, e o tutor dos pitbulls. As duas partes apresentaram vers\u00f5es diferentes sobre o momento dos disparos.<br \/>\n\ud83d\udcf3 Clique aqui para seguir o canal do g1 RN no WhatsApp<br \/>\nSegundo relato do policial, por volta das 17h, ele caminhava com os dois c\u00e3es da fam\u00edlia e a filha quando os pitbulls sa\u00edram de uma resid\u00eancia com o port\u00e3o aberto e atacaram um dos animais. O PM afirmou que tentou separar os c\u00e3es com o bra\u00e7o e, durante a confus\u00e3o, a arma que carregava na cintura caiu no ch\u00e3o. Ele gritou por socorro e ficou ferido no rosto e no bra\u00e7o.<br \/>\nLEIA TAMB\u00c9M<br \/>\nBeb\u00ea de 1 ano \u00e9 atacado por pitbull dentro de casa em Mossor\u00f3<br \/>\nHomem \u00e9 atacado por pitbulls e tem bra\u00e7os amputados na Grande Natal<br \/>\nAinda de acordo com o policial, o tutor dos pitbulls apareceu e os c\u00e3es retornaram para dentro da casa. O PM relatou que, ao se levantar com a arma na m\u00e3o, atirou nos animais do port\u00e3o da resid\u00eancia, por temer que eles atacassem novamente, inclusive a filha dele.<br \/>\nO tutor dos pitbulls tamb\u00e9m prestou depoimento \u00e0 pol\u00edcia. Ele afirmou que estava dentro de casa e escutou os latidos dos c\u00e3es. Ao sair, percebeu que o port\u00e3o estava entreaberto e chamou os animais, que retornaram para dentro. Segundo ele, ap\u00f3s perguntar ao policial se estava tudo bem e se colocar \u00e0 disposi\u00e7\u00e3o para arcar com os custos veterin\u00e1rios, o PM deixou o local.<br \/>\nO tutor afirmou ainda que, alguns minutos depois, o policial retornou armado, entrou na resid\u00eancia e atirou contra os dois c\u00e3es, que morreram no local.<br \/>\nA Delegacia de Pol\u00edcia Civil de S\u00e3o Gon\u00e7alo do Amarante vai investigar o caso. Vizinhos devem ser ouvidos e imagens de c\u00e2meras de seguran\u00e7a da regi\u00e3o ser\u00e3o analisadas.<br \/>\nDois pitbulls s\u00e3o mortos a tiros por policial militar na Grande Natal<br \/>\nHeloise Hamada\/g1<br \/>\nVeja os v\u00eddeos mais assistidos do g1 RN<br \/>\ns<\/p>","protected":false},"excerpt":{"rendered":"<p>C\u00e3es s\u00e3o mortos a tiros ap\u00f3s ataque em S\u00e3o Gon\u00e7alo do Amarante Dois c\u00e3es da ra\u00e7a pitbull foram mortos a tiros nesta segunda-feira (4) no conjunto Cidade das Rosas, em &#8230;<\/p>\n","protected":false},"author":0,"featured_media":13777,"parent":0,"menu_order":0,"comment_status":"closed","ping_status":"closed","template":"","meta":{"footnotes":""},"class_list":["post-13776","page","type-page","status-publish","has-post-thumbnail","hentry"],"yoast_head":"<!-- This site is optimized with the Yoast SEO plugin v27.1.1 - https:\/\/yoast.com\/product\/yoast-seo-wordpress\/ -->\n<title>Dois pitbulls s\u00e3o mortos a tiros por policial militar na Grande Natal - Taveira Jr<\/title>\n<meta name=\"robots\" content=\"index, follow, max-snippet:-1, max-image-preview:large, max-video-preview:-1\" \/>\n<link rel=\"canonical\" href=\"https:\/\/deputadotaveirajr.com.br\/index.php\/dois-pitbulls-sao-mortos-a-tiros-por-policial-militar-na-grande-natal\/\" \/>\n<meta property=\"og:locale\" content=\"pt_BR\" \/>\n<meta property=\"og:type\" content=\"article\" \/>\n<meta property=\"og:title\" content=\"Dois pitbulls s\u00e3o mortos a tiros por policial militar na Grande Natal - Taveira Jr\" \/>\n<meta property=\"og:description\" content=\"C\u00e3es s\u00e3o mortos a tiros ap\u00f3s ataque em S\u00e3o Gon\u00e7alo do Amarante Dois c\u00e3es da ra\u00e7a pitbull foram mortos a tiros nesta segunda-feira (4) no conjunto Cidade das Rosas, em ...\" \/>\n<meta property=\"og:url\" content=\"https:\/\/deputadotaveirajr.com.br\/index.php\/dois-pitbulls-sao-mortos-a-tiros-por-policial-militar-na-grande-natal\/\" \/>\n<meta property=\"og:site_name\" content=\"Taveira Jr\" \/>\n<meta property=\"og:image\" content=\"https:\/\/s2-g1.glbimg.com\/HpWFr6HqJcOFueMssOPFUbJQc9o=\/i.s3.glbimg.com\/v1\/AUTH_59edd422c0c84a879bd37670ae4f538a\/internal_photos\/bs\/2022\/v\/V\/Mr1l8YRpKDAlrxcLPlqQ\/whatsapp-image-2022-05-25-at-07.28.01-1-.jpeg\" \/>\n<meta name=\"twitter:card\" content=\"summary_large_image\" \/>\n<meta name=\"twitter:label1\" content=\"Est. tempo de leitura\" \/>\n\t<meta name=\"twitter:data1\" content=\"2 minutos\" \/>\n<script type=\"application\/ld+json\" class=\"yoast-schema-graph\">{\"@context\":\"https:\/\/schema.org\",\"@graph\":[{\"@type\":\"WebPage\",\"@id\":\"https:\/\/deputadotaveirajr.com.br\/index.php\/dois-pitbulls-sao-mortos-a-tiros-por-policial-militar-na-grande-natal\/\",\"url\":\"https:\/\/deputadotaveirajr.com.br\/index.php\/dois-pitbulls-sao-mortos-a-tiros-por-policial-militar-na-grande-natal\/\",\"name\":\"Dois pitbulls s\u00e3o mortos a tiros por policial militar na Grande Natal - Taveira Jr\",\"isPartOf\":{\"@id\":\"https:\/\/deputadotaveirajr.com.br\/#website\"},\"primaryImageOfPage\":{\"@id\":\"https:\/\/deputadotaveirajr.com.br\/index.php\/dois-pitbulls-sao-mortos-a-tiros-por-policial-militar-na-grande-natal\/#primaryimage\"},\"image\":{\"@id\":\"https:\/\/deputadotaveirajr.com.br\/index.php\/dois-pitbulls-sao-mortos-a-tiros-por-policial-militar-na-grande-natal\/#primaryimage\"},\"thumbnailUrl\":\"https:\/\/deputadotaveirajr.com.br\/wp-content\/uploads\/2025\/08\/whatsapp-image-2022-05-25-at-07.28.01-1-86wdRH.jpg\",\"datePublished\":\"2025-08-05T11:39:08+00:00\",\"breadcrumb\":{\"@id\":\"https:\/\/deputadotaveirajr.com.br\/index.php\/dois-pitbulls-sao-mortos-a-tiros-por-policial-militar-na-grande-natal\/#breadcrumb\"},\"inLanguage\":\"pt-BR\",\"potentialAction\":[{\"@type\":\"ReadAction\",\"target\":[\"https:\/\/deputadotaveirajr.com.br\/index.php\/dois-pitbulls-sao-mortos-a-tiros-por-policial-militar-na-grande-natal\/\"]}]},{\"@type\":\"ImageObject\",\"inLanguage\":\"pt-BR\",\"@id\":\"https:\/\/deputadotaveirajr.com.br\/index.php\/dois-pitbulls-sao-mortos-a-tiros-por-policial-militar-na-grande-natal\/#primaryimage\",\"url\":\"https:\/\/deputadotaveirajr.com.br\/wp-content\/uploads\/2025\/08\/whatsapp-image-2022-05-25-at-07.28.01-1-86wdRH.jpg\",\"contentUrl\":\"https:\/\/deputadotaveirajr.com.br\/wp-content\/uploads\/2025\/08\/whatsapp-image-2022-05-25-at-07.28.01-1-86wdRH.jpg\",\"width\":1600,\"height\":900},{\"@type\":\"BreadcrumbList\",\"@id\":\"https:\/\/deputadotaveirajr.com.br\/index.php\/dois-pitbulls-sao-mortos-a-tiros-por-policial-militar-na-grande-natal\/#breadcrumb\",\"itemListElement\":[{\"@type\":\"ListItem\",\"position\":1,\"name\":\"In\u00edcio\",\"item\":\"https:\/\/deputadotaveirajr.com.br\/\"},{\"@type\":\"ListItem\",\"position\":2,\"name\":\"Dois pitbulls s\u00e3o mortos a tiros por policial militar na Grande Natal\"}]},{\"@type\":\"WebSite\",\"@id\":\"https:\/\/deputadotaveirajr.com.br\/#website\",\"url\":\"https:\/\/deputadotaveirajr.com.br\/\",\"name\":\"Taveira Jr\",\"description\":\"Deputado Estadual\",\"publisher\":{\"@id\":\"https:\/\/deputadotaveirajr.com.br\/#organization\"},\"potentialAction\":[{\"@type\":\"SearchAction\",\"target\":{\"@type\":\"EntryPoint\",\"urlTemplate\":\"https:\/\/deputadotaveirajr.com.br\/?s={search_term_string}\"},\"query-input\":{\"@type\":\"PropertyValueSpecification\",\"valueRequired\":true,\"valueName\":\"search_term_string\"}}],\"inLanguage\":\"pt-BR\"},{\"@type\":\"Organization\",\"@id\":\"https:\/\/deputadotaveirajr.com.br\/#organization\",\"name\":\"Taveira Jr\",\"url\":\"https:\/\/deputadotaveirajr.com.br\/\",\"logo\":{\"@type\":\"ImageObject\",\"inLanguage\":\"pt-BR\",\"@id\":\"https:\/\/deputadotaveirajr.com.br\/#\/schema\/logo\/image\/\",\"url\":\"https:\/\/deputadotaveirajr.com.br\/wp-content\/uploads\/2026\/01\/logolow2a.png\",\"contentUrl\":\"https:\/\/deputadotaveirajr.com.br\/wp-content\/uploads\/2026\/01\/logolow2a.png\",\"width\":290,\"height\":80,\"caption\":\"Taveira Jr\"},\"image\":{\"@id\":\"https:\/\/deputadotaveirajr.com.br\/#\/schema\/logo\/image\/\"}}]}<\/script>\n<!-- \/ Yoast SEO plugin. -->","yoast_head_json":{"title":"Dois pitbulls s\u00e3o mortos a tiros por policial militar na Grande Natal - Taveira Jr","robots":{"index":"index","follow":"follow","max-snippet":"max-snippet:-1","max-image-preview":"max-image-preview:large","max-video-preview":"max-video-preview:-1"},"canonical":"https:\/\/deputadotaveirajr.com.br\/index.php\/dois-pitbulls-sao-mortos-a-tiros-por-policial-militar-na-grande-natal\/","og_locale":"pt_BR","og_type":"article","og_title":"Dois pitbulls s\u00e3o mortos a tiros por policial militar na Grande Natal - Taveira Jr","og_description":"C\u00e3es s\u00e3o mortos a tiros ap\u00f3s ataque em S\u00e3o Gon\u00e7alo do Amarante Dois c\u00e3es da ra\u00e7a pitbull foram mortos a tiros nesta segunda-feira (4) no conjunto Cidade das Rosas, em ...","og_url":"https:\/\/deputadotaveirajr.com.br\/index.php\/dois-pitbulls-sao-mortos-a-tiros-por-policial-militar-na-grande-natal\/","og_site_name":"Taveira Jr","og_image":[{"url":"https:\/\/s2-g1.glbimg.com\/HpWFr6HqJcOFueMssOPFUbJQc9o=\/i.s3.glbimg.com\/v1\/AUTH_59edd422c0c84a879bd37670ae4f538a\/internal_photos\/bs\/2022\/v\/V\/Mr1l8YRpKDAlrxcLPlqQ\/whatsapp-image-2022-05-25-at-07.28.01-1-.jpeg","type":"","width":"","height":""}],"twitter_card":"summary_large_image","twitter_misc":{"Est. tempo de leitura":"2 minutos"},"schema":{"@context":"https:\/\/schema.org","@graph":[{"@type":"WebPage","@id":"https:\/\/deputadotaveirajr.com.br\/index.php\/dois-pitbulls-sao-mortos-a-tiros-por-policial-militar-na-grande-natal\/","url":"https:\/\/deputadotaveirajr.com.br\/index.php\/dois-pitbulls-sao-mortos-a-tiros-por-policial-militar-na-grande-natal\/","name":"Dois pitbulls s\u00e3o mortos a tiros por policial militar na Grande Natal - Taveira Jr","isPartOf":{"@id":"https:\/\/deputadotaveirajr.com.br\/#website"},"primaryImageOfPage":{"@id":"https:\/\/deputadotaveirajr.com.br\/index.php\/dois-pitbulls-sao-mortos-a-tiros-por-policial-militar-na-grande-natal\/#primaryimage"},"image":{"@id":"https:\/\/deputadotaveirajr.com.br\/index.php\/dois-pitbulls-sao-mortos-a-tiros-por-policial-militar-na-grande-natal\/#primaryimage"},"thumbnailUrl":"https:\/\/deputadotaveirajr.com.br\/wp-content\/uploads\/2025\/08\/whatsapp-image-2022-05-25-at-07.28.01-1-86wdRH.jpg","datePublished":"2025-08-05T11:39:08+00:00","breadcrumb":{"@id":"https:\/\/deputadotaveirajr.com.br\/index.php\/dois-pitbulls-sao-mortos-a-tiros-por-policial-militar-na-grande-natal\/#breadcrumb"},"inLanguage":"pt-BR","potentialAction":[{"@type":"ReadAction","target":["https:\/\/deputadotaveirajr.com.br\/index.php\/dois-pitbulls-sao-mortos-a-tiros-por-policial-militar-na-grande-natal\/"]}]},{"@type":"ImageObject","inLanguage":"pt-BR","@id":"https:\/\/deputadotaveirajr.com.br\/index.php\/dois-pitbulls-sao-mortos-a-tiros-por-policial-militar-na-grande-natal\/#primaryimage","url":"https:\/\/deputadotaveirajr.com.br\/wp-content\/uploads\/2025\/08\/whatsapp-image-2022-05-25-at-07.28.01-1-86wdRH.jpg","contentUrl":"https:\/\/deputadotaveirajr.com.br\/wp-content\/uploads\/2025\/08\/whatsapp-image-2022-05-25-at-07.28.01-1-86wdRH.jpg","width":1600,"height":900},{"@type":"BreadcrumbList","@id":"https:\/\/deputadotaveirajr.com.br\/index.php\/dois-pitbulls-sao-mortos-a-tiros-por-policial-militar-na-grande-natal\/#breadcrumb","itemListElement":[{"@type":"ListItem","position":1,"name":"In\u00edcio","item":"https:\/\/deputadotaveirajr.com.br\/"},{"@type":"ListItem","position":2,"name":"Dois pitbulls s\u00e3o mortos a tiros por policial militar na Grande Natal"}]},{"@type":"WebSite","@id":"https:\/\/deputadotaveirajr.com.br\/#website","url":"https:\/\/deputadotaveirajr.com.br\/","name":"Taveira Jr","description":"Deputado Estadual","publisher":{"@id":"https:\/\/deputadotaveirajr.com.br\/#organization"},"potentialAction":[{"@type":"SearchAction","target":{"@type":"EntryPoint","urlTemplate":"https:\/\/deputadotaveirajr.com.br\/?s={search_term_string}"},"query-input":{"@type":"PropertyValueSpecification","valueRequired":true,"valueName":"search_term_string"}}],"inLanguage":"pt-BR"},{"@type":"Organization","@id":"https:\/\/deputadotaveirajr.com.br\/#organization","name":"Taveira Jr","url":"https:\/\/deputadotaveirajr.com.br\/","logo":{"@type":"ImageObject","inLanguage":"pt-BR","@id":"https:\/\/deputadotaveirajr.com.br\/#\/schema\/logo\/image\/","url":"https:\/\/deputadotaveirajr.com.br\/wp-content\/uploads\/2026\/01\/logolow2a.png","contentUrl":"https:\/\/deputadotaveirajr.com.br\/wp-content\/uploads\/2026\/01\/logolow2a.png","width":290,"height":80,"caption":"Taveira Jr"},"image":{"@id":"https:\/\/deputadotaveirajr.com.br\/#\/schema\/logo\/image\/"}}]}},"_links":{"self":[{"href":"https:\/\/deputadotaveirajr.com.br\/index.php\/wp-json\/wp\/v2\/pages\/13776","targetHints":{"allow":["GET"]}}],"collection":[{"href":"https:\/\/deputadotaveirajr.com.br\/index.php\/wp-json\/wp\/v2\/pages"}],"about":[{"href":"https:\/\/deputadotaveirajr.com.br\/index.php\/wp-json\/wp\/v2\/types\/page"}],"replies":[{"embeddable":true,"href":"https:\/\/deputadotaveirajr.com.br\/index.php\/wp-json\/wp\/v2\/comments?post=13776"}],"version-history":[{"count":0,"href":"https:\/\/deputadotaveirajr.com.br\/index.php\/wp-json\/wp\/v2\/pages\/13776\/revisions"}],"wp:featuredmedia":[{"embeddable":true,"href":"https:\/\/deputadotaveirajr.com.br\/index.php\/wp-json\/wp\/v2\/media\/13777"}],"wp:attachment":[{"href":"https:\/\/deputadotaveirajr.com.br\/index.php\/wp-json\/wp\/v2\/media?parent=13776"}],"curies":[{"name":"wp","href":"https:\/\/api.w.org\/{rel}","templated":true}]}}