{"id":13778,"date":"2025-08-05T08:06:14","date_gmt":"2025-08-05T11:06:14","guid":{"rendered":"https:\/\/deputadotaveirajr.com.br\/index.php\/seis-cidades-do-rn-tem-abastecimento-de-agua-suspenso-apos-caminhao-bater-em-adutora\/"},"modified":"2025-08-05T08:06:14","modified_gmt":"2025-08-05T11:06:14","slug":"seis-cidades-do-rn-tem-abastecimento-de-agua-suspenso-apos-caminhao-bater-em-adutora","status":"publish","type":"page","link":"https:\/\/deputadotaveirajr.com.br\/index.php\/seis-cidades-do-rn-tem-abastecimento-de-agua-suspenso-apos-caminhao-bater-em-adutora\/","title":{"rendered":"Seis cidades do RN t\u00eam abastecimento de \u00e1gua suspenso ap\u00f3s caminh\u00e3o bater em adutora"},"content":{"rendered":"<p><img decoding=\"async\" src=\"https:\/\/s2-g1.glbimg.com\/uY4cdpXg6seEd2Mrnw80JvbNuYs=\/i.s3.glbimg.com\/v1\/AUTH_59edd422c0c84a879bd37670ae4f538a\/internal_photos\/bs\/2022\/B\/D\/iTIqGGQN2o4SmOqUlW5g\/pedro-franca-agencia-senado.jpg\" \/><br \/>     Acidente com caminh\u00e3o danifica adutora e suspende abastecimento de \u00e1gua em cidades do RN<br \/>\nPedro Fran\u00e7a\/Ag\u00eancia Senado<br \/>\nUm acidente com caminh\u00e3o causou danos \u00e0 adutora do sistema produtor integrado Arn\u00f3bio Abreu e paralisou o abastecimento de \u00e1gua em seis cidades do Rio Grande do Norte.<br \/>\nSegundo a Companhia de \u00c1guas e Esgotos do Rio Grande do Norte (Caern), a colis\u00e3o aconteceu por volta das 3h desta ter\u00e7a-feira (5), nas proximidades do acesso ao munic\u00edpio de Triunfo Potiguar.<br \/>\n\ud83d\udcf3 Clique aqui para seguir o canal do g1 RN no WhatsApp<br \/>\nAs cidades e regi\u00f5es afetadas s\u00e3o Triunfo Potiguar, Serra de Jo\u00e3o do Vale, Para\u00fa, Campo Grande, Jandu\u00eds, Messias Targino e Patu.<br \/>\nEquipes da Caern trabalham no local do acidente, e a previs\u00e3o \u00e9 que o conserto da tubula\u00e7\u00e3o seja conclu\u00eddo na noite de quarta-feira (6). Ap\u00f3s a finaliza\u00e7\u00e3o do servi\u00e7o, o fornecimento de \u00e1gua ser\u00e1 restabelecido gradualmente, com prazo de at\u00e9 72 horas para normaliza\u00e7\u00e3o total nas \u00e1reas atingidas.<br \/>\nEnquanto o abastecimento n\u00e3o \u00e9 restabelecido, a Caern orienta os moradores das regi\u00f5es afetadas a utilizarem a \u00e1gua de forma racional e a evitarem o desperd\u00edcio.<br \/>\nVeja os v\u00eddeos mais assistidos do g1 RN<br \/>\nm<\/p>","protected":false},"excerpt":{"rendered":"<p>Acidente com caminh\u00e3o danifica adutora e suspende abastecimento de \u00e1gua em cidades do RN Pedro Fran\u00e7a\/Ag\u00eancia Senado Um acidente com caminh\u00e3o causou danos \u00e0 adutora do sistema produtor integrado Arn\u00f3bio &#8230;<\/p>\n","protected":false},"author":0,"featured_media":13779,"parent":0,"menu_order":0,"comment_status":"closed","ping_status":"closed","template":"","meta":{"footnotes":""},"class_list":["post-13778","page","type-page","status-publish","has-post-thumbnail","hentry"],"yoast_head":"<!-- This site is optimized with the Yoast SEO plugin v27.1.1 - https:\/\/yoast.com\/product\/yoast-seo-wordpress\/ -->\n<title>Seis cidades do RN t\u00eam abastecimento de \u00e1gua suspenso ap\u00f3s caminh\u00e3o bater em adutora - Taveira Jr<\/title>\n<meta name=\"robots\" content=\"index, follow, max-snippet:-1, max-image-preview:large, max-video-preview:-1\" \/>\n<link rel=\"canonical\" href=\"https:\/\/deputadotaveirajr.com.br\/index.php\/seis-cidades-do-rn-tem-abastecimento-de-agua-suspenso-apos-caminhao-bater-em-adutora\/\" \/>\n<meta property=\"og:locale\" content=\"pt_BR\" \/>\n<meta property=\"og:type\" content=\"article\" \/>\n<meta property=\"og:title\" content=\"Seis cidades do RN t\u00eam abastecimento de \u00e1gua suspenso ap\u00f3s caminh\u00e3o bater em adutora - Taveira Jr\" \/>\n<meta property=\"og:description\" content=\"Acidente com caminh\u00e3o danifica adutora e suspende abastecimento de \u00e1gua em cidades do RN Pedro Fran\u00e7a\/Ag\u00eancia Senado Um acidente com caminh\u00e3o causou danos \u00e0 adutora do sistema produtor integrado Arn\u00f3bio ...\" \/>\n<meta property=\"og:url\" content=\"https:\/\/deputadotaveirajr.com.br\/index.php\/seis-cidades-do-rn-tem-abastecimento-de-agua-suspenso-apos-caminhao-bater-em-adutora\/\" \/>\n<meta property=\"og:site_name\" content=\"Taveira Jr\" \/>\n<meta property=\"og:image\" content=\"https:\/\/s2-g1.glbimg.com\/uY4cdpXg6seEd2Mrnw80JvbNuYs=\/i.s3.glbimg.com\/v1\/AUTH_59edd422c0c84a879bd37670ae4f538a\/internal_photos\/bs\/2022\/B\/D\/iTIqGGQN2o4SmOqUlW5g\/pedro-franca-agencia-senado.jpg\" \/>\n<meta name=\"twitter:card\" content=\"summary_large_image\" \/>\n<meta name=\"twitter:label1\" content=\"Est. tempo de leitura\" \/>\n\t<meta name=\"twitter:data1\" content=\"1 minuto\" \/>\n<script type=\"application\/ld+json\" class=\"yoast-schema-graph\">{\"@context\":\"https:\/\/schema.org\",\"@graph\":[{\"@type\":\"WebPage\",\"@id\":\"https:\/\/deputadotaveirajr.com.br\/index.php\/seis-cidades-do-rn-tem-abastecimento-de-agua-suspenso-apos-caminhao-bater-em-adutora\/\",\"url\":\"https:\/\/deputadotaveirajr.com.br\/index.php\/seis-cidades-do-rn-tem-abastecimento-de-agua-suspenso-apos-caminhao-bater-em-adutora\/\",\"name\":\"Seis cidades do RN t\u00eam abastecimento de \u00e1gua suspenso ap\u00f3s caminh\u00e3o bater em adutora - Taveira Jr\",\"isPartOf\":{\"@id\":\"https:\/\/deputadotaveirajr.com.br\/#website\"},\"primaryImageOfPage\":{\"@id\":\"https:\/\/deputadotaveirajr.com.br\/index.php\/seis-cidades-do-rn-tem-abastecimento-de-agua-suspenso-apos-caminhao-bater-em-adutora\/#primaryimage\"},\"image\":{\"@id\":\"https:\/\/deputadotaveirajr.com.br\/index.php\/seis-cidades-do-rn-tem-abastecimento-de-agua-suspenso-apos-caminhao-bater-em-adutora\/#primaryimage\"},\"thumbnailUrl\":\"https:\/\/deputadotaveirajr.com.br\/wp-content\/uploads\/2025\/08\/pedro-franca-agencia-senado-hEtH9S.jpg\",\"datePublished\":\"2025-08-05T11:06:14+00:00\",\"breadcrumb\":{\"@id\":\"https:\/\/deputadotaveirajr.com.br\/index.php\/seis-cidades-do-rn-tem-abastecimento-de-agua-suspenso-apos-caminhao-bater-em-adutora\/#breadcrumb\"},\"inLanguage\":\"pt-BR\",\"potentialAction\":[{\"@type\":\"ReadAction\",\"target\":[\"https:\/\/deputadotaveirajr.com.br\/index.php\/seis-cidades-do-rn-tem-abastecimento-de-agua-suspenso-apos-caminhao-bater-em-adutora\/\"]}]},{\"@type\":\"ImageObject\",\"inLanguage\":\"pt-BR\",\"@id\":\"https:\/\/deputadotaveirajr.com.br\/index.php\/seis-cidades-do-rn-tem-abastecimento-de-agua-suspenso-apos-caminhao-bater-em-adutora\/#primaryimage\",\"url\":\"https:\/\/deputadotaveirajr.com.br\/wp-content\/uploads\/2025\/08\/pedro-franca-agencia-senado-hEtH9S.jpg\",\"contentUrl\":\"https:\/\/deputadotaveirajr.com.br\/wp-content\/uploads\/2025\/08\/pedro-franca-agencia-senado-hEtH9S.jpg\",\"width\":1170,\"height\":700},{\"@type\":\"BreadcrumbList\",\"@id\":\"https:\/\/deputadotaveirajr.com.br\/index.php\/seis-cidades-do-rn-tem-abastecimento-de-agua-suspenso-apos-caminhao-bater-em-adutora\/#breadcrumb\",\"itemListElement\":[{\"@type\":\"ListItem\",\"position\":1,\"name\":\"In\u00edcio\",\"item\":\"https:\/\/deputadotaveirajr.com.br\/\"},{\"@type\":\"ListItem\",\"position\":2,\"name\":\"Seis cidades do RN t\u00eam abastecimento de \u00e1gua suspenso ap\u00f3s caminh\u00e3o bater em adutora\"}]},{\"@type\":\"WebSite\",\"@id\":\"https:\/\/deputadotaveirajr.com.br\/#website\",\"url\":\"https:\/\/deputadotaveirajr.com.br\/\",\"name\":\"Taveira Jr\",\"description\":\"Deputado Estadual\",\"publisher\":{\"@id\":\"https:\/\/deputadotaveirajr.com.br\/#organization\"},\"potentialAction\":[{\"@type\":\"SearchAction\",\"target\":{\"@type\":\"EntryPoint\",\"urlTemplate\":\"https:\/\/deputadotaveirajr.com.br\/?s={search_term_string}\"},\"query-input\":{\"@type\":\"PropertyValueSpecification\",\"valueRequired\":true,\"valueName\":\"search_term_string\"}}],\"inLanguage\":\"pt-BR\"},{\"@type\":\"Organization\",\"@id\":\"https:\/\/deputadotaveirajr.com.br\/#organization\",\"name\":\"Taveira Jr\",\"url\":\"https:\/\/deputadotaveirajr.com.br\/\",\"logo\":{\"@type\":\"ImageObject\",\"inLanguage\":\"pt-BR\",\"@id\":\"https:\/\/deputadotaveirajr.com.br\/#\/schema\/logo\/image\/\",\"url\":\"https:\/\/deputadotaveirajr.com.br\/wp-content\/uploads\/2026\/01\/logolow2a.png\",\"contentUrl\":\"https:\/\/deputadotaveirajr.com.br\/wp-content\/uploads\/2026\/01\/logolow2a.png\",\"width\":290,\"height\":80,\"caption\":\"Taveira Jr\"},\"image\":{\"@id\":\"https:\/\/deputadotaveirajr.com.br\/#\/schema\/logo\/image\/\"}}]}<\/script>\n<!-- \/ Yoast SEO plugin. -->","yoast_head_json":{"title":"Seis cidades do RN t\u00eam abastecimento de \u00e1gua suspenso ap\u00f3s caminh\u00e3o bater em adutora - Taveira Jr","robots":{"index":"index","follow":"follow","max-snippet":"max-snippet:-1","max-image-preview":"max-image-preview:large","max-video-preview":"max-video-preview:-1"},"canonical":"https:\/\/deputadotaveirajr.com.br\/index.php\/seis-cidades-do-rn-tem-abastecimento-de-agua-suspenso-apos-caminhao-bater-em-adutora\/","og_locale":"pt_BR","og_type":"article","og_title":"Seis cidades do RN t\u00eam abastecimento de \u00e1gua suspenso ap\u00f3s caminh\u00e3o bater em adutora - Taveira Jr","og_description":"Acidente com caminh\u00e3o danifica adutora e suspende abastecimento de \u00e1gua em cidades do RN Pedro Fran\u00e7a\/Ag\u00eancia Senado Um acidente com caminh\u00e3o causou danos \u00e0 adutora do sistema produtor integrado Arn\u00f3bio ...","og_url":"https:\/\/deputadotaveirajr.com.br\/index.php\/seis-cidades-do-rn-tem-abastecimento-de-agua-suspenso-apos-caminhao-bater-em-adutora\/","og_site_name":"Taveira Jr","og_image":[{"url":"https:\/\/s2-g1.glbimg.com\/uY4cdpXg6seEd2Mrnw80JvbNuYs=\/i.s3.glbimg.com\/v1\/AUTH_59edd422c0c84a879bd37670ae4f538a\/internal_photos\/bs\/2022\/B\/D\/iTIqGGQN2o4SmOqUlW5g\/pedro-franca-agencia-senado.jpg","type":"","width":"","height":""}],"twitter_card":"summary_large_image","twitter_misc":{"Est. tempo de leitura":"1 minuto"},"schema":{"@context":"https:\/\/schema.org","@graph":[{"@type":"WebPage","@id":"https:\/\/deputadotaveirajr.com.br\/index.php\/seis-cidades-do-rn-tem-abastecimento-de-agua-suspenso-apos-caminhao-bater-em-adutora\/","url":"https:\/\/deputadotaveirajr.com.br\/index.php\/seis-cidades-do-rn-tem-abastecimento-de-agua-suspenso-apos-caminhao-bater-em-adutora\/","name":"Seis cidades do RN t\u00eam abastecimento de \u00e1gua suspenso ap\u00f3s caminh\u00e3o bater em adutora - Taveira Jr","isPartOf":{"@id":"https:\/\/deputadotaveirajr.com.br\/#website"},"primaryImageOfPage":{"@id":"https:\/\/deputadotaveirajr.com.br\/index.php\/seis-cidades-do-rn-tem-abastecimento-de-agua-suspenso-apos-caminhao-bater-em-adutora\/#primaryimage"},"image":{"@id":"https:\/\/deputadotaveirajr.com.br\/index.php\/seis-cidades-do-rn-tem-abastecimento-de-agua-suspenso-apos-caminhao-bater-em-adutora\/#primaryimage"},"thumbnailUrl":"https:\/\/deputadotaveirajr.com.br\/wp-content\/uploads\/2025\/08\/pedro-franca-agencia-senado-hEtH9S.jpg","datePublished":"2025-08-05T11:06:14+00:00","breadcrumb":{"@id":"https:\/\/deputadotaveirajr.com.br\/index.php\/seis-cidades-do-rn-tem-abastecimento-de-agua-suspenso-apos-caminhao-bater-em-adutora\/#breadcrumb"},"inLanguage":"pt-BR","potentialAction":[{"@type":"ReadAction","target":["https:\/\/deputadotaveirajr.com.br\/index.php\/seis-cidades-do-rn-tem-abastecimento-de-agua-suspenso-apos-caminhao-bater-em-adutora\/"]}]},{"@type":"ImageObject","inLanguage":"pt-BR","@id":"https:\/\/deputadotaveirajr.com.br\/index.php\/seis-cidades-do-rn-tem-abastecimento-de-agua-suspenso-apos-caminhao-bater-em-adutora\/#primaryimage","url":"https:\/\/deputadotaveirajr.com.br\/wp-content\/uploads\/2025\/08\/pedro-franca-agencia-senado-hEtH9S.jpg","contentUrl":"https:\/\/deputadotaveirajr.com.br\/wp-content\/uploads\/2025\/08\/pedro-franca-agencia-senado-hEtH9S.jpg","width":1170,"height":700},{"@type":"BreadcrumbList","@id":"https:\/\/deputadotaveirajr.com.br\/index.php\/seis-cidades-do-rn-tem-abastecimento-de-agua-suspenso-apos-caminhao-bater-em-adutora\/#breadcrumb","itemListElement":[{"@type":"ListItem","position":1,"name":"In\u00edcio","item":"https:\/\/deputadotaveirajr.com.br\/"},{"@type":"ListItem","position":2,"name":"Seis cidades do RN t\u00eam abastecimento de \u00e1gua suspenso ap\u00f3s caminh\u00e3o bater em adutora"}]},{"@type":"WebSite","@id":"https:\/\/deputadotaveirajr.com.br\/#website","url":"https:\/\/deputadotaveirajr.com.br\/","name":"Taveira Jr","description":"Deputado Estadual","publisher":{"@id":"https:\/\/deputadotaveirajr.com.br\/#organization"},"potentialAction":[{"@type":"SearchAction","target":{"@type":"EntryPoint","urlTemplate":"https:\/\/deputadotaveirajr.com.br\/?s={search_term_string}"},"query-input":{"@type":"PropertyValueSpecification","valueRequired":true,"valueName":"search_term_string"}}],"inLanguage":"pt-BR"},{"@type":"Organization","@id":"https:\/\/deputadotaveirajr.com.br\/#organization","name":"Taveira Jr","url":"https:\/\/deputadotaveirajr.com.br\/","logo":{"@type":"ImageObject","inLanguage":"pt-BR","@id":"https:\/\/deputadotaveirajr.com.br\/#\/schema\/logo\/image\/","url":"https:\/\/deputadotaveirajr.com.br\/wp-content\/uploads\/2026\/01\/logolow2a.png","contentUrl":"https:\/\/deputadotaveirajr.com.br\/wp-content\/uploads\/2026\/01\/logolow2a.png","width":290,"height":80,"caption":"Taveira Jr"},"image":{"@id":"https:\/\/deputadotaveirajr.com.br\/#\/schema\/logo\/image\/"}}]}},"_links":{"self":[{"href":"https:\/\/deputadotaveirajr.com.br\/index.php\/wp-json\/wp\/v2\/pages\/13778","targetHints":{"allow":["GET"]}}],"collection":[{"href":"https:\/\/deputadotaveirajr.com.br\/index.php\/wp-json\/wp\/v2\/pages"}],"about":[{"href":"https:\/\/deputadotaveirajr.com.br\/index.php\/wp-json\/wp\/v2\/types\/page"}],"replies":[{"embeddable":true,"href":"https:\/\/deputadotaveirajr.com.br\/index.php\/wp-json\/wp\/v2\/comments?post=13778"}],"version-history":[{"count":0,"href":"https:\/\/deputadotaveirajr.com.br\/index.php\/wp-json\/wp\/v2\/pages\/13778\/revisions"}],"wp:featuredmedia":[{"embeddable":true,"href":"https:\/\/deputadotaveirajr.com.br\/index.php\/wp-json\/wp\/v2\/media\/13779"}],"wp:attachment":[{"href":"https:\/\/deputadotaveirajr.com.br\/index.php\/wp-json\/wp\/v2\/media?parent=13778"}],"curies":[{"name":"wp","href":"https:\/\/api.w.org\/{rel}","templated":true}]}}