{"id":13784,"date":"2025-08-05T16:24:38","date_gmt":"2025-08-05T19:24:38","guid":{"rendered":"https:\/\/deputadotaveirajr.com.br\/index.php\/natal-passa-a-ter-voos-diarios-para-buenos-aires-a-partir-de-dezembro\/"},"modified":"2025-08-05T16:24:38","modified_gmt":"2025-08-05T19:24:38","slug":"natal-passa-a-ter-voos-diarios-para-buenos-aires-a-partir-de-dezembro","status":"publish","type":"page","link":"https:\/\/deputadotaveirajr.com.br\/index.php\/natal-passa-a-ter-voos-diarios-para-buenos-aires-a-partir-de-dezembro\/","title":{"rendered":"Natal passa a ter voos di\u00e1rios para Buenos Aires a partir de dezembro"},"content":{"rendered":"<p><img decoding=\"async\" src=\"https:\/\/s2-g1.glbimg.com\/rlJj2Z9FBzi3_S80OCEbpLgOLOQ=\/i.s3.glbimg.com\/v1\/AUTH_59edd422c0c84a879bd37670ae4f538a\/internal_photos\/bs\/2025\/2\/K\/vw0ireRaGs25VHrfmzAQ\/jet-smart.jpg\" \/><br \/>     JetSmart come\u00e7a a operar voos di\u00e1rios de Natal para Buenos Aires<br \/>\nDivulga\u00e7\u00e3o\/Aeroporto de Natal<br \/>\nNatal ganhou um voo di\u00e1rio direto para Buenos Aires, capital da Argentina, que come\u00e7a a ser operado no dia 30 de dezembro deste ano. O an\u00fancio da chegada do novo voo foi feito nesta ter\u00e7a-feira (5) pela Secretaria de Turismo do Rio Grande do Norte e pela Zurich Airport, que opera o Aeroporto de Natal.<br \/>\nOs voos s\u00e3o da companhia a\u00e9rea JetSmart, que tamb\u00e9m estreia no estado. Segundo a Zurich Airport, a empresa atua como &#8220;low cost&#8221;, ou seja, de baixo custo. A express\u00e3o \u00e9 usada para companhias que costumam oferecer passagens mais baratas reduzindo alguns custos para o passageiro e cobrando, de forma opcional, por outros.<br \/>\n\ud83d\udcf3 Clique aqui para seguir o canal do g1 RN no WhatsApp<br \/>\n&#8220;A JetSmart \u00e9 reconhecida por oferecer op\u00e7\u00f5es de viagem com foco na efici\u00eancia e com passagens mais acess\u00edveis, permitindo que mais turistas argentinos visitem a capital potiguar e outros destinos do estado&#8221;, citou a Zurich.<br \/>\nAs passagens para esses voos, inclusive, come\u00e7aram a ser vendidas a partir desta ter\u00e7a-feira (5) no site da JetSmart.<br \/>\n A rota regular contar\u00e1 com aeronaves Airbus A320, com capacidade para 186 passageiros, conectando o Aeroporto de Ezeiza, na capital argentina, ao terminal potiguar.<br \/>\nLEIA TAMB\u00c9M<br \/>\n&#8216;SENSA\u00c7\u00c3O QUE IA MORRER&#8217;: o que dizem passageiros sobre avi\u00e3o que voltou a Natal ap\u00f3s problema<br \/>\nVOO PARA O RJ: Avi\u00e3o tem problema ap\u00f3s decolar e retorna para o Aeroporto de Natal<br \/>\nAtualmente, o Aeroporto de Natal conta com outra frequ\u00eancia semanal para Buenos Aires, operado pela Gol Linhas A\u00e9reas.<br \/>\nA companhia a\u00e9rea JetSmat conta ainda com opera\u00e7\u00f5es no Chile, Argentina, Peru e Col\u00f4mbia, e mais de 80 rotas em toda a Am\u00e9rica do Sul, incluindo destinos no Brasil, Equador, Paraguai e Uruguai. Desde sua funda\u00e7\u00e3o, em 2016, j\u00e1 transportou mais de 42 milh\u00f5es de passageiros<br \/>\n\u2b07\ufe0f Veja v\u00eddeo da confus\u00e3o no Aeroporto de Natal ap\u00f3s voo que ia para o RJ ser cancelado<br \/>\nConfus\u00e3o no Aeroporto de Natal ap\u00f3s voo cancelado<br \/>\nV\u00eddeos mais assistidos do g1 RN<\/p>","protected":false},"excerpt":{"rendered":"<p>JetSmart come\u00e7a a operar voos di\u00e1rios de Natal para Buenos Aires Divulga\u00e7\u00e3o\/Aeroporto de Natal Natal ganhou um voo di\u00e1rio direto para Buenos Aires, capital da Argentina, que come\u00e7a a ser &#8230;<\/p>\n","protected":false},"author":0,"featured_media":13785,"parent":0,"menu_order":0,"comment_status":"closed","ping_status":"closed","template":"","meta":{"footnotes":""},"class_list":["post-13784","page","type-page","status-publish","has-post-thumbnail","hentry"],"yoast_head":"<!-- This site is optimized with the Yoast SEO plugin v27.1.1 - https:\/\/yoast.com\/product\/yoast-seo-wordpress\/ -->\n<title>Natal passa a ter voos di\u00e1rios para Buenos Aires a partir de dezembro - Taveira Jr<\/title>\n<meta name=\"robots\" content=\"index, follow, max-snippet:-1, max-image-preview:large, max-video-preview:-1\" \/>\n<link rel=\"canonical\" href=\"https:\/\/deputadotaveirajr.com.br\/index.php\/natal-passa-a-ter-voos-diarios-para-buenos-aires-a-partir-de-dezembro\/\" \/>\n<meta property=\"og:locale\" content=\"pt_BR\" \/>\n<meta property=\"og:type\" content=\"article\" \/>\n<meta property=\"og:title\" content=\"Natal passa a ter voos di\u00e1rios para Buenos Aires a partir de dezembro - Taveira Jr\" \/>\n<meta property=\"og:description\" content=\"JetSmart come\u00e7a a operar voos di\u00e1rios de Natal para Buenos Aires Divulga\u00e7\u00e3o\/Aeroporto de Natal Natal ganhou um voo di\u00e1rio direto para Buenos Aires, capital da Argentina, que come\u00e7a a ser ...\" \/>\n<meta property=\"og:url\" content=\"https:\/\/deputadotaveirajr.com.br\/index.php\/natal-passa-a-ter-voos-diarios-para-buenos-aires-a-partir-de-dezembro\/\" \/>\n<meta property=\"og:site_name\" content=\"Taveira Jr\" \/>\n<meta property=\"og:image\" content=\"https:\/\/s2-g1.glbimg.com\/rlJj2Z9FBzi3_S80OCEbpLgOLOQ=\/i.s3.glbimg.com\/v1\/AUTH_59edd422c0c84a879bd37670ae4f538a\/internal_photos\/bs\/2025\/2\/K\/vw0ireRaGs25VHrfmzAQ\/jet-smart.jpg\" \/>\n<meta name=\"twitter:card\" content=\"summary_large_image\" \/>\n<meta name=\"twitter:label1\" content=\"Est. tempo de leitura\" \/>\n\t<meta name=\"twitter:data1\" content=\"2 minutos\" \/>\n<script type=\"application\/ld+json\" class=\"yoast-schema-graph\">{\"@context\":\"https:\/\/schema.org\",\"@graph\":[{\"@type\":\"WebPage\",\"@id\":\"https:\/\/deputadotaveirajr.com.br\/index.php\/natal-passa-a-ter-voos-diarios-para-buenos-aires-a-partir-de-dezembro\/\",\"url\":\"https:\/\/deputadotaveirajr.com.br\/index.php\/natal-passa-a-ter-voos-diarios-para-buenos-aires-a-partir-de-dezembro\/\",\"name\":\"Natal passa a ter voos di\u00e1rios para Buenos Aires a partir de dezembro - Taveira Jr\",\"isPartOf\":{\"@id\":\"https:\/\/deputadotaveirajr.com.br\/#website\"},\"primaryImageOfPage\":{\"@id\":\"https:\/\/deputadotaveirajr.com.br\/index.php\/natal-passa-a-ter-voos-diarios-para-buenos-aires-a-partir-de-dezembro\/#primaryimage\"},\"image\":{\"@id\":\"https:\/\/deputadotaveirajr.com.br\/index.php\/natal-passa-a-ter-voos-diarios-para-buenos-aires-a-partir-de-dezembro\/#primaryimage\"},\"thumbnailUrl\":\"https:\/\/deputadotaveirajr.com.br\/wp-content\/uploads\/2025\/08\/jet-smart-gk2Dng.jpg\",\"datePublished\":\"2025-08-05T19:24:38+00:00\",\"breadcrumb\":{\"@id\":\"https:\/\/deputadotaveirajr.com.br\/index.php\/natal-passa-a-ter-voos-diarios-para-buenos-aires-a-partir-de-dezembro\/#breadcrumb\"},\"inLanguage\":\"pt-BR\",\"potentialAction\":[{\"@type\":\"ReadAction\",\"target\":[\"https:\/\/deputadotaveirajr.com.br\/index.php\/natal-passa-a-ter-voos-diarios-para-buenos-aires-a-partir-de-dezembro\/\"]}]},{\"@type\":\"ImageObject\",\"inLanguage\":\"pt-BR\",\"@id\":\"https:\/\/deputadotaveirajr.com.br\/index.php\/natal-passa-a-ter-voos-diarios-para-buenos-aires-a-partir-de-dezembro\/#primaryimage\",\"url\":\"https:\/\/deputadotaveirajr.com.br\/wp-content\/uploads\/2025\/08\/jet-smart-gk2Dng.jpg\",\"contentUrl\":\"https:\/\/deputadotaveirajr.com.br\/wp-content\/uploads\/2025\/08\/jet-smart-gk2Dng.jpg\",\"width\":1920,\"height\":1282},{\"@type\":\"BreadcrumbList\",\"@id\":\"https:\/\/deputadotaveirajr.com.br\/index.php\/natal-passa-a-ter-voos-diarios-para-buenos-aires-a-partir-de-dezembro\/#breadcrumb\",\"itemListElement\":[{\"@type\":\"ListItem\",\"position\":1,\"name\":\"In\u00edcio\",\"item\":\"https:\/\/deputadotaveirajr.com.br\/\"},{\"@type\":\"ListItem\",\"position\":2,\"name\":\"Natal passa a ter voos di\u00e1rios para Buenos Aires a partir de dezembro\"}]},{\"@type\":\"WebSite\",\"@id\":\"https:\/\/deputadotaveirajr.com.br\/#website\",\"url\":\"https:\/\/deputadotaveirajr.com.br\/\",\"name\":\"Taveira Jr\",\"description\":\"Deputado Estadual\",\"publisher\":{\"@id\":\"https:\/\/deputadotaveirajr.com.br\/#organization\"},\"potentialAction\":[{\"@type\":\"SearchAction\",\"target\":{\"@type\":\"EntryPoint\",\"urlTemplate\":\"https:\/\/deputadotaveirajr.com.br\/?s={search_term_string}\"},\"query-input\":{\"@type\":\"PropertyValueSpecification\",\"valueRequired\":true,\"valueName\":\"search_term_string\"}}],\"inLanguage\":\"pt-BR\"},{\"@type\":\"Organization\",\"@id\":\"https:\/\/deputadotaveirajr.com.br\/#organization\",\"name\":\"Taveira Jr\",\"url\":\"https:\/\/deputadotaveirajr.com.br\/\",\"logo\":{\"@type\":\"ImageObject\",\"inLanguage\":\"pt-BR\",\"@id\":\"https:\/\/deputadotaveirajr.com.br\/#\/schema\/logo\/image\/\",\"url\":\"https:\/\/deputadotaveirajr.com.br\/wp-content\/uploads\/2026\/01\/logolow2a.png\",\"contentUrl\":\"https:\/\/deputadotaveirajr.com.br\/wp-content\/uploads\/2026\/01\/logolow2a.png\",\"width\":290,\"height\":80,\"caption\":\"Taveira Jr\"},\"image\":{\"@id\":\"https:\/\/deputadotaveirajr.com.br\/#\/schema\/logo\/image\/\"}}]}<\/script>\n<!-- \/ Yoast SEO plugin. -->","yoast_head_json":{"title":"Natal passa a ter voos di\u00e1rios para Buenos Aires a partir de dezembro - Taveira Jr","robots":{"index":"index","follow":"follow","max-snippet":"max-snippet:-1","max-image-preview":"max-image-preview:large","max-video-preview":"max-video-preview:-1"},"canonical":"https:\/\/deputadotaveirajr.com.br\/index.php\/natal-passa-a-ter-voos-diarios-para-buenos-aires-a-partir-de-dezembro\/","og_locale":"pt_BR","og_type":"article","og_title":"Natal passa a ter voos di\u00e1rios para Buenos Aires a partir de dezembro - Taveira Jr","og_description":"JetSmart come\u00e7a a operar voos di\u00e1rios de Natal para Buenos Aires Divulga\u00e7\u00e3o\/Aeroporto de Natal Natal ganhou um voo di\u00e1rio direto para Buenos Aires, capital da Argentina, que come\u00e7a a ser ...","og_url":"https:\/\/deputadotaveirajr.com.br\/index.php\/natal-passa-a-ter-voos-diarios-para-buenos-aires-a-partir-de-dezembro\/","og_site_name":"Taveira Jr","og_image":[{"url":"https:\/\/s2-g1.glbimg.com\/rlJj2Z9FBzi3_S80OCEbpLgOLOQ=\/i.s3.glbimg.com\/v1\/AUTH_59edd422c0c84a879bd37670ae4f538a\/internal_photos\/bs\/2025\/2\/K\/vw0ireRaGs25VHrfmzAQ\/jet-smart.jpg","type":"","width":"","height":""}],"twitter_card":"summary_large_image","twitter_misc":{"Est. tempo de leitura":"2 minutos"},"schema":{"@context":"https:\/\/schema.org","@graph":[{"@type":"WebPage","@id":"https:\/\/deputadotaveirajr.com.br\/index.php\/natal-passa-a-ter-voos-diarios-para-buenos-aires-a-partir-de-dezembro\/","url":"https:\/\/deputadotaveirajr.com.br\/index.php\/natal-passa-a-ter-voos-diarios-para-buenos-aires-a-partir-de-dezembro\/","name":"Natal passa a ter voos di\u00e1rios para Buenos Aires a partir de dezembro - Taveira Jr","isPartOf":{"@id":"https:\/\/deputadotaveirajr.com.br\/#website"},"primaryImageOfPage":{"@id":"https:\/\/deputadotaveirajr.com.br\/index.php\/natal-passa-a-ter-voos-diarios-para-buenos-aires-a-partir-de-dezembro\/#primaryimage"},"image":{"@id":"https:\/\/deputadotaveirajr.com.br\/index.php\/natal-passa-a-ter-voos-diarios-para-buenos-aires-a-partir-de-dezembro\/#primaryimage"},"thumbnailUrl":"https:\/\/deputadotaveirajr.com.br\/wp-content\/uploads\/2025\/08\/jet-smart-gk2Dng.jpg","datePublished":"2025-08-05T19:24:38+00:00","breadcrumb":{"@id":"https:\/\/deputadotaveirajr.com.br\/index.php\/natal-passa-a-ter-voos-diarios-para-buenos-aires-a-partir-de-dezembro\/#breadcrumb"},"inLanguage":"pt-BR","potentialAction":[{"@type":"ReadAction","target":["https:\/\/deputadotaveirajr.com.br\/index.php\/natal-passa-a-ter-voos-diarios-para-buenos-aires-a-partir-de-dezembro\/"]}]},{"@type":"ImageObject","inLanguage":"pt-BR","@id":"https:\/\/deputadotaveirajr.com.br\/index.php\/natal-passa-a-ter-voos-diarios-para-buenos-aires-a-partir-de-dezembro\/#primaryimage","url":"https:\/\/deputadotaveirajr.com.br\/wp-content\/uploads\/2025\/08\/jet-smart-gk2Dng.jpg","contentUrl":"https:\/\/deputadotaveirajr.com.br\/wp-content\/uploads\/2025\/08\/jet-smart-gk2Dng.jpg","width":1920,"height":1282},{"@type":"BreadcrumbList","@id":"https:\/\/deputadotaveirajr.com.br\/index.php\/natal-passa-a-ter-voos-diarios-para-buenos-aires-a-partir-de-dezembro\/#breadcrumb","itemListElement":[{"@type":"ListItem","position":1,"name":"In\u00edcio","item":"https:\/\/deputadotaveirajr.com.br\/"},{"@type":"ListItem","position":2,"name":"Natal passa a ter voos di\u00e1rios para Buenos Aires a partir de dezembro"}]},{"@type":"WebSite","@id":"https:\/\/deputadotaveirajr.com.br\/#website","url":"https:\/\/deputadotaveirajr.com.br\/","name":"Taveira Jr","description":"Deputado Estadual","publisher":{"@id":"https:\/\/deputadotaveirajr.com.br\/#organization"},"potentialAction":[{"@type":"SearchAction","target":{"@type":"EntryPoint","urlTemplate":"https:\/\/deputadotaveirajr.com.br\/?s={search_term_string}"},"query-input":{"@type":"PropertyValueSpecification","valueRequired":true,"valueName":"search_term_string"}}],"inLanguage":"pt-BR"},{"@type":"Organization","@id":"https:\/\/deputadotaveirajr.com.br\/#organization","name":"Taveira Jr","url":"https:\/\/deputadotaveirajr.com.br\/","logo":{"@type":"ImageObject","inLanguage":"pt-BR","@id":"https:\/\/deputadotaveirajr.com.br\/#\/schema\/logo\/image\/","url":"https:\/\/deputadotaveirajr.com.br\/wp-content\/uploads\/2026\/01\/logolow2a.png","contentUrl":"https:\/\/deputadotaveirajr.com.br\/wp-content\/uploads\/2026\/01\/logolow2a.png","width":290,"height":80,"caption":"Taveira Jr"},"image":{"@id":"https:\/\/deputadotaveirajr.com.br\/#\/schema\/logo\/image\/"}}]}},"_links":{"self":[{"href":"https:\/\/deputadotaveirajr.com.br\/index.php\/wp-json\/wp\/v2\/pages\/13784","targetHints":{"allow":["GET"]}}],"collection":[{"href":"https:\/\/deputadotaveirajr.com.br\/index.php\/wp-json\/wp\/v2\/pages"}],"about":[{"href":"https:\/\/deputadotaveirajr.com.br\/index.php\/wp-json\/wp\/v2\/types\/page"}],"replies":[{"embeddable":true,"href":"https:\/\/deputadotaveirajr.com.br\/index.php\/wp-json\/wp\/v2\/comments?post=13784"}],"version-history":[{"count":0,"href":"https:\/\/deputadotaveirajr.com.br\/index.php\/wp-json\/wp\/v2\/pages\/13784\/revisions"}],"wp:featuredmedia":[{"embeddable":true,"href":"https:\/\/deputadotaveirajr.com.br\/index.php\/wp-json\/wp\/v2\/media\/13785"}],"wp:attachment":[{"href":"https:\/\/deputadotaveirajr.com.br\/index.php\/wp-json\/wp\/v2\/media?parent=13784"}],"curies":[{"name":"wp","href":"https:\/\/api.w.org\/{rel}","templated":true}]}}