{"id":13788,"date":"2025-08-05T19:55:29","date_gmt":"2025-08-05T22:55:29","guid":{"rendered":"https:\/\/deputadotaveirajr.com.br\/index.php\/muros-baixos-mofo-goteiras-mp-recomenda-reformas-em-unidades-socioeducativas-do-rn\/"},"modified":"2025-08-05T19:55:29","modified_gmt":"2025-08-05T22:55:29","slug":"muros-baixos-mofo-goteiras-mp-recomenda-reformas-em-unidades-socioeducativas-do-rn","status":"publish","type":"page","link":"https:\/\/deputadotaveirajr.com.br\/index.php\/muros-baixos-mofo-goteiras-mp-recomenda-reformas-em-unidades-socioeducativas-do-rn\/","title":{"rendered":"Muros baixos, mofo, goteiras: MP recomenda reformas em unidades socioeducativas do RN"},"content":{"rendered":"<p><img decoding=\"async\" src=\"https:\/\/s2-g1.glbimg.com\/Ht35G8V6Rd4bQxcldrrfHUhhkAE=\/i.s3.glbimg.com\/v1\/AUTH_59edd422c0c84a879bd37670ae4f538a\/internal_photos\/bs\/2025\/t\/t\/JIpUiJRFa6cPAmUNKA0A\/whatsapp-image-2025-08-05-at-16.44.37.jpeg\" \/><br \/>     Casep Metropolitano, em Natal<br \/>\nThiago C\u00e9sar\/Inter TV Cabugi<br \/>\nO Minist\u00e9rio P\u00fablico do Rio Grande do Norte (MPRN) publicou na edi\u00e7\u00e3o desta ter\u00e7a-feira (5) do Di\u00e1rio Oficial do Estado, uma s\u00e9rie de recomenda\u00e7\u00f5es para que sejam feitas reformas urgentes em sete Centros de Atendimentos Socioeducativos (Cases) do estado.<br \/>\nAs recomenda\u00e7\u00f5es foram feitas ap\u00f3s inspe\u00e7\u00f5es &#8220;que evidenciaram a precariedade das instala\u00e7\u00f5es f\u00edsicas, el\u00e9tricas e hidrossanit\u00e1rias&#8221; das unidades, segundo o MP.  Entre os problemas est\u00e3o mofo, infilta\u00e7\u00f5es, alagamentos, fios expostos, goteiros e muros baixos (veja mais abaixo).<br \/>\n\ud83d\udcf3 Clique aqui para seguir o canal do g1 RN no WhatsApp<br \/>\nAo todo, s\u00e3o 14 recomenda\u00e7\u00f5es &#8211; sete para a Funda\u00e7\u00e3o de Atendimento Socioeducativo do RN (Fundase) e sete diretamente para o governo do Estado.<br \/>\nO MP recomendou que a Fundase apresente ao Gabinete Civil do Estado, num prazo de 30 dias, os projetos e os valores para a realiza\u00e7\u00e3o de reformas emergenciais e estruturais de sete unidades, incluindo um cronograma de execu\u00e7\u00e3o.<br \/>\nEm nota, a Fundase informou que o n\u00facleo de infraestrutura est\u00e1 elaborando um or\u00e7amento de um plano de manuten\u00e7\u00e3o predial para as 10 unidades, com servi\u00e7os como recupera\u00e7\u00e3o de coberturas e dos sistemas el\u00e9tricos, hidrossanit\u00e1rios e de combate a inc\u00eandio.<br \/>\nA Fundase informou ainda que entre 2022 e 2024 foram contratadas empresas para o trabalho de manuten\u00e7\u00e3o, mas que o contrato acabou e, por isso, uma nova contrata\u00e7\u00e3o vai precisar ser feita.<br \/>\nAs recomenda\u00e7\u00f5es, que foram feitas pela 21\u00aa Promotoria de Justi\u00e7a da Comarca de Natal, tamb\u00e9m visam assegurar os direitos e garantias legais de crian\u00e7as e adolescentes, conforme previsto na Constitui\u00e7\u00e3o Federal e no Estatuto da Crian\u00e7a e do Adolescente (ECA), segundo o MP.<br \/>\nLEIA TAMB\u00c9M<br \/>\nGRANDE NATAL: Adolescente \u00e9 morto dentro de unidade de ressocializa\u00e7\u00e3o; colega de alojamento \u00e9 preso<br \/>\nProblemas encontrados em inspe\u00e7\u00f5es<br \/>\nAs inspe\u00e7\u00f5es foram realizadas em junho deste ano pela equipe t\u00e9cnica das promotorias da Inf\u00e2ncia e Juventude de Natal e evidenciaram a &#8220;precariedade generalizada das instala\u00e7\u00f5es f\u00edsicas, el\u00e9tricas e hidrossanit\u00e1rias dessas sete unidades&#8221;, segundo o MP.<br \/>\nOs problemas incluem condi\u00e7\u00f5es insalubres com mofo, infiltra\u00e7\u00f5es e alagamentos nos alojamentos, banheiros sem funcionamento e entupidos, e fios el\u00e9tricos expostos com goteiras, gerando alto risco de acidentes el\u00e9tricos e inc\u00eandios.<br \/>\nAl\u00e9m disso, diversas unidades sofrem com a aus\u00eancia de espa\u00e7os f\u00edsicos adequados para escolariza\u00e7\u00e3o, lazer, profissionaliza\u00e7\u00e3o e outras atividades socioeducativas, sendo algumas operadas em \u201cpr\u00e9dios improvisados\u201d ou com apenas uma sala para todas as atividades, informou o \u00f3rg\u00e3o.<br \/>\nSegundo o MP, a situa\u00e7\u00e3o \u00e9 agravada por muros baixos, janelas quebradas com remendos improvisados, grandes ninhos de formigas que levaram \u00e0 interdi\u00e7\u00e3o de espa\u00e7os, e m\u00e1s condi\u00e7\u00f5es de trabalho e descanso para os agentes socioeducativos.<br \/>\nO MP apontou ainda que a falta de recursos para manuten\u00e7\u00e3o \u00e9 um fator contribuinte para essa precariza\u00e7\u00e3o, e algumas unidades ainda enfrentam transporte inadequado e estradas de acesso quase intransit\u00e1veis.<br \/>\n&#8220;Esses problemas amea\u00e7am um retrocesso a um cen\u00e1rio de viola\u00e7\u00f5es de direitos, apesar dos esfor\u00e7os para a consolida\u00e7\u00e3o de uma nova fase da socioeduca\u00e7\u00e3o no Estado&#8221;, apontou a recomenda\u00e7\u00e3o.<br \/>\nCases no RN<br \/>\nAs unidades socioeducativas do RN s\u00e3o:<br \/>\nCentro de Atendimento Socioeducativo (CASE) Pitimbu;<br \/>\nCentros de Atendimento Socioeducativo de Interna\u00e7\u00e3o Provis\u00f3ria (CASEP) Serid\u00f3, Oeste e Metropolitano;<br \/>\nCentro de Atendimento Socioeducativo de Interna\u00e7\u00e3o (CASE) Mossor\u00f3;<br \/>\nCentros de Atendimento Socioeducativo de Semiliberdade (CASEMI) Santa Delmira e Nazar\u00e9.<br \/>\nJusti\u00e7a suspende chegada de novos internos no CASE de Caic\u00f3<br \/>\nV\u00eddeos mais assistidos do g1 RN<\/p>","protected":false},"excerpt":{"rendered":"<p>Casep Metropolitano, em Natal Thiago C\u00e9sar\/Inter TV Cabugi O Minist\u00e9rio P\u00fablico do Rio Grande do Norte (MPRN) publicou na edi\u00e7\u00e3o desta ter\u00e7a-feira (5) do Di\u00e1rio Oficial do Estado, uma s\u00e9rie &#8230;<\/p>\n","protected":false},"author":0,"featured_media":13789,"parent":0,"menu_order":0,"comment_status":"closed","ping_status":"closed","template":"","meta":{"footnotes":""},"class_list":["post-13788","page","type-page","status-publish","has-post-thumbnail","hentry"],"yoast_head":"<!-- This site is optimized with the Yoast SEO plugin v27.1.1 - https:\/\/yoast.com\/product\/yoast-seo-wordpress\/ -->\n<title>Muros baixos, mofo, goteiras: MP recomenda reformas em unidades socioeducativas do RN - Taveira Jr<\/title>\n<meta name=\"robots\" content=\"index, follow, max-snippet:-1, max-image-preview:large, max-video-preview:-1\" \/>\n<link rel=\"canonical\" href=\"https:\/\/deputadotaveirajr.com.br\/index.php\/muros-baixos-mofo-goteiras-mp-recomenda-reformas-em-unidades-socioeducativas-do-rn\/\" \/>\n<meta property=\"og:locale\" content=\"pt_BR\" \/>\n<meta property=\"og:type\" content=\"article\" \/>\n<meta property=\"og:title\" content=\"Muros baixos, mofo, goteiras: MP recomenda reformas em unidades socioeducativas do RN - Taveira Jr\" \/>\n<meta property=\"og:description\" content=\"Casep Metropolitano, em Natal Thiago C\u00e9sar\/Inter TV Cabugi O Minist\u00e9rio P\u00fablico do Rio Grande do Norte (MPRN) publicou na edi\u00e7\u00e3o desta ter\u00e7a-feira (5) do Di\u00e1rio Oficial do Estado, uma s\u00e9rie ...\" \/>\n<meta property=\"og:url\" content=\"https:\/\/deputadotaveirajr.com.br\/index.php\/muros-baixos-mofo-goteiras-mp-recomenda-reformas-em-unidades-socioeducativas-do-rn\/\" \/>\n<meta property=\"og:site_name\" content=\"Taveira Jr\" \/>\n<meta property=\"og:image\" content=\"https:\/\/s2-g1.glbimg.com\/Ht35G8V6Rd4bQxcldrrfHUhhkAE=\/i.s3.glbimg.com\/v1\/AUTH_59edd422c0c84a879bd37670ae4f538a\/internal_photos\/bs\/2025\/t\/t\/JIpUiJRFa6cPAmUNKA0A\/whatsapp-image-2025-08-05-at-16.44.37.jpeg\" \/>\n<meta name=\"twitter:card\" content=\"summary_large_image\" \/>\n<meta name=\"twitter:label1\" content=\"Est. tempo de leitura\" \/>\n\t<meta name=\"twitter:data1\" content=\"3 minutos\" \/>\n<script type=\"application\/ld+json\" class=\"yoast-schema-graph\">{\"@context\":\"https:\/\/schema.org\",\"@graph\":[{\"@type\":\"WebPage\",\"@id\":\"https:\/\/deputadotaveirajr.com.br\/index.php\/muros-baixos-mofo-goteiras-mp-recomenda-reformas-em-unidades-socioeducativas-do-rn\/\",\"url\":\"https:\/\/deputadotaveirajr.com.br\/index.php\/muros-baixos-mofo-goteiras-mp-recomenda-reformas-em-unidades-socioeducativas-do-rn\/\",\"name\":\"Muros baixos, mofo, goteiras: MP recomenda reformas em unidades socioeducativas do RN - Taveira Jr\",\"isPartOf\":{\"@id\":\"https:\/\/deputadotaveirajr.com.br\/#website\"},\"primaryImageOfPage\":{\"@id\":\"https:\/\/deputadotaveirajr.com.br\/index.php\/muros-baixos-mofo-goteiras-mp-recomenda-reformas-em-unidades-socioeducativas-do-rn\/#primaryimage\"},\"image\":{\"@id\":\"https:\/\/deputadotaveirajr.com.br\/index.php\/muros-baixos-mofo-goteiras-mp-recomenda-reformas-em-unidades-socioeducativas-do-rn\/#primaryimage\"},\"thumbnailUrl\":\"https:\/\/deputadotaveirajr.com.br\/wp-content\/uploads\/2025\/08\/whatsapp-image-2025-08-05-at-16.44.37-nWXHfh.jpg\",\"datePublished\":\"2025-08-05T22:55:29+00:00\",\"breadcrumb\":{\"@id\":\"https:\/\/deputadotaveirajr.com.br\/index.php\/muros-baixos-mofo-goteiras-mp-recomenda-reformas-em-unidades-socioeducativas-do-rn\/#breadcrumb\"},\"inLanguage\":\"pt-BR\",\"potentialAction\":[{\"@type\":\"ReadAction\",\"target\":[\"https:\/\/deputadotaveirajr.com.br\/index.php\/muros-baixos-mofo-goteiras-mp-recomenda-reformas-em-unidades-socioeducativas-do-rn\/\"]}]},{\"@type\":\"ImageObject\",\"inLanguage\":\"pt-BR\",\"@id\":\"https:\/\/deputadotaveirajr.com.br\/index.php\/muros-baixos-mofo-goteiras-mp-recomenda-reformas-em-unidades-socioeducativas-do-rn\/#primaryimage\",\"url\":\"https:\/\/deputadotaveirajr.com.br\/wp-content\/uploads\/2025\/08\/whatsapp-image-2025-08-05-at-16.44.37-nWXHfh.jpg\",\"contentUrl\":\"https:\/\/deputadotaveirajr.com.br\/wp-content\/uploads\/2025\/08\/whatsapp-image-2025-08-05-at-16.44.37-nWXHfh.jpg\",\"width\":1600,\"height\":900},{\"@type\":\"BreadcrumbList\",\"@id\":\"https:\/\/deputadotaveirajr.com.br\/index.php\/muros-baixos-mofo-goteiras-mp-recomenda-reformas-em-unidades-socioeducativas-do-rn\/#breadcrumb\",\"itemListElement\":[{\"@type\":\"ListItem\",\"position\":1,\"name\":\"In\u00edcio\",\"item\":\"https:\/\/deputadotaveirajr.com.br\/\"},{\"@type\":\"ListItem\",\"position\":2,\"name\":\"Muros baixos, mofo, goteiras: MP recomenda reformas em unidades socioeducativas do RN\"}]},{\"@type\":\"WebSite\",\"@id\":\"https:\/\/deputadotaveirajr.com.br\/#website\",\"url\":\"https:\/\/deputadotaveirajr.com.br\/\",\"name\":\"Taveira Jr\",\"description\":\"Deputado Estadual\",\"publisher\":{\"@id\":\"https:\/\/deputadotaveirajr.com.br\/#organization\"},\"potentialAction\":[{\"@type\":\"SearchAction\",\"target\":{\"@type\":\"EntryPoint\",\"urlTemplate\":\"https:\/\/deputadotaveirajr.com.br\/?s={search_term_string}\"},\"query-input\":{\"@type\":\"PropertyValueSpecification\",\"valueRequired\":true,\"valueName\":\"search_term_string\"}}],\"inLanguage\":\"pt-BR\"},{\"@type\":\"Organization\",\"@id\":\"https:\/\/deputadotaveirajr.com.br\/#organization\",\"name\":\"Taveira Jr\",\"url\":\"https:\/\/deputadotaveirajr.com.br\/\",\"logo\":{\"@type\":\"ImageObject\",\"inLanguage\":\"pt-BR\",\"@id\":\"https:\/\/deputadotaveirajr.com.br\/#\/schema\/logo\/image\/\",\"url\":\"https:\/\/deputadotaveirajr.com.br\/wp-content\/uploads\/2026\/01\/logolow2a.png\",\"contentUrl\":\"https:\/\/deputadotaveirajr.com.br\/wp-content\/uploads\/2026\/01\/logolow2a.png\",\"width\":290,\"height\":80,\"caption\":\"Taveira Jr\"},\"image\":{\"@id\":\"https:\/\/deputadotaveirajr.com.br\/#\/schema\/logo\/image\/\"}}]}<\/script>\n<!-- \/ Yoast SEO plugin. -->","yoast_head_json":{"title":"Muros baixos, mofo, goteiras: MP recomenda reformas em unidades socioeducativas do RN - Taveira Jr","robots":{"index":"index","follow":"follow","max-snippet":"max-snippet:-1","max-image-preview":"max-image-preview:large","max-video-preview":"max-video-preview:-1"},"canonical":"https:\/\/deputadotaveirajr.com.br\/index.php\/muros-baixos-mofo-goteiras-mp-recomenda-reformas-em-unidades-socioeducativas-do-rn\/","og_locale":"pt_BR","og_type":"article","og_title":"Muros baixos, mofo, goteiras: MP recomenda reformas em unidades socioeducativas do RN - Taveira Jr","og_description":"Casep Metropolitano, em Natal Thiago C\u00e9sar\/Inter TV Cabugi O Minist\u00e9rio P\u00fablico do Rio Grande do Norte (MPRN) publicou na edi\u00e7\u00e3o desta ter\u00e7a-feira (5) do Di\u00e1rio Oficial do Estado, uma s\u00e9rie ...","og_url":"https:\/\/deputadotaveirajr.com.br\/index.php\/muros-baixos-mofo-goteiras-mp-recomenda-reformas-em-unidades-socioeducativas-do-rn\/","og_site_name":"Taveira Jr","og_image":[{"url":"https:\/\/s2-g1.glbimg.com\/Ht35G8V6Rd4bQxcldrrfHUhhkAE=\/i.s3.glbimg.com\/v1\/AUTH_59edd422c0c84a879bd37670ae4f538a\/internal_photos\/bs\/2025\/t\/t\/JIpUiJRFa6cPAmUNKA0A\/whatsapp-image-2025-08-05-at-16.44.37.jpeg","type":"","width":"","height":""}],"twitter_card":"summary_large_image","twitter_misc":{"Est. tempo de leitura":"3 minutos"},"schema":{"@context":"https:\/\/schema.org","@graph":[{"@type":"WebPage","@id":"https:\/\/deputadotaveirajr.com.br\/index.php\/muros-baixos-mofo-goteiras-mp-recomenda-reformas-em-unidades-socioeducativas-do-rn\/","url":"https:\/\/deputadotaveirajr.com.br\/index.php\/muros-baixos-mofo-goteiras-mp-recomenda-reformas-em-unidades-socioeducativas-do-rn\/","name":"Muros baixos, mofo, goteiras: MP recomenda reformas em unidades socioeducativas do RN - Taveira Jr","isPartOf":{"@id":"https:\/\/deputadotaveirajr.com.br\/#website"},"primaryImageOfPage":{"@id":"https:\/\/deputadotaveirajr.com.br\/index.php\/muros-baixos-mofo-goteiras-mp-recomenda-reformas-em-unidades-socioeducativas-do-rn\/#primaryimage"},"image":{"@id":"https:\/\/deputadotaveirajr.com.br\/index.php\/muros-baixos-mofo-goteiras-mp-recomenda-reformas-em-unidades-socioeducativas-do-rn\/#primaryimage"},"thumbnailUrl":"https:\/\/deputadotaveirajr.com.br\/wp-content\/uploads\/2025\/08\/whatsapp-image-2025-08-05-at-16.44.37-nWXHfh.jpg","datePublished":"2025-08-05T22:55:29+00:00","breadcrumb":{"@id":"https:\/\/deputadotaveirajr.com.br\/index.php\/muros-baixos-mofo-goteiras-mp-recomenda-reformas-em-unidades-socioeducativas-do-rn\/#breadcrumb"},"inLanguage":"pt-BR","potentialAction":[{"@type":"ReadAction","target":["https:\/\/deputadotaveirajr.com.br\/index.php\/muros-baixos-mofo-goteiras-mp-recomenda-reformas-em-unidades-socioeducativas-do-rn\/"]}]},{"@type":"ImageObject","inLanguage":"pt-BR","@id":"https:\/\/deputadotaveirajr.com.br\/index.php\/muros-baixos-mofo-goteiras-mp-recomenda-reformas-em-unidades-socioeducativas-do-rn\/#primaryimage","url":"https:\/\/deputadotaveirajr.com.br\/wp-content\/uploads\/2025\/08\/whatsapp-image-2025-08-05-at-16.44.37-nWXHfh.jpg","contentUrl":"https:\/\/deputadotaveirajr.com.br\/wp-content\/uploads\/2025\/08\/whatsapp-image-2025-08-05-at-16.44.37-nWXHfh.jpg","width":1600,"height":900},{"@type":"BreadcrumbList","@id":"https:\/\/deputadotaveirajr.com.br\/index.php\/muros-baixos-mofo-goteiras-mp-recomenda-reformas-em-unidades-socioeducativas-do-rn\/#breadcrumb","itemListElement":[{"@type":"ListItem","position":1,"name":"In\u00edcio","item":"https:\/\/deputadotaveirajr.com.br\/"},{"@type":"ListItem","position":2,"name":"Muros baixos, mofo, goteiras: MP recomenda reformas em unidades socioeducativas do RN"}]},{"@type":"WebSite","@id":"https:\/\/deputadotaveirajr.com.br\/#website","url":"https:\/\/deputadotaveirajr.com.br\/","name":"Taveira Jr","description":"Deputado Estadual","publisher":{"@id":"https:\/\/deputadotaveirajr.com.br\/#organization"},"potentialAction":[{"@type":"SearchAction","target":{"@type":"EntryPoint","urlTemplate":"https:\/\/deputadotaveirajr.com.br\/?s={search_term_string}"},"query-input":{"@type":"PropertyValueSpecification","valueRequired":true,"valueName":"search_term_string"}}],"inLanguage":"pt-BR"},{"@type":"Organization","@id":"https:\/\/deputadotaveirajr.com.br\/#organization","name":"Taveira Jr","url":"https:\/\/deputadotaveirajr.com.br\/","logo":{"@type":"ImageObject","inLanguage":"pt-BR","@id":"https:\/\/deputadotaveirajr.com.br\/#\/schema\/logo\/image\/","url":"https:\/\/deputadotaveirajr.com.br\/wp-content\/uploads\/2026\/01\/logolow2a.png","contentUrl":"https:\/\/deputadotaveirajr.com.br\/wp-content\/uploads\/2026\/01\/logolow2a.png","width":290,"height":80,"caption":"Taveira Jr"},"image":{"@id":"https:\/\/deputadotaveirajr.com.br\/#\/schema\/logo\/image\/"}}]}},"_links":{"self":[{"href":"https:\/\/deputadotaveirajr.com.br\/index.php\/wp-json\/wp\/v2\/pages\/13788","targetHints":{"allow":["GET"]}}],"collection":[{"href":"https:\/\/deputadotaveirajr.com.br\/index.php\/wp-json\/wp\/v2\/pages"}],"about":[{"href":"https:\/\/deputadotaveirajr.com.br\/index.php\/wp-json\/wp\/v2\/types\/page"}],"replies":[{"embeddable":true,"href":"https:\/\/deputadotaveirajr.com.br\/index.php\/wp-json\/wp\/v2\/comments?post=13788"}],"version-history":[{"count":0,"href":"https:\/\/deputadotaveirajr.com.br\/index.php\/wp-json\/wp\/v2\/pages\/13788\/revisions"}],"wp:featuredmedia":[{"embeddable":true,"href":"https:\/\/deputadotaveirajr.com.br\/index.php\/wp-json\/wp\/v2\/media\/13789"}],"wp:attachment":[{"href":"https:\/\/deputadotaveirajr.com.br\/index.php\/wp-json\/wp\/v2\/media?parent=13788"}],"curies":[{"name":"wp","href":"https:\/\/api.w.org\/{rel}","templated":true}]}}