{"id":13812,"date":"2025-08-08T16:29:27","date_gmt":"2025-08-08T19:29:27","guid":{"rendered":"https:\/\/deputadotaveirajr.com.br\/index.php\/homem-rompe-tornozeleira-eletronica-um-dia-apos-ser-condenado-a-18-anos-de-prisao-por-homicidio-no-rn\/"},"modified":"2025-08-08T16:29:27","modified_gmt":"2025-08-08T19:29:27","slug":"homem-rompe-tornozeleira-eletronica-um-dia-apos-ser-condenado-a-18-anos-de-prisao-por-homicidio-no-rn","status":"publish","type":"page","link":"https:\/\/deputadotaveirajr.com.br\/index.php\/homem-rompe-tornozeleira-eletronica-um-dia-apos-ser-condenado-a-18-anos-de-prisao-por-homicidio-no-rn\/","title":{"rendered":"Homem rompe tornozeleira eletr\u00f4nica um dia ap\u00f3s ser condenado a 18 anos de pris\u00e3o por homic\u00eddio no RN"},"content":{"rendered":"<p><img decoding=\"async\" src=\"https:\/\/s2-g1.glbimg.com\/8jZM7GB3JqpBO_woyWTNxo7QAEs=\/i.s3.glbimg.com\/v1\/AUTH_59edd422c0c84a879bd37670ae4f538a\/internal_photos\/bs\/2025\/j\/a\/fDa8ymSHGBy3ET0BOz8w\/tornozeleira-rompida.jpg\" \/><br \/>     Imagem ilustrativa de uma tornozeleira eletr\u00f4nica rompida<br \/>\nPol\u00edcia Militar\/Divulga\u00e7\u00e3o\/ARQUIVO<br \/>\nUm homem rompeu a tornozeleira eletr\u00f4nica um dia ap\u00f3s ser condenado a 18 anos e 9 meses de pris\u00e3o por um homic\u00eddio no Rio Grande do Norte. A condena\u00e7\u00e3o aconteceu na ter\u00e7a-feira (5), e o rompimento foi registrado na quarta (6).<br \/>\nBartogaleno Alves Saldanha foi condenado, junto com outros dois homens, pelo homic\u00eddio qualificado de Jos\u00e9 Vieira de Melo, ocorrido em 2006 na zona rural de Campo Grande, na regi\u00e3o Oeste do estado.<br \/>\n\ud83d\udcf3 Clique aqui para seguir o canal do g1 RN no WhatsApp<br \/>\nSegundo apontou o Minist\u00e9rio P\u00fablico do Estado na den\u00fancia, o &#8220;caso envolveu uma complexa rivalidade entre fam\u00edlias e outros grupos criminosos da regi\u00e3o, incluindo a atua\u00e7\u00e3o de agentes p\u00fablicos na \u00e9poca&#8221;.<br \/>\nA Secretaria de Administra\u00e7\u00e3o Penitenci\u00e1ria (Seap) informou que o sinal da tornozeleira eletr\u00f4nica do detento Bartogaleno Alves Saldanha foi perdido \u00e0s 4h13 da quarta (6), &#8220;com \u00faltima localiza\u00e7\u00e3o na casa do monitorado&#8221;.  Segundo a Seap, a &#8220;falta grave&#8221; foi comunicada ao Judici\u00e1rio.<br \/>\nAp\u00f3s a condena\u00e7\u00e3o ser confirmada, um mandado de pris\u00e3o do suspeito havia sido expedido pela Justi\u00e7a do Rio Grande do Norte, o que faz, portanto, que o homem seja considerado foragido.<br \/>\nV\u00edtima foi alvo de disparos em casa<br \/>\nA den\u00fancia do Minist\u00e9rio P\u00fablico do RN descreveu que o crime aconteceu quando um grupo de homens armados invadiu a resid\u00eancia da v\u00edtima, se passando por policiais.<br \/>\nDiante da recusa em abrir a porta, eles atiraram diversas vezes contra a casa. Z\u00e9 Vieira foi atingido por m\u00faltiplos disparos ao tentar olhar pela janela.<br \/>\nSegundo investiga\u00e7\u00e3o do MP apontada na den\u00fancia, a motiva\u00e7\u00e3o do crime &#8220;seria a suspeita de que a v\u00edtima estaria envolvida na morte de C\u00e9sar e Vicente Veras, ocorrida em 2003&#8221;.<br \/>\nA decis\u00e3o judicial acolheu as circunst\u00e2ncias desfavor\u00e1veis apontadas pelo MPRN, como a quantidade de disparos e a premedita\u00e7\u00e3o do crime.<br \/>\nCaso precisou mudar de cidade para julgamento<br \/>\nO julgamento foi transferido de Campo Grande para Assu a pedido do Minist\u00e9rio P\u00fablico, que argumentou que a mudan\u00e7a era necess\u00e1ria para garantir a imparcialidade dos jurados, devido ao hist\u00f3rico de rivalidade entre as fam\u00edlias envolvidas.<br \/>\nA Promotoria de Justi\u00e7a tamb\u00e9m apontou a falta de condi\u00e7\u00f5es de seguran\u00e7a na comarca de origem para a realiza\u00e7\u00e3o de um j\u00fari de grande repercuss\u00e3o.<br \/>\n&#8220;O caso \u00e9 relevante por abordar uma complexa rede de crimes, amea\u00e7as e rivalidades na regi\u00e3o do M\u00e9dio Oeste potiguar, refor\u00e7ando a atua\u00e7\u00e3o da justi\u00e7a no combate \u00e0 viol\u00eancia&#8221;, citou o MP.<br \/>\nComo fazer com que mais agressores de mulheres usem tornozeleiras eletr\u00f4nicas<br \/>\nV\u00eddeos mais assistidos do g1 RN<\/p>","protected":false},"excerpt":{"rendered":"<p>Imagem ilustrativa de uma tornozeleira eletr\u00f4nica rompida Pol\u00edcia Militar\/Divulga\u00e7\u00e3o\/ARQUIVO Um homem rompeu a tornozeleira eletr\u00f4nica um dia ap\u00f3s ser condenado a 18 anos e 9 meses de pris\u00e3o por um &#8230;<\/p>\n","protected":false},"author":0,"featured_media":13813,"parent":0,"menu_order":0,"comment_status":"closed","ping_status":"closed","template":"","meta":{"footnotes":""},"class_list":["post-13812","page","type-page","status-publish","has-post-thumbnail","hentry"],"yoast_head":"<!-- This site is optimized with the Yoast SEO plugin v27.1.1 - https:\/\/yoast.com\/product\/yoast-seo-wordpress\/ -->\n<title>Homem rompe tornozeleira eletr\u00f4nica um dia ap\u00f3s ser condenado a 18 anos de pris\u00e3o por homic\u00eddio no RN - Taveira Jr<\/title>\n<meta name=\"robots\" content=\"index, follow, max-snippet:-1, max-image-preview:large, max-video-preview:-1\" \/>\n<link rel=\"canonical\" href=\"https:\/\/deputadotaveirajr.com.br\/index.php\/homem-rompe-tornozeleira-eletronica-um-dia-apos-ser-condenado-a-18-anos-de-prisao-por-homicidio-no-rn\/\" \/>\n<meta property=\"og:locale\" content=\"pt_BR\" \/>\n<meta property=\"og:type\" content=\"article\" \/>\n<meta property=\"og:title\" content=\"Homem rompe tornozeleira eletr\u00f4nica um dia ap\u00f3s ser condenado a 18 anos de pris\u00e3o por homic\u00eddio no RN - Taveira Jr\" \/>\n<meta property=\"og:description\" content=\"Imagem ilustrativa de uma tornozeleira eletr\u00f4nica rompida Pol\u00edcia Militar\/Divulga\u00e7\u00e3o\/ARQUIVO Um homem rompeu a tornozeleira eletr\u00f4nica um dia ap\u00f3s ser condenado a 18 anos e 9 meses de pris\u00e3o por um ...\" \/>\n<meta property=\"og:url\" content=\"https:\/\/deputadotaveirajr.com.br\/index.php\/homem-rompe-tornozeleira-eletronica-um-dia-apos-ser-condenado-a-18-anos-de-prisao-por-homicidio-no-rn\/\" \/>\n<meta property=\"og:site_name\" content=\"Taveira Jr\" \/>\n<meta property=\"og:image\" content=\"https:\/\/s2-g1.glbimg.com\/8jZM7GB3JqpBO_woyWTNxo7QAEs=\/i.s3.glbimg.com\/v1\/AUTH_59edd422c0c84a879bd37670ae4f538a\/internal_photos\/bs\/2025\/j\/a\/fDa8ymSHGBy3ET0BOz8w\/tornozeleira-rompida.jpg\" \/>\n<meta name=\"twitter:card\" content=\"summary_large_image\" \/>\n<meta name=\"twitter:label1\" content=\"Est. tempo de leitura\" \/>\n\t<meta name=\"twitter:data1\" content=\"2 minutos\" \/>\n<script type=\"application\/ld+json\" class=\"yoast-schema-graph\">{\"@context\":\"https:\/\/schema.org\",\"@graph\":[{\"@type\":\"WebPage\",\"@id\":\"https:\/\/deputadotaveirajr.com.br\/index.php\/homem-rompe-tornozeleira-eletronica-um-dia-apos-ser-condenado-a-18-anos-de-prisao-por-homicidio-no-rn\/\",\"url\":\"https:\/\/deputadotaveirajr.com.br\/index.php\/homem-rompe-tornozeleira-eletronica-um-dia-apos-ser-condenado-a-18-anos-de-prisao-por-homicidio-no-rn\/\",\"name\":\"Homem rompe tornozeleira eletr\u00f4nica um dia ap\u00f3s ser condenado a 18 anos de pris\u00e3o por homic\u00eddio no RN - Taveira Jr\",\"isPartOf\":{\"@id\":\"https:\/\/deputadotaveirajr.com.br\/#website\"},\"primaryImageOfPage\":{\"@id\":\"https:\/\/deputadotaveirajr.com.br\/index.php\/homem-rompe-tornozeleira-eletronica-um-dia-apos-ser-condenado-a-18-anos-de-prisao-por-homicidio-no-rn\/#primaryimage\"},\"image\":{\"@id\":\"https:\/\/deputadotaveirajr.com.br\/index.php\/homem-rompe-tornozeleira-eletronica-um-dia-apos-ser-condenado-a-18-anos-de-prisao-por-homicidio-no-rn\/#primaryimage\"},\"thumbnailUrl\":\"https:\/\/deputadotaveirajr.com.br\/wp-content\/uploads\/2025\/08\/tornozeleira-rompida-45evny.jpg\",\"datePublished\":\"2025-08-08T19:29:27+00:00\",\"breadcrumb\":{\"@id\":\"https:\/\/deputadotaveirajr.com.br\/index.php\/homem-rompe-tornozeleira-eletronica-um-dia-apos-ser-condenado-a-18-anos-de-prisao-por-homicidio-no-rn\/#breadcrumb\"},\"inLanguage\":\"pt-BR\",\"potentialAction\":[{\"@type\":\"ReadAction\",\"target\":[\"https:\/\/deputadotaveirajr.com.br\/index.php\/homem-rompe-tornozeleira-eletronica-um-dia-apos-ser-condenado-a-18-anos-de-prisao-por-homicidio-no-rn\/\"]}]},{\"@type\":\"ImageObject\",\"inLanguage\":\"pt-BR\",\"@id\":\"https:\/\/deputadotaveirajr.com.br\/index.php\/homem-rompe-tornozeleira-eletronica-um-dia-apos-ser-condenado-a-18-anos-de-prisao-por-homicidio-no-rn\/#primaryimage\",\"url\":\"https:\/\/deputadotaveirajr.com.br\/wp-content\/uploads\/2025\/08\/tornozeleira-rompida-45evny.jpg\",\"contentUrl\":\"https:\/\/deputadotaveirajr.com.br\/wp-content\/uploads\/2025\/08\/tornozeleira-rompida-45evny.jpg\",\"width\":1600,\"height\":1034},{\"@type\":\"BreadcrumbList\",\"@id\":\"https:\/\/deputadotaveirajr.com.br\/index.php\/homem-rompe-tornozeleira-eletronica-um-dia-apos-ser-condenado-a-18-anos-de-prisao-por-homicidio-no-rn\/#breadcrumb\",\"itemListElement\":[{\"@type\":\"ListItem\",\"position\":1,\"name\":\"In\u00edcio\",\"item\":\"https:\/\/deputadotaveirajr.com.br\/\"},{\"@type\":\"ListItem\",\"position\":2,\"name\":\"Homem rompe tornozeleira eletr\u00f4nica um dia ap\u00f3s ser condenado a 18 anos de pris\u00e3o por homic\u00eddio no RN\"}]},{\"@type\":\"WebSite\",\"@id\":\"https:\/\/deputadotaveirajr.com.br\/#website\",\"url\":\"https:\/\/deputadotaveirajr.com.br\/\",\"name\":\"Taveira Jr\",\"description\":\"Deputado Estadual\",\"publisher\":{\"@id\":\"https:\/\/deputadotaveirajr.com.br\/#organization\"},\"potentialAction\":[{\"@type\":\"SearchAction\",\"target\":{\"@type\":\"EntryPoint\",\"urlTemplate\":\"https:\/\/deputadotaveirajr.com.br\/?s={search_term_string}\"},\"query-input\":{\"@type\":\"PropertyValueSpecification\",\"valueRequired\":true,\"valueName\":\"search_term_string\"}}],\"inLanguage\":\"pt-BR\"},{\"@type\":\"Organization\",\"@id\":\"https:\/\/deputadotaveirajr.com.br\/#organization\",\"name\":\"Taveira Jr\",\"url\":\"https:\/\/deputadotaveirajr.com.br\/\",\"logo\":{\"@type\":\"ImageObject\",\"inLanguage\":\"pt-BR\",\"@id\":\"https:\/\/deputadotaveirajr.com.br\/#\/schema\/logo\/image\/\",\"url\":\"https:\/\/deputadotaveirajr.com.br\/wp-content\/uploads\/2026\/01\/logolow2a.png\",\"contentUrl\":\"https:\/\/deputadotaveirajr.com.br\/wp-content\/uploads\/2026\/01\/logolow2a.png\",\"width\":290,\"height\":80,\"caption\":\"Taveira Jr\"},\"image\":{\"@id\":\"https:\/\/deputadotaveirajr.com.br\/#\/schema\/logo\/image\/\"}}]}<\/script>\n<!-- \/ Yoast SEO plugin. -->","yoast_head_json":{"title":"Homem rompe tornozeleira eletr\u00f4nica um dia ap\u00f3s ser condenado a 18 anos de pris\u00e3o por homic\u00eddio no RN - Taveira Jr","robots":{"index":"index","follow":"follow","max-snippet":"max-snippet:-1","max-image-preview":"max-image-preview:large","max-video-preview":"max-video-preview:-1"},"canonical":"https:\/\/deputadotaveirajr.com.br\/index.php\/homem-rompe-tornozeleira-eletronica-um-dia-apos-ser-condenado-a-18-anos-de-prisao-por-homicidio-no-rn\/","og_locale":"pt_BR","og_type":"article","og_title":"Homem rompe tornozeleira eletr\u00f4nica um dia ap\u00f3s ser condenado a 18 anos de pris\u00e3o por homic\u00eddio no RN - Taveira Jr","og_description":"Imagem ilustrativa de uma tornozeleira eletr\u00f4nica rompida Pol\u00edcia Militar\/Divulga\u00e7\u00e3o\/ARQUIVO Um homem rompeu a tornozeleira eletr\u00f4nica um dia ap\u00f3s ser condenado a 18 anos e 9 meses de pris\u00e3o por um ...","og_url":"https:\/\/deputadotaveirajr.com.br\/index.php\/homem-rompe-tornozeleira-eletronica-um-dia-apos-ser-condenado-a-18-anos-de-prisao-por-homicidio-no-rn\/","og_site_name":"Taveira Jr","og_image":[{"url":"https:\/\/s2-g1.glbimg.com\/8jZM7GB3JqpBO_woyWTNxo7QAEs=\/i.s3.glbimg.com\/v1\/AUTH_59edd422c0c84a879bd37670ae4f538a\/internal_photos\/bs\/2025\/j\/a\/fDa8ymSHGBy3ET0BOz8w\/tornozeleira-rompida.jpg","type":"","width":"","height":""}],"twitter_card":"summary_large_image","twitter_misc":{"Est. tempo de leitura":"2 minutos"},"schema":{"@context":"https:\/\/schema.org","@graph":[{"@type":"WebPage","@id":"https:\/\/deputadotaveirajr.com.br\/index.php\/homem-rompe-tornozeleira-eletronica-um-dia-apos-ser-condenado-a-18-anos-de-prisao-por-homicidio-no-rn\/","url":"https:\/\/deputadotaveirajr.com.br\/index.php\/homem-rompe-tornozeleira-eletronica-um-dia-apos-ser-condenado-a-18-anos-de-prisao-por-homicidio-no-rn\/","name":"Homem rompe tornozeleira eletr\u00f4nica um dia ap\u00f3s ser condenado a 18 anos de pris\u00e3o por homic\u00eddio no RN - Taveira Jr","isPartOf":{"@id":"https:\/\/deputadotaveirajr.com.br\/#website"},"primaryImageOfPage":{"@id":"https:\/\/deputadotaveirajr.com.br\/index.php\/homem-rompe-tornozeleira-eletronica-um-dia-apos-ser-condenado-a-18-anos-de-prisao-por-homicidio-no-rn\/#primaryimage"},"image":{"@id":"https:\/\/deputadotaveirajr.com.br\/index.php\/homem-rompe-tornozeleira-eletronica-um-dia-apos-ser-condenado-a-18-anos-de-prisao-por-homicidio-no-rn\/#primaryimage"},"thumbnailUrl":"https:\/\/deputadotaveirajr.com.br\/wp-content\/uploads\/2025\/08\/tornozeleira-rompida-45evny.jpg","datePublished":"2025-08-08T19:29:27+00:00","breadcrumb":{"@id":"https:\/\/deputadotaveirajr.com.br\/index.php\/homem-rompe-tornozeleira-eletronica-um-dia-apos-ser-condenado-a-18-anos-de-prisao-por-homicidio-no-rn\/#breadcrumb"},"inLanguage":"pt-BR","potentialAction":[{"@type":"ReadAction","target":["https:\/\/deputadotaveirajr.com.br\/index.php\/homem-rompe-tornozeleira-eletronica-um-dia-apos-ser-condenado-a-18-anos-de-prisao-por-homicidio-no-rn\/"]}]},{"@type":"ImageObject","inLanguage":"pt-BR","@id":"https:\/\/deputadotaveirajr.com.br\/index.php\/homem-rompe-tornozeleira-eletronica-um-dia-apos-ser-condenado-a-18-anos-de-prisao-por-homicidio-no-rn\/#primaryimage","url":"https:\/\/deputadotaveirajr.com.br\/wp-content\/uploads\/2025\/08\/tornozeleira-rompida-45evny.jpg","contentUrl":"https:\/\/deputadotaveirajr.com.br\/wp-content\/uploads\/2025\/08\/tornozeleira-rompida-45evny.jpg","width":1600,"height":1034},{"@type":"BreadcrumbList","@id":"https:\/\/deputadotaveirajr.com.br\/index.php\/homem-rompe-tornozeleira-eletronica-um-dia-apos-ser-condenado-a-18-anos-de-prisao-por-homicidio-no-rn\/#breadcrumb","itemListElement":[{"@type":"ListItem","position":1,"name":"In\u00edcio","item":"https:\/\/deputadotaveirajr.com.br\/"},{"@type":"ListItem","position":2,"name":"Homem rompe tornozeleira eletr\u00f4nica um dia ap\u00f3s ser condenado a 18 anos de pris\u00e3o por homic\u00eddio no RN"}]},{"@type":"WebSite","@id":"https:\/\/deputadotaveirajr.com.br\/#website","url":"https:\/\/deputadotaveirajr.com.br\/","name":"Taveira Jr","description":"Deputado Estadual","publisher":{"@id":"https:\/\/deputadotaveirajr.com.br\/#organization"},"potentialAction":[{"@type":"SearchAction","target":{"@type":"EntryPoint","urlTemplate":"https:\/\/deputadotaveirajr.com.br\/?s={search_term_string}"},"query-input":{"@type":"PropertyValueSpecification","valueRequired":true,"valueName":"search_term_string"}}],"inLanguage":"pt-BR"},{"@type":"Organization","@id":"https:\/\/deputadotaveirajr.com.br\/#organization","name":"Taveira Jr","url":"https:\/\/deputadotaveirajr.com.br\/","logo":{"@type":"ImageObject","inLanguage":"pt-BR","@id":"https:\/\/deputadotaveirajr.com.br\/#\/schema\/logo\/image\/","url":"https:\/\/deputadotaveirajr.com.br\/wp-content\/uploads\/2026\/01\/logolow2a.png","contentUrl":"https:\/\/deputadotaveirajr.com.br\/wp-content\/uploads\/2026\/01\/logolow2a.png","width":290,"height":80,"caption":"Taveira Jr"},"image":{"@id":"https:\/\/deputadotaveirajr.com.br\/#\/schema\/logo\/image\/"}}]}},"_links":{"self":[{"href":"https:\/\/deputadotaveirajr.com.br\/index.php\/wp-json\/wp\/v2\/pages\/13812","targetHints":{"allow":["GET"]}}],"collection":[{"href":"https:\/\/deputadotaveirajr.com.br\/index.php\/wp-json\/wp\/v2\/pages"}],"about":[{"href":"https:\/\/deputadotaveirajr.com.br\/index.php\/wp-json\/wp\/v2\/types\/page"}],"replies":[{"embeddable":true,"href":"https:\/\/deputadotaveirajr.com.br\/index.php\/wp-json\/wp\/v2\/comments?post=13812"}],"version-history":[{"count":0,"href":"https:\/\/deputadotaveirajr.com.br\/index.php\/wp-json\/wp\/v2\/pages\/13812\/revisions"}],"wp:featuredmedia":[{"embeddable":true,"href":"https:\/\/deputadotaveirajr.com.br\/index.php\/wp-json\/wp\/v2\/media\/13813"}],"wp:attachment":[{"href":"https:\/\/deputadotaveirajr.com.br\/index.php\/wp-json\/wp\/v2\/media?parent=13812"}],"curies":[{"name":"wp","href":"https:\/\/api.w.org\/{rel}","templated":true}]}}