{"id":13816,"date":"2025-08-08T14:04:04","date_gmt":"2025-08-08T17:04:04","guid":{"rendered":"https:\/\/deputadotaveirajr.com.br\/index.php\/hospital-pediatrico-bloqueia-leitos-de-uti-neonatal-por-falta-de-medicamentos-e-materiais-em-natal\/"},"modified":"2025-08-08T14:04:04","modified_gmt":"2025-08-08T17:04:04","slug":"hospital-pediatrico-bloqueia-leitos-de-uti-neonatal-por-falta-de-medicamentos-e-materiais-em-natal","status":"publish","type":"page","link":"https:\/\/deputadotaveirajr.com.br\/index.php\/hospital-pediatrico-bloqueia-leitos-de-uti-neonatal-por-falta-de-medicamentos-e-materiais-em-natal\/","title":{"rendered":"Hospital pedi\u00e1trico bloqueia leitos de UTI neonatal por falta de medicamentos e materiais em Natal"},"content":{"rendered":"<p><img decoding=\"async\" src=\"https:\/\/s2-g1.glbimg.com\/no3Up_6IRmeGsutEeyhdLGlJSPQ=\/i.s3.glbimg.com\/v1\/AUTH_59edd422c0c84a879bd37670ae4f538a\/internal_photos\/bs\/2025\/O\/Y\/ldVkcdSher5bflE8kBvA\/whatsapp-image-2025-08-08-at-11.44.33.jpeg\" \/><br \/>     M\u00e9dica intensivista fala da falta de insumos no Hospital Maria Alice Fernandes em Natal<br \/>\nA UTI neonatal do Hospital Maria Alice Fernandes, em Natal, suspendeu o recebimento de novos pacientes por falta de insumos b\u00e1sicos para atendimento. A unidade, que tem 20 leitos de UTI neonatal, est\u00e1 funcionando com 10 e, destes, apenas cinco permanecem ativos.<br \/>\nSegundo a m\u00e9dica intensivista da unidade, Ilka Maria Batista, o hospital enfrenta desabastecimento de medicamentos e materiais essenciais, como fenobarbital (para convuls\u00f5es), cafe\u00edna (para prematuros), tubos para ventila\u00e7\u00e3o mec\u00e2nica, telas para h\u00e9rnia diafragm\u00e1tica, cateteres e luvas de procedimento.<br \/>\n\ud83d\udcf3 Clique aqui para seguir o canal do g1 RN no WhatsApp<br \/>\nEm nota, a Secretaria de Estado da Sa\u00fade P\u00fablica informou que o hospital finalizou recentemente uma licita\u00e7\u00e3o para aquisi\u00e7\u00e3o de insumos, com pedidos de entrega previstos para serem feitos entre esta sexta-feira (8) e o in\u00edcio da pr\u00f3xima semana, dependendo da disponibilidade de or\u00e7amento.<br \/>\n\u201cN\u00f3s somos refer\u00eancia no estado todo para cirurgia pedi\u00e1trica, cardiologia, nefrologia. Ent\u00e3o, n\u00e3o pode faltar. Somos o \u00fanico hospital pedi\u00e1trico do estado\u201d, disse a m\u00e9dica Ilka Maria Batista.<br \/>\nA profissional afirmou que a situa\u00e7\u00e3o vem sendo informada \u00e0 Secretaria de Estado da Sa\u00fade P\u00fablica (Sesap) desde que os insumos come\u00e7aram a acabar, mas que o problema n\u00e3o foi solucionado.<br \/>\nUTI neonatal do Maria Alice Fernandes opera com 5 leitos por falta de insumos no RN<br \/>\nCedida<br \/>\nIlka destacou que a abertura da UTI neonatal foi determinada por ordem judicial e que \u00f3rg\u00e3os como Minist\u00e9rio P\u00fablico e Conselho Regional de Medicina j\u00e1 foram comunicados sobre o caso. \u201cN\u00f3s precisamos de ajuda, estamos gritando, precisamos de condi\u00e7\u00f5es para trabalhar\u201d, disse.<br \/>\nAl\u00e9m do desabastecimento, a m\u00e9dica relatou que o sistema Salux, usado para prontu\u00e1rios, admiss\u00f5es, cirurgias, transfer\u00eancias e faturamento, est\u00e1 inoperante desde 24 de julho, ap\u00f3s o vencimento do contrato, e que todos os procedimentos v\u00eam sendo realizados manualmente.<br \/>\nUTI neonatal do Maria Alice Fernandes opera com 5 leitos por falta de insumos no RN<br \/>\nCedida<br \/>\nNota da Sesap<br \/>\nO hospital finalizou recentemente uma licita\u00e7\u00e3o para aquisi\u00e7\u00e3o de insumos, que deve ter os pedidos de entrega feitos entre hoje e o in\u00edcio da pr\u00f3xima semana, a partir da disponibilidade de or\u00e7amento da secretaria. A partir da entrega dos materiais, a unidade espera regularizar a disponibilidade de leitos. O estado n\u00e3o registra fila por leitos neonatal em sua rede.<br \/>\nA Sesap est\u00e1 avan\u00e7ando na implanta\u00e7\u00e3o do prontu\u00e1rio eletr\u00f4nico em toda rede, qualificando o trabalho e substituindo os sistemas antigos, tendo recentemente iniciado a entrega de novos computadores para as unidades, com o objetivo de agilizar essa a\u00e7\u00e3o<br \/>\nHospital Maria Alice Fernandes bloqueia leitos de UTI neonatal por falta de medicamentos e materiais<br \/>\nS\u00e9rgio Henrique Santos\/Inter TV Cabugi<br \/>\nVeja os v\u00eddeos mais assistidos do g1 RN<\/p>","protected":false},"excerpt":{"rendered":"<p>M\u00e9dica intensivista fala da falta de insumos no Hospital Maria Alice Fernandes em Natal A UTI neonatal do Hospital Maria Alice Fernandes, em Natal, suspendeu o recebimento de novos pacientes &#8230;<\/p>\n","protected":false},"author":0,"featured_media":13817,"parent":0,"menu_order":0,"comment_status":"closed","ping_status":"closed","template":"","meta":{"footnotes":""},"class_list":["post-13816","page","type-page","status-publish","has-post-thumbnail","hentry"],"yoast_head":"<!-- This site is optimized with the Yoast SEO plugin v27.1.1 - https:\/\/yoast.com\/product\/yoast-seo-wordpress\/ -->\n<title>Hospital pedi\u00e1trico bloqueia leitos de UTI neonatal por falta de medicamentos e materiais em Natal - Taveira Jr<\/title>\n<meta name=\"robots\" content=\"index, follow, max-snippet:-1, max-image-preview:large, max-video-preview:-1\" \/>\n<link rel=\"canonical\" href=\"https:\/\/deputadotaveirajr.com.br\/index.php\/hospital-pediatrico-bloqueia-leitos-de-uti-neonatal-por-falta-de-medicamentos-e-materiais-em-natal\/\" \/>\n<meta property=\"og:locale\" content=\"pt_BR\" \/>\n<meta property=\"og:type\" content=\"article\" \/>\n<meta property=\"og:title\" content=\"Hospital pedi\u00e1trico bloqueia leitos de UTI neonatal por falta de medicamentos e materiais em Natal - Taveira Jr\" \/>\n<meta property=\"og:description\" content=\"M\u00e9dica intensivista fala da falta de insumos no Hospital Maria Alice Fernandes em Natal A UTI neonatal do Hospital Maria Alice Fernandes, em Natal, suspendeu o recebimento de novos pacientes ...\" \/>\n<meta property=\"og:url\" content=\"https:\/\/deputadotaveirajr.com.br\/index.php\/hospital-pediatrico-bloqueia-leitos-de-uti-neonatal-por-falta-de-medicamentos-e-materiais-em-natal\/\" \/>\n<meta property=\"og:site_name\" content=\"Taveira Jr\" \/>\n<meta property=\"og:image\" content=\"https:\/\/s2-g1.glbimg.com\/no3Up_6IRmeGsutEeyhdLGlJSPQ=\/i.s3.glbimg.com\/v1\/AUTH_59edd422c0c84a879bd37670ae4f538a\/internal_photos\/bs\/2025\/O\/Y\/ldVkcdSher5bflE8kBvA\/whatsapp-image-2025-08-08-at-11.44.33.jpeg\" \/>\n<meta name=\"twitter:card\" content=\"summary_large_image\" \/>\n<meta name=\"twitter:label1\" content=\"Est. tempo de leitura\" \/>\n\t<meta name=\"twitter:data1\" content=\"2 minutos\" \/>\n<script type=\"application\/ld+json\" class=\"yoast-schema-graph\">{\"@context\":\"https:\/\/schema.org\",\"@graph\":[{\"@type\":\"WebPage\",\"@id\":\"https:\/\/deputadotaveirajr.com.br\/index.php\/hospital-pediatrico-bloqueia-leitos-de-uti-neonatal-por-falta-de-medicamentos-e-materiais-em-natal\/\",\"url\":\"https:\/\/deputadotaveirajr.com.br\/index.php\/hospital-pediatrico-bloqueia-leitos-de-uti-neonatal-por-falta-de-medicamentos-e-materiais-em-natal\/\",\"name\":\"Hospital pedi\u00e1trico bloqueia leitos de UTI neonatal por falta de medicamentos e materiais em Natal - Taveira Jr\",\"isPartOf\":{\"@id\":\"https:\/\/deputadotaveirajr.com.br\/#website\"},\"primaryImageOfPage\":{\"@id\":\"https:\/\/deputadotaveirajr.com.br\/index.php\/hospital-pediatrico-bloqueia-leitos-de-uti-neonatal-por-falta-de-medicamentos-e-materiais-em-natal\/#primaryimage\"},\"image\":{\"@id\":\"https:\/\/deputadotaveirajr.com.br\/index.php\/hospital-pediatrico-bloqueia-leitos-de-uti-neonatal-por-falta-de-medicamentos-e-materiais-em-natal\/#primaryimage\"},\"thumbnailUrl\":\"https:\/\/deputadotaveirajr.com.br\/wp-content\/uploads\/2025\/08\/whatsapp-image-2025-08-08-at-11.44.33-sPeJ7u.jpg\",\"datePublished\":\"2025-08-08T17:04:04+00:00\",\"breadcrumb\":{\"@id\":\"https:\/\/deputadotaveirajr.com.br\/index.php\/hospital-pediatrico-bloqueia-leitos-de-uti-neonatal-por-falta-de-medicamentos-e-materiais-em-natal\/#breadcrumb\"},\"inLanguage\":\"pt-BR\",\"potentialAction\":[{\"@type\":\"ReadAction\",\"target\":[\"https:\/\/deputadotaveirajr.com.br\/index.php\/hospital-pediatrico-bloqueia-leitos-de-uti-neonatal-por-falta-de-medicamentos-e-materiais-em-natal\/\"]}]},{\"@type\":\"ImageObject\",\"inLanguage\":\"pt-BR\",\"@id\":\"https:\/\/deputadotaveirajr.com.br\/index.php\/hospital-pediatrico-bloqueia-leitos-de-uti-neonatal-por-falta-de-medicamentos-e-materiais-em-natal\/#primaryimage\",\"url\":\"https:\/\/deputadotaveirajr.com.br\/wp-content\/uploads\/2025\/08\/whatsapp-image-2025-08-08-at-11.44.33-sPeJ7u.jpg\",\"contentUrl\":\"https:\/\/deputadotaveirajr.com.br\/wp-content\/uploads\/2025\/08\/whatsapp-image-2025-08-08-at-11.44.33-sPeJ7u.jpg\",\"width\":1600,\"height\":1212},{\"@type\":\"BreadcrumbList\",\"@id\":\"https:\/\/deputadotaveirajr.com.br\/index.php\/hospital-pediatrico-bloqueia-leitos-de-uti-neonatal-por-falta-de-medicamentos-e-materiais-em-natal\/#breadcrumb\",\"itemListElement\":[{\"@type\":\"ListItem\",\"position\":1,\"name\":\"In\u00edcio\",\"item\":\"https:\/\/deputadotaveirajr.com.br\/\"},{\"@type\":\"ListItem\",\"position\":2,\"name\":\"Hospital pedi\u00e1trico bloqueia leitos de UTI neonatal por falta de medicamentos e materiais em Natal\"}]},{\"@type\":\"WebSite\",\"@id\":\"https:\/\/deputadotaveirajr.com.br\/#website\",\"url\":\"https:\/\/deputadotaveirajr.com.br\/\",\"name\":\"Taveira Jr\",\"description\":\"Deputado Estadual\",\"publisher\":{\"@id\":\"https:\/\/deputadotaveirajr.com.br\/#organization\"},\"potentialAction\":[{\"@type\":\"SearchAction\",\"target\":{\"@type\":\"EntryPoint\",\"urlTemplate\":\"https:\/\/deputadotaveirajr.com.br\/?s={search_term_string}\"},\"query-input\":{\"@type\":\"PropertyValueSpecification\",\"valueRequired\":true,\"valueName\":\"search_term_string\"}}],\"inLanguage\":\"pt-BR\"},{\"@type\":\"Organization\",\"@id\":\"https:\/\/deputadotaveirajr.com.br\/#organization\",\"name\":\"Taveira Jr\",\"url\":\"https:\/\/deputadotaveirajr.com.br\/\",\"logo\":{\"@type\":\"ImageObject\",\"inLanguage\":\"pt-BR\",\"@id\":\"https:\/\/deputadotaveirajr.com.br\/#\/schema\/logo\/image\/\",\"url\":\"https:\/\/deputadotaveirajr.com.br\/wp-content\/uploads\/2026\/01\/logolow2a.png\",\"contentUrl\":\"https:\/\/deputadotaveirajr.com.br\/wp-content\/uploads\/2026\/01\/logolow2a.png\",\"width\":290,\"height\":80,\"caption\":\"Taveira Jr\"},\"image\":{\"@id\":\"https:\/\/deputadotaveirajr.com.br\/#\/schema\/logo\/image\/\"}}]}<\/script>\n<!-- \/ Yoast SEO plugin. -->","yoast_head_json":{"title":"Hospital pedi\u00e1trico bloqueia leitos de UTI neonatal por falta de medicamentos e materiais em Natal - Taveira Jr","robots":{"index":"index","follow":"follow","max-snippet":"max-snippet:-1","max-image-preview":"max-image-preview:large","max-video-preview":"max-video-preview:-1"},"canonical":"https:\/\/deputadotaveirajr.com.br\/index.php\/hospital-pediatrico-bloqueia-leitos-de-uti-neonatal-por-falta-de-medicamentos-e-materiais-em-natal\/","og_locale":"pt_BR","og_type":"article","og_title":"Hospital pedi\u00e1trico bloqueia leitos de UTI neonatal por falta de medicamentos e materiais em Natal - Taveira Jr","og_description":"M\u00e9dica intensivista fala da falta de insumos no Hospital Maria Alice Fernandes em Natal A UTI neonatal do Hospital Maria Alice Fernandes, em Natal, suspendeu o recebimento de novos pacientes ...","og_url":"https:\/\/deputadotaveirajr.com.br\/index.php\/hospital-pediatrico-bloqueia-leitos-de-uti-neonatal-por-falta-de-medicamentos-e-materiais-em-natal\/","og_site_name":"Taveira Jr","og_image":[{"url":"https:\/\/s2-g1.glbimg.com\/no3Up_6IRmeGsutEeyhdLGlJSPQ=\/i.s3.glbimg.com\/v1\/AUTH_59edd422c0c84a879bd37670ae4f538a\/internal_photos\/bs\/2025\/O\/Y\/ldVkcdSher5bflE8kBvA\/whatsapp-image-2025-08-08-at-11.44.33.jpeg","type":"","width":"","height":""}],"twitter_card":"summary_large_image","twitter_misc":{"Est. tempo de leitura":"2 minutos"},"schema":{"@context":"https:\/\/schema.org","@graph":[{"@type":"WebPage","@id":"https:\/\/deputadotaveirajr.com.br\/index.php\/hospital-pediatrico-bloqueia-leitos-de-uti-neonatal-por-falta-de-medicamentos-e-materiais-em-natal\/","url":"https:\/\/deputadotaveirajr.com.br\/index.php\/hospital-pediatrico-bloqueia-leitos-de-uti-neonatal-por-falta-de-medicamentos-e-materiais-em-natal\/","name":"Hospital pedi\u00e1trico bloqueia leitos de UTI neonatal por falta de medicamentos e materiais em Natal - Taveira Jr","isPartOf":{"@id":"https:\/\/deputadotaveirajr.com.br\/#website"},"primaryImageOfPage":{"@id":"https:\/\/deputadotaveirajr.com.br\/index.php\/hospital-pediatrico-bloqueia-leitos-de-uti-neonatal-por-falta-de-medicamentos-e-materiais-em-natal\/#primaryimage"},"image":{"@id":"https:\/\/deputadotaveirajr.com.br\/index.php\/hospital-pediatrico-bloqueia-leitos-de-uti-neonatal-por-falta-de-medicamentos-e-materiais-em-natal\/#primaryimage"},"thumbnailUrl":"https:\/\/deputadotaveirajr.com.br\/wp-content\/uploads\/2025\/08\/whatsapp-image-2025-08-08-at-11.44.33-sPeJ7u.jpg","datePublished":"2025-08-08T17:04:04+00:00","breadcrumb":{"@id":"https:\/\/deputadotaveirajr.com.br\/index.php\/hospital-pediatrico-bloqueia-leitos-de-uti-neonatal-por-falta-de-medicamentos-e-materiais-em-natal\/#breadcrumb"},"inLanguage":"pt-BR","potentialAction":[{"@type":"ReadAction","target":["https:\/\/deputadotaveirajr.com.br\/index.php\/hospital-pediatrico-bloqueia-leitos-de-uti-neonatal-por-falta-de-medicamentos-e-materiais-em-natal\/"]}]},{"@type":"ImageObject","inLanguage":"pt-BR","@id":"https:\/\/deputadotaveirajr.com.br\/index.php\/hospital-pediatrico-bloqueia-leitos-de-uti-neonatal-por-falta-de-medicamentos-e-materiais-em-natal\/#primaryimage","url":"https:\/\/deputadotaveirajr.com.br\/wp-content\/uploads\/2025\/08\/whatsapp-image-2025-08-08-at-11.44.33-sPeJ7u.jpg","contentUrl":"https:\/\/deputadotaveirajr.com.br\/wp-content\/uploads\/2025\/08\/whatsapp-image-2025-08-08-at-11.44.33-sPeJ7u.jpg","width":1600,"height":1212},{"@type":"BreadcrumbList","@id":"https:\/\/deputadotaveirajr.com.br\/index.php\/hospital-pediatrico-bloqueia-leitos-de-uti-neonatal-por-falta-de-medicamentos-e-materiais-em-natal\/#breadcrumb","itemListElement":[{"@type":"ListItem","position":1,"name":"In\u00edcio","item":"https:\/\/deputadotaveirajr.com.br\/"},{"@type":"ListItem","position":2,"name":"Hospital pedi\u00e1trico bloqueia leitos de UTI neonatal por falta de medicamentos e materiais em Natal"}]},{"@type":"WebSite","@id":"https:\/\/deputadotaveirajr.com.br\/#website","url":"https:\/\/deputadotaveirajr.com.br\/","name":"Taveira Jr","description":"Deputado Estadual","publisher":{"@id":"https:\/\/deputadotaveirajr.com.br\/#organization"},"potentialAction":[{"@type":"SearchAction","target":{"@type":"EntryPoint","urlTemplate":"https:\/\/deputadotaveirajr.com.br\/?s={search_term_string}"},"query-input":{"@type":"PropertyValueSpecification","valueRequired":true,"valueName":"search_term_string"}}],"inLanguage":"pt-BR"},{"@type":"Organization","@id":"https:\/\/deputadotaveirajr.com.br\/#organization","name":"Taveira Jr","url":"https:\/\/deputadotaveirajr.com.br\/","logo":{"@type":"ImageObject","inLanguage":"pt-BR","@id":"https:\/\/deputadotaveirajr.com.br\/#\/schema\/logo\/image\/","url":"https:\/\/deputadotaveirajr.com.br\/wp-content\/uploads\/2026\/01\/logolow2a.png","contentUrl":"https:\/\/deputadotaveirajr.com.br\/wp-content\/uploads\/2026\/01\/logolow2a.png","width":290,"height":80,"caption":"Taveira Jr"},"image":{"@id":"https:\/\/deputadotaveirajr.com.br\/#\/schema\/logo\/image\/"}}]}},"_links":{"self":[{"href":"https:\/\/deputadotaveirajr.com.br\/index.php\/wp-json\/wp\/v2\/pages\/13816","targetHints":{"allow":["GET"]}}],"collection":[{"href":"https:\/\/deputadotaveirajr.com.br\/index.php\/wp-json\/wp\/v2\/pages"}],"about":[{"href":"https:\/\/deputadotaveirajr.com.br\/index.php\/wp-json\/wp\/v2\/types\/page"}],"replies":[{"embeddable":true,"href":"https:\/\/deputadotaveirajr.com.br\/index.php\/wp-json\/wp\/v2\/comments?post=13816"}],"version-history":[{"count":0,"href":"https:\/\/deputadotaveirajr.com.br\/index.php\/wp-json\/wp\/v2\/pages\/13816\/revisions"}],"wp:featuredmedia":[{"embeddable":true,"href":"https:\/\/deputadotaveirajr.com.br\/index.php\/wp-json\/wp\/v2\/media\/13817"}],"wp:attachment":[{"href":"https:\/\/deputadotaveirajr.com.br\/index.php\/wp-json\/wp\/v2\/media?parent=13816"}],"curies":[{"name":"wp","href":"https:\/\/api.w.org\/{rel}","templated":true}]}}