{"id":13820,"date":"2025-08-11T18:47:38","date_gmt":"2025-08-11T21:47:38","guid":{"rendered":"https:\/\/deputadotaveirajr.com.br\/index.php\/tce-apura-irregularidades-em-contrato-de-r-31-milhoes-para-fornecimento-de-refeicoes-em-presidios-do-rn\/"},"modified":"2025-08-11T18:47:38","modified_gmt":"2025-08-11T21:47:38","slug":"tce-apura-irregularidades-em-contrato-de-r-31-milhoes-para-fornecimento-de-refeicoes-em-presidios-do-rn","status":"publish","type":"page","link":"https:\/\/deputadotaveirajr.com.br\/index.php\/tce-apura-irregularidades-em-contrato-de-r-31-milhoes-para-fornecimento-de-refeicoes-em-presidios-do-rn\/","title":{"rendered":"TCE apura irregularidades em contrato de R$ 31 milh\u00f5es para fornecimento de refei\u00e7\u00f5es em pres\u00eddios do RN"},"content":{"rendered":"<p><img decoding=\"async\" src=\"https:\/\/s2-g1.glbimg.com\/mILzgJZ1vlQW9fbJsXeQEeAp-qI=\/i.s3.glbimg.com\/v1\/AUTH_59edd422c0c84a879bd37670ae4f538a\/internal_photos\/bs\/2024\/a\/1\/su7vNRQAKs1viCVlnVLg\/whatsapp-image-2024-11-08-at-11.49.33.jpeg\" \/><br \/>     Complexo Penitenci\u00e1rio de Alca\u00e7uz, em N\u00edsia Floresta<br \/>\nS\u00e9rgio Henrique Santos\/Inter TV Cabugi<br \/>\nO Tribunal de Contas do Estado (TCE-RN) determinou a abertura de processos para apurar responsabilidades por irregularidades no contrato de fornecimento de refei\u00e7\u00f5es ao sistema prisional do Rio Grande do Norte.<br \/>\nO contrato em quest\u00e3o foi feito entre a Secretaria Estadual de Administra\u00e7\u00e3o Penitenci\u00e1ria (SEAP) e a empresa Refine Refei\u00e7\u00f5es Industriais Especiais Ltda., no valor de R$ 31,9 milh\u00f5es.<br \/>\n\ud83d\udcf3 Clique aqui para seguir o canal do g1 RN no WhatsApp<br \/>\nA decis\u00e3o foi relatada pelo conselheiro George Montenegro Soares. Em nota, a Seap informou que a gest\u00e3o n\u00e3o foi notificada da apura\u00e7\u00e3o e que aguarda acesso \u00e0 pe\u00e7a do TCE para fazer os esclarecimentos.<br \/>\nA medida atende a representa\u00e7\u00e3o do Minist\u00e9rio P\u00fablico de Contas, que apontou falhas na execu\u00e7\u00e3o contratual e poss\u00edveis danos ao patrim\u00f4nio p\u00fablico decorrentes de atos criminosos registrados em mar\u00e7o de 2023 (entenda mais abaixo).<br \/>\nInspe\u00e7\u00f5es realizadas pelo Mecanismo Nacional de Preven\u00e7\u00e3o e Combate \u00e0 Tortura, em novembro de 2022, identificaram alimentos impr\u00f3prios para consumo, valor nutricional insuficiente, armazenamento inadequado e descumprimento das especifica\u00e7\u00f5es contratuais.<br \/>\nSegundo o TCE, tamb\u00e9m foi constatada a inclus\u00e3o, via aditivo, de itens n\u00e3o previstos originalmente, como frutas, sobremesas e ceia extra, o que \u00e9 considerado uma pr\u00e1tica incompat\u00edvel com a legisla\u00e7\u00e3o de licita\u00e7\u00f5es.<br \/>\nNa decis\u00e3o, o TCE apontou que a Seap justificou o aditivo contratual &#8220;alegando a necessidade de suprir defici\u00eancias nutricionais da popula\u00e7\u00e3o carcer\u00e1ria e evitar tens\u00f5es no ambiente prisional&#8221;.<br \/>\nO contrato inicial foi assinado em agosto de 2021 com prazo de 12 meses, tendo sido prorrogado por 2 vezes, segundo o TCE.<br \/>\nAtaques de mar\u00e7o de 2023<br \/>\nSegundo as investiga\u00e7\u00f5es, h\u00e1 ind\u00edcios de que a insatisfa\u00e7\u00e3o dentro das unidades prisionais &#8211; alimentada pelas m\u00e1s condi\u00e7\u00f5es das refei\u00e7\u00f5es &#8211; pode ter contribu\u00eddo para a eclos\u00e3o dos atos de viol\u00eancia.<br \/>\nEm mar\u00e7o de 2023, o Rio Grande do Norte sofreu com uma onda de ataques a \u00f4nibus, pr\u00e9dios p\u00fablicos, ve\u00edculos e resid\u00eancias, que, segundo as autoridades locais, havia sido ordenada e realizada por uma fac\u00e7\u00e3o que atua dentro dos pres\u00eddios do estado.<br \/>\nLEIA TAMB\u00c9M<br \/>\nENTENDA: o que pode estar por tr\u00e1s do hist\u00f3rico de ataques de fac\u00e7\u00f5es no RN<br \/>\n&#8220;A medida apresentada se justifica diante dos atos criminosos de depreda\u00e7\u00e3o de bens p\u00fablicos, ocorridos em mar\u00e7o de 2023, motivados possivelmente pela situa\u00e7\u00e3o prec\u00e1ria do sistema prisional do Estado do Rio Grande do Norte, havendo, inclusive, prov\u00e1vel correla\u00e7\u00e3o dos il\u00edcitos com o tema das contrata\u00e7\u00f5es p\u00fablicas, diante de ind\u00edcios de que os alimentos destinados aos apenados s\u00e3o entregues em condi\u00e7\u00f5es impr\u00f3prias para o consumo&#8221;, citou a decis\u00e3o.<br \/>\nNeste ano, o Minist\u00e9rio P\u00fablico do Rio Grande do Norte pediu o afastamento do secret\u00e1rio Helton Edi Xavier das fun\u00e7\u00f5es na Seap pelas condi\u00e7\u00f5es de higiene, de alimenta\u00e7\u00e3o e sanit\u00e1rias nos pres\u00eddios do estado.<br \/>\nApura\u00e7\u00e3o<br \/>\nO TCE explicou que ser\u00e3o apurados os atos de tr\u00eas fiscais do contrato, do ent\u00e3o secret\u00e1rio da Seap, Pedro Flor\u00eancio Filho, e de oito prefeitos que n\u00e3o responderam \u00e0s dilig\u00eancias do Tribunal. O processo ser\u00e1 encaminhado ao Minist\u00e9rio P\u00fablico Estadual para as provid\u00eancias cab\u00edveis.<br \/>\nDurante o levantamento, o TCE notificou diversos munic\u00edpios para informar preju\u00edzos e medidas adotadas. Os que n\u00e3o responderam foram: S\u00e3o Miguel do Gostoso, Boa Sa\u00fade, Campo Redondo, Lajes Pintadas, Macau, Montanhas, Maca\u00edba e N\u00edsia Floresta.<br \/>\nCNJ encontra situa\u00e7\u00f5es degradantes em pres\u00eddios de Goi\u00e1s, Rio Grande do Norte e Pernambuco<br \/>\nV\u00eddeos mais assistidos do g1 RN<\/p>","protected":false},"excerpt":{"rendered":"<p>Complexo Penitenci\u00e1rio de Alca\u00e7uz, em N\u00edsia Floresta S\u00e9rgio Henrique Santos\/Inter TV Cabugi O Tribunal de Contas do Estado (TCE-RN) determinou a abertura de processos para apurar responsabilidades por irregularidades no &#8230;<\/p>\n","protected":false},"author":0,"featured_media":13821,"parent":0,"menu_order":0,"comment_status":"closed","ping_status":"closed","template":"","meta":{"footnotes":""},"class_list":["post-13820","page","type-page","status-publish","has-post-thumbnail","hentry"],"yoast_head":"<!-- This site is optimized with the Yoast SEO plugin v27.1.1 - https:\/\/yoast.com\/product\/yoast-seo-wordpress\/ -->\n<title>TCE apura irregularidades em contrato de R$ 31 milh\u00f5es para fornecimento de refei\u00e7\u00f5es em pres\u00eddios do RN - Taveira Jr<\/title>\n<meta name=\"robots\" content=\"index, follow, max-snippet:-1, max-image-preview:large, max-video-preview:-1\" \/>\n<link rel=\"canonical\" href=\"https:\/\/deputadotaveirajr.com.br\/index.php\/tce-apura-irregularidades-em-contrato-de-r-31-milhoes-para-fornecimento-de-refeicoes-em-presidios-do-rn\/\" \/>\n<meta property=\"og:locale\" content=\"pt_BR\" \/>\n<meta property=\"og:type\" content=\"article\" \/>\n<meta property=\"og:title\" content=\"TCE apura irregularidades em contrato de R$ 31 milh\u00f5es para fornecimento de refei\u00e7\u00f5es em pres\u00eddios do RN - Taveira Jr\" \/>\n<meta property=\"og:description\" content=\"Complexo Penitenci\u00e1rio de Alca\u00e7uz, em N\u00edsia Floresta S\u00e9rgio Henrique Santos\/Inter TV Cabugi O Tribunal de Contas do Estado (TCE-RN) determinou a abertura de processos para apurar responsabilidades por irregularidades no ...\" \/>\n<meta property=\"og:url\" content=\"https:\/\/deputadotaveirajr.com.br\/index.php\/tce-apura-irregularidades-em-contrato-de-r-31-milhoes-para-fornecimento-de-refeicoes-em-presidios-do-rn\/\" \/>\n<meta property=\"og:site_name\" content=\"Taveira Jr\" \/>\n<meta property=\"og:image\" content=\"https:\/\/s2-g1.glbimg.com\/mILzgJZ1vlQW9fbJsXeQEeAp-qI=\/i.s3.glbimg.com\/v1\/AUTH_59edd422c0c84a879bd37670ae4f538a\/internal_photos\/bs\/2024\/a\/1\/su7vNRQAKs1viCVlnVLg\/whatsapp-image-2024-11-08-at-11.49.33.jpeg\" \/>\n<meta name=\"twitter:card\" content=\"summary_large_image\" \/>\n<meta name=\"twitter:label1\" content=\"Est. tempo de leitura\" \/>\n\t<meta name=\"twitter:data1\" content=\"3 minutos\" \/>\n<script type=\"application\/ld+json\" class=\"yoast-schema-graph\">{\"@context\":\"https:\/\/schema.org\",\"@graph\":[{\"@type\":\"WebPage\",\"@id\":\"https:\/\/deputadotaveirajr.com.br\/index.php\/tce-apura-irregularidades-em-contrato-de-r-31-milhoes-para-fornecimento-de-refeicoes-em-presidios-do-rn\/\",\"url\":\"https:\/\/deputadotaveirajr.com.br\/index.php\/tce-apura-irregularidades-em-contrato-de-r-31-milhoes-para-fornecimento-de-refeicoes-em-presidios-do-rn\/\",\"name\":\"TCE apura irregularidades em contrato de R$ 31 milh\u00f5es para fornecimento de refei\u00e7\u00f5es em pres\u00eddios do RN - Taveira Jr\",\"isPartOf\":{\"@id\":\"https:\/\/deputadotaveirajr.com.br\/#website\"},\"primaryImageOfPage\":{\"@id\":\"https:\/\/deputadotaveirajr.com.br\/index.php\/tce-apura-irregularidades-em-contrato-de-r-31-milhoes-para-fornecimento-de-refeicoes-em-presidios-do-rn\/#primaryimage\"},\"image\":{\"@id\":\"https:\/\/deputadotaveirajr.com.br\/index.php\/tce-apura-irregularidades-em-contrato-de-r-31-milhoes-para-fornecimento-de-refeicoes-em-presidios-do-rn\/#primaryimage\"},\"thumbnailUrl\":\"https:\/\/deputadotaveirajr.com.br\/wp-content\/uploads\/2025\/08\/whatsapp-image-2024-11-08-at-11.49.33-yje55L-scaled.jpg\",\"datePublished\":\"2025-08-11T21:47:38+00:00\",\"breadcrumb\":{\"@id\":\"https:\/\/deputadotaveirajr.com.br\/index.php\/tce-apura-irregularidades-em-contrato-de-r-31-milhoes-para-fornecimento-de-refeicoes-em-presidios-do-rn\/#breadcrumb\"},\"inLanguage\":\"pt-BR\",\"potentialAction\":[{\"@type\":\"ReadAction\",\"target\":[\"https:\/\/deputadotaveirajr.com.br\/index.php\/tce-apura-irregularidades-em-contrato-de-r-31-milhoes-para-fornecimento-de-refeicoes-em-presidios-do-rn\/\"]}]},{\"@type\":\"ImageObject\",\"inLanguage\":\"pt-BR\",\"@id\":\"https:\/\/deputadotaveirajr.com.br\/index.php\/tce-apura-irregularidades-em-contrato-de-r-31-milhoes-para-fornecimento-de-refeicoes-em-presidios-do-rn\/#primaryimage\",\"url\":\"https:\/\/deputadotaveirajr.com.br\/wp-content\/uploads\/2025\/08\/whatsapp-image-2024-11-08-at-11.49.33-yje55L-scaled.jpg\",\"contentUrl\":\"https:\/\/deputadotaveirajr.com.br\/wp-content\/uploads\/2025\/08\/whatsapp-image-2024-11-08-at-11.49.33-yje55L-scaled.jpg\",\"width\":2560,\"height\":1920},{\"@type\":\"BreadcrumbList\",\"@id\":\"https:\/\/deputadotaveirajr.com.br\/index.php\/tce-apura-irregularidades-em-contrato-de-r-31-milhoes-para-fornecimento-de-refeicoes-em-presidios-do-rn\/#breadcrumb\",\"itemListElement\":[{\"@type\":\"ListItem\",\"position\":1,\"name\":\"In\u00edcio\",\"item\":\"https:\/\/deputadotaveirajr.com.br\/\"},{\"@type\":\"ListItem\",\"position\":2,\"name\":\"TCE apura irregularidades em contrato de R$ 31 milh\u00f5es para fornecimento de refei\u00e7\u00f5es em pres\u00eddios do RN\"}]},{\"@type\":\"WebSite\",\"@id\":\"https:\/\/deputadotaveirajr.com.br\/#website\",\"url\":\"https:\/\/deputadotaveirajr.com.br\/\",\"name\":\"Taveira Jr\",\"description\":\"Deputado Estadual\",\"publisher\":{\"@id\":\"https:\/\/deputadotaveirajr.com.br\/#organization\"},\"potentialAction\":[{\"@type\":\"SearchAction\",\"target\":{\"@type\":\"EntryPoint\",\"urlTemplate\":\"https:\/\/deputadotaveirajr.com.br\/?s={search_term_string}\"},\"query-input\":{\"@type\":\"PropertyValueSpecification\",\"valueRequired\":true,\"valueName\":\"search_term_string\"}}],\"inLanguage\":\"pt-BR\"},{\"@type\":\"Organization\",\"@id\":\"https:\/\/deputadotaveirajr.com.br\/#organization\",\"name\":\"Taveira Jr\",\"url\":\"https:\/\/deputadotaveirajr.com.br\/\",\"logo\":{\"@type\":\"ImageObject\",\"inLanguage\":\"pt-BR\",\"@id\":\"https:\/\/deputadotaveirajr.com.br\/#\/schema\/logo\/image\/\",\"url\":\"https:\/\/deputadotaveirajr.com.br\/wp-content\/uploads\/2026\/01\/logolow2a.png\",\"contentUrl\":\"https:\/\/deputadotaveirajr.com.br\/wp-content\/uploads\/2026\/01\/logolow2a.png\",\"width\":290,\"height\":80,\"caption\":\"Taveira Jr\"},\"image\":{\"@id\":\"https:\/\/deputadotaveirajr.com.br\/#\/schema\/logo\/image\/\"}}]}<\/script>\n<!-- \/ Yoast SEO plugin. -->","yoast_head_json":{"title":"TCE apura irregularidades em contrato de R$ 31 milh\u00f5es para fornecimento de refei\u00e7\u00f5es em pres\u00eddios do RN - Taveira Jr","robots":{"index":"index","follow":"follow","max-snippet":"max-snippet:-1","max-image-preview":"max-image-preview:large","max-video-preview":"max-video-preview:-1"},"canonical":"https:\/\/deputadotaveirajr.com.br\/index.php\/tce-apura-irregularidades-em-contrato-de-r-31-milhoes-para-fornecimento-de-refeicoes-em-presidios-do-rn\/","og_locale":"pt_BR","og_type":"article","og_title":"TCE apura irregularidades em contrato de R$ 31 milh\u00f5es para fornecimento de refei\u00e7\u00f5es em pres\u00eddios do RN - Taveira Jr","og_description":"Complexo Penitenci\u00e1rio de Alca\u00e7uz, em N\u00edsia Floresta S\u00e9rgio Henrique Santos\/Inter TV Cabugi O Tribunal de Contas do Estado (TCE-RN) determinou a abertura de processos para apurar responsabilidades por irregularidades no ...","og_url":"https:\/\/deputadotaveirajr.com.br\/index.php\/tce-apura-irregularidades-em-contrato-de-r-31-milhoes-para-fornecimento-de-refeicoes-em-presidios-do-rn\/","og_site_name":"Taveira Jr","og_image":[{"url":"https:\/\/s2-g1.glbimg.com\/mILzgJZ1vlQW9fbJsXeQEeAp-qI=\/i.s3.glbimg.com\/v1\/AUTH_59edd422c0c84a879bd37670ae4f538a\/internal_photos\/bs\/2024\/a\/1\/su7vNRQAKs1viCVlnVLg\/whatsapp-image-2024-11-08-at-11.49.33.jpeg","type":"","width":"","height":""}],"twitter_card":"summary_large_image","twitter_misc":{"Est. tempo de leitura":"3 minutos"},"schema":{"@context":"https:\/\/schema.org","@graph":[{"@type":"WebPage","@id":"https:\/\/deputadotaveirajr.com.br\/index.php\/tce-apura-irregularidades-em-contrato-de-r-31-milhoes-para-fornecimento-de-refeicoes-em-presidios-do-rn\/","url":"https:\/\/deputadotaveirajr.com.br\/index.php\/tce-apura-irregularidades-em-contrato-de-r-31-milhoes-para-fornecimento-de-refeicoes-em-presidios-do-rn\/","name":"TCE apura irregularidades em contrato de R$ 31 milh\u00f5es para fornecimento de refei\u00e7\u00f5es em pres\u00eddios do RN - Taveira Jr","isPartOf":{"@id":"https:\/\/deputadotaveirajr.com.br\/#website"},"primaryImageOfPage":{"@id":"https:\/\/deputadotaveirajr.com.br\/index.php\/tce-apura-irregularidades-em-contrato-de-r-31-milhoes-para-fornecimento-de-refeicoes-em-presidios-do-rn\/#primaryimage"},"image":{"@id":"https:\/\/deputadotaveirajr.com.br\/index.php\/tce-apura-irregularidades-em-contrato-de-r-31-milhoes-para-fornecimento-de-refeicoes-em-presidios-do-rn\/#primaryimage"},"thumbnailUrl":"https:\/\/deputadotaveirajr.com.br\/wp-content\/uploads\/2025\/08\/whatsapp-image-2024-11-08-at-11.49.33-yje55L-scaled.jpg","datePublished":"2025-08-11T21:47:38+00:00","breadcrumb":{"@id":"https:\/\/deputadotaveirajr.com.br\/index.php\/tce-apura-irregularidades-em-contrato-de-r-31-milhoes-para-fornecimento-de-refeicoes-em-presidios-do-rn\/#breadcrumb"},"inLanguage":"pt-BR","potentialAction":[{"@type":"ReadAction","target":["https:\/\/deputadotaveirajr.com.br\/index.php\/tce-apura-irregularidades-em-contrato-de-r-31-milhoes-para-fornecimento-de-refeicoes-em-presidios-do-rn\/"]}]},{"@type":"ImageObject","inLanguage":"pt-BR","@id":"https:\/\/deputadotaveirajr.com.br\/index.php\/tce-apura-irregularidades-em-contrato-de-r-31-milhoes-para-fornecimento-de-refeicoes-em-presidios-do-rn\/#primaryimage","url":"https:\/\/deputadotaveirajr.com.br\/wp-content\/uploads\/2025\/08\/whatsapp-image-2024-11-08-at-11.49.33-yje55L-scaled.jpg","contentUrl":"https:\/\/deputadotaveirajr.com.br\/wp-content\/uploads\/2025\/08\/whatsapp-image-2024-11-08-at-11.49.33-yje55L-scaled.jpg","width":2560,"height":1920},{"@type":"BreadcrumbList","@id":"https:\/\/deputadotaveirajr.com.br\/index.php\/tce-apura-irregularidades-em-contrato-de-r-31-milhoes-para-fornecimento-de-refeicoes-em-presidios-do-rn\/#breadcrumb","itemListElement":[{"@type":"ListItem","position":1,"name":"In\u00edcio","item":"https:\/\/deputadotaveirajr.com.br\/"},{"@type":"ListItem","position":2,"name":"TCE apura irregularidades em contrato de R$ 31 milh\u00f5es para fornecimento de refei\u00e7\u00f5es em pres\u00eddios do RN"}]},{"@type":"WebSite","@id":"https:\/\/deputadotaveirajr.com.br\/#website","url":"https:\/\/deputadotaveirajr.com.br\/","name":"Taveira Jr","description":"Deputado Estadual","publisher":{"@id":"https:\/\/deputadotaveirajr.com.br\/#organization"},"potentialAction":[{"@type":"SearchAction","target":{"@type":"EntryPoint","urlTemplate":"https:\/\/deputadotaveirajr.com.br\/?s={search_term_string}"},"query-input":{"@type":"PropertyValueSpecification","valueRequired":true,"valueName":"search_term_string"}}],"inLanguage":"pt-BR"},{"@type":"Organization","@id":"https:\/\/deputadotaveirajr.com.br\/#organization","name":"Taveira Jr","url":"https:\/\/deputadotaveirajr.com.br\/","logo":{"@type":"ImageObject","inLanguage":"pt-BR","@id":"https:\/\/deputadotaveirajr.com.br\/#\/schema\/logo\/image\/","url":"https:\/\/deputadotaveirajr.com.br\/wp-content\/uploads\/2026\/01\/logolow2a.png","contentUrl":"https:\/\/deputadotaveirajr.com.br\/wp-content\/uploads\/2026\/01\/logolow2a.png","width":290,"height":80,"caption":"Taveira Jr"},"image":{"@id":"https:\/\/deputadotaveirajr.com.br\/#\/schema\/logo\/image\/"}}]}},"_links":{"self":[{"href":"https:\/\/deputadotaveirajr.com.br\/index.php\/wp-json\/wp\/v2\/pages\/13820","targetHints":{"allow":["GET"]}}],"collection":[{"href":"https:\/\/deputadotaveirajr.com.br\/index.php\/wp-json\/wp\/v2\/pages"}],"about":[{"href":"https:\/\/deputadotaveirajr.com.br\/index.php\/wp-json\/wp\/v2\/types\/page"}],"replies":[{"embeddable":true,"href":"https:\/\/deputadotaveirajr.com.br\/index.php\/wp-json\/wp\/v2\/comments?post=13820"}],"version-history":[{"count":0,"href":"https:\/\/deputadotaveirajr.com.br\/index.php\/wp-json\/wp\/v2\/pages\/13820\/revisions"}],"wp:featuredmedia":[{"embeddable":true,"href":"https:\/\/deputadotaveirajr.com.br\/index.php\/wp-json\/wp\/v2\/media\/13821"}],"wp:attachment":[{"href":"https:\/\/deputadotaveirajr.com.br\/index.php\/wp-json\/wp\/v2\/media?parent=13820"}],"curies":[{"name":"wp","href":"https:\/\/api.w.org\/{rel}","templated":true}]}}