{"id":13828,"date":"2025-08-11T11:12:21","date_gmt":"2025-08-11T14:12:21","guid":{"rendered":"https:\/\/deputadotaveirajr.com.br\/index.php\/incendio-atinge-residencia-historica-do-barao-de-ceara-mirim\/"},"modified":"2025-08-11T11:12:21","modified_gmt":"2025-08-11T14:12:21","slug":"incendio-atinge-residencia-historica-do-barao-de-ceara-mirim","status":"publish","type":"page","link":"https:\/\/deputadotaveirajr.com.br\/index.php\/incendio-atinge-residencia-historica-do-barao-de-ceara-mirim\/","title":{"rendered":"Inc\u00eandio atinge resid\u00eancia hist\u00f3rica do Bar\u00e3o de Cear\u00e1-Mirim"},"content":{"rendered":"<p><img decoding=\"async\" src=\"https:\/\/s2-g1.glbimg.com\/rV7zCVbVtfdzKx27KPphWX-9N70=\/i.s3.glbimg.com\/v1\/AUTH_59edd422c0c84a879bd37670ae4f538a\/internal_photos\/bs\/2025\/Z\/C\/X4RqxjQaOfr4GpybaREg\/whatsapp-image-2025-08-11-at-09.57.20.jpeg\" \/><br \/>     Inc\u00eandio atinge resid\u00eancia hist\u00f3rica do Bar\u00e3o de Cear\u00e1-Mirim<br \/>\nReprodu\u00e7\u00e3o\/CBMRN<br \/>\nUm inc\u00eandio atingiu na manh\u00e3 desta segunda-feira (11) a Resid\u00eancia do Bar\u00e3o de Cear\u00e1-Mirim, pr\u00e9dio hist\u00f3rico do s\u00e9culo XIX localizado na cidade de Cear\u00e1-Mirim, regi\u00e3o metropolitana de Natal.<br \/>\nO Corpo de Bombeiros Militar do Rio Grande do Norte (CBMRN) foi acionado para o combate \u00e0s chamas, que atingiam parte da estrutura interna do im\u00f3vel. Os militares controlaram o fogo, evitando que as chamas se alastrassem e comprometessem toda a edifica\u00e7\u00e3o.<br \/>\n\ud83d\udcf3 Clique aqui para seguir o canal do g1 RN no WhatsApp<br \/>\nN\u00e3o houve registro de v\u00edtimas. A causa do inc\u00eandio ainda est\u00e1 sob investiga\u00e7\u00e3o pelas autoridades competentes.<br \/>\nLEIA TAMB\u00c9M<br \/>\nPatrim\u00f4nio do Rio Grande do Norte, Casa-grande do engenho Guapor\u00e9 est\u00e1 abandonada<br \/>\nA Resid\u00eancia do Bar\u00e3o de Cear\u00e1-Mirim \u00e9 um marco arquitet\u00f4nico do s\u00e9culo XIX, ligado \u00e0 hist\u00f3ria econ\u00f4mica e social da regi\u00e3o, especialmente \u00e0 produ\u00e7\u00e3o a\u00e7ucareira que marcou o desenvolvimento local.<br \/>\nInc\u00eandio atinge resid\u00eancia hist\u00f3rica do Bar\u00e3o de Cear\u00e1-Mirim;<br \/>\nReprodu\u00e7\u00e3o\/CBMRN<br \/>\nVeja os v\u00eddeos mais assistidos do g1 RN<\/p>","protected":false},"excerpt":{"rendered":"<p>Inc\u00eandio atinge resid\u00eancia hist\u00f3rica do Bar\u00e3o de Cear\u00e1-Mirim Reprodu\u00e7\u00e3o\/CBMRN Um inc\u00eandio atingiu na manh\u00e3 desta segunda-feira (11) a Resid\u00eancia do Bar\u00e3o de Cear\u00e1-Mirim, pr\u00e9dio hist\u00f3rico do s\u00e9culo XIX localizado na &#8230;<\/p>\n","protected":false},"author":0,"featured_media":13829,"parent":0,"menu_order":0,"comment_status":"closed","ping_status":"closed","template":"","meta":{"footnotes":""},"class_list":["post-13828","page","type-page","status-publish","has-post-thumbnail","hentry"],"yoast_head":"<!-- This site is optimized with the Yoast SEO plugin v27.1.1 - https:\/\/yoast.com\/product\/yoast-seo-wordpress\/ -->\n<title>Inc\u00eandio atinge resid\u00eancia hist\u00f3rica do Bar\u00e3o de Cear\u00e1-Mirim - Taveira Jr<\/title>\n<meta name=\"robots\" content=\"index, follow, max-snippet:-1, max-image-preview:large, max-video-preview:-1\" \/>\n<link rel=\"canonical\" href=\"https:\/\/deputadotaveirajr.com.br\/index.php\/incendio-atinge-residencia-historica-do-barao-de-ceara-mirim\/\" \/>\n<meta property=\"og:locale\" content=\"pt_BR\" \/>\n<meta property=\"og:type\" content=\"article\" \/>\n<meta property=\"og:title\" content=\"Inc\u00eandio atinge resid\u00eancia hist\u00f3rica do Bar\u00e3o de Cear\u00e1-Mirim - Taveira Jr\" \/>\n<meta property=\"og:description\" content=\"Inc\u00eandio atinge resid\u00eancia hist\u00f3rica do Bar\u00e3o de Cear\u00e1-Mirim Reprodu\u00e7\u00e3o\/CBMRN Um inc\u00eandio atingiu na manh\u00e3 desta segunda-feira (11) a Resid\u00eancia do Bar\u00e3o de Cear\u00e1-Mirim, pr\u00e9dio hist\u00f3rico do s\u00e9culo XIX localizado na ...\" \/>\n<meta property=\"og:url\" content=\"https:\/\/deputadotaveirajr.com.br\/index.php\/incendio-atinge-residencia-historica-do-barao-de-ceara-mirim\/\" \/>\n<meta property=\"og:site_name\" content=\"Taveira Jr\" \/>\n<meta property=\"og:image\" content=\"https:\/\/s2-g1.glbimg.com\/rV7zCVbVtfdzKx27KPphWX-9N70=\/i.s3.glbimg.com\/v1\/AUTH_59edd422c0c84a879bd37670ae4f538a\/internal_photos\/bs\/2025\/Z\/C\/X4RqxjQaOfr4GpybaREg\/whatsapp-image-2025-08-11-at-09.57.20.jpeg\" \/>\n<meta name=\"twitter:card\" content=\"summary_large_image\" \/>\n<meta name=\"twitter:label1\" content=\"Est. tempo de leitura\" \/>\n\t<meta name=\"twitter:data1\" content=\"1 minuto\" \/>\n<script type=\"application\/ld+json\" class=\"yoast-schema-graph\">{\"@context\":\"https:\/\/schema.org\",\"@graph\":[{\"@type\":\"WebPage\",\"@id\":\"https:\/\/deputadotaveirajr.com.br\/index.php\/incendio-atinge-residencia-historica-do-barao-de-ceara-mirim\/\",\"url\":\"https:\/\/deputadotaveirajr.com.br\/index.php\/incendio-atinge-residencia-historica-do-barao-de-ceara-mirim\/\",\"name\":\"Inc\u00eandio atinge resid\u00eancia hist\u00f3rica do Bar\u00e3o de Cear\u00e1-Mirim - Taveira Jr\",\"isPartOf\":{\"@id\":\"https:\/\/deputadotaveirajr.com.br\/#website\"},\"primaryImageOfPage\":{\"@id\":\"https:\/\/deputadotaveirajr.com.br\/index.php\/incendio-atinge-residencia-historica-do-barao-de-ceara-mirim\/#primaryimage\"},\"image\":{\"@id\":\"https:\/\/deputadotaveirajr.com.br\/index.php\/incendio-atinge-residencia-historica-do-barao-de-ceara-mirim\/#primaryimage\"},\"thumbnailUrl\":\"https:\/\/deputadotaveirajr.com.br\/wp-content\/uploads\/2025\/08\/whatsapp-image-2025-08-11-at-09.57.20-ANaS0k.jpg\",\"datePublished\":\"2025-08-11T14:12:21+00:00\",\"breadcrumb\":{\"@id\":\"https:\/\/deputadotaveirajr.com.br\/index.php\/incendio-atinge-residencia-historica-do-barao-de-ceara-mirim\/#breadcrumb\"},\"inLanguage\":\"pt-BR\",\"potentialAction\":[{\"@type\":\"ReadAction\",\"target\":[\"https:\/\/deputadotaveirajr.com.br\/index.php\/incendio-atinge-residencia-historica-do-barao-de-ceara-mirim\/\"]}]},{\"@type\":\"ImageObject\",\"inLanguage\":\"pt-BR\",\"@id\":\"https:\/\/deputadotaveirajr.com.br\/index.php\/incendio-atinge-residencia-historica-do-barao-de-ceara-mirim\/#primaryimage\",\"url\":\"https:\/\/deputadotaveirajr.com.br\/wp-content\/uploads\/2025\/08\/whatsapp-image-2025-08-11-at-09.57.20-ANaS0k.jpg\",\"contentUrl\":\"https:\/\/deputadotaveirajr.com.br\/wp-content\/uploads\/2025\/08\/whatsapp-image-2025-08-11-at-09.57.20-ANaS0k.jpg\",\"width\":1200,\"height\":1600},{\"@type\":\"BreadcrumbList\",\"@id\":\"https:\/\/deputadotaveirajr.com.br\/index.php\/incendio-atinge-residencia-historica-do-barao-de-ceara-mirim\/#breadcrumb\",\"itemListElement\":[{\"@type\":\"ListItem\",\"position\":1,\"name\":\"In\u00edcio\",\"item\":\"https:\/\/deputadotaveirajr.com.br\/\"},{\"@type\":\"ListItem\",\"position\":2,\"name\":\"Inc\u00eandio atinge resid\u00eancia hist\u00f3rica do Bar\u00e3o de Cear\u00e1-Mirim\"}]},{\"@type\":\"WebSite\",\"@id\":\"https:\/\/deputadotaveirajr.com.br\/#website\",\"url\":\"https:\/\/deputadotaveirajr.com.br\/\",\"name\":\"Taveira Jr\",\"description\":\"Deputado Estadual\",\"publisher\":{\"@id\":\"https:\/\/deputadotaveirajr.com.br\/#organization\"},\"potentialAction\":[{\"@type\":\"SearchAction\",\"target\":{\"@type\":\"EntryPoint\",\"urlTemplate\":\"https:\/\/deputadotaveirajr.com.br\/?s={search_term_string}\"},\"query-input\":{\"@type\":\"PropertyValueSpecification\",\"valueRequired\":true,\"valueName\":\"search_term_string\"}}],\"inLanguage\":\"pt-BR\"},{\"@type\":\"Organization\",\"@id\":\"https:\/\/deputadotaveirajr.com.br\/#organization\",\"name\":\"Taveira Jr\",\"url\":\"https:\/\/deputadotaveirajr.com.br\/\",\"logo\":{\"@type\":\"ImageObject\",\"inLanguage\":\"pt-BR\",\"@id\":\"https:\/\/deputadotaveirajr.com.br\/#\/schema\/logo\/image\/\",\"url\":\"https:\/\/deputadotaveirajr.com.br\/wp-content\/uploads\/2026\/01\/logolow2a.png\",\"contentUrl\":\"https:\/\/deputadotaveirajr.com.br\/wp-content\/uploads\/2026\/01\/logolow2a.png\",\"width\":290,\"height\":80,\"caption\":\"Taveira Jr\"},\"image\":{\"@id\":\"https:\/\/deputadotaveirajr.com.br\/#\/schema\/logo\/image\/\"}}]}<\/script>\n<!-- \/ Yoast SEO plugin. -->","yoast_head_json":{"title":"Inc\u00eandio atinge resid\u00eancia hist\u00f3rica do Bar\u00e3o de Cear\u00e1-Mirim - Taveira Jr","robots":{"index":"index","follow":"follow","max-snippet":"max-snippet:-1","max-image-preview":"max-image-preview:large","max-video-preview":"max-video-preview:-1"},"canonical":"https:\/\/deputadotaveirajr.com.br\/index.php\/incendio-atinge-residencia-historica-do-barao-de-ceara-mirim\/","og_locale":"pt_BR","og_type":"article","og_title":"Inc\u00eandio atinge resid\u00eancia hist\u00f3rica do Bar\u00e3o de Cear\u00e1-Mirim - Taveira Jr","og_description":"Inc\u00eandio atinge resid\u00eancia hist\u00f3rica do Bar\u00e3o de Cear\u00e1-Mirim Reprodu\u00e7\u00e3o\/CBMRN Um inc\u00eandio atingiu na manh\u00e3 desta segunda-feira (11) a Resid\u00eancia do Bar\u00e3o de Cear\u00e1-Mirim, pr\u00e9dio hist\u00f3rico do s\u00e9culo XIX localizado na ...","og_url":"https:\/\/deputadotaveirajr.com.br\/index.php\/incendio-atinge-residencia-historica-do-barao-de-ceara-mirim\/","og_site_name":"Taveira Jr","og_image":[{"url":"https:\/\/s2-g1.glbimg.com\/rV7zCVbVtfdzKx27KPphWX-9N70=\/i.s3.glbimg.com\/v1\/AUTH_59edd422c0c84a879bd37670ae4f538a\/internal_photos\/bs\/2025\/Z\/C\/X4RqxjQaOfr4GpybaREg\/whatsapp-image-2025-08-11-at-09.57.20.jpeg","type":"","width":"","height":""}],"twitter_card":"summary_large_image","twitter_misc":{"Est. tempo de leitura":"1 minuto"},"schema":{"@context":"https:\/\/schema.org","@graph":[{"@type":"WebPage","@id":"https:\/\/deputadotaveirajr.com.br\/index.php\/incendio-atinge-residencia-historica-do-barao-de-ceara-mirim\/","url":"https:\/\/deputadotaveirajr.com.br\/index.php\/incendio-atinge-residencia-historica-do-barao-de-ceara-mirim\/","name":"Inc\u00eandio atinge resid\u00eancia hist\u00f3rica do Bar\u00e3o de Cear\u00e1-Mirim - Taveira Jr","isPartOf":{"@id":"https:\/\/deputadotaveirajr.com.br\/#website"},"primaryImageOfPage":{"@id":"https:\/\/deputadotaveirajr.com.br\/index.php\/incendio-atinge-residencia-historica-do-barao-de-ceara-mirim\/#primaryimage"},"image":{"@id":"https:\/\/deputadotaveirajr.com.br\/index.php\/incendio-atinge-residencia-historica-do-barao-de-ceara-mirim\/#primaryimage"},"thumbnailUrl":"https:\/\/deputadotaveirajr.com.br\/wp-content\/uploads\/2025\/08\/whatsapp-image-2025-08-11-at-09.57.20-ANaS0k.jpg","datePublished":"2025-08-11T14:12:21+00:00","breadcrumb":{"@id":"https:\/\/deputadotaveirajr.com.br\/index.php\/incendio-atinge-residencia-historica-do-barao-de-ceara-mirim\/#breadcrumb"},"inLanguage":"pt-BR","potentialAction":[{"@type":"ReadAction","target":["https:\/\/deputadotaveirajr.com.br\/index.php\/incendio-atinge-residencia-historica-do-barao-de-ceara-mirim\/"]}]},{"@type":"ImageObject","inLanguage":"pt-BR","@id":"https:\/\/deputadotaveirajr.com.br\/index.php\/incendio-atinge-residencia-historica-do-barao-de-ceara-mirim\/#primaryimage","url":"https:\/\/deputadotaveirajr.com.br\/wp-content\/uploads\/2025\/08\/whatsapp-image-2025-08-11-at-09.57.20-ANaS0k.jpg","contentUrl":"https:\/\/deputadotaveirajr.com.br\/wp-content\/uploads\/2025\/08\/whatsapp-image-2025-08-11-at-09.57.20-ANaS0k.jpg","width":1200,"height":1600},{"@type":"BreadcrumbList","@id":"https:\/\/deputadotaveirajr.com.br\/index.php\/incendio-atinge-residencia-historica-do-barao-de-ceara-mirim\/#breadcrumb","itemListElement":[{"@type":"ListItem","position":1,"name":"In\u00edcio","item":"https:\/\/deputadotaveirajr.com.br\/"},{"@type":"ListItem","position":2,"name":"Inc\u00eandio atinge resid\u00eancia hist\u00f3rica do Bar\u00e3o de Cear\u00e1-Mirim"}]},{"@type":"WebSite","@id":"https:\/\/deputadotaveirajr.com.br\/#website","url":"https:\/\/deputadotaveirajr.com.br\/","name":"Taveira Jr","description":"Deputado Estadual","publisher":{"@id":"https:\/\/deputadotaveirajr.com.br\/#organization"},"potentialAction":[{"@type":"SearchAction","target":{"@type":"EntryPoint","urlTemplate":"https:\/\/deputadotaveirajr.com.br\/?s={search_term_string}"},"query-input":{"@type":"PropertyValueSpecification","valueRequired":true,"valueName":"search_term_string"}}],"inLanguage":"pt-BR"},{"@type":"Organization","@id":"https:\/\/deputadotaveirajr.com.br\/#organization","name":"Taveira Jr","url":"https:\/\/deputadotaveirajr.com.br\/","logo":{"@type":"ImageObject","inLanguage":"pt-BR","@id":"https:\/\/deputadotaveirajr.com.br\/#\/schema\/logo\/image\/","url":"https:\/\/deputadotaveirajr.com.br\/wp-content\/uploads\/2026\/01\/logolow2a.png","contentUrl":"https:\/\/deputadotaveirajr.com.br\/wp-content\/uploads\/2026\/01\/logolow2a.png","width":290,"height":80,"caption":"Taveira Jr"},"image":{"@id":"https:\/\/deputadotaveirajr.com.br\/#\/schema\/logo\/image\/"}}]}},"_links":{"self":[{"href":"https:\/\/deputadotaveirajr.com.br\/index.php\/wp-json\/wp\/v2\/pages\/13828","targetHints":{"allow":["GET"]}}],"collection":[{"href":"https:\/\/deputadotaveirajr.com.br\/index.php\/wp-json\/wp\/v2\/pages"}],"about":[{"href":"https:\/\/deputadotaveirajr.com.br\/index.php\/wp-json\/wp\/v2\/types\/page"}],"replies":[{"embeddable":true,"href":"https:\/\/deputadotaveirajr.com.br\/index.php\/wp-json\/wp\/v2\/comments?post=13828"}],"version-history":[{"count":0,"href":"https:\/\/deputadotaveirajr.com.br\/index.php\/wp-json\/wp\/v2\/pages\/13828\/revisions"}],"wp:featuredmedia":[{"embeddable":true,"href":"https:\/\/deputadotaveirajr.com.br\/index.php\/wp-json\/wp\/v2\/media\/13829"}],"wp:attachment":[{"href":"https:\/\/deputadotaveirajr.com.br\/index.php\/wp-json\/wp\/v2\/media?parent=13828"}],"curies":[{"name":"wp","href":"https:\/\/api.w.org\/{rel}","templated":true}]}}