{"id":13852,"date":"2025-08-14T11:29:54","date_gmt":"2025-08-14T14:29:54","guid":{"rendered":"https:\/\/deputadotaveirajr.com.br\/index.php\/prefeitura-de-natal-divulga-empresas-selecionadas-para-gerir-upas-tce-pede-suspensao-de-editais\/"},"modified":"2025-08-14T11:29:54","modified_gmt":"2025-08-14T14:29:54","slug":"prefeitura-de-natal-divulga-empresas-selecionadas-para-gerir-upas-tce-pede-suspensao-de-editais","status":"publish","type":"page","link":"https:\/\/deputadotaveirajr.com.br\/index.php\/prefeitura-de-natal-divulga-empresas-selecionadas-para-gerir-upas-tce-pede-suspensao-de-editais\/","title":{"rendered":"Prefeitura de Natal divulga empresas selecionadas para gerir UPAs; TCE pede suspens\u00e3o de editais"},"content":{"rendered":"<p><img decoding=\"async\" src=\"https:\/\/s2-g1.glbimg.com\/Z8jxgjCJ8MhNPj7SHDDvkQp7_XQ=\/i.s3.glbimg.com\/v1\/AUTH_59edd422c0c84a879bd37670ae4f538a\/internal_photos\/bs\/2025\/3\/e\/kNofu8TrWpXAtT6ztBeQ\/whatsapp-image-2025-07-15-at-12.09.59.jpeg\" \/><br \/>     Prefeitura de Natal define organiza\u00e7\u00f5es sociais que v\u00e3o administrar UPAs da capital<br \/>\nA Prefeitura de Natal publicou, nesta quarta-feira (13), no Di\u00e1rio Oficial do Munic\u00edpio, o resultado preliminar dos editais para escolha das Organiza\u00e7\u00f5es Sociais de Sa\u00fade (OSS) que ir\u00e3o administrar as Unidades de Pronto Atendimento (UPAs) Sat\u00e9lite, Esperan\u00e7a, Potengi e Paju\u00e7ara.<br \/>\nO processo integra o plano da gest\u00e3o municipal de transferir a administra\u00e7\u00e3o das unidades para entidades privadas sem fins lucrativos a partir de setembro, em um modelo que a Secretaria Municipal de Sa\u00fade (SMS) chama de co-gest\u00e3o.<br \/>\nParalelamente a divulga\u00e7\u00e3o dos resultados, o Tribunal de Contas do Estado (TCE) emitiu relat\u00f3rio t\u00e9cnico apontando irregularidades no processo e recomendando a suspens\u00e3o dos editais. Veja mais detalhes abaixo.<br \/>\n\ud83d\udcf3 Clique aqui para seguir o canal do g1 RN no WhatsApp<br \/>\nNo resultado, a UPA Sat\u00e9lite teve como vencedora o Instituto de Estudos e Pesquisas Humaniza, com proposta de R$ 2.075.000,00. A UPA Esperan\u00e7a ser\u00e1 gerida pelo Centro de Pesquisa em Doen\u00e7as Hepato Renais do Cear\u00e1, que apresentou R$ 2.700.905,39. J\u00e1 as UPAs Potengi e Paju\u00e7ara ficaram com o Instituto Sa\u00fade e Cidadania (ISAC), ambas com propostas de R$ 2.111.408,07.<br \/>\nLEIA TAMB\u00c9M<br \/>\nNatal lan\u00e7a editais para &#8216;terceirizar&#8217; gest\u00e3o de UPAs; munic\u00edpio vai pagar at\u00e9 R$ 2,9 milh\u00f5es mensais<br \/>\nOutras institui\u00e7\u00f5es foram desclassificadas por n\u00e3o atenderem exig\u00eancias do edital ou n\u00e3o apresentarem proposta de trabalho.<br \/>\nEm coletiva de imprensa, o secret\u00e1rio municipal de Sa\u00fade, Geraldo Pinho, afirmou que a defini\u00e7\u00e3o levou em conta dois crit\u00e9rios: pre\u00e7o e avalia\u00e7\u00e3o t\u00e9cnica.<br \/>\n\u201cFoi feita uma an\u00e1lise dos projetos que nos foram enviados. Cada empresa mandou um projeto individual para cada UPA e a avalia\u00e7\u00e3o foi de dois pontos principais. O primeiro foi o pre\u00e7o, com certo peso, como tamb\u00e9m a avalia\u00e7\u00e3o t\u00e9cnica. N\u00e3o adianta botar um pre\u00e7o muito baixo se n\u00e3o tem capacidade de executar aquele projeto\u201d, disse.<br \/>\nO secret\u00e1rio explicou ainda que o modelo prev\u00ea metas e indicadores que as OSS dever\u00e3o cumprir para receber parte dos repasses.<br \/>\n \u201cO repasse n\u00e3o \u00e9 puro e integral. Tem algumas metas e indicadores: quantidade de atendimento, classifica\u00e7\u00e3o de risco, resolutividade, \u00edndice de satisfa\u00e7\u00e3o do usu\u00e1rio. A gente espera que, de 10 pessoas, 7 avaliem como excelente ou bom, e que 80% das queixas na ouvidoria sejam resolvidas. Se n\u00e3o estiver acontecendo, a gente pode notificar, pedir readequa\u00e7\u00e3o ou at\u00e9 substituir a organiza\u00e7\u00e3o\u201d, explicou.<br \/>\nSegundo a SMS, juntas, as quatro UPAs realizam mais de 40 mil atendimentos por m\u00eas e custam cerca de R$ 10 milh\u00f5es mensais. A expectativa da gest\u00e3o \u00e9 que cada unidade conte com at\u00e9 17 m\u00e9dicos por dia, quase o dobro do quadro atual em algumas delas.<br \/>\nO valor anual dos contratos \u00e9 de R$ 114 milh\u00f5es, com previs\u00e3o de economia de R$ 16 milh\u00f5es em dois anos.<br \/>\nTCE aponta irregularidades<br \/>\nApesar da divulga\u00e7\u00e3o dos resultados por parte da Prefeitura de Natal, o Tribunal de Contas do Estado (TCE) emitiu relat\u00f3rio t\u00e9cnico apontando irregularidades no processo e recomendando a suspens\u00e3o dos editais. Entre as falhas identificadas, est\u00e3o:<br \/>\nAus\u00eancia de estudos detalhados sobre os custos do modelo atual para justificar a mudan\u00e7a;<br \/>\nRegras de repasse sem amparo legal e sem compatibiliza\u00e7\u00e3o com a estrutura de custos;<br \/>\nN\u00e3o inclus\u00e3o de todos os custos necess\u00e1rios para gest\u00e3o plena das UPAs;<br \/>\nExig\u00eancia de inscri\u00e7\u00e3o no Conselho Regional de Administra\u00e7\u00e3o do RN sem previs\u00e3o legal, considerada barreira de participa\u00e7\u00e3o.<br \/>\nO documento afirma que a falta de estudos compromete a legitimidade do modelo e pode gerar contrata\u00e7\u00f5es antiecon\u00f4micas. O TCE prop\u00f4s medida cautelar para suspender os contratos at\u00e9 an\u00e1lise final do caso.<br \/>\nOs contratos com as empresas vencedoras est\u00e3o previstos para serem assinados em 1\u00ba de setembro e a nova gest\u00e3o deve iniciar em 15 de setembro, caso n\u00e3o haja decis\u00e3o judicial contr\u00e1ria.<br \/>\nPol\u00edtica: TCE-RN recomenda suspens\u00e3o de terceiriza\u00e7\u00e3o das UPAs de Natal<br \/>\nUPA Cidade Sat\u00e9lite, em Natal<br \/>\nS\u00e9rgio Henrique Santos\/Inter TV<br \/>\nVeja os v\u00eddeos mais assistidos do g1 RN<br \/>\nm<\/p>","protected":false},"excerpt":{"rendered":"<p>Prefeitura de Natal define organiza\u00e7\u00f5es sociais que v\u00e3o administrar UPAs da capital A Prefeitura de Natal publicou, nesta quarta-feira (13), no Di\u00e1rio Oficial do Munic\u00edpio, o resultado preliminar dos editais &#8230;<\/p>\n","protected":false},"author":0,"featured_media":13853,"parent":0,"menu_order":0,"comment_status":"closed","ping_status":"closed","template":"","meta":{"footnotes":""},"class_list":["post-13852","page","type-page","status-publish","has-post-thumbnail","hentry"],"yoast_head":"<!-- This site is optimized with the Yoast SEO plugin v27.1.1 - https:\/\/yoast.com\/product\/yoast-seo-wordpress\/ -->\n<title>Prefeitura de Natal divulga empresas selecionadas para gerir UPAs; TCE pede suspens\u00e3o de editais - Taveira Jr<\/title>\n<meta name=\"robots\" content=\"index, follow, max-snippet:-1, max-image-preview:large, max-video-preview:-1\" \/>\n<link rel=\"canonical\" href=\"https:\/\/deputadotaveirajr.com.br\/index.php\/prefeitura-de-natal-divulga-empresas-selecionadas-para-gerir-upas-tce-pede-suspensao-de-editais\/\" \/>\n<meta property=\"og:locale\" content=\"pt_BR\" \/>\n<meta property=\"og:type\" content=\"article\" \/>\n<meta property=\"og:title\" content=\"Prefeitura de Natal divulga empresas selecionadas para gerir UPAs; TCE pede suspens\u00e3o de editais - Taveira Jr\" \/>\n<meta property=\"og:description\" content=\"Prefeitura de Natal define organiza\u00e7\u00f5es sociais que v\u00e3o administrar UPAs da capital A Prefeitura de Natal publicou, nesta quarta-feira (13), no Di\u00e1rio Oficial do Munic\u00edpio, o resultado preliminar dos editais ...\" \/>\n<meta property=\"og:url\" content=\"https:\/\/deputadotaveirajr.com.br\/index.php\/prefeitura-de-natal-divulga-empresas-selecionadas-para-gerir-upas-tce-pede-suspensao-de-editais\/\" \/>\n<meta property=\"og:site_name\" content=\"Taveira Jr\" \/>\n<meta property=\"og:image\" content=\"https:\/\/s2-g1.glbimg.com\/Z8jxgjCJ8MhNPj7SHDDvkQp7_XQ=\/i.s3.glbimg.com\/v1\/AUTH_59edd422c0c84a879bd37670ae4f538a\/internal_photos\/bs\/2025\/3\/e\/kNofu8TrWpXAtT6ztBeQ\/whatsapp-image-2025-07-15-at-12.09.59.jpeg\" \/>\n<meta name=\"twitter:card\" content=\"summary_large_image\" \/>\n<meta name=\"twitter:label1\" content=\"Est. tempo de leitura\" \/>\n\t<meta name=\"twitter:data1\" content=\"4 minutos\" \/>\n<script type=\"application\/ld+json\" class=\"yoast-schema-graph\">{\"@context\":\"https:\/\/schema.org\",\"@graph\":[{\"@type\":\"WebPage\",\"@id\":\"https:\/\/deputadotaveirajr.com.br\/index.php\/prefeitura-de-natal-divulga-empresas-selecionadas-para-gerir-upas-tce-pede-suspensao-de-editais\/\",\"url\":\"https:\/\/deputadotaveirajr.com.br\/index.php\/prefeitura-de-natal-divulga-empresas-selecionadas-para-gerir-upas-tce-pede-suspensao-de-editais\/\",\"name\":\"Prefeitura de Natal divulga empresas selecionadas para gerir UPAs; TCE pede suspens\u00e3o de editais - Taveira Jr\",\"isPartOf\":{\"@id\":\"https:\/\/deputadotaveirajr.com.br\/#website\"},\"primaryImageOfPage\":{\"@id\":\"https:\/\/deputadotaveirajr.com.br\/index.php\/prefeitura-de-natal-divulga-empresas-selecionadas-para-gerir-upas-tce-pede-suspensao-de-editais\/#primaryimage\"},\"image\":{\"@id\":\"https:\/\/deputadotaveirajr.com.br\/index.php\/prefeitura-de-natal-divulga-empresas-selecionadas-para-gerir-upas-tce-pede-suspensao-de-editais\/#primaryimage\"},\"thumbnailUrl\":\"https:\/\/deputadotaveirajr.com.br\/wp-content\/uploads\/2025\/08\/whatsapp-image-2025-07-15-at-12.09.59-WWpuln.jpg\",\"datePublished\":\"2025-08-14T14:29:54+00:00\",\"breadcrumb\":{\"@id\":\"https:\/\/deputadotaveirajr.com.br\/index.php\/prefeitura-de-natal-divulga-empresas-selecionadas-para-gerir-upas-tce-pede-suspensao-de-editais\/#breadcrumb\"},\"inLanguage\":\"pt-BR\",\"potentialAction\":[{\"@type\":\"ReadAction\",\"target\":[\"https:\/\/deputadotaveirajr.com.br\/index.php\/prefeitura-de-natal-divulga-empresas-selecionadas-para-gerir-upas-tce-pede-suspensao-de-editais\/\"]}]},{\"@type\":\"ImageObject\",\"inLanguage\":\"pt-BR\",\"@id\":\"https:\/\/deputadotaveirajr.com.br\/index.php\/prefeitura-de-natal-divulga-empresas-selecionadas-para-gerir-upas-tce-pede-suspensao-de-editais\/#primaryimage\",\"url\":\"https:\/\/deputadotaveirajr.com.br\/wp-content\/uploads\/2025\/08\/whatsapp-image-2025-07-15-at-12.09.59-WWpuln.jpg\",\"contentUrl\":\"https:\/\/deputadotaveirajr.com.br\/wp-content\/uploads\/2025\/08\/whatsapp-image-2025-07-15-at-12.09.59-WWpuln.jpg\",\"width\":1600,\"height\":1200},{\"@type\":\"BreadcrumbList\",\"@id\":\"https:\/\/deputadotaveirajr.com.br\/index.php\/prefeitura-de-natal-divulga-empresas-selecionadas-para-gerir-upas-tce-pede-suspensao-de-editais\/#breadcrumb\",\"itemListElement\":[{\"@type\":\"ListItem\",\"position\":1,\"name\":\"In\u00edcio\",\"item\":\"https:\/\/deputadotaveirajr.com.br\/\"},{\"@type\":\"ListItem\",\"position\":2,\"name\":\"Prefeitura de Natal divulga empresas selecionadas para gerir UPAs; TCE pede suspens\u00e3o de editais\"}]},{\"@type\":\"WebSite\",\"@id\":\"https:\/\/deputadotaveirajr.com.br\/#website\",\"url\":\"https:\/\/deputadotaveirajr.com.br\/\",\"name\":\"Taveira Jr\",\"description\":\"Deputado Estadual\",\"publisher\":{\"@id\":\"https:\/\/deputadotaveirajr.com.br\/#organization\"},\"potentialAction\":[{\"@type\":\"SearchAction\",\"target\":{\"@type\":\"EntryPoint\",\"urlTemplate\":\"https:\/\/deputadotaveirajr.com.br\/?s={search_term_string}\"},\"query-input\":{\"@type\":\"PropertyValueSpecification\",\"valueRequired\":true,\"valueName\":\"search_term_string\"}}],\"inLanguage\":\"pt-BR\"},{\"@type\":\"Organization\",\"@id\":\"https:\/\/deputadotaveirajr.com.br\/#organization\",\"name\":\"Taveira Jr\",\"url\":\"https:\/\/deputadotaveirajr.com.br\/\",\"logo\":{\"@type\":\"ImageObject\",\"inLanguage\":\"pt-BR\",\"@id\":\"https:\/\/deputadotaveirajr.com.br\/#\/schema\/logo\/image\/\",\"url\":\"https:\/\/deputadotaveirajr.com.br\/wp-content\/uploads\/2026\/01\/logolow2a.png\",\"contentUrl\":\"https:\/\/deputadotaveirajr.com.br\/wp-content\/uploads\/2026\/01\/logolow2a.png\",\"width\":290,\"height\":80,\"caption\":\"Taveira Jr\"},\"image\":{\"@id\":\"https:\/\/deputadotaveirajr.com.br\/#\/schema\/logo\/image\/\"}}]}<\/script>\n<!-- \/ Yoast SEO plugin. -->","yoast_head_json":{"title":"Prefeitura de Natal divulga empresas selecionadas para gerir UPAs; TCE pede suspens\u00e3o de editais - Taveira Jr","robots":{"index":"index","follow":"follow","max-snippet":"max-snippet:-1","max-image-preview":"max-image-preview:large","max-video-preview":"max-video-preview:-1"},"canonical":"https:\/\/deputadotaveirajr.com.br\/index.php\/prefeitura-de-natal-divulga-empresas-selecionadas-para-gerir-upas-tce-pede-suspensao-de-editais\/","og_locale":"pt_BR","og_type":"article","og_title":"Prefeitura de Natal divulga empresas selecionadas para gerir UPAs; TCE pede suspens\u00e3o de editais - Taveira Jr","og_description":"Prefeitura de Natal define organiza\u00e7\u00f5es sociais que v\u00e3o administrar UPAs da capital A Prefeitura de Natal publicou, nesta quarta-feira (13), no Di\u00e1rio Oficial do Munic\u00edpio, o resultado preliminar dos editais ...","og_url":"https:\/\/deputadotaveirajr.com.br\/index.php\/prefeitura-de-natal-divulga-empresas-selecionadas-para-gerir-upas-tce-pede-suspensao-de-editais\/","og_site_name":"Taveira Jr","og_image":[{"url":"https:\/\/s2-g1.glbimg.com\/Z8jxgjCJ8MhNPj7SHDDvkQp7_XQ=\/i.s3.glbimg.com\/v1\/AUTH_59edd422c0c84a879bd37670ae4f538a\/internal_photos\/bs\/2025\/3\/e\/kNofu8TrWpXAtT6ztBeQ\/whatsapp-image-2025-07-15-at-12.09.59.jpeg","type":"","width":"","height":""}],"twitter_card":"summary_large_image","twitter_misc":{"Est. tempo de leitura":"4 minutos"},"schema":{"@context":"https:\/\/schema.org","@graph":[{"@type":"WebPage","@id":"https:\/\/deputadotaveirajr.com.br\/index.php\/prefeitura-de-natal-divulga-empresas-selecionadas-para-gerir-upas-tce-pede-suspensao-de-editais\/","url":"https:\/\/deputadotaveirajr.com.br\/index.php\/prefeitura-de-natal-divulga-empresas-selecionadas-para-gerir-upas-tce-pede-suspensao-de-editais\/","name":"Prefeitura de Natal divulga empresas selecionadas para gerir UPAs; TCE pede suspens\u00e3o de editais - Taveira Jr","isPartOf":{"@id":"https:\/\/deputadotaveirajr.com.br\/#website"},"primaryImageOfPage":{"@id":"https:\/\/deputadotaveirajr.com.br\/index.php\/prefeitura-de-natal-divulga-empresas-selecionadas-para-gerir-upas-tce-pede-suspensao-de-editais\/#primaryimage"},"image":{"@id":"https:\/\/deputadotaveirajr.com.br\/index.php\/prefeitura-de-natal-divulga-empresas-selecionadas-para-gerir-upas-tce-pede-suspensao-de-editais\/#primaryimage"},"thumbnailUrl":"https:\/\/deputadotaveirajr.com.br\/wp-content\/uploads\/2025\/08\/whatsapp-image-2025-07-15-at-12.09.59-WWpuln.jpg","datePublished":"2025-08-14T14:29:54+00:00","breadcrumb":{"@id":"https:\/\/deputadotaveirajr.com.br\/index.php\/prefeitura-de-natal-divulga-empresas-selecionadas-para-gerir-upas-tce-pede-suspensao-de-editais\/#breadcrumb"},"inLanguage":"pt-BR","potentialAction":[{"@type":"ReadAction","target":["https:\/\/deputadotaveirajr.com.br\/index.php\/prefeitura-de-natal-divulga-empresas-selecionadas-para-gerir-upas-tce-pede-suspensao-de-editais\/"]}]},{"@type":"ImageObject","inLanguage":"pt-BR","@id":"https:\/\/deputadotaveirajr.com.br\/index.php\/prefeitura-de-natal-divulga-empresas-selecionadas-para-gerir-upas-tce-pede-suspensao-de-editais\/#primaryimage","url":"https:\/\/deputadotaveirajr.com.br\/wp-content\/uploads\/2025\/08\/whatsapp-image-2025-07-15-at-12.09.59-WWpuln.jpg","contentUrl":"https:\/\/deputadotaveirajr.com.br\/wp-content\/uploads\/2025\/08\/whatsapp-image-2025-07-15-at-12.09.59-WWpuln.jpg","width":1600,"height":1200},{"@type":"BreadcrumbList","@id":"https:\/\/deputadotaveirajr.com.br\/index.php\/prefeitura-de-natal-divulga-empresas-selecionadas-para-gerir-upas-tce-pede-suspensao-de-editais\/#breadcrumb","itemListElement":[{"@type":"ListItem","position":1,"name":"In\u00edcio","item":"https:\/\/deputadotaveirajr.com.br\/"},{"@type":"ListItem","position":2,"name":"Prefeitura de Natal divulga empresas selecionadas para gerir UPAs; TCE pede suspens\u00e3o de editais"}]},{"@type":"WebSite","@id":"https:\/\/deputadotaveirajr.com.br\/#website","url":"https:\/\/deputadotaveirajr.com.br\/","name":"Taveira Jr","description":"Deputado Estadual","publisher":{"@id":"https:\/\/deputadotaveirajr.com.br\/#organization"},"potentialAction":[{"@type":"SearchAction","target":{"@type":"EntryPoint","urlTemplate":"https:\/\/deputadotaveirajr.com.br\/?s={search_term_string}"},"query-input":{"@type":"PropertyValueSpecification","valueRequired":true,"valueName":"search_term_string"}}],"inLanguage":"pt-BR"},{"@type":"Organization","@id":"https:\/\/deputadotaveirajr.com.br\/#organization","name":"Taveira Jr","url":"https:\/\/deputadotaveirajr.com.br\/","logo":{"@type":"ImageObject","inLanguage":"pt-BR","@id":"https:\/\/deputadotaveirajr.com.br\/#\/schema\/logo\/image\/","url":"https:\/\/deputadotaveirajr.com.br\/wp-content\/uploads\/2026\/01\/logolow2a.png","contentUrl":"https:\/\/deputadotaveirajr.com.br\/wp-content\/uploads\/2026\/01\/logolow2a.png","width":290,"height":80,"caption":"Taveira Jr"},"image":{"@id":"https:\/\/deputadotaveirajr.com.br\/#\/schema\/logo\/image\/"}}]}},"_links":{"self":[{"href":"https:\/\/deputadotaveirajr.com.br\/index.php\/wp-json\/wp\/v2\/pages\/13852","targetHints":{"allow":["GET"]}}],"collection":[{"href":"https:\/\/deputadotaveirajr.com.br\/index.php\/wp-json\/wp\/v2\/pages"}],"about":[{"href":"https:\/\/deputadotaveirajr.com.br\/index.php\/wp-json\/wp\/v2\/types\/page"}],"replies":[{"embeddable":true,"href":"https:\/\/deputadotaveirajr.com.br\/index.php\/wp-json\/wp\/v2\/comments?post=13852"}],"version-history":[{"count":0,"href":"https:\/\/deputadotaveirajr.com.br\/index.php\/wp-json\/wp\/v2\/pages\/13852\/revisions"}],"wp:featuredmedia":[{"embeddable":true,"href":"https:\/\/deputadotaveirajr.com.br\/index.php\/wp-json\/wp\/v2\/media\/13853"}],"wp:attachment":[{"href":"https:\/\/deputadotaveirajr.com.br\/index.php\/wp-json\/wp\/v2\/media?parent=13852"}],"curies":[{"name":"wp","href":"https:\/\/api.w.org\/{rel}","templated":true}]}}