{"id":13857,"date":"2025-08-15T09:28:11","date_gmt":"2025-08-15T12:28:11","guid":{"rendered":"https:\/\/deputadotaveirajr.com.br\/index.php\/inmet-emite-tres-alertas-de-acumulado-de-chuvas-para-natal-e-outras-80-cidades-do-rn-veja-lista\/"},"modified":"2025-08-15T09:28:11","modified_gmt":"2025-08-15T12:28:11","slug":"inmet-emite-tres-alertas-de-acumulado-de-chuvas-para-natal-e-outras-80-cidades-do-rn-veja-lista","status":"publish","type":"page","link":"https:\/\/deputadotaveirajr.com.br\/index.php\/inmet-emite-tres-alertas-de-acumulado-de-chuvas-para-natal-e-outras-80-cidades-do-rn-veja-lista\/","title":{"rendered":"Inmet emite tr\u00eas alertas de acumulado de chuvas para Natal e outras 80 cidades do RN; veja lista"},"content":{"rendered":"<p><img decoding=\"async\" src=\"https:\/\/s2-g1.glbimg.com\/pzc_rybnoQiCEyinHIpyr90Olq0=\/i.s3.glbimg.com\/v1\/AUTH_59edd422c0c84a879bd37670ae4f538a\/internal_photos\/bs\/2025\/Q\/L\/C2QcUqQxuFDmKZI5Ou7A\/whatsapp-image-2025-08-15-at-07.23.57.jpeg\" \/><br \/>     Rua Ant\u00f4nio Freire Lemos, no Pitimbu, em Natal, registrou alagamento ap\u00f3s chuvas desta sexta (15)<br \/>\nVinicius Marinho\/Inter TV Cabugi<br \/>\nO Instituto Nacional de Meteorologia (INMET) emitiu tr\u00eas alertas de acumulado de chuvas para munic\u00edpios do Rio Grande do Norte.<br \/>\nAlerta vermelho: v\u00e1lido at\u00e9 23h59 desta sexta-feira (15);<br \/>\nAlerta laranja: v\u00e1lido at\u00e9 10h de s\u00e1bado (16)<br \/>\nAlerta amarelo: v\u00e1lido at\u00e9 23h59 de s\u00e1bado (16).<br \/>\n\ud83d\udcf3 Clique aqui para seguir o canal do g1 RN no WhatsApp<br \/>\n\ud83d\udfe1 O aviso \u00e9 da cor amarela, de perigo potencial, que representa o n\u00edvel mais baixo na escala de gravidade do Inmet. O Inmet prev\u00ea volumes de chuva entre 20 e 30 mil\u00edmetros por hora, podendo alcan\u00e7ar at\u00e9 50 mil\u00edmetros em um \u00fanico dia.<br \/>\n\ud83d\udfe0 O alerta laranja, de perigo, prev\u00ea chuvas entre 30 e 60 mm\/h ou 50 e 100 mm\/dia. Neste caso, segundo o Inmet, h\u00e1 risco de alagamentos, deslizamentos de encostas e transbordamentos de rios.<br \/>\n\ud83d\udd34 O alerta vermelho \u00e9 de grande perigo e prev\u00ea chuva superior a 60 mm\/h ou acima de 100 mm\/dia, com grande risco de alagamentos e transbordamentos de rios, grandes deslizamentos de encostas, em cidades com tais \u00e1reas de risco.<br \/>\nEmbora o risco seja considerado baixo, h\u00e1 possibilidade de alagamentos e deslizamentos pontuais em \u00e1reas suscet\u00edveis, especialmente nas regi\u00f5es Central Potiguar, Leste Potiguar e Agreste Potiguar.<br \/>\nO instituto orienta que a popula\u00e7\u00e3o evite sair durante temporais, observe poss\u00edveis movimenta\u00e7\u00f5es em encostas e n\u00e3o utilize aparelhos eletr\u00f4nicos conectados \u00e0 rede el\u00e9trica durante as instabilidades clim\u00e1ticas.<br \/>\nEm caso de emerg\u00eancia, os moradores das \u00e1reas afetadas devem procurar a Defesa Civil pelo telefone 199 ou o Corpo de Bombeiros pelo 193.<br \/>\nCidades no alerta vermelho:<br \/>\nBa\u00eda Formosa<br \/>\nCanguaretama<br \/>\nTibau do Sul<br \/>\nVila Flor<br \/>\nCidades no alerta laranja:<br \/>\nAr\u00eas<br \/>\nBa\u00eda Formosa<br \/>\nBento Fernandes<br \/>\nBom Jesus<br \/>\nBrejinho<br \/>\nCanguaretama<br \/>\nCear\u00e1-Mirim<br \/>\nEsp\u00edrito Santo<br \/>\nExtremoz<br \/>\nGoianinha<br \/>\nIelmo Marinho<br \/>\nJanu\u00e1rio Cicco<br \/>\nJo\u00e3o C\u00e2mara<br \/>\nJundi\u00e1<br \/>\nLagoa de Pedras<br \/>\nLagoa Salgada<br \/>\nMaca\u00edba<br \/>\nMaxaranguape<br \/>\nMontanhas<br \/>\nMonte Alegre<br \/>\nNatal<br \/>\nN\u00edsia Floresta<br \/>\nNova Cruz<br \/>\nParazinho<br \/>\nParnamirim<br \/>\nPassagem<br \/>\nPedra Grande<br \/>\nPedro Velho<br \/>\nPo\u00e7o Branco<br \/>\nPureza<br \/>\nRio do Fogo<br \/>\nSanta Maria<br \/>\nSanto Ant\u00f4nio<br \/>\nS\u00e3o Gon\u00e7alo do Amarante<br \/>\nS\u00e3o Jos\u00e9 de Mipibu<br \/>\nS\u00e3o Miguel do Gostoso<br \/>\nS\u00e3o Paulo do Potengi<br \/>\nS\u00e3o Pedro<br \/>\nSenador El\u00f3i de Souza<br \/>\nSenador Georgino Avelino<br \/>\nSerra Caiada<br \/>\nSerrinha<br \/>\nTaipu<br \/>\nTibau do Sul<br \/>\nTouros<br \/>\nV\u00e1rzea<br \/>\nVera Cruz<br \/>\nVila Flor<br \/>\nCidades no alerta amarelo:<br \/>\nAfonso Bezerra<br \/>\nAlto do Rodrigues<br \/>\nAngicos<br \/>\nAr\u00eas<br \/>\nBa\u00eda Formosa<br \/>\nBarcelona<br \/>\nBento Fernandes<br \/>\nBod\u00f3<br \/>\nBom Jesus<br \/>\nBrejinho<br \/>\nCai\u00e7ara do Norte<br \/>\nCai\u00e7ara do Rio do Vento<br \/>\nCanguaretama<br \/>\nCear\u00e1-Mirim<br \/>\nCerro Cor\u00e1<br \/>\nEsp\u00edrito Santo<br \/>\nExtremoz<br \/>\nFernando Pedroza<br \/>\nGalinhos<br \/>\nGoianinha<br \/>\nGuamar\u00e9<br \/>\nIelmo Marinho<br \/>\nJanda\u00edra<br \/>\nJanu\u00e1rio Cicco<br \/>\nJardim de Angicos<br \/>\nJo\u00e3o C\u00e2mara<br \/>\nJundi\u00e1<br \/>\nLagoa d&#8217;Anta<br \/>\nLagoa de Pedras<br \/>\nLagoa de Velhos<br \/>\nLagoa Salgada<br \/>\nLajes<br \/>\nLajes Pintadas<br \/>\nMaca\u00edba<br \/>\nMacau<br \/>\nMaxaranguape<br \/>\nMontanhas<br \/>\nMonte Alegre<br \/>\nMonte das Gameleiras<br \/>\nNatal<br \/>\nN\u00edsia Floresta<br \/>\nNova Cruz<br \/>\nParazinho<br \/>\nParnamirim<br \/>\nPassa e Fica<br \/>\nPassagem<br \/>\nPedra Grande<br \/>\nPedra Preta<br \/>\nPedro Avelino<br \/>\nPedro Velho<br \/>\nPend\u00eancias<br \/>\nPo\u00e7o Branco<br \/>\nPureza<br \/>\nRiachuelo<br \/>\nRio do Fogo<br \/>\nRuy Barbosa<br \/>\nSanta Cruz<br \/>\nSanta Maria<br \/>\nSantana do Matos<br \/>\nSanto Ant\u00f4nio<br \/>\nS\u00e3o Bento do Norte<br \/>\nS\u00e3o Gon\u00e7alo do Amarante<br \/>\nS\u00e3o Jos\u00e9 de Mipibu<br \/>\nS\u00e3o Jos\u00e9 do Campestre<br \/>\nS\u00e3o Miguel do Gostoso<br \/>\nS\u00e3o Paulo do Potengi<br \/>\nS\u00e3o Pedro<br \/>\nS\u00e3o Tom\u00e9<br \/>\nSenador El\u00f3i de Souza<br \/>\nSenador Georgino Avelino<br \/>\nSerra Caiada<br \/>\nSerra de S\u00e3o Bento<br \/>\nSerrinha\t2413508\tRN<br \/>\nS\u00edtio Novo<br \/>\nTaipu<br \/>\nTangar\u00e1<br \/>\nTibau do Sul<br \/>\nTouros<br \/>\nV\u00e1rzea<br \/>\nVera Cruz<br \/>\nVila Flor<br \/>\nCarro ficou parcialmente submerso no Sat\u00e9lite, em Natal<br \/>\nVeja os v\u00eddeos mais assistidos do g1 RN<\/p>","protected":false},"excerpt":{"rendered":"<p>Rua Ant\u00f4nio Freire Lemos, no Pitimbu, em Natal, registrou alagamento ap\u00f3s chuvas desta sexta (15) Vinicius Marinho\/Inter TV Cabugi O Instituto Nacional de Meteorologia (INMET) emitiu tr\u00eas alertas de acumulado &#8230;<\/p>\n","protected":false},"author":0,"featured_media":13858,"parent":0,"menu_order":0,"comment_status":"closed","ping_status":"closed","template":"","meta":{"footnotes":""},"class_list":["post-13857","page","type-page","status-publish","has-post-thumbnail","hentry"],"yoast_head":"<!-- This site is optimized with the Yoast SEO plugin v27.1.1 - https:\/\/yoast.com\/product\/yoast-seo-wordpress\/ -->\n<title>Inmet emite tr\u00eas alertas de acumulado de chuvas para Natal e outras 80 cidades do RN; veja lista - Taveira Jr<\/title>\n<meta name=\"robots\" content=\"index, follow, max-snippet:-1, max-image-preview:large, max-video-preview:-1\" \/>\n<link rel=\"canonical\" href=\"https:\/\/deputadotaveirajr.com.br\/index.php\/inmet-emite-tres-alertas-de-acumulado-de-chuvas-para-natal-e-outras-80-cidades-do-rn-veja-lista\/\" \/>\n<meta property=\"og:locale\" content=\"pt_BR\" \/>\n<meta property=\"og:type\" content=\"article\" \/>\n<meta property=\"og:title\" content=\"Inmet emite tr\u00eas alertas de acumulado de chuvas para Natal e outras 80 cidades do RN; veja lista - Taveira Jr\" \/>\n<meta property=\"og:description\" content=\"Rua Ant\u00f4nio Freire Lemos, no Pitimbu, em Natal, registrou alagamento ap\u00f3s chuvas desta sexta (15) Vinicius Marinho\/Inter TV Cabugi O Instituto Nacional de Meteorologia (INMET) emitiu tr\u00eas alertas de acumulado ...\" \/>\n<meta property=\"og:url\" content=\"https:\/\/deputadotaveirajr.com.br\/index.php\/inmet-emite-tres-alertas-de-acumulado-de-chuvas-para-natal-e-outras-80-cidades-do-rn-veja-lista\/\" \/>\n<meta property=\"og:site_name\" content=\"Taveira Jr\" \/>\n<meta property=\"og:image\" content=\"https:\/\/s2-g1.glbimg.com\/pzc_rybnoQiCEyinHIpyr90Olq0=\/i.s3.glbimg.com\/v1\/AUTH_59edd422c0c84a879bd37670ae4f538a\/internal_photos\/bs\/2025\/Q\/L\/C2QcUqQxuFDmKZI5Ou7A\/whatsapp-image-2025-08-15-at-07.23.57.jpeg\" \/>\n<meta name=\"twitter:card\" content=\"summary_large_image\" \/>\n<meta name=\"twitter:label1\" content=\"Est. tempo de leitura\" \/>\n\t<meta name=\"twitter:data1\" content=\"3 minutos\" \/>\n<script type=\"application\/ld+json\" class=\"yoast-schema-graph\">{\"@context\":\"https:\/\/schema.org\",\"@graph\":[{\"@type\":\"WebPage\",\"@id\":\"https:\/\/deputadotaveirajr.com.br\/index.php\/inmet-emite-tres-alertas-de-acumulado-de-chuvas-para-natal-e-outras-80-cidades-do-rn-veja-lista\/\",\"url\":\"https:\/\/deputadotaveirajr.com.br\/index.php\/inmet-emite-tres-alertas-de-acumulado-de-chuvas-para-natal-e-outras-80-cidades-do-rn-veja-lista\/\",\"name\":\"Inmet emite tr\u00eas alertas de acumulado de chuvas para Natal e outras 80 cidades do RN; veja lista - Taveira Jr\",\"isPartOf\":{\"@id\":\"https:\/\/deputadotaveirajr.com.br\/#website\"},\"primaryImageOfPage\":{\"@id\":\"https:\/\/deputadotaveirajr.com.br\/index.php\/inmet-emite-tres-alertas-de-acumulado-de-chuvas-para-natal-e-outras-80-cidades-do-rn-veja-lista\/#primaryimage\"},\"image\":{\"@id\":\"https:\/\/deputadotaveirajr.com.br\/index.php\/inmet-emite-tres-alertas-de-acumulado-de-chuvas-para-natal-e-outras-80-cidades-do-rn-veja-lista\/#primaryimage\"},\"thumbnailUrl\":\"https:\/\/deputadotaveirajr.com.br\/wp-content\/uploads\/2025\/08\/whatsapp-image-2025-08-15-at-07.23.57-JutOAe.jpg\",\"datePublished\":\"2025-08-15T12:28:11+00:00\",\"breadcrumb\":{\"@id\":\"https:\/\/deputadotaveirajr.com.br\/index.php\/inmet-emite-tres-alertas-de-acumulado-de-chuvas-para-natal-e-outras-80-cidades-do-rn-veja-lista\/#breadcrumb\"},\"inLanguage\":\"pt-BR\",\"potentialAction\":[{\"@type\":\"ReadAction\",\"target\":[\"https:\/\/deputadotaveirajr.com.br\/index.php\/inmet-emite-tres-alertas-de-acumulado-de-chuvas-para-natal-e-outras-80-cidades-do-rn-veja-lista\/\"]}]},{\"@type\":\"ImageObject\",\"inLanguage\":\"pt-BR\",\"@id\":\"https:\/\/deputadotaveirajr.com.br\/index.php\/inmet-emite-tres-alertas-de-acumulado-de-chuvas-para-natal-e-outras-80-cidades-do-rn-veja-lista\/#primaryimage\",\"url\":\"https:\/\/deputadotaveirajr.com.br\/wp-content\/uploads\/2025\/08\/whatsapp-image-2025-08-15-at-07.23.57-JutOAe.jpg\",\"contentUrl\":\"https:\/\/deputadotaveirajr.com.br\/wp-content\/uploads\/2025\/08\/whatsapp-image-2025-08-15-at-07.23.57-JutOAe.jpg\",\"width\":1600,\"height\":1200},{\"@type\":\"BreadcrumbList\",\"@id\":\"https:\/\/deputadotaveirajr.com.br\/index.php\/inmet-emite-tres-alertas-de-acumulado-de-chuvas-para-natal-e-outras-80-cidades-do-rn-veja-lista\/#breadcrumb\",\"itemListElement\":[{\"@type\":\"ListItem\",\"position\":1,\"name\":\"In\u00edcio\",\"item\":\"https:\/\/deputadotaveirajr.com.br\/\"},{\"@type\":\"ListItem\",\"position\":2,\"name\":\"Inmet emite tr\u00eas alertas de acumulado de chuvas para Natal e outras 80 cidades do RN; veja lista\"}]},{\"@type\":\"WebSite\",\"@id\":\"https:\/\/deputadotaveirajr.com.br\/#website\",\"url\":\"https:\/\/deputadotaveirajr.com.br\/\",\"name\":\"Taveira Jr\",\"description\":\"Deputado Estadual\",\"publisher\":{\"@id\":\"https:\/\/deputadotaveirajr.com.br\/#organization\"},\"potentialAction\":[{\"@type\":\"SearchAction\",\"target\":{\"@type\":\"EntryPoint\",\"urlTemplate\":\"https:\/\/deputadotaveirajr.com.br\/?s={search_term_string}\"},\"query-input\":{\"@type\":\"PropertyValueSpecification\",\"valueRequired\":true,\"valueName\":\"search_term_string\"}}],\"inLanguage\":\"pt-BR\"},{\"@type\":\"Organization\",\"@id\":\"https:\/\/deputadotaveirajr.com.br\/#organization\",\"name\":\"Taveira Jr\",\"url\":\"https:\/\/deputadotaveirajr.com.br\/\",\"logo\":{\"@type\":\"ImageObject\",\"inLanguage\":\"pt-BR\",\"@id\":\"https:\/\/deputadotaveirajr.com.br\/#\/schema\/logo\/image\/\",\"url\":\"https:\/\/deputadotaveirajr.com.br\/wp-content\/uploads\/2026\/01\/logolow2a.png\",\"contentUrl\":\"https:\/\/deputadotaveirajr.com.br\/wp-content\/uploads\/2026\/01\/logolow2a.png\",\"width\":290,\"height\":80,\"caption\":\"Taveira Jr\"},\"image\":{\"@id\":\"https:\/\/deputadotaveirajr.com.br\/#\/schema\/logo\/image\/\"}}]}<\/script>\n<!-- \/ Yoast SEO plugin. -->","yoast_head_json":{"title":"Inmet emite tr\u00eas alertas de acumulado de chuvas para Natal e outras 80 cidades do RN; veja lista - Taveira Jr","robots":{"index":"index","follow":"follow","max-snippet":"max-snippet:-1","max-image-preview":"max-image-preview:large","max-video-preview":"max-video-preview:-1"},"canonical":"https:\/\/deputadotaveirajr.com.br\/index.php\/inmet-emite-tres-alertas-de-acumulado-de-chuvas-para-natal-e-outras-80-cidades-do-rn-veja-lista\/","og_locale":"pt_BR","og_type":"article","og_title":"Inmet emite tr\u00eas alertas de acumulado de chuvas para Natal e outras 80 cidades do RN; veja lista - Taveira Jr","og_description":"Rua Ant\u00f4nio Freire Lemos, no Pitimbu, em Natal, registrou alagamento ap\u00f3s chuvas desta sexta (15) Vinicius Marinho\/Inter TV Cabugi O Instituto Nacional de Meteorologia (INMET) emitiu tr\u00eas alertas de acumulado ...","og_url":"https:\/\/deputadotaveirajr.com.br\/index.php\/inmet-emite-tres-alertas-de-acumulado-de-chuvas-para-natal-e-outras-80-cidades-do-rn-veja-lista\/","og_site_name":"Taveira Jr","og_image":[{"url":"https:\/\/s2-g1.glbimg.com\/pzc_rybnoQiCEyinHIpyr90Olq0=\/i.s3.glbimg.com\/v1\/AUTH_59edd422c0c84a879bd37670ae4f538a\/internal_photos\/bs\/2025\/Q\/L\/C2QcUqQxuFDmKZI5Ou7A\/whatsapp-image-2025-08-15-at-07.23.57.jpeg","type":"","width":"","height":""}],"twitter_card":"summary_large_image","twitter_misc":{"Est. tempo de leitura":"3 minutos"},"schema":{"@context":"https:\/\/schema.org","@graph":[{"@type":"WebPage","@id":"https:\/\/deputadotaveirajr.com.br\/index.php\/inmet-emite-tres-alertas-de-acumulado-de-chuvas-para-natal-e-outras-80-cidades-do-rn-veja-lista\/","url":"https:\/\/deputadotaveirajr.com.br\/index.php\/inmet-emite-tres-alertas-de-acumulado-de-chuvas-para-natal-e-outras-80-cidades-do-rn-veja-lista\/","name":"Inmet emite tr\u00eas alertas de acumulado de chuvas para Natal e outras 80 cidades do RN; veja lista - Taveira Jr","isPartOf":{"@id":"https:\/\/deputadotaveirajr.com.br\/#website"},"primaryImageOfPage":{"@id":"https:\/\/deputadotaveirajr.com.br\/index.php\/inmet-emite-tres-alertas-de-acumulado-de-chuvas-para-natal-e-outras-80-cidades-do-rn-veja-lista\/#primaryimage"},"image":{"@id":"https:\/\/deputadotaveirajr.com.br\/index.php\/inmet-emite-tres-alertas-de-acumulado-de-chuvas-para-natal-e-outras-80-cidades-do-rn-veja-lista\/#primaryimage"},"thumbnailUrl":"https:\/\/deputadotaveirajr.com.br\/wp-content\/uploads\/2025\/08\/whatsapp-image-2025-08-15-at-07.23.57-JutOAe.jpg","datePublished":"2025-08-15T12:28:11+00:00","breadcrumb":{"@id":"https:\/\/deputadotaveirajr.com.br\/index.php\/inmet-emite-tres-alertas-de-acumulado-de-chuvas-para-natal-e-outras-80-cidades-do-rn-veja-lista\/#breadcrumb"},"inLanguage":"pt-BR","potentialAction":[{"@type":"ReadAction","target":["https:\/\/deputadotaveirajr.com.br\/index.php\/inmet-emite-tres-alertas-de-acumulado-de-chuvas-para-natal-e-outras-80-cidades-do-rn-veja-lista\/"]}]},{"@type":"ImageObject","inLanguage":"pt-BR","@id":"https:\/\/deputadotaveirajr.com.br\/index.php\/inmet-emite-tres-alertas-de-acumulado-de-chuvas-para-natal-e-outras-80-cidades-do-rn-veja-lista\/#primaryimage","url":"https:\/\/deputadotaveirajr.com.br\/wp-content\/uploads\/2025\/08\/whatsapp-image-2025-08-15-at-07.23.57-JutOAe.jpg","contentUrl":"https:\/\/deputadotaveirajr.com.br\/wp-content\/uploads\/2025\/08\/whatsapp-image-2025-08-15-at-07.23.57-JutOAe.jpg","width":1600,"height":1200},{"@type":"BreadcrumbList","@id":"https:\/\/deputadotaveirajr.com.br\/index.php\/inmet-emite-tres-alertas-de-acumulado-de-chuvas-para-natal-e-outras-80-cidades-do-rn-veja-lista\/#breadcrumb","itemListElement":[{"@type":"ListItem","position":1,"name":"In\u00edcio","item":"https:\/\/deputadotaveirajr.com.br\/"},{"@type":"ListItem","position":2,"name":"Inmet emite tr\u00eas alertas de acumulado de chuvas para Natal e outras 80 cidades do RN; veja lista"}]},{"@type":"WebSite","@id":"https:\/\/deputadotaveirajr.com.br\/#website","url":"https:\/\/deputadotaveirajr.com.br\/","name":"Taveira Jr","description":"Deputado Estadual","publisher":{"@id":"https:\/\/deputadotaveirajr.com.br\/#organization"},"potentialAction":[{"@type":"SearchAction","target":{"@type":"EntryPoint","urlTemplate":"https:\/\/deputadotaveirajr.com.br\/?s={search_term_string}"},"query-input":{"@type":"PropertyValueSpecification","valueRequired":true,"valueName":"search_term_string"}}],"inLanguage":"pt-BR"},{"@type":"Organization","@id":"https:\/\/deputadotaveirajr.com.br\/#organization","name":"Taveira Jr","url":"https:\/\/deputadotaveirajr.com.br\/","logo":{"@type":"ImageObject","inLanguage":"pt-BR","@id":"https:\/\/deputadotaveirajr.com.br\/#\/schema\/logo\/image\/","url":"https:\/\/deputadotaveirajr.com.br\/wp-content\/uploads\/2026\/01\/logolow2a.png","contentUrl":"https:\/\/deputadotaveirajr.com.br\/wp-content\/uploads\/2026\/01\/logolow2a.png","width":290,"height":80,"caption":"Taveira Jr"},"image":{"@id":"https:\/\/deputadotaveirajr.com.br\/#\/schema\/logo\/image\/"}}]}},"_links":{"self":[{"href":"https:\/\/deputadotaveirajr.com.br\/index.php\/wp-json\/wp\/v2\/pages\/13857","targetHints":{"allow":["GET"]}}],"collection":[{"href":"https:\/\/deputadotaveirajr.com.br\/index.php\/wp-json\/wp\/v2\/pages"}],"about":[{"href":"https:\/\/deputadotaveirajr.com.br\/index.php\/wp-json\/wp\/v2\/types\/page"}],"replies":[{"embeddable":true,"href":"https:\/\/deputadotaveirajr.com.br\/index.php\/wp-json\/wp\/v2\/comments?post=13857"}],"version-history":[{"count":0,"href":"https:\/\/deputadotaveirajr.com.br\/index.php\/wp-json\/wp\/v2\/pages\/13857\/revisions"}],"wp:featuredmedia":[{"embeddable":true,"href":"https:\/\/deputadotaveirajr.com.br\/index.php\/wp-json\/wp\/v2\/media\/13858"}],"wp:attachment":[{"href":"https:\/\/deputadotaveirajr.com.br\/index.php\/wp-json\/wp\/v2\/media?parent=13857"}],"curies":[{"name":"wp","href":"https:\/\/api.w.org\/{rel}","templated":true}]}}