{"id":13864,"date":"2025-08-15T10:09:28","date_gmt":"2025-08-15T13:09:28","guid":{"rendered":"https:\/\/deputadotaveirajr.com.br\/index.php\/operacao-prende-suspeitos-de-trafico-de-drogas-que-intimidavam-moradores-de-baia-formosa\/"},"modified":"2025-08-15T10:09:28","modified_gmt":"2025-08-15T13:09:28","slug":"operacao-prende-suspeitos-de-trafico-de-drogas-que-intimidavam-moradores-de-baia-formosa","status":"publish","type":"page","link":"https:\/\/deputadotaveirajr.com.br\/index.php\/operacao-prende-suspeitos-de-trafico-de-drogas-que-intimidavam-moradores-de-baia-formosa\/","title":{"rendered":"Opera\u00e7\u00e3o prende suspeitos de tr\u00e1fico de drogas que intimidavam moradores de Ba\u00eda Formosa"},"content":{"rendered":"<p><img decoding=\"async\" src=\"https:\/\/s2-g1.glbimg.com\/8tLj7pVo4mTKqxLl_yrEekWnVMQ=\/i.s3.glbimg.com\/v1\/AUTH_59edd422c0c84a879bd37670ae4f538a\/internal_photos\/bs\/2025\/D\/x\/QSyvdTQTAFQrOyYlCIPw\/whatsapp-image-2025-08-15-at-07.10.45.jpeg\" \/><br \/>     MP e PM realizam opera\u00e7\u00e3o contra grupo de tr\u00e1fico em Ba\u00eda Formosa<br \/>\nMPRN<br \/>\nMandados de pris\u00e3o e busca e apreens\u00e3o foram cumpridos, nesta sexta (15), contra pelo menos dez suspeitos de integrarem um grupo investigado por tr\u00e1fico de drogas, associa\u00e7\u00e3o para o tr\u00e1fico e porte ilegal de armas em Ba\u00eda Formosa, litoral do Rio Grande do Norte. Armas, drogas e celulares foram apreendidos durante a opera\u00e7\u00e3o.<br \/>\nSegundo o MPRN, o grupo monitorava a movimenta\u00e7\u00e3o da Pol\u00edcia Militar e da Pol\u00edcia Civil e impunha medo \u00e0 popula\u00e7\u00e3o para manter o tr\u00e1fico de drogas na cidade. As investiga\u00e7\u00f5es apontam que os criminosos operavam de suas casas, recebendo clientes e armazenando drogas e armas.<br \/>\n\ud83d\udcf3 Clique aqui para seguir o canal do g1 RN no WhatsApp<br \/>\nLEIA TAMB\u00c9M<br \/>\nMais de 100 muni\u00e7\u00f5es s\u00e3o apreendidas em opera\u00e7\u00e3o contra tr\u00e1fico de drogas no litoral do RN<br \/>\nUm dos investigados era identificado como l\u00edder da organiza\u00e7\u00e3o. Outros ocupavam cargos de comando e disciplina, fiscalizando as atividades do grupo e punindo moradores que descumprissem as ordens.<br \/>\nMensagens e \u00e1udios encontrados indicam negocia\u00e7\u00f5es de maconha, crack e coca\u00edna, al\u00e9m da posse e distribui\u00e7\u00e3o de pistolas e muni\u00e7\u00f5es.<br \/>\nDe acordo com o Minist\u00e9rio P\u00fablico do Rio Grande do Norte (MPRN), durante a a\u00e7\u00e3o, tamb\u00e9m houve pris\u00f5es em flagrante por posse de drogas encontradas enterradas na resid\u00eancia de um dos alvos. Outros dois investigados j\u00e1 estavam detidos no sistema prisional.<br \/>\nA opera\u00e7\u00e3o contou com dois promotores de Justi\u00e7a, 15 servidores do MPRN e 64 policiais militares.<br \/>\nForam apreendidos armas, drogas, dinheiro, cart\u00f5es de cr\u00e9dito e celulares. O material ser\u00e1 analisado pelo Grupo de Atua\u00e7\u00e3o Especial de Combate ao Crime Organizado (Gaeco) para identificar outros envolvidos e poss\u00edveis novos crimes.<br \/>\nA opera\u00e7\u00e3o Kraken \u00e9 um desdobramento da a\u00e7\u00e3o Leviat\u00e3, realizada pelo MPRN em dezembro do ano passado. De acordo com o \u00f3rg\u00e3o,  o nome faz refer\u00eancia ao Kraken, monstro marinho da mitologia n\u00f3rdica, simbolizando o grupo criminoso que atuava em Ba\u00eda Formosa.<br \/>\nVeja os v\u00eddeos mais assistidos do g1 RN<br \/>\no<\/p>","protected":false},"excerpt":{"rendered":"<p>MP e PM realizam opera\u00e7\u00e3o contra grupo de tr\u00e1fico em Ba\u00eda Formosa MPRN Mandados de pris\u00e3o e busca e apreens\u00e3o foram cumpridos, nesta sexta (15), contra pelo menos dez suspeitos &#8230;<\/p>\n","protected":false},"author":0,"featured_media":13865,"parent":0,"menu_order":0,"comment_status":"closed","ping_status":"closed","template":"","meta":{"footnotes":""},"class_list":["post-13864","page","type-page","status-publish","has-post-thumbnail","hentry"],"yoast_head":"<!-- This site is optimized with the Yoast SEO plugin v27.1.1 - https:\/\/yoast.com\/product\/yoast-seo-wordpress\/ -->\n<title>Opera\u00e7\u00e3o prende suspeitos de tr\u00e1fico de drogas que intimidavam moradores de Ba\u00eda Formosa - Taveira Jr<\/title>\n<meta name=\"robots\" content=\"index, follow, max-snippet:-1, max-image-preview:large, max-video-preview:-1\" \/>\n<link rel=\"canonical\" href=\"https:\/\/deputadotaveirajr.com.br\/index.php\/operacao-prende-suspeitos-de-trafico-de-drogas-que-intimidavam-moradores-de-baia-formosa\/\" \/>\n<meta property=\"og:locale\" content=\"pt_BR\" \/>\n<meta property=\"og:type\" content=\"article\" \/>\n<meta property=\"og:title\" content=\"Opera\u00e7\u00e3o prende suspeitos de tr\u00e1fico de drogas que intimidavam moradores de Ba\u00eda Formosa - Taveira Jr\" \/>\n<meta property=\"og:description\" content=\"MP e PM realizam opera\u00e7\u00e3o contra grupo de tr\u00e1fico em Ba\u00eda Formosa MPRN Mandados de pris\u00e3o e busca e apreens\u00e3o foram cumpridos, nesta sexta (15), contra pelo menos dez suspeitos ...\" \/>\n<meta property=\"og:url\" content=\"https:\/\/deputadotaveirajr.com.br\/index.php\/operacao-prende-suspeitos-de-trafico-de-drogas-que-intimidavam-moradores-de-baia-formosa\/\" \/>\n<meta property=\"og:site_name\" content=\"Taveira Jr\" \/>\n<meta property=\"og:image\" content=\"https:\/\/s2-g1.glbimg.com\/8tLj7pVo4mTKqxLl_yrEekWnVMQ=\/i.s3.glbimg.com\/v1\/AUTH_59edd422c0c84a879bd37670ae4f538a\/internal_photos\/bs\/2025\/D\/x\/QSyvdTQTAFQrOyYlCIPw\/whatsapp-image-2025-08-15-at-07.10.45.jpeg\" \/>\n<meta name=\"twitter:card\" content=\"summary_large_image\" \/>\n<meta name=\"twitter:label1\" content=\"Est. tempo de leitura\" \/>\n\t<meta name=\"twitter:data1\" content=\"2 minutos\" \/>\n<script type=\"application\/ld+json\" class=\"yoast-schema-graph\">{\"@context\":\"https:\/\/schema.org\",\"@graph\":[{\"@type\":\"WebPage\",\"@id\":\"https:\/\/deputadotaveirajr.com.br\/index.php\/operacao-prende-suspeitos-de-trafico-de-drogas-que-intimidavam-moradores-de-baia-formosa\/\",\"url\":\"https:\/\/deputadotaveirajr.com.br\/index.php\/operacao-prende-suspeitos-de-trafico-de-drogas-que-intimidavam-moradores-de-baia-formosa\/\",\"name\":\"Opera\u00e7\u00e3o prende suspeitos de tr\u00e1fico de drogas que intimidavam moradores de Ba\u00eda Formosa - Taveira Jr\",\"isPartOf\":{\"@id\":\"https:\/\/deputadotaveirajr.com.br\/#website\"},\"primaryImageOfPage\":{\"@id\":\"https:\/\/deputadotaveirajr.com.br\/index.php\/operacao-prende-suspeitos-de-trafico-de-drogas-que-intimidavam-moradores-de-baia-formosa\/#primaryimage\"},\"image\":{\"@id\":\"https:\/\/deputadotaveirajr.com.br\/index.php\/operacao-prende-suspeitos-de-trafico-de-drogas-que-intimidavam-moradores-de-baia-formosa\/#primaryimage\"},\"thumbnailUrl\":\"https:\/\/deputadotaveirajr.com.br\/wp-content\/uploads\/2025\/08\/whatsapp-image-2025-08-15-at-07.10.45-rap6XT.jpg\",\"datePublished\":\"2025-08-15T13:09:28+00:00\",\"breadcrumb\":{\"@id\":\"https:\/\/deputadotaveirajr.com.br\/index.php\/operacao-prende-suspeitos-de-trafico-de-drogas-que-intimidavam-moradores-de-baia-formosa\/#breadcrumb\"},\"inLanguage\":\"pt-BR\",\"potentialAction\":[{\"@type\":\"ReadAction\",\"target\":[\"https:\/\/deputadotaveirajr.com.br\/index.php\/operacao-prende-suspeitos-de-trafico-de-drogas-que-intimidavam-moradores-de-baia-formosa\/\"]}]},{\"@type\":\"ImageObject\",\"inLanguage\":\"pt-BR\",\"@id\":\"https:\/\/deputadotaveirajr.com.br\/index.php\/operacao-prende-suspeitos-de-trafico-de-drogas-que-intimidavam-moradores-de-baia-formosa\/#primaryimage\",\"url\":\"https:\/\/deputadotaveirajr.com.br\/wp-content\/uploads\/2025\/08\/whatsapp-image-2025-08-15-at-07.10.45-rap6XT.jpg\",\"contentUrl\":\"https:\/\/deputadotaveirajr.com.br\/wp-content\/uploads\/2025\/08\/whatsapp-image-2025-08-15-at-07.10.45-rap6XT.jpg\",\"width\":1280,\"height\":720},{\"@type\":\"BreadcrumbList\",\"@id\":\"https:\/\/deputadotaveirajr.com.br\/index.php\/operacao-prende-suspeitos-de-trafico-de-drogas-que-intimidavam-moradores-de-baia-formosa\/#breadcrumb\",\"itemListElement\":[{\"@type\":\"ListItem\",\"position\":1,\"name\":\"In\u00edcio\",\"item\":\"https:\/\/deputadotaveirajr.com.br\/\"},{\"@type\":\"ListItem\",\"position\":2,\"name\":\"Opera\u00e7\u00e3o prende suspeitos de tr\u00e1fico de drogas que intimidavam moradores de Ba\u00eda Formosa\"}]},{\"@type\":\"WebSite\",\"@id\":\"https:\/\/deputadotaveirajr.com.br\/#website\",\"url\":\"https:\/\/deputadotaveirajr.com.br\/\",\"name\":\"Taveira Jr\",\"description\":\"Deputado Estadual\",\"publisher\":{\"@id\":\"https:\/\/deputadotaveirajr.com.br\/#organization\"},\"potentialAction\":[{\"@type\":\"SearchAction\",\"target\":{\"@type\":\"EntryPoint\",\"urlTemplate\":\"https:\/\/deputadotaveirajr.com.br\/?s={search_term_string}\"},\"query-input\":{\"@type\":\"PropertyValueSpecification\",\"valueRequired\":true,\"valueName\":\"search_term_string\"}}],\"inLanguage\":\"pt-BR\"},{\"@type\":\"Organization\",\"@id\":\"https:\/\/deputadotaveirajr.com.br\/#organization\",\"name\":\"Taveira Jr\",\"url\":\"https:\/\/deputadotaveirajr.com.br\/\",\"logo\":{\"@type\":\"ImageObject\",\"inLanguage\":\"pt-BR\",\"@id\":\"https:\/\/deputadotaveirajr.com.br\/#\/schema\/logo\/image\/\",\"url\":\"https:\/\/deputadotaveirajr.com.br\/wp-content\/uploads\/2026\/01\/logolow2a.png\",\"contentUrl\":\"https:\/\/deputadotaveirajr.com.br\/wp-content\/uploads\/2026\/01\/logolow2a.png\",\"width\":290,\"height\":80,\"caption\":\"Taveira Jr\"},\"image\":{\"@id\":\"https:\/\/deputadotaveirajr.com.br\/#\/schema\/logo\/image\/\"}}]}<\/script>\n<!-- \/ Yoast SEO plugin. -->","yoast_head_json":{"title":"Opera\u00e7\u00e3o prende suspeitos de tr\u00e1fico de drogas que intimidavam moradores de Ba\u00eda Formosa - Taveira Jr","robots":{"index":"index","follow":"follow","max-snippet":"max-snippet:-1","max-image-preview":"max-image-preview:large","max-video-preview":"max-video-preview:-1"},"canonical":"https:\/\/deputadotaveirajr.com.br\/index.php\/operacao-prende-suspeitos-de-trafico-de-drogas-que-intimidavam-moradores-de-baia-formosa\/","og_locale":"pt_BR","og_type":"article","og_title":"Opera\u00e7\u00e3o prende suspeitos de tr\u00e1fico de drogas que intimidavam moradores de Ba\u00eda Formosa - Taveira Jr","og_description":"MP e PM realizam opera\u00e7\u00e3o contra grupo de tr\u00e1fico em Ba\u00eda Formosa MPRN Mandados de pris\u00e3o e busca e apreens\u00e3o foram cumpridos, nesta sexta (15), contra pelo menos dez suspeitos ...","og_url":"https:\/\/deputadotaveirajr.com.br\/index.php\/operacao-prende-suspeitos-de-trafico-de-drogas-que-intimidavam-moradores-de-baia-formosa\/","og_site_name":"Taveira Jr","og_image":[{"url":"https:\/\/s2-g1.glbimg.com\/8tLj7pVo4mTKqxLl_yrEekWnVMQ=\/i.s3.glbimg.com\/v1\/AUTH_59edd422c0c84a879bd37670ae4f538a\/internal_photos\/bs\/2025\/D\/x\/QSyvdTQTAFQrOyYlCIPw\/whatsapp-image-2025-08-15-at-07.10.45.jpeg","type":"","width":"","height":""}],"twitter_card":"summary_large_image","twitter_misc":{"Est. tempo de leitura":"2 minutos"},"schema":{"@context":"https:\/\/schema.org","@graph":[{"@type":"WebPage","@id":"https:\/\/deputadotaveirajr.com.br\/index.php\/operacao-prende-suspeitos-de-trafico-de-drogas-que-intimidavam-moradores-de-baia-formosa\/","url":"https:\/\/deputadotaveirajr.com.br\/index.php\/operacao-prende-suspeitos-de-trafico-de-drogas-que-intimidavam-moradores-de-baia-formosa\/","name":"Opera\u00e7\u00e3o prende suspeitos de tr\u00e1fico de drogas que intimidavam moradores de Ba\u00eda Formosa - Taveira Jr","isPartOf":{"@id":"https:\/\/deputadotaveirajr.com.br\/#website"},"primaryImageOfPage":{"@id":"https:\/\/deputadotaveirajr.com.br\/index.php\/operacao-prende-suspeitos-de-trafico-de-drogas-que-intimidavam-moradores-de-baia-formosa\/#primaryimage"},"image":{"@id":"https:\/\/deputadotaveirajr.com.br\/index.php\/operacao-prende-suspeitos-de-trafico-de-drogas-que-intimidavam-moradores-de-baia-formosa\/#primaryimage"},"thumbnailUrl":"https:\/\/deputadotaveirajr.com.br\/wp-content\/uploads\/2025\/08\/whatsapp-image-2025-08-15-at-07.10.45-rap6XT.jpg","datePublished":"2025-08-15T13:09:28+00:00","breadcrumb":{"@id":"https:\/\/deputadotaveirajr.com.br\/index.php\/operacao-prende-suspeitos-de-trafico-de-drogas-que-intimidavam-moradores-de-baia-formosa\/#breadcrumb"},"inLanguage":"pt-BR","potentialAction":[{"@type":"ReadAction","target":["https:\/\/deputadotaveirajr.com.br\/index.php\/operacao-prende-suspeitos-de-trafico-de-drogas-que-intimidavam-moradores-de-baia-formosa\/"]}]},{"@type":"ImageObject","inLanguage":"pt-BR","@id":"https:\/\/deputadotaveirajr.com.br\/index.php\/operacao-prende-suspeitos-de-trafico-de-drogas-que-intimidavam-moradores-de-baia-formosa\/#primaryimage","url":"https:\/\/deputadotaveirajr.com.br\/wp-content\/uploads\/2025\/08\/whatsapp-image-2025-08-15-at-07.10.45-rap6XT.jpg","contentUrl":"https:\/\/deputadotaveirajr.com.br\/wp-content\/uploads\/2025\/08\/whatsapp-image-2025-08-15-at-07.10.45-rap6XT.jpg","width":1280,"height":720},{"@type":"BreadcrumbList","@id":"https:\/\/deputadotaveirajr.com.br\/index.php\/operacao-prende-suspeitos-de-trafico-de-drogas-que-intimidavam-moradores-de-baia-formosa\/#breadcrumb","itemListElement":[{"@type":"ListItem","position":1,"name":"In\u00edcio","item":"https:\/\/deputadotaveirajr.com.br\/"},{"@type":"ListItem","position":2,"name":"Opera\u00e7\u00e3o prende suspeitos de tr\u00e1fico de drogas que intimidavam moradores de Ba\u00eda Formosa"}]},{"@type":"WebSite","@id":"https:\/\/deputadotaveirajr.com.br\/#website","url":"https:\/\/deputadotaveirajr.com.br\/","name":"Taveira Jr","description":"Deputado Estadual","publisher":{"@id":"https:\/\/deputadotaveirajr.com.br\/#organization"},"potentialAction":[{"@type":"SearchAction","target":{"@type":"EntryPoint","urlTemplate":"https:\/\/deputadotaveirajr.com.br\/?s={search_term_string}"},"query-input":{"@type":"PropertyValueSpecification","valueRequired":true,"valueName":"search_term_string"}}],"inLanguage":"pt-BR"},{"@type":"Organization","@id":"https:\/\/deputadotaveirajr.com.br\/#organization","name":"Taveira Jr","url":"https:\/\/deputadotaveirajr.com.br\/","logo":{"@type":"ImageObject","inLanguage":"pt-BR","@id":"https:\/\/deputadotaveirajr.com.br\/#\/schema\/logo\/image\/","url":"https:\/\/deputadotaveirajr.com.br\/wp-content\/uploads\/2026\/01\/logolow2a.png","contentUrl":"https:\/\/deputadotaveirajr.com.br\/wp-content\/uploads\/2026\/01\/logolow2a.png","width":290,"height":80,"caption":"Taveira Jr"},"image":{"@id":"https:\/\/deputadotaveirajr.com.br\/#\/schema\/logo\/image\/"}}]}},"_links":{"self":[{"href":"https:\/\/deputadotaveirajr.com.br\/index.php\/wp-json\/wp\/v2\/pages\/13864","targetHints":{"allow":["GET"]}}],"collection":[{"href":"https:\/\/deputadotaveirajr.com.br\/index.php\/wp-json\/wp\/v2\/pages"}],"about":[{"href":"https:\/\/deputadotaveirajr.com.br\/index.php\/wp-json\/wp\/v2\/types\/page"}],"replies":[{"embeddable":true,"href":"https:\/\/deputadotaveirajr.com.br\/index.php\/wp-json\/wp\/v2\/comments?post=13864"}],"version-history":[{"count":0,"href":"https:\/\/deputadotaveirajr.com.br\/index.php\/wp-json\/wp\/v2\/pages\/13864\/revisions"}],"wp:featuredmedia":[{"embeddable":true,"href":"https:\/\/deputadotaveirajr.com.br\/index.php\/wp-json\/wp\/v2\/media\/13865"}],"wp:attachment":[{"href":"https:\/\/deputadotaveirajr.com.br\/index.php\/wp-json\/wp\/v2\/media?parent=13864"}],"curies":[{"name":"wp","href":"https:\/\/api.w.org\/{rel}","templated":true}]}}