{"id":13866,"date":"2025-08-15T11:05:21","date_gmt":"2025-08-15T14:05:21","guid":{"rendered":"https:\/\/deputadotaveirajr.com.br\/index.php\/homem-e-preso-por-perseguicoes-ataques-e-ameacas-contra-casais-homoafetivos-em-natal\/"},"modified":"2025-08-15T11:05:21","modified_gmt":"2025-08-15T14:05:21","slug":"homem-e-preso-por-perseguicoes-ataques-e-ameacas-contra-casais-homoafetivos-em-natal","status":"publish","type":"page","link":"https:\/\/deputadotaveirajr.com.br\/index.php\/homem-e-preso-por-perseguicoes-ataques-e-ameacas-contra-casais-homoafetivos-em-natal\/","title":{"rendered":"Homem \u00e9 preso por persegui\u00e7\u00f5es, ataques e amea\u00e7as contra casais homoafetivos em Natal"},"content":{"rendered":"<p><img decoding=\"async\" src=\"https:\/\/s2-g1.glbimg.com\/CxqzaSbHp-XcJBazvwFXw3NHHYY=\/i.s3.glbimg.com\/v1\/AUTH_59edd422c0c84a879bd37670ae4f538a\/internal_photos\/bs\/2025\/9\/b\/ACfDLhQrGeNUjgvQYQYA\/captura-de-tela-2025-08-15-as-09.46.28.png\" \/><br \/>     Homem \u00e9 preso suspeito de homofobia e amea\u00e7as a vizinhos em Natal<br \/>\nUm homem de 49 anos foi preso em Natal na tarde de quinta-feira (14) por ataques, persegui\u00e7\u00f5es e amea\u00e7as a casais homoafetivos, principalmente casais de mulheres.<br \/>\nDe acordo com a Pol\u00edcia Civil, as investiga\u00e7\u00f5es indicam que o suspeito praticava crimes de homofobia, inj\u00faria qualificada, amea\u00e7a e persegui\u00e7\u00e3o de forma reiterada.<br \/>\n\ud83d\udcf3 Clique aqui para seguir o canal do g1 RN no WhatsApp<br \/>\n\u201cEle cantava e dizia que o casal \u2018tinha que morrer\u2019, perseguia as v\u00edtimas com moto, fazia simula\u00e7\u00f5es de arma de fogo e jogava artefatos explosivos. Muitas pessoas ficaram aterrorizadas e algumas se mudaram \u00e0s pressas, mesmo sem recursos para isso\u201d, afirmou a delegada do caso, Paola Mau\u00e9s.<br \/>\nA delegada acrescentou que o suspeito j\u00e1 tinha hist\u00f3rico de crimes de perturba\u00e7\u00e3o, amea\u00e7a e dano contra vizinhos, al\u00e9m de inqu\u00e9ritos por viol\u00eancia dom\u00e9stica. \u201cAs testemunhas que colaboravam se tornavam v\u00edtimas dele. Tamb\u00e9m perseguia e ofendia o s\u00edndico do pr\u00e9dio, em raz\u00e3o da orienta\u00e7\u00e3o sexual\u201d, disse.<br \/>\nEm um dos ataques, segundo a Pol\u00edcia, ele arremessou artefatos explosivos da janela de seu apartamento em dire\u00e7\u00e3o \u00e0 garagem do pr\u00e9dio, enquanto fazia coment\u00e1rios preconceituosos.<br \/>\nO ato foi registrado por c\u00e2meras de seguran\u00e7a e presenciado por moradores, que relataram p\u00e2nico e temor pela seguran\u00e7a.<br \/>\nAl\u00e9m dos ataques homof\u00f3bicos, o homem possui mais de 20 registros policiais e 14 processos judiciais, principalmente por perturba\u00e7\u00e3o da tranquilidade, amea\u00e7a e dano, envolvendo vizinhos e familiares.<br \/>\nO condom\u00ednio entrou com a\u00e7\u00e3o c\u00edvel onde pede a expuls\u00e3o do investigado. O risco para os moradores, segundo a Pol\u00edcia Civil, levou \u00e0 decreta\u00e7\u00e3o da pris\u00e3o preventiva.<br \/>\nCrimes<br \/>\nPaola Mau\u00e9s detalhou ainda as consequ\u00eancias legais do caso: \u201cEle vai responder pela discrimina\u00e7\u00e3o e inj\u00faria qualificada em raz\u00e3o da orienta\u00e7\u00e3o sexual, pelas persegui\u00e7\u00f5es e pelos crimes de amea\u00e7a. Os crimes contra o preconceito v\u00e3o variar de dois a cinco anos, e as penas ser\u00e3o somadas por causa do contexto&#8221;.<br \/>\nDurante a busca, a Pol\u00edcia Civil apreendeu dispositivos eletr\u00f4nicos e grande quantia em dinheiro, que ser\u00e3o analisados em investiga\u00e7\u00e3o espec\u00edfica, j\u00e1 que o suspeito afirmou estar desempregado e realizar apenas \u201cbicos\u201d.<br \/>\nA Delegacia Especializada de Combate a Crimes de Racismo, Intoler\u00e2ncia e Discrimina\u00e7\u00e3o (DECRID) refor\u00e7a que den\u00fancias sobre racismo, intoler\u00e2ncia e discrimina\u00e7\u00e3o podem ser feitas presencialmente ou pelo telefone 181, de forma an\u00f4nima.<br \/>\nHomem \u00e9 preso suspeito de homofobia e amea\u00e7as a vizinhos em Natal<br \/>\nReprodu\u00e7\u00e3o\/PCRN<br \/>\nVeja os v\u00eddeos mais assistidos do g1 RN<\/p>","protected":false},"excerpt":{"rendered":"<p>Homem \u00e9 preso suspeito de homofobia e amea\u00e7as a vizinhos em Natal Um homem de 49 anos foi preso em Natal na tarde de quinta-feira (14) por ataques, persegui\u00e7\u00f5es e &#8230;<\/p>\n","protected":false},"author":0,"featured_media":13867,"parent":0,"menu_order":0,"comment_status":"closed","ping_status":"closed","template":"","meta":{"footnotes":""},"class_list":["post-13866","page","type-page","status-publish","has-post-thumbnail","hentry"],"yoast_head":"<!-- This site is optimized with the Yoast SEO plugin v27.1.1 - https:\/\/yoast.com\/product\/yoast-seo-wordpress\/ -->\n<title>Homem \u00e9 preso por persegui\u00e7\u00f5es, ataques e amea\u00e7as contra casais homoafetivos em Natal - Taveira Jr<\/title>\n<meta name=\"robots\" content=\"index, follow, max-snippet:-1, max-image-preview:large, max-video-preview:-1\" \/>\n<link rel=\"canonical\" href=\"https:\/\/deputadotaveirajr.com.br\/index.php\/homem-e-preso-por-perseguicoes-ataques-e-ameacas-contra-casais-homoafetivos-em-natal\/\" \/>\n<meta property=\"og:locale\" content=\"pt_BR\" \/>\n<meta property=\"og:type\" content=\"article\" \/>\n<meta property=\"og:title\" content=\"Homem \u00e9 preso por persegui\u00e7\u00f5es, ataques e amea\u00e7as contra casais homoafetivos em Natal - Taveira Jr\" \/>\n<meta property=\"og:description\" content=\"Homem \u00e9 preso suspeito de homofobia e amea\u00e7as a vizinhos em Natal Um homem de 49 anos foi preso em Natal na tarde de quinta-feira (14) por ataques, persegui\u00e7\u00f5es e ...\" \/>\n<meta property=\"og:url\" content=\"https:\/\/deputadotaveirajr.com.br\/index.php\/homem-e-preso-por-perseguicoes-ataques-e-ameacas-contra-casais-homoafetivos-em-natal\/\" \/>\n<meta property=\"og:site_name\" content=\"Taveira Jr\" \/>\n<meta property=\"og:image\" content=\"https:\/\/s2-g1.glbimg.com\/CxqzaSbHp-XcJBazvwFXw3NHHYY=\/i.s3.glbimg.com\/v1\/AUTH_59edd422c0c84a879bd37670ae4f538a\/internal_photos\/bs\/2025\/9\/b\/ACfDLhQrGeNUjgvQYQYA\/captura-de-tela-2025-08-15-as-09.46.28.png\" \/>\n<meta name=\"twitter:card\" content=\"summary_large_image\" \/>\n<meta name=\"twitter:label1\" content=\"Est. tempo de leitura\" \/>\n\t<meta name=\"twitter:data1\" content=\"2 minutos\" \/>\n<script type=\"application\/ld+json\" class=\"yoast-schema-graph\">{\"@context\":\"https:\/\/schema.org\",\"@graph\":[{\"@type\":\"WebPage\",\"@id\":\"https:\/\/deputadotaveirajr.com.br\/index.php\/homem-e-preso-por-perseguicoes-ataques-e-ameacas-contra-casais-homoafetivos-em-natal\/\",\"url\":\"https:\/\/deputadotaveirajr.com.br\/index.php\/homem-e-preso-por-perseguicoes-ataques-e-ameacas-contra-casais-homoafetivos-em-natal\/\",\"name\":\"Homem \u00e9 preso por persegui\u00e7\u00f5es, ataques e amea\u00e7as contra casais homoafetivos em Natal - Taveira Jr\",\"isPartOf\":{\"@id\":\"https:\/\/deputadotaveirajr.com.br\/#website\"},\"primaryImageOfPage\":{\"@id\":\"https:\/\/deputadotaveirajr.com.br\/index.php\/homem-e-preso-por-perseguicoes-ataques-e-ameacas-contra-casais-homoafetivos-em-natal\/#primaryimage\"},\"image\":{\"@id\":\"https:\/\/deputadotaveirajr.com.br\/index.php\/homem-e-preso-por-perseguicoes-ataques-e-ameacas-contra-casais-homoafetivos-em-natal\/#primaryimage\"},\"thumbnailUrl\":\"https:\/\/deputadotaveirajr.com.br\/wp-content\/uploads\/2025\/08\/captura-de-tela-2025-08-15-as-09.46.28-tT1V3J.jpg\",\"datePublished\":\"2025-08-15T14:05:21+00:00\",\"breadcrumb\":{\"@id\":\"https:\/\/deputadotaveirajr.com.br\/index.php\/homem-e-preso-por-perseguicoes-ataques-e-ameacas-contra-casais-homoafetivos-em-natal\/#breadcrumb\"},\"inLanguage\":\"pt-BR\",\"potentialAction\":[{\"@type\":\"ReadAction\",\"target\":[\"https:\/\/deputadotaveirajr.com.br\/index.php\/homem-e-preso-por-perseguicoes-ataques-e-ameacas-contra-casais-homoafetivos-em-natal\/\"]}]},{\"@type\":\"ImageObject\",\"inLanguage\":\"pt-BR\",\"@id\":\"https:\/\/deputadotaveirajr.com.br\/index.php\/homem-e-preso-por-perseguicoes-ataques-e-ameacas-contra-casais-homoafetivos-em-natal\/#primaryimage\",\"url\":\"https:\/\/deputadotaveirajr.com.br\/wp-content\/uploads\/2025\/08\/captura-de-tela-2025-08-15-as-09.46.28-tT1V3J.jpg\",\"contentUrl\":\"https:\/\/deputadotaveirajr.com.br\/wp-content\/uploads\/2025\/08\/captura-de-tela-2025-08-15-as-09.46.28-tT1V3J.jpg\",\"width\":1365,\"height\":680},{\"@type\":\"BreadcrumbList\",\"@id\":\"https:\/\/deputadotaveirajr.com.br\/index.php\/homem-e-preso-por-perseguicoes-ataques-e-ameacas-contra-casais-homoafetivos-em-natal\/#breadcrumb\",\"itemListElement\":[{\"@type\":\"ListItem\",\"position\":1,\"name\":\"In\u00edcio\",\"item\":\"https:\/\/deputadotaveirajr.com.br\/\"},{\"@type\":\"ListItem\",\"position\":2,\"name\":\"Homem \u00e9 preso por persegui\u00e7\u00f5es, ataques e amea\u00e7as contra casais homoafetivos em Natal\"}]},{\"@type\":\"WebSite\",\"@id\":\"https:\/\/deputadotaveirajr.com.br\/#website\",\"url\":\"https:\/\/deputadotaveirajr.com.br\/\",\"name\":\"Taveira Jr\",\"description\":\"Deputado Estadual\",\"publisher\":{\"@id\":\"https:\/\/deputadotaveirajr.com.br\/#organization\"},\"potentialAction\":[{\"@type\":\"SearchAction\",\"target\":{\"@type\":\"EntryPoint\",\"urlTemplate\":\"https:\/\/deputadotaveirajr.com.br\/?s={search_term_string}\"},\"query-input\":{\"@type\":\"PropertyValueSpecification\",\"valueRequired\":true,\"valueName\":\"search_term_string\"}}],\"inLanguage\":\"pt-BR\"},{\"@type\":\"Organization\",\"@id\":\"https:\/\/deputadotaveirajr.com.br\/#organization\",\"name\":\"Taveira Jr\",\"url\":\"https:\/\/deputadotaveirajr.com.br\/\",\"logo\":{\"@type\":\"ImageObject\",\"inLanguage\":\"pt-BR\",\"@id\":\"https:\/\/deputadotaveirajr.com.br\/#\/schema\/logo\/image\/\",\"url\":\"https:\/\/deputadotaveirajr.com.br\/wp-content\/uploads\/2026\/01\/logolow2a.png\",\"contentUrl\":\"https:\/\/deputadotaveirajr.com.br\/wp-content\/uploads\/2026\/01\/logolow2a.png\",\"width\":290,\"height\":80,\"caption\":\"Taveira Jr\"},\"image\":{\"@id\":\"https:\/\/deputadotaveirajr.com.br\/#\/schema\/logo\/image\/\"}}]}<\/script>\n<!-- \/ Yoast SEO plugin. -->","yoast_head_json":{"title":"Homem \u00e9 preso por persegui\u00e7\u00f5es, ataques e amea\u00e7as contra casais homoafetivos em Natal - Taveira Jr","robots":{"index":"index","follow":"follow","max-snippet":"max-snippet:-1","max-image-preview":"max-image-preview:large","max-video-preview":"max-video-preview:-1"},"canonical":"https:\/\/deputadotaveirajr.com.br\/index.php\/homem-e-preso-por-perseguicoes-ataques-e-ameacas-contra-casais-homoafetivos-em-natal\/","og_locale":"pt_BR","og_type":"article","og_title":"Homem \u00e9 preso por persegui\u00e7\u00f5es, ataques e amea\u00e7as contra casais homoafetivos em Natal - Taveira Jr","og_description":"Homem \u00e9 preso suspeito de homofobia e amea\u00e7as a vizinhos em Natal Um homem de 49 anos foi preso em Natal na tarde de quinta-feira (14) por ataques, persegui\u00e7\u00f5es e ...","og_url":"https:\/\/deputadotaveirajr.com.br\/index.php\/homem-e-preso-por-perseguicoes-ataques-e-ameacas-contra-casais-homoafetivos-em-natal\/","og_site_name":"Taveira Jr","og_image":[{"url":"https:\/\/s2-g1.glbimg.com\/CxqzaSbHp-XcJBazvwFXw3NHHYY=\/i.s3.glbimg.com\/v1\/AUTH_59edd422c0c84a879bd37670ae4f538a\/internal_photos\/bs\/2025\/9\/b\/ACfDLhQrGeNUjgvQYQYA\/captura-de-tela-2025-08-15-as-09.46.28.png","type":"","width":"","height":""}],"twitter_card":"summary_large_image","twitter_misc":{"Est. tempo de leitura":"2 minutos"},"schema":{"@context":"https:\/\/schema.org","@graph":[{"@type":"WebPage","@id":"https:\/\/deputadotaveirajr.com.br\/index.php\/homem-e-preso-por-perseguicoes-ataques-e-ameacas-contra-casais-homoafetivos-em-natal\/","url":"https:\/\/deputadotaveirajr.com.br\/index.php\/homem-e-preso-por-perseguicoes-ataques-e-ameacas-contra-casais-homoafetivos-em-natal\/","name":"Homem \u00e9 preso por persegui\u00e7\u00f5es, ataques e amea\u00e7as contra casais homoafetivos em Natal - Taveira Jr","isPartOf":{"@id":"https:\/\/deputadotaveirajr.com.br\/#website"},"primaryImageOfPage":{"@id":"https:\/\/deputadotaveirajr.com.br\/index.php\/homem-e-preso-por-perseguicoes-ataques-e-ameacas-contra-casais-homoafetivos-em-natal\/#primaryimage"},"image":{"@id":"https:\/\/deputadotaveirajr.com.br\/index.php\/homem-e-preso-por-perseguicoes-ataques-e-ameacas-contra-casais-homoafetivos-em-natal\/#primaryimage"},"thumbnailUrl":"https:\/\/deputadotaveirajr.com.br\/wp-content\/uploads\/2025\/08\/captura-de-tela-2025-08-15-as-09.46.28-tT1V3J.jpg","datePublished":"2025-08-15T14:05:21+00:00","breadcrumb":{"@id":"https:\/\/deputadotaveirajr.com.br\/index.php\/homem-e-preso-por-perseguicoes-ataques-e-ameacas-contra-casais-homoafetivos-em-natal\/#breadcrumb"},"inLanguage":"pt-BR","potentialAction":[{"@type":"ReadAction","target":["https:\/\/deputadotaveirajr.com.br\/index.php\/homem-e-preso-por-perseguicoes-ataques-e-ameacas-contra-casais-homoafetivos-em-natal\/"]}]},{"@type":"ImageObject","inLanguage":"pt-BR","@id":"https:\/\/deputadotaveirajr.com.br\/index.php\/homem-e-preso-por-perseguicoes-ataques-e-ameacas-contra-casais-homoafetivos-em-natal\/#primaryimage","url":"https:\/\/deputadotaveirajr.com.br\/wp-content\/uploads\/2025\/08\/captura-de-tela-2025-08-15-as-09.46.28-tT1V3J.jpg","contentUrl":"https:\/\/deputadotaveirajr.com.br\/wp-content\/uploads\/2025\/08\/captura-de-tela-2025-08-15-as-09.46.28-tT1V3J.jpg","width":1365,"height":680},{"@type":"BreadcrumbList","@id":"https:\/\/deputadotaveirajr.com.br\/index.php\/homem-e-preso-por-perseguicoes-ataques-e-ameacas-contra-casais-homoafetivos-em-natal\/#breadcrumb","itemListElement":[{"@type":"ListItem","position":1,"name":"In\u00edcio","item":"https:\/\/deputadotaveirajr.com.br\/"},{"@type":"ListItem","position":2,"name":"Homem \u00e9 preso por persegui\u00e7\u00f5es, ataques e amea\u00e7as contra casais homoafetivos em Natal"}]},{"@type":"WebSite","@id":"https:\/\/deputadotaveirajr.com.br\/#website","url":"https:\/\/deputadotaveirajr.com.br\/","name":"Taveira Jr","description":"Deputado Estadual","publisher":{"@id":"https:\/\/deputadotaveirajr.com.br\/#organization"},"potentialAction":[{"@type":"SearchAction","target":{"@type":"EntryPoint","urlTemplate":"https:\/\/deputadotaveirajr.com.br\/?s={search_term_string}"},"query-input":{"@type":"PropertyValueSpecification","valueRequired":true,"valueName":"search_term_string"}}],"inLanguage":"pt-BR"},{"@type":"Organization","@id":"https:\/\/deputadotaveirajr.com.br\/#organization","name":"Taveira Jr","url":"https:\/\/deputadotaveirajr.com.br\/","logo":{"@type":"ImageObject","inLanguage":"pt-BR","@id":"https:\/\/deputadotaveirajr.com.br\/#\/schema\/logo\/image\/","url":"https:\/\/deputadotaveirajr.com.br\/wp-content\/uploads\/2026\/01\/logolow2a.png","contentUrl":"https:\/\/deputadotaveirajr.com.br\/wp-content\/uploads\/2026\/01\/logolow2a.png","width":290,"height":80,"caption":"Taveira Jr"},"image":{"@id":"https:\/\/deputadotaveirajr.com.br\/#\/schema\/logo\/image\/"}}]}},"_links":{"self":[{"href":"https:\/\/deputadotaveirajr.com.br\/index.php\/wp-json\/wp\/v2\/pages\/13866","targetHints":{"allow":["GET"]}}],"collection":[{"href":"https:\/\/deputadotaveirajr.com.br\/index.php\/wp-json\/wp\/v2\/pages"}],"about":[{"href":"https:\/\/deputadotaveirajr.com.br\/index.php\/wp-json\/wp\/v2\/types\/page"}],"replies":[{"embeddable":true,"href":"https:\/\/deputadotaveirajr.com.br\/index.php\/wp-json\/wp\/v2\/comments?post=13866"}],"version-history":[{"count":0,"href":"https:\/\/deputadotaveirajr.com.br\/index.php\/wp-json\/wp\/v2\/pages\/13866\/revisions"}],"wp:featuredmedia":[{"embeddable":true,"href":"https:\/\/deputadotaveirajr.com.br\/index.php\/wp-json\/wp\/v2\/media\/13867"}],"wp:attachment":[{"href":"https:\/\/deputadotaveirajr.com.br\/index.php\/wp-json\/wp\/v2\/media?parent=13866"}],"curies":[{"name":"wp","href":"https:\/\/api.w.org\/{rel}","templated":true}]}}