{"id":13880,"date":"2025-08-16T05:00:33","date_gmt":"2025-08-16T08:00:33","guid":{"rendered":"https:\/\/deputadotaveirajr.com.br\/index.php\/vacinacao-antirrabica-em-natal-veja-locais-disponiveis-neste-sabado-16\/"},"modified":"2025-08-16T05:00:33","modified_gmt":"2025-08-16T08:00:33","slug":"vacinacao-antirrabica-em-natal-veja-locais-disponiveis-neste-sabado-16","status":"publish","type":"page","link":"https:\/\/deputadotaveirajr.com.br\/index.php\/vacinacao-antirrabica-em-natal-veja-locais-disponiveis-neste-sabado-16\/","title":{"rendered":"Vacina\u00e7\u00e3o antirr\u00e1bica em Natal: veja locais dispon\u00edveis neste s\u00e1bado (16)"},"content":{"rendered":"<p><img decoding=\"async\" src=\"https:\/\/s2-g1.glbimg.com\/tsSC8wo4f4Fcx4ewZ2n8o9Dx5gQ=\/i.s3.glbimg.com\/v1\/AUTH_59edd422c0c84a879bd37670ae4f538a\/internal_photos\/bs\/2025\/I\/d\/rIpCPsQYqa95oYAXJ4dg\/vacinacao.jpg\" \/><br \/>     Vacina\u00e7\u00e3o antirr\u00e1bica come\u00e7a em Natal<br \/>\nA Campanha de Vacina\u00e7\u00e3o Antirr\u00e1bica 2025 contar\u00e1 com postos fixos e equipes realizando imuniza\u00e7\u00e3o porta a porta em diversos bairros de Natal neste s\u00e1bado (16). Veja a lista abaixo.<br \/>\n\ud83d\udcf3 Clique aqui para seguir o canal do g1 RN no WhatsApp<br \/>\nA Secretaria Municipal de Sa\u00fade (SMS) refor\u00e7a que devem ser vacinados c\u00e3es e gatos a partir de tr\u00eas meses de idade que ainda n\u00e3o tenham recebido a dose em 2025 e que n\u00e3o estejam em tratamento com medicamentos nos \u00faltimos 30 dias.<br \/>\nVacina\u00e7\u00e3o antirr\u00e1bica em Natal tem postos fixos e equipes realizando porta a porta<br \/>\nSMS\/Divulga\u00e7\u00e3o<br \/>\nA vacina \u00e9 gratuita e representa a \u00fanica forma eficaz de preven\u00e7\u00e3o contra a raiva, doen\u00e7a infecciosa grave, com \u00edndice de letalidade pr\u00f3ximo a 100%.<br \/>\nA raiva \u00e9 transmitida principalmente pela saliva de animais contaminados, geralmente por mordidas. A doen\u00e7a tamb\u00e9m pode ser adquirida por arranh\u00f5es ou pelo contato da saliva com mucosas ou feridas abertas.<br \/>\nPostos fixos de vacina\u00e7\u00e3o<br \/>\nDistrito Sanit\u00e1rio Norte I<br \/>\nUnidade de Vigil\u00e2ncia de Zoonoses \u2013 Av. das Fronteiras, 1526, Conjunto Santa Catarina, Potengi \u2013 8h \u00e0s 16h<br \/>\nUBS Paju\u00e7ara \u2013 Rua Bar\u00e3o dos Cocais, s\/n, Paju\u00e7ara \u2013 8h \u00e0s 12h<br \/>\nDistrito Sanit\u00e1rio Norte II<br \/>\nUBS Panatis \u2013 Rua Milton Servilha Brito, 994, Conjunto Panatis, Potengi &#8211; 8h \u00e0s 12h<br \/>\nDistrito Sanit\u00e1rio Leste<br \/>\nUBS S\u00e3o Jo\u00e3o \u2013 Avenida Romualdo Galv\u00e3o, 891, Tirol &#8211; 8h \u00e0s 12h<br \/>\nDistrito Sanit\u00e1rio Oeste<br \/>\nPolicl\u00ednica Oeste \u2013 Avenida Pernambuco, 251, Cidade da Esperan\u00e7a &#8211; 8h \u00e0s 12h<br \/>\nDistrito Sanit\u00e1rio Sul<br \/>\nUBS Sat\u00e9lite \u2013 Rua das Carna\u00fabas, 7789, Pitimbu &#8211; 8h \u00e0s 12h<br \/>\nVacina\u00e7\u00e3o porta a porta (8h \u00e0s 12h)<br \/>\nDistrito Norte I: Bairro Paju\u00e7ara<br \/>\nDistrito Norte II: Bairro Nossa Senhora da Apresenta\u00e7\u00e3o<br \/>\nDistrito Leste: Bairros Rocas e Santos Reis<br \/>\nDistrito Oeste: Bairro Bom Pastor<br \/>\nDistrito Sul: Bairro Planalto<\/p>","protected":false},"excerpt":{"rendered":"<p>Vacina\u00e7\u00e3o antirr\u00e1bica come\u00e7a em Natal A Campanha de Vacina\u00e7\u00e3o Antirr\u00e1bica 2025 contar\u00e1 com postos fixos e equipes realizando imuniza\u00e7\u00e3o porta a porta em diversos bairros de Natal neste s\u00e1bado (16). &#8230;<\/p>\n","protected":false},"author":0,"featured_media":13881,"parent":0,"menu_order":0,"comment_status":"closed","ping_status":"closed","template":"","meta":{"footnotes":""},"class_list":["post-13880","page","type-page","status-publish","has-post-thumbnail","hentry"],"yoast_head":"<!-- This site is optimized with the Yoast SEO plugin v27.1.1 - https:\/\/yoast.com\/product\/yoast-seo-wordpress\/ -->\n<title>Vacina\u00e7\u00e3o antirr\u00e1bica em Natal: veja locais dispon\u00edveis neste s\u00e1bado (16) - Taveira Jr<\/title>\n<meta name=\"robots\" content=\"index, follow, max-snippet:-1, max-image-preview:large, max-video-preview:-1\" \/>\n<link rel=\"canonical\" href=\"https:\/\/deputadotaveirajr.com.br\/index.php\/vacinacao-antirrabica-em-natal-veja-locais-disponiveis-neste-sabado-16\/\" \/>\n<meta property=\"og:locale\" content=\"pt_BR\" \/>\n<meta property=\"og:type\" content=\"article\" \/>\n<meta property=\"og:title\" content=\"Vacina\u00e7\u00e3o antirr\u00e1bica em Natal: veja locais dispon\u00edveis neste s\u00e1bado (16) - Taveira Jr\" \/>\n<meta property=\"og:description\" content=\"Vacina\u00e7\u00e3o antirr\u00e1bica come\u00e7a em Natal A Campanha de Vacina\u00e7\u00e3o Antirr\u00e1bica 2025 contar\u00e1 com postos fixos e equipes realizando imuniza\u00e7\u00e3o porta a porta em diversos bairros de Natal neste s\u00e1bado (16). ...\" \/>\n<meta property=\"og:url\" content=\"https:\/\/deputadotaveirajr.com.br\/index.php\/vacinacao-antirrabica-em-natal-veja-locais-disponiveis-neste-sabado-16\/\" \/>\n<meta property=\"og:site_name\" content=\"Taveira Jr\" \/>\n<meta property=\"og:image\" content=\"https:\/\/s2-g1.glbimg.com\/tsSC8wo4f4Fcx4ewZ2n8o9Dx5gQ=\/i.s3.glbimg.com\/v1\/AUTH_59edd422c0c84a879bd37670ae4f538a\/internal_photos\/bs\/2025\/I\/d\/rIpCPsQYqa95oYAXJ4dg\/vacinacao.jpg\" \/>\n<meta name=\"twitter:card\" content=\"summary_large_image\" \/>\n<meta name=\"twitter:label1\" content=\"Est. tempo de leitura\" \/>\n\t<meta name=\"twitter:data1\" content=\"2 minutos\" \/>\n<script type=\"application\/ld+json\" class=\"yoast-schema-graph\">{\"@context\":\"https:\/\/schema.org\",\"@graph\":[{\"@type\":\"WebPage\",\"@id\":\"https:\/\/deputadotaveirajr.com.br\/index.php\/vacinacao-antirrabica-em-natal-veja-locais-disponiveis-neste-sabado-16\/\",\"url\":\"https:\/\/deputadotaveirajr.com.br\/index.php\/vacinacao-antirrabica-em-natal-veja-locais-disponiveis-neste-sabado-16\/\",\"name\":\"Vacina\u00e7\u00e3o antirr\u00e1bica em Natal: veja locais dispon\u00edveis neste s\u00e1bado (16) - Taveira Jr\",\"isPartOf\":{\"@id\":\"https:\/\/deputadotaveirajr.com.br\/#website\"},\"primaryImageOfPage\":{\"@id\":\"https:\/\/deputadotaveirajr.com.br\/index.php\/vacinacao-antirrabica-em-natal-veja-locais-disponiveis-neste-sabado-16\/#primaryimage\"},\"image\":{\"@id\":\"https:\/\/deputadotaveirajr.com.br\/index.php\/vacinacao-antirrabica-em-natal-veja-locais-disponiveis-neste-sabado-16\/#primaryimage\"},\"thumbnailUrl\":\"https:\/\/deputadotaveirajr.com.br\/wp-content\/uploads\/2025\/08\/vacinacao-AUyjD1.jpg\",\"datePublished\":\"2025-08-16T08:00:33+00:00\",\"breadcrumb\":{\"@id\":\"https:\/\/deputadotaveirajr.com.br\/index.php\/vacinacao-antirrabica-em-natal-veja-locais-disponiveis-neste-sabado-16\/#breadcrumb\"},\"inLanguage\":\"pt-BR\",\"potentialAction\":[{\"@type\":\"ReadAction\",\"target\":[\"https:\/\/deputadotaveirajr.com.br\/index.php\/vacinacao-antirrabica-em-natal-veja-locais-disponiveis-neste-sabado-16\/\"]}]},{\"@type\":\"ImageObject\",\"inLanguage\":\"pt-BR\",\"@id\":\"https:\/\/deputadotaveirajr.com.br\/index.php\/vacinacao-antirrabica-em-natal-veja-locais-disponiveis-neste-sabado-16\/#primaryimage\",\"url\":\"https:\/\/deputadotaveirajr.com.br\/wp-content\/uploads\/2025\/08\/vacinacao-AUyjD1.jpg\",\"contentUrl\":\"https:\/\/deputadotaveirajr.com.br\/wp-content\/uploads\/2025\/08\/vacinacao-AUyjD1.jpg\",\"width\":1080,\"height\":798},{\"@type\":\"BreadcrumbList\",\"@id\":\"https:\/\/deputadotaveirajr.com.br\/index.php\/vacinacao-antirrabica-em-natal-veja-locais-disponiveis-neste-sabado-16\/#breadcrumb\",\"itemListElement\":[{\"@type\":\"ListItem\",\"position\":1,\"name\":\"In\u00edcio\",\"item\":\"https:\/\/deputadotaveirajr.com.br\/\"},{\"@type\":\"ListItem\",\"position\":2,\"name\":\"Vacina\u00e7\u00e3o antirr\u00e1bica em Natal: veja locais dispon\u00edveis neste s\u00e1bado (16)\"}]},{\"@type\":\"WebSite\",\"@id\":\"https:\/\/deputadotaveirajr.com.br\/#website\",\"url\":\"https:\/\/deputadotaveirajr.com.br\/\",\"name\":\"Taveira Jr\",\"description\":\"Deputado Estadual\",\"publisher\":{\"@id\":\"https:\/\/deputadotaveirajr.com.br\/#organization\"},\"potentialAction\":[{\"@type\":\"SearchAction\",\"target\":{\"@type\":\"EntryPoint\",\"urlTemplate\":\"https:\/\/deputadotaveirajr.com.br\/?s={search_term_string}\"},\"query-input\":{\"@type\":\"PropertyValueSpecification\",\"valueRequired\":true,\"valueName\":\"search_term_string\"}}],\"inLanguage\":\"pt-BR\"},{\"@type\":\"Organization\",\"@id\":\"https:\/\/deputadotaveirajr.com.br\/#organization\",\"name\":\"Taveira Jr\",\"url\":\"https:\/\/deputadotaveirajr.com.br\/\",\"logo\":{\"@type\":\"ImageObject\",\"inLanguage\":\"pt-BR\",\"@id\":\"https:\/\/deputadotaveirajr.com.br\/#\/schema\/logo\/image\/\",\"url\":\"https:\/\/deputadotaveirajr.com.br\/wp-content\/uploads\/2026\/01\/logolow2a.png\",\"contentUrl\":\"https:\/\/deputadotaveirajr.com.br\/wp-content\/uploads\/2026\/01\/logolow2a.png\",\"width\":290,\"height\":80,\"caption\":\"Taveira Jr\"},\"image\":{\"@id\":\"https:\/\/deputadotaveirajr.com.br\/#\/schema\/logo\/image\/\"}}]}<\/script>\n<!-- \/ Yoast SEO plugin. -->","yoast_head_json":{"title":"Vacina\u00e7\u00e3o antirr\u00e1bica em Natal: veja locais dispon\u00edveis neste s\u00e1bado (16) - Taveira Jr","robots":{"index":"index","follow":"follow","max-snippet":"max-snippet:-1","max-image-preview":"max-image-preview:large","max-video-preview":"max-video-preview:-1"},"canonical":"https:\/\/deputadotaveirajr.com.br\/index.php\/vacinacao-antirrabica-em-natal-veja-locais-disponiveis-neste-sabado-16\/","og_locale":"pt_BR","og_type":"article","og_title":"Vacina\u00e7\u00e3o antirr\u00e1bica em Natal: veja locais dispon\u00edveis neste s\u00e1bado (16) - Taveira Jr","og_description":"Vacina\u00e7\u00e3o antirr\u00e1bica come\u00e7a em Natal A Campanha de Vacina\u00e7\u00e3o Antirr\u00e1bica 2025 contar\u00e1 com postos fixos e equipes realizando imuniza\u00e7\u00e3o porta a porta em diversos bairros de Natal neste s\u00e1bado (16). ...","og_url":"https:\/\/deputadotaveirajr.com.br\/index.php\/vacinacao-antirrabica-em-natal-veja-locais-disponiveis-neste-sabado-16\/","og_site_name":"Taveira Jr","og_image":[{"url":"https:\/\/s2-g1.glbimg.com\/tsSC8wo4f4Fcx4ewZ2n8o9Dx5gQ=\/i.s3.glbimg.com\/v1\/AUTH_59edd422c0c84a879bd37670ae4f538a\/internal_photos\/bs\/2025\/I\/d\/rIpCPsQYqa95oYAXJ4dg\/vacinacao.jpg","type":"","width":"","height":""}],"twitter_card":"summary_large_image","twitter_misc":{"Est. tempo de leitura":"2 minutos"},"schema":{"@context":"https:\/\/schema.org","@graph":[{"@type":"WebPage","@id":"https:\/\/deputadotaveirajr.com.br\/index.php\/vacinacao-antirrabica-em-natal-veja-locais-disponiveis-neste-sabado-16\/","url":"https:\/\/deputadotaveirajr.com.br\/index.php\/vacinacao-antirrabica-em-natal-veja-locais-disponiveis-neste-sabado-16\/","name":"Vacina\u00e7\u00e3o antirr\u00e1bica em Natal: veja locais dispon\u00edveis neste s\u00e1bado (16) - Taveira Jr","isPartOf":{"@id":"https:\/\/deputadotaveirajr.com.br\/#website"},"primaryImageOfPage":{"@id":"https:\/\/deputadotaveirajr.com.br\/index.php\/vacinacao-antirrabica-em-natal-veja-locais-disponiveis-neste-sabado-16\/#primaryimage"},"image":{"@id":"https:\/\/deputadotaveirajr.com.br\/index.php\/vacinacao-antirrabica-em-natal-veja-locais-disponiveis-neste-sabado-16\/#primaryimage"},"thumbnailUrl":"https:\/\/deputadotaveirajr.com.br\/wp-content\/uploads\/2025\/08\/vacinacao-AUyjD1.jpg","datePublished":"2025-08-16T08:00:33+00:00","breadcrumb":{"@id":"https:\/\/deputadotaveirajr.com.br\/index.php\/vacinacao-antirrabica-em-natal-veja-locais-disponiveis-neste-sabado-16\/#breadcrumb"},"inLanguage":"pt-BR","potentialAction":[{"@type":"ReadAction","target":["https:\/\/deputadotaveirajr.com.br\/index.php\/vacinacao-antirrabica-em-natal-veja-locais-disponiveis-neste-sabado-16\/"]}]},{"@type":"ImageObject","inLanguage":"pt-BR","@id":"https:\/\/deputadotaveirajr.com.br\/index.php\/vacinacao-antirrabica-em-natal-veja-locais-disponiveis-neste-sabado-16\/#primaryimage","url":"https:\/\/deputadotaveirajr.com.br\/wp-content\/uploads\/2025\/08\/vacinacao-AUyjD1.jpg","contentUrl":"https:\/\/deputadotaveirajr.com.br\/wp-content\/uploads\/2025\/08\/vacinacao-AUyjD1.jpg","width":1080,"height":798},{"@type":"BreadcrumbList","@id":"https:\/\/deputadotaveirajr.com.br\/index.php\/vacinacao-antirrabica-em-natal-veja-locais-disponiveis-neste-sabado-16\/#breadcrumb","itemListElement":[{"@type":"ListItem","position":1,"name":"In\u00edcio","item":"https:\/\/deputadotaveirajr.com.br\/"},{"@type":"ListItem","position":2,"name":"Vacina\u00e7\u00e3o antirr\u00e1bica em Natal: veja locais dispon\u00edveis neste s\u00e1bado (16)"}]},{"@type":"WebSite","@id":"https:\/\/deputadotaveirajr.com.br\/#website","url":"https:\/\/deputadotaveirajr.com.br\/","name":"Taveira Jr","description":"Deputado Estadual","publisher":{"@id":"https:\/\/deputadotaveirajr.com.br\/#organization"},"potentialAction":[{"@type":"SearchAction","target":{"@type":"EntryPoint","urlTemplate":"https:\/\/deputadotaveirajr.com.br\/?s={search_term_string}"},"query-input":{"@type":"PropertyValueSpecification","valueRequired":true,"valueName":"search_term_string"}}],"inLanguage":"pt-BR"},{"@type":"Organization","@id":"https:\/\/deputadotaveirajr.com.br\/#organization","name":"Taveira Jr","url":"https:\/\/deputadotaveirajr.com.br\/","logo":{"@type":"ImageObject","inLanguage":"pt-BR","@id":"https:\/\/deputadotaveirajr.com.br\/#\/schema\/logo\/image\/","url":"https:\/\/deputadotaveirajr.com.br\/wp-content\/uploads\/2026\/01\/logolow2a.png","contentUrl":"https:\/\/deputadotaveirajr.com.br\/wp-content\/uploads\/2026\/01\/logolow2a.png","width":290,"height":80,"caption":"Taveira Jr"},"image":{"@id":"https:\/\/deputadotaveirajr.com.br\/#\/schema\/logo\/image\/"}}]}},"_links":{"self":[{"href":"https:\/\/deputadotaveirajr.com.br\/index.php\/wp-json\/wp\/v2\/pages\/13880","targetHints":{"allow":["GET"]}}],"collection":[{"href":"https:\/\/deputadotaveirajr.com.br\/index.php\/wp-json\/wp\/v2\/pages"}],"about":[{"href":"https:\/\/deputadotaveirajr.com.br\/index.php\/wp-json\/wp\/v2\/types\/page"}],"replies":[{"embeddable":true,"href":"https:\/\/deputadotaveirajr.com.br\/index.php\/wp-json\/wp\/v2\/comments?post=13880"}],"version-history":[{"count":0,"href":"https:\/\/deputadotaveirajr.com.br\/index.php\/wp-json\/wp\/v2\/pages\/13880\/revisions"}],"wp:featuredmedia":[{"embeddable":true,"href":"https:\/\/deputadotaveirajr.com.br\/index.php\/wp-json\/wp\/v2\/media\/13881"}],"wp:attachment":[{"href":"https:\/\/deputadotaveirajr.com.br\/index.php\/wp-json\/wp\/v2\/media?parent=13880"}],"curies":[{"name":"wp","href":"https:\/\/api.w.org\/{rel}","templated":true}]}}