{"id":13884,"date":"2025-08-16T10:03:13","date_gmt":"2025-08-16T13:03:13","guid":{"rendered":"https:\/\/deputadotaveirajr.com.br\/index.php\/espetaculo-a-mostrada-2-tem-apresentacao-unica-no-teatro-alberto-maranhao\/"},"modified":"2025-08-16T10:03:13","modified_gmt":"2025-08-16T13:03:13","slug":"espetaculo-a-mostrada-2-tem-apresentacao-unica-no-teatro-alberto-maranhao","status":"publish","type":"page","link":"https:\/\/deputadotaveirajr.com.br\/index.php\/espetaculo-a-mostrada-2-tem-apresentacao-unica-no-teatro-alberto-maranhao\/","title":{"rendered":"Espet\u00e1culo &#8216;A Mostrada 2&#8217; tem apresenta\u00e7\u00e3o \u00fanica no Teatro Alberto Maranh\u00e3o"},"content":{"rendered":"<p><img decoding=\"async\" src=\"https:\/\/s2-g1.glbimg.com\/MKDOw7ZN2pvlIKjTxMxEFU_EjY4=\/i.s3.glbimg.com\/v1\/AUTH_59edd422c0c84a879bd37670ae4f538a\/internal_photos\/bs\/2025\/D\/B\/L7XPbzQlWpd6V5X3lbLw\/brunnomartins-5v3a6974-aprimorado-nr.jpeg\" \/><br \/>     &#8216;A Mostrada 2 \u2013 Mais Horripilante e Tragicamente C\u00f4mica&#8217;, do grupo Cri\u00f4, estar\u00e1 no palco do TAM, nesta ter\u00e7a-feira (19)<br \/>\nBrunno Martins<br \/>\nO espet\u00e1culo &#8220;A Mostrada 2 \u2013 Mais Horripilante e Tragicamente C\u00f4mica&#8221; ser\u00e1 apresentado nesta ter\u00e7a-feira (19), \u00e0s 19h30, no Teatro Alberto Maranh\u00e3o, em Natal. A montagem \u00e9 do grupo Cri\u00f4 \u2013 N\u00facleo Potiguar de Cria\u00e7\u00e3o em Teatro Musical e re\u00fane cerca de 40 artistas potiguares, entre elenco, m\u00fasicos e equipe t\u00e9cnica.<br \/>\nOs ingressos est\u00e3o \u00e0 venda no Sympla.<br \/>\n\ud83d\udcf3 Clique aqui para seguir o canal do g1 RN no WhatsApp<br \/>\nO p\u00fablico vai assistir a n\u00fameros inspirados em produ\u00e7\u00f5es como Beetlejuice, Fam\u00edlia Addams, Sweeney Todd, Vamp, Legalmente Loira, Hairspray e Cats.<br \/>\nA dire\u00e7\u00e3o e coreografias s\u00e3o de Dudu Galv\u00e3o, com assist\u00eancia, cenografia e ilumina\u00e7\u00e3o de Rog\u00e9rio Ferraz. A m\u00fasica ao vivo tem dire\u00e7\u00e3o do pianista Anderson Trajano, acompanhado de banda formada por integrantes do Cri\u00f4.<br \/>\nO Cri\u00f4 nasceu em 2024 a partir de uma oficina pr\u00e1tica conduzida por Dudu Galv\u00e3o, Rog\u00e9rio Ferraz e Anderson Trajano, e se tornou um n\u00facleo permanente de cria\u00e7\u00e3o e forma\u00e7\u00e3o.<br \/>\nTorresmofest: festival gratuito acontece at\u00e9 domingo (17) em Natal<\/p>","protected":false},"excerpt":{"rendered":"<p>&#8216;A Mostrada 2 \u2013 Mais Horripilante e Tragicamente C\u00f4mica&#8217;, do grupo Cri\u00f4, estar\u00e1 no palco do TAM, nesta ter\u00e7a-feira (19) Brunno Martins O espet\u00e1culo &#8220;A Mostrada 2 \u2013 Mais Horripilante &#8230;<\/p>\n","protected":false},"author":0,"featured_media":13885,"parent":0,"menu_order":0,"comment_status":"closed","ping_status":"closed","template":"","meta":{"footnotes":""},"class_list":["post-13884","page","type-page","status-publish","has-post-thumbnail","hentry"],"yoast_head":"<!-- This site is optimized with the Yoast SEO plugin v27.1.1 - https:\/\/yoast.com\/product\/yoast-seo-wordpress\/ -->\n<title>Espet\u00e1culo &#039;A Mostrada 2&#039; tem apresenta\u00e7\u00e3o \u00fanica no Teatro Alberto Maranh\u00e3o - Taveira Jr<\/title>\n<meta name=\"robots\" content=\"index, follow, max-snippet:-1, max-image-preview:large, max-video-preview:-1\" \/>\n<link rel=\"canonical\" href=\"https:\/\/deputadotaveirajr.com.br\/index.php\/espetaculo-a-mostrada-2-tem-apresentacao-unica-no-teatro-alberto-maranhao\/\" \/>\n<meta property=\"og:locale\" content=\"pt_BR\" \/>\n<meta property=\"og:type\" content=\"article\" \/>\n<meta property=\"og:title\" content=\"Espet\u00e1culo &#039;A Mostrada 2&#039; tem apresenta\u00e7\u00e3o \u00fanica no Teatro Alberto Maranh\u00e3o - Taveira Jr\" \/>\n<meta property=\"og:description\" content=\"&#8216;A Mostrada 2 \u2013 Mais Horripilante e Tragicamente C\u00f4mica&#8217;, do grupo Cri\u00f4, estar\u00e1 no palco do TAM, nesta ter\u00e7a-feira (19) Brunno Martins O espet\u00e1culo &#8220;A Mostrada 2 \u2013 Mais Horripilante ...\" \/>\n<meta property=\"og:url\" content=\"https:\/\/deputadotaveirajr.com.br\/index.php\/espetaculo-a-mostrada-2-tem-apresentacao-unica-no-teatro-alberto-maranhao\/\" \/>\n<meta property=\"og:site_name\" content=\"Taveira Jr\" \/>\n<meta property=\"og:image\" content=\"https:\/\/s2-g1.glbimg.com\/MKDOw7ZN2pvlIKjTxMxEFU_EjY4=\/i.s3.glbimg.com\/v1\/AUTH_59edd422c0c84a879bd37670ae4f538a\/internal_photos\/bs\/2025\/D\/B\/L7XPbzQlWpd6V5X3lbLw\/brunnomartins-5v3a6974-aprimorado-nr.jpeg\" \/>\n<meta name=\"twitter:card\" content=\"summary_large_image\" \/>\n<meta name=\"twitter:label1\" content=\"Est. tempo de leitura\" \/>\n\t<meta name=\"twitter:data1\" content=\"1 minuto\" \/>\n<script type=\"application\/ld+json\" class=\"yoast-schema-graph\">{\"@context\":\"https:\/\/schema.org\",\"@graph\":[{\"@type\":\"WebPage\",\"@id\":\"https:\/\/deputadotaveirajr.com.br\/index.php\/espetaculo-a-mostrada-2-tem-apresentacao-unica-no-teatro-alberto-maranhao\/\",\"url\":\"https:\/\/deputadotaveirajr.com.br\/index.php\/espetaculo-a-mostrada-2-tem-apresentacao-unica-no-teatro-alberto-maranhao\/\",\"name\":\"Espet\u00e1culo 'A Mostrada 2' tem apresenta\u00e7\u00e3o \u00fanica no Teatro Alberto Maranh\u00e3o - Taveira Jr\",\"isPartOf\":{\"@id\":\"https:\/\/deputadotaveirajr.com.br\/#website\"},\"primaryImageOfPage\":{\"@id\":\"https:\/\/deputadotaveirajr.com.br\/index.php\/espetaculo-a-mostrada-2-tem-apresentacao-unica-no-teatro-alberto-maranhao\/#primaryimage\"},\"image\":{\"@id\":\"https:\/\/deputadotaveirajr.com.br\/index.php\/espetaculo-a-mostrada-2-tem-apresentacao-unica-no-teatro-alberto-maranhao\/#primaryimage\"},\"thumbnailUrl\":\"https:\/\/deputadotaveirajr.com.br\/wp-content\/uploads\/2025\/08\/brunnomartins-5v3a6974-aprimorado-nr-MUqLV7-scaled.jpg\",\"datePublished\":\"2025-08-16T13:03:13+00:00\",\"breadcrumb\":{\"@id\":\"https:\/\/deputadotaveirajr.com.br\/index.php\/espetaculo-a-mostrada-2-tem-apresentacao-unica-no-teatro-alberto-maranhao\/#breadcrumb\"},\"inLanguage\":\"pt-BR\",\"potentialAction\":[{\"@type\":\"ReadAction\",\"target\":[\"https:\/\/deputadotaveirajr.com.br\/index.php\/espetaculo-a-mostrada-2-tem-apresentacao-unica-no-teatro-alberto-maranhao\/\"]}]},{\"@type\":\"ImageObject\",\"inLanguage\":\"pt-BR\",\"@id\":\"https:\/\/deputadotaveirajr.com.br\/index.php\/espetaculo-a-mostrada-2-tem-apresentacao-unica-no-teatro-alberto-maranhao\/#primaryimage\",\"url\":\"https:\/\/deputadotaveirajr.com.br\/wp-content\/uploads\/2025\/08\/brunnomartins-5v3a6974-aprimorado-nr-MUqLV7-scaled.jpg\",\"contentUrl\":\"https:\/\/deputadotaveirajr.com.br\/wp-content\/uploads\/2025\/08\/brunnomartins-5v3a6974-aprimorado-nr-MUqLV7-scaled.jpg\",\"width\":2560,\"height\":1707},{\"@type\":\"BreadcrumbList\",\"@id\":\"https:\/\/deputadotaveirajr.com.br\/index.php\/espetaculo-a-mostrada-2-tem-apresentacao-unica-no-teatro-alberto-maranhao\/#breadcrumb\",\"itemListElement\":[{\"@type\":\"ListItem\",\"position\":1,\"name\":\"In\u00edcio\",\"item\":\"https:\/\/deputadotaveirajr.com.br\/\"},{\"@type\":\"ListItem\",\"position\":2,\"name\":\"Espet\u00e1culo &#8216;A Mostrada 2&#8217; tem apresenta\u00e7\u00e3o \u00fanica no Teatro Alberto Maranh\u00e3o\"}]},{\"@type\":\"WebSite\",\"@id\":\"https:\/\/deputadotaveirajr.com.br\/#website\",\"url\":\"https:\/\/deputadotaveirajr.com.br\/\",\"name\":\"Taveira Jr\",\"description\":\"Deputado Estadual\",\"publisher\":{\"@id\":\"https:\/\/deputadotaveirajr.com.br\/#organization\"},\"potentialAction\":[{\"@type\":\"SearchAction\",\"target\":{\"@type\":\"EntryPoint\",\"urlTemplate\":\"https:\/\/deputadotaveirajr.com.br\/?s={search_term_string}\"},\"query-input\":{\"@type\":\"PropertyValueSpecification\",\"valueRequired\":true,\"valueName\":\"search_term_string\"}}],\"inLanguage\":\"pt-BR\"},{\"@type\":\"Organization\",\"@id\":\"https:\/\/deputadotaveirajr.com.br\/#organization\",\"name\":\"Taveira Jr\",\"url\":\"https:\/\/deputadotaveirajr.com.br\/\",\"logo\":{\"@type\":\"ImageObject\",\"inLanguage\":\"pt-BR\",\"@id\":\"https:\/\/deputadotaveirajr.com.br\/#\/schema\/logo\/image\/\",\"url\":\"https:\/\/deputadotaveirajr.com.br\/wp-content\/uploads\/2026\/01\/logolow2a.png\",\"contentUrl\":\"https:\/\/deputadotaveirajr.com.br\/wp-content\/uploads\/2026\/01\/logolow2a.png\",\"width\":290,\"height\":80,\"caption\":\"Taveira Jr\"},\"image\":{\"@id\":\"https:\/\/deputadotaveirajr.com.br\/#\/schema\/logo\/image\/\"}}]}<\/script>\n<!-- \/ Yoast SEO plugin. -->","yoast_head_json":{"title":"Espet\u00e1culo 'A Mostrada 2' tem apresenta\u00e7\u00e3o \u00fanica no Teatro Alberto Maranh\u00e3o - Taveira Jr","robots":{"index":"index","follow":"follow","max-snippet":"max-snippet:-1","max-image-preview":"max-image-preview:large","max-video-preview":"max-video-preview:-1"},"canonical":"https:\/\/deputadotaveirajr.com.br\/index.php\/espetaculo-a-mostrada-2-tem-apresentacao-unica-no-teatro-alberto-maranhao\/","og_locale":"pt_BR","og_type":"article","og_title":"Espet\u00e1culo 'A Mostrada 2' tem apresenta\u00e7\u00e3o \u00fanica no Teatro Alberto Maranh\u00e3o - Taveira Jr","og_description":"&#8216;A Mostrada 2 \u2013 Mais Horripilante e Tragicamente C\u00f4mica&#8217;, do grupo Cri\u00f4, estar\u00e1 no palco do TAM, nesta ter\u00e7a-feira (19) Brunno Martins O espet\u00e1culo &#8220;A Mostrada 2 \u2013 Mais Horripilante ...","og_url":"https:\/\/deputadotaveirajr.com.br\/index.php\/espetaculo-a-mostrada-2-tem-apresentacao-unica-no-teatro-alberto-maranhao\/","og_site_name":"Taveira Jr","og_image":[{"url":"https:\/\/s2-g1.glbimg.com\/MKDOw7ZN2pvlIKjTxMxEFU_EjY4=\/i.s3.glbimg.com\/v1\/AUTH_59edd422c0c84a879bd37670ae4f538a\/internal_photos\/bs\/2025\/D\/B\/L7XPbzQlWpd6V5X3lbLw\/brunnomartins-5v3a6974-aprimorado-nr.jpeg","type":"","width":"","height":""}],"twitter_card":"summary_large_image","twitter_misc":{"Est. tempo de leitura":"1 minuto"},"schema":{"@context":"https:\/\/schema.org","@graph":[{"@type":"WebPage","@id":"https:\/\/deputadotaveirajr.com.br\/index.php\/espetaculo-a-mostrada-2-tem-apresentacao-unica-no-teatro-alberto-maranhao\/","url":"https:\/\/deputadotaveirajr.com.br\/index.php\/espetaculo-a-mostrada-2-tem-apresentacao-unica-no-teatro-alberto-maranhao\/","name":"Espet\u00e1culo 'A Mostrada 2' tem apresenta\u00e7\u00e3o \u00fanica no Teatro Alberto Maranh\u00e3o - Taveira Jr","isPartOf":{"@id":"https:\/\/deputadotaveirajr.com.br\/#website"},"primaryImageOfPage":{"@id":"https:\/\/deputadotaveirajr.com.br\/index.php\/espetaculo-a-mostrada-2-tem-apresentacao-unica-no-teatro-alberto-maranhao\/#primaryimage"},"image":{"@id":"https:\/\/deputadotaveirajr.com.br\/index.php\/espetaculo-a-mostrada-2-tem-apresentacao-unica-no-teatro-alberto-maranhao\/#primaryimage"},"thumbnailUrl":"https:\/\/deputadotaveirajr.com.br\/wp-content\/uploads\/2025\/08\/brunnomartins-5v3a6974-aprimorado-nr-MUqLV7-scaled.jpg","datePublished":"2025-08-16T13:03:13+00:00","breadcrumb":{"@id":"https:\/\/deputadotaveirajr.com.br\/index.php\/espetaculo-a-mostrada-2-tem-apresentacao-unica-no-teatro-alberto-maranhao\/#breadcrumb"},"inLanguage":"pt-BR","potentialAction":[{"@type":"ReadAction","target":["https:\/\/deputadotaveirajr.com.br\/index.php\/espetaculo-a-mostrada-2-tem-apresentacao-unica-no-teatro-alberto-maranhao\/"]}]},{"@type":"ImageObject","inLanguage":"pt-BR","@id":"https:\/\/deputadotaveirajr.com.br\/index.php\/espetaculo-a-mostrada-2-tem-apresentacao-unica-no-teatro-alberto-maranhao\/#primaryimage","url":"https:\/\/deputadotaveirajr.com.br\/wp-content\/uploads\/2025\/08\/brunnomartins-5v3a6974-aprimorado-nr-MUqLV7-scaled.jpg","contentUrl":"https:\/\/deputadotaveirajr.com.br\/wp-content\/uploads\/2025\/08\/brunnomartins-5v3a6974-aprimorado-nr-MUqLV7-scaled.jpg","width":2560,"height":1707},{"@type":"BreadcrumbList","@id":"https:\/\/deputadotaveirajr.com.br\/index.php\/espetaculo-a-mostrada-2-tem-apresentacao-unica-no-teatro-alberto-maranhao\/#breadcrumb","itemListElement":[{"@type":"ListItem","position":1,"name":"In\u00edcio","item":"https:\/\/deputadotaveirajr.com.br\/"},{"@type":"ListItem","position":2,"name":"Espet\u00e1culo &#8216;A Mostrada 2&#8217; tem apresenta\u00e7\u00e3o \u00fanica no Teatro Alberto Maranh\u00e3o"}]},{"@type":"WebSite","@id":"https:\/\/deputadotaveirajr.com.br\/#website","url":"https:\/\/deputadotaveirajr.com.br\/","name":"Taveira Jr","description":"Deputado Estadual","publisher":{"@id":"https:\/\/deputadotaveirajr.com.br\/#organization"},"potentialAction":[{"@type":"SearchAction","target":{"@type":"EntryPoint","urlTemplate":"https:\/\/deputadotaveirajr.com.br\/?s={search_term_string}"},"query-input":{"@type":"PropertyValueSpecification","valueRequired":true,"valueName":"search_term_string"}}],"inLanguage":"pt-BR"},{"@type":"Organization","@id":"https:\/\/deputadotaveirajr.com.br\/#organization","name":"Taveira Jr","url":"https:\/\/deputadotaveirajr.com.br\/","logo":{"@type":"ImageObject","inLanguage":"pt-BR","@id":"https:\/\/deputadotaveirajr.com.br\/#\/schema\/logo\/image\/","url":"https:\/\/deputadotaveirajr.com.br\/wp-content\/uploads\/2026\/01\/logolow2a.png","contentUrl":"https:\/\/deputadotaveirajr.com.br\/wp-content\/uploads\/2026\/01\/logolow2a.png","width":290,"height":80,"caption":"Taveira Jr"},"image":{"@id":"https:\/\/deputadotaveirajr.com.br\/#\/schema\/logo\/image\/"}}]}},"_links":{"self":[{"href":"https:\/\/deputadotaveirajr.com.br\/index.php\/wp-json\/wp\/v2\/pages\/13884","targetHints":{"allow":["GET"]}}],"collection":[{"href":"https:\/\/deputadotaveirajr.com.br\/index.php\/wp-json\/wp\/v2\/pages"}],"about":[{"href":"https:\/\/deputadotaveirajr.com.br\/index.php\/wp-json\/wp\/v2\/types\/page"}],"replies":[{"embeddable":true,"href":"https:\/\/deputadotaveirajr.com.br\/index.php\/wp-json\/wp\/v2\/comments?post=13884"}],"version-history":[{"count":0,"href":"https:\/\/deputadotaveirajr.com.br\/index.php\/wp-json\/wp\/v2\/pages\/13884\/revisions"}],"wp:featuredmedia":[{"embeddable":true,"href":"https:\/\/deputadotaveirajr.com.br\/index.php\/wp-json\/wp\/v2\/media\/13885"}],"wp:attachment":[{"href":"https:\/\/deputadotaveirajr.com.br\/index.php\/wp-json\/wp\/v2\/media?parent=13884"}],"curies":[{"name":"wp","href":"https:\/\/api.w.org\/{rel}","templated":true}]}}