{"id":13908,"date":"2025-08-20T06:00:39","date_gmt":"2025-08-20T09:00:39","guid":{"rendered":"https:\/\/deputadotaveirajr.com.br\/index.php\/maior-cajueiro-do-mundo-tem-poda-adiada-para-fevereiro-diz-idema\/"},"modified":"2025-08-20T06:00:39","modified_gmt":"2025-08-20T09:00:39","slug":"maior-cajueiro-do-mundo-tem-poda-adiada-para-fevereiro-diz-idema","status":"publish","type":"page","link":"https:\/\/deputadotaveirajr.com.br\/index.php\/maior-cajueiro-do-mundo-tem-poda-adiada-para-fevereiro-diz-idema\/","title":{"rendered":"Maior cajueiro do mundo tem poda adiada para fevereiro, diz Idema"},"content":{"rendered":"<p><img decoding=\"async\" src=\"https:\/\/s2-g1.glbimg.com\/rHpNO6DXEhViGvqmsHm4WjWWAd8=\/i.s3.glbimg.com\/v1\/AUTH_59edd422c0c84a879bd37670ae4f538a\/internal_photos\/bs\/2025\/o\/T\/VAO3vvRUugZBBxScewkg\/cajueiro.jpg\" \/><br \/>     Veja imagens a\u00e9reas do maior cajueiro do mundo<br \/>\nA poda do maior cajueiro do mundo, em Parnamirim, na Grande Natal, prevista para ocorrer ainda em 2025, foi adiada para fevereiro do pr\u00f3ximo ano. Segundo o Instituto de Desenvolvimento Sustent\u00e1vel e Meio Ambiente (Idema), o motivo foi o in\u00edcio do per\u00edodo de flora\u00e7\u00e3o da \u00e1rvore.<br \/>\n \u27a1\ufe0f O poss\u00edvel corte da \u00e1rvore centen\u00e1ria gerou debates entre autoridades, ambientalistas, moradores e comerciantes no m\u00eas de junho, quando aconteceram audi\u00eancias p\u00fablicas sobre o tema. H\u00e1 os que defendem o corte como medida preventiva, e aqueles que s\u00e3o contra pelo risco de afetar a sa\u00fade e longevidade da \u00e1rvore, um dos pontos tur\u00edsticos do litoral potiguar (veja detalhes mais abaixo).<br \/>\n\ud83d\udcf3Participe do canal do g1 RN no WhatsApp<br \/>\nDe acordo com o Idema, o per\u00edodo de flora\u00e7\u00e3o da \u00e1rvore j\u00e1 come\u00e7ou e segue at\u00e9 o m\u00eas de novembro deste ano. J\u00e1 para os meses de dezembro e janeiro de 206 est\u00e1 previsto o per\u00edodo de frutifica\u00e7\u00e3o da \u00e1rvore, o que tamb\u00e9m impede que a poda seja realiza, de acordo com o \u00f3rg\u00e3o.<br \/>\nA poda foi determinada pela Justi\u00e7a em uma a\u00e7\u00e3o que corre na Justi\u00e7a h\u00e1 mais de uma d\u00e9cada. Segundo o Idema, o adiamento ocorreu porque o \u00f3rg\u00e3o precisou apresentar, de acordo com a determina\u00e7\u00e3o judicial, uma agenda de atividades para v\u00e1rias institui\u00e7\u00f5es, como C\u00e2mara de Vereadores de Parnamirim, o Minist\u00e9rio P\u00fablico, trade tur\u00edstico e comerciantes locais, o que alongou o cronograma.<br \/>\nO Idema informou que neste per\u00edodo de flora\u00e7\u00e3o e frutifica\u00e7\u00e3o vai realizar um manejo fitossanit\u00e1rio para combater pragas que tem aparecido na planta, como cupim, por exemplo.<br \/>\nA Justi\u00e7a determinou a poda em maio do ano passado. O Idema prev\u00ea um investimento de R$ 200 mil no processo, que pode levar at\u00e9 seis meses.<br \/>\n\ud83d\udd0e O Cajueiro de Pirangi &#8211; que tem esse nome por estar na praia de Pirangi do Norte &#8211; \u00e9 reconhecido desde 1994 pelo Livro dos Recordes, o Guiness Book, como o maior do mundo, tendo aproximadamente 10 mil metros quadrados de extens\u00e3o.<br \/>\n\ud83d\udd0e O local \u00e9 um ponto tur\u00edstico tradicional no litoral do Rio Grande do Norte. Segundo o Idema, em 2024, mais de 350 mil turistas visitaram o cajueiro.<br \/>\nFOTOS E V\u00cdDEOS: Veja imagens a\u00e9reas do maior cajueiro do mundo<br \/>\nSOB AMEA\u00c7A? Poda no maior cajueiro do mundo divide opini\u00f5es no RN<br \/>\nENTENDA: Cajueiro no RN vai perder o posto de maior do mundo com poda<br \/>\nRECURSO: MP pede estudo mais detalhado para poda do maior cajueiro do mundo<br \/>\nMaior cajueiro do mundo fica em Parnamirim, na Grande Natal<br \/>\nJos\u00e9 Farias\/Drone do Sol<br \/>\nMinist\u00e9rio P\u00fablico entrou com a\u00e7\u00e3o<br \/>\nEm junho, o Minist\u00e9rio P\u00fablico do Rio Grande do Norte (MPRN) entrou com um recurso pedindo \u00e0 Justi\u00e7a que a senten\u00e7a que determina a poda fosse complementada com um estudo t\u00e9cnico mais detalhado antes de qualquer interven\u00e7\u00e3o na \u00e1rvore.<br \/>\nO embargo do MP citou que houve omiss\u00e3o nos termos da senten\u00e7a e tamb\u00e9m que o MP n\u00e3o foi intimado da decis\u00e3o proferida.<br \/>\nO MP se ateve ao trecho da decis\u00e3o que cita que o Idema deve realizar em at\u00e9 120 dias &#8220;um estudo pr\u00e9vio que viabilize a regular poda ou interven\u00e7\u00f5es similares no Cajueiro de Pirangi que possibilite o bom desenvolvimento da forma\u00e7\u00e3o, bem como compatibilizar o livre tr\u00e2nsito de autom\u00f3veis, transeuntes e residentes nas proximidades da referida \u00e1rvore sem p\u00f4r em risco a pr\u00f3pria sa\u00fade do vegetal e dos particulares&#8221;.<br \/>\nPara o MP, a express\u00e3o &#8220;estudo pr\u00e9vio\u201d se mostrou &#8220;excessivamente aberta e imprecisa&#8221;. Segundo o MP,  a decis\u00e3o foi &#8220;omissa e insuficiente ao n\u00e3o especificar os elementos m\u00ednimos que devem constar no estudo pr\u00e9vio&#8221;.<br \/>\nAudi\u00eancia p\u00fablica discute necessidade de poda no Cajueiro de Pirangi<br \/>\nPoda do cajueiro gera debate<br \/>\nA poss\u00edvel poda do maior cajueiro do mundo dividiu opini\u00f5es. Movida h\u00e1 mais de uma d\u00e9cada por moradores da regi\u00e3o, a a\u00e7\u00e3o citava que a \u00e1rvore avan\u00e7ou para fora do terreno delimitado, invadindo ruas e dificultando o tr\u00e2nsito em alguns trechos.<br \/>\nOs moradores alegaram ainda que a \u00e1rvore passou a amea\u00e7ar as propriedades privadas do entorno.<br \/>\nAtualmente, \u00e9 estimado que cerca de 1,2 mil metros da planta ultrapassam a \u00e1rea cercada. Em uma das avenidas que cercam o cajueiro, os galhos tomam metade da via. Em outra, uma plataforma foi constru\u00edda anos atr\u00e1s para suspender os galhos sobre a pista.<br \/>\nNa decis\u00e3o judicial, o juiz Airton Pinheiro julgou procedente a a\u00e7\u00e3o &#8220;para fins de garantir o livre tr\u00e2nsito de autom\u00f3veis, transeuntes e residentes nas proximidades do Cajueiro de Pirangi&#8221;.<br \/>\nCajueiro de Pirangi, no RN<br \/>\nFoto: Pedro Trindade\/Inter TV Cabugi<br \/>\nPoda \u00e9 necess\u00e1ria, defende Idema<br \/>\nO diretor t\u00e9cnico do Idema, Thales Dantas, defendeu em audi\u00eancias p\u00fablicas na C\u00e2mara de Vereadores de Parnamirim que esse tipo de poda, in\u00e9dita na \u00e1rvore centen\u00e1ria, \u00e9 uma medida para cuidar da planta.<br \/>\n&#8220;O mais importante que a gente quer deixar para a popula\u00e7\u00e3o \u00e9 que esse manejo fitossanit\u00e1rio \u00e9 importante para cuidar da planta. S\u00e3o 137 anos e ela nunca passou por um processo realmente de poda fitossanit\u00e1ria&#8221;.<br \/>\n&#8220;O governo n\u00e3o est\u00e1 matando o cajueiro, muito pelo contr\u00e1rio. Essa poda realmente \u00e9 necess\u00e1ria para a gente estar cuidando, inclusive para preservar, porque hoje, sem esse cuidado, pode acabar batendo um carro, causar problemas nos galhos&#8221;, completou o diretor t\u00e9cnico do Idema.<br \/>\nPoda do maior cajueiro do mundo, no RN, gera pole\u0302mica<br \/>\nO que diz quem \u00e9 contr\u00e1rio \u00e0 poda?<br \/>\nA bi\u00f3loga Mica Carboni, que trabalhou no cajueiro, disse, em entrevista na audi\u00eancia p\u00fablica na C\u00e2mara de Vereadores de Parnamirim, que considera que a poda poderia representar uma &#8220;cat\u00e1strofe&#8221; para a planta.<br \/>\nDe acordo com ela, o cajueiro se expandiu porque muitos de seus galhos tocaram o ch\u00e3o e tamb\u00e9m criaram ra\u00edzes. Al\u00e9m de aumentar a \u00e1rvore em tamanho, esse processo causa o rejuvenescimento da planta.<br \/>\n&#8220;A poda de conten\u00e7\u00e3o pode gerar uma cat\u00e1strofe para esse cajueiro. Porque seria podar indiscriminadamente galhos no entorno s\u00f3 para botar ele de novo dentro do tamanho que as pessoas acham que ele deve ter. Essa poda pode limitar o crescimento, pode atrofiar ele, pode gerar o envelhecimento acelerado dele, que rejuvenesce enquanto os seus galhos perif\u00e9ricos enra\u00edzam novamente&#8221;, afirmou a bi\u00f3loga.<br \/>\nDe acordo com Mica, o enraizamento dos galhos gera na planta os &#8220;horm\u00f4nios da muda&#8221;, que s\u00e3o devolvidos para toda planta m\u00e3e. A bi\u00f3loga afirmou que artigos cient\u00edficos explicam esse processo metab\u00f3lico que geraria o rejuvenescimento da \u00e1rvore.<br \/>\n&#8220;S\u00f3 assim esse cajueiro consegue frutificar com mais de 140 anos de idade. Um cajueiro normal frutifica at\u00e9 uns 40, 50 anos no m\u00e1ximo. E ele continua, continua vigoroso, justamente pelos seus enraizamentos, justamente por isso ele \u00e9 o maior cajueiro do mundo&#8221;, disse.<br \/>\nCajueiro de Pirangi, maior cajueiro do mundo<br \/>\nPedro Trindade\/Inter TV Cabugi<br \/>\nV\u00eddeos mais assistidos do g1 RN<\/p>","protected":false},"excerpt":{"rendered":"<p>Veja imagens a\u00e9reas do maior cajueiro do mundo A poda do maior cajueiro do mundo, em Parnamirim, na Grande Natal, prevista para ocorrer ainda em 2025, foi adiada para fevereiro &#8230;<\/p>\n","protected":false},"author":0,"featured_media":13909,"parent":0,"menu_order":0,"comment_status":"closed","ping_status":"closed","template":"","meta":{"footnotes":""},"class_list":["post-13908","page","type-page","status-publish","has-post-thumbnail","hentry"],"yoast_head":"<!-- This site is optimized with the Yoast SEO plugin v27.1.1 - https:\/\/yoast.com\/product\/yoast-seo-wordpress\/ -->\n<title>Maior cajueiro do mundo tem poda adiada para fevereiro, diz Idema - Taveira Jr<\/title>\n<meta name=\"robots\" content=\"index, follow, max-snippet:-1, max-image-preview:large, max-video-preview:-1\" \/>\n<link rel=\"canonical\" href=\"https:\/\/deputadotaveirajr.com.br\/index.php\/maior-cajueiro-do-mundo-tem-poda-adiada-para-fevereiro-diz-idema\/\" \/>\n<meta property=\"og:locale\" content=\"pt_BR\" \/>\n<meta property=\"og:type\" content=\"article\" \/>\n<meta property=\"og:title\" content=\"Maior cajueiro do mundo tem poda adiada para fevereiro, diz Idema - Taveira Jr\" \/>\n<meta property=\"og:description\" content=\"Veja imagens a\u00e9reas do maior cajueiro do mundo A poda do maior cajueiro do mundo, em Parnamirim, na Grande Natal, prevista para ocorrer ainda em 2025, foi adiada para fevereiro ...\" \/>\n<meta property=\"og:url\" content=\"https:\/\/deputadotaveirajr.com.br\/index.php\/maior-cajueiro-do-mundo-tem-poda-adiada-para-fevereiro-diz-idema\/\" \/>\n<meta property=\"og:site_name\" content=\"Taveira Jr\" \/>\n<meta property=\"og:image\" content=\"https:\/\/s2-g1.glbimg.com\/rHpNO6DXEhViGvqmsHm4WjWWAd8=\/i.s3.glbimg.com\/v1\/AUTH_59edd422c0c84a879bd37670ae4f538a\/internal_photos\/bs\/2025\/o\/T\/VAO3vvRUugZBBxScewkg\/cajueiro.jpg\" \/>\n<meta name=\"twitter:card\" content=\"summary_large_image\" \/>\n<meta name=\"twitter:label1\" content=\"Est. tempo de leitura\" \/>\n\t<meta name=\"twitter:data1\" content=\"6 minutos\" \/>\n<script type=\"application\/ld+json\" class=\"yoast-schema-graph\">{\"@context\":\"https:\/\/schema.org\",\"@graph\":[{\"@type\":\"WebPage\",\"@id\":\"https:\/\/deputadotaveirajr.com.br\/index.php\/maior-cajueiro-do-mundo-tem-poda-adiada-para-fevereiro-diz-idema\/\",\"url\":\"https:\/\/deputadotaveirajr.com.br\/index.php\/maior-cajueiro-do-mundo-tem-poda-adiada-para-fevereiro-diz-idema\/\",\"name\":\"Maior cajueiro do mundo tem poda adiada para fevereiro, diz Idema - Taveira Jr\",\"isPartOf\":{\"@id\":\"https:\/\/deputadotaveirajr.com.br\/#website\"},\"primaryImageOfPage\":{\"@id\":\"https:\/\/deputadotaveirajr.com.br\/index.php\/maior-cajueiro-do-mundo-tem-poda-adiada-para-fevereiro-diz-idema\/#primaryimage\"},\"image\":{\"@id\":\"https:\/\/deputadotaveirajr.com.br\/index.php\/maior-cajueiro-do-mundo-tem-poda-adiada-para-fevereiro-diz-idema\/#primaryimage\"},\"thumbnailUrl\":\"https:\/\/deputadotaveirajr.com.br\/wp-content\/uploads\/2025\/08\/cajueiro-SOvvLd.jpg\",\"datePublished\":\"2025-08-20T09:00:39+00:00\",\"breadcrumb\":{\"@id\":\"https:\/\/deputadotaveirajr.com.br\/index.php\/maior-cajueiro-do-mundo-tem-poda-adiada-para-fevereiro-diz-idema\/#breadcrumb\"},\"inLanguage\":\"pt-BR\",\"potentialAction\":[{\"@type\":\"ReadAction\",\"target\":[\"https:\/\/deputadotaveirajr.com.br\/index.php\/maior-cajueiro-do-mundo-tem-poda-adiada-para-fevereiro-diz-idema\/\"]}]},{\"@type\":\"ImageObject\",\"inLanguage\":\"pt-BR\",\"@id\":\"https:\/\/deputadotaveirajr.com.br\/index.php\/maior-cajueiro-do-mundo-tem-poda-adiada-para-fevereiro-diz-idema\/#primaryimage\",\"url\":\"https:\/\/deputadotaveirajr.com.br\/wp-content\/uploads\/2025\/08\/cajueiro-SOvvLd.jpg\",\"contentUrl\":\"https:\/\/deputadotaveirajr.com.br\/wp-content\/uploads\/2025\/08\/cajueiro-SOvvLd.jpg\",\"width\":1278,\"height\":719},{\"@type\":\"BreadcrumbList\",\"@id\":\"https:\/\/deputadotaveirajr.com.br\/index.php\/maior-cajueiro-do-mundo-tem-poda-adiada-para-fevereiro-diz-idema\/#breadcrumb\",\"itemListElement\":[{\"@type\":\"ListItem\",\"position\":1,\"name\":\"In\u00edcio\",\"item\":\"https:\/\/deputadotaveirajr.com.br\/\"},{\"@type\":\"ListItem\",\"position\":2,\"name\":\"Maior cajueiro do mundo tem poda adiada para fevereiro, diz Idema\"}]},{\"@type\":\"WebSite\",\"@id\":\"https:\/\/deputadotaveirajr.com.br\/#website\",\"url\":\"https:\/\/deputadotaveirajr.com.br\/\",\"name\":\"Taveira Jr\",\"description\":\"Deputado Estadual\",\"publisher\":{\"@id\":\"https:\/\/deputadotaveirajr.com.br\/#organization\"},\"potentialAction\":[{\"@type\":\"SearchAction\",\"target\":{\"@type\":\"EntryPoint\",\"urlTemplate\":\"https:\/\/deputadotaveirajr.com.br\/?s={search_term_string}\"},\"query-input\":{\"@type\":\"PropertyValueSpecification\",\"valueRequired\":true,\"valueName\":\"search_term_string\"}}],\"inLanguage\":\"pt-BR\"},{\"@type\":\"Organization\",\"@id\":\"https:\/\/deputadotaveirajr.com.br\/#organization\",\"name\":\"Taveira Jr\",\"url\":\"https:\/\/deputadotaveirajr.com.br\/\",\"logo\":{\"@type\":\"ImageObject\",\"inLanguage\":\"pt-BR\",\"@id\":\"https:\/\/deputadotaveirajr.com.br\/#\/schema\/logo\/image\/\",\"url\":\"https:\/\/deputadotaveirajr.com.br\/wp-content\/uploads\/2026\/01\/logolow2a.png\",\"contentUrl\":\"https:\/\/deputadotaveirajr.com.br\/wp-content\/uploads\/2026\/01\/logolow2a.png\",\"width\":290,\"height\":80,\"caption\":\"Taveira Jr\"},\"image\":{\"@id\":\"https:\/\/deputadotaveirajr.com.br\/#\/schema\/logo\/image\/\"}}]}<\/script>\n<!-- \/ Yoast SEO plugin. -->","yoast_head_json":{"title":"Maior cajueiro do mundo tem poda adiada para fevereiro, diz Idema - Taveira Jr","robots":{"index":"index","follow":"follow","max-snippet":"max-snippet:-1","max-image-preview":"max-image-preview:large","max-video-preview":"max-video-preview:-1"},"canonical":"https:\/\/deputadotaveirajr.com.br\/index.php\/maior-cajueiro-do-mundo-tem-poda-adiada-para-fevereiro-diz-idema\/","og_locale":"pt_BR","og_type":"article","og_title":"Maior cajueiro do mundo tem poda adiada para fevereiro, diz Idema - Taveira Jr","og_description":"Veja imagens a\u00e9reas do maior cajueiro do mundo A poda do maior cajueiro do mundo, em Parnamirim, na Grande Natal, prevista para ocorrer ainda em 2025, foi adiada para fevereiro ...","og_url":"https:\/\/deputadotaveirajr.com.br\/index.php\/maior-cajueiro-do-mundo-tem-poda-adiada-para-fevereiro-diz-idema\/","og_site_name":"Taveira Jr","og_image":[{"url":"https:\/\/s2-g1.glbimg.com\/rHpNO6DXEhViGvqmsHm4WjWWAd8=\/i.s3.glbimg.com\/v1\/AUTH_59edd422c0c84a879bd37670ae4f538a\/internal_photos\/bs\/2025\/o\/T\/VAO3vvRUugZBBxScewkg\/cajueiro.jpg","type":"","width":"","height":""}],"twitter_card":"summary_large_image","twitter_misc":{"Est. tempo de leitura":"6 minutos"},"schema":{"@context":"https:\/\/schema.org","@graph":[{"@type":"WebPage","@id":"https:\/\/deputadotaveirajr.com.br\/index.php\/maior-cajueiro-do-mundo-tem-poda-adiada-para-fevereiro-diz-idema\/","url":"https:\/\/deputadotaveirajr.com.br\/index.php\/maior-cajueiro-do-mundo-tem-poda-adiada-para-fevereiro-diz-idema\/","name":"Maior cajueiro do mundo tem poda adiada para fevereiro, diz Idema - Taveira Jr","isPartOf":{"@id":"https:\/\/deputadotaveirajr.com.br\/#website"},"primaryImageOfPage":{"@id":"https:\/\/deputadotaveirajr.com.br\/index.php\/maior-cajueiro-do-mundo-tem-poda-adiada-para-fevereiro-diz-idema\/#primaryimage"},"image":{"@id":"https:\/\/deputadotaveirajr.com.br\/index.php\/maior-cajueiro-do-mundo-tem-poda-adiada-para-fevereiro-diz-idema\/#primaryimage"},"thumbnailUrl":"https:\/\/deputadotaveirajr.com.br\/wp-content\/uploads\/2025\/08\/cajueiro-SOvvLd.jpg","datePublished":"2025-08-20T09:00:39+00:00","breadcrumb":{"@id":"https:\/\/deputadotaveirajr.com.br\/index.php\/maior-cajueiro-do-mundo-tem-poda-adiada-para-fevereiro-diz-idema\/#breadcrumb"},"inLanguage":"pt-BR","potentialAction":[{"@type":"ReadAction","target":["https:\/\/deputadotaveirajr.com.br\/index.php\/maior-cajueiro-do-mundo-tem-poda-adiada-para-fevereiro-diz-idema\/"]}]},{"@type":"ImageObject","inLanguage":"pt-BR","@id":"https:\/\/deputadotaveirajr.com.br\/index.php\/maior-cajueiro-do-mundo-tem-poda-adiada-para-fevereiro-diz-idema\/#primaryimage","url":"https:\/\/deputadotaveirajr.com.br\/wp-content\/uploads\/2025\/08\/cajueiro-SOvvLd.jpg","contentUrl":"https:\/\/deputadotaveirajr.com.br\/wp-content\/uploads\/2025\/08\/cajueiro-SOvvLd.jpg","width":1278,"height":719},{"@type":"BreadcrumbList","@id":"https:\/\/deputadotaveirajr.com.br\/index.php\/maior-cajueiro-do-mundo-tem-poda-adiada-para-fevereiro-diz-idema\/#breadcrumb","itemListElement":[{"@type":"ListItem","position":1,"name":"In\u00edcio","item":"https:\/\/deputadotaveirajr.com.br\/"},{"@type":"ListItem","position":2,"name":"Maior cajueiro do mundo tem poda adiada para fevereiro, diz Idema"}]},{"@type":"WebSite","@id":"https:\/\/deputadotaveirajr.com.br\/#website","url":"https:\/\/deputadotaveirajr.com.br\/","name":"Taveira Jr","description":"Deputado Estadual","publisher":{"@id":"https:\/\/deputadotaveirajr.com.br\/#organization"},"potentialAction":[{"@type":"SearchAction","target":{"@type":"EntryPoint","urlTemplate":"https:\/\/deputadotaveirajr.com.br\/?s={search_term_string}"},"query-input":{"@type":"PropertyValueSpecification","valueRequired":true,"valueName":"search_term_string"}}],"inLanguage":"pt-BR"},{"@type":"Organization","@id":"https:\/\/deputadotaveirajr.com.br\/#organization","name":"Taveira Jr","url":"https:\/\/deputadotaveirajr.com.br\/","logo":{"@type":"ImageObject","inLanguage":"pt-BR","@id":"https:\/\/deputadotaveirajr.com.br\/#\/schema\/logo\/image\/","url":"https:\/\/deputadotaveirajr.com.br\/wp-content\/uploads\/2026\/01\/logolow2a.png","contentUrl":"https:\/\/deputadotaveirajr.com.br\/wp-content\/uploads\/2026\/01\/logolow2a.png","width":290,"height":80,"caption":"Taveira Jr"},"image":{"@id":"https:\/\/deputadotaveirajr.com.br\/#\/schema\/logo\/image\/"}}]}},"_links":{"self":[{"href":"https:\/\/deputadotaveirajr.com.br\/index.php\/wp-json\/wp\/v2\/pages\/13908","targetHints":{"allow":["GET"]}}],"collection":[{"href":"https:\/\/deputadotaveirajr.com.br\/index.php\/wp-json\/wp\/v2\/pages"}],"about":[{"href":"https:\/\/deputadotaveirajr.com.br\/index.php\/wp-json\/wp\/v2\/types\/page"}],"replies":[{"embeddable":true,"href":"https:\/\/deputadotaveirajr.com.br\/index.php\/wp-json\/wp\/v2\/comments?post=13908"}],"version-history":[{"count":0,"href":"https:\/\/deputadotaveirajr.com.br\/index.php\/wp-json\/wp\/v2\/pages\/13908\/revisions"}],"wp:featuredmedia":[{"embeddable":true,"href":"https:\/\/deputadotaveirajr.com.br\/index.php\/wp-json\/wp\/v2\/media\/13909"}],"wp:attachment":[{"href":"https:\/\/deputadotaveirajr.com.br\/index.php\/wp-json\/wp\/v2\/media?parent=13908"}],"curies":[{"name":"wp","href":"https:\/\/api.w.org\/{rel}","templated":true}]}}