{"id":13910,"date":"2025-08-19T18:26:28","date_gmt":"2025-08-19T21:26:28","guid":{"rendered":"https:\/\/deputadotaveirajr.com.br\/index.php\/justica-comeca-a-ouvir-acusados-pelas-mortes-no-massacre-de-alcacuz-em-audiencia\/"},"modified":"2025-08-19T18:26:28","modified_gmt":"2025-08-19T21:26:28","slug":"justica-comeca-a-ouvir-acusados-pelas-mortes-no-massacre-de-alcacuz-em-audiencia","status":"publish","type":"page","link":"https:\/\/deputadotaveirajr.com.br\/index.php\/justica-comeca-a-ouvir-acusados-pelas-mortes-no-massacre-de-alcacuz-em-audiencia\/","title":{"rendered":"Justi\u00e7a come\u00e7a a ouvir acusados pelas mortes no Massacre de Alca\u00e7uz em audi\u00eancia"},"content":{"rendered":"<p><img decoding=\"async\" src=\"https:\/\/s2-g1.glbimg.com\/qahLZFu07LvyDLETTnHTm54ObvU=\/s.glbimg.com\/jo\/g1\/f\/original\/2017\/01\/18\/brazil-prison-riot-alcacuz_andressa_anholete_afp-2.jpg\" \/><br \/>     Presos s\u00e3o vistos no telhado da penitenci\u00e1ria de Alca\u00e7uz, no Rio Grande do Norte, durante rebeli\u00e3o<br \/>\nAndressa Anholete\/AFP<br \/>\nA Justi\u00e7a do Rio Grande do Norte come\u00e7ou nesta ter\u00e7a-feira (19) a colher os interrogat\u00f3rios, em audi\u00eancia de instru\u00e7\u00e3o,  dos acusados pela morte de 27 presos durante a rebeli\u00e3o de janeiro de 2017 no Complexo Penitenci\u00e1rio de Alca\u00e7uz , em N\u00edsia Floresta, na Grande Natal.<br \/>\nA rebeli\u00e3o foi considerada a mais violenta da hist\u00f3ria do Rio Grande do Norte, tendo ficado conhecida como Massacre de Alca\u00e7uz.<br \/>\n\ud83d\udcf3Participe do canal do g1 RN no WhatsApp<br \/>\nSegundo o Tribunal de Justi\u00e7a do Rio Grande do Norte (TJRN), 15 pessoas s\u00e3o acusadas pelas mortes no confronto, que envolveu duas fac\u00e7\u00f5es criminosas. O processo corre em segredo de Justi\u00e7a e, por isso, as identidades n\u00e3o foram reveladas. Segundo o TJRN, um dos acusados estava foragido.<br \/>\nOs depoimentos s\u00e3o coordenados pela Unidade Judici\u00e1ria de Delitos de Organiza\u00e7\u00f5es Criminosas da Comarca de Natal (Ujudocrim), no Tribunal de Justi\u00e7a.<br \/>\nA expectativa, segundo o TJRN, \u00e9 de ouvir os 14 r\u00e9us e uma testemunha de defesa at\u00e9 o fim desta semana.<br \/>\nAs audi\u00eancias de instru\u00e7\u00e3o &#8211; que decidem se os acusados v\u00e3o a j\u00fari popular &#8211; come\u00e7aram em abril deste ano, mas foram suspensas por quest\u00f5es t\u00e9cnicas.  Em junho, a Justi\u00e7a retomou as audi\u00eancias.<br \/>\nDo total de 36 testemunhas indicadas no processo &#8211; 35 pelo Minist\u00e9rio P\u00fablico e uma por parte da defesa &#8211; sete j\u00e1 prestaram depoimento e 28 foram dispensadas. Entre as testemunhas ouvidas est\u00e1 o deputado estadual Coronel Azevedo, que comandava a Pol\u00edcia Militar \u00e0 \u00e9poca do massacre.<br \/>\nTerminada a instru\u00e7\u00e3o, ser\u00e1 aberto o prazo para apresenta\u00e7\u00e3o das alega\u00e7\u00f5es finais da acusa\u00e7\u00e3o e da defesa. Em seguida, o magistrado respons\u00e1vel avalia se h\u00e1 ind\u00edcios suficientes de autoria e materialidade do crime para que o caso seja levado a julgamento perante o Tribunal do J\u00fari.<br \/>\nJustic\u0327a ouve depoimentos sobre rebelia\u0303o de Alcac\u0327uz, que ocorreu em 2017<br \/>\nMassacre de Alca\u00e7uz<br \/>\nO massacre de 2017 na Penitenci\u00e1ria Estadual de Alca\u00e7uz foi o epis\u00f3dio mais sangrento do sistema prisional potiguar, terminando, oficialmente, com 26 presos mortos. Familiares e sobreviventes alegam que o n\u00famero de v\u00edtimas pode ser ainda maior.<br \/>\nA rebeli\u00e3o come\u00e7ou no dia 14 de janeiro daquele ano e envolveu uma disputa de dois grupos criminosos rivais.<br \/>\nOs corpos encontrados estavam em condi\u00e7\u00f5es de extrema brutalidade. Com capacidade naquela \u00e9poca para 620 internos, Alca\u00e7uz tinha 1,2 mil presos no dia da matan\u00e7a.<br \/>\nAntes de acontecer o massacre, os pavilh\u00f5es 1, 2, 3 e 4 pertenciam \u00e0 Alca\u00e7uz. J\u00e1 o pavilh\u00e3o 5, antes dominado por presos do Primeiro Comando da Capital, fazia parte do Pres\u00eddio Rog\u00e9rio Coutinho Madruga, que \u00e9 um anexo de Alca\u00e7uz. Na \u00e9poca, apenas uma cerca de arame farpado separava as duas unidades.<br \/>\nArmados, presos do PCC sa\u00edram do pavilh\u00e3o 5 e invadiram o pavilh\u00e3o 4, onde estavam parte dos presos do Sindicato do Crime do RN, fac\u00e7\u00e3o rival que nasceu de membros desgarrados do pr\u00f3prio PCC.<br \/>\nPelo menos tr\u00eas pavilh\u00f5es do complexo penitenci\u00e1rio foram destru\u00eddos durante a a\u00e7\u00e3o.<br \/>\nV\u00eddeos mais assistidos do g1 RN<\/p>","protected":false},"excerpt":{"rendered":"<p>Presos s\u00e3o vistos no telhado da penitenci\u00e1ria de Alca\u00e7uz, no Rio Grande do Norte, durante rebeli\u00e3o Andressa Anholete\/AFP A Justi\u00e7a do Rio Grande do Norte come\u00e7ou nesta ter\u00e7a-feira (19) a &#8230;<\/p>\n","protected":false},"author":0,"featured_media":13911,"parent":0,"menu_order":0,"comment_status":"closed","ping_status":"closed","template":"","meta":{"footnotes":""},"class_list":["post-13910","page","type-page","status-publish","has-post-thumbnail","hentry"],"yoast_head":"<!-- This site is optimized with the Yoast SEO plugin v27.1.1 - https:\/\/yoast.com\/product\/yoast-seo-wordpress\/ -->\n<title>Justi\u00e7a come\u00e7a a ouvir acusados pelas mortes no Massacre de Alca\u00e7uz em audi\u00eancia - Taveira Jr<\/title>\n<meta name=\"robots\" content=\"index, follow, max-snippet:-1, max-image-preview:large, max-video-preview:-1\" \/>\n<link rel=\"canonical\" href=\"https:\/\/deputadotaveirajr.com.br\/index.php\/justica-comeca-a-ouvir-acusados-pelas-mortes-no-massacre-de-alcacuz-em-audiencia\/\" \/>\n<meta property=\"og:locale\" content=\"pt_BR\" \/>\n<meta property=\"og:type\" content=\"article\" \/>\n<meta property=\"og:title\" content=\"Justi\u00e7a come\u00e7a a ouvir acusados pelas mortes no Massacre de Alca\u00e7uz em audi\u00eancia - Taveira Jr\" \/>\n<meta property=\"og:description\" content=\"Presos s\u00e3o vistos no telhado da penitenci\u00e1ria de Alca\u00e7uz, no Rio Grande do Norte, durante rebeli\u00e3o Andressa Anholete\/AFP A Justi\u00e7a do Rio Grande do Norte come\u00e7ou nesta ter\u00e7a-feira (19) a ...\" \/>\n<meta property=\"og:url\" content=\"https:\/\/deputadotaveirajr.com.br\/index.php\/justica-comeca-a-ouvir-acusados-pelas-mortes-no-massacre-de-alcacuz-em-audiencia\/\" \/>\n<meta property=\"og:site_name\" content=\"Taveira Jr\" \/>\n<meta property=\"og:image\" content=\"https:\/\/s2-g1.glbimg.com\/qahLZFu07LvyDLETTnHTm54ObvU=\/s.glbimg.com\/jo\/g1\/f\/original\/2017\/01\/18\/brazil-prison-riot-alcacuz_andressa_anholete_afp-2.jpg\" \/>\n<meta name=\"twitter:card\" content=\"summary_large_image\" \/>\n<meta name=\"twitter:label1\" content=\"Est. tempo de leitura\" \/>\n\t<meta name=\"twitter:data1\" content=\"3 minutos\" \/>\n<script type=\"application\/ld+json\" class=\"yoast-schema-graph\">{\"@context\":\"https:\/\/schema.org\",\"@graph\":[{\"@type\":\"WebPage\",\"@id\":\"https:\/\/deputadotaveirajr.com.br\/index.php\/justica-comeca-a-ouvir-acusados-pelas-mortes-no-massacre-de-alcacuz-em-audiencia\/\",\"url\":\"https:\/\/deputadotaveirajr.com.br\/index.php\/justica-comeca-a-ouvir-acusados-pelas-mortes-no-massacre-de-alcacuz-em-audiencia\/\",\"name\":\"Justi\u00e7a come\u00e7a a ouvir acusados pelas mortes no Massacre de Alca\u00e7uz em audi\u00eancia - Taveira Jr\",\"isPartOf\":{\"@id\":\"https:\/\/deputadotaveirajr.com.br\/#website\"},\"primaryImageOfPage\":{\"@id\":\"https:\/\/deputadotaveirajr.com.br\/index.php\/justica-comeca-a-ouvir-acusados-pelas-mortes-no-massacre-de-alcacuz-em-audiencia\/#primaryimage\"},\"image\":{\"@id\":\"https:\/\/deputadotaveirajr.com.br\/index.php\/justica-comeca-a-ouvir-acusados-pelas-mortes-no-massacre-de-alcacuz-em-audiencia\/#primaryimage\"},\"thumbnailUrl\":\"https:\/\/deputadotaveirajr.com.br\/wp-content\/uploads\/2025\/08\/brazil-prison-riot-alcacuz_andressa_anholete_afp-2-DNxEh8.jpg\",\"datePublished\":\"2025-08-19T21:26:28+00:00\",\"breadcrumb\":{\"@id\":\"https:\/\/deputadotaveirajr.com.br\/index.php\/justica-comeca-a-ouvir-acusados-pelas-mortes-no-massacre-de-alcacuz-em-audiencia\/#breadcrumb\"},\"inLanguage\":\"pt-BR\",\"potentialAction\":[{\"@type\":\"ReadAction\",\"target\":[\"https:\/\/deputadotaveirajr.com.br\/index.php\/justica-comeca-a-ouvir-acusados-pelas-mortes-no-massacre-de-alcacuz-em-audiencia\/\"]}]},{\"@type\":\"ImageObject\",\"inLanguage\":\"pt-BR\",\"@id\":\"https:\/\/deputadotaveirajr.com.br\/index.php\/justica-comeca-a-ouvir-acusados-pelas-mortes-no-massacre-de-alcacuz-em-audiencia\/#primaryimage\",\"url\":\"https:\/\/deputadotaveirajr.com.br\/wp-content\/uploads\/2025\/08\/brazil-prison-riot-alcacuz_andressa_anholete_afp-2-DNxEh8.jpg\",\"contentUrl\":\"https:\/\/deputadotaveirajr.com.br\/wp-content\/uploads\/2025\/08\/brazil-prison-riot-alcacuz_andressa_anholete_afp-2-DNxEh8.jpg\",\"width\":2000,\"height\":1331},{\"@type\":\"BreadcrumbList\",\"@id\":\"https:\/\/deputadotaveirajr.com.br\/index.php\/justica-comeca-a-ouvir-acusados-pelas-mortes-no-massacre-de-alcacuz-em-audiencia\/#breadcrumb\",\"itemListElement\":[{\"@type\":\"ListItem\",\"position\":1,\"name\":\"In\u00edcio\",\"item\":\"https:\/\/deputadotaveirajr.com.br\/\"},{\"@type\":\"ListItem\",\"position\":2,\"name\":\"Justi\u00e7a come\u00e7a a ouvir acusados pelas mortes no Massacre de Alca\u00e7uz em audi\u00eancia\"}]},{\"@type\":\"WebSite\",\"@id\":\"https:\/\/deputadotaveirajr.com.br\/#website\",\"url\":\"https:\/\/deputadotaveirajr.com.br\/\",\"name\":\"Taveira Jr\",\"description\":\"Deputado Estadual\",\"publisher\":{\"@id\":\"https:\/\/deputadotaveirajr.com.br\/#organization\"},\"potentialAction\":[{\"@type\":\"SearchAction\",\"target\":{\"@type\":\"EntryPoint\",\"urlTemplate\":\"https:\/\/deputadotaveirajr.com.br\/?s={search_term_string}\"},\"query-input\":{\"@type\":\"PropertyValueSpecification\",\"valueRequired\":true,\"valueName\":\"search_term_string\"}}],\"inLanguage\":\"pt-BR\"},{\"@type\":\"Organization\",\"@id\":\"https:\/\/deputadotaveirajr.com.br\/#organization\",\"name\":\"Taveira Jr\",\"url\":\"https:\/\/deputadotaveirajr.com.br\/\",\"logo\":{\"@type\":\"ImageObject\",\"inLanguage\":\"pt-BR\",\"@id\":\"https:\/\/deputadotaveirajr.com.br\/#\/schema\/logo\/image\/\",\"url\":\"https:\/\/deputadotaveirajr.com.br\/wp-content\/uploads\/2026\/01\/logolow2a.png\",\"contentUrl\":\"https:\/\/deputadotaveirajr.com.br\/wp-content\/uploads\/2026\/01\/logolow2a.png\",\"width\":290,\"height\":80,\"caption\":\"Taveira Jr\"},\"image\":{\"@id\":\"https:\/\/deputadotaveirajr.com.br\/#\/schema\/logo\/image\/\"}}]}<\/script>\n<!-- \/ Yoast SEO plugin. -->","yoast_head_json":{"title":"Justi\u00e7a come\u00e7a a ouvir acusados pelas mortes no Massacre de Alca\u00e7uz em audi\u00eancia - Taveira Jr","robots":{"index":"index","follow":"follow","max-snippet":"max-snippet:-1","max-image-preview":"max-image-preview:large","max-video-preview":"max-video-preview:-1"},"canonical":"https:\/\/deputadotaveirajr.com.br\/index.php\/justica-comeca-a-ouvir-acusados-pelas-mortes-no-massacre-de-alcacuz-em-audiencia\/","og_locale":"pt_BR","og_type":"article","og_title":"Justi\u00e7a come\u00e7a a ouvir acusados pelas mortes no Massacre de Alca\u00e7uz em audi\u00eancia - Taveira Jr","og_description":"Presos s\u00e3o vistos no telhado da penitenci\u00e1ria de Alca\u00e7uz, no Rio Grande do Norte, durante rebeli\u00e3o Andressa Anholete\/AFP A Justi\u00e7a do Rio Grande do Norte come\u00e7ou nesta ter\u00e7a-feira (19) a ...","og_url":"https:\/\/deputadotaveirajr.com.br\/index.php\/justica-comeca-a-ouvir-acusados-pelas-mortes-no-massacre-de-alcacuz-em-audiencia\/","og_site_name":"Taveira Jr","og_image":[{"url":"https:\/\/s2-g1.glbimg.com\/qahLZFu07LvyDLETTnHTm54ObvU=\/s.glbimg.com\/jo\/g1\/f\/original\/2017\/01\/18\/brazil-prison-riot-alcacuz_andressa_anholete_afp-2.jpg","type":"","width":"","height":""}],"twitter_card":"summary_large_image","twitter_misc":{"Est. tempo de leitura":"3 minutos"},"schema":{"@context":"https:\/\/schema.org","@graph":[{"@type":"WebPage","@id":"https:\/\/deputadotaveirajr.com.br\/index.php\/justica-comeca-a-ouvir-acusados-pelas-mortes-no-massacre-de-alcacuz-em-audiencia\/","url":"https:\/\/deputadotaveirajr.com.br\/index.php\/justica-comeca-a-ouvir-acusados-pelas-mortes-no-massacre-de-alcacuz-em-audiencia\/","name":"Justi\u00e7a come\u00e7a a ouvir acusados pelas mortes no Massacre de Alca\u00e7uz em audi\u00eancia - Taveira Jr","isPartOf":{"@id":"https:\/\/deputadotaveirajr.com.br\/#website"},"primaryImageOfPage":{"@id":"https:\/\/deputadotaveirajr.com.br\/index.php\/justica-comeca-a-ouvir-acusados-pelas-mortes-no-massacre-de-alcacuz-em-audiencia\/#primaryimage"},"image":{"@id":"https:\/\/deputadotaveirajr.com.br\/index.php\/justica-comeca-a-ouvir-acusados-pelas-mortes-no-massacre-de-alcacuz-em-audiencia\/#primaryimage"},"thumbnailUrl":"https:\/\/deputadotaveirajr.com.br\/wp-content\/uploads\/2025\/08\/brazil-prison-riot-alcacuz_andressa_anholete_afp-2-DNxEh8.jpg","datePublished":"2025-08-19T21:26:28+00:00","breadcrumb":{"@id":"https:\/\/deputadotaveirajr.com.br\/index.php\/justica-comeca-a-ouvir-acusados-pelas-mortes-no-massacre-de-alcacuz-em-audiencia\/#breadcrumb"},"inLanguage":"pt-BR","potentialAction":[{"@type":"ReadAction","target":["https:\/\/deputadotaveirajr.com.br\/index.php\/justica-comeca-a-ouvir-acusados-pelas-mortes-no-massacre-de-alcacuz-em-audiencia\/"]}]},{"@type":"ImageObject","inLanguage":"pt-BR","@id":"https:\/\/deputadotaveirajr.com.br\/index.php\/justica-comeca-a-ouvir-acusados-pelas-mortes-no-massacre-de-alcacuz-em-audiencia\/#primaryimage","url":"https:\/\/deputadotaveirajr.com.br\/wp-content\/uploads\/2025\/08\/brazil-prison-riot-alcacuz_andressa_anholete_afp-2-DNxEh8.jpg","contentUrl":"https:\/\/deputadotaveirajr.com.br\/wp-content\/uploads\/2025\/08\/brazil-prison-riot-alcacuz_andressa_anholete_afp-2-DNxEh8.jpg","width":2000,"height":1331},{"@type":"BreadcrumbList","@id":"https:\/\/deputadotaveirajr.com.br\/index.php\/justica-comeca-a-ouvir-acusados-pelas-mortes-no-massacre-de-alcacuz-em-audiencia\/#breadcrumb","itemListElement":[{"@type":"ListItem","position":1,"name":"In\u00edcio","item":"https:\/\/deputadotaveirajr.com.br\/"},{"@type":"ListItem","position":2,"name":"Justi\u00e7a come\u00e7a a ouvir acusados pelas mortes no Massacre de Alca\u00e7uz em audi\u00eancia"}]},{"@type":"WebSite","@id":"https:\/\/deputadotaveirajr.com.br\/#website","url":"https:\/\/deputadotaveirajr.com.br\/","name":"Taveira Jr","description":"Deputado Estadual","publisher":{"@id":"https:\/\/deputadotaveirajr.com.br\/#organization"},"potentialAction":[{"@type":"SearchAction","target":{"@type":"EntryPoint","urlTemplate":"https:\/\/deputadotaveirajr.com.br\/?s={search_term_string}"},"query-input":{"@type":"PropertyValueSpecification","valueRequired":true,"valueName":"search_term_string"}}],"inLanguage":"pt-BR"},{"@type":"Organization","@id":"https:\/\/deputadotaveirajr.com.br\/#organization","name":"Taveira Jr","url":"https:\/\/deputadotaveirajr.com.br\/","logo":{"@type":"ImageObject","inLanguage":"pt-BR","@id":"https:\/\/deputadotaveirajr.com.br\/#\/schema\/logo\/image\/","url":"https:\/\/deputadotaveirajr.com.br\/wp-content\/uploads\/2026\/01\/logolow2a.png","contentUrl":"https:\/\/deputadotaveirajr.com.br\/wp-content\/uploads\/2026\/01\/logolow2a.png","width":290,"height":80,"caption":"Taveira Jr"},"image":{"@id":"https:\/\/deputadotaveirajr.com.br\/#\/schema\/logo\/image\/"}}]}},"_links":{"self":[{"href":"https:\/\/deputadotaveirajr.com.br\/index.php\/wp-json\/wp\/v2\/pages\/13910","targetHints":{"allow":["GET"]}}],"collection":[{"href":"https:\/\/deputadotaveirajr.com.br\/index.php\/wp-json\/wp\/v2\/pages"}],"about":[{"href":"https:\/\/deputadotaveirajr.com.br\/index.php\/wp-json\/wp\/v2\/types\/page"}],"replies":[{"embeddable":true,"href":"https:\/\/deputadotaveirajr.com.br\/index.php\/wp-json\/wp\/v2\/comments?post=13910"}],"version-history":[{"count":0,"href":"https:\/\/deputadotaveirajr.com.br\/index.php\/wp-json\/wp\/v2\/pages\/13910\/revisions"}],"wp:featuredmedia":[{"embeddable":true,"href":"https:\/\/deputadotaveirajr.com.br\/index.php\/wp-json\/wp\/v2\/media\/13911"}],"wp:attachment":[{"href":"https:\/\/deputadotaveirajr.com.br\/index.php\/wp-json\/wp\/v2\/media?parent=13910"}],"curies":[{"name":"wp","href":"https:\/\/api.w.org\/{rel}","templated":true}]}}