{"id":13921,"date":"2025-08-20T12:27:50","date_gmt":"2025-08-20T15:27:50","guid":{"rendered":"https:\/\/deputadotaveirajr.com.br\/index.php\/justica-cassa-mandatos-de-prefeita-e-vice-de-maxaranguape\/"},"modified":"2025-08-20T12:27:50","modified_gmt":"2025-08-20T15:27:50","slug":"justica-cassa-mandatos-de-prefeita-e-vice-de-maxaranguape","status":"publish","type":"page","link":"https:\/\/deputadotaveirajr.com.br\/index.php\/justica-cassa-mandatos-de-prefeita-e-vice-de-maxaranguape\/","title":{"rendered":"Justi\u00e7a cassa mandatos de prefeita e vice de Maxaranguape"},"content":{"rendered":"<p><img decoding=\"async\" src=\"https:\/\/s2-g1.glbimg.com\/1Cu5e3JjvO0CmHG-b3Ws1d8s1XM=\/i.s3.glbimg.com\/v1\/AUTH_59edd422c0c84a879bd37670ae4f538a\/internal_photos\/bs\/2022\/N\/7\/sANYPISc29q8EVWFtX8g\/maxaranguape.jpg\" \/><br \/>     Entrada de Maxaranguape, RN<br \/>\nReprodu\u00e7\u00e3o\/Inter TV Cabugi<br \/>\nA Justi\u00e7a Eleitoral cassou os mandatos da prefeita de Maxaranguape, Maria Erenir Freitas de Lima (Professora Nira), e do vice-prefeito Evanio Pedro do Nascimento por abuso de poder pol\u00edtico e econ\u00f4mico nas elei\u00e7\u00f5es de 2024. Os dois foram eleitos com 59,22% dos votos v\u00e1lidos.<br \/>\nO g1 teve acesso \u00e0 decis\u00e3o do juiz Diego Costa Pinto Dantas. Al\u00e9m da anula\u00e7\u00e3o dos votos recebidos pela chapa, o magistrado determinou o afastamento da prefeita e do vice, com realiza\u00e7\u00e3o de novas elei\u00e7\u00f5es no munic\u00edpio, mas somente ap\u00f3s a confirma\u00e7\u00e3o da decis\u00e3o pelo Tribunal Regional Eleitoral (TRE\/RN).<br \/>\n\ud83d\udcf3Participe do canal do g1 RN no WhatsApp<br \/>\nSegundo a senten\u00e7a, ficou comprovado que a ent\u00e3o prefeita Professora Nira, o vice-prefeito eleito Evanio Pedro do Nascimento e o suplente de vereador Ronialdo C\u00e2mara da Silva participaram de um esquema estruturado de distribui\u00e7\u00e3o de materiais de constru\u00e7\u00e3o a eleitores em troca de apoio pol\u00edtico e votos, durante a elei\u00e7\u00e3o municipal de 2024 em Maxaranguape.<br \/>\nA senten\u00e7a tamb\u00e9m determinou a cassa\u00e7\u00e3o do diploma do suplente de vereador Ronialdo C\u00e2mara da Silva e declarou a inelegibilidade, por oito anos, de Maria Erenir e Ronialdo.<br \/>\nEm nota, a prefeita de Maxaranguape, Professora Nira, informou que vai recorrer da decis\u00e3o. O g1 n\u00e3o conseguiu contato com o suplente de vereador Ronialdo C\u00e2mara da Silva.<br \/>\nConfira a nota da prefeita na \u00edntegra:<br \/>\nA prefeita de Maxaranguape, Professora Nira, vem a p\u00fablico informar que recebeu com serenidade a decis\u00e3o da Justi\u00e7a na a\u00e7\u00e3o proposta pela oposi\u00e7\u00e3o.<br \/>\nReafirma sua confian\u00e7a plena e respeito \u00e0s institui\u00e7\u00f5es e ao Judici\u00e1rio.<br \/>\nN\u00e3o houve seu afastamento da fun\u00e7\u00e3o e a Prefeita seguir\u00e1 com a apresenta\u00e7\u00e3o dos recursos para modificar o entendimento.<br \/>\nA Professora Nira vai continuar, ao lado do vice-prefeito Ev\u00e2nio, trabalhando com zelo e responsabilidade pelo povo de Maxaranguape, mantendo o compromisso com o desenvolvimento do munic\u00edpio e o bem-estar da popula\u00e7\u00e3o.<br \/>\nAcreditamos que, ao final, a Justi\u00e7a reconhecer\u00e1 a vontade dos 5.325 votos, 59,22% do eleitorado nas \u00faltimas elei\u00e7\u00f5es municipais, que escolheram e decidiram democraticamente os seus representantes que honram a confian\u00e7a com trabalho e resultado, priorizando o maior interesse p\u00fablico.<\/p>","protected":false},"excerpt":{"rendered":"<p>Entrada de Maxaranguape, RN Reprodu\u00e7\u00e3o\/Inter TV Cabugi A Justi\u00e7a Eleitoral cassou os mandatos da prefeita de Maxaranguape, Maria Erenir Freitas de Lima (Professora Nira), e do vice-prefeito Evanio Pedro do &#8230;<\/p>\n","protected":false},"author":0,"featured_media":13922,"parent":0,"menu_order":0,"comment_status":"closed","ping_status":"closed","template":"","meta":{"footnotes":""},"class_list":["post-13921","page","type-page","status-publish","has-post-thumbnail","hentry"],"yoast_head":"<!-- This site is optimized with the Yoast SEO plugin v27.1.1 - https:\/\/yoast.com\/product\/yoast-seo-wordpress\/ -->\n<title>Justi\u00e7a cassa mandatos de prefeita e vice de Maxaranguape - Taveira Jr<\/title>\n<meta name=\"robots\" content=\"index, follow, max-snippet:-1, max-image-preview:large, max-video-preview:-1\" \/>\n<link rel=\"canonical\" href=\"https:\/\/deputadotaveirajr.com.br\/index.php\/justica-cassa-mandatos-de-prefeita-e-vice-de-maxaranguape\/\" \/>\n<meta property=\"og:locale\" content=\"pt_BR\" \/>\n<meta property=\"og:type\" content=\"article\" \/>\n<meta property=\"og:title\" content=\"Justi\u00e7a cassa mandatos de prefeita e vice de Maxaranguape - Taveira Jr\" \/>\n<meta property=\"og:description\" content=\"Entrada de Maxaranguape, RN Reprodu\u00e7\u00e3o\/Inter TV Cabugi A Justi\u00e7a Eleitoral cassou os mandatos da prefeita de Maxaranguape, Maria Erenir Freitas de Lima (Professora Nira), e do vice-prefeito Evanio Pedro do ...\" \/>\n<meta property=\"og:url\" content=\"https:\/\/deputadotaveirajr.com.br\/index.php\/justica-cassa-mandatos-de-prefeita-e-vice-de-maxaranguape\/\" \/>\n<meta property=\"og:site_name\" content=\"Taveira Jr\" \/>\n<meta property=\"og:image\" content=\"https:\/\/s2-g1.glbimg.com\/1Cu5e3JjvO0CmHG-b3Ws1d8s1XM=\/i.s3.glbimg.com\/v1\/AUTH_59edd422c0c84a879bd37670ae4f538a\/internal_photos\/bs\/2022\/N\/7\/sANYPISc29q8EVWFtX8g\/maxaranguape.jpg\" \/>\n<meta name=\"twitter:card\" content=\"summary_large_image\" \/>\n<meta name=\"twitter:label1\" content=\"Est. tempo de leitura\" \/>\n\t<meta name=\"twitter:data1\" content=\"2 minutos\" \/>\n<script type=\"application\/ld+json\" class=\"yoast-schema-graph\">{\"@context\":\"https:\/\/schema.org\",\"@graph\":[{\"@type\":\"WebPage\",\"@id\":\"https:\/\/deputadotaveirajr.com.br\/index.php\/justica-cassa-mandatos-de-prefeita-e-vice-de-maxaranguape\/\",\"url\":\"https:\/\/deputadotaveirajr.com.br\/index.php\/justica-cassa-mandatos-de-prefeita-e-vice-de-maxaranguape\/\",\"name\":\"Justi\u00e7a cassa mandatos de prefeita e vice de Maxaranguape - Taveira Jr\",\"isPartOf\":{\"@id\":\"https:\/\/deputadotaveirajr.com.br\/#website\"},\"primaryImageOfPage\":{\"@id\":\"https:\/\/deputadotaveirajr.com.br\/index.php\/justica-cassa-mandatos-de-prefeita-e-vice-de-maxaranguape\/#primaryimage\"},\"image\":{\"@id\":\"https:\/\/deputadotaveirajr.com.br\/index.php\/justica-cassa-mandatos-de-prefeita-e-vice-de-maxaranguape\/#primaryimage\"},\"thumbnailUrl\":\"https:\/\/deputadotaveirajr.com.br\/wp-content\/uploads\/2025\/08\/maxaranguape-HIcXEY.jpg\",\"datePublished\":\"2025-08-20T15:27:50+00:00\",\"breadcrumb\":{\"@id\":\"https:\/\/deputadotaveirajr.com.br\/index.php\/justica-cassa-mandatos-de-prefeita-e-vice-de-maxaranguape\/#breadcrumb\"},\"inLanguage\":\"pt-BR\",\"potentialAction\":[{\"@type\":\"ReadAction\",\"target\":[\"https:\/\/deputadotaveirajr.com.br\/index.php\/justica-cassa-mandatos-de-prefeita-e-vice-de-maxaranguape\/\"]}]},{\"@type\":\"ImageObject\",\"inLanguage\":\"pt-BR\",\"@id\":\"https:\/\/deputadotaveirajr.com.br\/index.php\/justica-cassa-mandatos-de-prefeita-e-vice-de-maxaranguape\/#primaryimage\",\"url\":\"https:\/\/deputadotaveirajr.com.br\/wp-content\/uploads\/2025\/08\/maxaranguape-HIcXEY.jpg\",\"contentUrl\":\"https:\/\/deputadotaveirajr.com.br\/wp-content\/uploads\/2025\/08\/maxaranguape-HIcXEY.jpg\",\"width\":1343,\"height\":526},{\"@type\":\"BreadcrumbList\",\"@id\":\"https:\/\/deputadotaveirajr.com.br\/index.php\/justica-cassa-mandatos-de-prefeita-e-vice-de-maxaranguape\/#breadcrumb\",\"itemListElement\":[{\"@type\":\"ListItem\",\"position\":1,\"name\":\"In\u00edcio\",\"item\":\"https:\/\/deputadotaveirajr.com.br\/\"},{\"@type\":\"ListItem\",\"position\":2,\"name\":\"Justi\u00e7a cassa mandatos de prefeita e vice de Maxaranguape\"}]},{\"@type\":\"WebSite\",\"@id\":\"https:\/\/deputadotaveirajr.com.br\/#website\",\"url\":\"https:\/\/deputadotaveirajr.com.br\/\",\"name\":\"Taveira Jr\",\"description\":\"Deputado Estadual\",\"publisher\":{\"@id\":\"https:\/\/deputadotaveirajr.com.br\/#organization\"},\"potentialAction\":[{\"@type\":\"SearchAction\",\"target\":{\"@type\":\"EntryPoint\",\"urlTemplate\":\"https:\/\/deputadotaveirajr.com.br\/?s={search_term_string}\"},\"query-input\":{\"@type\":\"PropertyValueSpecification\",\"valueRequired\":true,\"valueName\":\"search_term_string\"}}],\"inLanguage\":\"pt-BR\"},{\"@type\":\"Organization\",\"@id\":\"https:\/\/deputadotaveirajr.com.br\/#organization\",\"name\":\"Taveira Jr\",\"url\":\"https:\/\/deputadotaveirajr.com.br\/\",\"logo\":{\"@type\":\"ImageObject\",\"inLanguage\":\"pt-BR\",\"@id\":\"https:\/\/deputadotaveirajr.com.br\/#\/schema\/logo\/image\/\",\"url\":\"https:\/\/deputadotaveirajr.com.br\/wp-content\/uploads\/2026\/01\/logolow2a.png\",\"contentUrl\":\"https:\/\/deputadotaveirajr.com.br\/wp-content\/uploads\/2026\/01\/logolow2a.png\",\"width\":290,\"height\":80,\"caption\":\"Taveira Jr\"},\"image\":{\"@id\":\"https:\/\/deputadotaveirajr.com.br\/#\/schema\/logo\/image\/\"}}]}<\/script>\n<!-- \/ Yoast SEO plugin. -->","yoast_head_json":{"title":"Justi\u00e7a cassa mandatos de prefeita e vice de Maxaranguape - Taveira Jr","robots":{"index":"index","follow":"follow","max-snippet":"max-snippet:-1","max-image-preview":"max-image-preview:large","max-video-preview":"max-video-preview:-1"},"canonical":"https:\/\/deputadotaveirajr.com.br\/index.php\/justica-cassa-mandatos-de-prefeita-e-vice-de-maxaranguape\/","og_locale":"pt_BR","og_type":"article","og_title":"Justi\u00e7a cassa mandatos de prefeita e vice de Maxaranguape - Taveira Jr","og_description":"Entrada de Maxaranguape, RN Reprodu\u00e7\u00e3o\/Inter TV Cabugi A Justi\u00e7a Eleitoral cassou os mandatos da prefeita de Maxaranguape, Maria Erenir Freitas de Lima (Professora Nira), e do vice-prefeito Evanio Pedro do ...","og_url":"https:\/\/deputadotaveirajr.com.br\/index.php\/justica-cassa-mandatos-de-prefeita-e-vice-de-maxaranguape\/","og_site_name":"Taveira Jr","og_image":[{"url":"https:\/\/s2-g1.glbimg.com\/1Cu5e3JjvO0CmHG-b3Ws1d8s1XM=\/i.s3.glbimg.com\/v1\/AUTH_59edd422c0c84a879bd37670ae4f538a\/internal_photos\/bs\/2022\/N\/7\/sANYPISc29q8EVWFtX8g\/maxaranguape.jpg","type":"","width":"","height":""}],"twitter_card":"summary_large_image","twitter_misc":{"Est. tempo de leitura":"2 minutos"},"schema":{"@context":"https:\/\/schema.org","@graph":[{"@type":"WebPage","@id":"https:\/\/deputadotaveirajr.com.br\/index.php\/justica-cassa-mandatos-de-prefeita-e-vice-de-maxaranguape\/","url":"https:\/\/deputadotaveirajr.com.br\/index.php\/justica-cassa-mandatos-de-prefeita-e-vice-de-maxaranguape\/","name":"Justi\u00e7a cassa mandatos de prefeita e vice de Maxaranguape - Taveira Jr","isPartOf":{"@id":"https:\/\/deputadotaveirajr.com.br\/#website"},"primaryImageOfPage":{"@id":"https:\/\/deputadotaveirajr.com.br\/index.php\/justica-cassa-mandatos-de-prefeita-e-vice-de-maxaranguape\/#primaryimage"},"image":{"@id":"https:\/\/deputadotaveirajr.com.br\/index.php\/justica-cassa-mandatos-de-prefeita-e-vice-de-maxaranguape\/#primaryimage"},"thumbnailUrl":"https:\/\/deputadotaveirajr.com.br\/wp-content\/uploads\/2025\/08\/maxaranguape-HIcXEY.jpg","datePublished":"2025-08-20T15:27:50+00:00","breadcrumb":{"@id":"https:\/\/deputadotaveirajr.com.br\/index.php\/justica-cassa-mandatos-de-prefeita-e-vice-de-maxaranguape\/#breadcrumb"},"inLanguage":"pt-BR","potentialAction":[{"@type":"ReadAction","target":["https:\/\/deputadotaveirajr.com.br\/index.php\/justica-cassa-mandatos-de-prefeita-e-vice-de-maxaranguape\/"]}]},{"@type":"ImageObject","inLanguage":"pt-BR","@id":"https:\/\/deputadotaveirajr.com.br\/index.php\/justica-cassa-mandatos-de-prefeita-e-vice-de-maxaranguape\/#primaryimage","url":"https:\/\/deputadotaveirajr.com.br\/wp-content\/uploads\/2025\/08\/maxaranguape-HIcXEY.jpg","contentUrl":"https:\/\/deputadotaveirajr.com.br\/wp-content\/uploads\/2025\/08\/maxaranguape-HIcXEY.jpg","width":1343,"height":526},{"@type":"BreadcrumbList","@id":"https:\/\/deputadotaveirajr.com.br\/index.php\/justica-cassa-mandatos-de-prefeita-e-vice-de-maxaranguape\/#breadcrumb","itemListElement":[{"@type":"ListItem","position":1,"name":"In\u00edcio","item":"https:\/\/deputadotaveirajr.com.br\/"},{"@type":"ListItem","position":2,"name":"Justi\u00e7a cassa mandatos de prefeita e vice de Maxaranguape"}]},{"@type":"WebSite","@id":"https:\/\/deputadotaveirajr.com.br\/#website","url":"https:\/\/deputadotaveirajr.com.br\/","name":"Taveira Jr","description":"Deputado Estadual","publisher":{"@id":"https:\/\/deputadotaveirajr.com.br\/#organization"},"potentialAction":[{"@type":"SearchAction","target":{"@type":"EntryPoint","urlTemplate":"https:\/\/deputadotaveirajr.com.br\/?s={search_term_string}"},"query-input":{"@type":"PropertyValueSpecification","valueRequired":true,"valueName":"search_term_string"}}],"inLanguage":"pt-BR"},{"@type":"Organization","@id":"https:\/\/deputadotaveirajr.com.br\/#organization","name":"Taveira Jr","url":"https:\/\/deputadotaveirajr.com.br\/","logo":{"@type":"ImageObject","inLanguage":"pt-BR","@id":"https:\/\/deputadotaveirajr.com.br\/#\/schema\/logo\/image\/","url":"https:\/\/deputadotaveirajr.com.br\/wp-content\/uploads\/2026\/01\/logolow2a.png","contentUrl":"https:\/\/deputadotaveirajr.com.br\/wp-content\/uploads\/2026\/01\/logolow2a.png","width":290,"height":80,"caption":"Taveira Jr"},"image":{"@id":"https:\/\/deputadotaveirajr.com.br\/#\/schema\/logo\/image\/"}}]}},"_links":{"self":[{"href":"https:\/\/deputadotaveirajr.com.br\/index.php\/wp-json\/wp\/v2\/pages\/13921","targetHints":{"allow":["GET"]}}],"collection":[{"href":"https:\/\/deputadotaveirajr.com.br\/index.php\/wp-json\/wp\/v2\/pages"}],"about":[{"href":"https:\/\/deputadotaveirajr.com.br\/index.php\/wp-json\/wp\/v2\/types\/page"}],"replies":[{"embeddable":true,"href":"https:\/\/deputadotaveirajr.com.br\/index.php\/wp-json\/wp\/v2\/comments?post=13921"}],"version-history":[{"count":0,"href":"https:\/\/deputadotaveirajr.com.br\/index.php\/wp-json\/wp\/v2\/pages\/13921\/revisions"}],"wp:featuredmedia":[{"embeddable":true,"href":"https:\/\/deputadotaveirajr.com.br\/index.php\/wp-json\/wp\/v2\/media\/13922"}],"wp:attachment":[{"href":"https:\/\/deputadotaveirajr.com.br\/index.php\/wp-json\/wp\/v2\/media?parent=13921"}],"curies":[{"name":"wp","href":"https:\/\/api.w.org\/{rel}","templated":true}]}}