{"id":13940,"date":"2025-08-23T12:24:38","date_gmt":"2025-08-23T15:24:38","guid":{"rendered":"https:\/\/deputadotaveirajr.com.br\/index.php\/hospital-da-mulher-realiza-1o-parto-apos-dois-anos-de-inauguracao-em-mossoro\/"},"modified":"2025-08-23T12:24:38","modified_gmt":"2025-08-23T15:24:38","slug":"hospital-da-mulher-realiza-1o-parto-apos-dois-anos-de-inauguracao-em-mossoro","status":"publish","type":"page","link":"https:\/\/deputadotaveirajr.com.br\/index.php\/hospital-da-mulher-realiza-1o-parto-apos-dois-anos-de-inauguracao-em-mossoro\/","title":{"rendered":"Hospital da Mulher realiza 1\u00ba parto ap\u00f3s dois anos de inaugura\u00e7\u00e3o em Mossor\u00f3"},"content":{"rendered":"<p><img decoding=\"async\" src=\"https:\/\/s2-g1.glbimg.com\/HgutIEW1aQCKM_asB4s0TNJCQIY=\/i.s3.glbimg.com\/v1\/AUTH_59edd422c0c84a879bd37670ae4f538a\/internal_photos\/bs\/2025\/2\/n\/2ic5fZTxymelERAmZjOQ\/hospital-da-mulher.png\" \/><br \/>     Hospital da mulher de Mossor\u00f3 realiza primeiro parto<br \/>\nO Hospital da Mulher Parteira Maria Correia, em Mossor\u00f3, na Regi\u00e3o Oeste do Rio Grande do Norte, realizou nesta sexta-feira (22) o primeiro parto, ap\u00f3s mais de dois anos de inaugura\u00e7\u00e3o da unidade, ocorrida em dezembro de 2022.<br \/>\nA coordenadora do Centro de Parto Normal do hospital, Jana\u00edne Oliveira, explicou que a demora para o primeiro parto ocorreu por um cumprimento de cronograma j\u00e1 previsto pela Secretaria de Estado da Sa\u00fade P\u00fablica (Sesap) para estrutura\u00e7\u00e3o da unidade e tamb\u00e9m para a convoca\u00e7\u00e3o de profissionais especializados.<br \/>\n\ud83d\udcf3 Clique aqui para seguir o canal do g1 RN no WhatsApp<br \/>\n&#8220;A Sesap vem cumprindo um cronograma de abertura do servi\u00e7o, at\u00e9 para garantir a quest\u00e3o da qualidade t\u00e9cnica, da seguran\u00e7a t\u00e9cnica tamb\u00e9m, de receber o servi\u00e7o que a gente vem realmente cumprindo&#8221;, explicou.<br \/>\n&#8220;At\u00e9 pela pr\u00f3pria quest\u00e3o tamb\u00e9m de dificuldade or\u00e7ament\u00e1ria, da gente ter a contrata\u00e7\u00e3o dessas pessoas, seja por concurso p\u00fablico, seletivo, contrata\u00e7\u00e3o tamb\u00e9m de outras empresas, para garantir realmente a o dimensionamento e o atendimento da popula\u00e7\u00e3o de forma realmente correta. E foi necess\u00e1rio que a gente realmente tivesse esse tempo, e a gente vem cumprindo esse cronograma de abertura&#8221;, completou.<br \/>\nPara viabilizar a abertura do servi\u00e7o, o governo do Rio Grande do Norte convocou 147 novos profissionais, entre enfermeiros, t\u00e9cnicos em enfermagem e t\u00e9cnicos em nutri\u00e7\u00e3o. At\u00e9 este m\u00eas de agosto, 120 j\u00e1 haviam se apresentado para trabalhar na unidade.<br \/>\nO primeiro beb\u00ea<br \/>\nJackeline Ara\u00fajo Silva Pereira, de 24 anos, deu entrada no hospital, nesta sexta-feira (23). Ela deu \u00e0 luz o primeiro beb\u00ea nascido na unidade: Bruno, que nasceu com 3,5 kg e 51 cm. A m\u00e3e saiu do munic\u00edpio de S\u00e3o Miguel, cidade do Alto Oeste potiguar.<br \/>\n&#8220;Foi um beb\u00ea que nasceu por uma cirurgia cesariana, realmente com a necessidade de realizar a cesariana. Ele nasceu bem, e a m\u00e3e tamb\u00e9m est\u00e1 super bem&#8221;, explicou o diretor t\u00e9cnico do Hospital da Mulher, Hugo Aguiar.<br \/>\n&#8220;Tratava-se, de fato, de uma gesta\u00e7\u00e3o de risco. E a\u00ed a gente n\u00e3o poderia mais postergar o nascimento do beb\u00ea. Ent\u00e3o, a cesariana foi indicada e realizada com sucesso&#8221;, completou o m\u00e9dico.<br \/>\nBruno foi o primeiro beb\u00ea a nascer no Hospital da Mulher, em Mossor\u00f3<br \/>\nAntonio Dias\/Inter TV Costa Branca<br \/>\nAtendimentos para cidades da Regi\u00e3o Oeste<br \/>\nO hospital atende, desde a sua abertura, mulheres de 63 munic\u00edpios da regi\u00e3o Oeste, por meio do sistema de regula\u00e7\u00e3o estadual.<br \/>\nCom o in\u00edcio dos partos, a unidade passou a operar com 100% dos servi\u00e7os. Ao todo, seis leitos foram inaugurados para a realiza\u00e7\u00e3o de partos.<br \/>\nA coordenadora do Centro de Parto Normal do hospital, Jana\u00edne Oliveira, explicou que, com a chegada dos servi\u00e7os de maternidade, foram realizadas pactua\u00e7\u00f5es para saber quais situa\u00e7\u00f5es ser\u00e3o recebidas<br \/>\n&#8220;Logicamente, em alguns momentos, quando o paciente chega por demanda espont\u00e2nea, a gente acolhe, vai compreender, fazer o atendimento dessa gestante, entender um pouco se realmente ela \u00e9 uma paciente com esse perfil para c\u00e1, como \u00e9 que a gente pode estar ajudando e contribuindo&#8221;, explicou.<br \/>\n&#8220;Especialmente pessoas do nosso entorno, da nossa vizinhan\u00e7a, que geralmente, por ser mais pr\u00f3xima, elas elas podem ter essa condi\u00e7\u00e3o de estar procurando o servi\u00e7o&#8221;.<br \/>\nO Hospital da Mulher tamb\u00e9m realiza cerca de 30 atendimentos di\u00e1rios no pronto-socorro de urg\u00eancias ginecol\u00f3gicas, entre consultas e exames. No ambulat\u00f3rio, s\u00e3o aproximadamente 5 mil atendimentos mensais, incluindo acompanhamento pr\u00e9-natal.<br \/>\nPartos normais<br \/>\nA estrutura do Centro de Parto conta com cinco leitos para partos normais e um para casos de alto risco, como cesarianas.<br \/>\nA inten\u00e7\u00e3o da maternidade, segundo a Jana\u00edne Oliveira, \u00e9 trabalhar nos protocolos baseados na humaniza\u00e7\u00e3o do parto.<br \/>\n&#8220;Pensando realmente em utiliza\u00e7\u00e3o da presen\u00e7a do enfermeiro obst\u00e9trico dentro da cena de parto. Na verdade, \u00e9 uma condi\u00e7\u00e3o que a Organiza\u00e7\u00e3o Mundial de Sa\u00fade e o Minist\u00e9rio da Sa\u00fade trazem como potencial para diminuir as taxas de interven\u00e7\u00f5es desnecess\u00e1rias. Ent\u00e3o, a gente vem apostando nisso&#8221;, explicou.<br \/>\n&#8220;\u00c9 bem importante esclarecer que n\u00e3o \u00e9 que a gente coloque a situa\u00e7\u00e3o de que toda mulher aqui tem que parir normal, n\u00e3o \u00e9 isso. Mas a gente compreende que aquelas mulheres que t\u00eam possibilidade de ter normal, que elas realmente tenham essas condi\u00e7\u00f5es favor\u00e1veis para que isso aconte\u00e7a&#8221;.<br \/>\nForam inauguradas tamb\u00e9m na unidade cinco UTIs neonatais e outras cinco unidades para cuidados intermedi\u00e1rios.<br \/>\nV\u00eddeos mais assistidos do g1 RN<\/p>","protected":false},"excerpt":{"rendered":"<p>Hospital da mulher de Mossor\u00f3 realiza primeiro parto O Hospital da Mulher Parteira Maria Correia, em Mossor\u00f3, na Regi\u00e3o Oeste do Rio Grande do Norte, realizou nesta sexta-feira (22) o &#8230;<\/p>\n","protected":false},"author":0,"featured_media":13941,"parent":0,"menu_order":0,"comment_status":"closed","ping_status":"closed","template":"","meta":{"footnotes":""},"class_list":["post-13940","page","type-page","status-publish","has-post-thumbnail","hentry"],"yoast_head":"<!-- This site is optimized with the Yoast SEO plugin v27.1.1 - https:\/\/yoast.com\/product\/yoast-seo-wordpress\/ -->\n<title>Hospital da Mulher realiza 1\u00ba parto ap\u00f3s dois anos de inaugura\u00e7\u00e3o em Mossor\u00f3 - Taveira Jr<\/title>\n<meta name=\"robots\" content=\"index, follow, max-snippet:-1, max-image-preview:large, max-video-preview:-1\" \/>\n<link rel=\"canonical\" href=\"https:\/\/deputadotaveirajr.com.br\/index.php\/hospital-da-mulher-realiza-1o-parto-apos-dois-anos-de-inauguracao-em-mossoro\/\" \/>\n<meta property=\"og:locale\" content=\"pt_BR\" \/>\n<meta property=\"og:type\" content=\"article\" \/>\n<meta property=\"og:title\" content=\"Hospital da Mulher realiza 1\u00ba parto ap\u00f3s dois anos de inaugura\u00e7\u00e3o em Mossor\u00f3 - Taveira Jr\" \/>\n<meta property=\"og:description\" content=\"Hospital da mulher de Mossor\u00f3 realiza primeiro parto O Hospital da Mulher Parteira Maria Correia, em Mossor\u00f3, na Regi\u00e3o Oeste do Rio Grande do Norte, realizou nesta sexta-feira (22) o ...\" \/>\n<meta property=\"og:url\" content=\"https:\/\/deputadotaveirajr.com.br\/index.php\/hospital-da-mulher-realiza-1o-parto-apos-dois-anos-de-inauguracao-em-mossoro\/\" \/>\n<meta property=\"og:site_name\" content=\"Taveira Jr\" \/>\n<meta property=\"og:image\" content=\"https:\/\/s2-g1.glbimg.com\/HgutIEW1aQCKM_asB4s0TNJCQIY=\/i.s3.glbimg.com\/v1\/AUTH_59edd422c0c84a879bd37670ae4f538a\/internal_photos\/bs\/2025\/2\/n\/2ic5fZTxymelERAmZjOQ\/hospital-da-mulher.png\" \/>\n<meta name=\"twitter:card\" content=\"summary_large_image\" \/>\n<meta name=\"twitter:label1\" content=\"Est. tempo de leitura\" \/>\n\t<meta name=\"twitter:data1\" content=\"4 minutos\" \/>\n<script type=\"application\/ld+json\" class=\"yoast-schema-graph\">{\"@context\":\"https:\/\/schema.org\",\"@graph\":[{\"@type\":\"WebPage\",\"@id\":\"https:\/\/deputadotaveirajr.com.br\/index.php\/hospital-da-mulher-realiza-1o-parto-apos-dois-anos-de-inauguracao-em-mossoro\/\",\"url\":\"https:\/\/deputadotaveirajr.com.br\/index.php\/hospital-da-mulher-realiza-1o-parto-apos-dois-anos-de-inauguracao-em-mossoro\/\",\"name\":\"Hospital da Mulher realiza 1\u00ba parto ap\u00f3s dois anos de inaugura\u00e7\u00e3o em Mossor\u00f3 - Taveira Jr\",\"isPartOf\":{\"@id\":\"https:\/\/deputadotaveirajr.com.br\/#website\"},\"primaryImageOfPage\":{\"@id\":\"https:\/\/deputadotaveirajr.com.br\/index.php\/hospital-da-mulher-realiza-1o-parto-apos-dois-anos-de-inauguracao-em-mossoro\/#primaryimage\"},\"image\":{\"@id\":\"https:\/\/deputadotaveirajr.com.br\/index.php\/hospital-da-mulher-realiza-1o-parto-apos-dois-anos-de-inauguracao-em-mossoro\/#primaryimage\"},\"thumbnailUrl\":\"https:\/\/deputadotaveirajr.com.br\/wp-content\/uploads\/2025\/08\/hospital-da-mulher-5VYRXN.jpg\",\"datePublished\":\"2025-08-23T15:24:38+00:00\",\"breadcrumb\":{\"@id\":\"https:\/\/deputadotaveirajr.com.br\/index.php\/hospital-da-mulher-realiza-1o-parto-apos-dois-anos-de-inauguracao-em-mossoro\/#breadcrumb\"},\"inLanguage\":\"pt-BR\",\"potentialAction\":[{\"@type\":\"ReadAction\",\"target\":[\"https:\/\/deputadotaveirajr.com.br\/index.php\/hospital-da-mulher-realiza-1o-parto-apos-dois-anos-de-inauguracao-em-mossoro\/\"]}]},{\"@type\":\"ImageObject\",\"inLanguage\":\"pt-BR\",\"@id\":\"https:\/\/deputadotaveirajr.com.br\/index.php\/hospital-da-mulher-realiza-1o-parto-apos-dois-anos-de-inauguracao-em-mossoro\/#primaryimage\",\"url\":\"https:\/\/deputadotaveirajr.com.br\/wp-content\/uploads\/2025\/08\/hospital-da-mulher-5VYRXN.jpg\",\"contentUrl\":\"https:\/\/deputadotaveirajr.com.br\/wp-content\/uploads\/2025\/08\/hospital-da-mulher-5VYRXN.jpg\",\"width\":2000,\"height\":2000},{\"@type\":\"BreadcrumbList\",\"@id\":\"https:\/\/deputadotaveirajr.com.br\/index.php\/hospital-da-mulher-realiza-1o-parto-apos-dois-anos-de-inauguracao-em-mossoro\/#breadcrumb\",\"itemListElement\":[{\"@type\":\"ListItem\",\"position\":1,\"name\":\"In\u00edcio\",\"item\":\"https:\/\/deputadotaveirajr.com.br\/\"},{\"@type\":\"ListItem\",\"position\":2,\"name\":\"Hospital da Mulher realiza 1\u00ba parto ap\u00f3s dois anos de inaugura\u00e7\u00e3o em Mossor\u00f3\"}]},{\"@type\":\"WebSite\",\"@id\":\"https:\/\/deputadotaveirajr.com.br\/#website\",\"url\":\"https:\/\/deputadotaveirajr.com.br\/\",\"name\":\"Taveira Jr\",\"description\":\"Deputado Estadual\",\"publisher\":{\"@id\":\"https:\/\/deputadotaveirajr.com.br\/#organization\"},\"potentialAction\":[{\"@type\":\"SearchAction\",\"target\":{\"@type\":\"EntryPoint\",\"urlTemplate\":\"https:\/\/deputadotaveirajr.com.br\/?s={search_term_string}\"},\"query-input\":{\"@type\":\"PropertyValueSpecification\",\"valueRequired\":true,\"valueName\":\"search_term_string\"}}],\"inLanguage\":\"pt-BR\"},{\"@type\":\"Organization\",\"@id\":\"https:\/\/deputadotaveirajr.com.br\/#organization\",\"name\":\"Taveira Jr\",\"url\":\"https:\/\/deputadotaveirajr.com.br\/\",\"logo\":{\"@type\":\"ImageObject\",\"inLanguage\":\"pt-BR\",\"@id\":\"https:\/\/deputadotaveirajr.com.br\/#\/schema\/logo\/image\/\",\"url\":\"https:\/\/deputadotaveirajr.com.br\/wp-content\/uploads\/2026\/01\/logolow2a.png\",\"contentUrl\":\"https:\/\/deputadotaveirajr.com.br\/wp-content\/uploads\/2026\/01\/logolow2a.png\",\"width\":290,\"height\":80,\"caption\":\"Taveira Jr\"},\"image\":{\"@id\":\"https:\/\/deputadotaveirajr.com.br\/#\/schema\/logo\/image\/\"}}]}<\/script>\n<!-- \/ Yoast SEO plugin. -->","yoast_head_json":{"title":"Hospital da Mulher realiza 1\u00ba parto ap\u00f3s dois anos de inaugura\u00e7\u00e3o em Mossor\u00f3 - Taveira Jr","robots":{"index":"index","follow":"follow","max-snippet":"max-snippet:-1","max-image-preview":"max-image-preview:large","max-video-preview":"max-video-preview:-1"},"canonical":"https:\/\/deputadotaveirajr.com.br\/index.php\/hospital-da-mulher-realiza-1o-parto-apos-dois-anos-de-inauguracao-em-mossoro\/","og_locale":"pt_BR","og_type":"article","og_title":"Hospital da Mulher realiza 1\u00ba parto ap\u00f3s dois anos de inaugura\u00e7\u00e3o em Mossor\u00f3 - Taveira Jr","og_description":"Hospital da mulher de Mossor\u00f3 realiza primeiro parto O Hospital da Mulher Parteira Maria Correia, em Mossor\u00f3, na Regi\u00e3o Oeste do Rio Grande do Norte, realizou nesta sexta-feira (22) o ...","og_url":"https:\/\/deputadotaveirajr.com.br\/index.php\/hospital-da-mulher-realiza-1o-parto-apos-dois-anos-de-inauguracao-em-mossoro\/","og_site_name":"Taveira Jr","og_image":[{"url":"https:\/\/s2-g1.glbimg.com\/HgutIEW1aQCKM_asB4s0TNJCQIY=\/i.s3.glbimg.com\/v1\/AUTH_59edd422c0c84a879bd37670ae4f538a\/internal_photos\/bs\/2025\/2\/n\/2ic5fZTxymelERAmZjOQ\/hospital-da-mulher.png","type":"","width":"","height":""}],"twitter_card":"summary_large_image","twitter_misc":{"Est. tempo de leitura":"4 minutos"},"schema":{"@context":"https:\/\/schema.org","@graph":[{"@type":"WebPage","@id":"https:\/\/deputadotaveirajr.com.br\/index.php\/hospital-da-mulher-realiza-1o-parto-apos-dois-anos-de-inauguracao-em-mossoro\/","url":"https:\/\/deputadotaveirajr.com.br\/index.php\/hospital-da-mulher-realiza-1o-parto-apos-dois-anos-de-inauguracao-em-mossoro\/","name":"Hospital da Mulher realiza 1\u00ba parto ap\u00f3s dois anos de inaugura\u00e7\u00e3o em Mossor\u00f3 - Taveira Jr","isPartOf":{"@id":"https:\/\/deputadotaveirajr.com.br\/#website"},"primaryImageOfPage":{"@id":"https:\/\/deputadotaveirajr.com.br\/index.php\/hospital-da-mulher-realiza-1o-parto-apos-dois-anos-de-inauguracao-em-mossoro\/#primaryimage"},"image":{"@id":"https:\/\/deputadotaveirajr.com.br\/index.php\/hospital-da-mulher-realiza-1o-parto-apos-dois-anos-de-inauguracao-em-mossoro\/#primaryimage"},"thumbnailUrl":"https:\/\/deputadotaveirajr.com.br\/wp-content\/uploads\/2025\/08\/hospital-da-mulher-5VYRXN.jpg","datePublished":"2025-08-23T15:24:38+00:00","breadcrumb":{"@id":"https:\/\/deputadotaveirajr.com.br\/index.php\/hospital-da-mulher-realiza-1o-parto-apos-dois-anos-de-inauguracao-em-mossoro\/#breadcrumb"},"inLanguage":"pt-BR","potentialAction":[{"@type":"ReadAction","target":["https:\/\/deputadotaveirajr.com.br\/index.php\/hospital-da-mulher-realiza-1o-parto-apos-dois-anos-de-inauguracao-em-mossoro\/"]}]},{"@type":"ImageObject","inLanguage":"pt-BR","@id":"https:\/\/deputadotaveirajr.com.br\/index.php\/hospital-da-mulher-realiza-1o-parto-apos-dois-anos-de-inauguracao-em-mossoro\/#primaryimage","url":"https:\/\/deputadotaveirajr.com.br\/wp-content\/uploads\/2025\/08\/hospital-da-mulher-5VYRXN.jpg","contentUrl":"https:\/\/deputadotaveirajr.com.br\/wp-content\/uploads\/2025\/08\/hospital-da-mulher-5VYRXN.jpg","width":2000,"height":2000},{"@type":"BreadcrumbList","@id":"https:\/\/deputadotaveirajr.com.br\/index.php\/hospital-da-mulher-realiza-1o-parto-apos-dois-anos-de-inauguracao-em-mossoro\/#breadcrumb","itemListElement":[{"@type":"ListItem","position":1,"name":"In\u00edcio","item":"https:\/\/deputadotaveirajr.com.br\/"},{"@type":"ListItem","position":2,"name":"Hospital da Mulher realiza 1\u00ba parto ap\u00f3s dois anos de inaugura\u00e7\u00e3o em Mossor\u00f3"}]},{"@type":"WebSite","@id":"https:\/\/deputadotaveirajr.com.br\/#website","url":"https:\/\/deputadotaveirajr.com.br\/","name":"Taveira Jr","description":"Deputado Estadual","publisher":{"@id":"https:\/\/deputadotaveirajr.com.br\/#organization"},"potentialAction":[{"@type":"SearchAction","target":{"@type":"EntryPoint","urlTemplate":"https:\/\/deputadotaveirajr.com.br\/?s={search_term_string}"},"query-input":{"@type":"PropertyValueSpecification","valueRequired":true,"valueName":"search_term_string"}}],"inLanguage":"pt-BR"},{"@type":"Organization","@id":"https:\/\/deputadotaveirajr.com.br\/#organization","name":"Taveira Jr","url":"https:\/\/deputadotaveirajr.com.br\/","logo":{"@type":"ImageObject","inLanguage":"pt-BR","@id":"https:\/\/deputadotaveirajr.com.br\/#\/schema\/logo\/image\/","url":"https:\/\/deputadotaveirajr.com.br\/wp-content\/uploads\/2026\/01\/logolow2a.png","contentUrl":"https:\/\/deputadotaveirajr.com.br\/wp-content\/uploads\/2026\/01\/logolow2a.png","width":290,"height":80,"caption":"Taveira Jr"},"image":{"@id":"https:\/\/deputadotaveirajr.com.br\/#\/schema\/logo\/image\/"}}]}},"_links":{"self":[{"href":"https:\/\/deputadotaveirajr.com.br\/index.php\/wp-json\/wp\/v2\/pages\/13940","targetHints":{"allow":["GET"]}}],"collection":[{"href":"https:\/\/deputadotaveirajr.com.br\/index.php\/wp-json\/wp\/v2\/pages"}],"about":[{"href":"https:\/\/deputadotaveirajr.com.br\/index.php\/wp-json\/wp\/v2\/types\/page"}],"replies":[{"embeddable":true,"href":"https:\/\/deputadotaveirajr.com.br\/index.php\/wp-json\/wp\/v2\/comments?post=13940"}],"version-history":[{"count":0,"href":"https:\/\/deputadotaveirajr.com.br\/index.php\/wp-json\/wp\/v2\/pages\/13940\/revisions"}],"wp:featuredmedia":[{"embeddable":true,"href":"https:\/\/deputadotaveirajr.com.br\/index.php\/wp-json\/wp\/v2\/media\/13941"}],"wp:attachment":[{"href":"https:\/\/deputadotaveirajr.com.br\/index.php\/wp-json\/wp\/v2\/media?parent=13940"}],"curies":[{"name":"wp","href":"https:\/\/api.w.org\/{rel}","templated":true}]}}