{"id":13942,"date":"2025-08-23T10:35:34","date_gmt":"2025-08-23T13:35:34","guid":{"rendered":"https:\/\/deputadotaveirajr.com.br\/index.php\/ex-deputado-federal-sofre-acidente-de-kitesurfe-e-e-internado-em-uti-apos-passar-por-cirurgia-em-natal\/"},"modified":"2025-08-23T10:35:34","modified_gmt":"2025-08-23T13:35:34","slug":"ex-deputado-federal-sofre-acidente-de-kitesurfe-e-e-internado-em-uti-apos-passar-por-cirurgia-em-natal","status":"publish","type":"page","link":"https:\/\/deputadotaveirajr.com.br\/index.php\/ex-deputado-federal-sofre-acidente-de-kitesurfe-e-e-internado-em-uti-apos-passar-por-cirurgia-em-natal\/","title":{"rendered":"Ex-deputado federal sofre acidente de kitesurfe e \u00e9 internado em UTI ap\u00f3s passar por cirurgia em Natal"},"content":{"rendered":"<p><img decoding=\"async\" src=\"https:\/\/s2-g1.glbimg.com\/gYhcbqviSCllKoEbrHowExmOCp0=\/i.s3.glbimg.com\/v1\/AUTH_59edd422c0c84a879bd37670ae4f538a\/internal_photos\/bs\/2025\/e\/D\/vqOQX7RImYt94UFc54bg\/pablo-valadares.jpg\" \/><br \/>     Rafael Motta foi deputado federal pelo Rio Grande do Norte<br \/>\nPablo Valadares\/C\u00e2mara dos Deputados\/ARQUIVO<br \/>\nO ex-deputado federal pelo Rio Grande do Norte Rafael Motta, de 39 anos, sofreu um acidente durante a pr\u00e1tica de kitesurfe nesta sexta-feira (22), nas proximidades do Forte dos Reis Magos, em Natal, e precisou ser internado na UTI ap\u00f3s passar por cirurgia.<br \/>\nRafael passou pelo procedimento no Hospital Monsenhor Walfredo Gurgel, a maior unidade p\u00fablica de sa\u00fade do estado.<br \/>\n\ud83d\udcf3 Clique aqui para seguir o canal do g1 RN no WhatsApp<br \/>\nSegundo boletim m\u00e9dico divulgado pela assessoria de imprensa do ex-deputado na manh\u00e3 deste s\u00e1bado (23), a cirurgia ocorreu &#8220;sem intercorr\u00eancias, com o paciente apresentando estabilidade hemodin\u00e2mica durante todo o procedimento&#8221;.<br \/>\nO procedimento pelo qual passou o ex-deputado n\u00e3o foi divulgado. A assessoria confirmou que ela foi realizada &#8220;em decorr\u00eancia dos traumas ocasionados por acidente durante a pr\u00e1tica de kitesurfe&#8221;.<br \/>\nLEIA TAMB\u00c9M<br \/>\n&#8216;Fundo do po\u00e7o&#8217;: \u00danico centro de tratamento de queimados do RN tem obra parada h\u00e1 1 ano<br \/>\nO ex-deputado precisou ser intubado, o que, segundo a assessoria, se tratou de um procedimento normal em fun\u00e7\u00e3o da cirurgia que foi realizada.<br \/>\nO boletim m\u00e9dico divulgado apontou que Rafael Motta estava em recupera\u00e7\u00e3o na UTI, &#8220;sob monitoramento cont\u00ednuo da equipe m\u00e9dica&#8221;.<br \/>\n&#8220;A fam\u00edlia agradece as manifesta\u00e7\u00f5es de carinho e pede ora\u00e7\u00f5es pela sua pronta recupera\u00e7\u00e3o&#8221;, completou a nota da assessoria.<br \/>\nRafael Motta foi deputado federal entre 2015 e 2022 pelo Rio Grande do Norte. Antes, entre 2013 e 2014, atuou como vereador em Natal.<br \/>\nEm 2024, Rafael Motta foi candidato a prefeito de Natal, mas n\u00e3o foi eleito. Dois anos antes, em 2022, tamb\u00e9m havia concorrido a uma candidatura como senador.<br \/>\nCentro de tratamento de queimados do Walfredo Gurgel tem obra parada<br \/>\nV\u00eddeos mais assistidos do g1 RN<\/p>","protected":false},"excerpt":{"rendered":"<p>Rafael Motta foi deputado federal pelo Rio Grande do Norte Pablo Valadares\/C\u00e2mara dos Deputados\/ARQUIVO O ex-deputado federal pelo Rio Grande do Norte Rafael Motta, de 39 anos, sofreu um acidente &#8230;<\/p>\n","protected":false},"author":0,"featured_media":13943,"parent":0,"menu_order":0,"comment_status":"closed","ping_status":"closed","template":"","meta":{"footnotes":""},"class_list":["post-13942","page","type-page","status-publish","has-post-thumbnail","hentry"],"yoast_head":"<!-- This site is optimized with the Yoast SEO plugin v27.1.1 - https:\/\/yoast.com\/product\/yoast-seo-wordpress\/ -->\n<title>Ex-deputado federal sofre acidente de kitesurfe e \u00e9 internado em UTI ap\u00f3s passar por cirurgia em Natal - Taveira Jr<\/title>\n<meta name=\"robots\" content=\"index, follow, max-snippet:-1, max-image-preview:large, max-video-preview:-1\" \/>\n<link rel=\"canonical\" href=\"https:\/\/deputadotaveirajr.com.br\/index.php\/ex-deputado-federal-sofre-acidente-de-kitesurfe-e-e-internado-em-uti-apos-passar-por-cirurgia-em-natal\/\" \/>\n<meta property=\"og:locale\" content=\"pt_BR\" \/>\n<meta property=\"og:type\" content=\"article\" \/>\n<meta property=\"og:title\" content=\"Ex-deputado federal sofre acidente de kitesurfe e \u00e9 internado em UTI ap\u00f3s passar por cirurgia em Natal - Taveira Jr\" \/>\n<meta property=\"og:description\" content=\"Rafael Motta foi deputado federal pelo Rio Grande do Norte Pablo Valadares\/C\u00e2mara dos Deputados\/ARQUIVO O ex-deputado federal pelo Rio Grande do Norte Rafael Motta, de 39 anos, sofreu um acidente ...\" \/>\n<meta property=\"og:url\" content=\"https:\/\/deputadotaveirajr.com.br\/index.php\/ex-deputado-federal-sofre-acidente-de-kitesurfe-e-e-internado-em-uti-apos-passar-por-cirurgia-em-natal\/\" \/>\n<meta property=\"og:site_name\" content=\"Taveira Jr\" \/>\n<meta property=\"og:image\" content=\"https:\/\/s2-g1.glbimg.com\/gYhcbqviSCllKoEbrHowExmOCp0=\/i.s3.glbimg.com\/v1\/AUTH_59edd422c0c84a879bd37670ae4f538a\/internal_photos\/bs\/2025\/e\/D\/vqOQX7RImYt94UFc54bg\/pablo-valadares.jpg\" \/>\n<meta name=\"twitter:card\" content=\"summary_large_image\" \/>\n<meta name=\"twitter:label1\" content=\"Est. tempo de leitura\" \/>\n\t<meta name=\"twitter:data1\" content=\"2 minutos\" \/>\n<script type=\"application\/ld+json\" class=\"yoast-schema-graph\">{\"@context\":\"https:\/\/schema.org\",\"@graph\":[{\"@type\":\"WebPage\",\"@id\":\"https:\/\/deputadotaveirajr.com.br\/index.php\/ex-deputado-federal-sofre-acidente-de-kitesurfe-e-e-internado-em-uti-apos-passar-por-cirurgia-em-natal\/\",\"url\":\"https:\/\/deputadotaveirajr.com.br\/index.php\/ex-deputado-federal-sofre-acidente-de-kitesurfe-e-e-internado-em-uti-apos-passar-por-cirurgia-em-natal\/\",\"name\":\"Ex-deputado federal sofre acidente de kitesurfe e \u00e9 internado em UTI ap\u00f3s passar por cirurgia em Natal - Taveira Jr\",\"isPartOf\":{\"@id\":\"https:\/\/deputadotaveirajr.com.br\/#website\"},\"primaryImageOfPage\":{\"@id\":\"https:\/\/deputadotaveirajr.com.br\/index.php\/ex-deputado-federal-sofre-acidente-de-kitesurfe-e-e-internado-em-uti-apos-passar-por-cirurgia-em-natal\/#primaryimage\"},\"image\":{\"@id\":\"https:\/\/deputadotaveirajr.com.br\/index.php\/ex-deputado-federal-sofre-acidente-de-kitesurfe-e-e-internado-em-uti-apos-passar-por-cirurgia-em-natal\/#primaryimage\"},\"thumbnailUrl\":\"https:\/\/deputadotaveirajr.com.br\/wp-content\/uploads\/2025\/08\/pablo-valadares-lk55W6.jpg\",\"datePublished\":\"2025-08-23T13:35:34+00:00\",\"breadcrumb\":{\"@id\":\"https:\/\/deputadotaveirajr.com.br\/index.php\/ex-deputado-federal-sofre-acidente-de-kitesurfe-e-e-internado-em-uti-apos-passar-por-cirurgia-em-natal\/#breadcrumb\"},\"inLanguage\":\"pt-BR\",\"potentialAction\":[{\"@type\":\"ReadAction\",\"target\":[\"https:\/\/deputadotaveirajr.com.br\/index.php\/ex-deputado-federal-sofre-acidente-de-kitesurfe-e-e-internado-em-uti-apos-passar-por-cirurgia-em-natal\/\"]}]},{\"@type\":\"ImageObject\",\"inLanguage\":\"pt-BR\",\"@id\":\"https:\/\/deputadotaveirajr.com.br\/index.php\/ex-deputado-federal-sofre-acidente-de-kitesurfe-e-e-internado-em-uti-apos-passar-por-cirurgia-em-natal\/#primaryimage\",\"url\":\"https:\/\/deputadotaveirajr.com.br\/wp-content\/uploads\/2025\/08\/pablo-valadares-lk55W6.jpg\",\"contentUrl\":\"https:\/\/deputadotaveirajr.com.br\/wp-content\/uploads\/2025\/08\/pablo-valadares-lk55W6.jpg\",\"width\":1372,\"height\":879},{\"@type\":\"BreadcrumbList\",\"@id\":\"https:\/\/deputadotaveirajr.com.br\/index.php\/ex-deputado-federal-sofre-acidente-de-kitesurfe-e-e-internado-em-uti-apos-passar-por-cirurgia-em-natal\/#breadcrumb\",\"itemListElement\":[{\"@type\":\"ListItem\",\"position\":1,\"name\":\"In\u00edcio\",\"item\":\"https:\/\/deputadotaveirajr.com.br\/\"},{\"@type\":\"ListItem\",\"position\":2,\"name\":\"Ex-deputado federal sofre acidente de kitesurfe e \u00e9 internado em UTI ap\u00f3s passar por cirurgia em Natal\"}]},{\"@type\":\"WebSite\",\"@id\":\"https:\/\/deputadotaveirajr.com.br\/#website\",\"url\":\"https:\/\/deputadotaveirajr.com.br\/\",\"name\":\"Taveira Jr\",\"description\":\"Deputado Estadual\",\"publisher\":{\"@id\":\"https:\/\/deputadotaveirajr.com.br\/#organization\"},\"potentialAction\":[{\"@type\":\"SearchAction\",\"target\":{\"@type\":\"EntryPoint\",\"urlTemplate\":\"https:\/\/deputadotaveirajr.com.br\/?s={search_term_string}\"},\"query-input\":{\"@type\":\"PropertyValueSpecification\",\"valueRequired\":true,\"valueName\":\"search_term_string\"}}],\"inLanguage\":\"pt-BR\"},{\"@type\":\"Organization\",\"@id\":\"https:\/\/deputadotaveirajr.com.br\/#organization\",\"name\":\"Taveira Jr\",\"url\":\"https:\/\/deputadotaveirajr.com.br\/\",\"logo\":{\"@type\":\"ImageObject\",\"inLanguage\":\"pt-BR\",\"@id\":\"https:\/\/deputadotaveirajr.com.br\/#\/schema\/logo\/image\/\",\"url\":\"https:\/\/deputadotaveirajr.com.br\/wp-content\/uploads\/2026\/01\/logolow2a.png\",\"contentUrl\":\"https:\/\/deputadotaveirajr.com.br\/wp-content\/uploads\/2026\/01\/logolow2a.png\",\"width\":290,\"height\":80,\"caption\":\"Taveira Jr\"},\"image\":{\"@id\":\"https:\/\/deputadotaveirajr.com.br\/#\/schema\/logo\/image\/\"}}]}<\/script>\n<!-- \/ Yoast SEO plugin. -->","yoast_head_json":{"title":"Ex-deputado federal sofre acidente de kitesurfe e \u00e9 internado em UTI ap\u00f3s passar por cirurgia em Natal - Taveira Jr","robots":{"index":"index","follow":"follow","max-snippet":"max-snippet:-1","max-image-preview":"max-image-preview:large","max-video-preview":"max-video-preview:-1"},"canonical":"https:\/\/deputadotaveirajr.com.br\/index.php\/ex-deputado-federal-sofre-acidente-de-kitesurfe-e-e-internado-em-uti-apos-passar-por-cirurgia-em-natal\/","og_locale":"pt_BR","og_type":"article","og_title":"Ex-deputado federal sofre acidente de kitesurfe e \u00e9 internado em UTI ap\u00f3s passar por cirurgia em Natal - Taveira Jr","og_description":"Rafael Motta foi deputado federal pelo Rio Grande do Norte Pablo Valadares\/C\u00e2mara dos Deputados\/ARQUIVO O ex-deputado federal pelo Rio Grande do Norte Rafael Motta, de 39 anos, sofreu um acidente ...","og_url":"https:\/\/deputadotaveirajr.com.br\/index.php\/ex-deputado-federal-sofre-acidente-de-kitesurfe-e-e-internado-em-uti-apos-passar-por-cirurgia-em-natal\/","og_site_name":"Taveira Jr","og_image":[{"url":"https:\/\/s2-g1.glbimg.com\/gYhcbqviSCllKoEbrHowExmOCp0=\/i.s3.glbimg.com\/v1\/AUTH_59edd422c0c84a879bd37670ae4f538a\/internal_photos\/bs\/2025\/e\/D\/vqOQX7RImYt94UFc54bg\/pablo-valadares.jpg","type":"","width":"","height":""}],"twitter_card":"summary_large_image","twitter_misc":{"Est. tempo de leitura":"2 minutos"},"schema":{"@context":"https:\/\/schema.org","@graph":[{"@type":"WebPage","@id":"https:\/\/deputadotaveirajr.com.br\/index.php\/ex-deputado-federal-sofre-acidente-de-kitesurfe-e-e-internado-em-uti-apos-passar-por-cirurgia-em-natal\/","url":"https:\/\/deputadotaveirajr.com.br\/index.php\/ex-deputado-federal-sofre-acidente-de-kitesurfe-e-e-internado-em-uti-apos-passar-por-cirurgia-em-natal\/","name":"Ex-deputado federal sofre acidente de kitesurfe e \u00e9 internado em UTI ap\u00f3s passar por cirurgia em Natal - Taveira Jr","isPartOf":{"@id":"https:\/\/deputadotaveirajr.com.br\/#website"},"primaryImageOfPage":{"@id":"https:\/\/deputadotaveirajr.com.br\/index.php\/ex-deputado-federal-sofre-acidente-de-kitesurfe-e-e-internado-em-uti-apos-passar-por-cirurgia-em-natal\/#primaryimage"},"image":{"@id":"https:\/\/deputadotaveirajr.com.br\/index.php\/ex-deputado-federal-sofre-acidente-de-kitesurfe-e-e-internado-em-uti-apos-passar-por-cirurgia-em-natal\/#primaryimage"},"thumbnailUrl":"https:\/\/deputadotaveirajr.com.br\/wp-content\/uploads\/2025\/08\/pablo-valadares-lk55W6.jpg","datePublished":"2025-08-23T13:35:34+00:00","breadcrumb":{"@id":"https:\/\/deputadotaveirajr.com.br\/index.php\/ex-deputado-federal-sofre-acidente-de-kitesurfe-e-e-internado-em-uti-apos-passar-por-cirurgia-em-natal\/#breadcrumb"},"inLanguage":"pt-BR","potentialAction":[{"@type":"ReadAction","target":["https:\/\/deputadotaveirajr.com.br\/index.php\/ex-deputado-federal-sofre-acidente-de-kitesurfe-e-e-internado-em-uti-apos-passar-por-cirurgia-em-natal\/"]}]},{"@type":"ImageObject","inLanguage":"pt-BR","@id":"https:\/\/deputadotaveirajr.com.br\/index.php\/ex-deputado-federal-sofre-acidente-de-kitesurfe-e-e-internado-em-uti-apos-passar-por-cirurgia-em-natal\/#primaryimage","url":"https:\/\/deputadotaveirajr.com.br\/wp-content\/uploads\/2025\/08\/pablo-valadares-lk55W6.jpg","contentUrl":"https:\/\/deputadotaveirajr.com.br\/wp-content\/uploads\/2025\/08\/pablo-valadares-lk55W6.jpg","width":1372,"height":879},{"@type":"BreadcrumbList","@id":"https:\/\/deputadotaveirajr.com.br\/index.php\/ex-deputado-federal-sofre-acidente-de-kitesurfe-e-e-internado-em-uti-apos-passar-por-cirurgia-em-natal\/#breadcrumb","itemListElement":[{"@type":"ListItem","position":1,"name":"In\u00edcio","item":"https:\/\/deputadotaveirajr.com.br\/"},{"@type":"ListItem","position":2,"name":"Ex-deputado federal sofre acidente de kitesurfe e \u00e9 internado em UTI ap\u00f3s passar por cirurgia em Natal"}]},{"@type":"WebSite","@id":"https:\/\/deputadotaveirajr.com.br\/#website","url":"https:\/\/deputadotaveirajr.com.br\/","name":"Taveira Jr","description":"Deputado Estadual","publisher":{"@id":"https:\/\/deputadotaveirajr.com.br\/#organization"},"potentialAction":[{"@type":"SearchAction","target":{"@type":"EntryPoint","urlTemplate":"https:\/\/deputadotaveirajr.com.br\/?s={search_term_string}"},"query-input":{"@type":"PropertyValueSpecification","valueRequired":true,"valueName":"search_term_string"}}],"inLanguage":"pt-BR"},{"@type":"Organization","@id":"https:\/\/deputadotaveirajr.com.br\/#organization","name":"Taveira Jr","url":"https:\/\/deputadotaveirajr.com.br\/","logo":{"@type":"ImageObject","inLanguage":"pt-BR","@id":"https:\/\/deputadotaveirajr.com.br\/#\/schema\/logo\/image\/","url":"https:\/\/deputadotaveirajr.com.br\/wp-content\/uploads\/2026\/01\/logolow2a.png","contentUrl":"https:\/\/deputadotaveirajr.com.br\/wp-content\/uploads\/2026\/01\/logolow2a.png","width":290,"height":80,"caption":"Taveira Jr"},"image":{"@id":"https:\/\/deputadotaveirajr.com.br\/#\/schema\/logo\/image\/"}}]}},"_links":{"self":[{"href":"https:\/\/deputadotaveirajr.com.br\/index.php\/wp-json\/wp\/v2\/pages\/13942","targetHints":{"allow":["GET"]}}],"collection":[{"href":"https:\/\/deputadotaveirajr.com.br\/index.php\/wp-json\/wp\/v2\/pages"}],"about":[{"href":"https:\/\/deputadotaveirajr.com.br\/index.php\/wp-json\/wp\/v2\/types\/page"}],"replies":[{"embeddable":true,"href":"https:\/\/deputadotaveirajr.com.br\/index.php\/wp-json\/wp\/v2\/comments?post=13942"}],"version-history":[{"count":0,"href":"https:\/\/deputadotaveirajr.com.br\/index.php\/wp-json\/wp\/v2\/pages\/13942\/revisions"}],"wp:featuredmedia":[{"embeddable":true,"href":"https:\/\/deputadotaveirajr.com.br\/index.php\/wp-json\/wp\/v2\/media\/13943"}],"wp:attachment":[{"href":"https:\/\/deputadotaveirajr.com.br\/index.php\/wp-json\/wp\/v2\/media?parent=13942"}],"curies":[{"name":"wp","href":"https:\/\/api.w.org\/{rel}","templated":true}]}}