{"id":13948,"date":"2025-08-22T16:06:01","date_gmt":"2025-08-22T19:06:01","guid":{"rendered":"https:\/\/deputadotaveirajr.com.br\/index.php\/mensagens-revelam-pedido-de-resgate-de-sequestradores-a-familiares-de-comerciante-no-rn\/"},"modified":"2025-08-22T16:06:01","modified_gmt":"2025-08-22T19:06:01","slug":"mensagens-revelam-pedido-de-resgate-de-sequestradores-a-familiares-de-comerciante-no-rn","status":"publish","type":"page","link":"https:\/\/deputadotaveirajr.com.br\/index.php\/mensagens-revelam-pedido-de-resgate-de-sequestradores-a-familiares-de-comerciante-no-rn\/","title":{"rendered":"Mensagens revelam pedido de resgate de sequestradores a familiares de comerciante no RN"},"content":{"rendered":"<p><img decoding=\"async\" src=\"https:\/\/s2-g1.glbimg.com\/XZAbKBKOQMMn0ptkYvbXI-_x5SA=\/i.s3.glbimg.com\/v1\/AUTH_59edd422c0c84a879bd37670ae4f538a\/internal_photos\/bs\/2025\/q\/J\/KfVZvLSDCBQblH5sZfbw\/mensagens-celular.png\" \/><br \/>     Comerciante sequestrado \u00e9 encontrado morto<br \/>\nMensagens de celular mostraram o pedido de resgate dos sequestradores \u00e0 fam\u00edlia do comerciante Gileno Cris\u00f3stomo de Oliveira, de 63 anos, que havia sido sequestrado na manh\u00e3 de quinta-feira (21) em Goianinha, na Grande Natal, e foi encontrado morto horas depois em uma \u00e1rea de mata fechada no pr\u00f3prio munic\u00edpio.<br \/>\nO corpo do comerciante foi encontrado por familiares com ferimentos na cabe\u00e7a em um trecho pr\u00f3ximo \u00e0 comunidade Pau Ferro.<br \/>\n\ud83d\udcf3 Clique aqui para seguir o canal do g1 RN no WhatsApp<br \/>\nAo longo de toda a quinta-feira, os sequestradores amea\u00e7aram a fam\u00edlia. Nas conversas, exigiram grandes quantias em dinheiro para liberar o comerciante &#8211; um dos pedidos registrados era de R$ 100 mil. Os familiares relataram ainda que eles enviaram fotos da v\u00edtima ap\u00f3s o sequestro.<br \/>\n\u201cCad\u00ea o dinheiro, se n\u00e3o teu pai morre\u201d, dizia uma das primeiras mensagens enviadas pelos sequestradores.<br \/>\nMensagens entre os sequestradores e a fam\u00edlia<br \/>\nCedida<br \/>\nLEIA TAMB\u00c9M<br \/>\nComerciante \u00e9 sequestrado na Grande Natal<br \/>\nComerciante sequestrado em Goianinha \u00e9 encontrado morto<br \/>\nOs bandidos insistiram que o valor deveria ser pago via PIX e amea\u00e7aram executar o comerciante caso a quantia n\u00e3o fosse entregue. Em um dos trechos, os criminosos afirmaram: \u201cSe voc\u00ea mandar o PIX, eu mando a localiza\u00e7\u00e3o de onde ele t\u00e1. Bora agir logo, teu pai vai morrer\u201d [sic].<br \/>\nAs amea\u00e7as se intensificaram ao longo do dia. Mais tarde, os criminosos pediram R$ 50 mil e deram um prazo para o pagamento. &#8220;Tem s\u00f3 at\u00e9 meia-noite pra arrumar o dinheiro\u201d, dizia uma das mensagens.<br \/>\nA fam\u00edlia tentou negociar, informou aos criminosos n\u00e3o ter a quantia necess\u00e1ria e falou da dificuldade em levantar o valor exigido naquele momento.<br \/>\n\u201cO banco s\u00f3 consegue fazer o empr\u00e9stimo com ele [a v\u00edtima]. A\u00ed eu vou fazer o qu\u00ea?\u201d, respondeu um familiar em uma das mensagens.<br \/>\nOs familiares tamb\u00e9m pediram para falar com a v\u00edtima, mas o criminosos negaram e disseram que Gileno estaria amarrado e &#8220;seguro&#8221;. Eles tamb\u00e9m chegaram a amea\u00e7ar cortar um dedo da v\u00edtima.<br \/>\nO delegado geral adjunto da Pol\u00edcia Civil do Rio Grande do Norte, Herl\u00e2nio Cruz, informou que as dilig\u00eancias em busca dos sequestradores continuavam nesta sexta (22).<br \/>\n&#8220;Desde as primeiras horas da manh\u00e3 a fam\u00edlia procurou a delegacia de Goianinha e as dilig\u00eancias j\u00e1 come\u00e7aram. Infelizmente, o desfecho n\u00e3o foi positivo. Agora o que resta \u00e9 a gente aprofundar as investiga\u00e7\u00f5es para poder entender realmente tudo como se deu e responsabilizar os autores pelos fatos&#8221;, disse.<br \/>\nO crime<br \/>\nA esposa de Gileno, dona Inaldi F\u00e9lix de Oliveira, contou que o marido havia sa\u00eddo cedo para colocar comida para os animais em uma propriedade, acompanhado de cinco funcion\u00e1rios. No local, os criminosos renderam o grupo e levaram o comerciante junto com um trabalhador. Os outros quatro conseguiram escapar e avisar a fam\u00edlia.<br \/>\nAinda pela manh\u00e3, fotos de Gileno ensanguentado foram enviadas como forma de pressionar os parentes.<br \/>\n\u201cQuando foi nove horas da manh\u00e3 eles pediram resgate. Mas j\u00e1 tinham judiado muito dele. Passamos o dia inteiro correndo atr\u00e1s de tentar encontrar ele, de tentar conseguir o dinheiro, mas era um valor muito alto e a gente n\u00e3o tinha\u201d, relatou Inaldi, que foi casada com o comerciante por 42 anos.<br \/>\nSegundo a Pol\u00edcia Militar, Gileno e o funcion\u00e1rio foram levados pelos criminoso na caminhonete do comerciante.<br \/>\nDe acordo com relatos de testemunhas que conversaram com o funcion\u00e1rio, ele e o comerciante foram levados para uma \u00e1rea de mata fechada na comunidade Pau Ferro, que fica distante cerca de 5km da granja onde foram rendidos.<br \/>\nNeste local, os criminosos amarraram o trabalhador e atiraram nas n\u00e1degas dele, o tiro pegou de rasp\u00e3o. Os criminosos seguiram com o comerciante pela mata adentro e o trabalhador conseguiu se desamarrar e fugir.<br \/>\nA caminhonete foi localizada abandonada em uma estrada de terra em S\u00e3o Jos\u00e9 de Mipibu, cidade vizinha.<br \/>\nO delegado geral adjunto da Pol\u00edcia Civil do RN, Herl\u00e2nio Cruz, disse que a pol\u00edcia n\u00e3o &#8220;medir\u00e1 esfor\u00e7os&#8221;  e  busca que seja &#8220;emblem\u00e1tica a resposta que a Pol\u00edcia Civil vai dar nesse caso&#8221;.<br \/>\nO corpo do comerciante foi encontrado por familiares j\u00e1 na noite de quinta-feira com ferimentos na cabe\u00e7a. &#8220;A gente rodou muito, procurou muito at\u00e9 encontrar o corpo em um local de mata fechada&#8221;, explicou o vaqueiro Ademilson Adauto, que ajudou nas buscas.<br \/>\nO comerciante Gileno Cris\u00f3stomo de Oliveira foi morto durante sequestro no RN<br \/>\nCedida<br \/>\nVeja os v\u00eddeos mais assistidos do g1 RN<\/p>","protected":false},"excerpt":{"rendered":"<p>Comerciante sequestrado \u00e9 encontrado morto Mensagens de celular mostraram o pedido de resgate dos sequestradores \u00e0 fam\u00edlia do comerciante Gileno Cris\u00f3stomo de Oliveira, de 63 anos, que havia sido sequestrado &#8230;<\/p>\n","protected":false},"author":0,"featured_media":13949,"parent":0,"menu_order":0,"comment_status":"closed","ping_status":"closed","template":"","meta":{"footnotes":""},"class_list":["post-13948","page","type-page","status-publish","has-post-thumbnail","hentry"],"yoast_head":"<!-- This site is optimized with the Yoast SEO plugin v27.1.1 - https:\/\/yoast.com\/product\/yoast-seo-wordpress\/ -->\n<title>Mensagens revelam pedido de resgate de sequestradores a familiares de comerciante no RN - Taveira Jr<\/title>\n<meta name=\"robots\" content=\"index, follow, max-snippet:-1, max-image-preview:large, max-video-preview:-1\" \/>\n<link rel=\"canonical\" href=\"https:\/\/deputadotaveirajr.com.br\/index.php\/mensagens-revelam-pedido-de-resgate-de-sequestradores-a-familiares-de-comerciante-no-rn\/\" \/>\n<meta property=\"og:locale\" content=\"pt_BR\" \/>\n<meta property=\"og:type\" content=\"article\" \/>\n<meta property=\"og:title\" content=\"Mensagens revelam pedido de resgate de sequestradores a familiares de comerciante no RN - Taveira Jr\" \/>\n<meta property=\"og:description\" content=\"Comerciante sequestrado \u00e9 encontrado morto Mensagens de celular mostraram o pedido de resgate dos sequestradores \u00e0 fam\u00edlia do comerciante Gileno Cris\u00f3stomo de Oliveira, de 63 anos, que havia sido sequestrado ...\" \/>\n<meta property=\"og:url\" content=\"https:\/\/deputadotaveirajr.com.br\/index.php\/mensagens-revelam-pedido-de-resgate-de-sequestradores-a-familiares-de-comerciante-no-rn\/\" \/>\n<meta property=\"og:site_name\" content=\"Taveira Jr\" \/>\n<meta property=\"og:image\" content=\"https:\/\/s2-g1.glbimg.com\/XZAbKBKOQMMn0ptkYvbXI-_x5SA=\/i.s3.glbimg.com\/v1\/AUTH_59edd422c0c84a879bd37670ae4f538a\/internal_photos\/bs\/2025\/q\/J\/KfVZvLSDCBQblH5sZfbw\/mensagens-celular.png\" \/>\n<meta name=\"twitter:card\" content=\"summary_large_image\" \/>\n<meta name=\"twitter:label1\" content=\"Est. tempo de leitura\" \/>\n\t<meta name=\"twitter:data1\" content=\"4 minutos\" \/>\n<script type=\"application\/ld+json\" class=\"yoast-schema-graph\">{\"@context\":\"https:\/\/schema.org\",\"@graph\":[{\"@type\":\"WebPage\",\"@id\":\"https:\/\/deputadotaveirajr.com.br\/index.php\/mensagens-revelam-pedido-de-resgate-de-sequestradores-a-familiares-de-comerciante-no-rn\/\",\"url\":\"https:\/\/deputadotaveirajr.com.br\/index.php\/mensagens-revelam-pedido-de-resgate-de-sequestradores-a-familiares-de-comerciante-no-rn\/\",\"name\":\"Mensagens revelam pedido de resgate de sequestradores a familiares de comerciante no RN - Taveira Jr\",\"isPartOf\":{\"@id\":\"https:\/\/deputadotaveirajr.com.br\/#website\"},\"primaryImageOfPage\":{\"@id\":\"https:\/\/deputadotaveirajr.com.br\/index.php\/mensagens-revelam-pedido-de-resgate-de-sequestradores-a-familiares-de-comerciante-no-rn\/#primaryimage\"},\"image\":{\"@id\":\"https:\/\/deputadotaveirajr.com.br\/index.php\/mensagens-revelam-pedido-de-resgate-de-sequestradores-a-familiares-de-comerciante-no-rn\/#primaryimage\"},\"thumbnailUrl\":\"https:\/\/deputadotaveirajr.com.br\/wp-content\/uploads\/2025\/08\/mensagens-celular-4S5iun.jpg\",\"datePublished\":\"2025-08-22T19:06:01+00:00\",\"breadcrumb\":{\"@id\":\"https:\/\/deputadotaveirajr.com.br\/index.php\/mensagens-revelam-pedido-de-resgate-de-sequestradores-a-familiares-de-comerciante-no-rn\/#breadcrumb\"},\"inLanguage\":\"pt-BR\",\"potentialAction\":[{\"@type\":\"ReadAction\",\"target\":[\"https:\/\/deputadotaveirajr.com.br\/index.php\/mensagens-revelam-pedido-de-resgate-de-sequestradores-a-familiares-de-comerciante-no-rn\/\"]}]},{\"@type\":\"ImageObject\",\"inLanguage\":\"pt-BR\",\"@id\":\"https:\/\/deputadotaveirajr.com.br\/index.php\/mensagens-revelam-pedido-de-resgate-de-sequestradores-a-familiares-de-comerciante-no-rn\/#primaryimage\",\"url\":\"https:\/\/deputadotaveirajr.com.br\/wp-content\/uploads\/2025\/08\/mensagens-celular-4S5iun.jpg\",\"contentUrl\":\"https:\/\/deputadotaveirajr.com.br\/wp-content\/uploads\/2025\/08\/mensagens-celular-4S5iun.jpg\",\"width\":2000,\"height\":2000},{\"@type\":\"BreadcrumbList\",\"@id\":\"https:\/\/deputadotaveirajr.com.br\/index.php\/mensagens-revelam-pedido-de-resgate-de-sequestradores-a-familiares-de-comerciante-no-rn\/#breadcrumb\",\"itemListElement\":[{\"@type\":\"ListItem\",\"position\":1,\"name\":\"In\u00edcio\",\"item\":\"https:\/\/deputadotaveirajr.com.br\/\"},{\"@type\":\"ListItem\",\"position\":2,\"name\":\"Mensagens revelam pedido de resgate de sequestradores a familiares de comerciante no RN\"}]},{\"@type\":\"WebSite\",\"@id\":\"https:\/\/deputadotaveirajr.com.br\/#website\",\"url\":\"https:\/\/deputadotaveirajr.com.br\/\",\"name\":\"Taveira Jr\",\"description\":\"Deputado Estadual\",\"publisher\":{\"@id\":\"https:\/\/deputadotaveirajr.com.br\/#organization\"},\"potentialAction\":[{\"@type\":\"SearchAction\",\"target\":{\"@type\":\"EntryPoint\",\"urlTemplate\":\"https:\/\/deputadotaveirajr.com.br\/?s={search_term_string}\"},\"query-input\":{\"@type\":\"PropertyValueSpecification\",\"valueRequired\":true,\"valueName\":\"search_term_string\"}}],\"inLanguage\":\"pt-BR\"},{\"@type\":\"Organization\",\"@id\":\"https:\/\/deputadotaveirajr.com.br\/#organization\",\"name\":\"Taveira Jr\",\"url\":\"https:\/\/deputadotaveirajr.com.br\/\",\"logo\":{\"@type\":\"ImageObject\",\"inLanguage\":\"pt-BR\",\"@id\":\"https:\/\/deputadotaveirajr.com.br\/#\/schema\/logo\/image\/\",\"url\":\"https:\/\/deputadotaveirajr.com.br\/wp-content\/uploads\/2026\/01\/logolow2a.png\",\"contentUrl\":\"https:\/\/deputadotaveirajr.com.br\/wp-content\/uploads\/2026\/01\/logolow2a.png\",\"width\":290,\"height\":80,\"caption\":\"Taveira Jr\"},\"image\":{\"@id\":\"https:\/\/deputadotaveirajr.com.br\/#\/schema\/logo\/image\/\"}}]}<\/script>\n<!-- \/ Yoast SEO plugin. -->","yoast_head_json":{"title":"Mensagens revelam pedido de resgate de sequestradores a familiares de comerciante no RN - Taveira Jr","robots":{"index":"index","follow":"follow","max-snippet":"max-snippet:-1","max-image-preview":"max-image-preview:large","max-video-preview":"max-video-preview:-1"},"canonical":"https:\/\/deputadotaveirajr.com.br\/index.php\/mensagens-revelam-pedido-de-resgate-de-sequestradores-a-familiares-de-comerciante-no-rn\/","og_locale":"pt_BR","og_type":"article","og_title":"Mensagens revelam pedido de resgate de sequestradores a familiares de comerciante no RN - Taveira Jr","og_description":"Comerciante sequestrado \u00e9 encontrado morto Mensagens de celular mostraram o pedido de resgate dos sequestradores \u00e0 fam\u00edlia do comerciante Gileno Cris\u00f3stomo de Oliveira, de 63 anos, que havia sido sequestrado ...","og_url":"https:\/\/deputadotaveirajr.com.br\/index.php\/mensagens-revelam-pedido-de-resgate-de-sequestradores-a-familiares-de-comerciante-no-rn\/","og_site_name":"Taveira Jr","og_image":[{"url":"https:\/\/s2-g1.glbimg.com\/XZAbKBKOQMMn0ptkYvbXI-_x5SA=\/i.s3.glbimg.com\/v1\/AUTH_59edd422c0c84a879bd37670ae4f538a\/internal_photos\/bs\/2025\/q\/J\/KfVZvLSDCBQblH5sZfbw\/mensagens-celular.png","type":"","width":"","height":""}],"twitter_card":"summary_large_image","twitter_misc":{"Est. tempo de leitura":"4 minutos"},"schema":{"@context":"https:\/\/schema.org","@graph":[{"@type":"WebPage","@id":"https:\/\/deputadotaveirajr.com.br\/index.php\/mensagens-revelam-pedido-de-resgate-de-sequestradores-a-familiares-de-comerciante-no-rn\/","url":"https:\/\/deputadotaveirajr.com.br\/index.php\/mensagens-revelam-pedido-de-resgate-de-sequestradores-a-familiares-de-comerciante-no-rn\/","name":"Mensagens revelam pedido de resgate de sequestradores a familiares de comerciante no RN - Taveira Jr","isPartOf":{"@id":"https:\/\/deputadotaveirajr.com.br\/#website"},"primaryImageOfPage":{"@id":"https:\/\/deputadotaveirajr.com.br\/index.php\/mensagens-revelam-pedido-de-resgate-de-sequestradores-a-familiares-de-comerciante-no-rn\/#primaryimage"},"image":{"@id":"https:\/\/deputadotaveirajr.com.br\/index.php\/mensagens-revelam-pedido-de-resgate-de-sequestradores-a-familiares-de-comerciante-no-rn\/#primaryimage"},"thumbnailUrl":"https:\/\/deputadotaveirajr.com.br\/wp-content\/uploads\/2025\/08\/mensagens-celular-4S5iun.jpg","datePublished":"2025-08-22T19:06:01+00:00","breadcrumb":{"@id":"https:\/\/deputadotaveirajr.com.br\/index.php\/mensagens-revelam-pedido-de-resgate-de-sequestradores-a-familiares-de-comerciante-no-rn\/#breadcrumb"},"inLanguage":"pt-BR","potentialAction":[{"@type":"ReadAction","target":["https:\/\/deputadotaveirajr.com.br\/index.php\/mensagens-revelam-pedido-de-resgate-de-sequestradores-a-familiares-de-comerciante-no-rn\/"]}]},{"@type":"ImageObject","inLanguage":"pt-BR","@id":"https:\/\/deputadotaveirajr.com.br\/index.php\/mensagens-revelam-pedido-de-resgate-de-sequestradores-a-familiares-de-comerciante-no-rn\/#primaryimage","url":"https:\/\/deputadotaveirajr.com.br\/wp-content\/uploads\/2025\/08\/mensagens-celular-4S5iun.jpg","contentUrl":"https:\/\/deputadotaveirajr.com.br\/wp-content\/uploads\/2025\/08\/mensagens-celular-4S5iun.jpg","width":2000,"height":2000},{"@type":"BreadcrumbList","@id":"https:\/\/deputadotaveirajr.com.br\/index.php\/mensagens-revelam-pedido-de-resgate-de-sequestradores-a-familiares-de-comerciante-no-rn\/#breadcrumb","itemListElement":[{"@type":"ListItem","position":1,"name":"In\u00edcio","item":"https:\/\/deputadotaveirajr.com.br\/"},{"@type":"ListItem","position":2,"name":"Mensagens revelam pedido de resgate de sequestradores a familiares de comerciante no RN"}]},{"@type":"WebSite","@id":"https:\/\/deputadotaveirajr.com.br\/#website","url":"https:\/\/deputadotaveirajr.com.br\/","name":"Taveira Jr","description":"Deputado Estadual","publisher":{"@id":"https:\/\/deputadotaveirajr.com.br\/#organization"},"potentialAction":[{"@type":"SearchAction","target":{"@type":"EntryPoint","urlTemplate":"https:\/\/deputadotaveirajr.com.br\/?s={search_term_string}"},"query-input":{"@type":"PropertyValueSpecification","valueRequired":true,"valueName":"search_term_string"}}],"inLanguage":"pt-BR"},{"@type":"Organization","@id":"https:\/\/deputadotaveirajr.com.br\/#organization","name":"Taveira Jr","url":"https:\/\/deputadotaveirajr.com.br\/","logo":{"@type":"ImageObject","inLanguage":"pt-BR","@id":"https:\/\/deputadotaveirajr.com.br\/#\/schema\/logo\/image\/","url":"https:\/\/deputadotaveirajr.com.br\/wp-content\/uploads\/2026\/01\/logolow2a.png","contentUrl":"https:\/\/deputadotaveirajr.com.br\/wp-content\/uploads\/2026\/01\/logolow2a.png","width":290,"height":80,"caption":"Taveira Jr"},"image":{"@id":"https:\/\/deputadotaveirajr.com.br\/#\/schema\/logo\/image\/"}}]}},"_links":{"self":[{"href":"https:\/\/deputadotaveirajr.com.br\/index.php\/wp-json\/wp\/v2\/pages\/13948","targetHints":{"allow":["GET"]}}],"collection":[{"href":"https:\/\/deputadotaveirajr.com.br\/index.php\/wp-json\/wp\/v2\/pages"}],"about":[{"href":"https:\/\/deputadotaveirajr.com.br\/index.php\/wp-json\/wp\/v2\/types\/page"}],"replies":[{"embeddable":true,"href":"https:\/\/deputadotaveirajr.com.br\/index.php\/wp-json\/wp\/v2\/comments?post=13948"}],"version-history":[{"count":0,"href":"https:\/\/deputadotaveirajr.com.br\/index.php\/wp-json\/wp\/v2\/pages\/13948\/revisions"}],"wp:featuredmedia":[{"embeddable":true,"href":"https:\/\/deputadotaveirajr.com.br\/index.php\/wp-json\/wp\/v2\/media\/13949"}],"wp:attachment":[{"href":"https:\/\/deputadotaveirajr.com.br\/index.php\/wp-json\/wp\/v2\/media?parent=13948"}],"curies":[{"name":"wp","href":"https:\/\/api.w.org\/{rel}","templated":true}]}}