{"id":13967,"date":"2025-08-26T18:05:41","date_gmt":"2025-08-26T21:05:41","guid":{"rendered":"https:\/\/deputadotaveirajr.com.br\/index.php\/quem-e-o-ex-deputado-federal-internado-apos-acidente-com-kitesurfe-em-natal\/"},"modified":"2025-08-26T18:05:41","modified_gmt":"2025-08-26T21:05:41","slug":"quem-e-o-ex-deputado-federal-internado-apos-acidente-com-kitesurfe-em-natal","status":"publish","type":"page","link":"https:\/\/deputadotaveirajr.com.br\/index.php\/quem-e-o-ex-deputado-federal-internado-apos-acidente-com-kitesurfe-em-natal\/","title":{"rendered":"Quem \u00e9 o ex-deputado federal internado ap\u00f3s acidente com kitesurfe em Natal"},"content":{"rendered":"<p><img decoding=\"async\" src=\"https:\/\/s2-g1.glbimg.com\/AsbfVoyHEPL9ut4C9P4-bGLRC9w=\/i.s3.glbimg.com\/v1\/AUTH_59edd422c0c84a879bd37670ae4f538a\/internal_photos\/bs\/2025\/F\/o\/3RMCkpSmKz75u7wANqrg\/250826-info-acidente-kitesurf.jpg\" \/><br \/>     Ex-deputado Rafael Motta esta\u0301 intubado e em coma induzido<br \/>\nInternado ap\u00f3s um acidente de kitesurfe em Natal, o ex-deputado federal Rafael Motta, de 39 anos, se define como um amante dos esportes, das artes e da natureza.<br \/>\nO ex-parlamentar \u00e9 conhecido pela paix\u00e3o, sobretudo, pelos esportes do mar. Nos \u00faltimos anos, ele se dedicou \u00e0 pr\u00e1tica de kitesurfe, frequentando inclusive eventos do esporte no litoral do estado.<br \/>\n\ud83d\udcf3 Clique aqui para seguir o canal do g1 RN no WhatsApp<br \/>\nO acidente com Rafael Motta aconteceu nas proximidades do Forte dos Reis Magos, em Natal, no dia 22 de agosto. O ex-parlamentar passou por cirurgia na capital potiguar e foi transferido, na segunda (25), em uma UTI a\u00e9rea, para S\u00e3o Paulo, onde estava entubado e em coma induzido at\u00e9 esta ter\u00e7a-feira (26). (Veja detalhes mais abaixo).<br \/>\nAl\u00e9m dos esportes no mar, onde tamb\u00e9m faz mergulhos, Rafael Motta tamb\u00e9m \u00e9 piloto de avi\u00e3o. Ele demonstra nas redes sociais a paix\u00e3o pela avia\u00e7\u00e3o, que diz carregar desde a inf\u00e2ncia.<br \/>\nRafael Motta pilotando avi\u00e3o em postagem nas redes sociais<br \/>\nDivulga\u00e7\u00e3o\/Redes sociais<br \/>\nO ex-deputado pelo Rio Grande do Norte tamb\u00e9m costuma compartilhar v\u00eddeos tocando ukulele e gaita, e se declara torcedor do Alecrim, time de Natal que leva o nome de um bairro popular da cidade. Rafael e o clube fazem anivers\u00e1rio no mesmo dia: 15 de agosto.<br \/>\nO ex-parlamentar tamb\u00e9m \u00e9 conhecido por atuar na causa animal, contra os maus-tratos. Al\u00e9m disso, ele \u00e9 doador de sangue frequente e incentiva, nas redes sociais, outras pessoas a doarem.<br \/>\nAcidente Rafael Motta kitesurfe Natal ex-deputado federal<br \/>\nArte\/g1<br \/>\nCarreira pol\u00edtica<br \/>\nRafael Motta \u00e9 natalense e formado em Engenharia de Produ\u00e7\u00e3o pela Universidade Federal do Rio Grande do Norte (UFRN), com mestrado em Administra\u00e7\u00e3o P\u00fablica.<br \/>\nO ex-parlamentar come\u00e7ou na vida p\u00fablica aos 25 anos de idade, sendo secret\u00e1rio da Juventude no Rio Grande do Norte.<br \/>\nRafael Motta foi deputado federal entre 2015 e 2022 e vereador em Natal entre 2013 e 2014. Em 2022, disputou o Senado, e em 2024 foi candidato a prefeito de Natal.<br \/>\nEntre 2023 e 2024, ele atuou ainda como secret\u00e1rio de Esportes de Natal.<br \/>\nEle \u00e9 filho do ex-deputado estadual Ricardo Motta, que foi presidente da Assembleia Legislativa.<br \/>\nRafael Motta praticando kitesurfe<br \/>\nRedes Sociais<br \/>\nInterna\u00e7\u00e3o ap\u00f3s acidente<br \/>\nO ex-deputado federal Rafael Motta permanecia, nesta ter\u00e7a-feira (26), internado em S\u00e3o Paulo ap\u00f3s sofrer um acidente durante a pr\u00e1tica de kitesurfe em Natal. Segundo o boletim m\u00e9dico divulgado pela fam\u00edlia nesta ter\u00e7a (26), ele estava intubado e em coma induzido.<br \/>\nSegundo o documento, Rafael apresenta fraturas na coluna, esterno e antebra\u00e7o, al\u00e9m de uma les\u00e3o br\u00f4nquica que j\u00e1 havia sido tratada em Natal.<br \/>\nEle foi transferido na madrugada de segunda-feira (25) ap\u00f3s ter passado por cirurgia tor\u00e1cica no Hospital Monsenhor Walfredo Gurgel, realizada para corre\u00e7\u00e3o da les\u00e3o no br\u00f4nquio.<br \/>\nDe acordo com a assessoria do ex-parlamentar, a transfer\u00eancia para S\u00e3o Paulo ocorreu \u201cap\u00f3s a estabiliza\u00e7\u00e3o e evolu\u00e7\u00e3o positiva do quadro cl\u00ednico\u201d e para \u201ccontinuar o tratamento de forma espec\u00edfica e intensiva\u201d. O boletim refor\u00e7ou que o estado cl\u00ednico \u00e9 est\u00e1vel e que novas informa\u00e7\u00f5es ser\u00e3o divulgadas conforme a evolu\u00e7\u00e3o.<br \/>\nNo boletim anterior, a equipe m\u00e9dica havia informado que os movimentos dos membros inferiores estavam preservados, sem sinais de comprometimento medular.<br \/>\nRafael foi submetido inicialmente a atendimento de politrauma e cirurgia tor\u00e1cica no Walfredo Gurgel.<br \/>\nRafael Motta foi deputado federal pelo Rio Grande do Norte<br \/>\nPablo Valadares\/C\u00e2mara dos Deputados<\/p>\n<p>V\u00eddeos mais assistidos do g1 RN<\/p>","protected":false},"excerpt":{"rendered":"<p>Ex-deputado Rafael Motta esta\u0301 intubado e em coma induzido Internado ap\u00f3s um acidente de kitesurfe em Natal, o ex-deputado federal Rafael Motta, de 39 anos, se define como um amante &#8230;<\/p>\n","protected":false},"author":0,"featured_media":13968,"parent":0,"menu_order":0,"comment_status":"closed","ping_status":"closed","template":"","meta":{"footnotes":""},"class_list":["post-13967","page","type-page","status-publish","has-post-thumbnail","hentry"],"yoast_head":"<!-- This site is optimized with the Yoast SEO plugin v27.1.1 - https:\/\/yoast.com\/product\/yoast-seo-wordpress\/ -->\n<title>Quem \u00e9 o ex-deputado federal internado ap\u00f3s acidente com kitesurfe em Natal - Taveira Jr<\/title>\n<meta name=\"robots\" content=\"index, follow, max-snippet:-1, max-image-preview:large, max-video-preview:-1\" \/>\n<link rel=\"canonical\" href=\"https:\/\/deputadotaveirajr.com.br\/index.php\/quem-e-o-ex-deputado-federal-internado-apos-acidente-com-kitesurfe-em-natal\/\" \/>\n<meta property=\"og:locale\" content=\"pt_BR\" \/>\n<meta property=\"og:type\" content=\"article\" \/>\n<meta property=\"og:title\" content=\"Quem \u00e9 o ex-deputado federal internado ap\u00f3s acidente com kitesurfe em Natal - Taveira Jr\" \/>\n<meta property=\"og:description\" content=\"Ex-deputado Rafael Motta esta\u0301 intubado e em coma induzido Internado ap\u00f3s um acidente de kitesurfe em Natal, o ex-deputado federal Rafael Motta, de 39 anos, se define como um amante ...\" \/>\n<meta property=\"og:url\" content=\"https:\/\/deputadotaveirajr.com.br\/index.php\/quem-e-o-ex-deputado-federal-internado-apos-acidente-com-kitesurfe-em-natal\/\" \/>\n<meta property=\"og:site_name\" content=\"Taveira Jr\" \/>\n<meta property=\"og:image\" content=\"https:\/\/s2-g1.glbimg.com\/AsbfVoyHEPL9ut4C9P4-bGLRC9w=\/i.s3.glbimg.com\/v1\/AUTH_59edd422c0c84a879bd37670ae4f538a\/internal_photos\/bs\/2025\/F\/o\/3RMCkpSmKz75u7wANqrg\/250826-info-acidente-kitesurf.jpg\" \/>\n<meta name=\"twitter:card\" content=\"summary_large_image\" \/>\n<meta name=\"twitter:label1\" content=\"Est. tempo de leitura\" \/>\n\t<meta name=\"twitter:data1\" content=\"3 minutos\" \/>\n<script type=\"application\/ld+json\" class=\"yoast-schema-graph\">{\"@context\":\"https:\/\/schema.org\",\"@graph\":[{\"@type\":\"WebPage\",\"@id\":\"https:\/\/deputadotaveirajr.com.br\/index.php\/quem-e-o-ex-deputado-federal-internado-apos-acidente-com-kitesurfe-em-natal\/\",\"url\":\"https:\/\/deputadotaveirajr.com.br\/index.php\/quem-e-o-ex-deputado-federal-internado-apos-acidente-com-kitesurfe-em-natal\/\",\"name\":\"Quem \u00e9 o ex-deputado federal internado ap\u00f3s acidente com kitesurfe em Natal - Taveira Jr\",\"isPartOf\":{\"@id\":\"https:\/\/deputadotaveirajr.com.br\/#website\"},\"primaryImageOfPage\":{\"@id\":\"https:\/\/deputadotaveirajr.com.br\/index.php\/quem-e-o-ex-deputado-federal-internado-apos-acidente-com-kitesurfe-em-natal\/#primaryimage\"},\"image\":{\"@id\":\"https:\/\/deputadotaveirajr.com.br\/index.php\/quem-e-o-ex-deputado-federal-internado-apos-acidente-com-kitesurfe-em-natal\/#primaryimage\"},\"thumbnailUrl\":\"https:\/\/deputadotaveirajr.com.br\/wp-content\/uploads\/2025\/08\/250826-info-acidente-kitesurf-0WBz4j-scaled.jpg\",\"datePublished\":\"2025-08-26T21:05:41+00:00\",\"breadcrumb\":{\"@id\":\"https:\/\/deputadotaveirajr.com.br\/index.php\/quem-e-o-ex-deputado-federal-internado-apos-acidente-com-kitesurfe-em-natal\/#breadcrumb\"},\"inLanguage\":\"pt-BR\",\"potentialAction\":[{\"@type\":\"ReadAction\",\"target\":[\"https:\/\/deputadotaveirajr.com.br\/index.php\/quem-e-o-ex-deputado-federal-internado-apos-acidente-com-kitesurfe-em-natal\/\"]}]},{\"@type\":\"ImageObject\",\"inLanguage\":\"pt-BR\",\"@id\":\"https:\/\/deputadotaveirajr.com.br\/index.php\/quem-e-o-ex-deputado-federal-internado-apos-acidente-com-kitesurfe-em-natal\/#primaryimage\",\"url\":\"https:\/\/deputadotaveirajr.com.br\/wp-content\/uploads\/2025\/08\/250826-info-acidente-kitesurf-0WBz4j-scaled.jpg\",\"contentUrl\":\"https:\/\/deputadotaveirajr.com.br\/wp-content\/uploads\/2025\/08\/250826-info-acidente-kitesurf-0WBz4j-scaled.jpg\",\"width\":1121,\"height\":2560},{\"@type\":\"BreadcrumbList\",\"@id\":\"https:\/\/deputadotaveirajr.com.br\/index.php\/quem-e-o-ex-deputado-federal-internado-apos-acidente-com-kitesurfe-em-natal\/#breadcrumb\",\"itemListElement\":[{\"@type\":\"ListItem\",\"position\":1,\"name\":\"In\u00edcio\",\"item\":\"https:\/\/deputadotaveirajr.com.br\/\"},{\"@type\":\"ListItem\",\"position\":2,\"name\":\"Quem \u00e9 o ex-deputado federal internado ap\u00f3s acidente com kitesurfe em Natal\"}]},{\"@type\":\"WebSite\",\"@id\":\"https:\/\/deputadotaveirajr.com.br\/#website\",\"url\":\"https:\/\/deputadotaveirajr.com.br\/\",\"name\":\"Taveira Jr\",\"description\":\"Deputado Estadual\",\"publisher\":{\"@id\":\"https:\/\/deputadotaveirajr.com.br\/#organization\"},\"potentialAction\":[{\"@type\":\"SearchAction\",\"target\":{\"@type\":\"EntryPoint\",\"urlTemplate\":\"https:\/\/deputadotaveirajr.com.br\/?s={search_term_string}\"},\"query-input\":{\"@type\":\"PropertyValueSpecification\",\"valueRequired\":true,\"valueName\":\"search_term_string\"}}],\"inLanguage\":\"pt-BR\"},{\"@type\":\"Organization\",\"@id\":\"https:\/\/deputadotaveirajr.com.br\/#organization\",\"name\":\"Taveira Jr\",\"url\":\"https:\/\/deputadotaveirajr.com.br\/\",\"logo\":{\"@type\":\"ImageObject\",\"inLanguage\":\"pt-BR\",\"@id\":\"https:\/\/deputadotaveirajr.com.br\/#\/schema\/logo\/image\/\",\"url\":\"https:\/\/deputadotaveirajr.com.br\/wp-content\/uploads\/2026\/01\/logolow2a.png\",\"contentUrl\":\"https:\/\/deputadotaveirajr.com.br\/wp-content\/uploads\/2026\/01\/logolow2a.png\",\"width\":290,\"height\":80,\"caption\":\"Taveira Jr\"},\"image\":{\"@id\":\"https:\/\/deputadotaveirajr.com.br\/#\/schema\/logo\/image\/\"}}]}<\/script>\n<!-- \/ Yoast SEO plugin. -->","yoast_head_json":{"title":"Quem \u00e9 o ex-deputado federal internado ap\u00f3s acidente com kitesurfe em Natal - Taveira Jr","robots":{"index":"index","follow":"follow","max-snippet":"max-snippet:-1","max-image-preview":"max-image-preview:large","max-video-preview":"max-video-preview:-1"},"canonical":"https:\/\/deputadotaveirajr.com.br\/index.php\/quem-e-o-ex-deputado-federal-internado-apos-acidente-com-kitesurfe-em-natal\/","og_locale":"pt_BR","og_type":"article","og_title":"Quem \u00e9 o ex-deputado federal internado ap\u00f3s acidente com kitesurfe em Natal - Taveira Jr","og_description":"Ex-deputado Rafael Motta esta\u0301 intubado e em coma induzido Internado ap\u00f3s um acidente de kitesurfe em Natal, o ex-deputado federal Rafael Motta, de 39 anos, se define como um amante ...","og_url":"https:\/\/deputadotaveirajr.com.br\/index.php\/quem-e-o-ex-deputado-federal-internado-apos-acidente-com-kitesurfe-em-natal\/","og_site_name":"Taveira Jr","og_image":[{"url":"https:\/\/s2-g1.glbimg.com\/AsbfVoyHEPL9ut4C9P4-bGLRC9w=\/i.s3.glbimg.com\/v1\/AUTH_59edd422c0c84a879bd37670ae4f538a\/internal_photos\/bs\/2025\/F\/o\/3RMCkpSmKz75u7wANqrg\/250826-info-acidente-kitesurf.jpg","type":"","width":"","height":""}],"twitter_card":"summary_large_image","twitter_misc":{"Est. tempo de leitura":"3 minutos"},"schema":{"@context":"https:\/\/schema.org","@graph":[{"@type":"WebPage","@id":"https:\/\/deputadotaveirajr.com.br\/index.php\/quem-e-o-ex-deputado-federal-internado-apos-acidente-com-kitesurfe-em-natal\/","url":"https:\/\/deputadotaveirajr.com.br\/index.php\/quem-e-o-ex-deputado-federal-internado-apos-acidente-com-kitesurfe-em-natal\/","name":"Quem \u00e9 o ex-deputado federal internado ap\u00f3s acidente com kitesurfe em Natal - Taveira Jr","isPartOf":{"@id":"https:\/\/deputadotaveirajr.com.br\/#website"},"primaryImageOfPage":{"@id":"https:\/\/deputadotaveirajr.com.br\/index.php\/quem-e-o-ex-deputado-federal-internado-apos-acidente-com-kitesurfe-em-natal\/#primaryimage"},"image":{"@id":"https:\/\/deputadotaveirajr.com.br\/index.php\/quem-e-o-ex-deputado-federal-internado-apos-acidente-com-kitesurfe-em-natal\/#primaryimage"},"thumbnailUrl":"https:\/\/deputadotaveirajr.com.br\/wp-content\/uploads\/2025\/08\/250826-info-acidente-kitesurf-0WBz4j-scaled.jpg","datePublished":"2025-08-26T21:05:41+00:00","breadcrumb":{"@id":"https:\/\/deputadotaveirajr.com.br\/index.php\/quem-e-o-ex-deputado-federal-internado-apos-acidente-com-kitesurfe-em-natal\/#breadcrumb"},"inLanguage":"pt-BR","potentialAction":[{"@type":"ReadAction","target":["https:\/\/deputadotaveirajr.com.br\/index.php\/quem-e-o-ex-deputado-federal-internado-apos-acidente-com-kitesurfe-em-natal\/"]}]},{"@type":"ImageObject","inLanguage":"pt-BR","@id":"https:\/\/deputadotaveirajr.com.br\/index.php\/quem-e-o-ex-deputado-federal-internado-apos-acidente-com-kitesurfe-em-natal\/#primaryimage","url":"https:\/\/deputadotaveirajr.com.br\/wp-content\/uploads\/2025\/08\/250826-info-acidente-kitesurf-0WBz4j-scaled.jpg","contentUrl":"https:\/\/deputadotaveirajr.com.br\/wp-content\/uploads\/2025\/08\/250826-info-acidente-kitesurf-0WBz4j-scaled.jpg","width":1121,"height":2560},{"@type":"BreadcrumbList","@id":"https:\/\/deputadotaveirajr.com.br\/index.php\/quem-e-o-ex-deputado-federal-internado-apos-acidente-com-kitesurfe-em-natal\/#breadcrumb","itemListElement":[{"@type":"ListItem","position":1,"name":"In\u00edcio","item":"https:\/\/deputadotaveirajr.com.br\/"},{"@type":"ListItem","position":2,"name":"Quem \u00e9 o ex-deputado federal internado ap\u00f3s acidente com kitesurfe em Natal"}]},{"@type":"WebSite","@id":"https:\/\/deputadotaveirajr.com.br\/#website","url":"https:\/\/deputadotaveirajr.com.br\/","name":"Taveira Jr","description":"Deputado Estadual","publisher":{"@id":"https:\/\/deputadotaveirajr.com.br\/#organization"},"potentialAction":[{"@type":"SearchAction","target":{"@type":"EntryPoint","urlTemplate":"https:\/\/deputadotaveirajr.com.br\/?s={search_term_string}"},"query-input":{"@type":"PropertyValueSpecification","valueRequired":true,"valueName":"search_term_string"}}],"inLanguage":"pt-BR"},{"@type":"Organization","@id":"https:\/\/deputadotaveirajr.com.br\/#organization","name":"Taveira Jr","url":"https:\/\/deputadotaveirajr.com.br\/","logo":{"@type":"ImageObject","inLanguage":"pt-BR","@id":"https:\/\/deputadotaveirajr.com.br\/#\/schema\/logo\/image\/","url":"https:\/\/deputadotaveirajr.com.br\/wp-content\/uploads\/2026\/01\/logolow2a.png","contentUrl":"https:\/\/deputadotaveirajr.com.br\/wp-content\/uploads\/2026\/01\/logolow2a.png","width":290,"height":80,"caption":"Taveira Jr"},"image":{"@id":"https:\/\/deputadotaveirajr.com.br\/#\/schema\/logo\/image\/"}}]}},"_links":{"self":[{"href":"https:\/\/deputadotaveirajr.com.br\/index.php\/wp-json\/wp\/v2\/pages\/13967","targetHints":{"allow":["GET"]}}],"collection":[{"href":"https:\/\/deputadotaveirajr.com.br\/index.php\/wp-json\/wp\/v2\/pages"}],"about":[{"href":"https:\/\/deputadotaveirajr.com.br\/index.php\/wp-json\/wp\/v2\/types\/page"}],"replies":[{"embeddable":true,"href":"https:\/\/deputadotaveirajr.com.br\/index.php\/wp-json\/wp\/v2\/comments?post=13967"}],"version-history":[{"count":0,"href":"https:\/\/deputadotaveirajr.com.br\/index.php\/wp-json\/wp\/v2\/pages\/13967\/revisions"}],"wp:featuredmedia":[{"embeddable":true,"href":"https:\/\/deputadotaveirajr.com.br\/index.php\/wp-json\/wp\/v2\/media\/13968"}],"wp:attachment":[{"href":"https:\/\/deputadotaveirajr.com.br\/index.php\/wp-json\/wp\/v2\/media?parent=13967"}],"curies":[{"name":"wp","href":"https:\/\/api.w.org\/{rel}","templated":true}]}}