{"id":13973,"date":"2025-08-26T10:28:23","date_gmt":"2025-08-26T13:28:23","guid":{"rendered":"https:\/\/deputadotaveirajr.com.br\/index.php\/ex-deputado-federal-rafael-motta-esta-intubado-e-em-coma-apos-acidente-de-kitesurfe-em-natal\/"},"modified":"2025-08-26T10:28:23","modified_gmt":"2025-08-26T13:28:23","slug":"ex-deputado-federal-rafael-motta-esta-intubado-e-em-coma-apos-acidente-de-kitesurfe-em-natal","status":"publish","type":"page","link":"https:\/\/deputadotaveirajr.com.br\/index.php\/ex-deputado-federal-rafael-motta-esta-intubado-e-em-coma-apos-acidente-de-kitesurfe-em-natal\/","title":{"rendered":"Ex-deputado federal Rafael Motta est\u00e1 intubado e em coma ap\u00f3s acidente de kitesurfe em Natal"},"content":{"rendered":"<p><img decoding=\"async\" src=\"https:\/\/s2-g1.glbimg.com\/KtCE-yT3qszvwH7JN1TNDfImSdo=\/i.s3.glbimg.com\/v1\/AUTH_59edd422c0c84a879bd37670ae4f538a\/internal_photos\/bs\/2025\/i\/A\/i5n8S6SPyGncGSfV4QUQ\/design-sem-nome-9-.png\" \/><br \/>     Rafael Motta foi deputado federal pelo Rio Grande do Norte<br \/>\nPablo Valadares\/C\u00e2mara dos Deputados<br \/>\nO ex-deputado federal pelo Rio Grande do Norte Rafael Motta, de 39 anos, permanece internado em SP, ap\u00f3s sofrer um acidente durante a pr\u00e1tica de kitesurfe em Natal na sexta-feira (22).  Segundo o boletim m\u00e9dico divulgado pela fam\u00edlia nesta ter\u00e7a (26), ele est\u00e1 intubado e em coma induzido.<br \/>\nSegundo o documento, Rafael apresenta fraturas na coluna, esterno e antebra\u00e7o, al\u00e9m de uma les\u00e3o br\u00f4nquica que j\u00e1 havia sido tratada em Natal.<br \/>\n\ud83d\udcf3 Clique aqui para seguir o canal do g1 RN no WhatsApp<br \/>\nLEIA TAMB\u00c9M<br \/>\nPERFIL: Quem \u00e9 o ex-deputado federal internado ap\u00f3s acidente com kitesurfe em Natal<br \/>\nACIDENTE: Ex-deputado federal sofre acidente de kitesurfe e \u00e9 internado em UTI<br \/>\nUTI A\u00c9REA: Rafael Motta \u00e9 transferido para SP ap\u00f3s acidente<br \/>\nEle foi transferido na madrugada de segunda-feira (25) ap\u00f3s ter passado por cirurgia tor\u00e1cica no Hospital Monsenhor Walfredo Gurgel, realizada para corre\u00e7\u00e3o da les\u00e3o no br\u00f4nquio.<br \/>\nDe acordo com a assessoria do ex-parlamentar, a transfer\u00eancia para S\u00e3o Paulo ocorreu \u201cap\u00f3s a estabiliza\u00e7\u00e3o e evolu\u00e7\u00e3o positiva do quadro cl\u00ednico\u201d e para \u201ccontinuar o tratamento de forma espec\u00edfica e intensiva\u201d. O boletim refor\u00e7ou que o estado cl\u00ednico \u00e9 est\u00e1vel e que novas informa\u00e7\u00f5es ser\u00e3o divulgadas conforme a evolu\u00e7\u00e3o.<br \/>\nNo boletim anterior, a equipe m\u00e9dica havia informado que os movimentos dos membros inferiores estavam preservados, sem sinais de comprometimento medular.<br \/>\nO acidente aconteceu nas proximidades do Forte dos Reis Magos. Ap\u00f3s o socorro inicial, Rafael foi submetido a atendimento de politrauma e cirurgia tor\u00e1cica no Walfredo Gurgel. A equipe m\u00e9dica tamb\u00e9m registrou agradecimentos a todos os profissionais envolvidos no atendimento.<br \/>\nRafael Motta foi deputado federal entre 2015 e 2022 e vereador em Natal entre 2013 e 2014. Em 2022, disputou o Senado, e em 2024 foi candidato a prefeito de Natal.<br \/>\nEx-deputado Rafael Motta e\u0301 transferido para hospital em SP<br \/>\nRafael Motta praticando kitesurfe<br \/>\nRedes Sociais<br \/>\nAcidente Rafael Motta kitesurfe Natal ex-deputado federal<br \/>\nArte\/g1<br \/>\nVeja os v\u00eddeos mais assistidos do g1 RN<\/p>","protected":false},"excerpt":{"rendered":"<p>Rafael Motta foi deputado federal pelo Rio Grande do Norte Pablo Valadares\/C\u00e2mara dos Deputados O ex-deputado federal pelo Rio Grande do Norte Rafael Motta, de 39 anos, permanece internado em &#8230;<\/p>\n","protected":false},"author":0,"featured_media":13974,"parent":0,"menu_order":0,"comment_status":"closed","ping_status":"closed","template":"","meta":{"footnotes":""},"class_list":["post-13973","page","type-page","status-publish","has-post-thumbnail","hentry"],"yoast_head":"<!-- This site is optimized with the Yoast SEO plugin v27.1.1 - https:\/\/yoast.com\/product\/yoast-seo-wordpress\/ -->\n<title>Ex-deputado federal Rafael Motta est\u00e1 intubado e em coma ap\u00f3s acidente de kitesurfe em Natal - Taveira Jr<\/title>\n<meta name=\"robots\" content=\"index, follow, max-snippet:-1, max-image-preview:large, max-video-preview:-1\" \/>\n<link rel=\"canonical\" href=\"https:\/\/deputadotaveirajr.com.br\/index.php\/ex-deputado-federal-rafael-motta-esta-intubado-e-em-coma-apos-acidente-de-kitesurfe-em-natal\/\" \/>\n<meta property=\"og:locale\" content=\"pt_BR\" \/>\n<meta property=\"og:type\" content=\"article\" \/>\n<meta property=\"og:title\" content=\"Ex-deputado federal Rafael Motta est\u00e1 intubado e em coma ap\u00f3s acidente de kitesurfe em Natal - Taveira Jr\" \/>\n<meta property=\"og:description\" content=\"Rafael Motta foi deputado federal pelo Rio Grande do Norte Pablo Valadares\/C\u00e2mara dos Deputados O ex-deputado federal pelo Rio Grande do Norte Rafael Motta, de 39 anos, permanece internado em ...\" \/>\n<meta property=\"og:url\" content=\"https:\/\/deputadotaveirajr.com.br\/index.php\/ex-deputado-federal-rafael-motta-esta-intubado-e-em-coma-apos-acidente-de-kitesurfe-em-natal\/\" \/>\n<meta property=\"og:site_name\" content=\"Taveira Jr\" \/>\n<meta property=\"og:image\" content=\"https:\/\/s2-g1.glbimg.com\/KtCE-yT3qszvwH7JN1TNDfImSdo=\/i.s3.glbimg.com\/v1\/AUTH_59edd422c0c84a879bd37670ae4f538a\/internal_photos\/bs\/2025\/i\/A\/i5n8S6SPyGncGSfV4QUQ\/design-sem-nome-9-.png\" \/>\n<meta name=\"twitter:card\" content=\"summary_large_image\" \/>\n<meta name=\"twitter:label1\" content=\"Est. tempo de leitura\" \/>\n\t<meta name=\"twitter:data1\" content=\"2 minutos\" \/>\n<script type=\"application\/ld+json\" class=\"yoast-schema-graph\">{\"@context\":\"https:\/\/schema.org\",\"@graph\":[{\"@type\":\"WebPage\",\"@id\":\"https:\/\/deputadotaveirajr.com.br\/index.php\/ex-deputado-federal-rafael-motta-esta-intubado-e-em-coma-apos-acidente-de-kitesurfe-em-natal\/\",\"url\":\"https:\/\/deputadotaveirajr.com.br\/index.php\/ex-deputado-federal-rafael-motta-esta-intubado-e-em-coma-apos-acidente-de-kitesurfe-em-natal\/\",\"name\":\"Ex-deputado federal Rafael Motta est\u00e1 intubado e em coma ap\u00f3s acidente de kitesurfe em Natal - Taveira Jr\",\"isPartOf\":{\"@id\":\"https:\/\/deputadotaveirajr.com.br\/#website\"},\"primaryImageOfPage\":{\"@id\":\"https:\/\/deputadotaveirajr.com.br\/index.php\/ex-deputado-federal-rafael-motta-esta-intubado-e-em-coma-apos-acidente-de-kitesurfe-em-natal\/#primaryimage\"},\"image\":{\"@id\":\"https:\/\/deputadotaveirajr.com.br\/index.php\/ex-deputado-federal-rafael-motta-esta-intubado-e-em-coma-apos-acidente-de-kitesurfe-em-natal\/#primaryimage\"},\"thumbnailUrl\":\"https:\/\/deputadotaveirajr.com.br\/wp-content\/uploads\/2025\/08\/design-sem-nome-9-Tg27nt.jpg\",\"datePublished\":\"2025-08-26T13:28:23+00:00\",\"breadcrumb\":{\"@id\":\"https:\/\/deputadotaveirajr.com.br\/index.php\/ex-deputado-federal-rafael-motta-esta-intubado-e-em-coma-apos-acidente-de-kitesurfe-em-natal\/#breadcrumb\"},\"inLanguage\":\"pt-BR\",\"potentialAction\":[{\"@type\":\"ReadAction\",\"target\":[\"https:\/\/deputadotaveirajr.com.br\/index.php\/ex-deputado-federal-rafael-motta-esta-intubado-e-em-coma-apos-acidente-de-kitesurfe-em-natal\/\"]}]},{\"@type\":\"ImageObject\",\"inLanguage\":\"pt-BR\",\"@id\":\"https:\/\/deputadotaveirajr.com.br\/index.php\/ex-deputado-federal-rafael-motta-esta-intubado-e-em-coma-apos-acidente-de-kitesurfe-em-natal\/#primaryimage\",\"url\":\"https:\/\/deputadotaveirajr.com.br\/wp-content\/uploads\/2025\/08\/design-sem-nome-9-Tg27nt.jpg\",\"contentUrl\":\"https:\/\/deputadotaveirajr.com.br\/wp-content\/uploads\/2025\/08\/design-sem-nome-9-Tg27nt.jpg\",\"width\":2000,\"height\":1414},{\"@type\":\"BreadcrumbList\",\"@id\":\"https:\/\/deputadotaveirajr.com.br\/index.php\/ex-deputado-federal-rafael-motta-esta-intubado-e-em-coma-apos-acidente-de-kitesurfe-em-natal\/#breadcrumb\",\"itemListElement\":[{\"@type\":\"ListItem\",\"position\":1,\"name\":\"In\u00edcio\",\"item\":\"https:\/\/deputadotaveirajr.com.br\/\"},{\"@type\":\"ListItem\",\"position\":2,\"name\":\"Ex-deputado federal Rafael Motta est\u00e1 intubado e em coma ap\u00f3s acidente de kitesurfe em Natal\"}]},{\"@type\":\"WebSite\",\"@id\":\"https:\/\/deputadotaveirajr.com.br\/#website\",\"url\":\"https:\/\/deputadotaveirajr.com.br\/\",\"name\":\"Taveira Jr\",\"description\":\"Deputado Estadual\",\"publisher\":{\"@id\":\"https:\/\/deputadotaveirajr.com.br\/#organization\"},\"potentialAction\":[{\"@type\":\"SearchAction\",\"target\":{\"@type\":\"EntryPoint\",\"urlTemplate\":\"https:\/\/deputadotaveirajr.com.br\/?s={search_term_string}\"},\"query-input\":{\"@type\":\"PropertyValueSpecification\",\"valueRequired\":true,\"valueName\":\"search_term_string\"}}],\"inLanguage\":\"pt-BR\"},{\"@type\":\"Organization\",\"@id\":\"https:\/\/deputadotaveirajr.com.br\/#organization\",\"name\":\"Taveira Jr\",\"url\":\"https:\/\/deputadotaveirajr.com.br\/\",\"logo\":{\"@type\":\"ImageObject\",\"inLanguage\":\"pt-BR\",\"@id\":\"https:\/\/deputadotaveirajr.com.br\/#\/schema\/logo\/image\/\",\"url\":\"https:\/\/deputadotaveirajr.com.br\/wp-content\/uploads\/2026\/01\/logolow2a.png\",\"contentUrl\":\"https:\/\/deputadotaveirajr.com.br\/wp-content\/uploads\/2026\/01\/logolow2a.png\",\"width\":290,\"height\":80,\"caption\":\"Taveira Jr\"},\"image\":{\"@id\":\"https:\/\/deputadotaveirajr.com.br\/#\/schema\/logo\/image\/\"}}]}<\/script>\n<!-- \/ Yoast SEO plugin. -->","yoast_head_json":{"title":"Ex-deputado federal Rafael Motta est\u00e1 intubado e em coma ap\u00f3s acidente de kitesurfe em Natal - Taveira Jr","robots":{"index":"index","follow":"follow","max-snippet":"max-snippet:-1","max-image-preview":"max-image-preview:large","max-video-preview":"max-video-preview:-1"},"canonical":"https:\/\/deputadotaveirajr.com.br\/index.php\/ex-deputado-federal-rafael-motta-esta-intubado-e-em-coma-apos-acidente-de-kitesurfe-em-natal\/","og_locale":"pt_BR","og_type":"article","og_title":"Ex-deputado federal Rafael Motta est\u00e1 intubado e em coma ap\u00f3s acidente de kitesurfe em Natal - Taveira Jr","og_description":"Rafael Motta foi deputado federal pelo Rio Grande do Norte Pablo Valadares\/C\u00e2mara dos Deputados O ex-deputado federal pelo Rio Grande do Norte Rafael Motta, de 39 anos, permanece internado em ...","og_url":"https:\/\/deputadotaveirajr.com.br\/index.php\/ex-deputado-federal-rafael-motta-esta-intubado-e-em-coma-apos-acidente-de-kitesurfe-em-natal\/","og_site_name":"Taveira Jr","og_image":[{"url":"https:\/\/s2-g1.glbimg.com\/KtCE-yT3qszvwH7JN1TNDfImSdo=\/i.s3.glbimg.com\/v1\/AUTH_59edd422c0c84a879bd37670ae4f538a\/internal_photos\/bs\/2025\/i\/A\/i5n8S6SPyGncGSfV4QUQ\/design-sem-nome-9-.png","type":"","width":"","height":""}],"twitter_card":"summary_large_image","twitter_misc":{"Est. tempo de leitura":"2 minutos"},"schema":{"@context":"https:\/\/schema.org","@graph":[{"@type":"WebPage","@id":"https:\/\/deputadotaveirajr.com.br\/index.php\/ex-deputado-federal-rafael-motta-esta-intubado-e-em-coma-apos-acidente-de-kitesurfe-em-natal\/","url":"https:\/\/deputadotaveirajr.com.br\/index.php\/ex-deputado-federal-rafael-motta-esta-intubado-e-em-coma-apos-acidente-de-kitesurfe-em-natal\/","name":"Ex-deputado federal Rafael Motta est\u00e1 intubado e em coma ap\u00f3s acidente de kitesurfe em Natal - Taveira Jr","isPartOf":{"@id":"https:\/\/deputadotaveirajr.com.br\/#website"},"primaryImageOfPage":{"@id":"https:\/\/deputadotaveirajr.com.br\/index.php\/ex-deputado-federal-rafael-motta-esta-intubado-e-em-coma-apos-acidente-de-kitesurfe-em-natal\/#primaryimage"},"image":{"@id":"https:\/\/deputadotaveirajr.com.br\/index.php\/ex-deputado-federal-rafael-motta-esta-intubado-e-em-coma-apos-acidente-de-kitesurfe-em-natal\/#primaryimage"},"thumbnailUrl":"https:\/\/deputadotaveirajr.com.br\/wp-content\/uploads\/2025\/08\/design-sem-nome-9-Tg27nt.jpg","datePublished":"2025-08-26T13:28:23+00:00","breadcrumb":{"@id":"https:\/\/deputadotaveirajr.com.br\/index.php\/ex-deputado-federal-rafael-motta-esta-intubado-e-em-coma-apos-acidente-de-kitesurfe-em-natal\/#breadcrumb"},"inLanguage":"pt-BR","potentialAction":[{"@type":"ReadAction","target":["https:\/\/deputadotaveirajr.com.br\/index.php\/ex-deputado-federal-rafael-motta-esta-intubado-e-em-coma-apos-acidente-de-kitesurfe-em-natal\/"]}]},{"@type":"ImageObject","inLanguage":"pt-BR","@id":"https:\/\/deputadotaveirajr.com.br\/index.php\/ex-deputado-federal-rafael-motta-esta-intubado-e-em-coma-apos-acidente-de-kitesurfe-em-natal\/#primaryimage","url":"https:\/\/deputadotaveirajr.com.br\/wp-content\/uploads\/2025\/08\/design-sem-nome-9-Tg27nt.jpg","contentUrl":"https:\/\/deputadotaveirajr.com.br\/wp-content\/uploads\/2025\/08\/design-sem-nome-9-Tg27nt.jpg","width":2000,"height":1414},{"@type":"BreadcrumbList","@id":"https:\/\/deputadotaveirajr.com.br\/index.php\/ex-deputado-federal-rafael-motta-esta-intubado-e-em-coma-apos-acidente-de-kitesurfe-em-natal\/#breadcrumb","itemListElement":[{"@type":"ListItem","position":1,"name":"In\u00edcio","item":"https:\/\/deputadotaveirajr.com.br\/"},{"@type":"ListItem","position":2,"name":"Ex-deputado federal Rafael Motta est\u00e1 intubado e em coma ap\u00f3s acidente de kitesurfe em Natal"}]},{"@type":"WebSite","@id":"https:\/\/deputadotaveirajr.com.br\/#website","url":"https:\/\/deputadotaveirajr.com.br\/","name":"Taveira Jr","description":"Deputado Estadual","publisher":{"@id":"https:\/\/deputadotaveirajr.com.br\/#organization"},"potentialAction":[{"@type":"SearchAction","target":{"@type":"EntryPoint","urlTemplate":"https:\/\/deputadotaveirajr.com.br\/?s={search_term_string}"},"query-input":{"@type":"PropertyValueSpecification","valueRequired":true,"valueName":"search_term_string"}}],"inLanguage":"pt-BR"},{"@type":"Organization","@id":"https:\/\/deputadotaveirajr.com.br\/#organization","name":"Taveira Jr","url":"https:\/\/deputadotaveirajr.com.br\/","logo":{"@type":"ImageObject","inLanguage":"pt-BR","@id":"https:\/\/deputadotaveirajr.com.br\/#\/schema\/logo\/image\/","url":"https:\/\/deputadotaveirajr.com.br\/wp-content\/uploads\/2026\/01\/logolow2a.png","contentUrl":"https:\/\/deputadotaveirajr.com.br\/wp-content\/uploads\/2026\/01\/logolow2a.png","width":290,"height":80,"caption":"Taveira Jr"},"image":{"@id":"https:\/\/deputadotaveirajr.com.br\/#\/schema\/logo\/image\/"}}]}},"_links":{"self":[{"href":"https:\/\/deputadotaveirajr.com.br\/index.php\/wp-json\/wp\/v2\/pages\/13973","targetHints":{"allow":["GET"]}}],"collection":[{"href":"https:\/\/deputadotaveirajr.com.br\/index.php\/wp-json\/wp\/v2\/pages"}],"about":[{"href":"https:\/\/deputadotaveirajr.com.br\/index.php\/wp-json\/wp\/v2\/types\/page"}],"replies":[{"embeddable":true,"href":"https:\/\/deputadotaveirajr.com.br\/index.php\/wp-json\/wp\/v2\/comments?post=13973"}],"version-history":[{"count":0,"href":"https:\/\/deputadotaveirajr.com.br\/index.php\/wp-json\/wp\/v2\/pages\/13973\/revisions"}],"wp:featuredmedia":[{"embeddable":true,"href":"https:\/\/deputadotaveirajr.com.br\/index.php\/wp-json\/wp\/v2\/media\/13974"}],"wp:attachment":[{"href":"https:\/\/deputadotaveirajr.com.br\/index.php\/wp-json\/wp\/v2\/media?parent=13973"}],"curies":[{"name":"wp","href":"https:\/\/api.w.org\/{rel}","templated":true}]}}