{"id":13993,"date":"2025-08-29T17:18:16","date_gmt":"2025-08-29T20:18:16","guid":{"rendered":"https:\/\/deputadotaveirajr.com.br\/index.php\/jovem-e-morto-a-facadas-dentro-de-casa-no-rn-primo-e-suspeito-do-crime\/"},"modified":"2025-08-29T17:18:16","modified_gmt":"2025-08-29T20:18:16","slug":"jovem-e-morto-a-facadas-dentro-de-casa-no-rn-primo-e-suspeito-do-crime","status":"publish","type":"page","link":"https:\/\/deputadotaveirajr.com.br\/index.php\/jovem-e-morto-a-facadas-dentro-de-casa-no-rn-primo-e-suspeito-do-crime\/","title":{"rendered":"Jovem \u00e9 morto a facadas dentro de casa no RN; primo \u00e9 suspeito do crime"},"content":{"rendered":"<p><img decoding=\"async\" src=\"https:\/\/s2-g1.glbimg.com\/ELu30U-8y92lIW12gtbEWp4bReA=\/i.s3.glbimg.com\/v1\/AUTH_59edd422c0c84a879bd37670ae4f538a\/internal_photos\/bs\/2025\/L\/u\/CKOQadQhqKvpph3QykvQ\/whatsapp-image-2025-08-29-at-16.19.03.jpeg\" \/><br \/>     Lucas Kauan de Medeiros Louren\u00e7o, de 19 anos, foi morto em Jardim do Serid\u00f3<br \/>\nRedes sociais<br \/>\nUm jovem de 19 anos foi morto a facadas dentro de casa na tarde desta sexta-feira (29) na cidade de S\u00e3o Jos\u00e9 do Serid\u00f3, distante cerca de 240 quil\u00f4metros de Natal. De acordo com a Pol\u00edcia Militar, o principal suspeito do crime \u00e9 um primo dele, de 23 anos, que fugiu.<br \/>\nLucas Kauan de Medeiros Louren\u00e7o foi morto no in\u00edcio da tarde, por volta das 13h, na Rua Alberani Alves Dantas, no bairro Liberdade.<br \/>\n\ud83d\udcf3 Clique aqui para seguir o canal do g1 RN no WhatsApp<br \/>\nSegundo a Pol\u00edcia Militar da regi\u00e3o, os primos tinham um hist\u00f3rico de desentendimentos, o que gerou, inclusive, a uma medida protetiva expedida pela Justi\u00e7a. A medida, no entanto, foi retirada pela fam\u00edlia ap\u00f3s algum tempo.<br \/>\nA PM informou que, nesta tarde, o suspeito do crime estava na casa da v\u00edtima quando o ataque ocorreu.<br \/>\nLucas n\u00e3o resistiu \u00e0s facadas e morreu ainda no local. A PM informou que, at\u00e9 esta tarde de sexta-feira (29), permanecia em busca do suspeito e da arma utilizada no crime.<br \/>\nA Pol\u00edcia Civil da cidade assumiu a investiga\u00e7\u00e3o do caso.<br \/>\n\u2b07\ufe0f VEJA REPORTAGEM ABAIXO: Golpes virtuais cresceram em 2024 no Rio Grande do Norte<br \/>\nGolpes virtuais crescem no RN<br \/>\nV\u00eddeos mais assistidos do g1 RN<\/p>","protected":false},"excerpt":{"rendered":"<p>Lucas Kauan de Medeiros Louren\u00e7o, de 19 anos, foi morto em Jardim do Serid\u00f3 Redes sociais Um jovem de 19 anos foi morto a facadas dentro de casa na tarde &#8230;<\/p>\n","protected":false},"author":0,"featured_media":13994,"parent":0,"menu_order":0,"comment_status":"closed","ping_status":"closed","template":"","meta":{"footnotes":""},"class_list":["post-13993","page","type-page","status-publish","has-post-thumbnail","hentry"],"yoast_head":"<!-- This site is optimized with the Yoast SEO plugin v27.1.1 - https:\/\/yoast.com\/product\/yoast-seo-wordpress\/ -->\n<title>Jovem \u00e9 morto a facadas dentro de casa no RN; primo \u00e9 suspeito do crime - Taveira Jr<\/title>\n<meta name=\"robots\" content=\"index, follow, max-snippet:-1, max-image-preview:large, max-video-preview:-1\" \/>\n<link rel=\"canonical\" href=\"https:\/\/deputadotaveirajr.com.br\/index.php\/jovem-e-morto-a-facadas-dentro-de-casa-no-rn-primo-e-suspeito-do-crime\/\" \/>\n<meta property=\"og:locale\" content=\"pt_BR\" \/>\n<meta property=\"og:type\" content=\"article\" \/>\n<meta property=\"og:title\" content=\"Jovem \u00e9 morto a facadas dentro de casa no RN; primo \u00e9 suspeito do crime - Taveira Jr\" \/>\n<meta property=\"og:description\" content=\"Lucas Kauan de Medeiros Louren\u00e7o, de 19 anos, foi morto em Jardim do Serid\u00f3 Redes sociais Um jovem de 19 anos foi morto a facadas dentro de casa na tarde ...\" \/>\n<meta property=\"og:url\" content=\"https:\/\/deputadotaveirajr.com.br\/index.php\/jovem-e-morto-a-facadas-dentro-de-casa-no-rn-primo-e-suspeito-do-crime\/\" \/>\n<meta property=\"og:site_name\" content=\"Taveira Jr\" \/>\n<meta property=\"og:image\" content=\"https:\/\/s2-g1.glbimg.com\/ELu30U-8y92lIW12gtbEWp4bReA=\/i.s3.glbimg.com\/v1\/AUTH_59edd422c0c84a879bd37670ae4f538a\/internal_photos\/bs\/2025\/L\/u\/CKOQadQhqKvpph3QykvQ\/whatsapp-image-2025-08-29-at-16.19.03.jpeg\" \/>\n<meta name=\"twitter:card\" content=\"summary_large_image\" \/>\n<meta name=\"twitter:label1\" content=\"Est. tempo de leitura\" \/>\n\t<meta name=\"twitter:data1\" content=\"1 minuto\" \/>\n<script type=\"application\/ld+json\" class=\"yoast-schema-graph\">{\"@context\":\"https:\/\/schema.org\",\"@graph\":[{\"@type\":\"WebPage\",\"@id\":\"https:\/\/deputadotaveirajr.com.br\/index.php\/jovem-e-morto-a-facadas-dentro-de-casa-no-rn-primo-e-suspeito-do-crime\/\",\"url\":\"https:\/\/deputadotaveirajr.com.br\/index.php\/jovem-e-morto-a-facadas-dentro-de-casa-no-rn-primo-e-suspeito-do-crime\/\",\"name\":\"Jovem \u00e9 morto a facadas dentro de casa no RN; primo \u00e9 suspeito do crime - Taveira Jr\",\"isPartOf\":{\"@id\":\"https:\/\/deputadotaveirajr.com.br\/#website\"},\"primaryImageOfPage\":{\"@id\":\"https:\/\/deputadotaveirajr.com.br\/index.php\/jovem-e-morto-a-facadas-dentro-de-casa-no-rn-primo-e-suspeito-do-crime\/#primaryimage\"},\"image\":{\"@id\":\"https:\/\/deputadotaveirajr.com.br\/index.php\/jovem-e-morto-a-facadas-dentro-de-casa-no-rn-primo-e-suspeito-do-crime\/#primaryimage\"},\"thumbnailUrl\":\"https:\/\/deputadotaveirajr.com.br\/wp-content\/uploads\/2025\/08\/whatsapp-image-2025-08-29-at-16.19.03-rKBI4k.jpg\",\"datePublished\":\"2025-08-29T20:18:16+00:00\",\"breadcrumb\":{\"@id\":\"https:\/\/deputadotaveirajr.com.br\/index.php\/jovem-e-morto-a-facadas-dentro-de-casa-no-rn-primo-e-suspeito-do-crime\/#breadcrumb\"},\"inLanguage\":\"pt-BR\",\"potentialAction\":[{\"@type\":\"ReadAction\",\"target\":[\"https:\/\/deputadotaveirajr.com.br\/index.php\/jovem-e-morto-a-facadas-dentro-de-casa-no-rn-primo-e-suspeito-do-crime\/\"]}]},{\"@type\":\"ImageObject\",\"inLanguage\":\"pt-BR\",\"@id\":\"https:\/\/deputadotaveirajr.com.br\/index.php\/jovem-e-morto-a-facadas-dentro-de-casa-no-rn-primo-e-suspeito-do-crime\/#primaryimage\",\"url\":\"https:\/\/deputadotaveirajr.com.br\/wp-content\/uploads\/2025\/08\/whatsapp-image-2025-08-29-at-16.19.03-rKBI4k.jpg\",\"contentUrl\":\"https:\/\/deputadotaveirajr.com.br\/wp-content\/uploads\/2025\/08\/whatsapp-image-2025-08-29-at-16.19.03-rKBI4k.jpg\",\"width\":1200,\"height\":1618},{\"@type\":\"BreadcrumbList\",\"@id\":\"https:\/\/deputadotaveirajr.com.br\/index.php\/jovem-e-morto-a-facadas-dentro-de-casa-no-rn-primo-e-suspeito-do-crime\/#breadcrumb\",\"itemListElement\":[{\"@type\":\"ListItem\",\"position\":1,\"name\":\"In\u00edcio\",\"item\":\"https:\/\/deputadotaveirajr.com.br\/\"},{\"@type\":\"ListItem\",\"position\":2,\"name\":\"Jovem \u00e9 morto a facadas dentro de casa no RN; primo \u00e9 suspeito do crime\"}]},{\"@type\":\"WebSite\",\"@id\":\"https:\/\/deputadotaveirajr.com.br\/#website\",\"url\":\"https:\/\/deputadotaveirajr.com.br\/\",\"name\":\"Taveira Jr\",\"description\":\"Deputado Estadual\",\"publisher\":{\"@id\":\"https:\/\/deputadotaveirajr.com.br\/#organization\"},\"potentialAction\":[{\"@type\":\"SearchAction\",\"target\":{\"@type\":\"EntryPoint\",\"urlTemplate\":\"https:\/\/deputadotaveirajr.com.br\/?s={search_term_string}\"},\"query-input\":{\"@type\":\"PropertyValueSpecification\",\"valueRequired\":true,\"valueName\":\"search_term_string\"}}],\"inLanguage\":\"pt-BR\"},{\"@type\":\"Organization\",\"@id\":\"https:\/\/deputadotaveirajr.com.br\/#organization\",\"name\":\"Taveira Jr\",\"url\":\"https:\/\/deputadotaveirajr.com.br\/\",\"logo\":{\"@type\":\"ImageObject\",\"inLanguage\":\"pt-BR\",\"@id\":\"https:\/\/deputadotaveirajr.com.br\/#\/schema\/logo\/image\/\",\"url\":\"https:\/\/deputadotaveirajr.com.br\/wp-content\/uploads\/2026\/01\/logolow2a.png\",\"contentUrl\":\"https:\/\/deputadotaveirajr.com.br\/wp-content\/uploads\/2026\/01\/logolow2a.png\",\"width\":290,\"height\":80,\"caption\":\"Taveira Jr\"},\"image\":{\"@id\":\"https:\/\/deputadotaveirajr.com.br\/#\/schema\/logo\/image\/\"}}]}<\/script>\n<!-- \/ Yoast SEO plugin. -->","yoast_head_json":{"title":"Jovem \u00e9 morto a facadas dentro de casa no RN; primo \u00e9 suspeito do crime - Taveira Jr","robots":{"index":"index","follow":"follow","max-snippet":"max-snippet:-1","max-image-preview":"max-image-preview:large","max-video-preview":"max-video-preview:-1"},"canonical":"https:\/\/deputadotaveirajr.com.br\/index.php\/jovem-e-morto-a-facadas-dentro-de-casa-no-rn-primo-e-suspeito-do-crime\/","og_locale":"pt_BR","og_type":"article","og_title":"Jovem \u00e9 morto a facadas dentro de casa no RN; primo \u00e9 suspeito do crime - Taveira Jr","og_description":"Lucas Kauan de Medeiros Louren\u00e7o, de 19 anos, foi morto em Jardim do Serid\u00f3 Redes sociais Um jovem de 19 anos foi morto a facadas dentro de casa na tarde ...","og_url":"https:\/\/deputadotaveirajr.com.br\/index.php\/jovem-e-morto-a-facadas-dentro-de-casa-no-rn-primo-e-suspeito-do-crime\/","og_site_name":"Taveira Jr","og_image":[{"url":"https:\/\/s2-g1.glbimg.com\/ELu30U-8y92lIW12gtbEWp4bReA=\/i.s3.glbimg.com\/v1\/AUTH_59edd422c0c84a879bd37670ae4f538a\/internal_photos\/bs\/2025\/L\/u\/CKOQadQhqKvpph3QykvQ\/whatsapp-image-2025-08-29-at-16.19.03.jpeg","type":"","width":"","height":""}],"twitter_card":"summary_large_image","twitter_misc":{"Est. tempo de leitura":"1 minuto"},"schema":{"@context":"https:\/\/schema.org","@graph":[{"@type":"WebPage","@id":"https:\/\/deputadotaveirajr.com.br\/index.php\/jovem-e-morto-a-facadas-dentro-de-casa-no-rn-primo-e-suspeito-do-crime\/","url":"https:\/\/deputadotaveirajr.com.br\/index.php\/jovem-e-morto-a-facadas-dentro-de-casa-no-rn-primo-e-suspeito-do-crime\/","name":"Jovem \u00e9 morto a facadas dentro de casa no RN; primo \u00e9 suspeito do crime - Taveira Jr","isPartOf":{"@id":"https:\/\/deputadotaveirajr.com.br\/#website"},"primaryImageOfPage":{"@id":"https:\/\/deputadotaveirajr.com.br\/index.php\/jovem-e-morto-a-facadas-dentro-de-casa-no-rn-primo-e-suspeito-do-crime\/#primaryimage"},"image":{"@id":"https:\/\/deputadotaveirajr.com.br\/index.php\/jovem-e-morto-a-facadas-dentro-de-casa-no-rn-primo-e-suspeito-do-crime\/#primaryimage"},"thumbnailUrl":"https:\/\/deputadotaveirajr.com.br\/wp-content\/uploads\/2025\/08\/whatsapp-image-2025-08-29-at-16.19.03-rKBI4k.jpg","datePublished":"2025-08-29T20:18:16+00:00","breadcrumb":{"@id":"https:\/\/deputadotaveirajr.com.br\/index.php\/jovem-e-morto-a-facadas-dentro-de-casa-no-rn-primo-e-suspeito-do-crime\/#breadcrumb"},"inLanguage":"pt-BR","potentialAction":[{"@type":"ReadAction","target":["https:\/\/deputadotaveirajr.com.br\/index.php\/jovem-e-morto-a-facadas-dentro-de-casa-no-rn-primo-e-suspeito-do-crime\/"]}]},{"@type":"ImageObject","inLanguage":"pt-BR","@id":"https:\/\/deputadotaveirajr.com.br\/index.php\/jovem-e-morto-a-facadas-dentro-de-casa-no-rn-primo-e-suspeito-do-crime\/#primaryimage","url":"https:\/\/deputadotaveirajr.com.br\/wp-content\/uploads\/2025\/08\/whatsapp-image-2025-08-29-at-16.19.03-rKBI4k.jpg","contentUrl":"https:\/\/deputadotaveirajr.com.br\/wp-content\/uploads\/2025\/08\/whatsapp-image-2025-08-29-at-16.19.03-rKBI4k.jpg","width":1200,"height":1618},{"@type":"BreadcrumbList","@id":"https:\/\/deputadotaveirajr.com.br\/index.php\/jovem-e-morto-a-facadas-dentro-de-casa-no-rn-primo-e-suspeito-do-crime\/#breadcrumb","itemListElement":[{"@type":"ListItem","position":1,"name":"In\u00edcio","item":"https:\/\/deputadotaveirajr.com.br\/"},{"@type":"ListItem","position":2,"name":"Jovem \u00e9 morto a facadas dentro de casa no RN; primo \u00e9 suspeito do crime"}]},{"@type":"WebSite","@id":"https:\/\/deputadotaveirajr.com.br\/#website","url":"https:\/\/deputadotaveirajr.com.br\/","name":"Taveira Jr","description":"Deputado Estadual","publisher":{"@id":"https:\/\/deputadotaveirajr.com.br\/#organization"},"potentialAction":[{"@type":"SearchAction","target":{"@type":"EntryPoint","urlTemplate":"https:\/\/deputadotaveirajr.com.br\/?s={search_term_string}"},"query-input":{"@type":"PropertyValueSpecification","valueRequired":true,"valueName":"search_term_string"}}],"inLanguage":"pt-BR"},{"@type":"Organization","@id":"https:\/\/deputadotaveirajr.com.br\/#organization","name":"Taveira Jr","url":"https:\/\/deputadotaveirajr.com.br\/","logo":{"@type":"ImageObject","inLanguage":"pt-BR","@id":"https:\/\/deputadotaveirajr.com.br\/#\/schema\/logo\/image\/","url":"https:\/\/deputadotaveirajr.com.br\/wp-content\/uploads\/2026\/01\/logolow2a.png","contentUrl":"https:\/\/deputadotaveirajr.com.br\/wp-content\/uploads\/2026\/01\/logolow2a.png","width":290,"height":80,"caption":"Taveira Jr"},"image":{"@id":"https:\/\/deputadotaveirajr.com.br\/#\/schema\/logo\/image\/"}}]}},"_links":{"self":[{"href":"https:\/\/deputadotaveirajr.com.br\/index.php\/wp-json\/wp\/v2\/pages\/13993","targetHints":{"allow":["GET"]}}],"collection":[{"href":"https:\/\/deputadotaveirajr.com.br\/index.php\/wp-json\/wp\/v2\/pages"}],"about":[{"href":"https:\/\/deputadotaveirajr.com.br\/index.php\/wp-json\/wp\/v2\/types\/page"}],"replies":[{"embeddable":true,"href":"https:\/\/deputadotaveirajr.com.br\/index.php\/wp-json\/wp\/v2\/comments?post=13993"}],"version-history":[{"count":0,"href":"https:\/\/deputadotaveirajr.com.br\/index.php\/wp-json\/wp\/v2\/pages\/13993\/revisions"}],"wp:featuredmedia":[{"embeddable":true,"href":"https:\/\/deputadotaveirajr.com.br\/index.php\/wp-json\/wp\/v2\/media\/13994"}],"wp:attachment":[{"href":"https:\/\/deputadotaveirajr.com.br\/index.php\/wp-json\/wp\/v2\/media?parent=13993"}],"curies":[{"name":"wp","href":"https:\/\/api.w.org\/{rel}","templated":true}]}}