{"id":13995,"date":"2025-08-29T16:22:39","date_gmt":"2025-08-29T19:22:39","guid":{"rendered":"https:\/\/deputadotaveirajr.com.br\/index.php\/ifrn-oferece-389-vagas-em-cursos-tecnicos-e-de-especializacao\/"},"modified":"2025-08-29T16:22:39","modified_gmt":"2025-08-29T19:22:39","slug":"ifrn-oferece-389-vagas-em-cursos-tecnicos-e-de-especializacao","status":"publish","type":"page","link":"https:\/\/deputadotaveirajr.com.br\/index.php\/ifrn-oferece-389-vagas-em-cursos-tecnicos-e-de-especializacao\/","title":{"rendered":"IFRN oferece 389 vagas em cursos t\u00e9cnicos e de especializa\u00e7\u00e3o"},"content":{"rendered":"<p><img decoding=\"async\" src=\"https:\/\/s2-g1.glbimg.com\/QX58zlLQnz4lS7uPE22_cg12i5U=\/i.s3.glbimg.com\/v1\/AUTH_59edd422c0c84a879bd37670ae4f538a\/internal_photos\/bs\/2025\/0\/p\/uG0XviRPeFxxutOPqIVg\/ifrn-mossoro.jpg\" \/><br \/>     IFRN Mossor\u00f3<br \/>\nDivulga\u00e7\u00e3o<br \/>\nO Instituto Federal do Rio Grande do Norte (IFRN) abriu inscri\u00e7\u00f5es para vagas em cursos t\u00e9cnicos subsequentes e de especializa\u00e7\u00e3o. Ao todo, s\u00e3o:<br \/>\n194 vagas para cursos t\u00e9cnicos (veja aqui o edital); e<br \/>\n195 vagas para cursos de especializa\u00e7\u00e3o (veja aqui o edital).<br \/>\nAs inscri\u00e7\u00f5es, nos dois, casos, se encerram no dia 2 de setembro e podem ser feitas pelo Portal do Candidato do IFRN. As sele\u00e7\u00f5es nos dois processos ser\u00e3o feitas por sorteio eletr\u00f4nico.<br \/>\n\ud83d\udcf3 Clique aqui para seguir o canal do g1 RN no WhatsApp<br \/>\nCursos t\u00e9cnicos<br \/>\nAs 194 vagas para os cursos t\u00e9cnicos s\u00e3o voltadas a quem tem o ensino m\u00e9dio completo.<br \/>\nAs oportunidades s\u00e3o para 8 campi em 16 cursos. Veja abaixo:<br \/>\n\ud83d\udccd Cear\u00e1-Mirim<br \/>\nEquipamentos m\u00e9dicos (noturno) &#8211; 5 vagas<br \/>\n\ud83d\udccd Lajes<br \/>\nCom\u00e9rcio (matutino) &#8211; 30 vagas<br \/>\n\ud83d\udccd Mossor\u00f3<br \/>\nEletrot\u00e9cnica (noturno) &#8211; 1 vaga<br \/>\nMec\u00e2nica (noturno) &#8211; 1 vaga<br \/>\nPetr\u00f3leo e G\u00e1s (noturno) &#8211; 1 vaga<br \/>\n\ud83d\udccd Natal &#8211; Central<br \/>\nMec\u00e2nica (vespertino) &#8211; 2 vagas<br \/>\nPetr\u00f3leo e G\u00e1s (vespertino) &#8211; 15 vagas<br \/>\nEdifica\u00e7\u00f5es (vespertino) &#8211; 21 vagas<br \/>\nGeologia (matutino) &#8211; 12 vagas<br \/>\nMinera\u00e7\u00e3o (matutino) &#8211; 20 vagas<br \/>\n\ud83d\udccd Natal &#8211; Centro Hist\u00f3rico<br \/>\nEventos (noturno) &#8211; 10 vagas<br \/>\nGuia de turismo (vespertino) &#8211; 20 vagas<br \/>\n\ud83d\udccd Nova Cruz<br \/>\nAdministra\u00e7\u00e3o (vespertino) &#8211; 29 vagas<br \/>\n\ud83d\udccd Parelhas<br \/>\nInform\u00e1tica (vespertino) &#8211; 25 vagas<br \/>\n\ud83d\udccd Parnamirim<br \/>\nMecatr\u00f4nica (noturno) &#8211; 1 vaga<br \/>\nRede de computadores (noturno) &#8211; 1 vaga<br \/>\n\u27a1\ufe0f O resultado final ser\u00e1 divulgado em 3 de setembro. Os aprovados dever\u00e3o fazer a matr\u00edcula on-line entre 5 e 8 de setembro. Caso sobrem vagas, novas chamadas ser\u00e3o feitas a partir de 9 de setembro na p\u00e1gina do edital.<br \/>\nCursos de especializa\u00e7\u00e3o<br \/>\nOs cursos de especializa\u00e7\u00e3o s\u00e3o voltados para quem tem gradua\u00e7\u00e3o. O ingresso previsto \u00e9 para o segundo semestre de 2025.<br \/>\nAs vagas s\u00e3o para 7 campi e oito cursos distintos. Veja abaixo:<br \/>\n\ud83d\udccd Caic\u00f3<br \/>\nEnsino de Ci\u00eancias Naturais na Educa\u00e7\u00e3o B\u00e1sica (noturno) &#8211; 22 vagas<br \/>\n\ud83d\udccd Canguaretama<br \/>\nEspecializa\u00e7\u00e3o em Educa\u00e7\u00e3o para as Rela\u00e7\u00f5es \u00c9tnico-Raciais (vespertino) &#8211; 25 vagas<br \/>\n\ud83d\udccd Lajes<br \/>\nEspecializa\u00e7\u00e3o em Ci\u00eancias Humanas e Saberes Contempor\u00e2neos para a Educa\u00e7\u00e3o (matutino) &#8211; 32 vagas<br \/>\n\ud83d\udccd Macau<br \/>\nEspecializa\u00e7\u00e3o em Ensino de Ci\u00eancias Naturais e Matem\u00e1tica (noturno) &#8211; 30 vagas<br \/>\n\ud83d\udccd Mossor\u00f3<br \/>\nEspecializa\u00e7\u00e3o em Educa\u00e7\u00e3o e Contemporaneidade (vespertino) &#8211; 30 vagas<br \/>\n\ud83d\udccd Natal &#8211; Central<br \/>\nEspecializa\u00e7\u00e3o em Ensino de Ci\u00eancias Naturais e Matem\u00e1tica (noturno) &#8211; 34 vagas<br \/>\nEspecializa\u00e7\u00e3o em Gest\u00e3o Ambiental (matutino e vespertino) &#8211; 2 vagas<br \/>\n\ud83d\udccd Natal &#8211; Zona Norte<br \/>\nEspecializa\u00e7\u00e3o em Ensino (noturno) &#8211; 20 vagas<br \/>\n\u27a1\ufe0f O resultado final sair\u00e1 em 3 de setembro. Os classificados dever\u00e3o fazer a pr\u00e9-matr\u00edcula on-line entre 5 e 8 de setembro. Caso sobrem vagas, novas chamadas ser\u00e3o feitas a partir de 9 de setembro na p\u00e1gina do edital.<br \/>\nVagas para curso virtual gratuito no RN<br \/>\nV\u00eddeos mais assistidos do g1 RN<\/p>","protected":false},"excerpt":{"rendered":"<p>IFRN Mossor\u00f3 Divulga\u00e7\u00e3o O Instituto Federal do Rio Grande do Norte (IFRN) abriu inscri\u00e7\u00f5es para vagas em cursos t\u00e9cnicos subsequentes e de especializa\u00e7\u00e3o. Ao todo, s\u00e3o: 194 vagas para cursos &#8230;<\/p>\n","protected":false},"author":0,"featured_media":13996,"parent":0,"menu_order":0,"comment_status":"closed","ping_status":"closed","template":"","meta":{"footnotes":""},"class_list":["post-13995","page","type-page","status-publish","has-post-thumbnail","hentry"],"yoast_head":"<!-- This site is optimized with the Yoast SEO plugin v27.1.1 - https:\/\/yoast.com\/product\/yoast-seo-wordpress\/ -->\n<title>IFRN oferece 389 vagas em cursos t\u00e9cnicos e de especializa\u00e7\u00e3o - Taveira Jr<\/title>\n<meta name=\"robots\" content=\"index, follow, max-snippet:-1, max-image-preview:large, max-video-preview:-1\" \/>\n<link rel=\"canonical\" href=\"https:\/\/deputadotaveirajr.com.br\/index.php\/ifrn-oferece-389-vagas-em-cursos-tecnicos-e-de-especializacao\/\" \/>\n<meta property=\"og:locale\" content=\"pt_BR\" \/>\n<meta property=\"og:type\" content=\"article\" \/>\n<meta property=\"og:title\" content=\"IFRN oferece 389 vagas em cursos t\u00e9cnicos e de especializa\u00e7\u00e3o - Taveira Jr\" \/>\n<meta property=\"og:description\" content=\"IFRN Mossor\u00f3 Divulga\u00e7\u00e3o O Instituto Federal do Rio Grande do Norte (IFRN) abriu inscri\u00e7\u00f5es para vagas em cursos t\u00e9cnicos subsequentes e de especializa\u00e7\u00e3o. Ao todo, s\u00e3o: 194 vagas para cursos ...\" \/>\n<meta property=\"og:url\" content=\"https:\/\/deputadotaveirajr.com.br\/index.php\/ifrn-oferece-389-vagas-em-cursos-tecnicos-e-de-especializacao\/\" \/>\n<meta property=\"og:site_name\" content=\"Taveira Jr\" \/>\n<meta property=\"og:image\" content=\"https:\/\/s2-g1.glbimg.com\/QX58zlLQnz4lS7uPE22_cg12i5U=\/i.s3.glbimg.com\/v1\/AUTH_59edd422c0c84a879bd37670ae4f538a\/internal_photos\/bs\/2025\/0\/p\/uG0XviRPeFxxutOPqIVg\/ifrn-mossoro.jpg\" \/>\n<meta name=\"twitter:card\" content=\"summary_large_image\" \/>\n<meta name=\"twitter:label1\" content=\"Est. tempo de leitura\" \/>\n\t<meta name=\"twitter:data1\" content=\"2 minutos\" \/>\n<script type=\"application\/ld+json\" class=\"yoast-schema-graph\">{\"@context\":\"https:\/\/schema.org\",\"@graph\":[{\"@type\":\"WebPage\",\"@id\":\"https:\/\/deputadotaveirajr.com.br\/index.php\/ifrn-oferece-389-vagas-em-cursos-tecnicos-e-de-especializacao\/\",\"url\":\"https:\/\/deputadotaveirajr.com.br\/index.php\/ifrn-oferece-389-vagas-em-cursos-tecnicos-e-de-especializacao\/\",\"name\":\"IFRN oferece 389 vagas em cursos t\u00e9cnicos e de especializa\u00e7\u00e3o - Taveira Jr\",\"isPartOf\":{\"@id\":\"https:\/\/deputadotaveirajr.com.br\/#website\"},\"primaryImageOfPage\":{\"@id\":\"https:\/\/deputadotaveirajr.com.br\/index.php\/ifrn-oferece-389-vagas-em-cursos-tecnicos-e-de-especializacao\/#primaryimage\"},\"image\":{\"@id\":\"https:\/\/deputadotaveirajr.com.br\/index.php\/ifrn-oferece-389-vagas-em-cursos-tecnicos-e-de-especializacao\/#primaryimage\"},\"thumbnailUrl\":\"https:\/\/deputadotaveirajr.com.br\/wp-content\/uploads\/2025\/08\/ifrn-mossoro-EG4o4E.jpg\",\"datePublished\":\"2025-08-29T19:22:39+00:00\",\"breadcrumb\":{\"@id\":\"https:\/\/deputadotaveirajr.com.br\/index.php\/ifrn-oferece-389-vagas-em-cursos-tecnicos-e-de-especializacao\/#breadcrumb\"},\"inLanguage\":\"pt-BR\",\"potentialAction\":[{\"@type\":\"ReadAction\",\"target\":[\"https:\/\/deputadotaveirajr.com.br\/index.php\/ifrn-oferece-389-vagas-em-cursos-tecnicos-e-de-especializacao\/\"]}]},{\"@type\":\"ImageObject\",\"inLanguage\":\"pt-BR\",\"@id\":\"https:\/\/deputadotaveirajr.com.br\/index.php\/ifrn-oferece-389-vagas-em-cursos-tecnicos-e-de-especializacao\/#primaryimage\",\"url\":\"https:\/\/deputadotaveirajr.com.br\/wp-content\/uploads\/2025\/08\/ifrn-mossoro-EG4o4E.jpg\",\"contentUrl\":\"https:\/\/deputadotaveirajr.com.br\/wp-content\/uploads\/2025\/08\/ifrn-mossoro-EG4o4E.jpg\",\"width\":1200,\"height\":568},{\"@type\":\"BreadcrumbList\",\"@id\":\"https:\/\/deputadotaveirajr.com.br\/index.php\/ifrn-oferece-389-vagas-em-cursos-tecnicos-e-de-especializacao\/#breadcrumb\",\"itemListElement\":[{\"@type\":\"ListItem\",\"position\":1,\"name\":\"In\u00edcio\",\"item\":\"https:\/\/deputadotaveirajr.com.br\/\"},{\"@type\":\"ListItem\",\"position\":2,\"name\":\"IFRN oferece 389 vagas em cursos t\u00e9cnicos e de especializa\u00e7\u00e3o\"}]},{\"@type\":\"WebSite\",\"@id\":\"https:\/\/deputadotaveirajr.com.br\/#website\",\"url\":\"https:\/\/deputadotaveirajr.com.br\/\",\"name\":\"Taveira Jr\",\"description\":\"Deputado Estadual\",\"publisher\":{\"@id\":\"https:\/\/deputadotaveirajr.com.br\/#organization\"},\"potentialAction\":[{\"@type\":\"SearchAction\",\"target\":{\"@type\":\"EntryPoint\",\"urlTemplate\":\"https:\/\/deputadotaveirajr.com.br\/?s={search_term_string}\"},\"query-input\":{\"@type\":\"PropertyValueSpecification\",\"valueRequired\":true,\"valueName\":\"search_term_string\"}}],\"inLanguage\":\"pt-BR\"},{\"@type\":\"Organization\",\"@id\":\"https:\/\/deputadotaveirajr.com.br\/#organization\",\"name\":\"Taveira Jr\",\"url\":\"https:\/\/deputadotaveirajr.com.br\/\",\"logo\":{\"@type\":\"ImageObject\",\"inLanguage\":\"pt-BR\",\"@id\":\"https:\/\/deputadotaveirajr.com.br\/#\/schema\/logo\/image\/\",\"url\":\"https:\/\/deputadotaveirajr.com.br\/wp-content\/uploads\/2026\/01\/logolow2a.png\",\"contentUrl\":\"https:\/\/deputadotaveirajr.com.br\/wp-content\/uploads\/2026\/01\/logolow2a.png\",\"width\":290,\"height\":80,\"caption\":\"Taveira Jr\"},\"image\":{\"@id\":\"https:\/\/deputadotaveirajr.com.br\/#\/schema\/logo\/image\/\"}}]}<\/script>\n<!-- \/ Yoast SEO plugin. -->","yoast_head_json":{"title":"IFRN oferece 389 vagas em cursos t\u00e9cnicos e de especializa\u00e7\u00e3o - Taveira Jr","robots":{"index":"index","follow":"follow","max-snippet":"max-snippet:-1","max-image-preview":"max-image-preview:large","max-video-preview":"max-video-preview:-1"},"canonical":"https:\/\/deputadotaveirajr.com.br\/index.php\/ifrn-oferece-389-vagas-em-cursos-tecnicos-e-de-especializacao\/","og_locale":"pt_BR","og_type":"article","og_title":"IFRN oferece 389 vagas em cursos t\u00e9cnicos e de especializa\u00e7\u00e3o - Taveira Jr","og_description":"IFRN Mossor\u00f3 Divulga\u00e7\u00e3o O Instituto Federal do Rio Grande do Norte (IFRN) abriu inscri\u00e7\u00f5es para vagas em cursos t\u00e9cnicos subsequentes e de especializa\u00e7\u00e3o. Ao todo, s\u00e3o: 194 vagas para cursos ...","og_url":"https:\/\/deputadotaveirajr.com.br\/index.php\/ifrn-oferece-389-vagas-em-cursos-tecnicos-e-de-especializacao\/","og_site_name":"Taveira Jr","og_image":[{"url":"https:\/\/s2-g1.glbimg.com\/QX58zlLQnz4lS7uPE22_cg12i5U=\/i.s3.glbimg.com\/v1\/AUTH_59edd422c0c84a879bd37670ae4f538a\/internal_photos\/bs\/2025\/0\/p\/uG0XviRPeFxxutOPqIVg\/ifrn-mossoro.jpg","type":"","width":"","height":""}],"twitter_card":"summary_large_image","twitter_misc":{"Est. tempo de leitura":"2 minutos"},"schema":{"@context":"https:\/\/schema.org","@graph":[{"@type":"WebPage","@id":"https:\/\/deputadotaveirajr.com.br\/index.php\/ifrn-oferece-389-vagas-em-cursos-tecnicos-e-de-especializacao\/","url":"https:\/\/deputadotaveirajr.com.br\/index.php\/ifrn-oferece-389-vagas-em-cursos-tecnicos-e-de-especializacao\/","name":"IFRN oferece 389 vagas em cursos t\u00e9cnicos e de especializa\u00e7\u00e3o - Taveira Jr","isPartOf":{"@id":"https:\/\/deputadotaveirajr.com.br\/#website"},"primaryImageOfPage":{"@id":"https:\/\/deputadotaveirajr.com.br\/index.php\/ifrn-oferece-389-vagas-em-cursos-tecnicos-e-de-especializacao\/#primaryimage"},"image":{"@id":"https:\/\/deputadotaveirajr.com.br\/index.php\/ifrn-oferece-389-vagas-em-cursos-tecnicos-e-de-especializacao\/#primaryimage"},"thumbnailUrl":"https:\/\/deputadotaveirajr.com.br\/wp-content\/uploads\/2025\/08\/ifrn-mossoro-EG4o4E.jpg","datePublished":"2025-08-29T19:22:39+00:00","breadcrumb":{"@id":"https:\/\/deputadotaveirajr.com.br\/index.php\/ifrn-oferece-389-vagas-em-cursos-tecnicos-e-de-especializacao\/#breadcrumb"},"inLanguage":"pt-BR","potentialAction":[{"@type":"ReadAction","target":["https:\/\/deputadotaveirajr.com.br\/index.php\/ifrn-oferece-389-vagas-em-cursos-tecnicos-e-de-especializacao\/"]}]},{"@type":"ImageObject","inLanguage":"pt-BR","@id":"https:\/\/deputadotaveirajr.com.br\/index.php\/ifrn-oferece-389-vagas-em-cursos-tecnicos-e-de-especializacao\/#primaryimage","url":"https:\/\/deputadotaveirajr.com.br\/wp-content\/uploads\/2025\/08\/ifrn-mossoro-EG4o4E.jpg","contentUrl":"https:\/\/deputadotaveirajr.com.br\/wp-content\/uploads\/2025\/08\/ifrn-mossoro-EG4o4E.jpg","width":1200,"height":568},{"@type":"BreadcrumbList","@id":"https:\/\/deputadotaveirajr.com.br\/index.php\/ifrn-oferece-389-vagas-em-cursos-tecnicos-e-de-especializacao\/#breadcrumb","itemListElement":[{"@type":"ListItem","position":1,"name":"In\u00edcio","item":"https:\/\/deputadotaveirajr.com.br\/"},{"@type":"ListItem","position":2,"name":"IFRN oferece 389 vagas em cursos t\u00e9cnicos e de especializa\u00e7\u00e3o"}]},{"@type":"WebSite","@id":"https:\/\/deputadotaveirajr.com.br\/#website","url":"https:\/\/deputadotaveirajr.com.br\/","name":"Taveira Jr","description":"Deputado Estadual","publisher":{"@id":"https:\/\/deputadotaveirajr.com.br\/#organization"},"potentialAction":[{"@type":"SearchAction","target":{"@type":"EntryPoint","urlTemplate":"https:\/\/deputadotaveirajr.com.br\/?s={search_term_string}"},"query-input":{"@type":"PropertyValueSpecification","valueRequired":true,"valueName":"search_term_string"}}],"inLanguage":"pt-BR"},{"@type":"Organization","@id":"https:\/\/deputadotaveirajr.com.br\/#organization","name":"Taveira Jr","url":"https:\/\/deputadotaveirajr.com.br\/","logo":{"@type":"ImageObject","inLanguage":"pt-BR","@id":"https:\/\/deputadotaveirajr.com.br\/#\/schema\/logo\/image\/","url":"https:\/\/deputadotaveirajr.com.br\/wp-content\/uploads\/2026\/01\/logolow2a.png","contentUrl":"https:\/\/deputadotaveirajr.com.br\/wp-content\/uploads\/2026\/01\/logolow2a.png","width":290,"height":80,"caption":"Taveira Jr"},"image":{"@id":"https:\/\/deputadotaveirajr.com.br\/#\/schema\/logo\/image\/"}}]}},"_links":{"self":[{"href":"https:\/\/deputadotaveirajr.com.br\/index.php\/wp-json\/wp\/v2\/pages\/13995","targetHints":{"allow":["GET"]}}],"collection":[{"href":"https:\/\/deputadotaveirajr.com.br\/index.php\/wp-json\/wp\/v2\/pages"}],"about":[{"href":"https:\/\/deputadotaveirajr.com.br\/index.php\/wp-json\/wp\/v2\/types\/page"}],"replies":[{"embeddable":true,"href":"https:\/\/deputadotaveirajr.com.br\/index.php\/wp-json\/wp\/v2\/comments?post=13995"}],"version-history":[{"count":0,"href":"https:\/\/deputadotaveirajr.com.br\/index.php\/wp-json\/wp\/v2\/pages\/13995\/revisions"}],"wp:featuredmedia":[{"embeddable":true,"href":"https:\/\/deputadotaveirajr.com.br\/index.php\/wp-json\/wp\/v2\/media\/13996"}],"wp:attachment":[{"href":"https:\/\/deputadotaveirajr.com.br\/index.php\/wp-json\/wp\/v2\/media?parent=13995"}],"curies":[{"name":"wp","href":"https:\/\/api.w.org\/{rel}","templated":true}]}}