{"id":13999,"date":"2025-08-29T11:45:20","date_gmt":"2025-08-29T14:45:20","guid":{"rendered":"https:\/\/deputadotaveirajr.com.br\/index.php\/potiguar-de-11-anos-disputa-vaga-em-final-de-competicao-nacional-de-covers\/"},"modified":"2025-08-29T11:45:20","modified_gmt":"2025-08-29T14:45:20","slug":"potiguar-de-11-anos-disputa-vaga-em-final-de-competicao-nacional-de-covers","status":"publish","type":"page","link":"https:\/\/deputadotaveirajr.com.br\/index.php\/potiguar-de-11-anos-disputa-vaga-em-final-de-competicao-nacional-de-covers\/","title":{"rendered":"Potiguar de 11 anos disputa vaga em final de competi\u00e7\u00e3o nacional de covers"},"content":{"rendered":"<p><img decoding=\"async\" src=\"https:\/\/s2-g1.glbimg.com\/Eo5iNpbCg7zJ-B-qrYWTlAca8f4=\/i.s3.glbimg.com\/v1\/AUTH_59edd422c0c84a879bd37670ae4f538a\/internal_photos\/bs\/2025\/W\/6\/oWPD1DQveVAqN6SAyyEA\/design-sem-nome-7-.jpg\" \/><br \/>     Potiguar de 11 anos disputa vaga em final de competi\u00e7\u00e3o nacional de covers<br \/>\nA cantora potiguar Layla Marry, de 11 anos, chegou \u00e0 semifinal da maior Batalha de Covers Gospel do Brasil, o Projeto Solta Voz. Natural de S\u00e3o Francisco do Oeste, no interior do Rio Grande do Norte, ela \u00e9 a \u00fanica representante do estado na disputa nacional.<br \/>\nO concurso re\u00fane candidatos de v\u00e1rias regi\u00f5es do Brasil. A vaga na final garante ao vencedor a grava\u00e7\u00e3o de um clipe gospel profissional na cidade de S\u00e3o Paulo.<br \/>\n\ud83d\udcf3 Clique aqui para seguir o canal do g1 RN no WhatsApp<br \/>\nSegundo o pai, Nelson Mandela, a liga\u00e7\u00e3o da filha com a m\u00fasica come\u00e7ou cedo. \u201cA Layla come\u00e7ou a cantar muito novinha, com apenas 3 aninhos. Foi nessa idade que ela aprendeu suas primeiras m\u00fasicas gospel, e desde ent\u00e3o, a m\u00fasica passou a fazer parte do dia a dia dela. A gente percebia que n\u00e3o era s\u00f3 uma brincadeira de crian\u00e7a, ela sentia realmente o que cantava\u201d, contou.<br \/>\nCom 6 anos, a menina j\u00e1 se apresentava na igreja. Para o pai, a vaga na competi\u00e7\u00e3o \u00e9 motivo de grande emo\u00e7\u00e3o e orgulho.<br \/>\n\u201c\u00c9 uma alegria imensa e um orgulho que n\u00e3o cabe no peito. Ver a nossa filha, t\u00e3o jovem, chegar a uma semifinal nacional representando o Rio Grande do Norte \u00e9 algo que jamais imaginamos t\u00e3o cedo. Desde pequena, a Layla sempre foi dedicada, talentosa e cheia de f\u00e9, e ver esse reconhecimento a n\u00edvel nacional \u00e9 a confirma\u00e7\u00e3o de que ela est\u00e1 no caminho certo. Para a nossa fam\u00edlia, significa mais do que um resultado, \u00e9 a realiza\u00e7\u00e3o de um sonho, \u00e9 fruto de muito amor, ora\u00e7\u00e3o, esfor\u00e7o e apoio.\u201d, disse.<br \/>\nA rotina de Layla envolve uma concilia\u00e7\u00e3o entre estudos e m\u00fasica, para que ela possa aperfei\u00e7oar seu talento sem comprometer as obriga\u00e7\u00f5es.<br \/>\n\u201cEla estuda no turno da tarde e, nas manh\u00e3s, viaja at\u00e9 Pau dos Ferros, onde faz aulas de canto, teclado e viol\u00e3o, al\u00e9m de participar do coral da Secretaria de Cultura. Aqui no munic\u00edpio, ela tamb\u00e9m integra com muito orgulho a banda marcial&#8221;, explica o pai.<br \/>\nA competi\u00e7\u00e3o tem car\u00e1ter eliminat\u00f3rio e os finalistas ser\u00e3o definidos por meio de vota\u00e7\u00e3o popular. A cada etapa, os candidatos precisam mobilizar seguidores e apoiadores para garantir a perman\u00eancia.<br \/>\nNo caso de Layla, a vota\u00e7\u00e3o est\u00e1 aberta a partir deste s\u00e1bado (30), ao meio-dia, pelo perfil oficial da disputa e tamb\u00e9m perfil da cantora.<br \/>\n\u201cIndependente do resultado, esperamos que essa experi\u00eancia traga para a Layla muito aprendizado, crescimento e fortalecimento da f\u00e9. Mais do que vencer, queremos que ela veja essa trajet\u00f3ria como um caminho de amor, dedica\u00e7\u00e3o e supera\u00e7\u00e3o\u201d, declarou o pai.<br \/>\nPotiguar de 11 anos chega \u00e0 semifinal da Batalha de Covers Gospel nacional<br \/>\nCedida<br \/>\nVeja os v\u00eddeos mais assistidos do g1 RN<\/p>","protected":false},"excerpt":{"rendered":"<p>Potiguar de 11 anos disputa vaga em final de competi\u00e7\u00e3o nacional de covers A cantora potiguar Layla Marry, de 11 anos, chegou \u00e0 semifinal da maior Batalha de Covers Gospel &#8230;<\/p>\n","protected":false},"author":0,"featured_media":14000,"parent":0,"menu_order":0,"comment_status":"closed","ping_status":"closed","template":"","meta":{"footnotes":""},"class_list":["post-13999","page","type-page","status-publish","has-post-thumbnail","hentry"],"yoast_head":"<!-- This site is optimized with the Yoast SEO plugin v27.1.1 - https:\/\/yoast.com\/product\/yoast-seo-wordpress\/ -->\n<title>Potiguar de 11 anos disputa vaga em final de competi\u00e7\u00e3o nacional de covers - Taveira Jr<\/title>\n<meta name=\"robots\" content=\"index, follow, max-snippet:-1, max-image-preview:large, max-video-preview:-1\" \/>\n<link rel=\"canonical\" href=\"https:\/\/deputadotaveirajr.com.br\/index.php\/potiguar-de-11-anos-disputa-vaga-em-final-de-competicao-nacional-de-covers\/\" \/>\n<meta property=\"og:locale\" content=\"pt_BR\" \/>\n<meta property=\"og:type\" content=\"article\" \/>\n<meta property=\"og:title\" content=\"Potiguar de 11 anos disputa vaga em final de competi\u00e7\u00e3o nacional de covers - Taveira Jr\" \/>\n<meta property=\"og:description\" content=\"Potiguar de 11 anos disputa vaga em final de competi\u00e7\u00e3o nacional de covers A cantora potiguar Layla Marry, de 11 anos, chegou \u00e0 semifinal da maior Batalha de Covers Gospel ...\" \/>\n<meta property=\"og:url\" content=\"https:\/\/deputadotaveirajr.com.br\/index.php\/potiguar-de-11-anos-disputa-vaga-em-final-de-competicao-nacional-de-covers\/\" \/>\n<meta property=\"og:site_name\" content=\"Taveira Jr\" \/>\n<meta property=\"og:image\" content=\"https:\/\/s2-g1.glbimg.com\/Eo5iNpbCg7zJ-B-qrYWTlAca8f4=\/i.s3.glbimg.com\/v1\/AUTH_59edd422c0c84a879bd37670ae4f538a\/internal_photos\/bs\/2025\/W\/6\/oWPD1DQveVAqN6SAyyEA\/design-sem-nome-7-.jpg\" \/>\n<meta name=\"twitter:card\" content=\"summary_large_image\" \/>\n<meta name=\"twitter:label1\" content=\"Est. tempo de leitura\" \/>\n\t<meta name=\"twitter:data1\" content=\"2 minutos\" \/>\n<script type=\"application\/ld+json\" class=\"yoast-schema-graph\">{\"@context\":\"https:\/\/schema.org\",\"@graph\":[{\"@type\":\"WebPage\",\"@id\":\"https:\/\/deputadotaveirajr.com.br\/index.php\/potiguar-de-11-anos-disputa-vaga-em-final-de-competicao-nacional-de-covers\/\",\"url\":\"https:\/\/deputadotaveirajr.com.br\/index.php\/potiguar-de-11-anos-disputa-vaga-em-final-de-competicao-nacional-de-covers\/\",\"name\":\"Potiguar de 11 anos disputa vaga em final de competi\u00e7\u00e3o nacional de covers - Taveira Jr\",\"isPartOf\":{\"@id\":\"https:\/\/deputadotaveirajr.com.br\/#website\"},\"primaryImageOfPage\":{\"@id\":\"https:\/\/deputadotaveirajr.com.br\/index.php\/potiguar-de-11-anos-disputa-vaga-em-final-de-competicao-nacional-de-covers\/#primaryimage\"},\"image\":{\"@id\":\"https:\/\/deputadotaveirajr.com.br\/index.php\/potiguar-de-11-anos-disputa-vaga-em-final-de-competicao-nacional-de-covers\/#primaryimage\"},\"thumbnailUrl\":\"https:\/\/deputadotaveirajr.com.br\/wp-content\/uploads\/2025\/08\/design-sem-nome-7-ZfS6uy.jpg\",\"datePublished\":\"2025-08-29T14:45:20+00:00\",\"breadcrumb\":{\"@id\":\"https:\/\/deputadotaveirajr.com.br\/index.php\/potiguar-de-11-anos-disputa-vaga-em-final-de-competicao-nacional-de-covers\/#breadcrumb\"},\"inLanguage\":\"pt-BR\",\"potentialAction\":[{\"@type\":\"ReadAction\",\"target\":[\"https:\/\/deputadotaveirajr.com.br\/index.php\/potiguar-de-11-anos-disputa-vaga-em-final-de-competicao-nacional-de-covers\/\"]}]},{\"@type\":\"ImageObject\",\"inLanguage\":\"pt-BR\",\"@id\":\"https:\/\/deputadotaveirajr.com.br\/index.php\/potiguar-de-11-anos-disputa-vaga-em-final-de-competicao-nacional-de-covers\/#primaryimage\",\"url\":\"https:\/\/deputadotaveirajr.com.br\/wp-content\/uploads\/2025\/08\/design-sem-nome-7-ZfS6uy.jpg\",\"contentUrl\":\"https:\/\/deputadotaveirajr.com.br\/wp-content\/uploads\/2025\/08\/design-sem-nome-7-ZfS6uy.jpg\",\"width\":1920,\"height\":1080},{\"@type\":\"BreadcrumbList\",\"@id\":\"https:\/\/deputadotaveirajr.com.br\/index.php\/potiguar-de-11-anos-disputa-vaga-em-final-de-competicao-nacional-de-covers\/#breadcrumb\",\"itemListElement\":[{\"@type\":\"ListItem\",\"position\":1,\"name\":\"In\u00edcio\",\"item\":\"https:\/\/deputadotaveirajr.com.br\/\"},{\"@type\":\"ListItem\",\"position\":2,\"name\":\"Potiguar de 11 anos disputa vaga em final de competi\u00e7\u00e3o nacional de covers\"}]},{\"@type\":\"WebSite\",\"@id\":\"https:\/\/deputadotaveirajr.com.br\/#website\",\"url\":\"https:\/\/deputadotaveirajr.com.br\/\",\"name\":\"Taveira Jr\",\"description\":\"Deputado Estadual\",\"publisher\":{\"@id\":\"https:\/\/deputadotaveirajr.com.br\/#organization\"},\"potentialAction\":[{\"@type\":\"SearchAction\",\"target\":{\"@type\":\"EntryPoint\",\"urlTemplate\":\"https:\/\/deputadotaveirajr.com.br\/?s={search_term_string}\"},\"query-input\":{\"@type\":\"PropertyValueSpecification\",\"valueRequired\":true,\"valueName\":\"search_term_string\"}}],\"inLanguage\":\"pt-BR\"},{\"@type\":\"Organization\",\"@id\":\"https:\/\/deputadotaveirajr.com.br\/#organization\",\"name\":\"Taveira Jr\",\"url\":\"https:\/\/deputadotaveirajr.com.br\/\",\"logo\":{\"@type\":\"ImageObject\",\"inLanguage\":\"pt-BR\",\"@id\":\"https:\/\/deputadotaveirajr.com.br\/#\/schema\/logo\/image\/\",\"url\":\"https:\/\/deputadotaveirajr.com.br\/wp-content\/uploads\/2026\/01\/logolow2a.png\",\"contentUrl\":\"https:\/\/deputadotaveirajr.com.br\/wp-content\/uploads\/2026\/01\/logolow2a.png\",\"width\":290,\"height\":80,\"caption\":\"Taveira Jr\"},\"image\":{\"@id\":\"https:\/\/deputadotaveirajr.com.br\/#\/schema\/logo\/image\/\"}}]}<\/script>\n<!-- \/ Yoast SEO plugin. -->","yoast_head_json":{"title":"Potiguar de 11 anos disputa vaga em final de competi\u00e7\u00e3o nacional de covers - Taveira Jr","robots":{"index":"index","follow":"follow","max-snippet":"max-snippet:-1","max-image-preview":"max-image-preview:large","max-video-preview":"max-video-preview:-1"},"canonical":"https:\/\/deputadotaveirajr.com.br\/index.php\/potiguar-de-11-anos-disputa-vaga-em-final-de-competicao-nacional-de-covers\/","og_locale":"pt_BR","og_type":"article","og_title":"Potiguar de 11 anos disputa vaga em final de competi\u00e7\u00e3o nacional de covers - Taveira Jr","og_description":"Potiguar de 11 anos disputa vaga em final de competi\u00e7\u00e3o nacional de covers A cantora potiguar Layla Marry, de 11 anos, chegou \u00e0 semifinal da maior Batalha de Covers Gospel ...","og_url":"https:\/\/deputadotaveirajr.com.br\/index.php\/potiguar-de-11-anos-disputa-vaga-em-final-de-competicao-nacional-de-covers\/","og_site_name":"Taveira Jr","og_image":[{"url":"https:\/\/s2-g1.glbimg.com\/Eo5iNpbCg7zJ-B-qrYWTlAca8f4=\/i.s3.glbimg.com\/v1\/AUTH_59edd422c0c84a879bd37670ae4f538a\/internal_photos\/bs\/2025\/W\/6\/oWPD1DQveVAqN6SAyyEA\/design-sem-nome-7-.jpg","type":"","width":"","height":""}],"twitter_card":"summary_large_image","twitter_misc":{"Est. tempo de leitura":"2 minutos"},"schema":{"@context":"https:\/\/schema.org","@graph":[{"@type":"WebPage","@id":"https:\/\/deputadotaveirajr.com.br\/index.php\/potiguar-de-11-anos-disputa-vaga-em-final-de-competicao-nacional-de-covers\/","url":"https:\/\/deputadotaveirajr.com.br\/index.php\/potiguar-de-11-anos-disputa-vaga-em-final-de-competicao-nacional-de-covers\/","name":"Potiguar de 11 anos disputa vaga em final de competi\u00e7\u00e3o nacional de covers - Taveira Jr","isPartOf":{"@id":"https:\/\/deputadotaveirajr.com.br\/#website"},"primaryImageOfPage":{"@id":"https:\/\/deputadotaveirajr.com.br\/index.php\/potiguar-de-11-anos-disputa-vaga-em-final-de-competicao-nacional-de-covers\/#primaryimage"},"image":{"@id":"https:\/\/deputadotaveirajr.com.br\/index.php\/potiguar-de-11-anos-disputa-vaga-em-final-de-competicao-nacional-de-covers\/#primaryimage"},"thumbnailUrl":"https:\/\/deputadotaveirajr.com.br\/wp-content\/uploads\/2025\/08\/design-sem-nome-7-ZfS6uy.jpg","datePublished":"2025-08-29T14:45:20+00:00","breadcrumb":{"@id":"https:\/\/deputadotaveirajr.com.br\/index.php\/potiguar-de-11-anos-disputa-vaga-em-final-de-competicao-nacional-de-covers\/#breadcrumb"},"inLanguage":"pt-BR","potentialAction":[{"@type":"ReadAction","target":["https:\/\/deputadotaveirajr.com.br\/index.php\/potiguar-de-11-anos-disputa-vaga-em-final-de-competicao-nacional-de-covers\/"]}]},{"@type":"ImageObject","inLanguage":"pt-BR","@id":"https:\/\/deputadotaveirajr.com.br\/index.php\/potiguar-de-11-anos-disputa-vaga-em-final-de-competicao-nacional-de-covers\/#primaryimage","url":"https:\/\/deputadotaveirajr.com.br\/wp-content\/uploads\/2025\/08\/design-sem-nome-7-ZfS6uy.jpg","contentUrl":"https:\/\/deputadotaveirajr.com.br\/wp-content\/uploads\/2025\/08\/design-sem-nome-7-ZfS6uy.jpg","width":1920,"height":1080},{"@type":"BreadcrumbList","@id":"https:\/\/deputadotaveirajr.com.br\/index.php\/potiguar-de-11-anos-disputa-vaga-em-final-de-competicao-nacional-de-covers\/#breadcrumb","itemListElement":[{"@type":"ListItem","position":1,"name":"In\u00edcio","item":"https:\/\/deputadotaveirajr.com.br\/"},{"@type":"ListItem","position":2,"name":"Potiguar de 11 anos disputa vaga em final de competi\u00e7\u00e3o nacional de covers"}]},{"@type":"WebSite","@id":"https:\/\/deputadotaveirajr.com.br\/#website","url":"https:\/\/deputadotaveirajr.com.br\/","name":"Taveira Jr","description":"Deputado Estadual","publisher":{"@id":"https:\/\/deputadotaveirajr.com.br\/#organization"},"potentialAction":[{"@type":"SearchAction","target":{"@type":"EntryPoint","urlTemplate":"https:\/\/deputadotaveirajr.com.br\/?s={search_term_string}"},"query-input":{"@type":"PropertyValueSpecification","valueRequired":true,"valueName":"search_term_string"}}],"inLanguage":"pt-BR"},{"@type":"Organization","@id":"https:\/\/deputadotaveirajr.com.br\/#organization","name":"Taveira Jr","url":"https:\/\/deputadotaveirajr.com.br\/","logo":{"@type":"ImageObject","inLanguage":"pt-BR","@id":"https:\/\/deputadotaveirajr.com.br\/#\/schema\/logo\/image\/","url":"https:\/\/deputadotaveirajr.com.br\/wp-content\/uploads\/2026\/01\/logolow2a.png","contentUrl":"https:\/\/deputadotaveirajr.com.br\/wp-content\/uploads\/2026\/01\/logolow2a.png","width":290,"height":80,"caption":"Taveira Jr"},"image":{"@id":"https:\/\/deputadotaveirajr.com.br\/#\/schema\/logo\/image\/"}}]}},"_links":{"self":[{"href":"https:\/\/deputadotaveirajr.com.br\/index.php\/wp-json\/wp\/v2\/pages\/13999","targetHints":{"allow":["GET"]}}],"collection":[{"href":"https:\/\/deputadotaveirajr.com.br\/index.php\/wp-json\/wp\/v2\/pages"}],"about":[{"href":"https:\/\/deputadotaveirajr.com.br\/index.php\/wp-json\/wp\/v2\/types\/page"}],"replies":[{"embeddable":true,"href":"https:\/\/deputadotaveirajr.com.br\/index.php\/wp-json\/wp\/v2\/comments?post=13999"}],"version-history":[{"count":0,"href":"https:\/\/deputadotaveirajr.com.br\/index.php\/wp-json\/wp\/v2\/pages\/13999\/revisions"}],"wp:featuredmedia":[{"embeddable":true,"href":"https:\/\/deputadotaveirajr.com.br\/index.php\/wp-json\/wp\/v2\/media\/14000"}],"wp:attachment":[{"href":"https:\/\/deputadotaveirajr.com.br\/index.php\/wp-json\/wp\/v2\/media?parent=13999"}],"curies":[{"name":"wp","href":"https:\/\/api.w.org\/{rel}","templated":true}]}}