{"id":14014,"date":"2025-09-01T10:03:46","date_gmt":"2025-09-01T13:03:46","guid":{"rendered":"https:\/\/deputadotaveirajr.com.br\/index.php\/morre-menina-de-6-anos-baleada-na-cabeca-durante-atentado-em-natal\/"},"modified":"2025-09-01T10:03:46","modified_gmt":"2025-09-01T13:03:46","slug":"morre-menina-de-6-anos-baleada-na-cabeca-durante-atentado-em-natal","status":"publish","type":"page","link":"https:\/\/deputadotaveirajr.com.br\/index.php\/morre-menina-de-6-anos-baleada-na-cabeca-durante-atentado-em-natal\/","title":{"rendered":"Morre menina de 6 anos baleada na cabe\u00e7a durante atentado em Natal"},"content":{"rendered":"<p><img decoding=\"async\" src=\"https:\/\/s2-g1.glbimg.com\/imPbYyJ8LZ5kNDpXbS-qPftubCk=\/i.s3.glbimg.com\/v1\/AUTH_59edd422c0c84a879bd37670ae4f538a\/internal_photos\/bs\/2025\/7\/J\/JrzaVMSBWSQ51rkEgeCw\/whatsapp-image-2025-09-01-at-09.50.06.jpeg\" \/><br \/>     Anny Lav\u00ednia Salvino Alves morreu no hospital ap\u00f3s ser baleada na cabe\u00e7a em Natal<br \/>\nCedida<br \/>\nA menina de 6 anos baleada na cabe\u00e7a durante um atentado na \u00faltima quinta (28) no bairro Nossa Senhora da Apresenta\u00e7\u00e3o, na Zona Norte de Natal, morreu neste domingo (31) no hospital.<br \/>\nAnny Lav\u00ednia Salvino Alves foi baleada dentro de casa junto com o pai. O homem morreu no local. A crian\u00e7a foi socorrida e levada para o Hospital Walfredo Gurgel onde passou por cirurgia e permaneceu internada at\u00e9 este domingo, quando faleceu.<br \/>\nA Pol\u00edcia Civil informou que, de acordo com informa\u00e7\u00f5es preliminares, o homem n\u00e3o possu\u00eda antecedentes criminais nem envolvimento com il\u00edcitos, mas acumulava d\u00edvidas com agiotas.<br \/>\n\ud83d\udcf3 Clique aqui para seguir o canal do g1 RN no WhatsApp<br \/>\nO crime<br \/>\nSegundo a Pol\u00edcia Militar, dois homens em uma moto chegaram ao local e atiraram contra o homem. Ele foi atingido por dois tiros e morreu no local. A filha dele foi baleada na cabe\u00e7a.<br \/>\nA crian\u00e7a foi socorrida inicialmente ao Hospital Santa Catarina e, em seguida, transferida em estado grav\u00edssimo para o Hospital Walfredo Gurgel.<br \/>\nSegundo informa\u00e7\u00f5es m\u00e9dicas, o tiro provocou uma hemorragia interna. Ap\u00f3s ser estabilizada, ela passou por uma descompress\u00e3o intracraniana e permaneceu internada.<br \/>\nO caso \u00e9 investigado pela Divis\u00e3o de Homic\u00eddios e Prote\u00e7\u00e3o \u00e0 Pessoa (DHPP).<br \/>\nMorre crianc\u0327a baleada na cabec\u0327a em Natal<br \/>\nV\u00cdDEOS: Mais vistos do RN<\/p>","protected":false},"excerpt":{"rendered":"<p>Anny Lav\u00ednia Salvino Alves morreu no hospital ap\u00f3s ser baleada na cabe\u00e7a em Natal Cedida A menina de 6 anos baleada na cabe\u00e7a durante um atentado na \u00faltima quinta (28) &#8230;<\/p>\n","protected":false},"author":0,"featured_media":14015,"parent":0,"menu_order":0,"comment_status":"closed","ping_status":"closed","template":"","meta":{"footnotes":""},"class_list":["post-14014","page","type-page","status-publish","has-post-thumbnail","hentry"],"yoast_head":"<!-- This site is optimized with the Yoast SEO plugin v27.1.1 - https:\/\/yoast.com\/product\/yoast-seo-wordpress\/ -->\n<title>Morre menina de 6 anos baleada na cabe\u00e7a durante atentado em Natal - Taveira Jr<\/title>\n<meta name=\"robots\" content=\"index, follow, max-snippet:-1, max-image-preview:large, max-video-preview:-1\" \/>\n<link rel=\"canonical\" href=\"https:\/\/deputadotaveirajr.com.br\/index.php\/morre-menina-de-6-anos-baleada-na-cabeca-durante-atentado-em-natal\/\" \/>\n<meta property=\"og:locale\" content=\"pt_BR\" \/>\n<meta property=\"og:type\" content=\"article\" \/>\n<meta property=\"og:title\" content=\"Morre menina de 6 anos baleada na cabe\u00e7a durante atentado em Natal - Taveira Jr\" \/>\n<meta property=\"og:description\" content=\"Anny Lav\u00ednia Salvino Alves morreu no hospital ap\u00f3s ser baleada na cabe\u00e7a em Natal Cedida A menina de 6 anos baleada na cabe\u00e7a durante um atentado na \u00faltima quinta (28) ...\" \/>\n<meta property=\"og:url\" content=\"https:\/\/deputadotaveirajr.com.br\/index.php\/morre-menina-de-6-anos-baleada-na-cabeca-durante-atentado-em-natal\/\" \/>\n<meta property=\"og:site_name\" content=\"Taveira Jr\" \/>\n<meta property=\"og:image\" content=\"https:\/\/s2-g1.glbimg.com\/imPbYyJ8LZ5kNDpXbS-qPftubCk=\/i.s3.glbimg.com\/v1\/AUTH_59edd422c0c84a879bd37670ae4f538a\/internal_photos\/bs\/2025\/7\/J\/JrzaVMSBWSQ51rkEgeCw\/whatsapp-image-2025-09-01-at-09.50.06.jpeg\" \/>\n<meta name=\"twitter:card\" content=\"summary_large_image\" \/>\n<meta name=\"twitter:label1\" content=\"Est. tempo de leitura\" \/>\n\t<meta name=\"twitter:data1\" content=\"1 minuto\" \/>\n<script type=\"application\/ld+json\" class=\"yoast-schema-graph\">{\"@context\":\"https:\/\/schema.org\",\"@graph\":[{\"@type\":\"WebPage\",\"@id\":\"https:\/\/deputadotaveirajr.com.br\/index.php\/morre-menina-de-6-anos-baleada-na-cabeca-durante-atentado-em-natal\/\",\"url\":\"https:\/\/deputadotaveirajr.com.br\/index.php\/morre-menina-de-6-anos-baleada-na-cabeca-durante-atentado-em-natal\/\",\"name\":\"Morre menina de 6 anos baleada na cabe\u00e7a durante atentado em Natal - Taveira Jr\",\"isPartOf\":{\"@id\":\"https:\/\/deputadotaveirajr.com.br\/#website\"},\"primaryImageOfPage\":{\"@id\":\"https:\/\/deputadotaveirajr.com.br\/index.php\/morre-menina-de-6-anos-baleada-na-cabeca-durante-atentado-em-natal\/#primaryimage\"},\"image\":{\"@id\":\"https:\/\/deputadotaveirajr.com.br\/index.php\/morre-menina-de-6-anos-baleada-na-cabeca-durante-atentado-em-natal\/#primaryimage\"},\"thumbnailUrl\":\"https:\/\/deputadotaveirajr.com.br\/wp-content\/uploads\/2025\/09\/whatsapp-image-2025-09-01-at-09.50.06-QgHjq5.jpg\",\"datePublished\":\"2025-09-01T13:03:46+00:00\",\"breadcrumb\":{\"@id\":\"https:\/\/deputadotaveirajr.com.br\/index.php\/morre-menina-de-6-anos-baleada-na-cabeca-durante-atentado-em-natal\/#breadcrumb\"},\"inLanguage\":\"pt-BR\",\"potentialAction\":[{\"@type\":\"ReadAction\",\"target\":[\"https:\/\/deputadotaveirajr.com.br\/index.php\/morre-menina-de-6-anos-baleada-na-cabeca-durante-atentado-em-natal\/\"]}]},{\"@type\":\"ImageObject\",\"inLanguage\":\"pt-BR\",\"@id\":\"https:\/\/deputadotaveirajr.com.br\/index.php\/morre-menina-de-6-anos-baleada-na-cabeca-durante-atentado-em-natal\/#primaryimage\",\"url\":\"https:\/\/deputadotaveirajr.com.br\/wp-content\/uploads\/2025\/09\/whatsapp-image-2025-09-01-at-09.50.06-QgHjq5.jpg\",\"contentUrl\":\"https:\/\/deputadotaveirajr.com.br\/wp-content\/uploads\/2025\/09\/whatsapp-image-2025-09-01-at-09.50.06-QgHjq5.jpg\",\"width\":1204,\"height\":1600},{\"@type\":\"BreadcrumbList\",\"@id\":\"https:\/\/deputadotaveirajr.com.br\/index.php\/morre-menina-de-6-anos-baleada-na-cabeca-durante-atentado-em-natal\/#breadcrumb\",\"itemListElement\":[{\"@type\":\"ListItem\",\"position\":1,\"name\":\"In\u00edcio\",\"item\":\"https:\/\/deputadotaveirajr.com.br\/\"},{\"@type\":\"ListItem\",\"position\":2,\"name\":\"Morre menina de 6 anos baleada na cabe\u00e7a durante atentado em Natal\"}]},{\"@type\":\"WebSite\",\"@id\":\"https:\/\/deputadotaveirajr.com.br\/#website\",\"url\":\"https:\/\/deputadotaveirajr.com.br\/\",\"name\":\"Taveira Jr\",\"description\":\"Deputado Estadual\",\"publisher\":{\"@id\":\"https:\/\/deputadotaveirajr.com.br\/#organization\"},\"potentialAction\":[{\"@type\":\"SearchAction\",\"target\":{\"@type\":\"EntryPoint\",\"urlTemplate\":\"https:\/\/deputadotaveirajr.com.br\/?s={search_term_string}\"},\"query-input\":{\"@type\":\"PropertyValueSpecification\",\"valueRequired\":true,\"valueName\":\"search_term_string\"}}],\"inLanguage\":\"pt-BR\"},{\"@type\":\"Organization\",\"@id\":\"https:\/\/deputadotaveirajr.com.br\/#organization\",\"name\":\"Taveira Jr\",\"url\":\"https:\/\/deputadotaveirajr.com.br\/\",\"logo\":{\"@type\":\"ImageObject\",\"inLanguage\":\"pt-BR\",\"@id\":\"https:\/\/deputadotaveirajr.com.br\/#\/schema\/logo\/image\/\",\"url\":\"https:\/\/deputadotaveirajr.com.br\/wp-content\/uploads\/2026\/01\/logolow2a.png\",\"contentUrl\":\"https:\/\/deputadotaveirajr.com.br\/wp-content\/uploads\/2026\/01\/logolow2a.png\",\"width\":290,\"height\":80,\"caption\":\"Taveira Jr\"},\"image\":{\"@id\":\"https:\/\/deputadotaveirajr.com.br\/#\/schema\/logo\/image\/\"}}]}<\/script>\n<!-- \/ Yoast SEO plugin. -->","yoast_head_json":{"title":"Morre menina de 6 anos baleada na cabe\u00e7a durante atentado em Natal - Taveira Jr","robots":{"index":"index","follow":"follow","max-snippet":"max-snippet:-1","max-image-preview":"max-image-preview:large","max-video-preview":"max-video-preview:-1"},"canonical":"https:\/\/deputadotaveirajr.com.br\/index.php\/morre-menina-de-6-anos-baleada-na-cabeca-durante-atentado-em-natal\/","og_locale":"pt_BR","og_type":"article","og_title":"Morre menina de 6 anos baleada na cabe\u00e7a durante atentado em Natal - Taveira Jr","og_description":"Anny Lav\u00ednia Salvino Alves morreu no hospital ap\u00f3s ser baleada na cabe\u00e7a em Natal Cedida A menina de 6 anos baleada na cabe\u00e7a durante um atentado na \u00faltima quinta (28) ...","og_url":"https:\/\/deputadotaveirajr.com.br\/index.php\/morre-menina-de-6-anos-baleada-na-cabeca-durante-atentado-em-natal\/","og_site_name":"Taveira Jr","og_image":[{"url":"https:\/\/s2-g1.glbimg.com\/imPbYyJ8LZ5kNDpXbS-qPftubCk=\/i.s3.glbimg.com\/v1\/AUTH_59edd422c0c84a879bd37670ae4f538a\/internal_photos\/bs\/2025\/7\/J\/JrzaVMSBWSQ51rkEgeCw\/whatsapp-image-2025-09-01-at-09.50.06.jpeg","type":"","width":"","height":""}],"twitter_card":"summary_large_image","twitter_misc":{"Est. tempo de leitura":"1 minuto"},"schema":{"@context":"https:\/\/schema.org","@graph":[{"@type":"WebPage","@id":"https:\/\/deputadotaveirajr.com.br\/index.php\/morre-menina-de-6-anos-baleada-na-cabeca-durante-atentado-em-natal\/","url":"https:\/\/deputadotaveirajr.com.br\/index.php\/morre-menina-de-6-anos-baleada-na-cabeca-durante-atentado-em-natal\/","name":"Morre menina de 6 anos baleada na cabe\u00e7a durante atentado em Natal - Taveira Jr","isPartOf":{"@id":"https:\/\/deputadotaveirajr.com.br\/#website"},"primaryImageOfPage":{"@id":"https:\/\/deputadotaveirajr.com.br\/index.php\/morre-menina-de-6-anos-baleada-na-cabeca-durante-atentado-em-natal\/#primaryimage"},"image":{"@id":"https:\/\/deputadotaveirajr.com.br\/index.php\/morre-menina-de-6-anos-baleada-na-cabeca-durante-atentado-em-natal\/#primaryimage"},"thumbnailUrl":"https:\/\/deputadotaveirajr.com.br\/wp-content\/uploads\/2025\/09\/whatsapp-image-2025-09-01-at-09.50.06-QgHjq5.jpg","datePublished":"2025-09-01T13:03:46+00:00","breadcrumb":{"@id":"https:\/\/deputadotaveirajr.com.br\/index.php\/morre-menina-de-6-anos-baleada-na-cabeca-durante-atentado-em-natal\/#breadcrumb"},"inLanguage":"pt-BR","potentialAction":[{"@type":"ReadAction","target":["https:\/\/deputadotaveirajr.com.br\/index.php\/morre-menina-de-6-anos-baleada-na-cabeca-durante-atentado-em-natal\/"]}]},{"@type":"ImageObject","inLanguage":"pt-BR","@id":"https:\/\/deputadotaveirajr.com.br\/index.php\/morre-menina-de-6-anos-baleada-na-cabeca-durante-atentado-em-natal\/#primaryimage","url":"https:\/\/deputadotaveirajr.com.br\/wp-content\/uploads\/2025\/09\/whatsapp-image-2025-09-01-at-09.50.06-QgHjq5.jpg","contentUrl":"https:\/\/deputadotaveirajr.com.br\/wp-content\/uploads\/2025\/09\/whatsapp-image-2025-09-01-at-09.50.06-QgHjq5.jpg","width":1204,"height":1600},{"@type":"BreadcrumbList","@id":"https:\/\/deputadotaveirajr.com.br\/index.php\/morre-menina-de-6-anos-baleada-na-cabeca-durante-atentado-em-natal\/#breadcrumb","itemListElement":[{"@type":"ListItem","position":1,"name":"In\u00edcio","item":"https:\/\/deputadotaveirajr.com.br\/"},{"@type":"ListItem","position":2,"name":"Morre menina de 6 anos baleada na cabe\u00e7a durante atentado em Natal"}]},{"@type":"WebSite","@id":"https:\/\/deputadotaveirajr.com.br\/#website","url":"https:\/\/deputadotaveirajr.com.br\/","name":"Taveira Jr","description":"Deputado Estadual","publisher":{"@id":"https:\/\/deputadotaveirajr.com.br\/#organization"},"potentialAction":[{"@type":"SearchAction","target":{"@type":"EntryPoint","urlTemplate":"https:\/\/deputadotaveirajr.com.br\/?s={search_term_string}"},"query-input":{"@type":"PropertyValueSpecification","valueRequired":true,"valueName":"search_term_string"}}],"inLanguage":"pt-BR"},{"@type":"Organization","@id":"https:\/\/deputadotaveirajr.com.br\/#organization","name":"Taveira Jr","url":"https:\/\/deputadotaveirajr.com.br\/","logo":{"@type":"ImageObject","inLanguage":"pt-BR","@id":"https:\/\/deputadotaveirajr.com.br\/#\/schema\/logo\/image\/","url":"https:\/\/deputadotaveirajr.com.br\/wp-content\/uploads\/2026\/01\/logolow2a.png","contentUrl":"https:\/\/deputadotaveirajr.com.br\/wp-content\/uploads\/2026\/01\/logolow2a.png","width":290,"height":80,"caption":"Taveira Jr"},"image":{"@id":"https:\/\/deputadotaveirajr.com.br\/#\/schema\/logo\/image\/"}}]}},"_links":{"self":[{"href":"https:\/\/deputadotaveirajr.com.br\/index.php\/wp-json\/wp\/v2\/pages\/14014","targetHints":{"allow":["GET"]}}],"collection":[{"href":"https:\/\/deputadotaveirajr.com.br\/index.php\/wp-json\/wp\/v2\/pages"}],"about":[{"href":"https:\/\/deputadotaveirajr.com.br\/index.php\/wp-json\/wp\/v2\/types\/page"}],"replies":[{"embeddable":true,"href":"https:\/\/deputadotaveirajr.com.br\/index.php\/wp-json\/wp\/v2\/comments?post=14014"}],"version-history":[{"count":0,"href":"https:\/\/deputadotaveirajr.com.br\/index.php\/wp-json\/wp\/v2\/pages\/14014\/revisions"}],"wp:featuredmedia":[{"embeddable":true,"href":"https:\/\/deputadotaveirajr.com.br\/index.php\/wp-json\/wp\/v2\/media\/14015"}],"wp:attachment":[{"href":"https:\/\/deputadotaveirajr.com.br\/index.php\/wp-json\/wp\/v2\/media?parent=14014"}],"curies":[{"name":"wp","href":"https:\/\/api.w.org\/{rel}","templated":true}]}}