{"id":14018,"date":"2025-09-02T09:10:37","date_gmt":"2025-09-02T12:10:37","guid":{"rendered":"https:\/\/deputadotaveirajr.com.br\/index.php\/secretaria-de-mobilidade-cassa-95-permissoes-do-transporte-opcional-em-natal\/"},"modified":"2025-09-02T09:10:37","modified_gmt":"2025-09-02T12:10:37","slug":"secretaria-de-mobilidade-cassa-95-permissoes-do-transporte-opcional-em-natal","status":"publish","type":"page","link":"https:\/\/deputadotaveirajr.com.br\/index.php\/secretaria-de-mobilidade-cassa-95-permissoes-do-transporte-opcional-em-natal\/","title":{"rendered":"Secretaria de Mobilidade cassa 95 permiss\u00f5es do transporte opcional em Natal"},"content":{"rendered":"<p><img decoding=\"async\" src=\"https:\/\/s2-g1.glbimg.com\/kKF85Wpmv9OfXlgVQwnq1HPlc6U=\/i.s3.glbimg.com\/v1\/AUTH_59edd422c0c84a879bd37670ae4f538a\/internal_photos\/bs\/2025\/g\/g\/qz0ZJMRh6yLy7yQvGcLg\/whatsapp-image-2025-09-02-at-09.04.12.jpeg\" \/><br \/>     STTU cassa 95 permiss\u00f5es de transporte opcional<br \/>\nA Secretaria Municipal de Mobilidade Urbana de Natal (STTU) cassou 95 permiss\u00f5es do transporte p\u00fablico opcional de forma definitiva. O n\u00famero representa 50% do total de opcionais que eram autorizados a circular. A decis\u00e3o foi publicada no Di\u00e1rio Oficial do Munic\u00edpio.<br \/>\nSegundo a STTU, a medida atinge permission\u00e1rios que n\u00e3o realizaram a vistoria veicular obrigat\u00f3ria nem a atualiza\u00e7\u00e3o cadastral previstas na opera\u00e7\u00e3o \u201cRodar Legal N\u00e3o \u00e9 Opcional\u201d, lan\u00e7ada em junho.<br \/>\nO prazo inicial era de 60 dias, contados a partir de 10 de junho, para agendamento eletr\u00f4nico das vistorias e regulariza\u00e7\u00e3o documental.<br \/>\n\ud83d\udcf3 Clique aqui para seguir o canal do g1 RN no WhatsApp<br \/>\nEm 8 de agosto, ap\u00f3s a greve dos servidores do Detran\/RN, o prazo foi prorrogado por mais 10 dias, estendendo a data final para cerca de 20 de agosto. Ainda de acordo com a secretaria, quem n\u00e3o compareceu dentro do prazo perdeu a permiss\u00e3o e n\u00e3o poder\u00e1 mais circular legalmente como transporte opcional em Natal.<br \/>\n\u201cN\u00f3s fizemos um checklist para que cada permission\u00e1rio tivesse a oportunidade de se regularizar. Essas cassa\u00e7\u00f5es foram de quem realmente n\u00e3o conseguiu sanar os itens previstos em lei para que o opcional pudesse continuar operando\u201d, afirmou o secret\u00e1rio adjunto da STTU, Saulo Spinelly.<br \/>\nNatal possui 189 permiss\u00f5es para o transporte opcional, mas 95 foram cassadas por irregularidades na documenta\u00e7\u00e3o. A prefeitura informou que o servi\u00e7o n\u00e3o foi afetado porque os itiner\u00e1rios das linhas em opera\u00e7\u00e3o foram ampliados.<br \/>\n\u201cA popula\u00e7\u00e3o n\u00e3o ser\u00e1 prejudicada, o transporte opcional ser\u00e1 mantido em todas as linhas. Quem teve a permiss\u00e3o cassada n\u00e3o receber\u00e1 uma nova autoriza\u00e7\u00e3o, j\u00e1 que estamos em processo de licita\u00e7\u00e3o do transporte municipal\u201d, completou Spinelly.<br \/>\nDe acordo com a secretaria, ve\u00edculos que passaram na vistoria receberam um selo no para-brisa, indicando regulariza\u00e7\u00e3o junto \u00e0 STTU. Esses aceitam o pagamento da passagem por meio do NatalCard. J\u00e1 os irregulares n\u00e3o t\u00eam o selo e ficam impedidos de rodar.<br \/>\nO Sindicato do Transporte Opcional P\u00fablico de Passageiros do RN informou que s\u00f3 vai se pronunciar ap\u00f3s manifesta\u00e7\u00e3o das cooperativas.<br \/>\nSecretaria de Mobilidade cassa 95 permiss\u00f5es do transporte opcional em Natal<br \/>\nVinicius Marinho\/Inter TV Cabugi<br \/>\nVeja os v\u00eddeos mais assistidos do g1 RN<br \/>\na<\/p>","protected":false},"excerpt":{"rendered":"<p>STTU cassa 95 permiss\u00f5es de transporte opcional A Secretaria Municipal de Mobilidade Urbana de Natal (STTU) cassou 95 permiss\u00f5es do transporte p\u00fablico opcional de forma definitiva. O n\u00famero representa 50% &#8230;<\/p>\n","protected":false},"author":0,"featured_media":14019,"parent":0,"menu_order":0,"comment_status":"closed","ping_status":"closed","template":"","meta":{"footnotes":""},"class_list":["post-14018","page","type-page","status-publish","has-post-thumbnail","hentry"],"yoast_head":"<!-- This site is optimized with the Yoast SEO plugin v27.1.1 - https:\/\/yoast.com\/product\/yoast-seo-wordpress\/ -->\n<title>Secretaria de Mobilidade cassa 95 permiss\u00f5es do transporte opcional em Natal - Taveira Jr<\/title>\n<meta name=\"robots\" content=\"index, follow, max-snippet:-1, max-image-preview:large, max-video-preview:-1\" \/>\n<link rel=\"canonical\" href=\"https:\/\/deputadotaveirajr.com.br\/index.php\/secretaria-de-mobilidade-cassa-95-permissoes-do-transporte-opcional-em-natal\/\" \/>\n<meta property=\"og:locale\" content=\"pt_BR\" \/>\n<meta property=\"og:type\" content=\"article\" \/>\n<meta property=\"og:title\" content=\"Secretaria de Mobilidade cassa 95 permiss\u00f5es do transporte opcional em Natal - Taveira Jr\" \/>\n<meta property=\"og:description\" content=\"STTU cassa 95 permiss\u00f5es de transporte opcional A Secretaria Municipal de Mobilidade Urbana de Natal (STTU) cassou 95 permiss\u00f5es do transporte p\u00fablico opcional de forma definitiva. O n\u00famero representa 50% ...\" \/>\n<meta property=\"og:url\" content=\"https:\/\/deputadotaveirajr.com.br\/index.php\/secretaria-de-mobilidade-cassa-95-permissoes-do-transporte-opcional-em-natal\/\" \/>\n<meta property=\"og:site_name\" content=\"Taveira Jr\" \/>\n<meta property=\"og:image\" content=\"https:\/\/s2-g1.glbimg.com\/kKF85Wpmv9OfXlgVQwnq1HPlc6U=\/i.s3.glbimg.com\/v1\/AUTH_59edd422c0c84a879bd37670ae4f538a\/internal_photos\/bs\/2025\/g\/g\/qz0ZJMRh6yLy7yQvGcLg\/whatsapp-image-2025-09-02-at-09.04.12.jpeg\" \/>\n<meta name=\"twitter:card\" content=\"summary_large_image\" \/>\n<meta name=\"twitter:label1\" content=\"Est. tempo de leitura\" \/>\n\t<meta name=\"twitter:data1\" content=\"2 minutos\" \/>\n<script type=\"application\/ld+json\" class=\"yoast-schema-graph\">{\"@context\":\"https:\/\/schema.org\",\"@graph\":[{\"@type\":\"WebPage\",\"@id\":\"https:\/\/deputadotaveirajr.com.br\/index.php\/secretaria-de-mobilidade-cassa-95-permissoes-do-transporte-opcional-em-natal\/\",\"url\":\"https:\/\/deputadotaveirajr.com.br\/index.php\/secretaria-de-mobilidade-cassa-95-permissoes-do-transporte-opcional-em-natal\/\",\"name\":\"Secretaria de Mobilidade cassa 95 permiss\u00f5es do transporte opcional em Natal - Taveira Jr\",\"isPartOf\":{\"@id\":\"https:\/\/deputadotaveirajr.com.br\/#website\"},\"primaryImageOfPage\":{\"@id\":\"https:\/\/deputadotaveirajr.com.br\/index.php\/secretaria-de-mobilidade-cassa-95-permissoes-do-transporte-opcional-em-natal\/#primaryimage\"},\"image\":{\"@id\":\"https:\/\/deputadotaveirajr.com.br\/index.php\/secretaria-de-mobilidade-cassa-95-permissoes-do-transporte-opcional-em-natal\/#primaryimage\"},\"thumbnailUrl\":\"https:\/\/deputadotaveirajr.com.br\/wp-content\/uploads\/2025\/09\/whatsapp-image-2025-09-02-at-09.04.12-cRlrQo.jpg\",\"datePublished\":\"2025-09-02T12:10:37+00:00\",\"breadcrumb\":{\"@id\":\"https:\/\/deputadotaveirajr.com.br\/index.php\/secretaria-de-mobilidade-cassa-95-permissoes-do-transporte-opcional-em-natal\/#breadcrumb\"},\"inLanguage\":\"pt-BR\",\"potentialAction\":[{\"@type\":\"ReadAction\",\"target\":[\"https:\/\/deputadotaveirajr.com.br\/index.php\/secretaria-de-mobilidade-cassa-95-permissoes-do-transporte-opcional-em-natal\/\"]}]},{\"@type\":\"ImageObject\",\"inLanguage\":\"pt-BR\",\"@id\":\"https:\/\/deputadotaveirajr.com.br\/index.php\/secretaria-de-mobilidade-cassa-95-permissoes-do-transporte-opcional-em-natal\/#primaryimage\",\"url\":\"https:\/\/deputadotaveirajr.com.br\/wp-content\/uploads\/2025\/09\/whatsapp-image-2025-09-02-at-09.04.12-cRlrQo.jpg\",\"contentUrl\":\"https:\/\/deputadotaveirajr.com.br\/wp-content\/uploads\/2025\/09\/whatsapp-image-2025-09-02-at-09.04.12-cRlrQo.jpg\",\"width\":1600,\"height\":900},{\"@type\":\"BreadcrumbList\",\"@id\":\"https:\/\/deputadotaveirajr.com.br\/index.php\/secretaria-de-mobilidade-cassa-95-permissoes-do-transporte-opcional-em-natal\/#breadcrumb\",\"itemListElement\":[{\"@type\":\"ListItem\",\"position\":1,\"name\":\"In\u00edcio\",\"item\":\"https:\/\/deputadotaveirajr.com.br\/\"},{\"@type\":\"ListItem\",\"position\":2,\"name\":\"Secretaria de Mobilidade cassa 95 permiss\u00f5es do transporte opcional em Natal\"}]},{\"@type\":\"WebSite\",\"@id\":\"https:\/\/deputadotaveirajr.com.br\/#website\",\"url\":\"https:\/\/deputadotaveirajr.com.br\/\",\"name\":\"Taveira Jr\",\"description\":\"Deputado Estadual\",\"publisher\":{\"@id\":\"https:\/\/deputadotaveirajr.com.br\/#organization\"},\"potentialAction\":[{\"@type\":\"SearchAction\",\"target\":{\"@type\":\"EntryPoint\",\"urlTemplate\":\"https:\/\/deputadotaveirajr.com.br\/?s={search_term_string}\"},\"query-input\":{\"@type\":\"PropertyValueSpecification\",\"valueRequired\":true,\"valueName\":\"search_term_string\"}}],\"inLanguage\":\"pt-BR\"},{\"@type\":\"Organization\",\"@id\":\"https:\/\/deputadotaveirajr.com.br\/#organization\",\"name\":\"Taveira Jr\",\"url\":\"https:\/\/deputadotaveirajr.com.br\/\",\"logo\":{\"@type\":\"ImageObject\",\"inLanguage\":\"pt-BR\",\"@id\":\"https:\/\/deputadotaveirajr.com.br\/#\/schema\/logo\/image\/\",\"url\":\"https:\/\/deputadotaveirajr.com.br\/wp-content\/uploads\/2026\/01\/logolow2a.png\",\"contentUrl\":\"https:\/\/deputadotaveirajr.com.br\/wp-content\/uploads\/2026\/01\/logolow2a.png\",\"width\":290,\"height\":80,\"caption\":\"Taveira Jr\"},\"image\":{\"@id\":\"https:\/\/deputadotaveirajr.com.br\/#\/schema\/logo\/image\/\"}}]}<\/script>\n<!-- \/ Yoast SEO plugin. -->","yoast_head_json":{"title":"Secretaria de Mobilidade cassa 95 permiss\u00f5es do transporte opcional em Natal - Taveira Jr","robots":{"index":"index","follow":"follow","max-snippet":"max-snippet:-1","max-image-preview":"max-image-preview:large","max-video-preview":"max-video-preview:-1"},"canonical":"https:\/\/deputadotaveirajr.com.br\/index.php\/secretaria-de-mobilidade-cassa-95-permissoes-do-transporte-opcional-em-natal\/","og_locale":"pt_BR","og_type":"article","og_title":"Secretaria de Mobilidade cassa 95 permiss\u00f5es do transporte opcional em Natal - Taveira Jr","og_description":"STTU cassa 95 permiss\u00f5es de transporte opcional A Secretaria Municipal de Mobilidade Urbana de Natal (STTU) cassou 95 permiss\u00f5es do transporte p\u00fablico opcional de forma definitiva. O n\u00famero representa 50% ...","og_url":"https:\/\/deputadotaveirajr.com.br\/index.php\/secretaria-de-mobilidade-cassa-95-permissoes-do-transporte-opcional-em-natal\/","og_site_name":"Taveira Jr","og_image":[{"url":"https:\/\/s2-g1.glbimg.com\/kKF85Wpmv9OfXlgVQwnq1HPlc6U=\/i.s3.glbimg.com\/v1\/AUTH_59edd422c0c84a879bd37670ae4f538a\/internal_photos\/bs\/2025\/g\/g\/qz0ZJMRh6yLy7yQvGcLg\/whatsapp-image-2025-09-02-at-09.04.12.jpeg","type":"","width":"","height":""}],"twitter_card":"summary_large_image","twitter_misc":{"Est. tempo de leitura":"2 minutos"},"schema":{"@context":"https:\/\/schema.org","@graph":[{"@type":"WebPage","@id":"https:\/\/deputadotaveirajr.com.br\/index.php\/secretaria-de-mobilidade-cassa-95-permissoes-do-transporte-opcional-em-natal\/","url":"https:\/\/deputadotaveirajr.com.br\/index.php\/secretaria-de-mobilidade-cassa-95-permissoes-do-transporte-opcional-em-natal\/","name":"Secretaria de Mobilidade cassa 95 permiss\u00f5es do transporte opcional em Natal - Taveira Jr","isPartOf":{"@id":"https:\/\/deputadotaveirajr.com.br\/#website"},"primaryImageOfPage":{"@id":"https:\/\/deputadotaveirajr.com.br\/index.php\/secretaria-de-mobilidade-cassa-95-permissoes-do-transporte-opcional-em-natal\/#primaryimage"},"image":{"@id":"https:\/\/deputadotaveirajr.com.br\/index.php\/secretaria-de-mobilidade-cassa-95-permissoes-do-transporte-opcional-em-natal\/#primaryimage"},"thumbnailUrl":"https:\/\/deputadotaveirajr.com.br\/wp-content\/uploads\/2025\/09\/whatsapp-image-2025-09-02-at-09.04.12-cRlrQo.jpg","datePublished":"2025-09-02T12:10:37+00:00","breadcrumb":{"@id":"https:\/\/deputadotaveirajr.com.br\/index.php\/secretaria-de-mobilidade-cassa-95-permissoes-do-transporte-opcional-em-natal\/#breadcrumb"},"inLanguage":"pt-BR","potentialAction":[{"@type":"ReadAction","target":["https:\/\/deputadotaveirajr.com.br\/index.php\/secretaria-de-mobilidade-cassa-95-permissoes-do-transporte-opcional-em-natal\/"]}]},{"@type":"ImageObject","inLanguage":"pt-BR","@id":"https:\/\/deputadotaveirajr.com.br\/index.php\/secretaria-de-mobilidade-cassa-95-permissoes-do-transporte-opcional-em-natal\/#primaryimage","url":"https:\/\/deputadotaveirajr.com.br\/wp-content\/uploads\/2025\/09\/whatsapp-image-2025-09-02-at-09.04.12-cRlrQo.jpg","contentUrl":"https:\/\/deputadotaveirajr.com.br\/wp-content\/uploads\/2025\/09\/whatsapp-image-2025-09-02-at-09.04.12-cRlrQo.jpg","width":1600,"height":900},{"@type":"BreadcrumbList","@id":"https:\/\/deputadotaveirajr.com.br\/index.php\/secretaria-de-mobilidade-cassa-95-permissoes-do-transporte-opcional-em-natal\/#breadcrumb","itemListElement":[{"@type":"ListItem","position":1,"name":"In\u00edcio","item":"https:\/\/deputadotaveirajr.com.br\/"},{"@type":"ListItem","position":2,"name":"Secretaria de Mobilidade cassa 95 permiss\u00f5es do transporte opcional em Natal"}]},{"@type":"WebSite","@id":"https:\/\/deputadotaveirajr.com.br\/#website","url":"https:\/\/deputadotaveirajr.com.br\/","name":"Taveira Jr","description":"Deputado Estadual","publisher":{"@id":"https:\/\/deputadotaveirajr.com.br\/#organization"},"potentialAction":[{"@type":"SearchAction","target":{"@type":"EntryPoint","urlTemplate":"https:\/\/deputadotaveirajr.com.br\/?s={search_term_string}"},"query-input":{"@type":"PropertyValueSpecification","valueRequired":true,"valueName":"search_term_string"}}],"inLanguage":"pt-BR"},{"@type":"Organization","@id":"https:\/\/deputadotaveirajr.com.br\/#organization","name":"Taveira Jr","url":"https:\/\/deputadotaveirajr.com.br\/","logo":{"@type":"ImageObject","inLanguage":"pt-BR","@id":"https:\/\/deputadotaveirajr.com.br\/#\/schema\/logo\/image\/","url":"https:\/\/deputadotaveirajr.com.br\/wp-content\/uploads\/2026\/01\/logolow2a.png","contentUrl":"https:\/\/deputadotaveirajr.com.br\/wp-content\/uploads\/2026\/01\/logolow2a.png","width":290,"height":80,"caption":"Taveira Jr"},"image":{"@id":"https:\/\/deputadotaveirajr.com.br\/#\/schema\/logo\/image\/"}}]}},"_links":{"self":[{"href":"https:\/\/deputadotaveirajr.com.br\/index.php\/wp-json\/wp\/v2\/pages\/14018","targetHints":{"allow":["GET"]}}],"collection":[{"href":"https:\/\/deputadotaveirajr.com.br\/index.php\/wp-json\/wp\/v2\/pages"}],"about":[{"href":"https:\/\/deputadotaveirajr.com.br\/index.php\/wp-json\/wp\/v2\/types\/page"}],"replies":[{"embeddable":true,"href":"https:\/\/deputadotaveirajr.com.br\/index.php\/wp-json\/wp\/v2\/comments?post=14018"}],"version-history":[{"count":0,"href":"https:\/\/deputadotaveirajr.com.br\/index.php\/wp-json\/wp\/v2\/pages\/14018\/revisions"}],"wp:featuredmedia":[{"embeddable":true,"href":"https:\/\/deputadotaveirajr.com.br\/index.php\/wp-json\/wp\/v2\/media\/14019"}],"wp:attachment":[{"href":"https:\/\/deputadotaveirajr.com.br\/index.php\/wp-json\/wp\/v2\/media?parent=14018"}],"curies":[{"name":"wp","href":"https:\/\/api.w.org\/{rel}","templated":true}]}}