{"id":14024,"date":"2025-09-02T13:41:11","date_gmt":"2025-09-02T16:41:11","guid":{"rendered":"https:\/\/deputadotaveirajr.com.br\/index.php\/mulher-e-presa-por-tentar-matar-filho-de-3-meses-para-se-vingar-do-companheiro-na-grande-natal\/"},"modified":"2025-09-02T13:41:11","modified_gmt":"2025-09-02T16:41:11","slug":"mulher-e-presa-por-tentar-matar-filho-de-3-meses-para-se-vingar-do-companheiro-na-grande-natal","status":"publish","type":"page","link":"https:\/\/deputadotaveirajr.com.br\/index.php\/mulher-e-presa-por-tentar-matar-filho-de-3-meses-para-se-vingar-do-companheiro-na-grande-natal\/","title":{"rendered":"Mulher \u00e9 presa por tentar matar filho de 3 meses para se vingar do companheiro na Grande Natal"},"content":{"rendered":"<p><img decoding=\"async\" src=\"https:\/\/s2-g1.glbimg.com\/K4SkeH28byrtJx_eVWFG62rniks=\/i.s3.glbimg.com\/v1\/AUTH_59edd422c0c84a879bd37670ae4f538a\/internal_photos\/bs\/2023\/f\/J\/GZ5KcoSoWFBeER2b2Vig\/whatsapp-image-2023-12-19-at-10.17.31.jpeg\" \/><br \/>     Mulher de 22 anos \u00e9 presa em Parnamirim por tentativa de homic\u00eddio do filho de 3 meses<br \/>\nFoto: Divulga\u00e7\u00e3o<br \/>\nA Pol\u00edcia Civil do Rio Grande do Norte prendeu, em flagrante, uma mulher de 22 anos suspeita de tentar matar o pr\u00f3prio filho, um beb\u00ea de 3 meses, por estrangulamento, em Parnamirim. O crime ocorreu por volta das 20h do domingo (31).<br \/>\nA m\u00e3e confessou que agiu para se vingar do companheiro, pai da crian\u00e7a, com quem mant\u00e9m um relacionamento de tr\u00eas anos marcado por viol\u00eancia dom\u00e9stica. O homem j\u00e1 havia sido preso antes por agress\u00e3o e descumprimento de medida protetiva.<br \/>\n\ud83d\udcf3 Clique aqui para seguir o canal do g1 RN no WhatsApp<br \/>\nDurante a pris\u00e3o, nesta segunda-feira (1\u00ba), a pol\u00edcia apreendeu v\u00eddeos, \u00e1udios e mensagens enviadas pela mulher ao companheiro, nos quais ela dizia que queria matar o beb\u00ea e, em seguida, se suicidar.<br \/>\nO beb\u00ea, que completou tr\u00eas meses no dia anterior, foi entregue a um familiar e apresentado ao Conselho Tutelar de Parnamirim.<br \/>\nO delegado respons\u00e1vel pelo caso, Emerson Valente, detalhou a investiga\u00e7\u00e3o: &#8220;Recebemos v\u00eddeos enviados pela m\u00e3e ao pai da crian\u00e7a, nos quais ela dizia que iria matar o filho e depois se matar. A m\u00e3e confessou o crime. Por isso, lavramos pris\u00e3o em flagrante&#8221;.<br \/>\nA mulher ser\u00e1 levada ainda nesta ter\u00e7a-feira (2) para audi\u00eancia de cust\u00f3dia, quando o Judici\u00e1rio decidir\u00e1 sobre sua situa\u00e7\u00e3o.<br \/>\nA Pol\u00edcia Civil pede que a popula\u00e7\u00e3o continue ajudando com informa\u00e7\u00f5es de forma an\u00f4nima pelo Disque 181.<br \/>\nVeja os v\u00eddeos mais assistidos do g1 RN<\/p>","protected":false},"excerpt":{"rendered":"<p>Mulher de 22 anos \u00e9 presa em Parnamirim por tentativa de homic\u00eddio do filho de 3 meses Foto: Divulga\u00e7\u00e3o A Pol\u00edcia Civil do Rio Grande do Norte prendeu, em flagrante, &#8230;<\/p>\n","protected":false},"author":0,"featured_media":14025,"parent":0,"menu_order":0,"comment_status":"closed","ping_status":"closed","template":"","meta":{"footnotes":""},"class_list":["post-14024","page","type-page","status-publish","has-post-thumbnail","hentry"],"yoast_head":"<!-- This site is optimized with the Yoast SEO plugin v27.1.1 - https:\/\/yoast.com\/product\/yoast-seo-wordpress\/ -->\n<title>Mulher \u00e9 presa por tentar matar filho de 3 meses para se vingar do companheiro na Grande Natal - Taveira Jr<\/title>\n<meta name=\"robots\" content=\"index, follow, max-snippet:-1, max-image-preview:large, max-video-preview:-1\" \/>\n<link rel=\"canonical\" href=\"https:\/\/deputadotaveirajr.com.br\/index.php\/mulher-e-presa-por-tentar-matar-filho-de-3-meses-para-se-vingar-do-companheiro-na-grande-natal\/\" \/>\n<meta property=\"og:locale\" content=\"pt_BR\" \/>\n<meta property=\"og:type\" content=\"article\" \/>\n<meta property=\"og:title\" content=\"Mulher \u00e9 presa por tentar matar filho de 3 meses para se vingar do companheiro na Grande Natal - Taveira Jr\" \/>\n<meta property=\"og:description\" content=\"Mulher de 22 anos \u00e9 presa em Parnamirim por tentativa de homic\u00eddio do filho de 3 meses Foto: Divulga\u00e7\u00e3o A Pol\u00edcia Civil do Rio Grande do Norte prendeu, em flagrante, ...\" \/>\n<meta property=\"og:url\" content=\"https:\/\/deputadotaveirajr.com.br\/index.php\/mulher-e-presa-por-tentar-matar-filho-de-3-meses-para-se-vingar-do-companheiro-na-grande-natal\/\" \/>\n<meta property=\"og:site_name\" content=\"Taveira Jr\" \/>\n<meta property=\"og:image\" content=\"https:\/\/s2-g1.glbimg.com\/K4SkeH28byrtJx_eVWFG62rniks=\/i.s3.glbimg.com\/v1\/AUTH_59edd422c0c84a879bd37670ae4f538a\/internal_photos\/bs\/2023\/f\/J\/GZ5KcoSoWFBeER2b2Vig\/whatsapp-image-2023-12-19-at-10.17.31.jpeg\" \/>\n<meta name=\"twitter:card\" content=\"summary_large_image\" \/>\n<meta name=\"twitter:label1\" content=\"Est. tempo de leitura\" \/>\n\t<meta name=\"twitter:data1\" content=\"1 minuto\" \/>\n<script type=\"application\/ld+json\" class=\"yoast-schema-graph\">{\"@context\":\"https:\/\/schema.org\",\"@graph\":[{\"@type\":\"WebPage\",\"@id\":\"https:\/\/deputadotaveirajr.com.br\/index.php\/mulher-e-presa-por-tentar-matar-filho-de-3-meses-para-se-vingar-do-companheiro-na-grande-natal\/\",\"url\":\"https:\/\/deputadotaveirajr.com.br\/index.php\/mulher-e-presa-por-tentar-matar-filho-de-3-meses-para-se-vingar-do-companheiro-na-grande-natal\/\",\"name\":\"Mulher \u00e9 presa por tentar matar filho de 3 meses para se vingar do companheiro na Grande Natal - Taveira Jr\",\"isPartOf\":{\"@id\":\"https:\/\/deputadotaveirajr.com.br\/#website\"},\"primaryImageOfPage\":{\"@id\":\"https:\/\/deputadotaveirajr.com.br\/index.php\/mulher-e-presa-por-tentar-matar-filho-de-3-meses-para-se-vingar-do-companheiro-na-grande-natal\/#primaryimage\"},\"image\":{\"@id\":\"https:\/\/deputadotaveirajr.com.br\/index.php\/mulher-e-presa-por-tentar-matar-filho-de-3-meses-para-se-vingar-do-companheiro-na-grande-natal\/#primaryimage\"},\"thumbnailUrl\":\"https:\/\/deputadotaveirajr.com.br\/wp-content\/uploads\/2025\/09\/whatsapp-image-2023-12-19-at-10.17.31-JE7g4D.jpg\",\"datePublished\":\"2025-09-02T16:41:11+00:00\",\"breadcrumb\":{\"@id\":\"https:\/\/deputadotaveirajr.com.br\/index.php\/mulher-e-presa-por-tentar-matar-filho-de-3-meses-para-se-vingar-do-companheiro-na-grande-natal\/#breadcrumb\"},\"inLanguage\":\"pt-BR\",\"potentialAction\":[{\"@type\":\"ReadAction\",\"target\":[\"https:\/\/deputadotaveirajr.com.br\/index.php\/mulher-e-presa-por-tentar-matar-filho-de-3-meses-para-se-vingar-do-companheiro-na-grande-natal\/\"]}]},{\"@type\":\"ImageObject\",\"inLanguage\":\"pt-BR\",\"@id\":\"https:\/\/deputadotaveirajr.com.br\/index.php\/mulher-e-presa-por-tentar-matar-filho-de-3-meses-para-se-vingar-do-companheiro-na-grande-natal\/#primaryimage\",\"url\":\"https:\/\/deputadotaveirajr.com.br\/wp-content\/uploads\/2025\/09\/whatsapp-image-2023-12-19-at-10.17.31-JE7g4D.jpg\",\"contentUrl\":\"https:\/\/deputadotaveirajr.com.br\/wp-content\/uploads\/2025\/09\/whatsapp-image-2023-12-19-at-10.17.31-JE7g4D.jpg\",\"width\":1280,\"height\":854},{\"@type\":\"BreadcrumbList\",\"@id\":\"https:\/\/deputadotaveirajr.com.br\/index.php\/mulher-e-presa-por-tentar-matar-filho-de-3-meses-para-se-vingar-do-companheiro-na-grande-natal\/#breadcrumb\",\"itemListElement\":[{\"@type\":\"ListItem\",\"position\":1,\"name\":\"In\u00edcio\",\"item\":\"https:\/\/deputadotaveirajr.com.br\/\"},{\"@type\":\"ListItem\",\"position\":2,\"name\":\"Mulher \u00e9 presa por tentar matar filho de 3 meses para se vingar do companheiro na Grande Natal\"}]},{\"@type\":\"WebSite\",\"@id\":\"https:\/\/deputadotaveirajr.com.br\/#website\",\"url\":\"https:\/\/deputadotaveirajr.com.br\/\",\"name\":\"Taveira Jr\",\"description\":\"Deputado Estadual\",\"publisher\":{\"@id\":\"https:\/\/deputadotaveirajr.com.br\/#organization\"},\"potentialAction\":[{\"@type\":\"SearchAction\",\"target\":{\"@type\":\"EntryPoint\",\"urlTemplate\":\"https:\/\/deputadotaveirajr.com.br\/?s={search_term_string}\"},\"query-input\":{\"@type\":\"PropertyValueSpecification\",\"valueRequired\":true,\"valueName\":\"search_term_string\"}}],\"inLanguage\":\"pt-BR\"},{\"@type\":\"Organization\",\"@id\":\"https:\/\/deputadotaveirajr.com.br\/#organization\",\"name\":\"Taveira Jr\",\"url\":\"https:\/\/deputadotaveirajr.com.br\/\",\"logo\":{\"@type\":\"ImageObject\",\"inLanguage\":\"pt-BR\",\"@id\":\"https:\/\/deputadotaveirajr.com.br\/#\/schema\/logo\/image\/\",\"url\":\"https:\/\/deputadotaveirajr.com.br\/wp-content\/uploads\/2026\/01\/logolow2a.png\",\"contentUrl\":\"https:\/\/deputadotaveirajr.com.br\/wp-content\/uploads\/2026\/01\/logolow2a.png\",\"width\":290,\"height\":80,\"caption\":\"Taveira Jr\"},\"image\":{\"@id\":\"https:\/\/deputadotaveirajr.com.br\/#\/schema\/logo\/image\/\"}}]}<\/script>\n<!-- \/ Yoast SEO plugin. -->","yoast_head_json":{"title":"Mulher \u00e9 presa por tentar matar filho de 3 meses para se vingar do companheiro na Grande Natal - Taveira Jr","robots":{"index":"index","follow":"follow","max-snippet":"max-snippet:-1","max-image-preview":"max-image-preview:large","max-video-preview":"max-video-preview:-1"},"canonical":"https:\/\/deputadotaveirajr.com.br\/index.php\/mulher-e-presa-por-tentar-matar-filho-de-3-meses-para-se-vingar-do-companheiro-na-grande-natal\/","og_locale":"pt_BR","og_type":"article","og_title":"Mulher \u00e9 presa por tentar matar filho de 3 meses para se vingar do companheiro na Grande Natal - Taveira Jr","og_description":"Mulher de 22 anos \u00e9 presa em Parnamirim por tentativa de homic\u00eddio do filho de 3 meses Foto: Divulga\u00e7\u00e3o A Pol\u00edcia Civil do Rio Grande do Norte prendeu, em flagrante, ...","og_url":"https:\/\/deputadotaveirajr.com.br\/index.php\/mulher-e-presa-por-tentar-matar-filho-de-3-meses-para-se-vingar-do-companheiro-na-grande-natal\/","og_site_name":"Taveira Jr","og_image":[{"url":"https:\/\/s2-g1.glbimg.com\/K4SkeH28byrtJx_eVWFG62rniks=\/i.s3.glbimg.com\/v1\/AUTH_59edd422c0c84a879bd37670ae4f538a\/internal_photos\/bs\/2023\/f\/J\/GZ5KcoSoWFBeER2b2Vig\/whatsapp-image-2023-12-19-at-10.17.31.jpeg","type":"","width":"","height":""}],"twitter_card":"summary_large_image","twitter_misc":{"Est. tempo de leitura":"1 minuto"},"schema":{"@context":"https:\/\/schema.org","@graph":[{"@type":"WebPage","@id":"https:\/\/deputadotaveirajr.com.br\/index.php\/mulher-e-presa-por-tentar-matar-filho-de-3-meses-para-se-vingar-do-companheiro-na-grande-natal\/","url":"https:\/\/deputadotaveirajr.com.br\/index.php\/mulher-e-presa-por-tentar-matar-filho-de-3-meses-para-se-vingar-do-companheiro-na-grande-natal\/","name":"Mulher \u00e9 presa por tentar matar filho de 3 meses para se vingar do companheiro na Grande Natal - Taveira Jr","isPartOf":{"@id":"https:\/\/deputadotaveirajr.com.br\/#website"},"primaryImageOfPage":{"@id":"https:\/\/deputadotaveirajr.com.br\/index.php\/mulher-e-presa-por-tentar-matar-filho-de-3-meses-para-se-vingar-do-companheiro-na-grande-natal\/#primaryimage"},"image":{"@id":"https:\/\/deputadotaveirajr.com.br\/index.php\/mulher-e-presa-por-tentar-matar-filho-de-3-meses-para-se-vingar-do-companheiro-na-grande-natal\/#primaryimage"},"thumbnailUrl":"https:\/\/deputadotaveirajr.com.br\/wp-content\/uploads\/2025\/09\/whatsapp-image-2023-12-19-at-10.17.31-JE7g4D.jpg","datePublished":"2025-09-02T16:41:11+00:00","breadcrumb":{"@id":"https:\/\/deputadotaveirajr.com.br\/index.php\/mulher-e-presa-por-tentar-matar-filho-de-3-meses-para-se-vingar-do-companheiro-na-grande-natal\/#breadcrumb"},"inLanguage":"pt-BR","potentialAction":[{"@type":"ReadAction","target":["https:\/\/deputadotaveirajr.com.br\/index.php\/mulher-e-presa-por-tentar-matar-filho-de-3-meses-para-se-vingar-do-companheiro-na-grande-natal\/"]}]},{"@type":"ImageObject","inLanguage":"pt-BR","@id":"https:\/\/deputadotaveirajr.com.br\/index.php\/mulher-e-presa-por-tentar-matar-filho-de-3-meses-para-se-vingar-do-companheiro-na-grande-natal\/#primaryimage","url":"https:\/\/deputadotaveirajr.com.br\/wp-content\/uploads\/2025\/09\/whatsapp-image-2023-12-19-at-10.17.31-JE7g4D.jpg","contentUrl":"https:\/\/deputadotaveirajr.com.br\/wp-content\/uploads\/2025\/09\/whatsapp-image-2023-12-19-at-10.17.31-JE7g4D.jpg","width":1280,"height":854},{"@type":"BreadcrumbList","@id":"https:\/\/deputadotaveirajr.com.br\/index.php\/mulher-e-presa-por-tentar-matar-filho-de-3-meses-para-se-vingar-do-companheiro-na-grande-natal\/#breadcrumb","itemListElement":[{"@type":"ListItem","position":1,"name":"In\u00edcio","item":"https:\/\/deputadotaveirajr.com.br\/"},{"@type":"ListItem","position":2,"name":"Mulher \u00e9 presa por tentar matar filho de 3 meses para se vingar do companheiro na Grande Natal"}]},{"@type":"WebSite","@id":"https:\/\/deputadotaveirajr.com.br\/#website","url":"https:\/\/deputadotaveirajr.com.br\/","name":"Taveira Jr","description":"Deputado Estadual","publisher":{"@id":"https:\/\/deputadotaveirajr.com.br\/#organization"},"potentialAction":[{"@type":"SearchAction","target":{"@type":"EntryPoint","urlTemplate":"https:\/\/deputadotaveirajr.com.br\/?s={search_term_string}"},"query-input":{"@type":"PropertyValueSpecification","valueRequired":true,"valueName":"search_term_string"}}],"inLanguage":"pt-BR"},{"@type":"Organization","@id":"https:\/\/deputadotaveirajr.com.br\/#organization","name":"Taveira Jr","url":"https:\/\/deputadotaveirajr.com.br\/","logo":{"@type":"ImageObject","inLanguage":"pt-BR","@id":"https:\/\/deputadotaveirajr.com.br\/#\/schema\/logo\/image\/","url":"https:\/\/deputadotaveirajr.com.br\/wp-content\/uploads\/2026\/01\/logolow2a.png","contentUrl":"https:\/\/deputadotaveirajr.com.br\/wp-content\/uploads\/2026\/01\/logolow2a.png","width":290,"height":80,"caption":"Taveira Jr"},"image":{"@id":"https:\/\/deputadotaveirajr.com.br\/#\/schema\/logo\/image\/"}}]}},"_links":{"self":[{"href":"https:\/\/deputadotaveirajr.com.br\/index.php\/wp-json\/wp\/v2\/pages\/14024","targetHints":{"allow":["GET"]}}],"collection":[{"href":"https:\/\/deputadotaveirajr.com.br\/index.php\/wp-json\/wp\/v2\/pages"}],"about":[{"href":"https:\/\/deputadotaveirajr.com.br\/index.php\/wp-json\/wp\/v2\/types\/page"}],"replies":[{"embeddable":true,"href":"https:\/\/deputadotaveirajr.com.br\/index.php\/wp-json\/wp\/v2\/comments?post=14024"}],"version-history":[{"count":0,"href":"https:\/\/deputadotaveirajr.com.br\/index.php\/wp-json\/wp\/v2\/pages\/14024\/revisions"}],"wp:featuredmedia":[{"embeddable":true,"href":"https:\/\/deputadotaveirajr.com.br\/index.php\/wp-json\/wp\/v2\/media\/14025"}],"wp:attachment":[{"href":"https:\/\/deputadotaveirajr.com.br\/index.php\/wp-json\/wp\/v2\/media?parent=14024"}],"curies":[{"name":"wp","href":"https:\/\/api.w.org\/{rel}","templated":true}]}}