{"id":14037,"date":"2025-09-02T17:02:36","date_gmt":"2025-09-02T20:02:36","guid":{"rendered":"https:\/\/deputadotaveirajr.com.br\/index.php\/ifrn-divulga-edital-com-3-708-vagas-em-cursos-tecnicos-integrados-ao-ensino-medio\/"},"modified":"2025-09-02T17:02:36","modified_gmt":"2025-09-02T20:02:36","slug":"ifrn-divulga-edital-com-3-708-vagas-em-cursos-tecnicos-integrados-ao-ensino-medio","status":"publish","type":"page","link":"https:\/\/deputadotaveirajr.com.br\/index.php\/ifrn-divulga-edital-com-3-708-vagas-em-cursos-tecnicos-integrados-ao-ensino-medio\/","title":{"rendered":"IFRN divulga edital com 3.708 vagas em cursos t\u00e9cnicos integrados ao Ensino M\u00e9dio"},"content":{"rendered":"<p><img decoding=\"async\" src=\"https:\/\/s2-g1.glbimg.com\/DQbId2TucMmyk7fdxNr_Hheeh8E=\/i.s3.glbimg.com\/v1\/AUTH_59edd422c0c84a879bd37670ae4f538a\/internal_photos\/bs\/2023\/8\/I\/lqe28VSXKTji0Qw8LVLw\/campus-canguaretama.png\" \/><br \/>     Campus do IFRN em Canguaretama, no Litoral Sul potiguar<br \/>\nBruno Gomes<br \/>\nO Instituto Federal do Rio Grande do Norte (IFRN) lan\u00e7ou o edital referente ao processo seletivo para os Cursos T\u00e9cnicos Integrados ao Ensino M\u00e9dio, com ingresso em 2026. Ao todo, est\u00e3o sendo ofertadas 3.708 vagas, distribu\u00eddas em 21 campi da institui\u00e7\u00e3o espalhados pelo estado.<br \/>\nO quadro de vagas contempla cursos em \u00e1reas como Inform\u00e1tica, Eletrot\u00e9cnica, Qu\u00edmica, Edifica\u00e7\u00f5es, Agropecu\u00e1ria, Alimentos, Minera\u00e7\u00e3o, entre outras forma\u00e7\u00f5es que integram ensino m\u00e9dio e t\u00e9cnico. A oferta est\u00e1 distribu\u00edda de acordo com o perfil de cada campus, garantindo diversidade de op\u00e7\u00f5es \u00e0s pessoas candidatas.<br \/>\n\ud83d\udcf3 Clique aqui para seguir o canal do g1 RN no WhatsApp<br \/>\nInscri\u00e7\u00f5es e isen\u00e7\u00e3o<br \/>\nAs inscri\u00e7\u00f5es estar\u00e3o abertas a partir das 14h de 5 de setembro at\u00e9 6 de outubro de 2025, na p\u00e1gina da Funda\u00e7\u00e3o de Apoio \u00e0 Educa\u00e7\u00e3o e ao Desenvolvimento Tecnol\u00f3gico do RN (Funcern), respons\u00e1vel por todas as etapas da sele\u00e7\u00e3o. O valor da taxa de inscri\u00e7\u00e3o \u00e9 R$ 50, com possibilidade de isen\u00e7\u00e3o.<br \/>\nA solicita\u00e7\u00e3o de isen\u00e7\u00e3o da taxa de inscri\u00e7\u00e3o poder\u00e1 ser feita no per\u00edodo de 5 a 18 de setembro deste ano. O benef\u00edcio \u00e9 destinado a estudantes inscritos no Cadastro \u00danico para Programas Sociais do Governo Federal (Cad\u00danico) e pertencentes a fam\u00edlias de baixa renda.<br \/>\nO resultado preliminar e o resultado final dos pedidos de isen\u00e7\u00e3o ser\u00e3o divulgados na \u00c1rea do Candidato, no portal da Funcern.<br \/>\nSobre a sele\u00e7\u00e3o<br \/>\nO processo seletivo ser\u00e1 composto por provas de L\u00edngua Portuguesa, Matem\u00e1tica e uma Produ\u00e7\u00e3o Textual Escrita, abrangendo conte\u00fados do Ensino Fundamental. As avalia\u00e7\u00f5es ter\u00e3o dura\u00e7\u00e3o de quatro horas e ser\u00e3o aplicadas nos munic\u00edpios onde funcionam os cursos. A pessoa candidata dever\u00e1 comparecer ao local de prova com documento oficial de identifica\u00e7\u00e3o e o cart\u00e3o de inscri\u00e7\u00e3o impresso.<br \/>\nAl\u00e9m da ampla concorr\u00eancia, o edital prev\u00ea reserva de vagas por meio da pol\u00edtica de cotas, contemplando estudantes de escolas p\u00fablicas, pessoas com defici\u00eancia, candidatos de baixa renda, quilombolas e autodeclarados pretos, pardos e ind\u00edgenas, conforme a legisla\u00e7\u00e3o vigente.<br \/>\nO resultado final levar\u00e1 em conta o desempenho nas provas objetivas e na produ\u00e7\u00e3o textual, com divulga\u00e7\u00e3o prevista para o dia 22 de dezembro deste ano nos portais do IFRN e da Funcern.<br \/>\nD\u00favidas e informa\u00e7\u00f5es sobre o processo seletivo podem ser esclarecidas pela Funcern, pelo e-mail: inscricoesifrn@funcern.br; ou pelo WhatsApp (84) 99172-8830, dispon\u00edvel de segunda a sexta-feira, das 8h \u00e0s 17h.<\/p>","protected":false},"excerpt":{"rendered":"<p>Campus do IFRN em Canguaretama, no Litoral Sul potiguar Bruno Gomes O Instituto Federal do Rio Grande do Norte (IFRN) lan\u00e7ou o edital referente ao processo seletivo para os Cursos &#8230;<\/p>\n","protected":false},"author":0,"featured_media":14038,"parent":0,"menu_order":0,"comment_status":"closed","ping_status":"closed","template":"","meta":{"footnotes":""},"class_list":["post-14037","page","type-page","status-publish","has-post-thumbnail","hentry"],"yoast_head":"<!-- This site is optimized with the Yoast SEO plugin v27.1.1 - https:\/\/yoast.com\/product\/yoast-seo-wordpress\/ -->\n<title>IFRN divulga edital com 3.708 vagas em cursos t\u00e9cnicos integrados ao Ensino M\u00e9dio - Taveira Jr<\/title>\n<meta name=\"robots\" content=\"index, follow, max-snippet:-1, max-image-preview:large, max-video-preview:-1\" \/>\n<link rel=\"canonical\" href=\"https:\/\/deputadotaveirajr.com.br\/index.php\/ifrn-divulga-edital-com-3-708-vagas-em-cursos-tecnicos-integrados-ao-ensino-medio\/\" \/>\n<meta property=\"og:locale\" content=\"pt_BR\" \/>\n<meta property=\"og:type\" content=\"article\" \/>\n<meta property=\"og:title\" content=\"IFRN divulga edital com 3.708 vagas em cursos t\u00e9cnicos integrados ao Ensino M\u00e9dio - Taveira Jr\" \/>\n<meta property=\"og:description\" content=\"Campus do IFRN em Canguaretama, no Litoral Sul potiguar Bruno Gomes O Instituto Federal do Rio Grande do Norte (IFRN) lan\u00e7ou o edital referente ao processo seletivo para os Cursos ...\" \/>\n<meta property=\"og:url\" content=\"https:\/\/deputadotaveirajr.com.br\/index.php\/ifrn-divulga-edital-com-3-708-vagas-em-cursos-tecnicos-integrados-ao-ensino-medio\/\" \/>\n<meta property=\"og:site_name\" content=\"Taveira Jr\" \/>\n<meta property=\"og:image\" content=\"https:\/\/s2-g1.glbimg.com\/DQbId2TucMmyk7fdxNr_Hheeh8E=\/i.s3.glbimg.com\/v1\/AUTH_59edd422c0c84a879bd37670ae4f538a\/internal_photos\/bs\/2023\/8\/I\/lqe28VSXKTji0Qw8LVLw\/campus-canguaretama.png\" \/>\n<meta name=\"twitter:card\" content=\"summary_large_image\" \/>\n<meta name=\"twitter:label1\" content=\"Est. tempo de leitura\" \/>\n\t<meta name=\"twitter:data1\" content=\"2 minutos\" \/>\n<script type=\"application\/ld+json\" class=\"yoast-schema-graph\">{\"@context\":\"https:\/\/schema.org\",\"@graph\":[{\"@type\":\"WebPage\",\"@id\":\"https:\/\/deputadotaveirajr.com.br\/index.php\/ifrn-divulga-edital-com-3-708-vagas-em-cursos-tecnicos-integrados-ao-ensino-medio\/\",\"url\":\"https:\/\/deputadotaveirajr.com.br\/index.php\/ifrn-divulga-edital-com-3-708-vagas-em-cursos-tecnicos-integrados-ao-ensino-medio\/\",\"name\":\"IFRN divulga edital com 3.708 vagas em cursos t\u00e9cnicos integrados ao Ensino M\u00e9dio - Taveira Jr\",\"isPartOf\":{\"@id\":\"https:\/\/deputadotaveirajr.com.br\/#website\"},\"primaryImageOfPage\":{\"@id\":\"https:\/\/deputadotaveirajr.com.br\/index.php\/ifrn-divulga-edital-com-3-708-vagas-em-cursos-tecnicos-integrados-ao-ensino-medio\/#primaryimage\"},\"image\":{\"@id\":\"https:\/\/deputadotaveirajr.com.br\/index.php\/ifrn-divulga-edital-com-3-708-vagas-em-cursos-tecnicos-integrados-ao-ensino-medio\/#primaryimage\"},\"thumbnailUrl\":\"https:\/\/deputadotaveirajr.com.br\/wp-content\/uploads\/2025\/09\/campus-canguaretama-w0gY3b.jpg\",\"datePublished\":\"2025-09-02T20:02:36+00:00\",\"breadcrumb\":{\"@id\":\"https:\/\/deputadotaveirajr.com.br\/index.php\/ifrn-divulga-edital-com-3-708-vagas-em-cursos-tecnicos-integrados-ao-ensino-medio\/#breadcrumb\"},\"inLanguage\":\"pt-BR\",\"potentialAction\":[{\"@type\":\"ReadAction\",\"target\":[\"https:\/\/deputadotaveirajr.com.br\/index.php\/ifrn-divulga-edital-com-3-708-vagas-em-cursos-tecnicos-integrados-ao-ensino-medio\/\"]}]},{\"@type\":\"ImageObject\",\"inLanguage\":\"pt-BR\",\"@id\":\"https:\/\/deputadotaveirajr.com.br\/index.php\/ifrn-divulga-edital-com-3-708-vagas-em-cursos-tecnicos-integrados-ao-ensino-medio\/#primaryimage\",\"url\":\"https:\/\/deputadotaveirajr.com.br\/wp-content\/uploads\/2025\/09\/campus-canguaretama-w0gY3b.jpg\",\"contentUrl\":\"https:\/\/deputadotaveirajr.com.br\/wp-content\/uploads\/2025\/09\/campus-canguaretama-w0gY3b.jpg\",\"width\":955,\"height\":507},{\"@type\":\"BreadcrumbList\",\"@id\":\"https:\/\/deputadotaveirajr.com.br\/index.php\/ifrn-divulga-edital-com-3-708-vagas-em-cursos-tecnicos-integrados-ao-ensino-medio\/#breadcrumb\",\"itemListElement\":[{\"@type\":\"ListItem\",\"position\":1,\"name\":\"In\u00edcio\",\"item\":\"https:\/\/deputadotaveirajr.com.br\/\"},{\"@type\":\"ListItem\",\"position\":2,\"name\":\"IFRN divulga edital com 3.708 vagas em cursos t\u00e9cnicos integrados ao Ensino M\u00e9dio\"}]},{\"@type\":\"WebSite\",\"@id\":\"https:\/\/deputadotaveirajr.com.br\/#website\",\"url\":\"https:\/\/deputadotaveirajr.com.br\/\",\"name\":\"Taveira Jr\",\"description\":\"Deputado Estadual\",\"publisher\":{\"@id\":\"https:\/\/deputadotaveirajr.com.br\/#organization\"},\"potentialAction\":[{\"@type\":\"SearchAction\",\"target\":{\"@type\":\"EntryPoint\",\"urlTemplate\":\"https:\/\/deputadotaveirajr.com.br\/?s={search_term_string}\"},\"query-input\":{\"@type\":\"PropertyValueSpecification\",\"valueRequired\":true,\"valueName\":\"search_term_string\"}}],\"inLanguage\":\"pt-BR\"},{\"@type\":\"Organization\",\"@id\":\"https:\/\/deputadotaveirajr.com.br\/#organization\",\"name\":\"Taveira Jr\",\"url\":\"https:\/\/deputadotaveirajr.com.br\/\",\"logo\":{\"@type\":\"ImageObject\",\"inLanguage\":\"pt-BR\",\"@id\":\"https:\/\/deputadotaveirajr.com.br\/#\/schema\/logo\/image\/\",\"url\":\"https:\/\/deputadotaveirajr.com.br\/wp-content\/uploads\/2026\/01\/logolow2a.png\",\"contentUrl\":\"https:\/\/deputadotaveirajr.com.br\/wp-content\/uploads\/2026\/01\/logolow2a.png\",\"width\":290,\"height\":80,\"caption\":\"Taveira Jr\"},\"image\":{\"@id\":\"https:\/\/deputadotaveirajr.com.br\/#\/schema\/logo\/image\/\"}}]}<\/script>\n<!-- \/ Yoast SEO plugin. -->","yoast_head_json":{"title":"IFRN divulga edital com 3.708 vagas em cursos t\u00e9cnicos integrados ao Ensino M\u00e9dio - Taveira Jr","robots":{"index":"index","follow":"follow","max-snippet":"max-snippet:-1","max-image-preview":"max-image-preview:large","max-video-preview":"max-video-preview:-1"},"canonical":"https:\/\/deputadotaveirajr.com.br\/index.php\/ifrn-divulga-edital-com-3-708-vagas-em-cursos-tecnicos-integrados-ao-ensino-medio\/","og_locale":"pt_BR","og_type":"article","og_title":"IFRN divulga edital com 3.708 vagas em cursos t\u00e9cnicos integrados ao Ensino M\u00e9dio - Taveira Jr","og_description":"Campus do IFRN em Canguaretama, no Litoral Sul potiguar Bruno Gomes O Instituto Federal do Rio Grande do Norte (IFRN) lan\u00e7ou o edital referente ao processo seletivo para os Cursos ...","og_url":"https:\/\/deputadotaveirajr.com.br\/index.php\/ifrn-divulga-edital-com-3-708-vagas-em-cursos-tecnicos-integrados-ao-ensino-medio\/","og_site_name":"Taveira Jr","og_image":[{"url":"https:\/\/s2-g1.glbimg.com\/DQbId2TucMmyk7fdxNr_Hheeh8E=\/i.s3.glbimg.com\/v1\/AUTH_59edd422c0c84a879bd37670ae4f538a\/internal_photos\/bs\/2023\/8\/I\/lqe28VSXKTji0Qw8LVLw\/campus-canguaretama.png","type":"","width":"","height":""}],"twitter_card":"summary_large_image","twitter_misc":{"Est. tempo de leitura":"2 minutos"},"schema":{"@context":"https:\/\/schema.org","@graph":[{"@type":"WebPage","@id":"https:\/\/deputadotaveirajr.com.br\/index.php\/ifrn-divulga-edital-com-3-708-vagas-em-cursos-tecnicos-integrados-ao-ensino-medio\/","url":"https:\/\/deputadotaveirajr.com.br\/index.php\/ifrn-divulga-edital-com-3-708-vagas-em-cursos-tecnicos-integrados-ao-ensino-medio\/","name":"IFRN divulga edital com 3.708 vagas em cursos t\u00e9cnicos integrados ao Ensino M\u00e9dio - Taveira Jr","isPartOf":{"@id":"https:\/\/deputadotaveirajr.com.br\/#website"},"primaryImageOfPage":{"@id":"https:\/\/deputadotaveirajr.com.br\/index.php\/ifrn-divulga-edital-com-3-708-vagas-em-cursos-tecnicos-integrados-ao-ensino-medio\/#primaryimage"},"image":{"@id":"https:\/\/deputadotaveirajr.com.br\/index.php\/ifrn-divulga-edital-com-3-708-vagas-em-cursos-tecnicos-integrados-ao-ensino-medio\/#primaryimage"},"thumbnailUrl":"https:\/\/deputadotaveirajr.com.br\/wp-content\/uploads\/2025\/09\/campus-canguaretama-w0gY3b.jpg","datePublished":"2025-09-02T20:02:36+00:00","breadcrumb":{"@id":"https:\/\/deputadotaveirajr.com.br\/index.php\/ifrn-divulga-edital-com-3-708-vagas-em-cursos-tecnicos-integrados-ao-ensino-medio\/#breadcrumb"},"inLanguage":"pt-BR","potentialAction":[{"@type":"ReadAction","target":["https:\/\/deputadotaveirajr.com.br\/index.php\/ifrn-divulga-edital-com-3-708-vagas-em-cursos-tecnicos-integrados-ao-ensino-medio\/"]}]},{"@type":"ImageObject","inLanguage":"pt-BR","@id":"https:\/\/deputadotaveirajr.com.br\/index.php\/ifrn-divulga-edital-com-3-708-vagas-em-cursos-tecnicos-integrados-ao-ensino-medio\/#primaryimage","url":"https:\/\/deputadotaveirajr.com.br\/wp-content\/uploads\/2025\/09\/campus-canguaretama-w0gY3b.jpg","contentUrl":"https:\/\/deputadotaveirajr.com.br\/wp-content\/uploads\/2025\/09\/campus-canguaretama-w0gY3b.jpg","width":955,"height":507},{"@type":"BreadcrumbList","@id":"https:\/\/deputadotaveirajr.com.br\/index.php\/ifrn-divulga-edital-com-3-708-vagas-em-cursos-tecnicos-integrados-ao-ensino-medio\/#breadcrumb","itemListElement":[{"@type":"ListItem","position":1,"name":"In\u00edcio","item":"https:\/\/deputadotaveirajr.com.br\/"},{"@type":"ListItem","position":2,"name":"IFRN divulga edital com 3.708 vagas em cursos t\u00e9cnicos integrados ao Ensino M\u00e9dio"}]},{"@type":"WebSite","@id":"https:\/\/deputadotaveirajr.com.br\/#website","url":"https:\/\/deputadotaveirajr.com.br\/","name":"Taveira Jr","description":"Deputado Estadual","publisher":{"@id":"https:\/\/deputadotaveirajr.com.br\/#organization"},"potentialAction":[{"@type":"SearchAction","target":{"@type":"EntryPoint","urlTemplate":"https:\/\/deputadotaveirajr.com.br\/?s={search_term_string}"},"query-input":{"@type":"PropertyValueSpecification","valueRequired":true,"valueName":"search_term_string"}}],"inLanguage":"pt-BR"},{"@type":"Organization","@id":"https:\/\/deputadotaveirajr.com.br\/#organization","name":"Taveira Jr","url":"https:\/\/deputadotaveirajr.com.br\/","logo":{"@type":"ImageObject","inLanguage":"pt-BR","@id":"https:\/\/deputadotaveirajr.com.br\/#\/schema\/logo\/image\/","url":"https:\/\/deputadotaveirajr.com.br\/wp-content\/uploads\/2026\/01\/logolow2a.png","contentUrl":"https:\/\/deputadotaveirajr.com.br\/wp-content\/uploads\/2026\/01\/logolow2a.png","width":290,"height":80,"caption":"Taveira Jr"},"image":{"@id":"https:\/\/deputadotaveirajr.com.br\/#\/schema\/logo\/image\/"}}]}},"_links":{"self":[{"href":"https:\/\/deputadotaveirajr.com.br\/index.php\/wp-json\/wp\/v2\/pages\/14037","targetHints":{"allow":["GET"]}}],"collection":[{"href":"https:\/\/deputadotaveirajr.com.br\/index.php\/wp-json\/wp\/v2\/pages"}],"about":[{"href":"https:\/\/deputadotaveirajr.com.br\/index.php\/wp-json\/wp\/v2\/types\/page"}],"replies":[{"embeddable":true,"href":"https:\/\/deputadotaveirajr.com.br\/index.php\/wp-json\/wp\/v2\/comments?post=14037"}],"version-history":[{"count":0,"href":"https:\/\/deputadotaveirajr.com.br\/index.php\/wp-json\/wp\/v2\/pages\/14037\/revisions"}],"wp:featuredmedia":[{"embeddable":true,"href":"https:\/\/deputadotaveirajr.com.br\/index.php\/wp-json\/wp\/v2\/media\/14038"}],"wp:attachment":[{"href":"https:\/\/deputadotaveirajr.com.br\/index.php\/wp-json\/wp\/v2\/media?parent=14037"}],"curies":[{"name":"wp","href":"https:\/\/api.w.org\/{rel}","templated":true}]}}