{"id":14039,"date":"2025-09-02T17:29:52","date_gmt":"2025-09-02T20:29:52","guid":{"rendered":"https:\/\/deputadotaveirajr.com.br\/index.php\/motorista-morre-apos-trator-capotar-e-cair-sobre-ele-em-parnamirim\/"},"modified":"2025-09-02T17:29:52","modified_gmt":"2025-09-02T20:29:52","slug":"motorista-morre-apos-trator-capotar-e-cair-sobre-ele-em-parnamirim","status":"publish","type":"page","link":"https:\/\/deputadotaveirajr.com.br\/index.php\/motorista-morre-apos-trator-capotar-e-cair-sobre-ele-em-parnamirim\/","title":{"rendered":"Motorista morre ap\u00f3s trator capotar e cair sobre ele em Parnamirim"},"content":{"rendered":"<p><img decoding=\"async\" src=\"https:\/\/s2-g1.glbimg.com\/mOuu_Geva7vcXsfzt8C-b3tNbds=\/i.s3.glbimg.com\/v1\/AUTH_59edd422c0c84a879bd37670ae4f538a\/internal_photos\/bs\/2025\/h\/s\/rY0h1uSuK94dNUyQK1Xg\/whatsapp-image-2025-09-02-at-16.19.30.jpeg\" \/><br \/>     Motorista morre ap\u00f3s trator capotar e cair sobre ele em Parnamirim<br \/>\nBruno Rocha\/Inter TV Cabugi<br \/>\nUm acidente registrado na tarde desta ter\u00e7a-feira (2) resultou na morte de Josaf\u00e1 Sabino Campelo, de 64 anos, em Pirangi do Norte, Parnamirim. O caso aconteceu por volta das 13h, na rua Sargento Martiniano Brand\u00e3o.<br \/>\nDe acordo com informa\u00e7\u00f5es da Pol\u00edcia Civil, Josaf\u00e1 conduzia um trator quando perdeu o controle do ve\u00edculo, que capotou e caiu sobre ele. O motorista morava a poucos metros do local onde ocorreu o acidente e morreu ainda no local.<br \/>\n\ud83d\udcf3 Clique aqui para seguir o canal do g1 RN no WhatsApp<br \/>\nO corpo foi levado para o Instituto de Per\u00edcia, onde passar\u00e1 por exames necrosc\u00f3pico e toxicol\u00f3gico.<br \/>\nA regi\u00e3o onde ocorreu o acidente \u00e9 conhecida por ter ladeiras \u00edngremes. A Pol\u00edcia Civil esteve no local e confirmou que realizar\u00e1 per\u00edcia no trator.<br \/>\nJosaf\u00e1 prestava servi\u00e7os \u00e0 Prefeitura de Parnamirim. Um caminh\u00e3o-guincho foi usado para retirar a ca\u00e7amba e o trator envolvidos no acidente. Moradores relatam que acidentes s\u00e3o frequentes na \u00e1rea.<br \/>\nA Prefeitura de Parnamirim lamentou a morte do servidor e destacou que Josaf\u00e1 atuava na limpeza urbana h\u00e1 mais de 20 anos. Em nota, o munic\u00edpio se solidarizou com familiares, amigos e colegas de trabalho, ressaltando a dedica\u00e7\u00e3o do profissional e sua contribui\u00e7\u00e3o para a cidade.<\/p>","protected":false},"excerpt":{"rendered":"<p>Motorista morre ap\u00f3s trator capotar e cair sobre ele em Parnamirim Bruno Rocha\/Inter TV Cabugi Um acidente registrado na tarde desta ter\u00e7a-feira (2) resultou na morte de Josaf\u00e1 Sabino Campelo, &#8230;<\/p>\n","protected":false},"author":0,"featured_media":14040,"parent":0,"menu_order":0,"comment_status":"closed","ping_status":"closed","template":"","meta":{"footnotes":""},"class_list":["post-14039","page","type-page","status-publish","has-post-thumbnail","hentry"],"yoast_head":"<!-- This site is optimized with the Yoast SEO plugin v27.1.1 - https:\/\/yoast.com\/product\/yoast-seo-wordpress\/ -->\n<title>Motorista morre ap\u00f3s trator capotar e cair sobre ele em Parnamirim - Taveira Jr<\/title>\n<meta name=\"robots\" content=\"index, follow, max-snippet:-1, max-image-preview:large, max-video-preview:-1\" \/>\n<link rel=\"canonical\" href=\"https:\/\/deputadotaveirajr.com.br\/index.php\/motorista-morre-apos-trator-capotar-e-cair-sobre-ele-em-parnamirim\/\" \/>\n<meta property=\"og:locale\" content=\"pt_BR\" \/>\n<meta property=\"og:type\" content=\"article\" \/>\n<meta property=\"og:title\" content=\"Motorista morre ap\u00f3s trator capotar e cair sobre ele em Parnamirim - Taveira Jr\" \/>\n<meta property=\"og:description\" content=\"Motorista morre ap\u00f3s trator capotar e cair sobre ele em Parnamirim Bruno Rocha\/Inter TV Cabugi Um acidente registrado na tarde desta ter\u00e7a-feira (2) resultou na morte de Josaf\u00e1 Sabino Campelo, ...\" \/>\n<meta property=\"og:url\" content=\"https:\/\/deputadotaveirajr.com.br\/index.php\/motorista-morre-apos-trator-capotar-e-cair-sobre-ele-em-parnamirim\/\" \/>\n<meta property=\"og:site_name\" content=\"Taveira Jr\" \/>\n<meta property=\"og:image\" content=\"https:\/\/s2-g1.glbimg.com\/mOuu_Geva7vcXsfzt8C-b3tNbds=\/i.s3.glbimg.com\/v1\/AUTH_59edd422c0c84a879bd37670ae4f538a\/internal_photos\/bs\/2025\/h\/s\/rY0h1uSuK94dNUyQK1Xg\/whatsapp-image-2025-09-02-at-16.19.30.jpeg\" \/>\n<meta name=\"twitter:card\" content=\"summary_large_image\" \/>\n<meta name=\"twitter:label1\" content=\"Est. tempo de leitura\" \/>\n\t<meta name=\"twitter:data1\" content=\"1 minuto\" \/>\n<script type=\"application\/ld+json\" class=\"yoast-schema-graph\">{\"@context\":\"https:\/\/schema.org\",\"@graph\":[{\"@type\":\"WebPage\",\"@id\":\"https:\/\/deputadotaveirajr.com.br\/index.php\/motorista-morre-apos-trator-capotar-e-cair-sobre-ele-em-parnamirim\/\",\"url\":\"https:\/\/deputadotaveirajr.com.br\/index.php\/motorista-morre-apos-trator-capotar-e-cair-sobre-ele-em-parnamirim\/\",\"name\":\"Motorista morre ap\u00f3s trator capotar e cair sobre ele em Parnamirim - Taveira Jr\",\"isPartOf\":{\"@id\":\"https:\/\/deputadotaveirajr.com.br\/#website\"},\"primaryImageOfPage\":{\"@id\":\"https:\/\/deputadotaveirajr.com.br\/index.php\/motorista-morre-apos-trator-capotar-e-cair-sobre-ele-em-parnamirim\/#primaryimage\"},\"image\":{\"@id\":\"https:\/\/deputadotaveirajr.com.br\/index.php\/motorista-morre-apos-trator-capotar-e-cair-sobre-ele-em-parnamirim\/#primaryimage\"},\"thumbnailUrl\":\"https:\/\/deputadotaveirajr.com.br\/wp-content\/uploads\/2025\/09\/whatsapp-image-2025-09-02-at-16.19.30-cvd7cp.jpg\",\"datePublished\":\"2025-09-02T20:29:52+00:00\",\"breadcrumb\":{\"@id\":\"https:\/\/deputadotaveirajr.com.br\/index.php\/motorista-morre-apos-trator-capotar-e-cair-sobre-ele-em-parnamirim\/#breadcrumb\"},\"inLanguage\":\"pt-BR\",\"potentialAction\":[{\"@type\":\"ReadAction\",\"target\":[\"https:\/\/deputadotaveirajr.com.br\/index.php\/motorista-morre-apos-trator-capotar-e-cair-sobre-ele-em-parnamirim\/\"]}]},{\"@type\":\"ImageObject\",\"inLanguage\":\"pt-BR\",\"@id\":\"https:\/\/deputadotaveirajr.com.br\/index.php\/motorista-morre-apos-trator-capotar-e-cair-sobre-ele-em-parnamirim\/#primaryimage\",\"url\":\"https:\/\/deputadotaveirajr.com.br\/wp-content\/uploads\/2025\/09\/whatsapp-image-2025-09-02-at-16.19.30-cvd7cp.jpg\",\"contentUrl\":\"https:\/\/deputadotaveirajr.com.br\/wp-content\/uploads\/2025\/09\/whatsapp-image-2025-09-02-at-16.19.30-cvd7cp.jpg\",\"width\":1600,\"height\":900},{\"@type\":\"BreadcrumbList\",\"@id\":\"https:\/\/deputadotaveirajr.com.br\/index.php\/motorista-morre-apos-trator-capotar-e-cair-sobre-ele-em-parnamirim\/#breadcrumb\",\"itemListElement\":[{\"@type\":\"ListItem\",\"position\":1,\"name\":\"In\u00edcio\",\"item\":\"https:\/\/deputadotaveirajr.com.br\/\"},{\"@type\":\"ListItem\",\"position\":2,\"name\":\"Motorista morre ap\u00f3s trator capotar e cair sobre ele em Parnamirim\"}]},{\"@type\":\"WebSite\",\"@id\":\"https:\/\/deputadotaveirajr.com.br\/#website\",\"url\":\"https:\/\/deputadotaveirajr.com.br\/\",\"name\":\"Taveira Jr\",\"description\":\"Deputado Estadual\",\"publisher\":{\"@id\":\"https:\/\/deputadotaveirajr.com.br\/#organization\"},\"potentialAction\":[{\"@type\":\"SearchAction\",\"target\":{\"@type\":\"EntryPoint\",\"urlTemplate\":\"https:\/\/deputadotaveirajr.com.br\/?s={search_term_string}\"},\"query-input\":{\"@type\":\"PropertyValueSpecification\",\"valueRequired\":true,\"valueName\":\"search_term_string\"}}],\"inLanguage\":\"pt-BR\"},{\"@type\":\"Organization\",\"@id\":\"https:\/\/deputadotaveirajr.com.br\/#organization\",\"name\":\"Taveira Jr\",\"url\":\"https:\/\/deputadotaveirajr.com.br\/\",\"logo\":{\"@type\":\"ImageObject\",\"inLanguage\":\"pt-BR\",\"@id\":\"https:\/\/deputadotaveirajr.com.br\/#\/schema\/logo\/image\/\",\"url\":\"https:\/\/deputadotaveirajr.com.br\/wp-content\/uploads\/2026\/01\/logolow2a.png\",\"contentUrl\":\"https:\/\/deputadotaveirajr.com.br\/wp-content\/uploads\/2026\/01\/logolow2a.png\",\"width\":290,\"height\":80,\"caption\":\"Taveira Jr\"},\"image\":{\"@id\":\"https:\/\/deputadotaveirajr.com.br\/#\/schema\/logo\/image\/\"}}]}<\/script>\n<!-- \/ Yoast SEO plugin. -->","yoast_head_json":{"title":"Motorista morre ap\u00f3s trator capotar e cair sobre ele em Parnamirim - Taveira Jr","robots":{"index":"index","follow":"follow","max-snippet":"max-snippet:-1","max-image-preview":"max-image-preview:large","max-video-preview":"max-video-preview:-1"},"canonical":"https:\/\/deputadotaveirajr.com.br\/index.php\/motorista-morre-apos-trator-capotar-e-cair-sobre-ele-em-parnamirim\/","og_locale":"pt_BR","og_type":"article","og_title":"Motorista morre ap\u00f3s trator capotar e cair sobre ele em Parnamirim - Taveira Jr","og_description":"Motorista morre ap\u00f3s trator capotar e cair sobre ele em Parnamirim Bruno Rocha\/Inter TV Cabugi Um acidente registrado na tarde desta ter\u00e7a-feira (2) resultou na morte de Josaf\u00e1 Sabino Campelo, ...","og_url":"https:\/\/deputadotaveirajr.com.br\/index.php\/motorista-morre-apos-trator-capotar-e-cair-sobre-ele-em-parnamirim\/","og_site_name":"Taveira Jr","og_image":[{"url":"https:\/\/s2-g1.glbimg.com\/mOuu_Geva7vcXsfzt8C-b3tNbds=\/i.s3.glbimg.com\/v1\/AUTH_59edd422c0c84a879bd37670ae4f538a\/internal_photos\/bs\/2025\/h\/s\/rY0h1uSuK94dNUyQK1Xg\/whatsapp-image-2025-09-02-at-16.19.30.jpeg","type":"","width":"","height":""}],"twitter_card":"summary_large_image","twitter_misc":{"Est. tempo de leitura":"1 minuto"},"schema":{"@context":"https:\/\/schema.org","@graph":[{"@type":"WebPage","@id":"https:\/\/deputadotaveirajr.com.br\/index.php\/motorista-morre-apos-trator-capotar-e-cair-sobre-ele-em-parnamirim\/","url":"https:\/\/deputadotaveirajr.com.br\/index.php\/motorista-morre-apos-trator-capotar-e-cair-sobre-ele-em-parnamirim\/","name":"Motorista morre ap\u00f3s trator capotar e cair sobre ele em Parnamirim - Taveira Jr","isPartOf":{"@id":"https:\/\/deputadotaveirajr.com.br\/#website"},"primaryImageOfPage":{"@id":"https:\/\/deputadotaveirajr.com.br\/index.php\/motorista-morre-apos-trator-capotar-e-cair-sobre-ele-em-parnamirim\/#primaryimage"},"image":{"@id":"https:\/\/deputadotaveirajr.com.br\/index.php\/motorista-morre-apos-trator-capotar-e-cair-sobre-ele-em-parnamirim\/#primaryimage"},"thumbnailUrl":"https:\/\/deputadotaveirajr.com.br\/wp-content\/uploads\/2025\/09\/whatsapp-image-2025-09-02-at-16.19.30-cvd7cp.jpg","datePublished":"2025-09-02T20:29:52+00:00","breadcrumb":{"@id":"https:\/\/deputadotaveirajr.com.br\/index.php\/motorista-morre-apos-trator-capotar-e-cair-sobre-ele-em-parnamirim\/#breadcrumb"},"inLanguage":"pt-BR","potentialAction":[{"@type":"ReadAction","target":["https:\/\/deputadotaveirajr.com.br\/index.php\/motorista-morre-apos-trator-capotar-e-cair-sobre-ele-em-parnamirim\/"]}]},{"@type":"ImageObject","inLanguage":"pt-BR","@id":"https:\/\/deputadotaveirajr.com.br\/index.php\/motorista-morre-apos-trator-capotar-e-cair-sobre-ele-em-parnamirim\/#primaryimage","url":"https:\/\/deputadotaveirajr.com.br\/wp-content\/uploads\/2025\/09\/whatsapp-image-2025-09-02-at-16.19.30-cvd7cp.jpg","contentUrl":"https:\/\/deputadotaveirajr.com.br\/wp-content\/uploads\/2025\/09\/whatsapp-image-2025-09-02-at-16.19.30-cvd7cp.jpg","width":1600,"height":900},{"@type":"BreadcrumbList","@id":"https:\/\/deputadotaveirajr.com.br\/index.php\/motorista-morre-apos-trator-capotar-e-cair-sobre-ele-em-parnamirim\/#breadcrumb","itemListElement":[{"@type":"ListItem","position":1,"name":"In\u00edcio","item":"https:\/\/deputadotaveirajr.com.br\/"},{"@type":"ListItem","position":2,"name":"Motorista morre ap\u00f3s trator capotar e cair sobre ele em Parnamirim"}]},{"@type":"WebSite","@id":"https:\/\/deputadotaveirajr.com.br\/#website","url":"https:\/\/deputadotaveirajr.com.br\/","name":"Taveira Jr","description":"Deputado Estadual","publisher":{"@id":"https:\/\/deputadotaveirajr.com.br\/#organization"},"potentialAction":[{"@type":"SearchAction","target":{"@type":"EntryPoint","urlTemplate":"https:\/\/deputadotaveirajr.com.br\/?s={search_term_string}"},"query-input":{"@type":"PropertyValueSpecification","valueRequired":true,"valueName":"search_term_string"}}],"inLanguage":"pt-BR"},{"@type":"Organization","@id":"https:\/\/deputadotaveirajr.com.br\/#organization","name":"Taveira Jr","url":"https:\/\/deputadotaveirajr.com.br\/","logo":{"@type":"ImageObject","inLanguage":"pt-BR","@id":"https:\/\/deputadotaveirajr.com.br\/#\/schema\/logo\/image\/","url":"https:\/\/deputadotaveirajr.com.br\/wp-content\/uploads\/2026\/01\/logolow2a.png","contentUrl":"https:\/\/deputadotaveirajr.com.br\/wp-content\/uploads\/2026\/01\/logolow2a.png","width":290,"height":80,"caption":"Taveira Jr"},"image":{"@id":"https:\/\/deputadotaveirajr.com.br\/#\/schema\/logo\/image\/"}}]}},"_links":{"self":[{"href":"https:\/\/deputadotaveirajr.com.br\/index.php\/wp-json\/wp\/v2\/pages\/14039","targetHints":{"allow":["GET"]}}],"collection":[{"href":"https:\/\/deputadotaveirajr.com.br\/index.php\/wp-json\/wp\/v2\/pages"}],"about":[{"href":"https:\/\/deputadotaveirajr.com.br\/index.php\/wp-json\/wp\/v2\/types\/page"}],"replies":[{"embeddable":true,"href":"https:\/\/deputadotaveirajr.com.br\/index.php\/wp-json\/wp\/v2\/comments?post=14039"}],"version-history":[{"count":0,"href":"https:\/\/deputadotaveirajr.com.br\/index.php\/wp-json\/wp\/v2\/pages\/14039\/revisions"}],"wp:featuredmedia":[{"embeddable":true,"href":"https:\/\/deputadotaveirajr.com.br\/index.php\/wp-json\/wp\/v2\/media\/14040"}],"wp:attachment":[{"href":"https:\/\/deputadotaveirajr.com.br\/index.php\/wp-json\/wp\/v2\/media?parent=14039"}],"curies":[{"name":"wp","href":"https:\/\/api.w.org\/{rel}","templated":true}]}}