{"id":14047,"date":"2025-09-05T19:26:31","date_gmt":"2025-09-05T22:26:31","guid":{"rendered":"https:\/\/deputadotaveirajr.com.br\/index.php\/quatro-homens-morrem-em-confronto-com-a-pm-na-praia-de-maracajau\/"},"modified":"2025-09-05T19:26:31","modified_gmt":"2025-09-05T22:26:31","slug":"quatro-homens-morrem-em-confronto-com-a-pm-na-praia-de-maracajau","status":"publish","type":"page","link":"https:\/\/deputadotaveirajr.com.br\/index.php\/quatro-homens-morrem-em-confronto-com-a-pm-na-praia-de-maracajau\/","title":{"rendered":"Quatro homens morrem em confronto com a PM na praia de Maracaja\u00fa"},"content":{"rendered":"<p><img decoding=\"async\" src=\"https:\/\/s2-g1.glbimg.com\/ntCpKB2sIEEt8lNSE24251S04zo=\/i.s3.glbimg.com\/v1\/AUTH_59edd422c0c84a879bd37670ae4f538a\/internal_photos\/bs\/2025\/y\/H\/eLU4TmRe6HxqibsABVHg\/whatsapp-image-2025-09-05-at-16.11.07.jpeg\" \/><br \/>     Quatro homens morrem em confronto com a PM na praia de Maracaja\u00fa<br \/>\nPM<br \/>\nQuatro homens morreram em um confronto com a Pol\u00edcia Militar na praia de Maracaja\u00fa, munic\u00edpio de Maxaranguape, nesta sexta-feira (5).<br \/>\nMaracaja\u00fa vive semanas de tens\u00e3o por causa da disputa entre duas fac\u00e7\u00f5es criminosas rivais. Moradores convivem com o medo e a incerteza sobre quando a viol\u00eancia vai dar tr\u00e9gua.<br \/>\nCom policiamento refor\u00e7ado nesta sexta-feira, o alvo da opera\u00e7\u00e3o era um grupo de quatro homens que vivia armado pelas ruas e publicava v\u00eddeos nas redes sociais para amedrontar a popula\u00e7\u00e3o.<br \/>\n\ud83d\udcf3 Clique aqui para seguir o canal do g1 RN no WhatsApp<br \/>\nO confronto aconteceu por tr\u00e1s de um restaurante e em um dos acessos \u00e0 praia. Segundo a Pol\u00edcia Militar, o local era usado pelo grupo para venda e consumo de drogas.<br \/>\nA corpora\u00e7\u00e3o informou que, quando os policiais do 17\u00ba Batalh\u00e3o chegaram, os homens reagiram e atiraram contra os agentes. A pol\u00edcia revidou, houve confronto e todos foram baleados. Nenhum policial foi atingido.<br \/>\nAp\u00f3s a troca de tiros, a movimenta\u00e7\u00e3o de viaturas foi intensa nas principais estradas e acessos \u00e0 praia de Maracaja\u00fa.<br \/>\nOs quatro baleados foram socorridos e levados nas viaturas da PM para o Hospital Santa Catarina, na Zona Norte de Natal. Todos morreram.<br \/>\nCom eles, a pol\u00edcia apreendeu quatro armas, sendo tr\u00eas pistolas e uma espingarda calibre 12, al\u00e9m de carregadores e por\u00e7\u00f5es de maconha, crack e coca\u00edna. Dos quatro mortos, apenas um foi identificado. O homem j\u00e1 tinha passagem pela pol\u00edcia por porte ilegal de arma de fogo e era considerado um dos l\u00edderes da fac\u00e7\u00e3o local que agia em Maracaja\u00fa.<br \/>\nO caso vai ser investigado pela Pol\u00edcia Civil.<\/p>","protected":false},"excerpt":{"rendered":"<p>Quatro homens morrem em confronto com a PM na praia de Maracaja\u00fa PM Quatro homens morreram em um confronto com a Pol\u00edcia Militar na praia de Maracaja\u00fa, munic\u00edpio de Maxaranguape, &#8230;<\/p>\n","protected":false},"author":0,"featured_media":14048,"parent":0,"menu_order":0,"comment_status":"closed","ping_status":"closed","template":"","meta":{"footnotes":""},"class_list":["post-14047","page","type-page","status-publish","has-post-thumbnail","hentry"],"yoast_head":"<!-- This site is optimized with the Yoast SEO plugin v27.1.1 - https:\/\/yoast.com\/product\/yoast-seo-wordpress\/ -->\n<title>Quatro homens morrem em confronto com a PM na praia de Maracaja\u00fa - Taveira Jr<\/title>\n<meta name=\"robots\" content=\"index, follow, max-snippet:-1, max-image-preview:large, max-video-preview:-1\" \/>\n<link rel=\"canonical\" href=\"https:\/\/deputadotaveirajr.com.br\/index.php\/quatro-homens-morrem-em-confronto-com-a-pm-na-praia-de-maracajau\/\" \/>\n<meta property=\"og:locale\" content=\"pt_BR\" \/>\n<meta property=\"og:type\" content=\"article\" \/>\n<meta property=\"og:title\" content=\"Quatro homens morrem em confronto com a PM na praia de Maracaja\u00fa - Taveira Jr\" \/>\n<meta property=\"og:description\" content=\"Quatro homens morrem em confronto com a PM na praia de Maracaja\u00fa PM Quatro homens morreram em um confronto com a Pol\u00edcia Militar na praia de Maracaja\u00fa, munic\u00edpio de Maxaranguape, ...\" \/>\n<meta property=\"og:url\" content=\"https:\/\/deputadotaveirajr.com.br\/index.php\/quatro-homens-morrem-em-confronto-com-a-pm-na-praia-de-maracajau\/\" \/>\n<meta property=\"og:site_name\" content=\"Taveira Jr\" \/>\n<meta property=\"og:image\" content=\"https:\/\/s2-g1.glbimg.com\/ntCpKB2sIEEt8lNSE24251S04zo=\/i.s3.glbimg.com\/v1\/AUTH_59edd422c0c84a879bd37670ae4f538a\/internal_photos\/bs\/2025\/y\/H\/eLU4TmRe6HxqibsABVHg\/whatsapp-image-2025-09-05-at-16.11.07.jpeg\" \/>\n<meta name=\"twitter:card\" content=\"summary_large_image\" \/>\n<meta name=\"twitter:label1\" content=\"Est. tempo de leitura\" \/>\n\t<meta name=\"twitter:data1\" content=\"1 minuto\" \/>\n<script type=\"application\/ld+json\" class=\"yoast-schema-graph\">{\"@context\":\"https:\/\/schema.org\",\"@graph\":[{\"@type\":\"WebPage\",\"@id\":\"https:\/\/deputadotaveirajr.com.br\/index.php\/quatro-homens-morrem-em-confronto-com-a-pm-na-praia-de-maracajau\/\",\"url\":\"https:\/\/deputadotaveirajr.com.br\/index.php\/quatro-homens-morrem-em-confronto-com-a-pm-na-praia-de-maracajau\/\",\"name\":\"Quatro homens morrem em confronto com a PM na praia de Maracaja\u00fa - Taveira Jr\",\"isPartOf\":{\"@id\":\"https:\/\/deputadotaveirajr.com.br\/#website\"},\"primaryImageOfPage\":{\"@id\":\"https:\/\/deputadotaveirajr.com.br\/index.php\/quatro-homens-morrem-em-confronto-com-a-pm-na-praia-de-maracajau\/#primaryimage\"},\"image\":{\"@id\":\"https:\/\/deputadotaveirajr.com.br\/index.php\/quatro-homens-morrem-em-confronto-com-a-pm-na-praia-de-maracajau\/#primaryimage\"},\"thumbnailUrl\":\"https:\/\/deputadotaveirajr.com.br\/wp-content\/uploads\/2025\/09\/whatsapp-image-2025-09-05-at-16.11.07-BVjffK.png\",\"datePublished\":\"2025-09-05T22:26:31+00:00\",\"breadcrumb\":{\"@id\":\"https:\/\/deputadotaveirajr.com.br\/index.php\/quatro-homens-morrem-em-confronto-com-a-pm-na-praia-de-maracajau\/#breadcrumb\"},\"inLanguage\":\"pt-BR\",\"potentialAction\":[{\"@type\":\"ReadAction\",\"target\":[\"https:\/\/deputadotaveirajr.com.br\/index.php\/quatro-homens-morrem-em-confronto-com-a-pm-na-praia-de-maracajau\/\"]}]},{\"@type\":\"ImageObject\",\"inLanguage\":\"pt-BR\",\"@id\":\"https:\/\/deputadotaveirajr.com.br\/index.php\/quatro-homens-morrem-em-confronto-com-a-pm-na-praia-de-maracajau\/#primaryimage\",\"url\":\"https:\/\/deputadotaveirajr.com.br\/wp-content\/uploads\/2025\/09\/whatsapp-image-2025-09-05-at-16.11.07-BVjffK.png\",\"contentUrl\":\"https:\/\/deputadotaveirajr.com.br\/wp-content\/uploads\/2025\/09\/whatsapp-image-2025-09-05-at-16.11.07-BVjffK.png\",\"width\":1600,\"height\":1200},{\"@type\":\"BreadcrumbList\",\"@id\":\"https:\/\/deputadotaveirajr.com.br\/index.php\/quatro-homens-morrem-em-confronto-com-a-pm-na-praia-de-maracajau\/#breadcrumb\",\"itemListElement\":[{\"@type\":\"ListItem\",\"position\":1,\"name\":\"In\u00edcio\",\"item\":\"https:\/\/deputadotaveirajr.com.br\/\"},{\"@type\":\"ListItem\",\"position\":2,\"name\":\"Quatro homens morrem em confronto com a PM na praia de Maracaja\u00fa\"}]},{\"@type\":\"WebSite\",\"@id\":\"https:\/\/deputadotaveirajr.com.br\/#website\",\"url\":\"https:\/\/deputadotaveirajr.com.br\/\",\"name\":\"Taveira Jr\",\"description\":\"Deputado Estadual\",\"publisher\":{\"@id\":\"https:\/\/deputadotaveirajr.com.br\/#organization\"},\"potentialAction\":[{\"@type\":\"SearchAction\",\"target\":{\"@type\":\"EntryPoint\",\"urlTemplate\":\"https:\/\/deputadotaveirajr.com.br\/?s={search_term_string}\"},\"query-input\":{\"@type\":\"PropertyValueSpecification\",\"valueRequired\":true,\"valueName\":\"search_term_string\"}}],\"inLanguage\":\"pt-BR\"},{\"@type\":\"Organization\",\"@id\":\"https:\/\/deputadotaveirajr.com.br\/#organization\",\"name\":\"Taveira Jr\",\"url\":\"https:\/\/deputadotaveirajr.com.br\/\",\"logo\":{\"@type\":\"ImageObject\",\"inLanguage\":\"pt-BR\",\"@id\":\"https:\/\/deputadotaveirajr.com.br\/#\/schema\/logo\/image\/\",\"url\":\"https:\/\/deputadotaveirajr.com.br\/wp-content\/uploads\/2026\/01\/logolow2a.png\",\"contentUrl\":\"https:\/\/deputadotaveirajr.com.br\/wp-content\/uploads\/2026\/01\/logolow2a.png\",\"width\":290,\"height\":80,\"caption\":\"Taveira Jr\"},\"image\":{\"@id\":\"https:\/\/deputadotaveirajr.com.br\/#\/schema\/logo\/image\/\"}}]}<\/script>\n<!-- \/ Yoast SEO plugin. -->","yoast_head_json":{"title":"Quatro homens morrem em confronto com a PM na praia de Maracaja\u00fa - Taveira Jr","robots":{"index":"index","follow":"follow","max-snippet":"max-snippet:-1","max-image-preview":"max-image-preview:large","max-video-preview":"max-video-preview:-1"},"canonical":"https:\/\/deputadotaveirajr.com.br\/index.php\/quatro-homens-morrem-em-confronto-com-a-pm-na-praia-de-maracajau\/","og_locale":"pt_BR","og_type":"article","og_title":"Quatro homens morrem em confronto com a PM na praia de Maracaja\u00fa - Taveira Jr","og_description":"Quatro homens morrem em confronto com a PM na praia de Maracaja\u00fa PM Quatro homens morreram em um confronto com a Pol\u00edcia Militar na praia de Maracaja\u00fa, munic\u00edpio de Maxaranguape, ...","og_url":"https:\/\/deputadotaveirajr.com.br\/index.php\/quatro-homens-morrem-em-confronto-com-a-pm-na-praia-de-maracajau\/","og_site_name":"Taveira Jr","og_image":[{"url":"https:\/\/s2-g1.glbimg.com\/ntCpKB2sIEEt8lNSE24251S04zo=\/i.s3.glbimg.com\/v1\/AUTH_59edd422c0c84a879bd37670ae4f538a\/internal_photos\/bs\/2025\/y\/H\/eLU4TmRe6HxqibsABVHg\/whatsapp-image-2025-09-05-at-16.11.07.jpeg","type":"","width":"","height":""}],"twitter_card":"summary_large_image","twitter_misc":{"Est. tempo de leitura":"1 minuto"},"schema":{"@context":"https:\/\/schema.org","@graph":[{"@type":"WebPage","@id":"https:\/\/deputadotaveirajr.com.br\/index.php\/quatro-homens-morrem-em-confronto-com-a-pm-na-praia-de-maracajau\/","url":"https:\/\/deputadotaveirajr.com.br\/index.php\/quatro-homens-morrem-em-confronto-com-a-pm-na-praia-de-maracajau\/","name":"Quatro homens morrem em confronto com a PM na praia de Maracaja\u00fa - Taveira Jr","isPartOf":{"@id":"https:\/\/deputadotaveirajr.com.br\/#website"},"primaryImageOfPage":{"@id":"https:\/\/deputadotaveirajr.com.br\/index.php\/quatro-homens-morrem-em-confronto-com-a-pm-na-praia-de-maracajau\/#primaryimage"},"image":{"@id":"https:\/\/deputadotaveirajr.com.br\/index.php\/quatro-homens-morrem-em-confronto-com-a-pm-na-praia-de-maracajau\/#primaryimage"},"thumbnailUrl":"https:\/\/deputadotaveirajr.com.br\/wp-content\/uploads\/2025\/09\/whatsapp-image-2025-09-05-at-16.11.07-BVjffK.png","datePublished":"2025-09-05T22:26:31+00:00","breadcrumb":{"@id":"https:\/\/deputadotaveirajr.com.br\/index.php\/quatro-homens-morrem-em-confronto-com-a-pm-na-praia-de-maracajau\/#breadcrumb"},"inLanguage":"pt-BR","potentialAction":[{"@type":"ReadAction","target":["https:\/\/deputadotaveirajr.com.br\/index.php\/quatro-homens-morrem-em-confronto-com-a-pm-na-praia-de-maracajau\/"]}]},{"@type":"ImageObject","inLanguage":"pt-BR","@id":"https:\/\/deputadotaveirajr.com.br\/index.php\/quatro-homens-morrem-em-confronto-com-a-pm-na-praia-de-maracajau\/#primaryimage","url":"https:\/\/deputadotaveirajr.com.br\/wp-content\/uploads\/2025\/09\/whatsapp-image-2025-09-05-at-16.11.07-BVjffK.png","contentUrl":"https:\/\/deputadotaveirajr.com.br\/wp-content\/uploads\/2025\/09\/whatsapp-image-2025-09-05-at-16.11.07-BVjffK.png","width":1600,"height":1200},{"@type":"BreadcrumbList","@id":"https:\/\/deputadotaveirajr.com.br\/index.php\/quatro-homens-morrem-em-confronto-com-a-pm-na-praia-de-maracajau\/#breadcrumb","itemListElement":[{"@type":"ListItem","position":1,"name":"In\u00edcio","item":"https:\/\/deputadotaveirajr.com.br\/"},{"@type":"ListItem","position":2,"name":"Quatro homens morrem em confronto com a PM na praia de Maracaja\u00fa"}]},{"@type":"WebSite","@id":"https:\/\/deputadotaveirajr.com.br\/#website","url":"https:\/\/deputadotaveirajr.com.br\/","name":"Taveira Jr","description":"Deputado Estadual","publisher":{"@id":"https:\/\/deputadotaveirajr.com.br\/#organization"},"potentialAction":[{"@type":"SearchAction","target":{"@type":"EntryPoint","urlTemplate":"https:\/\/deputadotaveirajr.com.br\/?s={search_term_string}"},"query-input":{"@type":"PropertyValueSpecification","valueRequired":true,"valueName":"search_term_string"}}],"inLanguage":"pt-BR"},{"@type":"Organization","@id":"https:\/\/deputadotaveirajr.com.br\/#organization","name":"Taveira Jr","url":"https:\/\/deputadotaveirajr.com.br\/","logo":{"@type":"ImageObject","inLanguage":"pt-BR","@id":"https:\/\/deputadotaveirajr.com.br\/#\/schema\/logo\/image\/","url":"https:\/\/deputadotaveirajr.com.br\/wp-content\/uploads\/2026\/01\/logolow2a.png","contentUrl":"https:\/\/deputadotaveirajr.com.br\/wp-content\/uploads\/2026\/01\/logolow2a.png","width":290,"height":80,"caption":"Taveira Jr"},"image":{"@id":"https:\/\/deputadotaveirajr.com.br\/#\/schema\/logo\/image\/"}}]}},"_links":{"self":[{"href":"https:\/\/deputadotaveirajr.com.br\/index.php\/wp-json\/wp\/v2\/pages\/14047","targetHints":{"allow":["GET"]}}],"collection":[{"href":"https:\/\/deputadotaveirajr.com.br\/index.php\/wp-json\/wp\/v2\/pages"}],"about":[{"href":"https:\/\/deputadotaveirajr.com.br\/index.php\/wp-json\/wp\/v2\/types\/page"}],"replies":[{"embeddable":true,"href":"https:\/\/deputadotaveirajr.com.br\/index.php\/wp-json\/wp\/v2\/comments?post=14047"}],"version-history":[{"count":0,"href":"https:\/\/deputadotaveirajr.com.br\/index.php\/wp-json\/wp\/v2\/pages\/14047\/revisions"}],"wp:featuredmedia":[{"embeddable":true,"href":"https:\/\/deputadotaveirajr.com.br\/index.php\/wp-json\/wp\/v2\/media\/14048"}],"wp:attachment":[{"href":"https:\/\/deputadotaveirajr.com.br\/index.php\/wp-json\/wp\/v2\/media?parent=14047"}],"curies":[{"name":"wp","href":"https:\/\/api.w.org\/{rel}","templated":true}]}}