{"id":14055,"date":"2025-09-05T10:09:40","date_gmt":"2025-09-05T13:09:40","guid":{"rendered":"https:\/\/deputadotaveirajr.com.br\/index.php\/entenda-a-mudanca-na-contratacao-de-medicos-de-natal-que-causou-suspensao-de-cirurgias-e-falhas-em-plantoes\/"},"modified":"2025-09-05T10:09:40","modified_gmt":"2025-09-05T13:09:40","slug":"entenda-a-mudanca-na-contratacao-de-medicos-de-natal-que-causou-suspensao-de-cirurgias-e-falhas-em-plantoes","status":"publish","type":"page","link":"https:\/\/deputadotaveirajr.com.br\/index.php\/entenda-a-mudanca-na-contratacao-de-medicos-de-natal-que-causou-suspensao-de-cirurgias-e-falhas-em-plantoes\/","title":{"rendered":"Entenda a mudan\u00e7a na contrata\u00e7\u00e3o de m\u00e9dicos de Natal que causou suspens\u00e3o de cirurgias e falhas em plant\u00f5es"},"content":{"rendered":"<p><img decoding=\"async\" src=\"https:\/\/s2-g1.glbimg.com\/lotrTpBDWOJQuFZGSoS59vZrCcY=\/i.s3.glbimg.com\/v1\/AUTH_59edd422c0c84a879bd37670ae4f538a\/internal_photos\/bs\/2025\/g\/h\/gpsZHiSL2nwBh602lNmQ\/whatsapp-image-2025-09-02-at-07.42.16-1-.jpeg\" \/><br \/>     Crise na sau\u0301de pu\u0301blica de Natal: como era e como ficou a contrata\u00e7\u00e3o de m\u00e9dicos<br \/>\nA mudan\u00e7a na forma de contrata\u00e7\u00e3o de m\u00e9dicos terceirizados que atuam de nos servi\u00e7os de sa\u00fade de Natal tem causado falha nas escalas e suspens\u00e3o de cirurgias.<br \/>\nNo Hospital Infantil Varela Santiago, conveniado ao SUS, pelo menos 72 cirurgias foram suspensas at\u00e9 esta sexta-feira (5). Desde a \u00faltima segunda-feira (1\u00ba), as escalas de m\u00e9dicos nas UPAs e UBS de Natal est\u00e3o desfalcadas.<br \/>\n\ud83d\udcf3 Clique aqui para seguir o canal do g1 RN no WhatsApp<br \/>\nO secret\u00e1rio Geraldo Pinho afirmou que m\u00e9dicos foram pressionados pelo Sindicato dos M\u00e9dicos do RN (Sinmed) e pela Coopmed, antiga prestadora do servi\u00e7o, a n\u00e3o assumir os atendimentos. O presidente do Sinmed Geraldo Ferreira disse que a acusa\u00e7\u00e3o de coa\u00e7\u00e3o \u00e9 inver\u00eddica.<br \/>\nMudan\u00e7a na contrata\u00e7\u00e3o<br \/>\nDesde a \u00faltima segunda-feira (1\u00ba), as escalas de m\u00e9dicos nas UPAs e UBS de Natal est\u00e3o desfalcadas<br \/>\nS\u00e9rgio Henrique Santos\/Inter TV<br \/>\nAt\u00e9 o \u00faltimo domingo (31), os plantonistas trabalhavam por meio de uma cooperativa, a Coopmed. No entanto, o servi\u00e7o era prestado sem contrato com a Prefeitura e o pagamento era realizado de forma indenizat\u00f3ria.<br \/>\nNesse modelo, a cada plant\u00e3o de 12 horas, eles recebiam em m\u00e9dia R$ 1.660. Quase todo o valor (96,5%) ia direto para o m\u00e9dico, e apenas uma parte (3,5%) ficava como taxa administrativa da cooperativa. O contrato anual da prefeitura com a Coopmed era de at\u00e9 R$ 144 milh\u00f5es por ano.<br \/>\nCom a mudan\u00e7a em 1\u00ba de setembro, a prefeitura firmou contratos emergenciais por um ano, com duas novas empresas, a Justiz e a Proseg, que juntas podem receber at\u00e9 R$ 208 milh\u00f5es pela presta\u00e7\u00e3o de servi\u00e7os m\u00e9dicos.<br \/>\nCom as novas empresas, os m\u00e9dicos firmariam v\u00ednculos na chamada &#8220;sociedade em conta de participa\u00e7\u00e3o&#8221;. O honor\u00e1rio por plant\u00e3o at\u00e9 aumentaria, passou de R$ 1.660 para R$ 1.950. Mas, na pr\u00e1tica, os m\u00e9dicos passam a receber menos. Do novo valor, apenas R$ 1.200 v\u00e3o para o profissional. O restante fica com as empresas.<br \/>\nSobre a diferen\u00e7a no valor pago \u00e0 Coopmed e o que ser\u00e1 pago a Justiz e Proseg, a Prefeitura explicou que servi\u00e7os que n\u00e3o eram prestados pela Coopmed, como atendimento de neuropediatra, por exemplo, est\u00e3o inclu\u00eddos no contrato com as novas empresas.<br \/>\nMudan\u00e7as do modelo de presta\u00e7\u00e3o de servi\u00e7os m\u00e9dicos de Natal<br \/>\nPagamento anual<br \/>\nAtraso em pagamentos da Coopmed<br \/>\nA Cooperativa M\u00e9dica do RN (Coopmed) alega que a Prefeitura de Natal contratou duas novas empresas para terceiriza\u00e7\u00e3o dos m\u00e9dicos enquanto deve cinco meses de servi\u00e7os prestados na rede p\u00fablica municipal.<br \/>\n&#8220;A Cooperativa manteve seu compromisso com a assist\u00eancia \u00e0 popula\u00e7\u00e3o de Natal, mesmo diante dos recorrentes atrasos, e refor\u00e7a a necessidade urgente de que a gest\u00e3o municipal honre seus compromissos financeiros com os m\u00e9dicos que atuaram por todos esses anos na linha de frente da sa\u00fade do munic\u00edpio&#8221;, disse a Coopmed.<br \/>\nO valor da d\u00edvida do munic\u00edpio com a Coopmed \u00e9 de R$ 56 milh\u00f5es. Procurada, a Prefeitura de Natal n\u00e3o se pronunciou sobre o atraso do pagamento.<br \/>\nCrise nas escalas m\u00e9dicas de Natal<\/p>","protected":false},"excerpt":{"rendered":"<p>Crise na sau\u0301de pu\u0301blica de Natal: como era e como ficou a contrata\u00e7\u00e3o de m\u00e9dicos A mudan\u00e7a na forma de contrata\u00e7\u00e3o de m\u00e9dicos terceirizados que atuam de nos servi\u00e7os de &#8230;<\/p>\n","protected":false},"author":0,"featured_media":14056,"parent":0,"menu_order":0,"comment_status":"closed","ping_status":"closed","template":"","meta":{"footnotes":""},"class_list":["post-14055","page","type-page","status-publish","has-post-thumbnail","hentry"],"yoast_head":"<!-- This site is optimized with the Yoast SEO plugin v27.1.1 - https:\/\/yoast.com\/product\/yoast-seo-wordpress\/ -->\n<title>Entenda a mudan\u00e7a na contrata\u00e7\u00e3o de m\u00e9dicos de Natal que causou suspens\u00e3o de cirurgias e falhas em plant\u00f5es - Taveira Jr<\/title>\n<meta name=\"robots\" content=\"index, follow, max-snippet:-1, max-image-preview:large, max-video-preview:-1\" \/>\n<link rel=\"canonical\" href=\"https:\/\/deputadotaveirajr.com.br\/index.php\/entenda-a-mudanca-na-contratacao-de-medicos-de-natal-que-causou-suspensao-de-cirurgias-e-falhas-em-plantoes\/\" \/>\n<meta property=\"og:locale\" content=\"pt_BR\" \/>\n<meta property=\"og:type\" content=\"article\" \/>\n<meta property=\"og:title\" content=\"Entenda a mudan\u00e7a na contrata\u00e7\u00e3o de m\u00e9dicos de Natal que causou suspens\u00e3o de cirurgias e falhas em plant\u00f5es - Taveira Jr\" \/>\n<meta property=\"og:description\" content=\"Crise na sau\u0301de pu\u0301blica de Natal: como era e como ficou a contrata\u00e7\u00e3o de m\u00e9dicos A mudan\u00e7a na forma de contrata\u00e7\u00e3o de m\u00e9dicos terceirizados que atuam de nos servi\u00e7os de ...\" \/>\n<meta property=\"og:url\" content=\"https:\/\/deputadotaveirajr.com.br\/index.php\/entenda-a-mudanca-na-contratacao-de-medicos-de-natal-que-causou-suspensao-de-cirurgias-e-falhas-em-plantoes\/\" \/>\n<meta property=\"og:site_name\" content=\"Taveira Jr\" \/>\n<meta property=\"og:image\" content=\"https:\/\/s2-g1.glbimg.com\/lotrTpBDWOJQuFZGSoS59vZrCcY=\/i.s3.glbimg.com\/v1\/AUTH_59edd422c0c84a879bd37670ae4f538a\/internal_photos\/bs\/2025\/g\/h\/gpsZHiSL2nwBh602lNmQ\/whatsapp-image-2025-09-02-at-07.42.16-1-.jpeg\" \/>\n<meta name=\"twitter:card\" content=\"summary_large_image\" \/>\n<meta name=\"twitter:label1\" content=\"Est. tempo de leitura\" \/>\n\t<meta name=\"twitter:data1\" content=\"3 minutos\" \/>\n<script type=\"application\/ld+json\" class=\"yoast-schema-graph\">{\"@context\":\"https:\/\/schema.org\",\"@graph\":[{\"@type\":\"WebPage\",\"@id\":\"https:\/\/deputadotaveirajr.com.br\/index.php\/entenda-a-mudanca-na-contratacao-de-medicos-de-natal-que-causou-suspensao-de-cirurgias-e-falhas-em-plantoes\/\",\"url\":\"https:\/\/deputadotaveirajr.com.br\/index.php\/entenda-a-mudanca-na-contratacao-de-medicos-de-natal-que-causou-suspensao-de-cirurgias-e-falhas-em-plantoes\/\",\"name\":\"Entenda a mudan\u00e7a na contrata\u00e7\u00e3o de m\u00e9dicos de Natal que causou suspens\u00e3o de cirurgias e falhas em plant\u00f5es - Taveira Jr\",\"isPartOf\":{\"@id\":\"https:\/\/deputadotaveirajr.com.br\/#website\"},\"primaryImageOfPage\":{\"@id\":\"https:\/\/deputadotaveirajr.com.br\/index.php\/entenda-a-mudanca-na-contratacao-de-medicos-de-natal-que-causou-suspensao-de-cirurgias-e-falhas-em-plantoes\/#primaryimage\"},\"image\":{\"@id\":\"https:\/\/deputadotaveirajr.com.br\/index.php\/entenda-a-mudanca-na-contratacao-de-medicos-de-natal-que-causou-suspensao-de-cirurgias-e-falhas-em-plantoes\/#primaryimage\"},\"thumbnailUrl\":\"https:\/\/deputadotaveirajr.com.br\/wp-content\/uploads\/2025\/09\/whatsapp-image-2025-09-02-at-07.42.16-1-n67IVZ.jpg\",\"datePublished\":\"2025-09-05T13:09:40+00:00\",\"breadcrumb\":{\"@id\":\"https:\/\/deputadotaveirajr.com.br\/index.php\/entenda-a-mudanca-na-contratacao-de-medicos-de-natal-que-causou-suspensao-de-cirurgias-e-falhas-em-plantoes\/#breadcrumb\"},\"inLanguage\":\"pt-BR\",\"potentialAction\":[{\"@type\":\"ReadAction\",\"target\":[\"https:\/\/deputadotaveirajr.com.br\/index.php\/entenda-a-mudanca-na-contratacao-de-medicos-de-natal-que-causou-suspensao-de-cirurgias-e-falhas-em-plantoes\/\"]}]},{\"@type\":\"ImageObject\",\"inLanguage\":\"pt-BR\",\"@id\":\"https:\/\/deputadotaveirajr.com.br\/index.php\/entenda-a-mudanca-na-contratacao-de-medicos-de-natal-que-causou-suspensao-de-cirurgias-e-falhas-em-plantoes\/#primaryimage\",\"url\":\"https:\/\/deputadotaveirajr.com.br\/wp-content\/uploads\/2025\/09\/whatsapp-image-2025-09-02-at-07.42.16-1-n67IVZ.jpg\",\"contentUrl\":\"https:\/\/deputadotaveirajr.com.br\/wp-content\/uploads\/2025\/09\/whatsapp-image-2025-09-02-at-07.42.16-1-n67IVZ.jpg\",\"width\":1600,\"height\":900},{\"@type\":\"BreadcrumbList\",\"@id\":\"https:\/\/deputadotaveirajr.com.br\/index.php\/entenda-a-mudanca-na-contratacao-de-medicos-de-natal-que-causou-suspensao-de-cirurgias-e-falhas-em-plantoes\/#breadcrumb\",\"itemListElement\":[{\"@type\":\"ListItem\",\"position\":1,\"name\":\"In\u00edcio\",\"item\":\"https:\/\/deputadotaveirajr.com.br\/\"},{\"@type\":\"ListItem\",\"position\":2,\"name\":\"Entenda a mudan\u00e7a na contrata\u00e7\u00e3o de m\u00e9dicos de Natal que causou suspens\u00e3o de cirurgias e falhas em plant\u00f5es\"}]},{\"@type\":\"WebSite\",\"@id\":\"https:\/\/deputadotaveirajr.com.br\/#website\",\"url\":\"https:\/\/deputadotaveirajr.com.br\/\",\"name\":\"Taveira Jr\",\"description\":\"Deputado Estadual\",\"publisher\":{\"@id\":\"https:\/\/deputadotaveirajr.com.br\/#organization\"},\"potentialAction\":[{\"@type\":\"SearchAction\",\"target\":{\"@type\":\"EntryPoint\",\"urlTemplate\":\"https:\/\/deputadotaveirajr.com.br\/?s={search_term_string}\"},\"query-input\":{\"@type\":\"PropertyValueSpecification\",\"valueRequired\":true,\"valueName\":\"search_term_string\"}}],\"inLanguage\":\"pt-BR\"},{\"@type\":\"Organization\",\"@id\":\"https:\/\/deputadotaveirajr.com.br\/#organization\",\"name\":\"Taveira Jr\",\"url\":\"https:\/\/deputadotaveirajr.com.br\/\",\"logo\":{\"@type\":\"ImageObject\",\"inLanguage\":\"pt-BR\",\"@id\":\"https:\/\/deputadotaveirajr.com.br\/#\/schema\/logo\/image\/\",\"url\":\"https:\/\/deputadotaveirajr.com.br\/wp-content\/uploads\/2026\/01\/logolow2a.png\",\"contentUrl\":\"https:\/\/deputadotaveirajr.com.br\/wp-content\/uploads\/2026\/01\/logolow2a.png\",\"width\":290,\"height\":80,\"caption\":\"Taveira Jr\"},\"image\":{\"@id\":\"https:\/\/deputadotaveirajr.com.br\/#\/schema\/logo\/image\/\"}}]}<\/script>\n<!-- \/ Yoast SEO plugin. -->","yoast_head_json":{"title":"Entenda a mudan\u00e7a na contrata\u00e7\u00e3o de m\u00e9dicos de Natal que causou suspens\u00e3o de cirurgias e falhas em plant\u00f5es - Taveira Jr","robots":{"index":"index","follow":"follow","max-snippet":"max-snippet:-1","max-image-preview":"max-image-preview:large","max-video-preview":"max-video-preview:-1"},"canonical":"https:\/\/deputadotaveirajr.com.br\/index.php\/entenda-a-mudanca-na-contratacao-de-medicos-de-natal-que-causou-suspensao-de-cirurgias-e-falhas-em-plantoes\/","og_locale":"pt_BR","og_type":"article","og_title":"Entenda a mudan\u00e7a na contrata\u00e7\u00e3o de m\u00e9dicos de Natal que causou suspens\u00e3o de cirurgias e falhas em plant\u00f5es - Taveira Jr","og_description":"Crise na sau\u0301de pu\u0301blica de Natal: como era e como ficou a contrata\u00e7\u00e3o de m\u00e9dicos A mudan\u00e7a na forma de contrata\u00e7\u00e3o de m\u00e9dicos terceirizados que atuam de nos servi\u00e7os de ...","og_url":"https:\/\/deputadotaveirajr.com.br\/index.php\/entenda-a-mudanca-na-contratacao-de-medicos-de-natal-que-causou-suspensao-de-cirurgias-e-falhas-em-plantoes\/","og_site_name":"Taveira Jr","og_image":[{"url":"https:\/\/s2-g1.glbimg.com\/lotrTpBDWOJQuFZGSoS59vZrCcY=\/i.s3.glbimg.com\/v1\/AUTH_59edd422c0c84a879bd37670ae4f538a\/internal_photos\/bs\/2025\/g\/h\/gpsZHiSL2nwBh602lNmQ\/whatsapp-image-2025-09-02-at-07.42.16-1-.jpeg","type":"","width":"","height":""}],"twitter_card":"summary_large_image","twitter_misc":{"Est. tempo de leitura":"3 minutos"},"schema":{"@context":"https:\/\/schema.org","@graph":[{"@type":"WebPage","@id":"https:\/\/deputadotaveirajr.com.br\/index.php\/entenda-a-mudanca-na-contratacao-de-medicos-de-natal-que-causou-suspensao-de-cirurgias-e-falhas-em-plantoes\/","url":"https:\/\/deputadotaveirajr.com.br\/index.php\/entenda-a-mudanca-na-contratacao-de-medicos-de-natal-que-causou-suspensao-de-cirurgias-e-falhas-em-plantoes\/","name":"Entenda a mudan\u00e7a na contrata\u00e7\u00e3o de m\u00e9dicos de Natal que causou suspens\u00e3o de cirurgias e falhas em plant\u00f5es - Taveira Jr","isPartOf":{"@id":"https:\/\/deputadotaveirajr.com.br\/#website"},"primaryImageOfPage":{"@id":"https:\/\/deputadotaveirajr.com.br\/index.php\/entenda-a-mudanca-na-contratacao-de-medicos-de-natal-que-causou-suspensao-de-cirurgias-e-falhas-em-plantoes\/#primaryimage"},"image":{"@id":"https:\/\/deputadotaveirajr.com.br\/index.php\/entenda-a-mudanca-na-contratacao-de-medicos-de-natal-que-causou-suspensao-de-cirurgias-e-falhas-em-plantoes\/#primaryimage"},"thumbnailUrl":"https:\/\/deputadotaveirajr.com.br\/wp-content\/uploads\/2025\/09\/whatsapp-image-2025-09-02-at-07.42.16-1-n67IVZ.jpg","datePublished":"2025-09-05T13:09:40+00:00","breadcrumb":{"@id":"https:\/\/deputadotaveirajr.com.br\/index.php\/entenda-a-mudanca-na-contratacao-de-medicos-de-natal-que-causou-suspensao-de-cirurgias-e-falhas-em-plantoes\/#breadcrumb"},"inLanguage":"pt-BR","potentialAction":[{"@type":"ReadAction","target":["https:\/\/deputadotaveirajr.com.br\/index.php\/entenda-a-mudanca-na-contratacao-de-medicos-de-natal-que-causou-suspensao-de-cirurgias-e-falhas-em-plantoes\/"]}]},{"@type":"ImageObject","inLanguage":"pt-BR","@id":"https:\/\/deputadotaveirajr.com.br\/index.php\/entenda-a-mudanca-na-contratacao-de-medicos-de-natal-que-causou-suspensao-de-cirurgias-e-falhas-em-plantoes\/#primaryimage","url":"https:\/\/deputadotaveirajr.com.br\/wp-content\/uploads\/2025\/09\/whatsapp-image-2025-09-02-at-07.42.16-1-n67IVZ.jpg","contentUrl":"https:\/\/deputadotaveirajr.com.br\/wp-content\/uploads\/2025\/09\/whatsapp-image-2025-09-02-at-07.42.16-1-n67IVZ.jpg","width":1600,"height":900},{"@type":"BreadcrumbList","@id":"https:\/\/deputadotaveirajr.com.br\/index.php\/entenda-a-mudanca-na-contratacao-de-medicos-de-natal-que-causou-suspensao-de-cirurgias-e-falhas-em-plantoes\/#breadcrumb","itemListElement":[{"@type":"ListItem","position":1,"name":"In\u00edcio","item":"https:\/\/deputadotaveirajr.com.br\/"},{"@type":"ListItem","position":2,"name":"Entenda a mudan\u00e7a na contrata\u00e7\u00e3o de m\u00e9dicos de Natal que causou suspens\u00e3o de cirurgias e falhas em plant\u00f5es"}]},{"@type":"WebSite","@id":"https:\/\/deputadotaveirajr.com.br\/#website","url":"https:\/\/deputadotaveirajr.com.br\/","name":"Taveira Jr","description":"Deputado Estadual","publisher":{"@id":"https:\/\/deputadotaveirajr.com.br\/#organization"},"potentialAction":[{"@type":"SearchAction","target":{"@type":"EntryPoint","urlTemplate":"https:\/\/deputadotaveirajr.com.br\/?s={search_term_string}"},"query-input":{"@type":"PropertyValueSpecification","valueRequired":true,"valueName":"search_term_string"}}],"inLanguage":"pt-BR"},{"@type":"Organization","@id":"https:\/\/deputadotaveirajr.com.br\/#organization","name":"Taveira Jr","url":"https:\/\/deputadotaveirajr.com.br\/","logo":{"@type":"ImageObject","inLanguage":"pt-BR","@id":"https:\/\/deputadotaveirajr.com.br\/#\/schema\/logo\/image\/","url":"https:\/\/deputadotaveirajr.com.br\/wp-content\/uploads\/2026\/01\/logolow2a.png","contentUrl":"https:\/\/deputadotaveirajr.com.br\/wp-content\/uploads\/2026\/01\/logolow2a.png","width":290,"height":80,"caption":"Taveira Jr"},"image":{"@id":"https:\/\/deputadotaveirajr.com.br\/#\/schema\/logo\/image\/"}}]}},"_links":{"self":[{"href":"https:\/\/deputadotaveirajr.com.br\/index.php\/wp-json\/wp\/v2\/pages\/14055","targetHints":{"allow":["GET"]}}],"collection":[{"href":"https:\/\/deputadotaveirajr.com.br\/index.php\/wp-json\/wp\/v2\/pages"}],"about":[{"href":"https:\/\/deputadotaveirajr.com.br\/index.php\/wp-json\/wp\/v2\/types\/page"}],"replies":[{"embeddable":true,"href":"https:\/\/deputadotaveirajr.com.br\/index.php\/wp-json\/wp\/v2\/comments?post=14055"}],"version-history":[{"count":0,"href":"https:\/\/deputadotaveirajr.com.br\/index.php\/wp-json\/wp\/v2\/pages\/14055\/revisions"}],"wp:featuredmedia":[{"embeddable":true,"href":"https:\/\/deputadotaveirajr.com.br\/index.php\/wp-json\/wp\/v2\/media\/14056"}],"wp:attachment":[{"href":"https:\/\/deputadotaveirajr.com.br\/index.php\/wp-json\/wp\/v2\/media?parent=14055"}],"curies":[{"name":"wp","href":"https:\/\/api.w.org\/{rel}","templated":true}]}}