{"id":14059,"date":"2025-09-08T20:33:05","date_gmt":"2025-09-08T23:33:05","guid":{"rendered":"https:\/\/deputadotaveirajr.com.br\/index.php\/ex-deputado-rafael-motta-deixa-uti-em-recuperacao-apos-acidente-de-kitesurfe\/"},"modified":"2025-09-08T20:33:05","modified_gmt":"2025-09-08T23:33:05","slug":"ex-deputado-rafael-motta-deixa-uti-em-recuperacao-apos-acidente-de-kitesurfe","status":"publish","type":"page","link":"https:\/\/deputadotaveirajr.com.br\/index.php\/ex-deputado-rafael-motta-deixa-uti-em-recuperacao-apos-acidente-de-kitesurfe\/","title":{"rendered":"Ex-deputado Rafael Motta deixa UTI em recupera\u00e7\u00e3o ap\u00f3s acidente de kitesurfe"},"content":{"rendered":"<p><img decoding=\"async\" src=\"https:\/\/s2-g1.glbimg.com\/gYhcbqviSCllKoEbrHowExmOCp0=\/i.s3.glbimg.com\/v1\/AUTH_59edd422c0c84a879bd37670ae4f538a\/internal_photos\/bs\/2025\/e\/D\/vqOQX7RImYt94UFc54bg\/pablo-valadares.jpg\" \/><br \/>     Rafael Motta foi deputado federal pelo Rio Grande do Norte<br \/>\nPablo Valadares\/C\u00e2mara dos Deputados<br \/>\nEm recupera\u00e7\u00e3o ap\u00f3s sofrer um grave acidente de kitesurfe em Natal, no \u00faltimo dia 22 de agosto, o ex-deputado federal Rafael Motta deixou a UTI do hospital particular onde est\u00e1 internado, em S\u00e3o Paulo.<br \/>\nA informa\u00e7\u00e3o foi divulgada por Rafael em uma publica\u00e7\u00e3o nas redes sociais, nesta segunda-feira (8). No v\u00eddeo compartilhado, ele caminha pelo hospital e abra\u00e7a profissionais de sa\u00fade.<br \/>\n\ud83d\udcf3 Clique aqui para seguir o canal do g1 RN no WhatsApp<br \/>\n&#8220;Mais uma etapa vencida: deixei a UTI! At\u00e9 aqui, Deus n\u00e3o soltou a minha m\u00e3o. E sei que voc\u00eas tamb\u00e9m n\u00e3o. Minha gratid\u00e3o a Ele, a cada um de voc\u00eas, e a todos os profissionais que tornaram isso poss\u00edvel&#8221;, declarou o pol\u00edtico.<br \/>\nSegundo a assessoria do pol\u00edtico, ele seguir\u00e1 internado no hospital.<br \/>\nInitial plugin text<br \/>\nNa \u00faltima quinta-feira (4), Motta publicou uma foto sentado em uma poltrona lendo o livro &#8211; era a primeira imagem p\u00fablica dele depois de ter passado 12 dias entubado e em coma induzido e ter passado por cirurgias na coluna, esterno, face e antebra\u00e7o esquerdo.<br \/>\nRafael Motta foi deputado federal pelo Rio Grande do Norte de 2015 a 2022 e vereador em Natal entre 2013 e 2014. Em 2022, disputou o Senado e, em 2024, concorreu \u00e0 prefeitura de Natal.<br \/>\nLEIA TAMB\u00c9M:<br \/>\nPERFIL: Quem \u00e9 o ex-deputado federal internado ap\u00f3s acidente com kitesurfe<br \/>\nACIDENTE: Rafael Motta sofreu acidente de kitesurfe em Natal<br \/>\nUTI A\u00c9REA: Ex-parlamentar foi transferido para SP<br \/>\nRafael Motta compartilha imagem em recupera\u00e7\u00e3o no hospital em S\u00e3o Paulo<br \/>\nReprodu\u00e7\u00e3o<br \/>\nO acidente com Rafael aconteceu no dia 22 de agosto, nas proximidades do Forte dos Reis Magos. Ele foi transferido para S\u00e3o Paulo na madrugada do dia 25, ap\u00f3s passar por cirurgia tor\u00e1cica no Hospital Monsenhor Walfredo Gurgel, em Natal, para corre\u00e7\u00e3o de les\u00e3o br\u00f4nquica.<br \/>\nNo Hospital Vila Nova Star, em S\u00e3o Paulo, o ex-deputado foi submetido a cirurgia para corre\u00e7\u00e3o de fraturas de coluna e do esterno, e permaneceu entubado at\u00e9 a \u00faltima ter\u00e7a-feira (2).<br \/>\nInfogr\u00e1fico &#8211; Acidente de kitesurfe com ex-deputado federal Rafael Motta em Natal<br \/>\nArte\/g1<br \/>\nEx-deputado Rafael Motta passa por nova cirurgia<br \/>\nVeja os v\u00eddeos mais assistidos no g1 RN<\/p>","protected":false},"excerpt":{"rendered":"<p>Rafael Motta foi deputado federal pelo Rio Grande do Norte Pablo Valadares\/C\u00e2mara dos Deputados Em recupera\u00e7\u00e3o ap\u00f3s sofrer um grave acidente de kitesurfe em Natal, no \u00faltimo dia 22 de &#8230;<\/p>\n","protected":false},"author":0,"featured_media":14060,"parent":0,"menu_order":0,"comment_status":"closed","ping_status":"closed","template":"","meta":{"footnotes":""},"class_list":["post-14059","page","type-page","status-publish","has-post-thumbnail","hentry"],"yoast_head":"<!-- This site is optimized with the Yoast SEO plugin v27.1.1 - https:\/\/yoast.com\/product\/yoast-seo-wordpress\/ -->\n<title>Ex-deputado Rafael Motta deixa UTI em recupera\u00e7\u00e3o ap\u00f3s acidente de kitesurfe - Taveira Jr<\/title>\n<meta name=\"robots\" content=\"index, follow, max-snippet:-1, max-image-preview:large, max-video-preview:-1\" \/>\n<link rel=\"canonical\" href=\"https:\/\/deputadotaveirajr.com.br\/index.php\/ex-deputado-rafael-motta-deixa-uti-em-recuperacao-apos-acidente-de-kitesurfe\/\" \/>\n<meta property=\"og:locale\" content=\"pt_BR\" \/>\n<meta property=\"og:type\" content=\"article\" \/>\n<meta property=\"og:title\" content=\"Ex-deputado Rafael Motta deixa UTI em recupera\u00e7\u00e3o ap\u00f3s acidente de kitesurfe - Taveira Jr\" \/>\n<meta property=\"og:description\" content=\"Rafael Motta foi deputado federal pelo Rio Grande do Norte Pablo Valadares\/C\u00e2mara dos Deputados Em recupera\u00e7\u00e3o ap\u00f3s sofrer um grave acidente de kitesurfe em Natal, no \u00faltimo dia 22 de ...\" \/>\n<meta property=\"og:url\" content=\"https:\/\/deputadotaveirajr.com.br\/index.php\/ex-deputado-rafael-motta-deixa-uti-em-recuperacao-apos-acidente-de-kitesurfe\/\" \/>\n<meta property=\"og:site_name\" content=\"Taveira Jr\" \/>\n<meta property=\"og:image\" content=\"https:\/\/s2-g1.glbimg.com\/gYhcbqviSCllKoEbrHowExmOCp0=\/i.s3.glbimg.com\/v1\/AUTH_59edd422c0c84a879bd37670ae4f538a\/internal_photos\/bs\/2025\/e\/D\/vqOQX7RImYt94UFc54bg\/pablo-valadares.jpg\" \/>\n<meta name=\"twitter:card\" content=\"summary_large_image\" \/>\n<meta name=\"twitter:label1\" content=\"Est. tempo de leitura\" \/>\n\t<meta name=\"twitter:data1\" content=\"2 minutos\" \/>\n<script type=\"application\/ld+json\" class=\"yoast-schema-graph\">{\"@context\":\"https:\/\/schema.org\",\"@graph\":[{\"@type\":\"WebPage\",\"@id\":\"https:\/\/deputadotaveirajr.com.br\/index.php\/ex-deputado-rafael-motta-deixa-uti-em-recuperacao-apos-acidente-de-kitesurfe\/\",\"url\":\"https:\/\/deputadotaveirajr.com.br\/index.php\/ex-deputado-rafael-motta-deixa-uti-em-recuperacao-apos-acidente-de-kitesurfe\/\",\"name\":\"Ex-deputado Rafael Motta deixa UTI em recupera\u00e7\u00e3o ap\u00f3s acidente de kitesurfe - Taveira Jr\",\"isPartOf\":{\"@id\":\"https:\/\/deputadotaveirajr.com.br\/#website\"},\"primaryImageOfPage\":{\"@id\":\"https:\/\/deputadotaveirajr.com.br\/index.php\/ex-deputado-rafael-motta-deixa-uti-em-recuperacao-apos-acidente-de-kitesurfe\/#primaryimage\"},\"image\":{\"@id\":\"https:\/\/deputadotaveirajr.com.br\/index.php\/ex-deputado-rafael-motta-deixa-uti-em-recuperacao-apos-acidente-de-kitesurfe\/#primaryimage\"},\"thumbnailUrl\":\"https:\/\/deputadotaveirajr.com.br\/wp-content\/uploads\/2025\/09\/pablo-valadares-CnYN9j.jpg\",\"datePublished\":\"2025-09-08T23:33:05+00:00\",\"breadcrumb\":{\"@id\":\"https:\/\/deputadotaveirajr.com.br\/index.php\/ex-deputado-rafael-motta-deixa-uti-em-recuperacao-apos-acidente-de-kitesurfe\/#breadcrumb\"},\"inLanguage\":\"pt-BR\",\"potentialAction\":[{\"@type\":\"ReadAction\",\"target\":[\"https:\/\/deputadotaveirajr.com.br\/index.php\/ex-deputado-rafael-motta-deixa-uti-em-recuperacao-apos-acidente-de-kitesurfe\/\"]}]},{\"@type\":\"ImageObject\",\"inLanguage\":\"pt-BR\",\"@id\":\"https:\/\/deputadotaveirajr.com.br\/index.php\/ex-deputado-rafael-motta-deixa-uti-em-recuperacao-apos-acidente-de-kitesurfe\/#primaryimage\",\"url\":\"https:\/\/deputadotaveirajr.com.br\/wp-content\/uploads\/2025\/09\/pablo-valadares-CnYN9j.jpg\",\"contentUrl\":\"https:\/\/deputadotaveirajr.com.br\/wp-content\/uploads\/2025\/09\/pablo-valadares-CnYN9j.jpg\",\"width\":1372,\"height\":879},{\"@type\":\"BreadcrumbList\",\"@id\":\"https:\/\/deputadotaveirajr.com.br\/index.php\/ex-deputado-rafael-motta-deixa-uti-em-recuperacao-apos-acidente-de-kitesurfe\/#breadcrumb\",\"itemListElement\":[{\"@type\":\"ListItem\",\"position\":1,\"name\":\"In\u00edcio\",\"item\":\"https:\/\/deputadotaveirajr.com.br\/\"},{\"@type\":\"ListItem\",\"position\":2,\"name\":\"Ex-deputado Rafael Motta deixa UTI em recupera\u00e7\u00e3o ap\u00f3s acidente de kitesurfe\"}]},{\"@type\":\"WebSite\",\"@id\":\"https:\/\/deputadotaveirajr.com.br\/#website\",\"url\":\"https:\/\/deputadotaveirajr.com.br\/\",\"name\":\"Taveira Jr\",\"description\":\"Deputado Estadual\",\"publisher\":{\"@id\":\"https:\/\/deputadotaveirajr.com.br\/#organization\"},\"potentialAction\":[{\"@type\":\"SearchAction\",\"target\":{\"@type\":\"EntryPoint\",\"urlTemplate\":\"https:\/\/deputadotaveirajr.com.br\/?s={search_term_string}\"},\"query-input\":{\"@type\":\"PropertyValueSpecification\",\"valueRequired\":true,\"valueName\":\"search_term_string\"}}],\"inLanguage\":\"pt-BR\"},{\"@type\":\"Organization\",\"@id\":\"https:\/\/deputadotaveirajr.com.br\/#organization\",\"name\":\"Taveira Jr\",\"url\":\"https:\/\/deputadotaveirajr.com.br\/\",\"logo\":{\"@type\":\"ImageObject\",\"inLanguage\":\"pt-BR\",\"@id\":\"https:\/\/deputadotaveirajr.com.br\/#\/schema\/logo\/image\/\",\"url\":\"https:\/\/deputadotaveirajr.com.br\/wp-content\/uploads\/2026\/01\/logolow2a.png\",\"contentUrl\":\"https:\/\/deputadotaveirajr.com.br\/wp-content\/uploads\/2026\/01\/logolow2a.png\",\"width\":290,\"height\":80,\"caption\":\"Taveira Jr\"},\"image\":{\"@id\":\"https:\/\/deputadotaveirajr.com.br\/#\/schema\/logo\/image\/\"}}]}<\/script>\n<!-- \/ Yoast SEO plugin. -->","yoast_head_json":{"title":"Ex-deputado Rafael Motta deixa UTI em recupera\u00e7\u00e3o ap\u00f3s acidente de kitesurfe - Taveira Jr","robots":{"index":"index","follow":"follow","max-snippet":"max-snippet:-1","max-image-preview":"max-image-preview:large","max-video-preview":"max-video-preview:-1"},"canonical":"https:\/\/deputadotaveirajr.com.br\/index.php\/ex-deputado-rafael-motta-deixa-uti-em-recuperacao-apos-acidente-de-kitesurfe\/","og_locale":"pt_BR","og_type":"article","og_title":"Ex-deputado Rafael Motta deixa UTI em recupera\u00e7\u00e3o ap\u00f3s acidente de kitesurfe - Taveira Jr","og_description":"Rafael Motta foi deputado federal pelo Rio Grande do Norte Pablo Valadares\/C\u00e2mara dos Deputados Em recupera\u00e7\u00e3o ap\u00f3s sofrer um grave acidente de kitesurfe em Natal, no \u00faltimo dia 22 de ...","og_url":"https:\/\/deputadotaveirajr.com.br\/index.php\/ex-deputado-rafael-motta-deixa-uti-em-recuperacao-apos-acidente-de-kitesurfe\/","og_site_name":"Taveira Jr","og_image":[{"url":"https:\/\/s2-g1.glbimg.com\/gYhcbqviSCllKoEbrHowExmOCp0=\/i.s3.glbimg.com\/v1\/AUTH_59edd422c0c84a879bd37670ae4f538a\/internal_photos\/bs\/2025\/e\/D\/vqOQX7RImYt94UFc54bg\/pablo-valadares.jpg","type":"","width":"","height":""}],"twitter_card":"summary_large_image","twitter_misc":{"Est. tempo de leitura":"2 minutos"},"schema":{"@context":"https:\/\/schema.org","@graph":[{"@type":"WebPage","@id":"https:\/\/deputadotaveirajr.com.br\/index.php\/ex-deputado-rafael-motta-deixa-uti-em-recuperacao-apos-acidente-de-kitesurfe\/","url":"https:\/\/deputadotaveirajr.com.br\/index.php\/ex-deputado-rafael-motta-deixa-uti-em-recuperacao-apos-acidente-de-kitesurfe\/","name":"Ex-deputado Rafael Motta deixa UTI em recupera\u00e7\u00e3o ap\u00f3s acidente de kitesurfe - Taveira Jr","isPartOf":{"@id":"https:\/\/deputadotaveirajr.com.br\/#website"},"primaryImageOfPage":{"@id":"https:\/\/deputadotaveirajr.com.br\/index.php\/ex-deputado-rafael-motta-deixa-uti-em-recuperacao-apos-acidente-de-kitesurfe\/#primaryimage"},"image":{"@id":"https:\/\/deputadotaveirajr.com.br\/index.php\/ex-deputado-rafael-motta-deixa-uti-em-recuperacao-apos-acidente-de-kitesurfe\/#primaryimage"},"thumbnailUrl":"https:\/\/deputadotaveirajr.com.br\/wp-content\/uploads\/2025\/09\/pablo-valadares-CnYN9j.jpg","datePublished":"2025-09-08T23:33:05+00:00","breadcrumb":{"@id":"https:\/\/deputadotaveirajr.com.br\/index.php\/ex-deputado-rafael-motta-deixa-uti-em-recuperacao-apos-acidente-de-kitesurfe\/#breadcrumb"},"inLanguage":"pt-BR","potentialAction":[{"@type":"ReadAction","target":["https:\/\/deputadotaveirajr.com.br\/index.php\/ex-deputado-rafael-motta-deixa-uti-em-recuperacao-apos-acidente-de-kitesurfe\/"]}]},{"@type":"ImageObject","inLanguage":"pt-BR","@id":"https:\/\/deputadotaveirajr.com.br\/index.php\/ex-deputado-rafael-motta-deixa-uti-em-recuperacao-apos-acidente-de-kitesurfe\/#primaryimage","url":"https:\/\/deputadotaveirajr.com.br\/wp-content\/uploads\/2025\/09\/pablo-valadares-CnYN9j.jpg","contentUrl":"https:\/\/deputadotaveirajr.com.br\/wp-content\/uploads\/2025\/09\/pablo-valadares-CnYN9j.jpg","width":1372,"height":879},{"@type":"BreadcrumbList","@id":"https:\/\/deputadotaveirajr.com.br\/index.php\/ex-deputado-rafael-motta-deixa-uti-em-recuperacao-apos-acidente-de-kitesurfe\/#breadcrumb","itemListElement":[{"@type":"ListItem","position":1,"name":"In\u00edcio","item":"https:\/\/deputadotaveirajr.com.br\/"},{"@type":"ListItem","position":2,"name":"Ex-deputado Rafael Motta deixa UTI em recupera\u00e7\u00e3o ap\u00f3s acidente de kitesurfe"}]},{"@type":"WebSite","@id":"https:\/\/deputadotaveirajr.com.br\/#website","url":"https:\/\/deputadotaveirajr.com.br\/","name":"Taveira Jr","description":"Deputado Estadual","publisher":{"@id":"https:\/\/deputadotaveirajr.com.br\/#organization"},"potentialAction":[{"@type":"SearchAction","target":{"@type":"EntryPoint","urlTemplate":"https:\/\/deputadotaveirajr.com.br\/?s={search_term_string}"},"query-input":{"@type":"PropertyValueSpecification","valueRequired":true,"valueName":"search_term_string"}}],"inLanguage":"pt-BR"},{"@type":"Organization","@id":"https:\/\/deputadotaveirajr.com.br\/#organization","name":"Taveira Jr","url":"https:\/\/deputadotaveirajr.com.br\/","logo":{"@type":"ImageObject","inLanguage":"pt-BR","@id":"https:\/\/deputadotaveirajr.com.br\/#\/schema\/logo\/image\/","url":"https:\/\/deputadotaveirajr.com.br\/wp-content\/uploads\/2026\/01\/logolow2a.png","contentUrl":"https:\/\/deputadotaveirajr.com.br\/wp-content\/uploads\/2026\/01\/logolow2a.png","width":290,"height":80,"caption":"Taveira Jr"},"image":{"@id":"https:\/\/deputadotaveirajr.com.br\/#\/schema\/logo\/image\/"}}]}},"_links":{"self":[{"href":"https:\/\/deputadotaveirajr.com.br\/index.php\/wp-json\/wp\/v2\/pages\/14059","targetHints":{"allow":["GET"]}}],"collection":[{"href":"https:\/\/deputadotaveirajr.com.br\/index.php\/wp-json\/wp\/v2\/pages"}],"about":[{"href":"https:\/\/deputadotaveirajr.com.br\/index.php\/wp-json\/wp\/v2\/types\/page"}],"replies":[{"embeddable":true,"href":"https:\/\/deputadotaveirajr.com.br\/index.php\/wp-json\/wp\/v2\/comments?post=14059"}],"version-history":[{"count":0,"href":"https:\/\/deputadotaveirajr.com.br\/index.php\/wp-json\/wp\/v2\/pages\/14059\/revisions"}],"wp:featuredmedia":[{"embeddable":true,"href":"https:\/\/deputadotaveirajr.com.br\/index.php\/wp-json\/wp\/v2\/media\/14060"}],"wp:attachment":[{"href":"https:\/\/deputadotaveirajr.com.br\/index.php\/wp-json\/wp\/v2\/media?parent=14059"}],"curies":[{"name":"wp","href":"https:\/\/api.w.org\/{rel}","templated":true}]}}