{"id":14082,"date":"2025-09-11T17:45:42","date_gmt":"2025-09-11T20:45:42","guid":{"rendered":"https:\/\/deputadotaveirajr.com.br\/index.php\/mpf-cobra-plano-de-manejo-e-estudo-de-capacidade-de-carga-nas-falesias-de-pipa-apos-novo-deslizamento-de-terra\/"},"modified":"2025-09-11T17:45:42","modified_gmt":"2025-09-11T20:45:42","slug":"mpf-cobra-plano-de-manejo-e-estudo-de-capacidade-de-carga-nas-falesias-de-pipa-apos-novo-deslizamento-de-terra","status":"publish","type":"page","link":"https:\/\/deputadotaveirajr.com.br\/index.php\/mpf-cobra-plano-de-manejo-e-estudo-de-capacidade-de-carga-nas-falesias-de-pipa-apos-novo-deslizamento-de-terra\/","title":{"rendered":"MPF cobra plano de manejo e estudo de capacidade de carga nas fal\u00e9sias de Pipa ap\u00f3s novo deslizamento de terra"},"content":{"rendered":"<p><img decoding=\"async\" src=\"https:\/\/s2-g1.glbimg.com\/ilpRDPJfeX_3oMkVkUGhxltgdww=\/i.s3.glbimg.com\/v1\/AUTH_59edd422c0c84a879bd37670ae4f538a\/internal_photos\/bs\/2025\/L\/o\/SAtFAXTUefmalc27QHag\/whatsapp-image-2025-09-08-at-10.35.09.jpeg\" \/><br \/>     Deslizamento de terra atinge barracas na Praia do Madeiro, em Pipa<br \/>\nS\u00e9rgio Henrique Santos\/Inter TV<br \/>\nO Minist\u00e9rio P\u00fablico Federal (MPF) deu prazo de 15 dias para que a prefeitura de Tibau do Sul, munic\u00edpio onde ficam as praias de Pipa, no Rio Grande do Norte, indique os avan\u00e7os na formula\u00e7\u00e3o de um plano de manejo para a \u00e1rea, com indica\u00e7\u00e3o das atividades permitidas.<br \/>\nAl\u00e9m disso, a prefeitura deve apresentar um estudo da capacidade de carga para dimensionar as press\u00f5es sobre as fal\u00e9sias.<br \/>\n\ud83d\udcf3 Clique aqui para seguir o canal do g1 RN no WhatsApp<br \/>\nSegundo o MPF, a ocupa\u00e7\u00e3o irregular das fal\u00e9sias tem colocado em risco o meio ambiente e as pessoas, com acidentes recorrentes nos \u00faltimos anos. A prefeitura de Tibau do Sul foi procurada, mas n\u00e3o enviou posicionamento sobre as recomenda\u00e7\u00f5es do MPF at\u00e9 a \u00faltima atualiza\u00e7\u00e3o desta reportagem.<br \/>\nLEIA MAIS<br \/>\nSaiba como evitar acidentes ao visitar fal\u00e9sias na praia de Pipa<br \/>\nMulher cai de fal\u00e9sia durante passeio de quadriciclo em Pipa<br \/>\nParte de fal\u00e9sia desaba e mata casal e beb\u00ea de 7 meses<br \/>\nNo \u00faltimo domingo (7) duas pessoas ficaram feridas ap\u00f3s um deslizamento de terra na Praia do Madeiro. Duas barracas na praia foram atingidas e cinco chal\u00e9s de um hotel foram interditados pela defesa civil do munic\u00edpio.<br \/>\nDe acordo com o MPF, o objetivo do \u00f3rg\u00e3o \u00e9 articular uma atua\u00e7\u00e3o conjunta da prefeitura de Tibau do Sul com \u00f3rg\u00e3os ambientais e universidades federais no RN.<br \/>\n&#8220;Estudos t\u00e9cnicos do Instituto do Desenvolvimento Sustent\u00e1vel e Meio Ambiente do Rio Grande do Norte (Idema\/RN) j\u00e1 indicavam, pelo menos desde 2017, que as praias de Pipa representam risco iminente \u00e0 vida humana, com pontos de eros\u00e3o em estado avan\u00e7ado, e ocupa\u00e7\u00e3o irregular por instala\u00e7\u00f5es tur\u00edsticas e comerciantes&#8221;, informou o \u00f3rg\u00e3o.<br \/>\nAinda de acordo com o MPF, desde 2021, a prefeitura de Tibau do Sul se comprometeu a elaborar um plano de manejo e o estudo da capacidade de carga.<br \/>\nNesta semana, o MPF cobrou uma atualiza\u00e7\u00e3o sobre o plano. As a\u00e7\u00f5es devem incluir fiscaliza\u00e7\u00e3o peri\u00f3dica, instala\u00e7\u00e3o de dep\u00f3sitos adequados para res\u00edduos e o ordenamento das barracas e demais atividades.<br \/>\nO MPF tamb\u00e9m entrou em contato com o Projeto Fal\u00e9sias, da Universidade Federal do Rio Grande do Norte, para um entendimento t\u00e9cnico atualizado das medidas \u2013 urgentes e estruturais \u2013 que devem ser adotadas na \u00e1rea.<br \/>\nSegundo o procurador da Rep\u00fablica Cam\u00f5es Boaventura, \u201cobserva-se a perman\u00eancia de ocupa\u00e7\u00f5es irregulares impactantes, a aus\u00eancia de medidas efetivas para elabora\u00e7\u00e3o e execu\u00e7\u00e3o do plano de manejo, bem como o agravamento dos riscos decorrentes dos deslizamentos de fal\u00e9sias\u201d. O procurador alerta que o cen\u00e1rio exige atua\u00e7\u00e3o imediata.<br \/>\nDeslizamento de terra atinge barracas na Praia do Madeiro, em Pipa<br \/>\nRecupera\u00e7\u00e3o<br \/>\nEm abril, um hotel na praia do Madeiro e sua propriet\u00e1ria foram condenados pelo funcionamento de uma barraca de praia sem licen\u00e7a e pelo descumprimento de obriga\u00e7\u00f5es de interesse ambiental.<br \/>\nA propriet\u00e1ria teve a pena privativa de liberdade convertida em multa pecuni\u00e1ria, e a empresa dever\u00e1 custear a\u00e7\u00f5es ambientais no valor de R$ 40 mil como presta\u00e7\u00e3o de servi\u00e7o \u00e0 comunidade.<br \/>\nO Idema havia constatado que a instala\u00e7\u00e3o irregular do empreendimento ocasionava danos ambientais, como: banheiros localizados no sop\u00e9 da fal\u00e9sia; tubula\u00e7\u00f5es de esgoto e de \u00e1gua com risco de vazamentos; ac\u00famulo de res\u00edduos s\u00f3lidos; e fossa s\u00e9ptica com potencial de contamina\u00e7\u00e3o do len\u00e7ol fre\u00e1tico.<br \/>\nComo solu\u00e7\u00e3o t\u00e9cnica, o \u00f3rg\u00e3o ambiental apontou a necessidade de remo\u00e7\u00e3o integral da barraca fixa e a elabora\u00e7\u00e3o de plano para recupera\u00e7\u00e3o, devido ao corte realizado na base da fal\u00e9sia e \u00e0 altera\u00e7\u00e3o da paisagem local.<br \/>\nNa \u00faltima ter\u00e7a-feira (9), o MPF concedeu ao munic\u00edpio de Tibau do Sul o prazo de 15 dias para apresentar cronograma de demoli\u00e7\u00e3o e recupera\u00e7\u00e3o da \u00e1rea.<br \/>\nEm outra a\u00e7\u00e3o proposta pelo MPF, a Justi\u00e7a Federal determinou a demoli\u00e7\u00e3o de constru\u00e7\u00f5es irregulares de um restaurante entre as praias de Cacimbinhas e Ponta do Madeiro, em agosto de 2024.<br \/>\nO restaurante e o propriet\u00e1rio devem desocupar e recuperar a \u00e1rea, inclusive com o plantio de vegeta\u00e7\u00e3o nativa.<br \/>\nEles tamb\u00e9m foram condenados ao pagamento de indeniza\u00e7\u00e3o de R$ 100 mil pelos danos ambientais e devem se abster de construir em \u00e1reas de praia e de uso comum sem a devida autoriza\u00e7\u00e3o.<br \/>\nO MPF constatou que a demoli\u00e7\u00e3o n\u00e3o foi realizada, ap\u00f3s mais de um ano da senten\u00e7a, e obteve decis\u00e3o judicial que obriga a Prefeitura de Tibau do Sul a executar a retirada das constru\u00e7\u00f5es.<br \/>\nVeja os v\u00eddeos mais assistidos no g1 RN<\/p>","protected":false},"excerpt":{"rendered":"<p>Deslizamento de terra atinge barracas na Praia do Madeiro, em Pipa S\u00e9rgio Henrique Santos\/Inter TV O Minist\u00e9rio P\u00fablico Federal (MPF) deu prazo de 15 dias para que a prefeitura de &#8230;<\/p>\n","protected":false},"author":0,"featured_media":14083,"parent":0,"menu_order":0,"comment_status":"closed","ping_status":"closed","template":"","meta":{"footnotes":""},"class_list":["post-14082","page","type-page","status-publish","has-post-thumbnail","hentry"],"yoast_head":"<!-- This site is optimized with the Yoast SEO plugin v27.1.1 - https:\/\/yoast.com\/product\/yoast-seo-wordpress\/ -->\n<title>MPF cobra plano de manejo e estudo de capacidade de carga nas fal\u00e9sias de Pipa ap\u00f3s novo deslizamento de terra - Taveira Jr<\/title>\n<meta name=\"robots\" content=\"index, follow, max-snippet:-1, max-image-preview:large, max-video-preview:-1\" \/>\n<link rel=\"canonical\" href=\"https:\/\/deputadotaveirajr.com.br\/index.php\/mpf-cobra-plano-de-manejo-e-estudo-de-capacidade-de-carga-nas-falesias-de-pipa-apos-novo-deslizamento-de-terra\/\" \/>\n<meta property=\"og:locale\" content=\"pt_BR\" \/>\n<meta property=\"og:type\" content=\"article\" \/>\n<meta property=\"og:title\" content=\"MPF cobra plano de manejo e estudo de capacidade de carga nas fal\u00e9sias de Pipa ap\u00f3s novo deslizamento de terra - Taveira Jr\" \/>\n<meta property=\"og:description\" content=\"Deslizamento de terra atinge barracas na Praia do Madeiro, em Pipa S\u00e9rgio Henrique Santos\/Inter TV O Minist\u00e9rio P\u00fablico Federal (MPF) deu prazo de 15 dias para que a prefeitura de ...\" \/>\n<meta property=\"og:url\" content=\"https:\/\/deputadotaveirajr.com.br\/index.php\/mpf-cobra-plano-de-manejo-e-estudo-de-capacidade-de-carga-nas-falesias-de-pipa-apos-novo-deslizamento-de-terra\/\" \/>\n<meta property=\"og:site_name\" content=\"Taveira Jr\" \/>\n<meta property=\"og:image\" content=\"https:\/\/s2-g1.glbimg.com\/ilpRDPJfeX_3oMkVkUGhxltgdww=\/i.s3.glbimg.com\/v1\/AUTH_59edd422c0c84a879bd37670ae4f538a\/internal_photos\/bs\/2025\/L\/o\/SAtFAXTUefmalc27QHag\/whatsapp-image-2025-09-08-at-10.35.09.jpeg\" \/>\n<meta name=\"twitter:card\" content=\"summary_large_image\" \/>\n<meta name=\"twitter:label1\" content=\"Est. tempo de leitura\" \/>\n\t<meta name=\"twitter:data1\" content=\"4 minutos\" \/>\n<script type=\"application\/ld+json\" class=\"yoast-schema-graph\">{\"@context\":\"https:\/\/schema.org\",\"@graph\":[{\"@type\":\"WebPage\",\"@id\":\"https:\/\/deputadotaveirajr.com.br\/index.php\/mpf-cobra-plano-de-manejo-e-estudo-de-capacidade-de-carga-nas-falesias-de-pipa-apos-novo-deslizamento-de-terra\/\",\"url\":\"https:\/\/deputadotaveirajr.com.br\/index.php\/mpf-cobra-plano-de-manejo-e-estudo-de-capacidade-de-carga-nas-falesias-de-pipa-apos-novo-deslizamento-de-terra\/\",\"name\":\"MPF cobra plano de manejo e estudo de capacidade de carga nas fal\u00e9sias de Pipa ap\u00f3s novo deslizamento de terra - Taveira Jr\",\"isPartOf\":{\"@id\":\"https:\/\/deputadotaveirajr.com.br\/#website\"},\"primaryImageOfPage\":{\"@id\":\"https:\/\/deputadotaveirajr.com.br\/index.php\/mpf-cobra-plano-de-manejo-e-estudo-de-capacidade-de-carga-nas-falesias-de-pipa-apos-novo-deslizamento-de-terra\/#primaryimage\"},\"image\":{\"@id\":\"https:\/\/deputadotaveirajr.com.br\/index.php\/mpf-cobra-plano-de-manejo-e-estudo-de-capacidade-de-carga-nas-falesias-de-pipa-apos-novo-deslizamento-de-terra\/#primaryimage\"},\"thumbnailUrl\":\"https:\/\/deputadotaveirajr.com.br\/wp-content\/uploads\/2025\/09\/whatsapp-image-2025-09-08-at-10.35.09-kirM83-scaled.jpg\",\"datePublished\":\"2025-09-11T20:45:42+00:00\",\"breadcrumb\":{\"@id\":\"https:\/\/deputadotaveirajr.com.br\/index.php\/mpf-cobra-plano-de-manejo-e-estudo-de-capacidade-de-carga-nas-falesias-de-pipa-apos-novo-deslizamento-de-terra\/#breadcrumb\"},\"inLanguage\":\"pt-BR\",\"potentialAction\":[{\"@type\":\"ReadAction\",\"target\":[\"https:\/\/deputadotaveirajr.com.br\/index.php\/mpf-cobra-plano-de-manejo-e-estudo-de-capacidade-de-carga-nas-falesias-de-pipa-apos-novo-deslizamento-de-terra\/\"]}]},{\"@type\":\"ImageObject\",\"inLanguage\":\"pt-BR\",\"@id\":\"https:\/\/deputadotaveirajr.com.br\/index.php\/mpf-cobra-plano-de-manejo-e-estudo-de-capacidade-de-carga-nas-falesias-de-pipa-apos-novo-deslizamento-de-terra\/#primaryimage\",\"url\":\"https:\/\/deputadotaveirajr.com.br\/wp-content\/uploads\/2025\/09\/whatsapp-image-2025-09-08-at-10.35.09-kirM83-scaled.jpg\",\"contentUrl\":\"https:\/\/deputadotaveirajr.com.br\/wp-content\/uploads\/2025\/09\/whatsapp-image-2025-09-08-at-10.35.09-kirM83-scaled.jpg\",\"width\":2560,\"height\":1920},{\"@type\":\"BreadcrumbList\",\"@id\":\"https:\/\/deputadotaveirajr.com.br\/index.php\/mpf-cobra-plano-de-manejo-e-estudo-de-capacidade-de-carga-nas-falesias-de-pipa-apos-novo-deslizamento-de-terra\/#breadcrumb\",\"itemListElement\":[{\"@type\":\"ListItem\",\"position\":1,\"name\":\"In\u00edcio\",\"item\":\"https:\/\/deputadotaveirajr.com.br\/\"},{\"@type\":\"ListItem\",\"position\":2,\"name\":\"MPF cobra plano de manejo e estudo de capacidade de carga nas fal\u00e9sias de Pipa ap\u00f3s novo deslizamento de terra\"}]},{\"@type\":\"WebSite\",\"@id\":\"https:\/\/deputadotaveirajr.com.br\/#website\",\"url\":\"https:\/\/deputadotaveirajr.com.br\/\",\"name\":\"Taveira Jr\",\"description\":\"Deputado Estadual\",\"publisher\":{\"@id\":\"https:\/\/deputadotaveirajr.com.br\/#organization\"},\"potentialAction\":[{\"@type\":\"SearchAction\",\"target\":{\"@type\":\"EntryPoint\",\"urlTemplate\":\"https:\/\/deputadotaveirajr.com.br\/?s={search_term_string}\"},\"query-input\":{\"@type\":\"PropertyValueSpecification\",\"valueRequired\":true,\"valueName\":\"search_term_string\"}}],\"inLanguage\":\"pt-BR\"},{\"@type\":\"Organization\",\"@id\":\"https:\/\/deputadotaveirajr.com.br\/#organization\",\"name\":\"Taveira Jr\",\"url\":\"https:\/\/deputadotaveirajr.com.br\/\",\"logo\":{\"@type\":\"ImageObject\",\"inLanguage\":\"pt-BR\",\"@id\":\"https:\/\/deputadotaveirajr.com.br\/#\/schema\/logo\/image\/\",\"url\":\"https:\/\/deputadotaveirajr.com.br\/wp-content\/uploads\/2026\/01\/logolow2a.png\",\"contentUrl\":\"https:\/\/deputadotaveirajr.com.br\/wp-content\/uploads\/2026\/01\/logolow2a.png\",\"width\":290,\"height\":80,\"caption\":\"Taveira Jr\"},\"image\":{\"@id\":\"https:\/\/deputadotaveirajr.com.br\/#\/schema\/logo\/image\/\"}}]}<\/script>\n<!-- \/ Yoast SEO plugin. -->","yoast_head_json":{"title":"MPF cobra plano de manejo e estudo de capacidade de carga nas fal\u00e9sias de Pipa ap\u00f3s novo deslizamento de terra - Taveira Jr","robots":{"index":"index","follow":"follow","max-snippet":"max-snippet:-1","max-image-preview":"max-image-preview:large","max-video-preview":"max-video-preview:-1"},"canonical":"https:\/\/deputadotaveirajr.com.br\/index.php\/mpf-cobra-plano-de-manejo-e-estudo-de-capacidade-de-carga-nas-falesias-de-pipa-apos-novo-deslizamento-de-terra\/","og_locale":"pt_BR","og_type":"article","og_title":"MPF cobra plano de manejo e estudo de capacidade de carga nas fal\u00e9sias de Pipa ap\u00f3s novo deslizamento de terra - Taveira Jr","og_description":"Deslizamento de terra atinge barracas na Praia do Madeiro, em Pipa S\u00e9rgio Henrique Santos\/Inter TV O Minist\u00e9rio P\u00fablico Federal (MPF) deu prazo de 15 dias para que a prefeitura de ...","og_url":"https:\/\/deputadotaveirajr.com.br\/index.php\/mpf-cobra-plano-de-manejo-e-estudo-de-capacidade-de-carga-nas-falesias-de-pipa-apos-novo-deslizamento-de-terra\/","og_site_name":"Taveira Jr","og_image":[{"url":"https:\/\/s2-g1.glbimg.com\/ilpRDPJfeX_3oMkVkUGhxltgdww=\/i.s3.glbimg.com\/v1\/AUTH_59edd422c0c84a879bd37670ae4f538a\/internal_photos\/bs\/2025\/L\/o\/SAtFAXTUefmalc27QHag\/whatsapp-image-2025-09-08-at-10.35.09.jpeg","type":"","width":"","height":""}],"twitter_card":"summary_large_image","twitter_misc":{"Est. tempo de leitura":"4 minutos"},"schema":{"@context":"https:\/\/schema.org","@graph":[{"@type":"WebPage","@id":"https:\/\/deputadotaveirajr.com.br\/index.php\/mpf-cobra-plano-de-manejo-e-estudo-de-capacidade-de-carga-nas-falesias-de-pipa-apos-novo-deslizamento-de-terra\/","url":"https:\/\/deputadotaveirajr.com.br\/index.php\/mpf-cobra-plano-de-manejo-e-estudo-de-capacidade-de-carga-nas-falesias-de-pipa-apos-novo-deslizamento-de-terra\/","name":"MPF cobra plano de manejo e estudo de capacidade de carga nas fal\u00e9sias de Pipa ap\u00f3s novo deslizamento de terra - Taveira Jr","isPartOf":{"@id":"https:\/\/deputadotaveirajr.com.br\/#website"},"primaryImageOfPage":{"@id":"https:\/\/deputadotaveirajr.com.br\/index.php\/mpf-cobra-plano-de-manejo-e-estudo-de-capacidade-de-carga-nas-falesias-de-pipa-apos-novo-deslizamento-de-terra\/#primaryimage"},"image":{"@id":"https:\/\/deputadotaveirajr.com.br\/index.php\/mpf-cobra-plano-de-manejo-e-estudo-de-capacidade-de-carga-nas-falesias-de-pipa-apos-novo-deslizamento-de-terra\/#primaryimage"},"thumbnailUrl":"https:\/\/deputadotaveirajr.com.br\/wp-content\/uploads\/2025\/09\/whatsapp-image-2025-09-08-at-10.35.09-kirM83-scaled.jpg","datePublished":"2025-09-11T20:45:42+00:00","breadcrumb":{"@id":"https:\/\/deputadotaveirajr.com.br\/index.php\/mpf-cobra-plano-de-manejo-e-estudo-de-capacidade-de-carga-nas-falesias-de-pipa-apos-novo-deslizamento-de-terra\/#breadcrumb"},"inLanguage":"pt-BR","potentialAction":[{"@type":"ReadAction","target":["https:\/\/deputadotaveirajr.com.br\/index.php\/mpf-cobra-plano-de-manejo-e-estudo-de-capacidade-de-carga-nas-falesias-de-pipa-apos-novo-deslizamento-de-terra\/"]}]},{"@type":"ImageObject","inLanguage":"pt-BR","@id":"https:\/\/deputadotaveirajr.com.br\/index.php\/mpf-cobra-plano-de-manejo-e-estudo-de-capacidade-de-carga-nas-falesias-de-pipa-apos-novo-deslizamento-de-terra\/#primaryimage","url":"https:\/\/deputadotaveirajr.com.br\/wp-content\/uploads\/2025\/09\/whatsapp-image-2025-09-08-at-10.35.09-kirM83-scaled.jpg","contentUrl":"https:\/\/deputadotaveirajr.com.br\/wp-content\/uploads\/2025\/09\/whatsapp-image-2025-09-08-at-10.35.09-kirM83-scaled.jpg","width":2560,"height":1920},{"@type":"BreadcrumbList","@id":"https:\/\/deputadotaveirajr.com.br\/index.php\/mpf-cobra-plano-de-manejo-e-estudo-de-capacidade-de-carga-nas-falesias-de-pipa-apos-novo-deslizamento-de-terra\/#breadcrumb","itemListElement":[{"@type":"ListItem","position":1,"name":"In\u00edcio","item":"https:\/\/deputadotaveirajr.com.br\/"},{"@type":"ListItem","position":2,"name":"MPF cobra plano de manejo e estudo de capacidade de carga nas fal\u00e9sias de Pipa ap\u00f3s novo deslizamento de terra"}]},{"@type":"WebSite","@id":"https:\/\/deputadotaveirajr.com.br\/#website","url":"https:\/\/deputadotaveirajr.com.br\/","name":"Taveira Jr","description":"Deputado Estadual","publisher":{"@id":"https:\/\/deputadotaveirajr.com.br\/#organization"},"potentialAction":[{"@type":"SearchAction","target":{"@type":"EntryPoint","urlTemplate":"https:\/\/deputadotaveirajr.com.br\/?s={search_term_string}"},"query-input":{"@type":"PropertyValueSpecification","valueRequired":true,"valueName":"search_term_string"}}],"inLanguage":"pt-BR"},{"@type":"Organization","@id":"https:\/\/deputadotaveirajr.com.br\/#organization","name":"Taveira Jr","url":"https:\/\/deputadotaveirajr.com.br\/","logo":{"@type":"ImageObject","inLanguage":"pt-BR","@id":"https:\/\/deputadotaveirajr.com.br\/#\/schema\/logo\/image\/","url":"https:\/\/deputadotaveirajr.com.br\/wp-content\/uploads\/2026\/01\/logolow2a.png","contentUrl":"https:\/\/deputadotaveirajr.com.br\/wp-content\/uploads\/2026\/01\/logolow2a.png","width":290,"height":80,"caption":"Taveira Jr"},"image":{"@id":"https:\/\/deputadotaveirajr.com.br\/#\/schema\/logo\/image\/"}}]}},"_links":{"self":[{"href":"https:\/\/deputadotaveirajr.com.br\/index.php\/wp-json\/wp\/v2\/pages\/14082","targetHints":{"allow":["GET"]}}],"collection":[{"href":"https:\/\/deputadotaveirajr.com.br\/index.php\/wp-json\/wp\/v2\/pages"}],"about":[{"href":"https:\/\/deputadotaveirajr.com.br\/index.php\/wp-json\/wp\/v2\/types\/page"}],"replies":[{"embeddable":true,"href":"https:\/\/deputadotaveirajr.com.br\/index.php\/wp-json\/wp\/v2\/comments?post=14082"}],"version-history":[{"count":0,"href":"https:\/\/deputadotaveirajr.com.br\/index.php\/wp-json\/wp\/v2\/pages\/14082\/revisions"}],"wp:featuredmedia":[{"embeddable":true,"href":"https:\/\/deputadotaveirajr.com.br\/index.php\/wp-json\/wp\/v2\/media\/14083"}],"wp:attachment":[{"href":"https:\/\/deputadotaveirajr.com.br\/index.php\/wp-json\/wp\/v2\/media?parent=14082"}],"curies":[{"name":"wp","href":"https:\/\/api.w.org\/{rel}","templated":true}]}}