{"id":14090,"date":"2025-09-12T08:29:57","date_gmt":"2025-09-12T11:29:57","guid":{"rendered":"https:\/\/deputadotaveirajr.com.br\/index.php\/mulher-em-situacao-de-rua-morre-atropelada-na-br-304-em-mossoro\/"},"modified":"2025-09-12T08:29:57","modified_gmt":"2025-09-12T11:29:57","slug":"mulher-em-situacao-de-rua-morre-atropelada-na-br-304-em-mossoro","status":"publish","type":"page","link":"https:\/\/deputadotaveirajr.com.br\/index.php\/mulher-em-situacao-de-rua-morre-atropelada-na-br-304-em-mossoro\/","title":{"rendered":"Mulher em situa\u00e7\u00e3o de rua morre atropelada na BR-304 em Mossor\u00f3"},"content":{"rendered":"<p><img decoding=\"async\" src=\"https:\/\/s2-g1.glbimg.com\/eemer7xyTRLwUnk0URsId_3ELm0=\/i.s3.glbimg.com\/v1\/AUTH_59edd422c0c84a879bd37670ae4f538a\/internal_photos\/bs\/2025\/D\/m\/ZQhFjlStCVxV9d4XiTTQ\/whatsapp-image-2025-09-12-at-07.03.35-1-.jpeg\" \/><br \/>     Mulher em situa\u00e7\u00e3o de rua morre atropelada na BR-304<br \/>\nReprodu\u00e7\u00e3o<br \/>\nUma mulher em situa\u00e7\u00e3o de rua morreu ap\u00f3s ser atropelada na noite desta quinta-feira (11) na BR-304, em Mossor\u00f3, no Oeste do Rio Grande do Norte. O caso aconteceu por volta das 23h45, no km 38 da rodovia.<br \/>\nA v\u00edtima foi identificada como Elis\u00e2ngela L\u00facia Dam\u00e1sio, de 44 anos. Segundo a Pol\u00edcia Rodovi\u00e1ria Federal (PRF), o motorista do carro permaneceu no local e acionou o Servi\u00e7o de Atendimento M\u00f3vel de Urg\u00eancia (Samu) e a pr\u00f3pria PRF. O teste do baf\u00f4metro realizado nele deu resultado negativo para ingest\u00e3o de \u00e1lcool.<br \/>\n\ud83d\udcf3 Clique aqui para seguir o canal do g1 RN no WhatsApp<br \/>\nO motorista relatou que a v\u00edtima surgiu repentinamente na pista e que n\u00e3o conseguiu evitar o atropelamento. O corpo foi recolhido pelo Instituto T\u00e9cnico-Cient\u00edfico de Per\u00edcia (Itep), que realizou a per\u00edcia no local.<br \/>\nA Pol\u00edcia Civil vai investigar o caso.<br \/>\nVeja os v\u00eddeos mais assistidos no g1 RN<\/p>","protected":false},"excerpt":{"rendered":"<p>Mulher em situa\u00e7\u00e3o de rua morre atropelada na BR-304 Reprodu\u00e7\u00e3o Uma mulher em situa\u00e7\u00e3o de rua morreu ap\u00f3s ser atropelada na noite desta quinta-feira (11) na BR-304, em Mossor\u00f3, no &#8230;<\/p>\n","protected":false},"author":0,"featured_media":14091,"parent":0,"menu_order":0,"comment_status":"closed","ping_status":"closed","template":"","meta":{"footnotes":""},"class_list":["post-14090","page","type-page","status-publish","has-post-thumbnail","hentry"],"yoast_head":"<!-- This site is optimized with the Yoast SEO plugin v27.1.1 - https:\/\/yoast.com\/product\/yoast-seo-wordpress\/ -->\n<title>Mulher em situa\u00e7\u00e3o de rua morre atropelada na BR-304 em Mossor\u00f3 - Taveira Jr<\/title>\n<meta name=\"robots\" content=\"index, follow, max-snippet:-1, max-image-preview:large, max-video-preview:-1\" \/>\n<link rel=\"canonical\" href=\"https:\/\/deputadotaveirajr.com.br\/index.php\/mulher-em-situacao-de-rua-morre-atropelada-na-br-304-em-mossoro\/\" \/>\n<meta property=\"og:locale\" content=\"pt_BR\" \/>\n<meta property=\"og:type\" content=\"article\" \/>\n<meta property=\"og:title\" content=\"Mulher em situa\u00e7\u00e3o de rua morre atropelada na BR-304 em Mossor\u00f3 - Taveira Jr\" \/>\n<meta property=\"og:description\" content=\"Mulher em situa\u00e7\u00e3o de rua morre atropelada na BR-304 Reprodu\u00e7\u00e3o Uma mulher em situa\u00e7\u00e3o de rua morreu ap\u00f3s ser atropelada na noite desta quinta-feira (11) na BR-304, em Mossor\u00f3, no ...\" \/>\n<meta property=\"og:url\" content=\"https:\/\/deputadotaveirajr.com.br\/index.php\/mulher-em-situacao-de-rua-morre-atropelada-na-br-304-em-mossoro\/\" \/>\n<meta property=\"og:site_name\" content=\"Taveira Jr\" \/>\n<meta property=\"og:image\" content=\"https:\/\/s2-g1.glbimg.com\/eemer7xyTRLwUnk0URsId_3ELm0=\/i.s3.glbimg.com\/v1\/AUTH_59edd422c0c84a879bd37670ae4f538a\/internal_photos\/bs\/2025\/D\/m\/ZQhFjlStCVxV9d4XiTTQ\/whatsapp-image-2025-09-12-at-07.03.35-1-.jpeg\" \/>\n<meta name=\"twitter:card\" content=\"summary_large_image\" \/>\n<meta name=\"twitter:label1\" content=\"Est. tempo de leitura\" \/>\n\t<meta name=\"twitter:data1\" content=\"1 minuto\" \/>\n<script type=\"application\/ld+json\" class=\"yoast-schema-graph\">{\"@context\":\"https:\/\/schema.org\",\"@graph\":[{\"@type\":\"WebPage\",\"@id\":\"https:\/\/deputadotaveirajr.com.br\/index.php\/mulher-em-situacao-de-rua-morre-atropelada-na-br-304-em-mossoro\/\",\"url\":\"https:\/\/deputadotaveirajr.com.br\/index.php\/mulher-em-situacao-de-rua-morre-atropelada-na-br-304-em-mossoro\/\",\"name\":\"Mulher em situa\u00e7\u00e3o de rua morre atropelada na BR-304 em Mossor\u00f3 - Taveira Jr\",\"isPartOf\":{\"@id\":\"https:\/\/deputadotaveirajr.com.br\/#website\"},\"primaryImageOfPage\":{\"@id\":\"https:\/\/deputadotaveirajr.com.br\/index.php\/mulher-em-situacao-de-rua-morre-atropelada-na-br-304-em-mossoro\/#primaryimage\"},\"image\":{\"@id\":\"https:\/\/deputadotaveirajr.com.br\/index.php\/mulher-em-situacao-de-rua-morre-atropelada-na-br-304-em-mossoro\/#primaryimage\"},\"thumbnailUrl\":\"https:\/\/deputadotaveirajr.com.br\/wp-content\/uploads\/2025\/09\/whatsapp-image-2025-09-12-at-07.03.35-1-wNc8KJ.jpg\",\"datePublished\":\"2025-09-12T11:29:57+00:00\",\"breadcrumb\":{\"@id\":\"https:\/\/deputadotaveirajr.com.br\/index.php\/mulher-em-situacao-de-rua-morre-atropelada-na-br-304-em-mossoro\/#breadcrumb\"},\"inLanguage\":\"pt-BR\",\"potentialAction\":[{\"@type\":\"ReadAction\",\"target\":[\"https:\/\/deputadotaveirajr.com.br\/index.php\/mulher-em-situacao-de-rua-morre-atropelada-na-br-304-em-mossoro\/\"]}]},{\"@type\":\"ImageObject\",\"inLanguage\":\"pt-BR\",\"@id\":\"https:\/\/deputadotaveirajr.com.br\/index.php\/mulher-em-situacao-de-rua-morre-atropelada-na-br-304-em-mossoro\/#primaryimage\",\"url\":\"https:\/\/deputadotaveirajr.com.br\/wp-content\/uploads\/2025\/09\/whatsapp-image-2025-09-12-at-07.03.35-1-wNc8KJ.jpg\",\"contentUrl\":\"https:\/\/deputadotaveirajr.com.br\/wp-content\/uploads\/2025\/09\/whatsapp-image-2025-09-12-at-07.03.35-1-wNc8KJ.jpg\",\"width\":1200,\"height\":1038},{\"@type\":\"BreadcrumbList\",\"@id\":\"https:\/\/deputadotaveirajr.com.br\/index.php\/mulher-em-situacao-de-rua-morre-atropelada-na-br-304-em-mossoro\/#breadcrumb\",\"itemListElement\":[{\"@type\":\"ListItem\",\"position\":1,\"name\":\"In\u00edcio\",\"item\":\"https:\/\/deputadotaveirajr.com.br\/\"},{\"@type\":\"ListItem\",\"position\":2,\"name\":\"Mulher em situa\u00e7\u00e3o de rua morre atropelada na BR-304 em Mossor\u00f3\"}]},{\"@type\":\"WebSite\",\"@id\":\"https:\/\/deputadotaveirajr.com.br\/#website\",\"url\":\"https:\/\/deputadotaveirajr.com.br\/\",\"name\":\"Taveira Jr\",\"description\":\"Deputado Estadual\",\"publisher\":{\"@id\":\"https:\/\/deputadotaveirajr.com.br\/#organization\"},\"potentialAction\":[{\"@type\":\"SearchAction\",\"target\":{\"@type\":\"EntryPoint\",\"urlTemplate\":\"https:\/\/deputadotaveirajr.com.br\/?s={search_term_string}\"},\"query-input\":{\"@type\":\"PropertyValueSpecification\",\"valueRequired\":true,\"valueName\":\"search_term_string\"}}],\"inLanguage\":\"pt-BR\"},{\"@type\":\"Organization\",\"@id\":\"https:\/\/deputadotaveirajr.com.br\/#organization\",\"name\":\"Taveira Jr\",\"url\":\"https:\/\/deputadotaveirajr.com.br\/\",\"logo\":{\"@type\":\"ImageObject\",\"inLanguage\":\"pt-BR\",\"@id\":\"https:\/\/deputadotaveirajr.com.br\/#\/schema\/logo\/image\/\",\"url\":\"https:\/\/deputadotaveirajr.com.br\/wp-content\/uploads\/2026\/01\/logolow2a.png\",\"contentUrl\":\"https:\/\/deputadotaveirajr.com.br\/wp-content\/uploads\/2026\/01\/logolow2a.png\",\"width\":290,\"height\":80,\"caption\":\"Taveira Jr\"},\"image\":{\"@id\":\"https:\/\/deputadotaveirajr.com.br\/#\/schema\/logo\/image\/\"}}]}<\/script>\n<!-- \/ Yoast SEO plugin. -->","yoast_head_json":{"title":"Mulher em situa\u00e7\u00e3o de rua morre atropelada na BR-304 em Mossor\u00f3 - Taveira Jr","robots":{"index":"index","follow":"follow","max-snippet":"max-snippet:-1","max-image-preview":"max-image-preview:large","max-video-preview":"max-video-preview:-1"},"canonical":"https:\/\/deputadotaveirajr.com.br\/index.php\/mulher-em-situacao-de-rua-morre-atropelada-na-br-304-em-mossoro\/","og_locale":"pt_BR","og_type":"article","og_title":"Mulher em situa\u00e7\u00e3o de rua morre atropelada na BR-304 em Mossor\u00f3 - Taveira Jr","og_description":"Mulher em situa\u00e7\u00e3o de rua morre atropelada na BR-304 Reprodu\u00e7\u00e3o Uma mulher em situa\u00e7\u00e3o de rua morreu ap\u00f3s ser atropelada na noite desta quinta-feira (11) na BR-304, em Mossor\u00f3, no ...","og_url":"https:\/\/deputadotaveirajr.com.br\/index.php\/mulher-em-situacao-de-rua-morre-atropelada-na-br-304-em-mossoro\/","og_site_name":"Taveira Jr","og_image":[{"url":"https:\/\/s2-g1.glbimg.com\/eemer7xyTRLwUnk0URsId_3ELm0=\/i.s3.glbimg.com\/v1\/AUTH_59edd422c0c84a879bd37670ae4f538a\/internal_photos\/bs\/2025\/D\/m\/ZQhFjlStCVxV9d4XiTTQ\/whatsapp-image-2025-09-12-at-07.03.35-1-.jpeg","type":"","width":"","height":""}],"twitter_card":"summary_large_image","twitter_misc":{"Est. tempo de leitura":"1 minuto"},"schema":{"@context":"https:\/\/schema.org","@graph":[{"@type":"WebPage","@id":"https:\/\/deputadotaveirajr.com.br\/index.php\/mulher-em-situacao-de-rua-morre-atropelada-na-br-304-em-mossoro\/","url":"https:\/\/deputadotaveirajr.com.br\/index.php\/mulher-em-situacao-de-rua-morre-atropelada-na-br-304-em-mossoro\/","name":"Mulher em situa\u00e7\u00e3o de rua morre atropelada na BR-304 em Mossor\u00f3 - Taveira Jr","isPartOf":{"@id":"https:\/\/deputadotaveirajr.com.br\/#website"},"primaryImageOfPage":{"@id":"https:\/\/deputadotaveirajr.com.br\/index.php\/mulher-em-situacao-de-rua-morre-atropelada-na-br-304-em-mossoro\/#primaryimage"},"image":{"@id":"https:\/\/deputadotaveirajr.com.br\/index.php\/mulher-em-situacao-de-rua-morre-atropelada-na-br-304-em-mossoro\/#primaryimage"},"thumbnailUrl":"https:\/\/deputadotaveirajr.com.br\/wp-content\/uploads\/2025\/09\/whatsapp-image-2025-09-12-at-07.03.35-1-wNc8KJ.jpg","datePublished":"2025-09-12T11:29:57+00:00","breadcrumb":{"@id":"https:\/\/deputadotaveirajr.com.br\/index.php\/mulher-em-situacao-de-rua-morre-atropelada-na-br-304-em-mossoro\/#breadcrumb"},"inLanguage":"pt-BR","potentialAction":[{"@type":"ReadAction","target":["https:\/\/deputadotaveirajr.com.br\/index.php\/mulher-em-situacao-de-rua-morre-atropelada-na-br-304-em-mossoro\/"]}]},{"@type":"ImageObject","inLanguage":"pt-BR","@id":"https:\/\/deputadotaveirajr.com.br\/index.php\/mulher-em-situacao-de-rua-morre-atropelada-na-br-304-em-mossoro\/#primaryimage","url":"https:\/\/deputadotaveirajr.com.br\/wp-content\/uploads\/2025\/09\/whatsapp-image-2025-09-12-at-07.03.35-1-wNc8KJ.jpg","contentUrl":"https:\/\/deputadotaveirajr.com.br\/wp-content\/uploads\/2025\/09\/whatsapp-image-2025-09-12-at-07.03.35-1-wNc8KJ.jpg","width":1200,"height":1038},{"@type":"BreadcrumbList","@id":"https:\/\/deputadotaveirajr.com.br\/index.php\/mulher-em-situacao-de-rua-morre-atropelada-na-br-304-em-mossoro\/#breadcrumb","itemListElement":[{"@type":"ListItem","position":1,"name":"In\u00edcio","item":"https:\/\/deputadotaveirajr.com.br\/"},{"@type":"ListItem","position":2,"name":"Mulher em situa\u00e7\u00e3o de rua morre atropelada na BR-304 em Mossor\u00f3"}]},{"@type":"WebSite","@id":"https:\/\/deputadotaveirajr.com.br\/#website","url":"https:\/\/deputadotaveirajr.com.br\/","name":"Taveira Jr","description":"Deputado Estadual","publisher":{"@id":"https:\/\/deputadotaveirajr.com.br\/#organization"},"potentialAction":[{"@type":"SearchAction","target":{"@type":"EntryPoint","urlTemplate":"https:\/\/deputadotaveirajr.com.br\/?s={search_term_string}"},"query-input":{"@type":"PropertyValueSpecification","valueRequired":true,"valueName":"search_term_string"}}],"inLanguage":"pt-BR"},{"@type":"Organization","@id":"https:\/\/deputadotaveirajr.com.br\/#organization","name":"Taveira Jr","url":"https:\/\/deputadotaveirajr.com.br\/","logo":{"@type":"ImageObject","inLanguage":"pt-BR","@id":"https:\/\/deputadotaveirajr.com.br\/#\/schema\/logo\/image\/","url":"https:\/\/deputadotaveirajr.com.br\/wp-content\/uploads\/2026\/01\/logolow2a.png","contentUrl":"https:\/\/deputadotaveirajr.com.br\/wp-content\/uploads\/2026\/01\/logolow2a.png","width":290,"height":80,"caption":"Taveira Jr"},"image":{"@id":"https:\/\/deputadotaveirajr.com.br\/#\/schema\/logo\/image\/"}}]}},"_links":{"self":[{"href":"https:\/\/deputadotaveirajr.com.br\/index.php\/wp-json\/wp\/v2\/pages\/14090","targetHints":{"allow":["GET"]}}],"collection":[{"href":"https:\/\/deputadotaveirajr.com.br\/index.php\/wp-json\/wp\/v2\/pages"}],"about":[{"href":"https:\/\/deputadotaveirajr.com.br\/index.php\/wp-json\/wp\/v2\/types\/page"}],"replies":[{"embeddable":true,"href":"https:\/\/deputadotaveirajr.com.br\/index.php\/wp-json\/wp\/v2\/comments?post=14090"}],"version-history":[{"count":0,"href":"https:\/\/deputadotaveirajr.com.br\/index.php\/wp-json\/wp\/v2\/pages\/14090\/revisions"}],"wp:featuredmedia":[{"embeddable":true,"href":"https:\/\/deputadotaveirajr.com.br\/index.php\/wp-json\/wp\/v2\/media\/14091"}],"wp:attachment":[{"href":"https:\/\/deputadotaveirajr.com.br\/index.php\/wp-json\/wp\/v2\/media?parent=14090"}],"curies":[{"name":"wp","href":"https:\/\/api.w.org\/{rel}","templated":true}]}}