{"id":14092,"date":"2025-09-15T09:41:23","date_gmt":"2025-09-15T12:41:23","guid":{"rendered":"https:\/\/deputadotaveirajr.com.br\/index.php\/dois-homens-morrem-e-carro-e-incendiado-apos-acidente-na-br-101-na-grande-natal\/"},"modified":"2025-09-15T09:41:23","modified_gmt":"2025-09-15T12:41:23","slug":"dois-homens-morrem-e-carro-e-incendiado-apos-acidente-na-br-101-na-grande-natal","status":"publish","type":"page","link":"https:\/\/deputadotaveirajr.com.br\/index.php\/dois-homens-morrem-e-carro-e-incendiado-apos-acidente-na-br-101-na-grande-natal\/","title":{"rendered":"Dois homens morrem e carro \u00e9 incendiado ap\u00f3s acidente na BR-101 na Grande Natal"},"content":{"rendered":"<p><img decoding=\"async\" src=\"https:\/\/s2-g1.glbimg.com\/HSZSbS-QDCmDLbcUULb5sbxeLSQ=\/i.s3.glbimg.com\/v1\/AUTH_59edd422c0c84a879bd37670ae4f538a\/internal_photos\/bs\/2025\/t\/6\/AmBNqBSUOw3kGItPYzsw\/whatsapp-image-2025-09-15-at-08.56.57.jpeg\" \/><br \/>     Moradores incendeiam caminhonete ap\u00f3s acidente com duas mortes na BR-101 na Grande Natal<br \/>\nUm acidente deixou dois homens mortos na noite deste domingo (14) no km 54 da BR-101 Norte, na altura do distrito de Aningas, em Cear\u00e1-Mirim, na Grande Natal. Ap\u00f3s a batida, moradores da regi\u00e3o incendiaram a caminhonete envolvida, que ficou em chamas no meio da rodovia.<br \/>\nSegundo a Pol\u00edcia Rodovi\u00e1ria Federal (PRF), a colis\u00e3o foi do tipo traseira. A caminhonete, onde estavam o motorista, a esposa, e duas crian\u00e7as &#8211; que n\u00e3o se feriram -, atingiu a motocicleta.<br \/>\n\ud83d\udcf3 Clique aqui para seguir o canal do g1 RN no WhatsApp<br \/>\nO condutor da moto Neilson Varela do Nascimento, de 58 anos, e o passageiro Jo\u00e3o Paulo da Silva, de 55 anos, morreram no local.<br \/>\nRevoltados com o acidente, moradores da regi\u00e3o incendiaram a caminhonete. Imagens feitas logo ap\u00f3s o acidente mostram o ve\u00edculo em chamas no meio da BR-101. O inc\u00eandio foi controlado pelo Corpo de Bombeiros.<br \/>\nO motorista da caminhonete permaneceu no local at\u00e9 a chegada dos policiais rodovi\u00e1rios federais. Ele foi ouvido e liberado.<br \/>\nMoradores incendeiam caminhonete ap\u00f3s acidente na BR-101<br \/>\nReprodu\u00e7\u00e3o<br \/>\nV\u00eddeos mais assistidos do g1 RN<\/p>","protected":false},"excerpt":{"rendered":"<p>Moradores incendeiam caminhonete ap\u00f3s acidente com duas mortes na BR-101 na Grande Natal Um acidente deixou dois homens mortos na noite deste domingo (14) no km 54 da BR-101 Norte, &#8230;<\/p>\n","protected":false},"author":0,"featured_media":14093,"parent":0,"menu_order":0,"comment_status":"closed","ping_status":"closed","template":"","meta":{"footnotes":""},"class_list":["post-14092","page","type-page","status-publish","has-post-thumbnail","hentry"],"yoast_head":"<!-- This site is optimized with the Yoast SEO plugin v27.1.1 - https:\/\/yoast.com\/product\/yoast-seo-wordpress\/ -->\n<title>Dois homens morrem e carro \u00e9 incendiado ap\u00f3s acidente na BR-101 na Grande Natal - Taveira Jr<\/title>\n<meta name=\"robots\" content=\"index, follow, max-snippet:-1, max-image-preview:large, max-video-preview:-1\" \/>\n<link rel=\"canonical\" href=\"https:\/\/deputadotaveirajr.com.br\/index.php\/dois-homens-morrem-e-carro-e-incendiado-apos-acidente-na-br-101-na-grande-natal\/\" \/>\n<meta property=\"og:locale\" content=\"pt_BR\" \/>\n<meta property=\"og:type\" content=\"article\" \/>\n<meta property=\"og:title\" content=\"Dois homens morrem e carro \u00e9 incendiado ap\u00f3s acidente na BR-101 na Grande Natal - Taveira Jr\" \/>\n<meta property=\"og:description\" content=\"Moradores incendeiam caminhonete ap\u00f3s acidente com duas mortes na BR-101 na Grande Natal Um acidente deixou dois homens mortos na noite deste domingo (14) no km 54 da BR-101 Norte, ...\" \/>\n<meta property=\"og:url\" content=\"https:\/\/deputadotaveirajr.com.br\/index.php\/dois-homens-morrem-e-carro-e-incendiado-apos-acidente-na-br-101-na-grande-natal\/\" \/>\n<meta property=\"og:site_name\" content=\"Taveira Jr\" \/>\n<meta property=\"og:image\" content=\"https:\/\/s2-g1.glbimg.com\/HSZSbS-QDCmDLbcUULb5sbxeLSQ=\/i.s3.glbimg.com\/v1\/AUTH_59edd422c0c84a879bd37670ae4f538a\/internal_photos\/bs\/2025\/t\/6\/AmBNqBSUOw3kGItPYzsw\/whatsapp-image-2025-09-15-at-08.56.57.jpeg\" \/>\n<meta name=\"twitter:card\" content=\"summary_large_image\" \/>\n<meta name=\"twitter:label1\" content=\"Est. tempo de leitura\" \/>\n\t<meta name=\"twitter:data1\" content=\"1 minuto\" \/>\n<script type=\"application\/ld+json\" class=\"yoast-schema-graph\">{\"@context\":\"https:\/\/schema.org\",\"@graph\":[{\"@type\":\"WebPage\",\"@id\":\"https:\/\/deputadotaveirajr.com.br\/index.php\/dois-homens-morrem-e-carro-e-incendiado-apos-acidente-na-br-101-na-grande-natal\/\",\"url\":\"https:\/\/deputadotaveirajr.com.br\/index.php\/dois-homens-morrem-e-carro-e-incendiado-apos-acidente-na-br-101-na-grande-natal\/\",\"name\":\"Dois homens morrem e carro \u00e9 incendiado ap\u00f3s acidente na BR-101 na Grande Natal - Taveira Jr\",\"isPartOf\":{\"@id\":\"https:\/\/deputadotaveirajr.com.br\/#website\"},\"primaryImageOfPage\":{\"@id\":\"https:\/\/deputadotaveirajr.com.br\/index.php\/dois-homens-morrem-e-carro-e-incendiado-apos-acidente-na-br-101-na-grande-natal\/#primaryimage\"},\"image\":{\"@id\":\"https:\/\/deputadotaveirajr.com.br\/index.php\/dois-homens-morrem-e-carro-e-incendiado-apos-acidente-na-br-101-na-grande-natal\/#primaryimage\"},\"thumbnailUrl\":\"https:\/\/deputadotaveirajr.com.br\/wp-content\/uploads\/2025\/09\/whatsapp-image-2025-09-15-at-08.56.57-zMBBB7.jpg\",\"datePublished\":\"2025-09-15T12:41:23+00:00\",\"breadcrumb\":{\"@id\":\"https:\/\/deputadotaveirajr.com.br\/index.php\/dois-homens-morrem-e-carro-e-incendiado-apos-acidente-na-br-101-na-grande-natal\/#breadcrumb\"},\"inLanguage\":\"pt-BR\",\"potentialAction\":[{\"@type\":\"ReadAction\",\"target\":[\"https:\/\/deputadotaveirajr.com.br\/index.php\/dois-homens-morrem-e-carro-e-incendiado-apos-acidente-na-br-101-na-grande-natal\/\"]}]},{\"@type\":\"ImageObject\",\"inLanguage\":\"pt-BR\",\"@id\":\"https:\/\/deputadotaveirajr.com.br\/index.php\/dois-homens-morrem-e-carro-e-incendiado-apos-acidente-na-br-101-na-grande-natal\/#primaryimage\",\"url\":\"https:\/\/deputadotaveirajr.com.br\/wp-content\/uploads\/2025\/09\/whatsapp-image-2025-09-15-at-08.56.57-zMBBB7.jpg\",\"contentUrl\":\"https:\/\/deputadotaveirajr.com.br\/wp-content\/uploads\/2025\/09\/whatsapp-image-2025-09-15-at-08.56.57-zMBBB7.jpg\",\"width\":1161,\"height\":811},{\"@type\":\"BreadcrumbList\",\"@id\":\"https:\/\/deputadotaveirajr.com.br\/index.php\/dois-homens-morrem-e-carro-e-incendiado-apos-acidente-na-br-101-na-grande-natal\/#breadcrumb\",\"itemListElement\":[{\"@type\":\"ListItem\",\"position\":1,\"name\":\"In\u00edcio\",\"item\":\"https:\/\/deputadotaveirajr.com.br\/\"},{\"@type\":\"ListItem\",\"position\":2,\"name\":\"Dois homens morrem e carro \u00e9 incendiado ap\u00f3s acidente na BR-101 na Grande Natal\"}]},{\"@type\":\"WebSite\",\"@id\":\"https:\/\/deputadotaveirajr.com.br\/#website\",\"url\":\"https:\/\/deputadotaveirajr.com.br\/\",\"name\":\"Taveira Jr\",\"description\":\"Deputado Estadual\",\"publisher\":{\"@id\":\"https:\/\/deputadotaveirajr.com.br\/#organization\"},\"potentialAction\":[{\"@type\":\"SearchAction\",\"target\":{\"@type\":\"EntryPoint\",\"urlTemplate\":\"https:\/\/deputadotaveirajr.com.br\/?s={search_term_string}\"},\"query-input\":{\"@type\":\"PropertyValueSpecification\",\"valueRequired\":true,\"valueName\":\"search_term_string\"}}],\"inLanguage\":\"pt-BR\"},{\"@type\":\"Organization\",\"@id\":\"https:\/\/deputadotaveirajr.com.br\/#organization\",\"name\":\"Taveira Jr\",\"url\":\"https:\/\/deputadotaveirajr.com.br\/\",\"logo\":{\"@type\":\"ImageObject\",\"inLanguage\":\"pt-BR\",\"@id\":\"https:\/\/deputadotaveirajr.com.br\/#\/schema\/logo\/image\/\",\"url\":\"https:\/\/deputadotaveirajr.com.br\/wp-content\/uploads\/2026\/01\/logolow2a.png\",\"contentUrl\":\"https:\/\/deputadotaveirajr.com.br\/wp-content\/uploads\/2026\/01\/logolow2a.png\",\"width\":290,\"height\":80,\"caption\":\"Taveira Jr\"},\"image\":{\"@id\":\"https:\/\/deputadotaveirajr.com.br\/#\/schema\/logo\/image\/\"}}]}<\/script>\n<!-- \/ Yoast SEO plugin. -->","yoast_head_json":{"title":"Dois homens morrem e carro \u00e9 incendiado ap\u00f3s acidente na BR-101 na Grande Natal - Taveira Jr","robots":{"index":"index","follow":"follow","max-snippet":"max-snippet:-1","max-image-preview":"max-image-preview:large","max-video-preview":"max-video-preview:-1"},"canonical":"https:\/\/deputadotaveirajr.com.br\/index.php\/dois-homens-morrem-e-carro-e-incendiado-apos-acidente-na-br-101-na-grande-natal\/","og_locale":"pt_BR","og_type":"article","og_title":"Dois homens morrem e carro \u00e9 incendiado ap\u00f3s acidente na BR-101 na Grande Natal - Taveira Jr","og_description":"Moradores incendeiam caminhonete ap\u00f3s acidente com duas mortes na BR-101 na Grande Natal Um acidente deixou dois homens mortos na noite deste domingo (14) no km 54 da BR-101 Norte, ...","og_url":"https:\/\/deputadotaveirajr.com.br\/index.php\/dois-homens-morrem-e-carro-e-incendiado-apos-acidente-na-br-101-na-grande-natal\/","og_site_name":"Taveira Jr","og_image":[{"url":"https:\/\/s2-g1.glbimg.com\/HSZSbS-QDCmDLbcUULb5sbxeLSQ=\/i.s3.glbimg.com\/v1\/AUTH_59edd422c0c84a879bd37670ae4f538a\/internal_photos\/bs\/2025\/t\/6\/AmBNqBSUOw3kGItPYzsw\/whatsapp-image-2025-09-15-at-08.56.57.jpeg","type":"","width":"","height":""}],"twitter_card":"summary_large_image","twitter_misc":{"Est. tempo de leitura":"1 minuto"},"schema":{"@context":"https:\/\/schema.org","@graph":[{"@type":"WebPage","@id":"https:\/\/deputadotaveirajr.com.br\/index.php\/dois-homens-morrem-e-carro-e-incendiado-apos-acidente-na-br-101-na-grande-natal\/","url":"https:\/\/deputadotaveirajr.com.br\/index.php\/dois-homens-morrem-e-carro-e-incendiado-apos-acidente-na-br-101-na-grande-natal\/","name":"Dois homens morrem e carro \u00e9 incendiado ap\u00f3s acidente na BR-101 na Grande Natal - Taveira Jr","isPartOf":{"@id":"https:\/\/deputadotaveirajr.com.br\/#website"},"primaryImageOfPage":{"@id":"https:\/\/deputadotaveirajr.com.br\/index.php\/dois-homens-morrem-e-carro-e-incendiado-apos-acidente-na-br-101-na-grande-natal\/#primaryimage"},"image":{"@id":"https:\/\/deputadotaveirajr.com.br\/index.php\/dois-homens-morrem-e-carro-e-incendiado-apos-acidente-na-br-101-na-grande-natal\/#primaryimage"},"thumbnailUrl":"https:\/\/deputadotaveirajr.com.br\/wp-content\/uploads\/2025\/09\/whatsapp-image-2025-09-15-at-08.56.57-zMBBB7.jpg","datePublished":"2025-09-15T12:41:23+00:00","breadcrumb":{"@id":"https:\/\/deputadotaveirajr.com.br\/index.php\/dois-homens-morrem-e-carro-e-incendiado-apos-acidente-na-br-101-na-grande-natal\/#breadcrumb"},"inLanguage":"pt-BR","potentialAction":[{"@type":"ReadAction","target":["https:\/\/deputadotaveirajr.com.br\/index.php\/dois-homens-morrem-e-carro-e-incendiado-apos-acidente-na-br-101-na-grande-natal\/"]}]},{"@type":"ImageObject","inLanguage":"pt-BR","@id":"https:\/\/deputadotaveirajr.com.br\/index.php\/dois-homens-morrem-e-carro-e-incendiado-apos-acidente-na-br-101-na-grande-natal\/#primaryimage","url":"https:\/\/deputadotaveirajr.com.br\/wp-content\/uploads\/2025\/09\/whatsapp-image-2025-09-15-at-08.56.57-zMBBB7.jpg","contentUrl":"https:\/\/deputadotaveirajr.com.br\/wp-content\/uploads\/2025\/09\/whatsapp-image-2025-09-15-at-08.56.57-zMBBB7.jpg","width":1161,"height":811},{"@type":"BreadcrumbList","@id":"https:\/\/deputadotaveirajr.com.br\/index.php\/dois-homens-morrem-e-carro-e-incendiado-apos-acidente-na-br-101-na-grande-natal\/#breadcrumb","itemListElement":[{"@type":"ListItem","position":1,"name":"In\u00edcio","item":"https:\/\/deputadotaveirajr.com.br\/"},{"@type":"ListItem","position":2,"name":"Dois homens morrem e carro \u00e9 incendiado ap\u00f3s acidente na BR-101 na Grande Natal"}]},{"@type":"WebSite","@id":"https:\/\/deputadotaveirajr.com.br\/#website","url":"https:\/\/deputadotaveirajr.com.br\/","name":"Taveira Jr","description":"Deputado Estadual","publisher":{"@id":"https:\/\/deputadotaveirajr.com.br\/#organization"},"potentialAction":[{"@type":"SearchAction","target":{"@type":"EntryPoint","urlTemplate":"https:\/\/deputadotaveirajr.com.br\/?s={search_term_string}"},"query-input":{"@type":"PropertyValueSpecification","valueRequired":true,"valueName":"search_term_string"}}],"inLanguage":"pt-BR"},{"@type":"Organization","@id":"https:\/\/deputadotaveirajr.com.br\/#organization","name":"Taveira Jr","url":"https:\/\/deputadotaveirajr.com.br\/","logo":{"@type":"ImageObject","inLanguage":"pt-BR","@id":"https:\/\/deputadotaveirajr.com.br\/#\/schema\/logo\/image\/","url":"https:\/\/deputadotaveirajr.com.br\/wp-content\/uploads\/2026\/01\/logolow2a.png","contentUrl":"https:\/\/deputadotaveirajr.com.br\/wp-content\/uploads\/2026\/01\/logolow2a.png","width":290,"height":80,"caption":"Taveira Jr"},"image":{"@id":"https:\/\/deputadotaveirajr.com.br\/#\/schema\/logo\/image\/"}}]}},"_links":{"self":[{"href":"https:\/\/deputadotaveirajr.com.br\/index.php\/wp-json\/wp\/v2\/pages\/14092","targetHints":{"allow":["GET"]}}],"collection":[{"href":"https:\/\/deputadotaveirajr.com.br\/index.php\/wp-json\/wp\/v2\/pages"}],"about":[{"href":"https:\/\/deputadotaveirajr.com.br\/index.php\/wp-json\/wp\/v2\/types\/page"}],"replies":[{"embeddable":true,"href":"https:\/\/deputadotaveirajr.com.br\/index.php\/wp-json\/wp\/v2\/comments?post=14092"}],"version-history":[{"count":0,"href":"https:\/\/deputadotaveirajr.com.br\/index.php\/wp-json\/wp\/v2\/pages\/14092\/revisions"}],"wp:featuredmedia":[{"embeddable":true,"href":"https:\/\/deputadotaveirajr.com.br\/index.php\/wp-json\/wp\/v2\/media\/14093"}],"wp:attachment":[{"href":"https:\/\/deputadotaveirajr.com.br\/index.php\/wp-json\/wp\/v2\/media?parent=14092"}],"curies":[{"name":"wp","href":"https:\/\/api.w.org\/{rel}","templated":true}]}}