{"id":14094,"date":"2025-09-15T08:40:01","date_gmt":"2025-09-15T11:40:01","guid":{"rendered":"https:\/\/deputadotaveirajr.com.br\/index.php\/motociclista-morre-apos-ser-atingido-por-motorista-embriagado-na-zona-norte-de-natal\/"},"modified":"2025-09-15T08:40:01","modified_gmt":"2025-09-15T11:40:01","slug":"motociclista-morre-apos-ser-atingido-por-motorista-embriagado-na-zona-norte-de-natal","status":"publish","type":"page","link":"https:\/\/deputadotaveirajr.com.br\/index.php\/motociclista-morre-apos-ser-atingido-por-motorista-embriagado-na-zona-norte-de-natal\/","title":{"rendered":"Motociclista morre ap\u00f3s ser atingido por motorista embriagado na Zona Norte de Natal"},"content":{"rendered":"<p><img decoding=\"async\" src=\"https:\/\/s2-g1.glbimg.com\/pKwz66fH9PAI6qR8jiHlE6WiN6Q=\/i.s3.glbimg.com\/v1\/AUTH_59edd422c0c84a879bd37670ae4f538a\/internal_photos\/bs\/2025\/g\/P\/GSDBAxQPiGr07DxNAbTg\/whatsapp-image-2025-09-15-at-06.27.47.jpeg\" \/><br \/>     Motociclista morre ap\u00f3s ser atingido por motorista embriagado na Zona Norte de Natal<br \/>\nUm motociclista por aplicativo de 32 anos morreu na noite deste domingo (14) ap\u00f3s ser atingido por um carro na Avenida Doutor Jo\u00e3o Medeiros Filho, Zona Norte de Natal.<br \/>\nSegundo a Pol\u00edcia Civil, o motorista do ve\u00edculo estava embriagado, dirigia sem habilita\u00e7\u00e3o e tentou fugir ap\u00f3s a colis\u00e3o. Ele foi detido e vai responder por homic\u00eddio, les\u00e3o corporal, embriaguez ao volante e dirigir sem habilita\u00e7\u00e3o.<br \/>\n\ud83d\udcf3 Clique aqui para seguir o canal do g1 RN no WhatsApp<br \/>\nA v\u00edtima foi identificada como Rafael Soares da Silva. De acordo com a pol\u00edcia, o acidente aconteceu por volta das 20h45. Imagens de c\u00e2meras de seguran\u00e7a de um com\u00e9rcio da regi\u00e3o registraram o momento em que o carro atinge a moto conduzida por Rafael.<br \/>\nO motociclista morreu ainda no local. O passageiro que estava na garupa foi arremessado e socorrido com escoria\u00e7\u00f5es leves para o Hospital Walfredo Gurgel.<br \/>\nSegundo a Delegacia de Plant\u00e3o da Zona Norte, o motorista do carro, um comerciante que estava acompanhado da esposa e de uma crian\u00e7a de 11 anos, havia se envolvido em uma discuss\u00e3o de tr\u00e2nsito momentos antes, mas com outro motociclista. Ele teria perseguido e atingido Rafael, que n\u00e3o tinha liga\u00e7\u00e3o com a briga.<br \/>\nAp\u00f3s a colis\u00e3o, o motorista tentou fugir e se escondeu em um bar pr\u00f3ximo, mas acabou detido. O teste do baf\u00f4metro apontou alto n\u00edvel de alcoolemia. Populares tentaram depredar e incendiar o carro dele, que precisou ser levado para um posto de gasolina e ficou sob escolta policial.<br \/>\nAcidente aconteceu na Zona Norte de Natal<br \/>\nS\u00e9rgio Henrique Santos\/Inter TV Cabugi<br \/>\nV\u00eddeos mais assistidos do g1 RN<\/p>","protected":false},"excerpt":{"rendered":"<p>Motociclista morre ap\u00f3s ser atingido por motorista embriagado na Zona Norte de Natal Um motociclista por aplicativo de 32 anos morreu na noite deste domingo (14) ap\u00f3s ser atingido por &#8230;<\/p>\n","protected":false},"author":0,"featured_media":14095,"parent":0,"menu_order":0,"comment_status":"closed","ping_status":"closed","template":"","meta":{"footnotes":""},"class_list":["post-14094","page","type-page","status-publish","has-post-thumbnail","hentry"],"yoast_head":"<!-- This site is optimized with the Yoast SEO plugin v27.1.1 - https:\/\/yoast.com\/product\/yoast-seo-wordpress\/ -->\n<title>Motociclista morre ap\u00f3s ser atingido por motorista embriagado na Zona Norte de Natal - Taveira Jr<\/title>\n<meta name=\"robots\" content=\"index, follow, max-snippet:-1, max-image-preview:large, max-video-preview:-1\" \/>\n<link rel=\"canonical\" href=\"https:\/\/deputadotaveirajr.com.br\/index.php\/motociclista-morre-apos-ser-atingido-por-motorista-embriagado-na-zona-norte-de-natal\/\" \/>\n<meta property=\"og:locale\" content=\"pt_BR\" \/>\n<meta property=\"og:type\" content=\"article\" \/>\n<meta property=\"og:title\" content=\"Motociclista morre ap\u00f3s ser atingido por motorista embriagado na Zona Norte de Natal - Taveira Jr\" \/>\n<meta property=\"og:description\" content=\"Motociclista morre ap\u00f3s ser atingido por motorista embriagado na Zona Norte de Natal Um motociclista por aplicativo de 32 anos morreu na noite deste domingo (14) ap\u00f3s ser atingido por ...\" \/>\n<meta property=\"og:url\" content=\"https:\/\/deputadotaveirajr.com.br\/index.php\/motociclista-morre-apos-ser-atingido-por-motorista-embriagado-na-zona-norte-de-natal\/\" \/>\n<meta property=\"og:site_name\" content=\"Taveira Jr\" \/>\n<meta property=\"og:image\" content=\"https:\/\/s2-g1.glbimg.com\/pKwz66fH9PAI6qR8jiHlE6WiN6Q=\/i.s3.glbimg.com\/v1\/AUTH_59edd422c0c84a879bd37670ae4f538a\/internal_photos\/bs\/2025\/g\/P\/GSDBAxQPiGr07DxNAbTg\/whatsapp-image-2025-09-15-at-06.27.47.jpeg\" \/>\n<meta name=\"twitter:card\" content=\"summary_large_image\" \/>\n<meta name=\"twitter:label1\" content=\"Est. tempo de leitura\" \/>\n\t<meta name=\"twitter:data1\" content=\"2 minutos\" \/>\n<script type=\"application\/ld+json\" class=\"yoast-schema-graph\">{\"@context\":\"https:\/\/schema.org\",\"@graph\":[{\"@type\":\"WebPage\",\"@id\":\"https:\/\/deputadotaveirajr.com.br\/index.php\/motociclista-morre-apos-ser-atingido-por-motorista-embriagado-na-zona-norte-de-natal\/\",\"url\":\"https:\/\/deputadotaveirajr.com.br\/index.php\/motociclista-morre-apos-ser-atingido-por-motorista-embriagado-na-zona-norte-de-natal\/\",\"name\":\"Motociclista morre ap\u00f3s ser atingido por motorista embriagado na Zona Norte de Natal - Taveira Jr\",\"isPartOf\":{\"@id\":\"https:\/\/deputadotaveirajr.com.br\/#website\"},\"primaryImageOfPage\":{\"@id\":\"https:\/\/deputadotaveirajr.com.br\/index.php\/motociclista-morre-apos-ser-atingido-por-motorista-embriagado-na-zona-norte-de-natal\/#primaryimage\"},\"image\":{\"@id\":\"https:\/\/deputadotaveirajr.com.br\/index.php\/motociclista-morre-apos-ser-atingido-por-motorista-embriagado-na-zona-norte-de-natal\/#primaryimage\"},\"thumbnailUrl\":\"https:\/\/deputadotaveirajr.com.br\/wp-content\/uploads\/2025\/09\/whatsapp-image-2025-09-15-at-06.27.47-Wg3eW1.jpg\",\"datePublished\":\"2025-09-15T11:40:01+00:00\",\"breadcrumb\":{\"@id\":\"https:\/\/deputadotaveirajr.com.br\/index.php\/motociclista-morre-apos-ser-atingido-por-motorista-embriagado-na-zona-norte-de-natal\/#breadcrumb\"},\"inLanguage\":\"pt-BR\",\"potentialAction\":[{\"@type\":\"ReadAction\",\"target\":[\"https:\/\/deputadotaveirajr.com.br\/index.php\/motociclista-morre-apos-ser-atingido-por-motorista-embriagado-na-zona-norte-de-natal\/\"]}]},{\"@type\":\"ImageObject\",\"inLanguage\":\"pt-BR\",\"@id\":\"https:\/\/deputadotaveirajr.com.br\/index.php\/motociclista-morre-apos-ser-atingido-por-motorista-embriagado-na-zona-norte-de-natal\/#primaryimage\",\"url\":\"https:\/\/deputadotaveirajr.com.br\/wp-content\/uploads\/2025\/09\/whatsapp-image-2025-09-15-at-06.27.47-Wg3eW1.jpg\",\"contentUrl\":\"https:\/\/deputadotaveirajr.com.br\/wp-content\/uploads\/2025\/09\/whatsapp-image-2025-09-15-at-06.27.47-Wg3eW1.jpg\",\"width\":1600,\"height\":1200},{\"@type\":\"BreadcrumbList\",\"@id\":\"https:\/\/deputadotaveirajr.com.br\/index.php\/motociclista-morre-apos-ser-atingido-por-motorista-embriagado-na-zona-norte-de-natal\/#breadcrumb\",\"itemListElement\":[{\"@type\":\"ListItem\",\"position\":1,\"name\":\"In\u00edcio\",\"item\":\"https:\/\/deputadotaveirajr.com.br\/\"},{\"@type\":\"ListItem\",\"position\":2,\"name\":\"Motociclista morre ap\u00f3s ser atingido por motorista embriagado na Zona Norte de Natal\"}]},{\"@type\":\"WebSite\",\"@id\":\"https:\/\/deputadotaveirajr.com.br\/#website\",\"url\":\"https:\/\/deputadotaveirajr.com.br\/\",\"name\":\"Taveira Jr\",\"description\":\"Deputado Estadual\",\"publisher\":{\"@id\":\"https:\/\/deputadotaveirajr.com.br\/#organization\"},\"potentialAction\":[{\"@type\":\"SearchAction\",\"target\":{\"@type\":\"EntryPoint\",\"urlTemplate\":\"https:\/\/deputadotaveirajr.com.br\/?s={search_term_string}\"},\"query-input\":{\"@type\":\"PropertyValueSpecification\",\"valueRequired\":true,\"valueName\":\"search_term_string\"}}],\"inLanguage\":\"pt-BR\"},{\"@type\":\"Organization\",\"@id\":\"https:\/\/deputadotaveirajr.com.br\/#organization\",\"name\":\"Taveira Jr\",\"url\":\"https:\/\/deputadotaveirajr.com.br\/\",\"logo\":{\"@type\":\"ImageObject\",\"inLanguage\":\"pt-BR\",\"@id\":\"https:\/\/deputadotaveirajr.com.br\/#\/schema\/logo\/image\/\",\"url\":\"https:\/\/deputadotaveirajr.com.br\/wp-content\/uploads\/2026\/01\/logolow2a.png\",\"contentUrl\":\"https:\/\/deputadotaveirajr.com.br\/wp-content\/uploads\/2026\/01\/logolow2a.png\",\"width\":290,\"height\":80,\"caption\":\"Taveira Jr\"},\"image\":{\"@id\":\"https:\/\/deputadotaveirajr.com.br\/#\/schema\/logo\/image\/\"}}]}<\/script>\n<!-- \/ Yoast SEO plugin. -->","yoast_head_json":{"title":"Motociclista morre ap\u00f3s ser atingido por motorista embriagado na Zona Norte de Natal - Taveira Jr","robots":{"index":"index","follow":"follow","max-snippet":"max-snippet:-1","max-image-preview":"max-image-preview:large","max-video-preview":"max-video-preview:-1"},"canonical":"https:\/\/deputadotaveirajr.com.br\/index.php\/motociclista-morre-apos-ser-atingido-por-motorista-embriagado-na-zona-norte-de-natal\/","og_locale":"pt_BR","og_type":"article","og_title":"Motociclista morre ap\u00f3s ser atingido por motorista embriagado na Zona Norte de Natal - Taveira Jr","og_description":"Motociclista morre ap\u00f3s ser atingido por motorista embriagado na Zona Norte de Natal Um motociclista por aplicativo de 32 anos morreu na noite deste domingo (14) ap\u00f3s ser atingido por ...","og_url":"https:\/\/deputadotaveirajr.com.br\/index.php\/motociclista-morre-apos-ser-atingido-por-motorista-embriagado-na-zona-norte-de-natal\/","og_site_name":"Taveira Jr","og_image":[{"url":"https:\/\/s2-g1.glbimg.com\/pKwz66fH9PAI6qR8jiHlE6WiN6Q=\/i.s3.glbimg.com\/v1\/AUTH_59edd422c0c84a879bd37670ae4f538a\/internal_photos\/bs\/2025\/g\/P\/GSDBAxQPiGr07DxNAbTg\/whatsapp-image-2025-09-15-at-06.27.47.jpeg","type":"","width":"","height":""}],"twitter_card":"summary_large_image","twitter_misc":{"Est. tempo de leitura":"2 minutos"},"schema":{"@context":"https:\/\/schema.org","@graph":[{"@type":"WebPage","@id":"https:\/\/deputadotaveirajr.com.br\/index.php\/motociclista-morre-apos-ser-atingido-por-motorista-embriagado-na-zona-norte-de-natal\/","url":"https:\/\/deputadotaveirajr.com.br\/index.php\/motociclista-morre-apos-ser-atingido-por-motorista-embriagado-na-zona-norte-de-natal\/","name":"Motociclista morre ap\u00f3s ser atingido por motorista embriagado na Zona Norte de Natal - Taveira Jr","isPartOf":{"@id":"https:\/\/deputadotaveirajr.com.br\/#website"},"primaryImageOfPage":{"@id":"https:\/\/deputadotaveirajr.com.br\/index.php\/motociclista-morre-apos-ser-atingido-por-motorista-embriagado-na-zona-norte-de-natal\/#primaryimage"},"image":{"@id":"https:\/\/deputadotaveirajr.com.br\/index.php\/motociclista-morre-apos-ser-atingido-por-motorista-embriagado-na-zona-norte-de-natal\/#primaryimage"},"thumbnailUrl":"https:\/\/deputadotaveirajr.com.br\/wp-content\/uploads\/2025\/09\/whatsapp-image-2025-09-15-at-06.27.47-Wg3eW1.jpg","datePublished":"2025-09-15T11:40:01+00:00","breadcrumb":{"@id":"https:\/\/deputadotaveirajr.com.br\/index.php\/motociclista-morre-apos-ser-atingido-por-motorista-embriagado-na-zona-norte-de-natal\/#breadcrumb"},"inLanguage":"pt-BR","potentialAction":[{"@type":"ReadAction","target":["https:\/\/deputadotaveirajr.com.br\/index.php\/motociclista-morre-apos-ser-atingido-por-motorista-embriagado-na-zona-norte-de-natal\/"]}]},{"@type":"ImageObject","inLanguage":"pt-BR","@id":"https:\/\/deputadotaveirajr.com.br\/index.php\/motociclista-morre-apos-ser-atingido-por-motorista-embriagado-na-zona-norte-de-natal\/#primaryimage","url":"https:\/\/deputadotaveirajr.com.br\/wp-content\/uploads\/2025\/09\/whatsapp-image-2025-09-15-at-06.27.47-Wg3eW1.jpg","contentUrl":"https:\/\/deputadotaveirajr.com.br\/wp-content\/uploads\/2025\/09\/whatsapp-image-2025-09-15-at-06.27.47-Wg3eW1.jpg","width":1600,"height":1200},{"@type":"BreadcrumbList","@id":"https:\/\/deputadotaveirajr.com.br\/index.php\/motociclista-morre-apos-ser-atingido-por-motorista-embriagado-na-zona-norte-de-natal\/#breadcrumb","itemListElement":[{"@type":"ListItem","position":1,"name":"In\u00edcio","item":"https:\/\/deputadotaveirajr.com.br\/"},{"@type":"ListItem","position":2,"name":"Motociclista morre ap\u00f3s ser atingido por motorista embriagado na Zona Norte de Natal"}]},{"@type":"WebSite","@id":"https:\/\/deputadotaveirajr.com.br\/#website","url":"https:\/\/deputadotaveirajr.com.br\/","name":"Taveira Jr","description":"Deputado Estadual","publisher":{"@id":"https:\/\/deputadotaveirajr.com.br\/#organization"},"potentialAction":[{"@type":"SearchAction","target":{"@type":"EntryPoint","urlTemplate":"https:\/\/deputadotaveirajr.com.br\/?s={search_term_string}"},"query-input":{"@type":"PropertyValueSpecification","valueRequired":true,"valueName":"search_term_string"}}],"inLanguage":"pt-BR"},{"@type":"Organization","@id":"https:\/\/deputadotaveirajr.com.br\/#organization","name":"Taveira Jr","url":"https:\/\/deputadotaveirajr.com.br\/","logo":{"@type":"ImageObject","inLanguage":"pt-BR","@id":"https:\/\/deputadotaveirajr.com.br\/#\/schema\/logo\/image\/","url":"https:\/\/deputadotaveirajr.com.br\/wp-content\/uploads\/2026\/01\/logolow2a.png","contentUrl":"https:\/\/deputadotaveirajr.com.br\/wp-content\/uploads\/2026\/01\/logolow2a.png","width":290,"height":80,"caption":"Taveira Jr"},"image":{"@id":"https:\/\/deputadotaveirajr.com.br\/#\/schema\/logo\/image\/"}}]}},"_links":{"self":[{"href":"https:\/\/deputadotaveirajr.com.br\/index.php\/wp-json\/wp\/v2\/pages\/14094","targetHints":{"allow":["GET"]}}],"collection":[{"href":"https:\/\/deputadotaveirajr.com.br\/index.php\/wp-json\/wp\/v2\/pages"}],"about":[{"href":"https:\/\/deputadotaveirajr.com.br\/index.php\/wp-json\/wp\/v2\/types\/page"}],"replies":[{"embeddable":true,"href":"https:\/\/deputadotaveirajr.com.br\/index.php\/wp-json\/wp\/v2\/comments?post=14094"}],"version-history":[{"count":0,"href":"https:\/\/deputadotaveirajr.com.br\/index.php\/wp-json\/wp\/v2\/pages\/14094\/revisions"}],"wp:featuredmedia":[{"embeddable":true,"href":"https:\/\/deputadotaveirajr.com.br\/index.php\/wp-json\/wp\/v2\/media\/14095"}],"wp:attachment":[{"href":"https:\/\/deputadotaveirajr.com.br\/index.php\/wp-json\/wp\/v2\/media?parent=14094"}],"curies":[{"name":"wp","href":"https:\/\/api.w.org\/{rel}","templated":true}]}}