{"id":14098,"date":"2025-09-14T08:45:57","date_gmt":"2025-09-14T11:45:57","guid":{"rendered":"https:\/\/deputadotaveirajr.com.br\/index.php\/inmet-alerta-para-baixa-umidade-em-30-cidades-do-rn-veja-lista\/"},"modified":"2025-09-14T08:45:57","modified_gmt":"2025-09-14T11:45:57","slug":"inmet-alerta-para-baixa-umidade-em-30-cidades-do-rn-veja-lista","status":"publish","type":"page","link":"https:\/\/deputadotaveirajr.com.br\/index.php\/inmet-alerta-para-baixa-umidade-em-30-cidades-do-rn-veja-lista\/","title":{"rendered":"Inmet alerta para baixa umidade em 30 cidades do RN; veja lista"},"content":{"rendered":"<p><img decoding=\"async\" src=\"https:\/\/s2-g1.glbimg.com\/a2Vjop8wlvAFik6cGQHh7qnksoo=\/i.s3.glbimg.com\/v1\/AUTH_59edd422c0c84a879bd37670ae4f538a\/internal_photos\/bs\/2025\/w\/W\/lo7D6eTAWPsX3iaofvXA\/captura-de-tela-2025-09-14-as-08.42.58.png\" \/><br \/>     Inmet publica alerta de baixa umidade no RN<br \/>\nReprodu\u00e7\u00e3o\/Inmet<br \/>\nO Instituto Nacional de Meteorologia (Inmet) emitiu um alerta de baixa umidade do ar para 30 munic\u00edpios do Rio Grande do Norte. O aviso \u00e9 v\u00e1lido at\u00e9 \u00e0s 10h deste domingo (14).<br \/>\nDe acordo com o \u00f3rg\u00e3o, a umidade relativa do ar deve variar entre 30% e 20% no per\u00edodo. A condi\u00e7\u00e3o aumenta o risco de problemas de sa\u00fade humana, al\u00e9m de possibilidade de inc\u00eandios florestais.<br \/>\n\ud83d\udcf3 Clique aqui para seguir o canal do g1 RN no WhatsApp<br \/>\nO aviso \u00e9 da cor amarela, o que representa perigo potencial, o n\u00edvel mais baixo na escala de severidade do \u00f3rg\u00e3o. Os n\u00edveis acima s\u00e3o laranja (perigo) e vermelho (grande perigo).<br \/>\nEntre as orienta\u00e7\u00f5es \u00e0 popula\u00e7\u00e3o, o \u00f3rg\u00e3o recomendou consumir bastante l\u00edquido, evitar atividades f\u00edsicas nas horas mais secas do dia e evitar exposi\u00e7\u00e3o ao sol nas horas mais quentes.<br \/>\nVeja as cidades atingidas:<br \/>\n\u00c1gua Nova<br \/>\nAlexandria<br \/>\nAlmino Afonso<br \/>\nAnt\u00f4nio Martins<br \/>\nCoronel Jo\u00e3o Pessoa<br \/>\nDoutor Severiano<br \/>\nEncanto<br \/>\nFrancisco Dantas<br \/>\nFrutuoso Gomes<br \/>\nJo\u00e3o Dias<br \/>\nJos\u00e9 da Penha<br \/>\nLu\u00eds Gomes<br \/>\nMajor Sales<br \/>\nMarcelino Vieira<br \/>\nMartins<br \/>\nParan\u00e1<br \/>\nPau dos Ferros<br \/>\nPil\u00f5es<br \/>\nPortalegre<br \/>\nRafael Fernandes<br \/>\nRiacho da Cruz<br \/>\nRiacho de Santana<br \/>\nRodolfo Fernandes<br \/>\nS\u00e3o Francisco do Oeste<br \/>\nS\u00e3o Miguel<br \/>\nSerrinha dos Pintos<br \/>\nTaboleiro Grande<br \/>\nTenente Ananias<br \/>\nVenha-Ver<br \/>\nVi\u00e7osa<br \/>\nVeja os v\u00eddeos mais assistidos do g1 RN<\/p>","protected":false},"excerpt":{"rendered":"<p>Inmet publica alerta de baixa umidade no RN Reprodu\u00e7\u00e3o\/Inmet O Instituto Nacional de Meteorologia (Inmet) emitiu um alerta de baixa umidade do ar para 30 munic\u00edpios do Rio Grande do &#8230;<\/p>\n","protected":false},"author":0,"featured_media":14099,"parent":0,"menu_order":0,"comment_status":"closed","ping_status":"closed","template":"","meta":{"footnotes":""},"class_list":["post-14098","page","type-page","status-publish","has-post-thumbnail","hentry"],"yoast_head":"<!-- This site is optimized with the Yoast SEO plugin v27.1.1 - https:\/\/yoast.com\/product\/yoast-seo-wordpress\/ -->\n<title>Inmet alerta para baixa umidade em 30 cidades do RN; veja lista - Taveira Jr<\/title>\n<meta name=\"robots\" content=\"index, follow, max-snippet:-1, max-image-preview:large, max-video-preview:-1\" \/>\n<link rel=\"canonical\" href=\"https:\/\/deputadotaveirajr.com.br\/index.php\/inmet-alerta-para-baixa-umidade-em-30-cidades-do-rn-veja-lista\/\" \/>\n<meta property=\"og:locale\" content=\"pt_BR\" \/>\n<meta property=\"og:type\" content=\"article\" \/>\n<meta property=\"og:title\" content=\"Inmet alerta para baixa umidade em 30 cidades do RN; veja lista - Taveira Jr\" \/>\n<meta property=\"og:description\" content=\"Inmet publica alerta de baixa umidade no RN Reprodu\u00e7\u00e3o\/Inmet O Instituto Nacional de Meteorologia (Inmet) emitiu um alerta de baixa umidade do ar para 30 munic\u00edpios do Rio Grande do ...\" \/>\n<meta property=\"og:url\" content=\"https:\/\/deputadotaveirajr.com.br\/index.php\/inmet-alerta-para-baixa-umidade-em-30-cidades-do-rn-veja-lista\/\" \/>\n<meta property=\"og:site_name\" content=\"Taveira Jr\" \/>\n<meta property=\"og:image\" content=\"https:\/\/s2-g1.glbimg.com\/a2Vjop8wlvAFik6cGQHh7qnksoo=\/i.s3.glbimg.com\/v1\/AUTH_59edd422c0c84a879bd37670ae4f538a\/internal_photos\/bs\/2025\/w\/W\/lo7D6eTAWPsX3iaofvXA\/captura-de-tela-2025-09-14-as-08.42.58.png\" \/>\n<meta name=\"twitter:card\" content=\"summary_large_image\" \/>\n<meta name=\"twitter:label1\" content=\"Est. tempo de leitura\" \/>\n\t<meta name=\"twitter:data1\" content=\"1 minuto\" \/>\n<script type=\"application\/ld+json\" class=\"yoast-schema-graph\">{\"@context\":\"https:\/\/schema.org\",\"@graph\":[{\"@type\":\"WebPage\",\"@id\":\"https:\/\/deputadotaveirajr.com.br\/index.php\/inmet-alerta-para-baixa-umidade-em-30-cidades-do-rn-veja-lista\/\",\"url\":\"https:\/\/deputadotaveirajr.com.br\/index.php\/inmet-alerta-para-baixa-umidade-em-30-cidades-do-rn-veja-lista\/\",\"name\":\"Inmet alerta para baixa umidade em 30 cidades do RN; veja lista - Taveira Jr\",\"isPartOf\":{\"@id\":\"https:\/\/deputadotaveirajr.com.br\/#website\"},\"primaryImageOfPage\":{\"@id\":\"https:\/\/deputadotaveirajr.com.br\/index.php\/inmet-alerta-para-baixa-umidade-em-30-cidades-do-rn-veja-lista\/#primaryimage\"},\"image\":{\"@id\":\"https:\/\/deputadotaveirajr.com.br\/index.php\/inmet-alerta-para-baixa-umidade-em-30-cidades-do-rn-veja-lista\/#primaryimage\"},\"thumbnailUrl\":\"https:\/\/deputadotaveirajr.com.br\/wp-content\/uploads\/2025\/09\/captura-de-tela-2025-09-14-as-08.42.58-C6UR1T.jpg\",\"datePublished\":\"2025-09-14T11:45:57+00:00\",\"breadcrumb\":{\"@id\":\"https:\/\/deputadotaveirajr.com.br\/index.php\/inmet-alerta-para-baixa-umidade-em-30-cidades-do-rn-veja-lista\/#breadcrumb\"},\"inLanguage\":\"pt-BR\",\"potentialAction\":[{\"@type\":\"ReadAction\",\"target\":[\"https:\/\/deputadotaveirajr.com.br\/index.php\/inmet-alerta-para-baixa-umidade-em-30-cidades-do-rn-veja-lista\/\"]}]},{\"@type\":\"ImageObject\",\"inLanguage\":\"pt-BR\",\"@id\":\"https:\/\/deputadotaveirajr.com.br\/index.php\/inmet-alerta-para-baixa-umidade-em-30-cidades-do-rn-veja-lista\/#primaryimage\",\"url\":\"https:\/\/deputadotaveirajr.com.br\/wp-content\/uploads\/2025\/09\/captura-de-tela-2025-09-14-as-08.42.58-C6UR1T.jpg\",\"contentUrl\":\"https:\/\/deputadotaveirajr.com.br\/wp-content\/uploads\/2025\/09\/captura-de-tela-2025-09-14-as-08.42.58-C6UR1T.jpg\",\"width\":704,\"height\":368},{\"@type\":\"BreadcrumbList\",\"@id\":\"https:\/\/deputadotaveirajr.com.br\/index.php\/inmet-alerta-para-baixa-umidade-em-30-cidades-do-rn-veja-lista\/#breadcrumb\",\"itemListElement\":[{\"@type\":\"ListItem\",\"position\":1,\"name\":\"In\u00edcio\",\"item\":\"https:\/\/deputadotaveirajr.com.br\/\"},{\"@type\":\"ListItem\",\"position\":2,\"name\":\"Inmet alerta para baixa umidade em 30 cidades do RN; veja lista\"}]},{\"@type\":\"WebSite\",\"@id\":\"https:\/\/deputadotaveirajr.com.br\/#website\",\"url\":\"https:\/\/deputadotaveirajr.com.br\/\",\"name\":\"Taveira Jr\",\"description\":\"Deputado Estadual\",\"publisher\":{\"@id\":\"https:\/\/deputadotaveirajr.com.br\/#organization\"},\"potentialAction\":[{\"@type\":\"SearchAction\",\"target\":{\"@type\":\"EntryPoint\",\"urlTemplate\":\"https:\/\/deputadotaveirajr.com.br\/?s={search_term_string}\"},\"query-input\":{\"@type\":\"PropertyValueSpecification\",\"valueRequired\":true,\"valueName\":\"search_term_string\"}}],\"inLanguage\":\"pt-BR\"},{\"@type\":\"Organization\",\"@id\":\"https:\/\/deputadotaveirajr.com.br\/#organization\",\"name\":\"Taveira Jr\",\"url\":\"https:\/\/deputadotaveirajr.com.br\/\",\"logo\":{\"@type\":\"ImageObject\",\"inLanguage\":\"pt-BR\",\"@id\":\"https:\/\/deputadotaveirajr.com.br\/#\/schema\/logo\/image\/\",\"url\":\"https:\/\/deputadotaveirajr.com.br\/wp-content\/uploads\/2026\/01\/logolow2a.png\",\"contentUrl\":\"https:\/\/deputadotaveirajr.com.br\/wp-content\/uploads\/2026\/01\/logolow2a.png\",\"width\":290,\"height\":80,\"caption\":\"Taveira Jr\"},\"image\":{\"@id\":\"https:\/\/deputadotaveirajr.com.br\/#\/schema\/logo\/image\/\"}}]}<\/script>\n<!-- \/ Yoast SEO plugin. -->","yoast_head_json":{"title":"Inmet alerta para baixa umidade em 30 cidades do RN; veja lista - Taveira Jr","robots":{"index":"index","follow":"follow","max-snippet":"max-snippet:-1","max-image-preview":"max-image-preview:large","max-video-preview":"max-video-preview:-1"},"canonical":"https:\/\/deputadotaveirajr.com.br\/index.php\/inmet-alerta-para-baixa-umidade-em-30-cidades-do-rn-veja-lista\/","og_locale":"pt_BR","og_type":"article","og_title":"Inmet alerta para baixa umidade em 30 cidades do RN; veja lista - Taveira Jr","og_description":"Inmet publica alerta de baixa umidade no RN Reprodu\u00e7\u00e3o\/Inmet O Instituto Nacional de Meteorologia (Inmet) emitiu um alerta de baixa umidade do ar para 30 munic\u00edpios do Rio Grande do ...","og_url":"https:\/\/deputadotaveirajr.com.br\/index.php\/inmet-alerta-para-baixa-umidade-em-30-cidades-do-rn-veja-lista\/","og_site_name":"Taveira Jr","og_image":[{"url":"https:\/\/s2-g1.glbimg.com\/a2Vjop8wlvAFik6cGQHh7qnksoo=\/i.s3.glbimg.com\/v1\/AUTH_59edd422c0c84a879bd37670ae4f538a\/internal_photos\/bs\/2025\/w\/W\/lo7D6eTAWPsX3iaofvXA\/captura-de-tela-2025-09-14-as-08.42.58.png","type":"","width":"","height":""}],"twitter_card":"summary_large_image","twitter_misc":{"Est. tempo de leitura":"1 minuto"},"schema":{"@context":"https:\/\/schema.org","@graph":[{"@type":"WebPage","@id":"https:\/\/deputadotaveirajr.com.br\/index.php\/inmet-alerta-para-baixa-umidade-em-30-cidades-do-rn-veja-lista\/","url":"https:\/\/deputadotaveirajr.com.br\/index.php\/inmet-alerta-para-baixa-umidade-em-30-cidades-do-rn-veja-lista\/","name":"Inmet alerta para baixa umidade em 30 cidades do RN; veja lista - Taveira Jr","isPartOf":{"@id":"https:\/\/deputadotaveirajr.com.br\/#website"},"primaryImageOfPage":{"@id":"https:\/\/deputadotaveirajr.com.br\/index.php\/inmet-alerta-para-baixa-umidade-em-30-cidades-do-rn-veja-lista\/#primaryimage"},"image":{"@id":"https:\/\/deputadotaveirajr.com.br\/index.php\/inmet-alerta-para-baixa-umidade-em-30-cidades-do-rn-veja-lista\/#primaryimage"},"thumbnailUrl":"https:\/\/deputadotaveirajr.com.br\/wp-content\/uploads\/2025\/09\/captura-de-tela-2025-09-14-as-08.42.58-C6UR1T.jpg","datePublished":"2025-09-14T11:45:57+00:00","breadcrumb":{"@id":"https:\/\/deputadotaveirajr.com.br\/index.php\/inmet-alerta-para-baixa-umidade-em-30-cidades-do-rn-veja-lista\/#breadcrumb"},"inLanguage":"pt-BR","potentialAction":[{"@type":"ReadAction","target":["https:\/\/deputadotaveirajr.com.br\/index.php\/inmet-alerta-para-baixa-umidade-em-30-cidades-do-rn-veja-lista\/"]}]},{"@type":"ImageObject","inLanguage":"pt-BR","@id":"https:\/\/deputadotaveirajr.com.br\/index.php\/inmet-alerta-para-baixa-umidade-em-30-cidades-do-rn-veja-lista\/#primaryimage","url":"https:\/\/deputadotaveirajr.com.br\/wp-content\/uploads\/2025\/09\/captura-de-tela-2025-09-14-as-08.42.58-C6UR1T.jpg","contentUrl":"https:\/\/deputadotaveirajr.com.br\/wp-content\/uploads\/2025\/09\/captura-de-tela-2025-09-14-as-08.42.58-C6UR1T.jpg","width":704,"height":368},{"@type":"BreadcrumbList","@id":"https:\/\/deputadotaveirajr.com.br\/index.php\/inmet-alerta-para-baixa-umidade-em-30-cidades-do-rn-veja-lista\/#breadcrumb","itemListElement":[{"@type":"ListItem","position":1,"name":"In\u00edcio","item":"https:\/\/deputadotaveirajr.com.br\/"},{"@type":"ListItem","position":2,"name":"Inmet alerta para baixa umidade em 30 cidades do RN; veja lista"}]},{"@type":"WebSite","@id":"https:\/\/deputadotaveirajr.com.br\/#website","url":"https:\/\/deputadotaveirajr.com.br\/","name":"Taveira Jr","description":"Deputado Estadual","publisher":{"@id":"https:\/\/deputadotaveirajr.com.br\/#organization"},"potentialAction":[{"@type":"SearchAction","target":{"@type":"EntryPoint","urlTemplate":"https:\/\/deputadotaveirajr.com.br\/?s={search_term_string}"},"query-input":{"@type":"PropertyValueSpecification","valueRequired":true,"valueName":"search_term_string"}}],"inLanguage":"pt-BR"},{"@type":"Organization","@id":"https:\/\/deputadotaveirajr.com.br\/#organization","name":"Taveira Jr","url":"https:\/\/deputadotaveirajr.com.br\/","logo":{"@type":"ImageObject","inLanguage":"pt-BR","@id":"https:\/\/deputadotaveirajr.com.br\/#\/schema\/logo\/image\/","url":"https:\/\/deputadotaveirajr.com.br\/wp-content\/uploads\/2026\/01\/logolow2a.png","contentUrl":"https:\/\/deputadotaveirajr.com.br\/wp-content\/uploads\/2026\/01\/logolow2a.png","width":290,"height":80,"caption":"Taveira Jr"},"image":{"@id":"https:\/\/deputadotaveirajr.com.br\/#\/schema\/logo\/image\/"}}]}},"_links":{"self":[{"href":"https:\/\/deputadotaveirajr.com.br\/index.php\/wp-json\/wp\/v2\/pages\/14098","targetHints":{"allow":["GET"]}}],"collection":[{"href":"https:\/\/deputadotaveirajr.com.br\/index.php\/wp-json\/wp\/v2\/pages"}],"about":[{"href":"https:\/\/deputadotaveirajr.com.br\/index.php\/wp-json\/wp\/v2\/types\/page"}],"replies":[{"embeddable":true,"href":"https:\/\/deputadotaveirajr.com.br\/index.php\/wp-json\/wp\/v2\/comments?post=14098"}],"version-history":[{"count":0,"href":"https:\/\/deputadotaveirajr.com.br\/index.php\/wp-json\/wp\/v2\/pages\/14098\/revisions"}],"wp:featuredmedia":[{"embeddable":true,"href":"https:\/\/deputadotaveirajr.com.br\/index.php\/wp-json\/wp\/v2\/media\/14099"}],"wp:attachment":[{"href":"https:\/\/deputadotaveirajr.com.br\/index.php\/wp-json\/wp\/v2\/media?parent=14098"}],"curies":[{"name":"wp","href":"https:\/\/api.w.org\/{rel}","templated":true}]}}