{"id":14135,"date":"2025-09-18T14:06:20","date_gmt":"2025-09-18T17:06:20","guid":{"rendered":"https:\/\/deputadotaveirajr.com.br\/index.php\/mprn-pede-bloqueio-de-r-28-milhoes-do-estado-para-garantir-convenio-com-o-hospital-infantil-varela-santiago\/"},"modified":"2025-09-18T14:06:20","modified_gmt":"2025-09-18T17:06:20","slug":"mprn-pede-bloqueio-de-r-28-milhoes-do-estado-para-garantir-convenio-com-o-hospital-infantil-varela-santiago","status":"publish","type":"page","link":"https:\/\/deputadotaveirajr.com.br\/index.php\/mprn-pede-bloqueio-de-r-28-milhoes-do-estado-para-garantir-convenio-com-o-hospital-infantil-varela-santiago\/","title":{"rendered":"MPRN pede bloqueio de R$ 2,8 milh\u00f5es do Estado para garantir conv\u00eanio com o Hospital Infantil Varela Santiago"},"content":{"rendered":"<p><img decoding=\"async\" src=\"https:\/\/s2-g1.glbimg.com\/atsNBQtzrmqipNL8_YzYoFni5jg=\/i.s3.glbimg.com\/v1\/AUTH_59edd422c0c84a879bd37670ae4f538a\/internal_photos\/bs\/2025\/3\/v\/wPAVbLQlO1JrrheOiQ1A\/whatsapp-image-2025-09-04-at-09.45.37.jpeg\" \/><br \/>     Hospital Infantil Varela Santiago em Natal<br \/>\nS\u00e9rgio Henrique Santos\/Inter TV Cabugi<br \/>\nO Minist\u00e9rio P\u00fablico do Rio Grande do Norte (MPRN) ajuizou um pedido na 2\u00aa Vara da Inf\u00e2ncia e Juventude de Natal para que o Estado seja obrigado a assinar um novo conv\u00eanio com o Hospital Infantil Varela Santiago (HIVS).<br \/>\nA medida tem objetivo de garantir a continuidade dos servi\u00e7os pedi\u00e1tricos e o pagamento de valores em atraso. O hospital \u00e9 uma institui\u00e7\u00e3o filantr\u00f3pica que realiza atendimentos pelo Sistema \u00danico de Sa\u00fade (SUS).<br \/>\n\ud83d\udcf3 Clique aqui para seguir o canal do g1 RN no WhatsApp<br \/>\nNa a\u00e7\u00e3o, protocolada pela 47\u00aa Promotoria de Justi\u00e7a de Natal, o MPRN solicita que a Justi\u00e7a determine \u00e0 Secretaria de Estado da Sa\u00fade P\u00fablica (Sesap) a formaliza\u00e7\u00e3o do conv\u00eanio em um prazo de 10 dias.<br \/>\nEm caso de descumprimento, o Minist\u00e9rio P\u00fablico pede o bloqueio de R$ 2.802.037,50 da conta \u00fanica do Estado e a aplica\u00e7\u00e3o de multa di\u00e1ria de pelo menos R$ 10 mil.<br \/>\nEm nota, a Sesap disse que o novo conv\u00eanio ainda n\u00e3o foi firmado devido \u00e0s negocia\u00e7\u00f5es e \u00e0 resolu\u00e7\u00e3o de pend\u00eancias a respeito da presta\u00e7\u00e3o de contas de tr\u00eas conv\u00eanios anteriores. Veja mais detalhes abaixo.<br \/>\nAcordos n\u00e3o cumpridos<br \/>\nSegundo o MPRN, o Estado e a Sesap n\u00e3o cumpriram acordos anteriores. Duas audi\u00eancias de concilia\u00e7\u00e3o foram realizadas neste ano, em 22 de janeiro e 28 de maio, mas a minuta do conv\u00eanio prometida pela secretaria n\u00e3o foi apresentada dentro dos prazos estabelecidos.<br \/>\nO \u00f3rg\u00e3o afirma que a aus\u00eancia do conv\u00eanio compromete a manuten\u00e7\u00e3o da assist\u00eancia pedi\u00e1trica prestada pelo hospital, refer\u00eancia no atendimento a crian\u00e7as e adolescentes no Rio Grande do Norte.<br \/>\nA peti\u00e7\u00e3o aponta que h\u00e1 dota\u00e7\u00e3o or\u00e7ament\u00e1ria dispon\u00edvel, o que tornaria injustific\u00e1vel a omiss\u00e3o do governo.<br \/>\nEm nota, o Hospital Infantil Varela Santiago informou que mant\u00e9m conv\u00eanio anual com o governo do Estado h\u00e1 mais de 25 anos e que o pedido do MPRN refere-se ao conv\u00eanio de 2025, ainda n\u00e3o assinado at\u00e9 setembro.<br \/>\nO hospital explicou que:<br \/>\nem 2023 houve conv\u00eanio, mas o pagamento s\u00f3 foi liquidado em julho de 2024;<br \/>\nem 2024 n\u00e3o houve conv\u00eanio, em raz\u00e3o da pend\u00eancia de pagamento do ano anterior;<br \/>\nem 2025, o processo segue parado, motivo pelo qual o MPRN pediu o bloqueio do valor para evitar novo atraso.<br \/>\nO conv\u00eanio de 2025 tem valor previsto de R$ 3.399.000,00, a ser pago em oito parcelas de R$ 424.875,00.<br \/>\nO hospital destacou que o repasse \u00e9 indispens\u00e1vel para a manuten\u00e7\u00e3o da assist\u00eancia pedi\u00e1trica oferecida \u00e0 popula\u00e7\u00e3o.<br \/>\nVeja a nota da Sesap<br \/>\n&#8220;A respeito do conv\u00eanio com o Hospital Infantil Varela Santiago, a Secretaria de Estado da Sa\u00fade P\u00fablica (Sesap) esclarece que o tempo percorrido para a finaliza\u00e7\u00e3o do novo conv\u00eanio se deu em virtude das negocia\u00e7\u00f5es em torno da proposta e a resolu\u00e7\u00e3o de pend\u00eancias a respeito da presta\u00e7\u00e3o de contas de tr\u00eas conv\u00eanios anteriores.<br \/>\nA Sesap tem a obriga\u00e7\u00e3o legal, exigida pelos \u00f3rg\u00e3os de controle, de realizar a presta\u00e7\u00e3o detalhada desses processos, o que causou por fim a demora para a renova\u00e7\u00e3o da parceria.<br \/>\nO atual conv\u00eanio est\u00e1 com o seu processo em fase de finaliza\u00e7\u00e3o pela \u00e1rea t\u00e9cnica, para ser encaminhado \u00e0 assinatura final em breve.<br \/>\nA Sesap reconhece a import\u00e2ncia da renova\u00e7\u00e3o pela relev\u00e2ncia do servi\u00e7o prestado pelo Hospital Varela Santiago ao p\u00fablico infantil e prioriza a manuten\u00e7\u00e3o desta rela\u00e7\u00e3o&#8221;.<br \/>\nCirurgias sa\u0303o retomadas no hospital infantil Varela Santiago, em Natal<br \/>\nVeja os v\u00eddeos mais assistidos no g1 RN<\/p>","protected":false},"excerpt":{"rendered":"<p>Hospital Infantil Varela Santiago em Natal S\u00e9rgio Henrique Santos\/Inter TV Cabugi O Minist\u00e9rio P\u00fablico do Rio Grande do Norte (MPRN) ajuizou um pedido na 2\u00aa Vara da Inf\u00e2ncia e Juventude &#8230;<\/p>\n","protected":false},"author":0,"featured_media":14136,"parent":0,"menu_order":0,"comment_status":"closed","ping_status":"closed","template":"","meta":{"footnotes":""},"class_list":["post-14135","page","type-page","status-publish","has-post-thumbnail","hentry"],"yoast_head":"<!-- This site is optimized with the Yoast SEO plugin v27.1.1 - https:\/\/yoast.com\/product\/yoast-seo-wordpress\/ -->\n<title>MPRN pede bloqueio de R$ 2,8 milh\u00f5es do Estado para garantir conv\u00eanio com o Hospital Infantil Varela Santiago - Taveira Jr<\/title>\n<meta name=\"robots\" content=\"index, follow, max-snippet:-1, max-image-preview:large, max-video-preview:-1\" \/>\n<link rel=\"canonical\" href=\"https:\/\/deputadotaveirajr.com.br\/index.php\/mprn-pede-bloqueio-de-r-28-milhoes-do-estado-para-garantir-convenio-com-o-hospital-infantil-varela-santiago\/\" \/>\n<meta property=\"og:locale\" content=\"pt_BR\" \/>\n<meta property=\"og:type\" content=\"article\" \/>\n<meta property=\"og:title\" content=\"MPRN pede bloqueio de R$ 2,8 milh\u00f5es do Estado para garantir conv\u00eanio com o Hospital Infantil Varela Santiago - Taveira Jr\" \/>\n<meta property=\"og:description\" content=\"Hospital Infantil Varela Santiago em Natal S\u00e9rgio Henrique Santos\/Inter TV Cabugi O Minist\u00e9rio P\u00fablico do Rio Grande do Norte (MPRN) ajuizou um pedido na 2\u00aa Vara da Inf\u00e2ncia e Juventude ...\" \/>\n<meta property=\"og:url\" content=\"https:\/\/deputadotaveirajr.com.br\/index.php\/mprn-pede-bloqueio-de-r-28-milhoes-do-estado-para-garantir-convenio-com-o-hospital-infantil-varela-santiago\/\" \/>\n<meta property=\"og:site_name\" content=\"Taveira Jr\" \/>\n<meta property=\"og:image\" content=\"https:\/\/s2-g1.glbimg.com\/atsNBQtzrmqipNL8_YzYoFni5jg=\/i.s3.glbimg.com\/v1\/AUTH_59edd422c0c84a879bd37670ae4f538a\/internal_photos\/bs\/2025\/3\/v\/wPAVbLQlO1JrrheOiQ1A\/whatsapp-image-2025-09-04-at-09.45.37.jpeg\" \/>\n<meta name=\"twitter:card\" content=\"summary_large_image\" \/>\n<meta name=\"twitter:label1\" content=\"Est. tempo de leitura\" \/>\n\t<meta name=\"twitter:data1\" content=\"3 minutos\" \/>\n<script type=\"application\/ld+json\" class=\"yoast-schema-graph\">{\"@context\":\"https:\/\/schema.org\",\"@graph\":[{\"@type\":\"WebPage\",\"@id\":\"https:\/\/deputadotaveirajr.com.br\/index.php\/mprn-pede-bloqueio-de-r-28-milhoes-do-estado-para-garantir-convenio-com-o-hospital-infantil-varela-santiago\/\",\"url\":\"https:\/\/deputadotaveirajr.com.br\/index.php\/mprn-pede-bloqueio-de-r-28-milhoes-do-estado-para-garantir-convenio-com-o-hospital-infantil-varela-santiago\/\",\"name\":\"MPRN pede bloqueio de R$ 2,8 milh\u00f5es do Estado para garantir conv\u00eanio com o Hospital Infantil Varela Santiago - Taveira Jr\",\"isPartOf\":{\"@id\":\"https:\/\/deputadotaveirajr.com.br\/#website\"},\"primaryImageOfPage\":{\"@id\":\"https:\/\/deputadotaveirajr.com.br\/index.php\/mprn-pede-bloqueio-de-r-28-milhoes-do-estado-para-garantir-convenio-com-o-hospital-infantil-varela-santiago\/#primaryimage\"},\"image\":{\"@id\":\"https:\/\/deputadotaveirajr.com.br\/index.php\/mprn-pede-bloqueio-de-r-28-milhoes-do-estado-para-garantir-convenio-com-o-hospital-infantil-varela-santiago\/#primaryimage\"},\"thumbnailUrl\":\"https:\/\/deputadotaveirajr.com.br\/wp-content\/uploads\/2025\/09\/whatsapp-image-2025-09-04-at-09.45.37-olWBiT-scaled.jpg\",\"datePublished\":\"2025-09-18T17:06:20+00:00\",\"breadcrumb\":{\"@id\":\"https:\/\/deputadotaveirajr.com.br\/index.php\/mprn-pede-bloqueio-de-r-28-milhoes-do-estado-para-garantir-convenio-com-o-hospital-infantil-varela-santiago\/#breadcrumb\"},\"inLanguage\":\"pt-BR\",\"potentialAction\":[{\"@type\":\"ReadAction\",\"target\":[\"https:\/\/deputadotaveirajr.com.br\/index.php\/mprn-pede-bloqueio-de-r-28-milhoes-do-estado-para-garantir-convenio-com-o-hospital-infantil-varela-santiago\/\"]}]},{\"@type\":\"ImageObject\",\"inLanguage\":\"pt-BR\",\"@id\":\"https:\/\/deputadotaveirajr.com.br\/index.php\/mprn-pede-bloqueio-de-r-28-milhoes-do-estado-para-garantir-convenio-com-o-hospital-infantil-varela-santiago\/#primaryimage\",\"url\":\"https:\/\/deputadotaveirajr.com.br\/wp-content\/uploads\/2025\/09\/whatsapp-image-2025-09-04-at-09.45.37-olWBiT-scaled.jpg\",\"contentUrl\":\"https:\/\/deputadotaveirajr.com.br\/wp-content\/uploads\/2025\/09\/whatsapp-image-2025-09-04-at-09.45.37-olWBiT-scaled.jpg\",\"width\":2560,\"height\":1920},{\"@type\":\"BreadcrumbList\",\"@id\":\"https:\/\/deputadotaveirajr.com.br\/index.php\/mprn-pede-bloqueio-de-r-28-milhoes-do-estado-para-garantir-convenio-com-o-hospital-infantil-varela-santiago\/#breadcrumb\",\"itemListElement\":[{\"@type\":\"ListItem\",\"position\":1,\"name\":\"In\u00edcio\",\"item\":\"https:\/\/deputadotaveirajr.com.br\/\"},{\"@type\":\"ListItem\",\"position\":2,\"name\":\"MPRN pede bloqueio de R$ 2,8 milh\u00f5es do Estado para garantir conv\u00eanio com o Hospital Infantil Varela Santiago\"}]},{\"@type\":\"WebSite\",\"@id\":\"https:\/\/deputadotaveirajr.com.br\/#website\",\"url\":\"https:\/\/deputadotaveirajr.com.br\/\",\"name\":\"Taveira Jr\",\"description\":\"Deputado Estadual\",\"publisher\":{\"@id\":\"https:\/\/deputadotaveirajr.com.br\/#organization\"},\"potentialAction\":[{\"@type\":\"SearchAction\",\"target\":{\"@type\":\"EntryPoint\",\"urlTemplate\":\"https:\/\/deputadotaveirajr.com.br\/?s={search_term_string}\"},\"query-input\":{\"@type\":\"PropertyValueSpecification\",\"valueRequired\":true,\"valueName\":\"search_term_string\"}}],\"inLanguage\":\"pt-BR\"},{\"@type\":\"Organization\",\"@id\":\"https:\/\/deputadotaveirajr.com.br\/#organization\",\"name\":\"Taveira Jr\",\"url\":\"https:\/\/deputadotaveirajr.com.br\/\",\"logo\":{\"@type\":\"ImageObject\",\"inLanguage\":\"pt-BR\",\"@id\":\"https:\/\/deputadotaveirajr.com.br\/#\/schema\/logo\/image\/\",\"url\":\"https:\/\/deputadotaveirajr.com.br\/wp-content\/uploads\/2026\/01\/logolow2a.png\",\"contentUrl\":\"https:\/\/deputadotaveirajr.com.br\/wp-content\/uploads\/2026\/01\/logolow2a.png\",\"width\":290,\"height\":80,\"caption\":\"Taveira Jr\"},\"image\":{\"@id\":\"https:\/\/deputadotaveirajr.com.br\/#\/schema\/logo\/image\/\"}}]}<\/script>\n<!-- \/ Yoast SEO plugin. -->","yoast_head_json":{"title":"MPRN pede bloqueio de R$ 2,8 milh\u00f5es do Estado para garantir conv\u00eanio com o Hospital Infantil Varela Santiago - Taveira Jr","robots":{"index":"index","follow":"follow","max-snippet":"max-snippet:-1","max-image-preview":"max-image-preview:large","max-video-preview":"max-video-preview:-1"},"canonical":"https:\/\/deputadotaveirajr.com.br\/index.php\/mprn-pede-bloqueio-de-r-28-milhoes-do-estado-para-garantir-convenio-com-o-hospital-infantil-varela-santiago\/","og_locale":"pt_BR","og_type":"article","og_title":"MPRN pede bloqueio de R$ 2,8 milh\u00f5es do Estado para garantir conv\u00eanio com o Hospital Infantil Varela Santiago - Taveira Jr","og_description":"Hospital Infantil Varela Santiago em Natal S\u00e9rgio Henrique Santos\/Inter TV Cabugi O Minist\u00e9rio P\u00fablico do Rio Grande do Norte (MPRN) ajuizou um pedido na 2\u00aa Vara da Inf\u00e2ncia e Juventude ...","og_url":"https:\/\/deputadotaveirajr.com.br\/index.php\/mprn-pede-bloqueio-de-r-28-milhoes-do-estado-para-garantir-convenio-com-o-hospital-infantil-varela-santiago\/","og_site_name":"Taveira Jr","og_image":[{"url":"https:\/\/s2-g1.glbimg.com\/atsNBQtzrmqipNL8_YzYoFni5jg=\/i.s3.glbimg.com\/v1\/AUTH_59edd422c0c84a879bd37670ae4f538a\/internal_photos\/bs\/2025\/3\/v\/wPAVbLQlO1JrrheOiQ1A\/whatsapp-image-2025-09-04-at-09.45.37.jpeg","type":"","width":"","height":""}],"twitter_card":"summary_large_image","twitter_misc":{"Est. tempo de leitura":"3 minutos"},"schema":{"@context":"https:\/\/schema.org","@graph":[{"@type":"WebPage","@id":"https:\/\/deputadotaveirajr.com.br\/index.php\/mprn-pede-bloqueio-de-r-28-milhoes-do-estado-para-garantir-convenio-com-o-hospital-infantil-varela-santiago\/","url":"https:\/\/deputadotaveirajr.com.br\/index.php\/mprn-pede-bloqueio-de-r-28-milhoes-do-estado-para-garantir-convenio-com-o-hospital-infantil-varela-santiago\/","name":"MPRN pede bloqueio de R$ 2,8 milh\u00f5es do Estado para garantir conv\u00eanio com o Hospital Infantil Varela Santiago - Taveira Jr","isPartOf":{"@id":"https:\/\/deputadotaveirajr.com.br\/#website"},"primaryImageOfPage":{"@id":"https:\/\/deputadotaveirajr.com.br\/index.php\/mprn-pede-bloqueio-de-r-28-milhoes-do-estado-para-garantir-convenio-com-o-hospital-infantil-varela-santiago\/#primaryimage"},"image":{"@id":"https:\/\/deputadotaveirajr.com.br\/index.php\/mprn-pede-bloqueio-de-r-28-milhoes-do-estado-para-garantir-convenio-com-o-hospital-infantil-varela-santiago\/#primaryimage"},"thumbnailUrl":"https:\/\/deputadotaveirajr.com.br\/wp-content\/uploads\/2025\/09\/whatsapp-image-2025-09-04-at-09.45.37-olWBiT-scaled.jpg","datePublished":"2025-09-18T17:06:20+00:00","breadcrumb":{"@id":"https:\/\/deputadotaveirajr.com.br\/index.php\/mprn-pede-bloqueio-de-r-28-milhoes-do-estado-para-garantir-convenio-com-o-hospital-infantil-varela-santiago\/#breadcrumb"},"inLanguage":"pt-BR","potentialAction":[{"@type":"ReadAction","target":["https:\/\/deputadotaveirajr.com.br\/index.php\/mprn-pede-bloqueio-de-r-28-milhoes-do-estado-para-garantir-convenio-com-o-hospital-infantil-varela-santiago\/"]}]},{"@type":"ImageObject","inLanguage":"pt-BR","@id":"https:\/\/deputadotaveirajr.com.br\/index.php\/mprn-pede-bloqueio-de-r-28-milhoes-do-estado-para-garantir-convenio-com-o-hospital-infantil-varela-santiago\/#primaryimage","url":"https:\/\/deputadotaveirajr.com.br\/wp-content\/uploads\/2025\/09\/whatsapp-image-2025-09-04-at-09.45.37-olWBiT-scaled.jpg","contentUrl":"https:\/\/deputadotaveirajr.com.br\/wp-content\/uploads\/2025\/09\/whatsapp-image-2025-09-04-at-09.45.37-olWBiT-scaled.jpg","width":2560,"height":1920},{"@type":"BreadcrumbList","@id":"https:\/\/deputadotaveirajr.com.br\/index.php\/mprn-pede-bloqueio-de-r-28-milhoes-do-estado-para-garantir-convenio-com-o-hospital-infantil-varela-santiago\/#breadcrumb","itemListElement":[{"@type":"ListItem","position":1,"name":"In\u00edcio","item":"https:\/\/deputadotaveirajr.com.br\/"},{"@type":"ListItem","position":2,"name":"MPRN pede bloqueio de R$ 2,8 milh\u00f5es do Estado para garantir conv\u00eanio com o Hospital Infantil Varela Santiago"}]},{"@type":"WebSite","@id":"https:\/\/deputadotaveirajr.com.br\/#website","url":"https:\/\/deputadotaveirajr.com.br\/","name":"Taveira Jr","description":"Deputado Estadual","publisher":{"@id":"https:\/\/deputadotaveirajr.com.br\/#organization"},"potentialAction":[{"@type":"SearchAction","target":{"@type":"EntryPoint","urlTemplate":"https:\/\/deputadotaveirajr.com.br\/?s={search_term_string}"},"query-input":{"@type":"PropertyValueSpecification","valueRequired":true,"valueName":"search_term_string"}}],"inLanguage":"pt-BR"},{"@type":"Organization","@id":"https:\/\/deputadotaveirajr.com.br\/#organization","name":"Taveira Jr","url":"https:\/\/deputadotaveirajr.com.br\/","logo":{"@type":"ImageObject","inLanguage":"pt-BR","@id":"https:\/\/deputadotaveirajr.com.br\/#\/schema\/logo\/image\/","url":"https:\/\/deputadotaveirajr.com.br\/wp-content\/uploads\/2026\/01\/logolow2a.png","contentUrl":"https:\/\/deputadotaveirajr.com.br\/wp-content\/uploads\/2026\/01\/logolow2a.png","width":290,"height":80,"caption":"Taveira Jr"},"image":{"@id":"https:\/\/deputadotaveirajr.com.br\/#\/schema\/logo\/image\/"}}]}},"_links":{"self":[{"href":"https:\/\/deputadotaveirajr.com.br\/index.php\/wp-json\/wp\/v2\/pages\/14135","targetHints":{"allow":["GET"]}}],"collection":[{"href":"https:\/\/deputadotaveirajr.com.br\/index.php\/wp-json\/wp\/v2\/pages"}],"about":[{"href":"https:\/\/deputadotaveirajr.com.br\/index.php\/wp-json\/wp\/v2\/types\/page"}],"replies":[{"embeddable":true,"href":"https:\/\/deputadotaveirajr.com.br\/index.php\/wp-json\/wp\/v2\/comments?post=14135"}],"version-history":[{"count":0,"href":"https:\/\/deputadotaveirajr.com.br\/index.php\/wp-json\/wp\/v2\/pages\/14135\/revisions"}],"wp:featuredmedia":[{"embeddable":true,"href":"https:\/\/deputadotaveirajr.com.br\/index.php\/wp-json\/wp\/v2\/media\/14136"}],"wp:attachment":[{"href":"https:\/\/deputadotaveirajr.com.br\/index.php\/wp-json\/wp\/v2\/media?parent=14135"}],"curies":[{"name":"wp","href":"https:\/\/api.w.org\/{rel}","templated":true}]}}