{"id":14139,"date":"2025-09-18T11:39:46","date_gmt":"2025-09-18T14:39:46","guid":{"rendered":"https:\/\/deputadotaveirajr.com.br\/index.php\/escavacoes-em-ruinas-de-igreja-em-extremoz-buscam-reconstruir-historia-da-regiao\/"},"modified":"2025-09-18T11:39:46","modified_gmt":"2025-09-18T14:39:46","slug":"escavacoes-em-ruinas-de-igreja-em-extremoz-buscam-reconstruir-historia-da-regiao","status":"publish","type":"page","link":"https:\/\/deputadotaveirajr.com.br\/index.php\/escavacoes-em-ruinas-de-igreja-em-extremoz-buscam-reconstruir-historia-da-regiao\/","title":{"rendered":"Escava\u00e7\u00f5es em ru\u00ednas de igreja em Extremoz buscam reconstruir hist\u00f3ria da regi\u00e3o"},"content":{"rendered":"<p><img decoding=\"async\" src=\"https:\/\/s2-g1.glbimg.com\/dVEG_QucovMugUZqQFc1RggYGng=\/i.s3.glbimg.com\/v1\/AUTH_59edd422c0c84a879bd37670ae4f538a\/internal_photos\/bs\/2025\/r\/R\/xoD7nOTGK5h60AAvxaAQ\/whatsapp-image-2025-09-18-at-07.48.01.jpeg\" \/><br \/>     Escava\u00e7\u00f5es arqueol\u00f3gicas em Extremoz<br \/>\nPesquisadores, professores e estudantes da Universidade Federal do Rio Grande do Norte (UFRN) iniciaram uma nova etapa de escava\u00e7\u00f5es arqueol\u00f3gicas nas ru\u00ednas da Igreja de S\u00e3o Miguel Arcanjo, no entorno da Lagoa de Extremoz, na Grande Natal.<br \/>\nO objetivo \u00e9 localizar vest\u00edgios da ocupa\u00e7\u00e3o humana no local, que remonta ao s\u00e9culo XVII, e reconstruir a hist\u00f3ria das comunidades que viveram na regi\u00e3o.<br \/>\n\ud83d\udcf3 Clique aqui para seguir o canal do g1 RN no WhatsApp<br \/>\nAs escava\u00e7\u00f5es come\u00e7aram no dia 10 de setembro e contam com equipes do Departamento de Arqueologia da UFRN, dos campi de Natal e Caic\u00f3, al\u00e9m do Museu C\u00e2mara Cascudo.<br \/>\nO projeto tem dura\u00e7\u00e3o prevista de dois anos e autoriza\u00e7\u00e3o do Instituto do Patrim\u00f4nio Hist\u00f3rico e Art\u00edstico Nacional (Iphan).<br \/>\n\u201cN\u00f3s iniciamos um projeto que tem autoriza\u00e7\u00e3o do Instituto Patrim\u00f4nio Hist\u00f3rico e Art\u00edstico Nacional. Ele inicialmente foi proposto para dois anos, e a gente est\u00e1 dividindo esse projeto em duas fases. Em uma primeira fase, n\u00f3s estamos concentrando nossos esfor\u00e7os na \u00e1rea da antiga Igreja de S\u00e3o Miguel Arcanjo e do convento\u201d, explicou o arque\u00f3logo Abra\u00e3o Nunes, coordenador do Setor de Arqueologia do Museu C\u00e2mara Cascudo.<br \/>\nPesquisadores da UFRN iniciam escava\u00e7\u00f5es em ru\u00ednas da Igreja de S\u00e3o Miguel Arcanjo em Extremoz<br \/>\nS\u00e9rgio Henrique Santos\/Inter TV Cabugi<br \/>\nSegundo ele, os trabalhos tamb\u00e9m est\u00e3o relacionados \u00e0 perspectiva de um projeto de restauro com financiamento do Minist\u00e9rio da Cultura. \u201cPara que esse projeto de restauro possa acontecer da maneira mais adequada poss\u00edvel, \u00e9 necess\u00e1rio que as pesquisas arqueol\u00f3gicas sejam desenvolvidas\u201d, disse.<br \/>\nAt\u00e9 o momento, j\u00e1 foram encontrados fragmentos de cer\u00e2mica, porcelana, faian\u00e7a portuguesa, al\u00e9m de materiais construtivos, como telhas, tijolos e argamassa.<br \/>\n\u201cAqui a gente tem encontrado o material construtivo, tesoura, porcelana e faian\u00e7a. Esses vest\u00edgios est\u00e3o associados \u00e0 ocupa\u00e7\u00e3o hist\u00f3rica, como a faian\u00e7a portuguesa, que pode estar relacionada ao final do s\u00e9culo XVII e in\u00edcio do XVIII, e outros fragmentos que remetem ao s\u00e9culo XIX e \u00e0 primeira metade do s\u00e9culo XX\u201d, detalhou Abra\u00e3o.<br \/>\nO coordenador do Departamento de Arqueologia da UFRN, Roberto Airon, destacou a import\u00e2ncia do trabalho para a preserva\u00e7\u00e3o do s\u00edtio. \u201cH\u00e1 uma rela\u00e7\u00e3o de pertencimento. As pessoas que escreveram e pesquisaram sobre a hist\u00f3ria de Extremoz est\u00e3o extremamente interessadas, porque \u00e9 um trabalho arqueol\u00f3gico in\u00e9dito na \u00e1rea das ru\u00ednas de uma antiga miss\u00e3o do final do s\u00e9culo XVII\u201d, afirmou.<br \/>\nDe acordo com ele, a segunda fase do projeto deve mapear o entorno das ru\u00ednas e identificar outras estruturas associadas.<br \/>\n\u201cUm terceiro aspecto muito importante \u00e9 a quest\u00e3o relacionada \u00e0 pr\u00f3pria identidade ind\u00edgena nesse lugar. A miss\u00e3o tinha como objetivo cristianizar os ind\u00edgenas, mas os materiais encontrados tamb\u00e9m despertam interesse das escolas e refor\u00e7am a discuss\u00e3o sobre a presen\u00e7a ind\u00edgena no Rio Grande do Norte\u201d, completou.<br \/>\nO local foi ocupado no s\u00e9culo XVII pela aldeia ind\u00edgena Guajiru e, posteriormente, pelos jesu\u00edtas, que constru\u00edram a igreja e o convento como parte do processo de catequiza\u00e7\u00e3o.<br \/>\nPesquisadores da UFRN iniciam escava\u00e7\u00f5es em ru\u00ednas da Igreja de S\u00e3o Miguel Arcanjo em Extremoz<br \/>\nS\u00e9rgio Henrique Santos\/Inter TV Cabugi<br \/>\nVeja os v\u00eddeos mais assistidos no g1 RN<\/p>","protected":false},"excerpt":{"rendered":"<p>Escava\u00e7\u00f5es arqueol\u00f3gicas em Extremoz Pesquisadores, professores e estudantes da Universidade Federal do Rio Grande do Norte (UFRN) iniciaram uma nova etapa de escava\u00e7\u00f5es arqueol\u00f3gicas nas ru\u00ednas da Igreja de S\u00e3o &#8230;<\/p>\n","protected":false},"author":0,"featured_media":14140,"parent":0,"menu_order":0,"comment_status":"closed","ping_status":"closed","template":"","meta":{"footnotes":""},"class_list":["post-14139","page","type-page","status-publish","has-post-thumbnail","hentry"],"yoast_head":"<!-- This site is optimized with the Yoast SEO plugin v27.1.1 - https:\/\/yoast.com\/product\/yoast-seo-wordpress\/ -->\n<title>Escava\u00e7\u00f5es em ru\u00ednas de igreja em Extremoz buscam reconstruir hist\u00f3ria da regi\u00e3o - Taveira Jr<\/title>\n<meta name=\"robots\" content=\"index, follow, max-snippet:-1, max-image-preview:large, max-video-preview:-1\" \/>\n<link rel=\"canonical\" href=\"https:\/\/deputadotaveirajr.com.br\/index.php\/escavacoes-em-ruinas-de-igreja-em-extremoz-buscam-reconstruir-historia-da-regiao\/\" \/>\n<meta property=\"og:locale\" content=\"pt_BR\" \/>\n<meta property=\"og:type\" content=\"article\" \/>\n<meta property=\"og:title\" content=\"Escava\u00e7\u00f5es em ru\u00ednas de igreja em Extremoz buscam reconstruir hist\u00f3ria da regi\u00e3o - Taveira Jr\" \/>\n<meta property=\"og:description\" content=\"Escava\u00e7\u00f5es arqueol\u00f3gicas em Extremoz Pesquisadores, professores e estudantes da Universidade Federal do Rio Grande do Norte (UFRN) iniciaram uma nova etapa de escava\u00e7\u00f5es arqueol\u00f3gicas nas ru\u00ednas da Igreja de S\u00e3o ...\" \/>\n<meta property=\"og:url\" content=\"https:\/\/deputadotaveirajr.com.br\/index.php\/escavacoes-em-ruinas-de-igreja-em-extremoz-buscam-reconstruir-historia-da-regiao\/\" \/>\n<meta property=\"og:site_name\" content=\"Taveira Jr\" \/>\n<meta property=\"og:image\" content=\"https:\/\/s2-g1.glbimg.com\/dVEG_QucovMugUZqQFc1RggYGng=\/i.s3.glbimg.com\/v1\/AUTH_59edd422c0c84a879bd37670ae4f538a\/internal_photos\/bs\/2025\/r\/R\/xoD7nOTGK5h60AAvxaAQ\/whatsapp-image-2025-09-18-at-07.48.01.jpeg\" \/>\n<meta name=\"twitter:card\" content=\"summary_large_image\" \/>\n<meta name=\"twitter:label1\" content=\"Est. tempo de leitura\" \/>\n\t<meta name=\"twitter:data1\" content=\"3 minutos\" \/>\n<script type=\"application\/ld+json\" class=\"yoast-schema-graph\">{\"@context\":\"https:\/\/schema.org\",\"@graph\":[{\"@type\":\"WebPage\",\"@id\":\"https:\/\/deputadotaveirajr.com.br\/index.php\/escavacoes-em-ruinas-de-igreja-em-extremoz-buscam-reconstruir-historia-da-regiao\/\",\"url\":\"https:\/\/deputadotaveirajr.com.br\/index.php\/escavacoes-em-ruinas-de-igreja-em-extremoz-buscam-reconstruir-historia-da-regiao\/\",\"name\":\"Escava\u00e7\u00f5es em ru\u00ednas de igreja em Extremoz buscam reconstruir hist\u00f3ria da regi\u00e3o - Taveira Jr\",\"isPartOf\":{\"@id\":\"https:\/\/deputadotaveirajr.com.br\/#website\"},\"primaryImageOfPage\":{\"@id\":\"https:\/\/deputadotaveirajr.com.br\/index.php\/escavacoes-em-ruinas-de-igreja-em-extremoz-buscam-reconstruir-historia-da-regiao\/#primaryimage\"},\"image\":{\"@id\":\"https:\/\/deputadotaveirajr.com.br\/index.php\/escavacoes-em-ruinas-de-igreja-em-extremoz-buscam-reconstruir-historia-da-regiao\/#primaryimage\"},\"thumbnailUrl\":\"https:\/\/deputadotaveirajr.com.br\/wp-content\/uploads\/2025\/09\/whatsapp-image-2025-09-18-at-07.48.01-QBd6NA.jpg\",\"datePublished\":\"2025-09-18T14:39:46+00:00\",\"breadcrumb\":{\"@id\":\"https:\/\/deputadotaveirajr.com.br\/index.php\/escavacoes-em-ruinas-de-igreja-em-extremoz-buscam-reconstruir-historia-da-regiao\/#breadcrumb\"},\"inLanguage\":\"pt-BR\",\"potentialAction\":[{\"@type\":\"ReadAction\",\"target\":[\"https:\/\/deputadotaveirajr.com.br\/index.php\/escavacoes-em-ruinas-de-igreja-em-extremoz-buscam-reconstruir-historia-da-regiao\/\"]}]},{\"@type\":\"ImageObject\",\"inLanguage\":\"pt-BR\",\"@id\":\"https:\/\/deputadotaveirajr.com.br\/index.php\/escavacoes-em-ruinas-de-igreja-em-extremoz-buscam-reconstruir-historia-da-regiao\/#primaryimage\",\"url\":\"https:\/\/deputadotaveirajr.com.br\/wp-content\/uploads\/2025\/09\/whatsapp-image-2025-09-18-at-07.48.01-QBd6NA.jpg\",\"contentUrl\":\"https:\/\/deputadotaveirajr.com.br\/wp-content\/uploads\/2025\/09\/whatsapp-image-2025-09-18-at-07.48.01-QBd6NA.jpg\",\"width\":1280,\"height\":720},{\"@type\":\"BreadcrumbList\",\"@id\":\"https:\/\/deputadotaveirajr.com.br\/index.php\/escavacoes-em-ruinas-de-igreja-em-extremoz-buscam-reconstruir-historia-da-regiao\/#breadcrumb\",\"itemListElement\":[{\"@type\":\"ListItem\",\"position\":1,\"name\":\"In\u00edcio\",\"item\":\"https:\/\/deputadotaveirajr.com.br\/\"},{\"@type\":\"ListItem\",\"position\":2,\"name\":\"Escava\u00e7\u00f5es em ru\u00ednas de igreja em Extremoz buscam reconstruir hist\u00f3ria da regi\u00e3o\"}]},{\"@type\":\"WebSite\",\"@id\":\"https:\/\/deputadotaveirajr.com.br\/#website\",\"url\":\"https:\/\/deputadotaveirajr.com.br\/\",\"name\":\"Taveira Jr\",\"description\":\"Deputado Estadual\",\"publisher\":{\"@id\":\"https:\/\/deputadotaveirajr.com.br\/#organization\"},\"potentialAction\":[{\"@type\":\"SearchAction\",\"target\":{\"@type\":\"EntryPoint\",\"urlTemplate\":\"https:\/\/deputadotaveirajr.com.br\/?s={search_term_string}\"},\"query-input\":{\"@type\":\"PropertyValueSpecification\",\"valueRequired\":true,\"valueName\":\"search_term_string\"}}],\"inLanguage\":\"pt-BR\"},{\"@type\":\"Organization\",\"@id\":\"https:\/\/deputadotaveirajr.com.br\/#organization\",\"name\":\"Taveira Jr\",\"url\":\"https:\/\/deputadotaveirajr.com.br\/\",\"logo\":{\"@type\":\"ImageObject\",\"inLanguage\":\"pt-BR\",\"@id\":\"https:\/\/deputadotaveirajr.com.br\/#\/schema\/logo\/image\/\",\"url\":\"https:\/\/deputadotaveirajr.com.br\/wp-content\/uploads\/2026\/01\/logolow2a.png\",\"contentUrl\":\"https:\/\/deputadotaveirajr.com.br\/wp-content\/uploads\/2026\/01\/logolow2a.png\",\"width\":290,\"height\":80,\"caption\":\"Taveira Jr\"},\"image\":{\"@id\":\"https:\/\/deputadotaveirajr.com.br\/#\/schema\/logo\/image\/\"}}]}<\/script>\n<!-- \/ Yoast SEO plugin. -->","yoast_head_json":{"title":"Escava\u00e7\u00f5es em ru\u00ednas de igreja em Extremoz buscam reconstruir hist\u00f3ria da regi\u00e3o - Taveira Jr","robots":{"index":"index","follow":"follow","max-snippet":"max-snippet:-1","max-image-preview":"max-image-preview:large","max-video-preview":"max-video-preview:-1"},"canonical":"https:\/\/deputadotaveirajr.com.br\/index.php\/escavacoes-em-ruinas-de-igreja-em-extremoz-buscam-reconstruir-historia-da-regiao\/","og_locale":"pt_BR","og_type":"article","og_title":"Escava\u00e7\u00f5es em ru\u00ednas de igreja em Extremoz buscam reconstruir hist\u00f3ria da regi\u00e3o - Taveira Jr","og_description":"Escava\u00e7\u00f5es arqueol\u00f3gicas em Extremoz Pesquisadores, professores e estudantes da Universidade Federal do Rio Grande do Norte (UFRN) iniciaram uma nova etapa de escava\u00e7\u00f5es arqueol\u00f3gicas nas ru\u00ednas da Igreja de S\u00e3o ...","og_url":"https:\/\/deputadotaveirajr.com.br\/index.php\/escavacoes-em-ruinas-de-igreja-em-extremoz-buscam-reconstruir-historia-da-regiao\/","og_site_name":"Taveira Jr","og_image":[{"url":"https:\/\/s2-g1.glbimg.com\/dVEG_QucovMugUZqQFc1RggYGng=\/i.s3.glbimg.com\/v1\/AUTH_59edd422c0c84a879bd37670ae4f538a\/internal_photos\/bs\/2025\/r\/R\/xoD7nOTGK5h60AAvxaAQ\/whatsapp-image-2025-09-18-at-07.48.01.jpeg","type":"","width":"","height":""}],"twitter_card":"summary_large_image","twitter_misc":{"Est. tempo de leitura":"3 minutos"},"schema":{"@context":"https:\/\/schema.org","@graph":[{"@type":"WebPage","@id":"https:\/\/deputadotaveirajr.com.br\/index.php\/escavacoes-em-ruinas-de-igreja-em-extremoz-buscam-reconstruir-historia-da-regiao\/","url":"https:\/\/deputadotaveirajr.com.br\/index.php\/escavacoes-em-ruinas-de-igreja-em-extremoz-buscam-reconstruir-historia-da-regiao\/","name":"Escava\u00e7\u00f5es em ru\u00ednas de igreja em Extremoz buscam reconstruir hist\u00f3ria da regi\u00e3o - Taveira Jr","isPartOf":{"@id":"https:\/\/deputadotaveirajr.com.br\/#website"},"primaryImageOfPage":{"@id":"https:\/\/deputadotaveirajr.com.br\/index.php\/escavacoes-em-ruinas-de-igreja-em-extremoz-buscam-reconstruir-historia-da-regiao\/#primaryimage"},"image":{"@id":"https:\/\/deputadotaveirajr.com.br\/index.php\/escavacoes-em-ruinas-de-igreja-em-extremoz-buscam-reconstruir-historia-da-regiao\/#primaryimage"},"thumbnailUrl":"https:\/\/deputadotaveirajr.com.br\/wp-content\/uploads\/2025\/09\/whatsapp-image-2025-09-18-at-07.48.01-QBd6NA.jpg","datePublished":"2025-09-18T14:39:46+00:00","breadcrumb":{"@id":"https:\/\/deputadotaveirajr.com.br\/index.php\/escavacoes-em-ruinas-de-igreja-em-extremoz-buscam-reconstruir-historia-da-regiao\/#breadcrumb"},"inLanguage":"pt-BR","potentialAction":[{"@type":"ReadAction","target":["https:\/\/deputadotaveirajr.com.br\/index.php\/escavacoes-em-ruinas-de-igreja-em-extremoz-buscam-reconstruir-historia-da-regiao\/"]}]},{"@type":"ImageObject","inLanguage":"pt-BR","@id":"https:\/\/deputadotaveirajr.com.br\/index.php\/escavacoes-em-ruinas-de-igreja-em-extremoz-buscam-reconstruir-historia-da-regiao\/#primaryimage","url":"https:\/\/deputadotaveirajr.com.br\/wp-content\/uploads\/2025\/09\/whatsapp-image-2025-09-18-at-07.48.01-QBd6NA.jpg","contentUrl":"https:\/\/deputadotaveirajr.com.br\/wp-content\/uploads\/2025\/09\/whatsapp-image-2025-09-18-at-07.48.01-QBd6NA.jpg","width":1280,"height":720},{"@type":"BreadcrumbList","@id":"https:\/\/deputadotaveirajr.com.br\/index.php\/escavacoes-em-ruinas-de-igreja-em-extremoz-buscam-reconstruir-historia-da-regiao\/#breadcrumb","itemListElement":[{"@type":"ListItem","position":1,"name":"In\u00edcio","item":"https:\/\/deputadotaveirajr.com.br\/"},{"@type":"ListItem","position":2,"name":"Escava\u00e7\u00f5es em ru\u00ednas de igreja em Extremoz buscam reconstruir hist\u00f3ria da regi\u00e3o"}]},{"@type":"WebSite","@id":"https:\/\/deputadotaveirajr.com.br\/#website","url":"https:\/\/deputadotaveirajr.com.br\/","name":"Taveira Jr","description":"Deputado Estadual","publisher":{"@id":"https:\/\/deputadotaveirajr.com.br\/#organization"},"potentialAction":[{"@type":"SearchAction","target":{"@type":"EntryPoint","urlTemplate":"https:\/\/deputadotaveirajr.com.br\/?s={search_term_string}"},"query-input":{"@type":"PropertyValueSpecification","valueRequired":true,"valueName":"search_term_string"}}],"inLanguage":"pt-BR"},{"@type":"Organization","@id":"https:\/\/deputadotaveirajr.com.br\/#organization","name":"Taveira Jr","url":"https:\/\/deputadotaveirajr.com.br\/","logo":{"@type":"ImageObject","inLanguage":"pt-BR","@id":"https:\/\/deputadotaveirajr.com.br\/#\/schema\/logo\/image\/","url":"https:\/\/deputadotaveirajr.com.br\/wp-content\/uploads\/2026\/01\/logolow2a.png","contentUrl":"https:\/\/deputadotaveirajr.com.br\/wp-content\/uploads\/2026\/01\/logolow2a.png","width":290,"height":80,"caption":"Taveira Jr"},"image":{"@id":"https:\/\/deputadotaveirajr.com.br\/#\/schema\/logo\/image\/"}}]}},"_links":{"self":[{"href":"https:\/\/deputadotaveirajr.com.br\/index.php\/wp-json\/wp\/v2\/pages\/14139","targetHints":{"allow":["GET"]}}],"collection":[{"href":"https:\/\/deputadotaveirajr.com.br\/index.php\/wp-json\/wp\/v2\/pages"}],"about":[{"href":"https:\/\/deputadotaveirajr.com.br\/index.php\/wp-json\/wp\/v2\/types\/page"}],"replies":[{"embeddable":true,"href":"https:\/\/deputadotaveirajr.com.br\/index.php\/wp-json\/wp\/v2\/comments?post=14139"}],"version-history":[{"count":0,"href":"https:\/\/deputadotaveirajr.com.br\/index.php\/wp-json\/wp\/v2\/pages\/14139\/revisions"}],"wp:featuredmedia":[{"embeddable":true,"href":"https:\/\/deputadotaveirajr.com.br\/index.php\/wp-json\/wp\/v2\/media\/14140"}],"wp:attachment":[{"href":"https:\/\/deputadotaveirajr.com.br\/index.php\/wp-json\/wp\/v2\/media?parent=14139"}],"curies":[{"name":"wp","href":"https:\/\/api.w.org\/{rel}","templated":true}]}}